{"id":42556,"date":"2024-10-15T13:45:40","date_gmt":"2024-10-15T13:45:40","guid":{"rendered":"https:\/\/www.artnuances-com-717041.hostingersite.com\/?post_type=product&#038;p=42556"},"modified":"2024-10-15T14:10:25","modified_gmt":"2024-10-15T14:10:25","slug":"honey-honeycomb-and-the-sea","status":"publish","type":"product","link":"https:\/\/artnuances.com\/it\/artworks\/honey-honeycomb-and-the-sea\/","title":{"rendered":"Honey, Honeycomb and the sea"},"content":{"rendered":"<section class=\"l-section wpb_row height_large\"><div class=\"l-section-h i-cf\"><div class=\"g-cols vc_row via_flex valign_top type_default stacking_default\"><div class=\"vc_col-sm-12 wpb_column vc_column_container\"><div class=\"vc_column-inner\"><div class=\"wpb_wrapper\"><div class=\"wpb_text_column\"><div class=\"wpb_wrapper\"><h1><strong><em>Honey, Honeycomb and the sea<\/em> \u00e8 un&#8217;opera di <a href=\"https:\/\/artnuances.com\/authors\/iris-tjasa\/\">Iris Tjasa<\/a><\/strong><\/h1>\n<h3>Honey, Honeycomb and the sea. Iris Tjasa, riesce a modificare anche quelle immagini che oramai sono entrate nel comune conoscere.<br \/>\nIl favo delle api, che tutti sappiamo di quel arancio beige, visto sotto un profilo cromatico diverso lo fa sembrare di provenienza extraterrestre.<br \/>\nIn realt\u00e0 \u00e8 l&#8217;occhio che viene confuso, ma il soggetto non \u00e8 cambiato. L&#8217;essere umano \u00e8 anche questo un insieme di convenzioni difficili da scardinare.The honeycomb of the bees, which we all know of that beige orange, seen under a different chromatic profile makes it seem of extraterrestrial origin.<br \/>\nIn reality it is the eye that is confused, but the subject has not changed. The human being is also this a set of conventions difficult to dismantle.<\/h3>\n<\/div><\/div><\/div><\/div><\/div><\/div><\/div><\/section>\n<p><iframe loading=\"lazy\" title=\"Artist TJA\u0160A IRIS Talking About Her Work, 2019\" width=\"640\" height=\"360\" src=\"https:\/\/www.youtube.com\/embed\/TMoHj2eJB8Q?feature=oembed\" frameborder=\"0\" allow=\"accelerometer; autoplay; clipboard-write; encrypted-media; gyroscope; picture-in-picture; web-share\" referrerpolicy=\"strict-origin-when-cross-origin\" allowfullscreen><\/iframe><\/p>\n","protected":false},"excerpt":{"rendered":"Honey, Honeycomb and the sea \u00e8 un&#8217;opera di Iris Tjasa Honey, Honeycomb and the sea. Iris Tjasa, riesce a modificare anche quelle immagini che oramai sono entrate nel comune conoscere. Il favo delle api, che tutti sappiamo di quel arancio beige, visto sotto un profilo cromatico diverso lo fa sembrare di provenienza extraterrestre. In realt\u00e0...","protected":false},"featured_media":42508,"comment_status":"closed","ping_status":"closed","template":"","meta":{"_acf_changed":false},"product_brand":[304],"product_cat":[123],"product_tag":[],"class_list":{"0":"post-42556","1":"product","2":"type-product","3":"status-publish","4":"has-post-thumbnail","6":"product_brand-iris-tjasa-it","7":"product_cat-digital-art-it-2","8":"product_shipping_class-ships-in-a-tube","10":"first","11":"instock","12":"featured","13":"purchasable","14":"product-type-simple"},"acf":[],"yoast_head":"<!-- This site is optimized with the Yoast SEO plugin v27.3 - https:\/\/yoast.com\/product\/yoast-seo-wordpress\/ -->\n<title>Honey, Honeycomb and the sea - Iris Tjasa - Artnuances Gallery<\/title>\n<meta name=\"description\" content=\"Honey, Honeycomb and the sea. Iris Tjasa, riesce a modificare anche quelle immagini che oramai sono entrate nel comune conoscere. Il favo delle api\" \/>\n<meta name=\"robots\" content=\"index, follow, max-snippet:-1, max-image-preview:large, max-video-preview:-1\" \/>\n<link rel=\"canonical\" href=\"https:\/\/artnuances.com\/it\/artworks\/honey-honeycomb-and-the-sea\/\" \/>\n<meta property=\"og:locale\" content=\"it_IT\" \/>\n<meta property=\"og:type\" content=\"article\" \/>\n<meta property=\"og:title\" content=\"Honey, Honeycomb and the sea - Iris Tjasa - Artnuances Gallery\" \/>\n<meta property=\"og:description\" content=\"Honey, Honeycomb and the sea. Iris Tjasa, riesce a modificare anche quelle immagini che oramai sono entrate nel comune conoscere. Il favo delle api\" \/>\n<meta property=\"og:url\" content=\"https:\/\/artnuances.com\/it\/artworks\/honey-honeycomb-and-the-sea\/\" \/>\n<meta property=\"og:site_name\" content=\"Artnuances - Art gallery online\" \/>\n<meta property=\"article:publisher\" content=\"https:\/\/www.facebook.com\/studioartnuances\/\" \/>\n<meta property=\"article:modified_time\" content=\"2024-10-15T14:10:25+00:00\" \/>\n<meta property=\"og:image\" content=\"https:\/\/artnuances.com\/wp-content\/uploads\/2024\/10\/9.-TJASA-IRIS-HONEY-HONEYCOMB-AND-THE-SEA-green-2023-an.jpg\" \/>\n\t<meta property=\"og:image:width\" content=\"2020\" \/>\n\t<meta property=\"og:image:height\" content=\"1520\" \/>\n\t<meta property=\"og:image:type\" content=\"image\/jpeg\" \/>\n<meta name=\"twitter:card\" content=\"summary_large_image\" \/>\n<meta name=\"twitter:label1\" content=\"Tempo di lettura stimato\" \/>\n\t<meta name=\"twitter:data1\" content=\"1 minuto\" \/>\n<script type=\"application\/ld+json\" class=\"yoast-schema-graph\">{\"@context\":\"https:\\\/\\\/schema.org\",\"@graph\":[{\"@type\":\"WebPage\",\"@id\":\"https:\\\/\\\/artnuances.com\\\/it\\\/artworks\\\/honey-honeycomb-and-the-sea\\\/\",\"url\":\"https:\\\/\\\/artnuances.com\\\/it\\\/artworks\\\/honey-honeycomb-and-the-sea\\\/\",\"name\":\"Honey, Honeycomb and the sea - Iris Tjasa - Artnuances Gallery\",\"isPartOf\":{\"@id\":\"https:\\\/\\\/artnuances.com\\\/it\\\/#website\"},\"primaryImageOfPage\":{\"@id\":\"https:\\\/\\\/artnuances.com\\\/it\\\/artworks\\\/honey-honeycomb-and-the-sea\\\/#primaryimage\"},\"image\":{\"@id\":\"https:\\\/\\\/artnuances.com\\\/it\\\/artworks\\\/honey-honeycomb-and-the-sea\\\/#primaryimage\"},\"thumbnailUrl\":\"https:\\\/\\\/artnuances.com\\\/wp-content\\\/uploads\\\/2024\\\/10\\\/9.-TJASA-IRIS-HONEY-HONEYCOMB-AND-THE-SEA-green-2023-an.jpg\",\"datePublished\":\"2024-10-15T13:45:40+00:00\",\"dateModified\":\"2024-10-15T14:10:25+00:00\",\"description\":\"Honey, Honeycomb and the sea. Iris Tjasa, riesce a modificare anche quelle immagini che oramai sono entrate nel comune conoscere. Il favo delle api\",\"breadcrumb\":{\"@id\":\"https:\\\/\\\/artnuances.com\\\/it\\\/artworks\\\/honey-honeycomb-and-the-sea\\\/#breadcrumb\"},\"inLanguage\":\"it-IT\",\"potentialAction\":[{\"@type\":\"ReadAction\",\"target\":[\"https:\\\/\\\/artnuances.com\\\/it\\\/artworks\\\/honey-honeycomb-and-the-sea\\\/\"]}]},{\"@type\":\"ImageObject\",\"inLanguage\":\"it-IT\",\"@id\":\"https:\\\/\\\/artnuances.com\\\/it\\\/artworks\\\/honey-honeycomb-and-the-sea\\\/#primaryimage\",\"url\":\"https:\\\/\\\/artnuances.com\\\/wp-content\\\/uploads\\\/2024\\\/10\\\/9.-TJASA-IRIS-HONEY-HONEYCOMB-AND-THE-SEA-green-2023-an.jpg\",\"contentUrl\":\"https:\\\/\\\/artnuances.com\\\/wp-content\\\/uploads\\\/2024\\\/10\\\/9.-TJASA-IRIS-HONEY-HONEYCOMB-AND-THE-SEA-green-2023-an.jpg\",\"width\":2020,\"height\":1520,\"caption\":\"Honey, Honey comb and the sea\"},{\"@type\":\"BreadcrumbList\",\"@id\":\"https:\\\/\\\/artnuances.com\\\/it\\\/artworks\\\/honey-honeycomb-and-the-sea\\\/#breadcrumb\",\"itemListElement\":[{\"@type\":\"ListItem\",\"position\":1,\"name\":\"Home\",\"item\":\"https:\\\/\\\/artnuances.com\\\/it\\\/\"},{\"@type\":\"ListItem\",\"position\":2,\"name\":\"Shop online\",\"item\":\"https:\\\/\\\/artnuances.com\\\/it\\\/shop-online-galleria-darte-artnuances\\\/\"},{\"@type\":\"ListItem\",\"position\":3,\"name\":\"Honey, Honeycomb and the sea\"}]},{\"@type\":\"WebSite\",\"@id\":\"https:\\\/\\\/artnuances.com\\\/it\\\/#website\",\"url\":\"https:\\\/\\\/artnuances.com\\\/it\\\/\",\"name\":\"Artnuances - Art gallery online\",\"description\":\"Artnuances Gallery\",\"publisher\":{\"@id\":\"https:\\\/\\\/artnuances.com\\\/it\\\/#organization\"},\"potentialAction\":[{\"@type\":\"SearchAction\",\"target\":{\"@type\":\"EntryPoint\",\"urlTemplate\":\"https:\\\/\\\/artnuances.com\\\/it\\\/?s={search_term_string}\"},\"query-input\":{\"@type\":\"PropertyValueSpecification\",\"valueRequired\":true,\"valueName\":\"search_term_string\"}}],\"inLanguage\":\"it-IT\"},{\"@type\":\"Organization\",\"@id\":\"https:\\\/\\\/artnuances.com\\\/it\\\/#organization\",\"name\":\"Studio Artnuances LTD\",\"url\":\"https:\\\/\\\/artnuances.com\\\/it\\\/\",\"logo\":{\"@type\":\"ImageObject\",\"inLanguage\":\"it-IT\",\"@id\":\"https:\\\/\\\/artnuances.com\\\/it\\\/#\\\/schema\\\/logo\\\/image\\\/\",\"url\":\"https:\\\/\\\/artnuances.com\\\/wp-content\\\/uploads\\\/2019\\\/09\\\/artnuanse.png\",\"contentUrl\":\"https:\\\/\\\/artnuances.com\\\/wp-content\\\/uploads\\\/2019\\\/09\\\/artnuanse.png\",\"width\":622,\"height\":622,\"caption\":\"Studio Artnuances LTD\"},\"image\":{\"@id\":\"https:\\\/\\\/artnuances.com\\\/it\\\/#\\\/schema\\\/logo\\\/image\\\/\"},\"sameAs\":[\"https:\\\/\\\/www.facebook.com\\\/studioartnuances\\\/\",\"https:\\\/\\\/www.instagram.com\\\/studioartnuances\\\/\",\"https:\\\/\\\/www.youtube.com\\\/channel\\\/UCoU2Nb_B-2BOiDcO292sggg\"]}]}<\/script>\n<!-- \/ Yoast SEO plugin. -->","yoast_head_json":{"title":"Honey, Honeycomb and the sea - Iris Tjasa - Artnuances Gallery","description":"Honey, Honeycomb and the sea. Iris Tjasa, riesce a modificare anche quelle immagini che oramai sono entrate nel comune conoscere. Il favo delle api","robots":{"index":"index","follow":"follow","max-snippet":"max-snippet:-1","max-image-preview":"max-image-preview:large","max-video-preview":"max-video-preview:-1"},"canonical":"https:\/\/artnuances.com\/it\/artworks\/honey-honeycomb-and-the-sea\/","og_locale":"it_IT","og_type":"article","og_title":"Honey, Honeycomb and the sea - Iris Tjasa - Artnuances Gallery","og_description":"Honey, Honeycomb and the sea. Iris Tjasa, riesce a modificare anche quelle immagini che oramai sono entrate nel comune conoscere. Il favo delle api","og_url":"https:\/\/artnuances.com\/it\/artworks\/honey-honeycomb-and-the-sea\/","og_site_name":"Artnuances - Art gallery online","article_publisher":"https:\/\/www.facebook.com\/studioartnuances\/","article_modified_time":"2024-10-15T14:10:25+00:00","og_image":[{"width":2020,"height":1520,"url":"https:\/\/artnuances.com\/wp-content\/uploads\/2024\/10\/9.-TJASA-IRIS-HONEY-HONEYCOMB-AND-THE-SEA-green-2023-an.jpg","type":"image\/jpeg"}],"twitter_card":"summary_large_image","twitter_misc":{"Tempo di lettura stimato":"1 minuto"},"schema":{"@context":"https:\/\/schema.org","@graph":[{"@type":"WebPage","@id":"https:\/\/artnuances.com\/it\/artworks\/honey-honeycomb-and-the-sea\/","url":"https:\/\/artnuances.com\/it\/artworks\/honey-honeycomb-and-the-sea\/","name":"Honey, Honeycomb and the sea - Iris Tjasa - Artnuances Gallery","isPartOf":{"@id":"https:\/\/artnuances.com\/it\/#website"},"primaryImageOfPage":{"@id":"https:\/\/artnuances.com\/it\/artworks\/honey-honeycomb-and-the-sea\/#primaryimage"},"image":{"@id":"https:\/\/artnuances.com\/it\/artworks\/honey-honeycomb-and-the-sea\/#primaryimage"},"thumbnailUrl":"https:\/\/artnuances.com\/wp-content\/uploads\/2024\/10\/9.-TJASA-IRIS-HONEY-HONEYCOMB-AND-THE-SEA-green-2023-an.jpg","datePublished":"2024-10-15T13:45:40+00:00","dateModified":"2024-10-15T14:10:25+00:00","description":"Honey, Honeycomb and the sea. Iris Tjasa, riesce a modificare anche quelle immagini che oramai sono entrate nel comune conoscere. Il favo delle api","breadcrumb":{"@id":"https:\/\/artnuances.com\/it\/artworks\/honey-honeycomb-and-the-sea\/#breadcrumb"},"inLanguage":"it-IT","potentialAction":[{"@type":"ReadAction","target":["https:\/\/artnuances.com\/it\/artworks\/honey-honeycomb-and-the-sea\/"]}]},{"@type":"ImageObject","inLanguage":"it-IT","@id":"https:\/\/artnuances.com\/it\/artworks\/honey-honeycomb-and-the-sea\/#primaryimage","url":"https:\/\/artnuances.com\/wp-content\/uploads\/2024\/10\/9.-TJASA-IRIS-HONEY-HONEYCOMB-AND-THE-SEA-green-2023-an.jpg","contentUrl":"https:\/\/artnuances.com\/wp-content\/uploads\/2024\/10\/9.-TJASA-IRIS-HONEY-HONEYCOMB-AND-THE-SEA-green-2023-an.jpg","width":2020,"height":1520,"caption":"Honey, Honey comb and the sea"},{"@type":"BreadcrumbList","@id":"https:\/\/artnuances.com\/it\/artworks\/honey-honeycomb-and-the-sea\/#breadcrumb","itemListElement":[{"@type":"ListItem","position":1,"name":"Home","item":"https:\/\/artnuances.com\/it\/"},{"@type":"ListItem","position":2,"name":"Shop online","item":"https:\/\/artnuances.com\/it\/shop-online-galleria-darte-artnuances\/"},{"@type":"ListItem","position":3,"name":"Honey, Honeycomb and the sea"}]},{"@type":"WebSite","@id":"https:\/\/artnuances.com\/it\/#website","url":"https:\/\/artnuances.com\/it\/","name":"Artnuances - Art gallery online","description":"Artnuances Gallery","publisher":{"@id":"https:\/\/artnuances.com\/it\/#organization"},"potentialAction":[{"@type":"SearchAction","target":{"@type":"EntryPoint","urlTemplate":"https:\/\/artnuances.com\/it\/?s={search_term_string}"},"query-input":{"@type":"PropertyValueSpecification","valueRequired":true,"valueName":"search_term_string"}}],"inLanguage":"it-IT"},{"@type":"Organization","@id":"https:\/\/artnuances.com\/it\/#organization","name":"Studio Artnuances LTD","url":"https:\/\/artnuances.com\/it\/","logo":{"@type":"ImageObject","inLanguage":"it-IT","@id":"https:\/\/artnuances.com\/it\/#\/schema\/logo\/image\/","url":"https:\/\/artnuances.com\/wp-content\/uploads\/2019\/09\/artnuanse.png","contentUrl":"https:\/\/artnuances.com\/wp-content\/uploads\/2019\/09\/artnuanse.png","width":622,"height":622,"caption":"Studio Artnuances LTD"},"image":{"@id":"https:\/\/artnuances.com\/it\/#\/schema\/logo\/image\/"},"sameAs":["https:\/\/www.facebook.com\/studioartnuances\/","https:\/\/www.instagram.com\/studioartnuances\/","https:\/\/www.youtube.com\/channel\/UCoU2Nb_B-2BOiDcO292sggg"]}]}},"_links":{"self":[{"href":"https:\/\/artnuances.com\/it\/wp-json\/wp\/v2\/product\/42556","targetHints":{"allow":["GET"]}}],"collection":[{"href":"https:\/\/artnuances.com\/it\/wp-json\/wp\/v2\/product"}],"about":[{"href":"https:\/\/artnuances.com\/it\/wp-json\/wp\/v2\/types\/product"}],"replies":[{"embeddable":true,"href":"https:\/\/artnuances.com\/it\/wp-json\/wp\/v2\/comments?post=42556"}],"wp:featuredmedia":[{"embeddable":true,"href":"https:\/\/artnuances.com\/it\/wp-json\/wp\/v2\/media\/42508"}],"wp:attachment":[{"href":"https:\/\/artnuances.com\/it\/wp-json\/wp\/v2\/media?parent=42556"}],"wp:term":[{"taxonomy":"product_brand","embeddable":true,"href":"https:\/\/artnuances.com\/it\/wp-json\/wp\/v2\/product_brand?post=42556"},{"taxonomy":"product_cat","embeddable":true,"href":"https:\/\/artnuances.com\/it\/wp-json\/wp\/v2\/product_cat?post=42556"},{"taxonomy":"product_tag","embeddable":true,"href":"https:\/\/artnuances.com\/it\/wp-json\/wp\/v2\/product_tag?post=42556"}],"curies":[{"name":"wp","href":"https:\/\/api.w.org\/{rel}","templated":true}]}}