{"id":42421,"date":"2024-09-26T08:10:54","date_gmt":"2024-09-26T08:10:56","guid":{"rendered":"https:\/\/www.artnuances-com-717041.hostingersite.com\/?post_type=product&#038;p=42421"},"modified":"2024-10-15T09:53:23","modified_gmt":"2024-10-15T09:53:23","slug":"serenity-in-fluttering-harmony","status":"publish","type":"product","link":"https:\/\/artnuances.com\/it\/artworks\/serenity-in-fluttering-harmony\/","title":{"rendered":"Serenity in Fluttering Harmony"},"content":{"rendered":"<h1><strong>Serenity in Fluttering Harmony \u00e8 un&#8217;opera di <a href=\"https:\/\/artnuances.com\/authors\/erika-litteral\/\">Erika Litteral.<\/a><\/strong><\/h1>\n<h3>Serenity in Fluttering Harmony. Spesso troviamo nelle opere di Erika, volti di donne che rimandano con i loro volti alle sensazioni pi\u00f9 diverse. In questa opera \u00e8 istintivo apprezzare la dolcezza che esprime in un momento di distacco dalla realt\u00e0. Il piacere fatto immagine. Le farfalle sottolineano con la loro leggerezza questo particolare momento psico fisico.<\/h3>\n","protected":false},"excerpt":{"rendered":"<p>Serenity in Fluttering Harmony \u00e8 un&#8217;opera di Erika Litteral. Serenity in Fluttering Harmony. Spesso troviamo nelle opere di Erika, volti di donne che rimandano con i loro volti alle sensazioni pi\u00f9 diverse. In questa opera \u00e8 istintivo apprezzare la dolcezza che esprime in un momento di distacco dalla realt\u00e0. Il piacere fatto immagine. Le farfalle&#8230;<\/p>\n","protected":false},"featured_media":42425,"comment_status":"closed","ping_status":"closed","template":"","meta":{"_acf_changed":false},"product_brand":[235],"product_cat":[123],"product_tag":[],"class_list":{"0":"post-42421","1":"product","2":"type-product","3":"status-publish","4":"has-post-thumbnail","6":"product_brand-erika-litteral-it","7":"product_cat-digital-art-it-2","8":"product_shipping_class-ships-in-a-tube","10":"first","11":"instock","12":"featured","13":"purchasable","14":"product-type-simple"},"acf":[],"yoast_head":"<!-- This site is optimized with the Yoast SEO plugin v27.3 - https:\/\/yoast.com\/product\/yoast-seo-wordpress\/ -->\n<title>Serenity in Fluttering Harmony - Erika Litteral - Artnuances G.<\/title>\n<meta name=\"description\" content=\"Serenity in Fluttering Harmony. Spesso troviamo nelle opere di Erika, volti di donne che rimandano con i loro volti alle sensazioni pi\u00f9 diverse.\" \/>\n<meta name=\"robots\" content=\"index, follow, max-snippet:-1, max-image-preview:large, max-video-preview:-1\" \/>\n<link rel=\"canonical\" href=\"https:\/\/artnuances.com\/it\/artworks\/serenity-in-fluttering-harmony\/\" \/>\n<meta property=\"og:locale\" content=\"it_IT\" \/>\n<meta property=\"og:type\" content=\"article\" \/>\n<meta property=\"og:title\" content=\"Serenity in Fluttering Harmony - Erika Litteral - Artnuances G.\" \/>\n<meta property=\"og:description\" content=\"Serenity in Fluttering Harmony. Spesso troviamo nelle opere di Erika, volti di donne che rimandano con i loro volti alle sensazioni pi\u00f9 diverse.\" \/>\n<meta property=\"og:url\" content=\"https:\/\/artnuances.com\/it\/artworks\/serenity-in-fluttering-harmony\/\" \/>\n<meta property=\"og:site_name\" content=\"Artnuances - Art gallery online\" \/>\n<meta property=\"article:publisher\" content=\"https:\/\/www.facebook.com\/studioartnuances\/\" \/>\n<meta property=\"article:modified_time\" content=\"2024-10-15T09:53:23+00:00\" \/>\n<meta property=\"og:image\" content=\"https:\/\/artnuances.com\/wp-content\/uploads\/2024\/09\/Serenity-influttering-harmony-2024-an.jpg\" \/>\n\t<meta property=\"og:image:width\" content=\"2020\" \/>\n\t<meta property=\"og:image:height\" content=\"1628\" \/>\n\t<meta property=\"og:image:type\" content=\"image\/jpeg\" \/>\n<meta name=\"twitter:card\" content=\"summary_large_image\" \/>\n<meta name=\"twitter:label1\" content=\"Tempo di lettura stimato\" \/>\n\t<meta name=\"twitter:data1\" content=\"1 minuto\" \/>\n<script type=\"application\/ld+json\" class=\"yoast-schema-graph\">{\"@context\":\"https:\\\/\\\/schema.org\",\"@graph\":[{\"@type\":\"WebPage\",\"@id\":\"https:\\\/\\\/artnuances.com\\\/it\\\/artworks\\\/serenity-in-fluttering-harmony\\\/\",\"url\":\"https:\\\/\\\/artnuances.com\\\/it\\\/artworks\\\/serenity-in-fluttering-harmony\\\/\",\"name\":\"Serenity in Fluttering Harmony - Erika Litteral - Artnuances G.\",\"isPartOf\":{\"@id\":\"https:\\\/\\\/artnuances.com\\\/it\\\/#website\"},\"primaryImageOfPage\":{\"@id\":\"https:\\\/\\\/artnuances.com\\\/it\\\/artworks\\\/serenity-in-fluttering-harmony\\\/#primaryimage\"},\"image\":{\"@id\":\"https:\\\/\\\/artnuances.com\\\/it\\\/artworks\\\/serenity-in-fluttering-harmony\\\/#primaryimage\"},\"thumbnailUrl\":\"https:\\\/\\\/artnuances.com\\\/wp-content\\\/uploads\\\/2024\\\/09\\\/Serenity-influttering-harmony-2024-an.jpg\",\"datePublished\":\"2024-09-26T08:10:56+00:00\",\"dateModified\":\"2024-10-15T09:53:23+00:00\",\"description\":\"Serenity in Fluttering Harmony. Spesso troviamo nelle opere di Erika, volti di donne che rimandano con i loro volti alle sensazioni pi\u00f9 diverse.\",\"breadcrumb\":{\"@id\":\"https:\\\/\\\/artnuances.com\\\/it\\\/artworks\\\/serenity-in-fluttering-harmony\\\/#breadcrumb\"},\"inLanguage\":\"it-IT\",\"potentialAction\":[{\"@type\":\"ReadAction\",\"target\":[\"https:\\\/\\\/artnuances.com\\\/it\\\/artworks\\\/serenity-in-fluttering-harmony\\\/\"]}]},{\"@type\":\"ImageObject\",\"inLanguage\":\"it-IT\",\"@id\":\"https:\\\/\\\/artnuances.com\\\/it\\\/artworks\\\/serenity-in-fluttering-harmony\\\/#primaryimage\",\"url\":\"https:\\\/\\\/artnuances.com\\\/wp-content\\\/uploads\\\/2024\\\/09\\\/Serenity-influttering-harmony-2024-an.jpg\",\"contentUrl\":\"https:\\\/\\\/artnuances.com\\\/wp-content\\\/uploads\\\/2024\\\/09\\\/Serenity-influttering-harmony-2024-an.jpg\",\"width\":2020,\"height\":1628,\"caption\":\"Serenity in Fluttering Harmony\"},{\"@type\":\"BreadcrumbList\",\"@id\":\"https:\\\/\\\/artnuances.com\\\/it\\\/artworks\\\/serenity-in-fluttering-harmony\\\/#breadcrumb\",\"itemListElement\":[{\"@type\":\"ListItem\",\"position\":1,\"name\":\"Home\",\"item\":\"https:\\\/\\\/artnuances.com\\\/it\\\/\"},{\"@type\":\"ListItem\",\"position\":2,\"name\":\"Shop online\",\"item\":\"https:\\\/\\\/artnuances.com\\\/it\\\/shop-online-galleria-darte-artnuances\\\/\"},{\"@type\":\"ListItem\",\"position\":3,\"name\":\"Serenity in Fluttering Harmony\"}]},{\"@type\":\"WebSite\",\"@id\":\"https:\\\/\\\/artnuances.com\\\/it\\\/#website\",\"url\":\"https:\\\/\\\/artnuances.com\\\/it\\\/\",\"name\":\"Artnuances - Art gallery online\",\"description\":\"Artnuances Gallery\",\"publisher\":{\"@id\":\"https:\\\/\\\/artnuances.com\\\/it\\\/#organization\"},\"potentialAction\":[{\"@type\":\"SearchAction\",\"target\":{\"@type\":\"EntryPoint\",\"urlTemplate\":\"https:\\\/\\\/artnuances.com\\\/it\\\/?s={search_term_string}\"},\"query-input\":{\"@type\":\"PropertyValueSpecification\",\"valueRequired\":true,\"valueName\":\"search_term_string\"}}],\"inLanguage\":\"it-IT\"},{\"@type\":\"Organization\",\"@id\":\"https:\\\/\\\/artnuances.com\\\/it\\\/#organization\",\"name\":\"Studio Artnuances LTD\",\"url\":\"https:\\\/\\\/artnuances.com\\\/it\\\/\",\"logo\":{\"@type\":\"ImageObject\",\"inLanguage\":\"it-IT\",\"@id\":\"https:\\\/\\\/artnuances.com\\\/it\\\/#\\\/schema\\\/logo\\\/image\\\/\",\"url\":\"https:\\\/\\\/artnuances.com\\\/wp-content\\\/uploads\\\/2019\\\/09\\\/artnuanse.png\",\"contentUrl\":\"https:\\\/\\\/artnuances.com\\\/wp-content\\\/uploads\\\/2019\\\/09\\\/artnuanse.png\",\"width\":622,\"height\":622,\"caption\":\"Studio Artnuances LTD\"},\"image\":{\"@id\":\"https:\\\/\\\/artnuances.com\\\/it\\\/#\\\/schema\\\/logo\\\/image\\\/\"},\"sameAs\":[\"https:\\\/\\\/www.facebook.com\\\/studioartnuances\\\/\",\"https:\\\/\\\/www.instagram.com\\\/studioartnuances\\\/\",\"https:\\\/\\\/www.youtube.com\\\/channel\\\/UCoU2Nb_B-2BOiDcO292sggg\"]}]}<\/script>\n<!-- \/ Yoast SEO plugin. -->","yoast_head_json":{"title":"Serenity in Fluttering Harmony - Erika Litteral - Artnuances G.","description":"Serenity in Fluttering Harmony. Spesso troviamo nelle opere di Erika, volti di donne che rimandano con i loro volti alle sensazioni pi\u00f9 diverse.","robots":{"index":"index","follow":"follow","max-snippet":"max-snippet:-1","max-image-preview":"max-image-preview:large","max-video-preview":"max-video-preview:-1"},"canonical":"https:\/\/artnuances.com\/it\/artworks\/serenity-in-fluttering-harmony\/","og_locale":"it_IT","og_type":"article","og_title":"Serenity in Fluttering Harmony - Erika Litteral - Artnuances G.","og_description":"Serenity in Fluttering Harmony. Spesso troviamo nelle opere di Erika, volti di donne che rimandano con i loro volti alle sensazioni pi\u00f9 diverse.","og_url":"https:\/\/artnuances.com\/it\/artworks\/serenity-in-fluttering-harmony\/","og_site_name":"Artnuances - Art gallery online","article_publisher":"https:\/\/www.facebook.com\/studioartnuances\/","article_modified_time":"2024-10-15T09:53:23+00:00","og_image":[{"width":2020,"height":1628,"url":"https:\/\/artnuances.com\/wp-content\/uploads\/2024\/09\/Serenity-influttering-harmony-2024-an.jpg","type":"image\/jpeg"}],"twitter_card":"summary_large_image","twitter_misc":{"Tempo di lettura stimato":"1 minuto"},"schema":{"@context":"https:\/\/schema.org","@graph":[{"@type":"WebPage","@id":"https:\/\/artnuances.com\/it\/artworks\/serenity-in-fluttering-harmony\/","url":"https:\/\/artnuances.com\/it\/artworks\/serenity-in-fluttering-harmony\/","name":"Serenity in Fluttering Harmony - Erika Litteral - Artnuances G.","isPartOf":{"@id":"https:\/\/artnuances.com\/it\/#website"},"primaryImageOfPage":{"@id":"https:\/\/artnuances.com\/it\/artworks\/serenity-in-fluttering-harmony\/#primaryimage"},"image":{"@id":"https:\/\/artnuances.com\/it\/artworks\/serenity-in-fluttering-harmony\/#primaryimage"},"thumbnailUrl":"https:\/\/artnuances.com\/wp-content\/uploads\/2024\/09\/Serenity-influttering-harmony-2024-an.jpg","datePublished":"2024-09-26T08:10:56+00:00","dateModified":"2024-10-15T09:53:23+00:00","description":"Serenity in Fluttering Harmony. Spesso troviamo nelle opere di Erika, volti di donne che rimandano con i loro volti alle sensazioni pi\u00f9 diverse.","breadcrumb":{"@id":"https:\/\/artnuances.com\/it\/artworks\/serenity-in-fluttering-harmony\/#breadcrumb"},"inLanguage":"it-IT","potentialAction":[{"@type":"ReadAction","target":["https:\/\/artnuances.com\/it\/artworks\/serenity-in-fluttering-harmony\/"]}]},{"@type":"ImageObject","inLanguage":"it-IT","@id":"https:\/\/artnuances.com\/it\/artworks\/serenity-in-fluttering-harmony\/#primaryimage","url":"https:\/\/artnuances.com\/wp-content\/uploads\/2024\/09\/Serenity-influttering-harmony-2024-an.jpg","contentUrl":"https:\/\/artnuances.com\/wp-content\/uploads\/2024\/09\/Serenity-influttering-harmony-2024-an.jpg","width":2020,"height":1628,"caption":"Serenity in Fluttering Harmony"},{"@type":"BreadcrumbList","@id":"https:\/\/artnuances.com\/it\/artworks\/serenity-in-fluttering-harmony\/#breadcrumb","itemListElement":[{"@type":"ListItem","position":1,"name":"Home","item":"https:\/\/artnuances.com\/it\/"},{"@type":"ListItem","position":2,"name":"Shop online","item":"https:\/\/artnuances.com\/it\/shop-online-galleria-darte-artnuances\/"},{"@type":"ListItem","position":3,"name":"Serenity in Fluttering Harmony"}]},{"@type":"WebSite","@id":"https:\/\/artnuances.com\/it\/#website","url":"https:\/\/artnuances.com\/it\/","name":"Artnuances - Art gallery online","description":"Artnuances Gallery","publisher":{"@id":"https:\/\/artnuances.com\/it\/#organization"},"potentialAction":[{"@type":"SearchAction","target":{"@type":"EntryPoint","urlTemplate":"https:\/\/artnuances.com\/it\/?s={search_term_string}"},"query-input":{"@type":"PropertyValueSpecification","valueRequired":true,"valueName":"search_term_string"}}],"inLanguage":"it-IT"},{"@type":"Organization","@id":"https:\/\/artnuances.com\/it\/#organization","name":"Studio Artnuances LTD","url":"https:\/\/artnuances.com\/it\/","logo":{"@type":"ImageObject","inLanguage":"it-IT","@id":"https:\/\/artnuances.com\/it\/#\/schema\/logo\/image\/","url":"https:\/\/artnuances.com\/wp-content\/uploads\/2019\/09\/artnuanse.png","contentUrl":"https:\/\/artnuances.com\/wp-content\/uploads\/2019\/09\/artnuanse.png","width":622,"height":622,"caption":"Studio Artnuances LTD"},"image":{"@id":"https:\/\/artnuances.com\/it\/#\/schema\/logo\/image\/"},"sameAs":["https:\/\/www.facebook.com\/studioartnuances\/","https:\/\/www.instagram.com\/studioartnuances\/","https:\/\/www.youtube.com\/channel\/UCoU2Nb_B-2BOiDcO292sggg"]}]}},"_links":{"self":[{"href":"https:\/\/artnuances.com\/it\/wp-json\/wp\/v2\/product\/42421","targetHints":{"allow":["GET"]}}],"collection":[{"href":"https:\/\/artnuances.com\/it\/wp-json\/wp\/v2\/product"}],"about":[{"href":"https:\/\/artnuances.com\/it\/wp-json\/wp\/v2\/types\/product"}],"replies":[{"embeddable":true,"href":"https:\/\/artnuances.com\/it\/wp-json\/wp\/v2\/comments?post=42421"}],"wp:featuredmedia":[{"embeddable":true,"href":"https:\/\/artnuances.com\/it\/wp-json\/wp\/v2\/media\/42425"}],"wp:attachment":[{"href":"https:\/\/artnuances.com\/it\/wp-json\/wp\/v2\/media?parent=42421"}],"wp:term":[{"taxonomy":"product_brand","embeddable":true,"href":"https:\/\/artnuances.com\/it\/wp-json\/wp\/v2\/product_brand?post=42421"},{"taxonomy":"product_cat","embeddable":true,"href":"https:\/\/artnuances.com\/it\/wp-json\/wp\/v2\/product_cat?post=42421"},{"taxonomy":"product_tag","embeddable":true,"href":"https:\/\/artnuances.com\/it\/wp-json\/wp\/v2\/product_tag?post=42421"}],"curies":[{"name":"wp","href":"https:\/\/api.w.org\/{rel}","templated":true}]}}