{"id":42085,"date":"2024-06-12T10:25:54","date_gmt":"2024-06-12T10:25:54","guid":{"rendered":"https:\/\/www.artnuances-com-717041.hostingersite.com\/?post_type=product&#038;p=42085"},"modified":"2024-06-12T10:37:27","modified_gmt":"2024-06-12T10:37:27","slug":"tuffatore","status":"publish","type":"product","link":"https:\/\/artnuances.com\/it\/artworks\/tuffatore\/","title":{"rendered":"Tuffatore"},"content":{"rendered":"<h1><strong>Tuffatore \u00e8 un&#8217;opera di <a href=\"https:\/\/artnuances.com\/authors\/natino-chirico\/\">Natino Chirico<\/a><\/strong><\/h1>\n<h3>Tuffatore. E&#8217; una delle immagini iconiche della produzione di Natino Chirico, cos\u00ec come lo \u00e8 Charlie Chaplin. La bellezza di questa figura, ripresa da un antichissima tomba greca, viene esaltata dai sgargianti colori della tavolozza dell&#8217;artista. Con la sua creativit\u00e0 Natino rid\u00e0 vita a questa stupenda immagine mantenendo intatto tutto il suo antico fascino.<\/h3>\n","protected":false},"excerpt":{"rendered":"<p>Tuffatore \u00e8 un&#8217;opera di Natino Chirico Tuffatore. E&#8217; una delle immagini iconiche della produzione di Natino Chirico, cos\u00ec come lo \u00e8 Charlie Chaplin. La bellezza di questa figura, ripresa da un antichissima tomba greca, viene esaltata dai sgargianti colori della tavolozza dell&#8217;artista. Con la sua creativit\u00e0 Natino rid\u00e0 vita a questa stupenda immagine mantenendo intatto&#8230;<\/p>\n","protected":false},"featured_media":42087,"comment_status":"closed","ping_status":"closed","template":"","meta":{"_acf_changed":false},"product_brand":[292],"product_cat":[116,131],"product_tag":[],"class_list":{"0":"post-42085","1":"product","2":"type-product","3":"status-publish","4":"has-post-thumbnail","6":"product_brand-natino-chirico-it","7":"product_cat-dipinti","8":"product_cat-scenografico","9":"product_shipping_class-ships-in-a-tube","11":"first","12":"instock","13":"featured","14":"purchasable","15":"product-type-simple"},"acf":[],"yoast_head":"<!-- This site is optimized with the Yoast SEO plugin v27.3 - https:\/\/yoast.com\/product\/yoast-seo-wordpress\/ -->\n<title>Tuffatore - Natino Chirico - Artnuances Gallery<\/title>\n<meta name=\"description\" content=\"Tuffatore. \u00c8 una delle immagini iconiche della produzione di Natino Chirico, cos\u00ec come lo \u00e8 Charlie Chaplin. La bellezza di questa figura, tratta da un&#039;antica tomba greca...\" \/>\n<meta name=\"robots\" content=\"index, follow, max-snippet:-1, max-image-preview:large, max-video-preview:-1\" \/>\n<link rel=\"canonical\" href=\"https:\/\/artnuances.com\/it\/artworks\/tuffatore\/\" \/>\n<meta property=\"og:locale\" content=\"it_IT\" \/>\n<meta property=\"og:type\" content=\"article\" \/>\n<meta property=\"og:title\" content=\"Tuffatore - Natino Chirico - Artnuances Gallery\" \/>\n<meta property=\"og:description\" content=\"Tuffatore. \u00c8 una delle immagini iconiche della produzione di Natino Chirico, cos\u00ec come lo \u00e8 Charlie Chaplin. La bellezza di questa figura, tratta da un&#039;antica tomba greca...\" \/>\n<meta property=\"og:url\" content=\"https:\/\/artnuances.com\/it\/artworks\/tuffatore\/\" \/>\n<meta property=\"og:site_name\" content=\"Artnuances - Art gallery online\" \/>\n<meta property=\"article:publisher\" content=\"https:\/\/www.facebook.com\/studioartnuances\/\" \/>\n<meta property=\"article:modified_time\" content=\"2024-06-12T10:37:27+00:00\" \/>\n<meta property=\"og:image\" content=\"https:\/\/artnuances.com\/wp-content\/uploads\/2024\/06\/Tuffatore_2021_an-scaled.jpg\" \/>\n\t<meta property=\"og:image:width\" content=\"1160\" \/>\n\t<meta property=\"og:image:height\" content=\"2560\" \/>\n\t<meta property=\"og:image:type\" content=\"image\/jpeg\" \/>\n<meta name=\"twitter:card\" content=\"summary_large_image\" \/>\n<script type=\"application\/ld+json\" class=\"yoast-schema-graph\">{\"@context\":\"https:\\\/\\\/schema.org\",\"@graph\":[{\"@type\":\"WebPage\",\"@id\":\"https:\\\/\\\/artnuances.com\\\/it\\\/artworks\\\/tuffatore\\\/\",\"url\":\"https:\\\/\\\/artnuances.com\\\/it\\\/artworks\\\/tuffatore\\\/\",\"name\":\"Tuffatore - Natino Chirico - Artnuances Gallery\",\"isPartOf\":{\"@id\":\"https:\\\/\\\/artnuances.com\\\/it\\\/#website\"},\"primaryImageOfPage\":{\"@id\":\"https:\\\/\\\/artnuances.com\\\/it\\\/artworks\\\/tuffatore\\\/#primaryimage\"},\"image\":{\"@id\":\"https:\\\/\\\/artnuances.com\\\/it\\\/artworks\\\/tuffatore\\\/#primaryimage\"},\"thumbnailUrl\":\"https:\\\/\\\/artnuances.com\\\/wp-content\\\/uploads\\\/2024\\\/06\\\/Tuffatore_2021_an-scaled.jpg\",\"datePublished\":\"2024-06-12T10:25:54+00:00\",\"dateModified\":\"2024-06-12T10:37:27+00:00\",\"description\":\"Tuffatore. \u00c8 una delle immagini iconiche della produzione di Natino Chirico, cos\u00ec come lo \u00e8 Charlie Chaplin. La bellezza di questa figura, tratta da un'antica tomba greca...\",\"breadcrumb\":{\"@id\":\"https:\\\/\\\/artnuances.com\\\/it\\\/artworks\\\/tuffatore\\\/#breadcrumb\"},\"inLanguage\":\"it-IT\",\"potentialAction\":[{\"@type\":\"ReadAction\",\"target\":[\"https:\\\/\\\/artnuances.com\\\/it\\\/artworks\\\/tuffatore\\\/\"]}]},{\"@type\":\"ImageObject\",\"inLanguage\":\"it-IT\",\"@id\":\"https:\\\/\\\/artnuances.com\\\/it\\\/artworks\\\/tuffatore\\\/#primaryimage\",\"url\":\"https:\\\/\\\/artnuances.com\\\/wp-content\\\/uploads\\\/2024\\\/06\\\/Tuffatore_2021_an-scaled.jpg\",\"contentUrl\":\"https:\\\/\\\/artnuances.com\\\/wp-content\\\/uploads\\\/2024\\\/06\\\/Tuffatore_2021_an-scaled.jpg\",\"width\":1160,\"height\":2560,\"caption\":\"Tuffatore\"},{\"@type\":\"BreadcrumbList\",\"@id\":\"https:\\\/\\\/artnuances.com\\\/it\\\/artworks\\\/tuffatore\\\/#breadcrumb\",\"itemListElement\":[{\"@type\":\"ListItem\",\"position\":1,\"name\":\"Home\",\"item\":\"https:\\\/\\\/artnuances.com\\\/it\\\/\"},{\"@type\":\"ListItem\",\"position\":2,\"name\":\"Shop online\",\"item\":\"https:\\\/\\\/artnuances.com\\\/it\\\/shop-online-galleria-darte-artnuances\\\/\"},{\"@type\":\"ListItem\",\"position\":3,\"name\":\"Tuffatore\"}]},{\"@type\":\"WebSite\",\"@id\":\"https:\\\/\\\/artnuances.com\\\/it\\\/#website\",\"url\":\"https:\\\/\\\/artnuances.com\\\/it\\\/\",\"name\":\"Artnuances - Art gallery online\",\"description\":\"Artnuances Gallery\",\"publisher\":{\"@id\":\"https:\\\/\\\/artnuances.com\\\/it\\\/#organization\"},\"potentialAction\":[{\"@type\":\"SearchAction\",\"target\":{\"@type\":\"EntryPoint\",\"urlTemplate\":\"https:\\\/\\\/artnuances.com\\\/it\\\/?s={search_term_string}\"},\"query-input\":{\"@type\":\"PropertyValueSpecification\",\"valueRequired\":true,\"valueName\":\"search_term_string\"}}],\"inLanguage\":\"it-IT\"},{\"@type\":\"Organization\",\"@id\":\"https:\\\/\\\/artnuances.com\\\/it\\\/#organization\",\"name\":\"Studio Artnuances LTD\",\"url\":\"https:\\\/\\\/artnuances.com\\\/it\\\/\",\"logo\":{\"@type\":\"ImageObject\",\"inLanguage\":\"it-IT\",\"@id\":\"https:\\\/\\\/artnuances.com\\\/it\\\/#\\\/schema\\\/logo\\\/image\\\/\",\"url\":\"https:\\\/\\\/artnuances.com\\\/wp-content\\\/uploads\\\/2019\\\/09\\\/artnuanse.png\",\"contentUrl\":\"https:\\\/\\\/artnuances.com\\\/wp-content\\\/uploads\\\/2019\\\/09\\\/artnuanse.png\",\"width\":622,\"height\":622,\"caption\":\"Studio Artnuances LTD\"},\"image\":{\"@id\":\"https:\\\/\\\/artnuances.com\\\/it\\\/#\\\/schema\\\/logo\\\/image\\\/\"},\"sameAs\":[\"https:\\\/\\\/www.facebook.com\\\/studioartnuances\\\/\",\"https:\\\/\\\/www.instagram.com\\\/studioartnuances\\\/\",\"https:\\\/\\\/www.youtube.com\\\/channel\\\/UCoU2Nb_B-2BOiDcO292sggg\"]}]}<\/script>\n<!-- \/ Yoast SEO plugin. -->","yoast_head_json":{"title":"Tuffatore - Natino Chirico - Artnuances Gallery","description":"Tuffatore. \u00c8 una delle immagini iconiche della produzione di Natino Chirico, cos\u00ec come lo \u00e8 Charlie Chaplin. La bellezza di questa figura, tratta da un'antica tomba greca...","robots":{"index":"index","follow":"follow","max-snippet":"max-snippet:-1","max-image-preview":"max-image-preview:large","max-video-preview":"max-video-preview:-1"},"canonical":"https:\/\/artnuances.com\/it\/artworks\/tuffatore\/","og_locale":"it_IT","og_type":"article","og_title":"Tuffatore - Natino Chirico - Artnuances Gallery","og_description":"Tuffatore. \u00c8 una delle immagini iconiche della produzione di Natino Chirico, cos\u00ec come lo \u00e8 Charlie Chaplin. La bellezza di questa figura, tratta da un'antica tomba greca...","og_url":"https:\/\/artnuances.com\/it\/artworks\/tuffatore\/","og_site_name":"Artnuances - Art gallery online","article_publisher":"https:\/\/www.facebook.com\/studioartnuances\/","article_modified_time":"2024-06-12T10:37:27+00:00","og_image":[{"width":1160,"height":2560,"url":"https:\/\/artnuances.com\/wp-content\/uploads\/2024\/06\/Tuffatore_2021_an-scaled.jpg","type":"image\/jpeg"}],"twitter_card":"summary_large_image","schema":{"@context":"https:\/\/schema.org","@graph":[{"@type":"WebPage","@id":"https:\/\/artnuances.com\/it\/artworks\/tuffatore\/","url":"https:\/\/artnuances.com\/it\/artworks\/tuffatore\/","name":"Tuffatore - Natino Chirico - Artnuances Gallery","isPartOf":{"@id":"https:\/\/artnuances.com\/it\/#website"},"primaryImageOfPage":{"@id":"https:\/\/artnuances.com\/it\/artworks\/tuffatore\/#primaryimage"},"image":{"@id":"https:\/\/artnuances.com\/it\/artworks\/tuffatore\/#primaryimage"},"thumbnailUrl":"https:\/\/artnuances.com\/wp-content\/uploads\/2024\/06\/Tuffatore_2021_an-scaled.jpg","datePublished":"2024-06-12T10:25:54+00:00","dateModified":"2024-06-12T10:37:27+00:00","description":"Tuffatore. \u00c8 una delle immagini iconiche della produzione di Natino Chirico, cos\u00ec come lo \u00e8 Charlie Chaplin. La bellezza di questa figura, tratta da un'antica tomba greca...","breadcrumb":{"@id":"https:\/\/artnuances.com\/it\/artworks\/tuffatore\/#breadcrumb"},"inLanguage":"it-IT","potentialAction":[{"@type":"ReadAction","target":["https:\/\/artnuances.com\/it\/artworks\/tuffatore\/"]}]},{"@type":"ImageObject","inLanguage":"it-IT","@id":"https:\/\/artnuances.com\/it\/artworks\/tuffatore\/#primaryimage","url":"https:\/\/artnuances.com\/wp-content\/uploads\/2024\/06\/Tuffatore_2021_an-scaled.jpg","contentUrl":"https:\/\/artnuances.com\/wp-content\/uploads\/2024\/06\/Tuffatore_2021_an-scaled.jpg","width":1160,"height":2560,"caption":"Tuffatore"},{"@type":"BreadcrumbList","@id":"https:\/\/artnuances.com\/it\/artworks\/tuffatore\/#breadcrumb","itemListElement":[{"@type":"ListItem","position":1,"name":"Home","item":"https:\/\/artnuances.com\/it\/"},{"@type":"ListItem","position":2,"name":"Shop online","item":"https:\/\/artnuances.com\/it\/shop-online-galleria-darte-artnuances\/"},{"@type":"ListItem","position":3,"name":"Tuffatore"}]},{"@type":"WebSite","@id":"https:\/\/artnuances.com\/it\/#website","url":"https:\/\/artnuances.com\/it\/","name":"Artnuances - Art gallery online","description":"Artnuances Gallery","publisher":{"@id":"https:\/\/artnuances.com\/it\/#organization"},"potentialAction":[{"@type":"SearchAction","target":{"@type":"EntryPoint","urlTemplate":"https:\/\/artnuances.com\/it\/?s={search_term_string}"},"query-input":{"@type":"PropertyValueSpecification","valueRequired":true,"valueName":"search_term_string"}}],"inLanguage":"it-IT"},{"@type":"Organization","@id":"https:\/\/artnuances.com\/it\/#organization","name":"Studio Artnuances LTD","url":"https:\/\/artnuances.com\/it\/","logo":{"@type":"ImageObject","inLanguage":"it-IT","@id":"https:\/\/artnuances.com\/it\/#\/schema\/logo\/image\/","url":"https:\/\/artnuances.com\/wp-content\/uploads\/2019\/09\/artnuanse.png","contentUrl":"https:\/\/artnuances.com\/wp-content\/uploads\/2019\/09\/artnuanse.png","width":622,"height":622,"caption":"Studio Artnuances LTD"},"image":{"@id":"https:\/\/artnuances.com\/it\/#\/schema\/logo\/image\/"},"sameAs":["https:\/\/www.facebook.com\/studioartnuances\/","https:\/\/www.instagram.com\/studioartnuances\/","https:\/\/www.youtube.com\/channel\/UCoU2Nb_B-2BOiDcO292sggg"]}]}},"_links":{"self":[{"href":"https:\/\/artnuances.com\/it\/wp-json\/wp\/v2\/product\/42085","targetHints":{"allow":["GET"]}}],"collection":[{"href":"https:\/\/artnuances.com\/it\/wp-json\/wp\/v2\/product"}],"about":[{"href":"https:\/\/artnuances.com\/it\/wp-json\/wp\/v2\/types\/product"}],"replies":[{"embeddable":true,"href":"https:\/\/artnuances.com\/it\/wp-json\/wp\/v2\/comments?post=42085"}],"wp:featuredmedia":[{"embeddable":true,"href":"https:\/\/artnuances.com\/it\/wp-json\/wp\/v2\/media\/42087"}],"wp:attachment":[{"href":"https:\/\/artnuances.com\/it\/wp-json\/wp\/v2\/media?parent=42085"}],"wp:term":[{"taxonomy":"product_brand","embeddable":true,"href":"https:\/\/artnuances.com\/it\/wp-json\/wp\/v2\/product_brand?post=42085"},{"taxonomy":"product_cat","embeddable":true,"href":"https:\/\/artnuances.com\/it\/wp-json\/wp\/v2\/product_cat?post=42085"},{"taxonomy":"product_tag","embeddable":true,"href":"https:\/\/artnuances.com\/it\/wp-json\/wp\/v2\/product_tag?post=42085"}],"curies":[{"name":"wp","href":"https:\/\/api.w.org\/{rel}","templated":true}]}}