{"id":41491,"date":"2024-04-08T08:08:33","date_gmt":"2024-04-08T08:08:33","guid":{"rendered":"https:\/\/www.artnuances-com-717041.hostingersite.com\/?post_type=product&#038;p=41491"},"modified":"2024-04-08T08:30:00","modified_gmt":"2024-04-08T08:30:00","slug":"fantasy-nexus","status":"publish","type":"product","link":"https:\/\/artnuances.com\/it\/artworks\/fantasy-nexus\/","title":{"rendered":"Fantasy Nexus"},"content":{"rendered":"<h1><strong><em>Fantasy Nexus<\/em> \u00e8 un&#8217;opera di <a href=\"https:\/\/artnuances.com\/authors\/erika-litteral\/\">Erika Litteral<\/a><\/strong><\/h1>\n<h3>Fantasy Nexus. La creativit\u00e0 e la fantasia di questa artista, hanno poco da invidiare ai grandi dell&#8217;arte come Salvador Dal\u00ec. La sua produzione artistica \u00e8 di grande impatto anche dal punto di vista mentale. Le sue opere non sono mai banali.<\/h3>\n","protected":false},"excerpt":{"rendered":"<p>Fantasy Nexus \u00e8 un&#8217;opera di Erika Litteral Fantasy Nexus. La creativit\u00e0 e la fantasia di questa artista, hanno poco da invidiare ai grandi dell&#8217;arte come Salvador Dal\u00ec. La sua produzione artistica \u00e8 di grande impatto anche dal punto di vista mentale. Le sue opere non sono mai banali.<\/p>\n","protected":false},"featured_media":41497,"comment_status":"closed","ping_status":"closed","template":"","meta":{"_acf_changed":false},"product_brand":[235],"product_cat":[123],"product_tag":[],"class_list":{"0":"post-41491","1":"product","2":"type-product","3":"status-publish","4":"has-post-thumbnail","6":"product_brand-erika-litteral-it","7":"product_cat-digital-art-it-2","9":"first","10":"instock","11":"featured","12":"purchasable","13":"product-type-simple"},"acf":[],"yoast_head":"<!-- This site is optimized with the Yoast SEO plugin v27.3 - https:\/\/yoast.com\/product\/yoast-seo-wordpress\/ -->\n<title>Fantasy Nexus - Erika Litteral - Artnuances Gallery<\/title>\n<meta name=\"description\" content=\"Nesso di fantasia. La creativit\u00e0 e la fantasia di questo artista hanno poco da invidiare ai grandi dell&#039;arte come Salvador Dal\u00ec. La sua produzione artistica \u00e8...\" \/>\n<meta name=\"robots\" content=\"index, follow, max-snippet:-1, max-image-preview:large, max-video-preview:-1\" \/>\n<link rel=\"canonical\" href=\"https:\/\/artnuances.com\/it\/artworks\/fantasy-nexus\/\" \/>\n<meta property=\"og:locale\" content=\"it_IT\" \/>\n<meta property=\"og:type\" content=\"article\" \/>\n<meta property=\"og:title\" content=\"Fantasy Nexus - Erika Litteral - Artnuances Gallery\" \/>\n<meta property=\"og:description\" content=\"Nesso di fantasia. La creativit\u00e0 e la fantasia di questo artista hanno poco da invidiare ai grandi dell&#039;arte come Salvador Dal\u00ec. La sua produzione artistica \u00e8...\" \/>\n<meta property=\"og:url\" content=\"https:\/\/artnuances.com\/it\/artworks\/fantasy-nexus\/\" \/>\n<meta property=\"og:site_name\" content=\"Artnuances - Art gallery online\" \/>\n<meta property=\"article:publisher\" content=\"https:\/\/www.facebook.com\/studioartnuances\/\" \/>\n<meta property=\"article:modified_time\" content=\"2024-04-08T08:30:00+00:00\" \/>\n<meta property=\"og:image\" content=\"https:\/\/artnuances.com\/wp-content\/uploads\/2024\/04\/fantasy-nexus-an.jpg\" \/>\n\t<meta property=\"og:image:width\" content=\"2020\" \/>\n\t<meta property=\"og:image:height\" content=\"1590\" \/>\n\t<meta property=\"og:image:type\" content=\"image\/jpeg\" \/>\n<meta name=\"twitter:card\" content=\"summary_large_image\" \/>\n<script type=\"application\/ld+json\" class=\"yoast-schema-graph\">{\"@context\":\"https:\\\/\\\/schema.org\",\"@graph\":[{\"@type\":\"WebPage\",\"@id\":\"https:\\\/\\\/artnuances.com\\\/it\\\/artworks\\\/fantasy-nexus\\\/\",\"url\":\"https:\\\/\\\/artnuances.com\\\/it\\\/artworks\\\/fantasy-nexus\\\/\",\"name\":\"Fantasy Nexus - Erika Litteral - Artnuances Gallery\",\"isPartOf\":{\"@id\":\"https:\\\/\\\/artnuances.com\\\/it\\\/#website\"},\"primaryImageOfPage\":{\"@id\":\"https:\\\/\\\/artnuances.com\\\/it\\\/artworks\\\/fantasy-nexus\\\/#primaryimage\"},\"image\":{\"@id\":\"https:\\\/\\\/artnuances.com\\\/it\\\/artworks\\\/fantasy-nexus\\\/#primaryimage\"},\"thumbnailUrl\":\"https:\\\/\\\/artnuances.com\\\/wp-content\\\/uploads\\\/2024\\\/04\\\/fantasy-nexus-an.jpg\",\"datePublished\":\"2024-04-08T08:08:33+00:00\",\"dateModified\":\"2024-04-08T08:30:00+00:00\",\"description\":\"Nesso di fantasia. La creativit\u00e0 e la fantasia di questo artista hanno poco da invidiare ai grandi dell'arte come Salvador Dal\u00ec. La sua produzione artistica \u00e8...\",\"breadcrumb\":{\"@id\":\"https:\\\/\\\/artnuances.com\\\/it\\\/artworks\\\/fantasy-nexus\\\/#breadcrumb\"},\"inLanguage\":\"it-IT\",\"potentialAction\":[{\"@type\":\"ReadAction\",\"target\":[\"https:\\\/\\\/artnuances.com\\\/it\\\/artworks\\\/fantasy-nexus\\\/\"]}]},{\"@type\":\"ImageObject\",\"inLanguage\":\"it-IT\",\"@id\":\"https:\\\/\\\/artnuances.com\\\/it\\\/artworks\\\/fantasy-nexus\\\/#primaryimage\",\"url\":\"https:\\\/\\\/artnuances.com\\\/wp-content\\\/uploads\\\/2024\\\/04\\\/fantasy-nexus-an.jpg\",\"contentUrl\":\"https:\\\/\\\/artnuances.com\\\/wp-content\\\/uploads\\\/2024\\\/04\\\/fantasy-nexus-an.jpg\",\"width\":2020,\"height\":1590,\"caption\":\"Fantasy Nexus\"},{\"@type\":\"BreadcrumbList\",\"@id\":\"https:\\\/\\\/artnuances.com\\\/it\\\/artworks\\\/fantasy-nexus\\\/#breadcrumb\",\"itemListElement\":[{\"@type\":\"ListItem\",\"position\":1,\"name\":\"Home\",\"item\":\"https:\\\/\\\/artnuances.com\\\/it\\\/\"},{\"@type\":\"ListItem\",\"position\":2,\"name\":\"Shop online\",\"item\":\"https:\\\/\\\/artnuances.com\\\/it\\\/shop-online-galleria-darte-artnuances\\\/\"},{\"@type\":\"ListItem\",\"position\":3,\"name\":\"Fantasy Nexus\"}]},{\"@type\":\"WebSite\",\"@id\":\"https:\\\/\\\/artnuances.com\\\/it\\\/#website\",\"url\":\"https:\\\/\\\/artnuances.com\\\/it\\\/\",\"name\":\"Artnuances - Art gallery online\",\"description\":\"Artnuances Gallery\",\"publisher\":{\"@id\":\"https:\\\/\\\/artnuances.com\\\/it\\\/#organization\"},\"potentialAction\":[{\"@type\":\"SearchAction\",\"target\":{\"@type\":\"EntryPoint\",\"urlTemplate\":\"https:\\\/\\\/artnuances.com\\\/it\\\/?s={search_term_string}\"},\"query-input\":{\"@type\":\"PropertyValueSpecification\",\"valueRequired\":true,\"valueName\":\"search_term_string\"}}],\"inLanguage\":\"it-IT\"},{\"@type\":\"Organization\",\"@id\":\"https:\\\/\\\/artnuances.com\\\/it\\\/#organization\",\"name\":\"Studio Artnuances LTD\",\"url\":\"https:\\\/\\\/artnuances.com\\\/it\\\/\",\"logo\":{\"@type\":\"ImageObject\",\"inLanguage\":\"it-IT\",\"@id\":\"https:\\\/\\\/artnuances.com\\\/it\\\/#\\\/schema\\\/logo\\\/image\\\/\",\"url\":\"https:\\\/\\\/artnuances.com\\\/wp-content\\\/uploads\\\/2019\\\/09\\\/artnuanse.png\",\"contentUrl\":\"https:\\\/\\\/artnuances.com\\\/wp-content\\\/uploads\\\/2019\\\/09\\\/artnuanse.png\",\"width\":622,\"height\":622,\"caption\":\"Studio Artnuances LTD\"},\"image\":{\"@id\":\"https:\\\/\\\/artnuances.com\\\/it\\\/#\\\/schema\\\/logo\\\/image\\\/\"},\"sameAs\":[\"https:\\\/\\\/www.facebook.com\\\/studioartnuances\\\/\",\"https:\\\/\\\/www.instagram.com\\\/studioartnuances\\\/\",\"https:\\\/\\\/www.youtube.com\\\/channel\\\/UCoU2Nb_B-2BOiDcO292sggg\"]}]}<\/script>\n<!-- \/ Yoast SEO plugin. -->","yoast_head_json":{"title":"Fantasy Nexus - Erika Litteral - Artnuances Gallery","description":"Nesso di fantasia. La creativit\u00e0 e la fantasia di questo artista hanno poco da invidiare ai grandi dell'arte come Salvador Dal\u00ec. La sua produzione artistica \u00e8...","robots":{"index":"index","follow":"follow","max-snippet":"max-snippet:-1","max-image-preview":"max-image-preview:large","max-video-preview":"max-video-preview:-1"},"canonical":"https:\/\/artnuances.com\/it\/artworks\/fantasy-nexus\/","og_locale":"it_IT","og_type":"article","og_title":"Fantasy Nexus - Erika Litteral - Artnuances Gallery","og_description":"Nesso di fantasia. La creativit\u00e0 e la fantasia di questo artista hanno poco da invidiare ai grandi dell'arte come Salvador Dal\u00ec. La sua produzione artistica \u00e8...","og_url":"https:\/\/artnuances.com\/it\/artworks\/fantasy-nexus\/","og_site_name":"Artnuances - Art gallery online","article_publisher":"https:\/\/www.facebook.com\/studioartnuances\/","article_modified_time":"2024-04-08T08:30:00+00:00","og_image":[{"width":2020,"height":1590,"url":"https:\/\/artnuances.com\/wp-content\/uploads\/2024\/04\/fantasy-nexus-an.jpg","type":"image\/jpeg"}],"twitter_card":"summary_large_image","schema":{"@context":"https:\/\/schema.org","@graph":[{"@type":"WebPage","@id":"https:\/\/artnuances.com\/it\/artworks\/fantasy-nexus\/","url":"https:\/\/artnuances.com\/it\/artworks\/fantasy-nexus\/","name":"Fantasy Nexus - Erika Litteral - Artnuances Gallery","isPartOf":{"@id":"https:\/\/artnuances.com\/it\/#website"},"primaryImageOfPage":{"@id":"https:\/\/artnuances.com\/it\/artworks\/fantasy-nexus\/#primaryimage"},"image":{"@id":"https:\/\/artnuances.com\/it\/artworks\/fantasy-nexus\/#primaryimage"},"thumbnailUrl":"https:\/\/artnuances.com\/wp-content\/uploads\/2024\/04\/fantasy-nexus-an.jpg","datePublished":"2024-04-08T08:08:33+00:00","dateModified":"2024-04-08T08:30:00+00:00","description":"Nesso di fantasia. La creativit\u00e0 e la fantasia di questo artista hanno poco da invidiare ai grandi dell'arte come Salvador Dal\u00ec. La sua produzione artistica \u00e8...","breadcrumb":{"@id":"https:\/\/artnuances.com\/it\/artworks\/fantasy-nexus\/#breadcrumb"},"inLanguage":"it-IT","potentialAction":[{"@type":"ReadAction","target":["https:\/\/artnuances.com\/it\/artworks\/fantasy-nexus\/"]}]},{"@type":"ImageObject","inLanguage":"it-IT","@id":"https:\/\/artnuances.com\/it\/artworks\/fantasy-nexus\/#primaryimage","url":"https:\/\/artnuances.com\/wp-content\/uploads\/2024\/04\/fantasy-nexus-an.jpg","contentUrl":"https:\/\/artnuances.com\/wp-content\/uploads\/2024\/04\/fantasy-nexus-an.jpg","width":2020,"height":1590,"caption":"Fantasy Nexus"},{"@type":"BreadcrumbList","@id":"https:\/\/artnuances.com\/it\/artworks\/fantasy-nexus\/#breadcrumb","itemListElement":[{"@type":"ListItem","position":1,"name":"Home","item":"https:\/\/artnuances.com\/it\/"},{"@type":"ListItem","position":2,"name":"Shop online","item":"https:\/\/artnuances.com\/it\/shop-online-galleria-darte-artnuances\/"},{"@type":"ListItem","position":3,"name":"Fantasy Nexus"}]},{"@type":"WebSite","@id":"https:\/\/artnuances.com\/it\/#website","url":"https:\/\/artnuances.com\/it\/","name":"Artnuances - Art gallery online","description":"Artnuances Gallery","publisher":{"@id":"https:\/\/artnuances.com\/it\/#organization"},"potentialAction":[{"@type":"SearchAction","target":{"@type":"EntryPoint","urlTemplate":"https:\/\/artnuances.com\/it\/?s={search_term_string}"},"query-input":{"@type":"PropertyValueSpecification","valueRequired":true,"valueName":"search_term_string"}}],"inLanguage":"it-IT"},{"@type":"Organization","@id":"https:\/\/artnuances.com\/it\/#organization","name":"Studio Artnuances LTD","url":"https:\/\/artnuances.com\/it\/","logo":{"@type":"ImageObject","inLanguage":"it-IT","@id":"https:\/\/artnuances.com\/it\/#\/schema\/logo\/image\/","url":"https:\/\/artnuances.com\/wp-content\/uploads\/2019\/09\/artnuanse.png","contentUrl":"https:\/\/artnuances.com\/wp-content\/uploads\/2019\/09\/artnuanse.png","width":622,"height":622,"caption":"Studio Artnuances LTD"},"image":{"@id":"https:\/\/artnuances.com\/it\/#\/schema\/logo\/image\/"},"sameAs":["https:\/\/www.facebook.com\/studioartnuances\/","https:\/\/www.instagram.com\/studioartnuances\/","https:\/\/www.youtube.com\/channel\/UCoU2Nb_B-2BOiDcO292sggg"]}]}},"_links":{"self":[{"href":"https:\/\/artnuances.com\/it\/wp-json\/wp\/v2\/product\/41491","targetHints":{"allow":["GET"]}}],"collection":[{"href":"https:\/\/artnuances.com\/it\/wp-json\/wp\/v2\/product"}],"about":[{"href":"https:\/\/artnuances.com\/it\/wp-json\/wp\/v2\/types\/product"}],"replies":[{"embeddable":true,"href":"https:\/\/artnuances.com\/it\/wp-json\/wp\/v2\/comments?post=41491"}],"wp:featuredmedia":[{"embeddable":true,"href":"https:\/\/artnuances.com\/it\/wp-json\/wp\/v2\/media\/41497"}],"wp:attachment":[{"href":"https:\/\/artnuances.com\/it\/wp-json\/wp\/v2\/media?parent=41491"}],"wp:term":[{"taxonomy":"product_brand","embeddable":true,"href":"https:\/\/artnuances.com\/it\/wp-json\/wp\/v2\/product_brand?post=41491"},{"taxonomy":"product_cat","embeddable":true,"href":"https:\/\/artnuances.com\/it\/wp-json\/wp\/v2\/product_cat?post=41491"},{"taxonomy":"product_tag","embeddable":true,"href":"https:\/\/artnuances.com\/it\/wp-json\/wp\/v2\/product_tag?post=41491"}],"curies":[{"name":"wp","href":"https:\/\/api.w.org\/{rel}","templated":true}]}}