{"id":41290,"date":"2024-01-30T15:11:38","date_gmt":"2024-01-30T15:11:38","guid":{"rendered":"https:\/\/www.artnuances-com-717041.hostingersite.com\/?post_type=product&#038;p=41290"},"modified":"2024-01-30T15:17:57","modified_gmt":"2024-01-30T15:17:57","slug":"fish-iii","status":"publish","type":"product","link":"https:\/\/artnuances.com\/it\/artworks\/fish-iii\/","title":{"rendered":"Fish III"},"content":{"rendered":"<section class=\"l-section wpb_row height_large\"><div class=\"l-section-h i-cf\"><div class=\"g-cols vc_row via_flex valign_top type_default stacking_default\"><div class=\"vc_col-sm-12 wpb_column vc_column_container\"><div class=\"vc_column-inner\"><div class=\"wpb_wrapper\"><div class=\"wpb_text_column\"><div class=\"wpb_wrapper\"><h1><em><strong>Fish III<\/strong><\/em><strong> \u00e8 un&#8217;opera di <\/strong><strong><a href=\"\/?product_brand=che-walters-angu\">Walters Angu<\/a>.<\/strong><\/h1>\n<h3>Fish III. Questo pezzo \u00e8 un tuffo profondo nell&#8217;esplorazione mistica, serena ma vivida che invita gli spettatori a contemplare le profondit\u00e0 invisibili dell&#8217;esistenza. Porter\u00e0 un&#8217;ondata di tranquillit\u00e0 e meraviglia in ogni spazio.<\/h3>\n<\/div><\/div><\/div><\/div><\/div><\/div><\/div><\/section>\n","protected":false},"excerpt":{"rendered":"Fish III \u00e8 un&#8217;opera di Walters Angu. Fish III. Questo pezzo \u00e8 un tuffo profondo nell&#8217;esplorazione mistica, serena ma vivida che invita gli spettatori a contemplare le profondit\u00e0 invisibili dell&#8217;esistenza. Porter\u00e0 un&#8217;ondata di tranquillit\u00e0 e meraviglia in ogni spazio.","protected":false},"featured_media":41294,"comment_status":"closed","ping_status":"closed","template":"","meta":{"_acf_changed":false},"product_brand":[202],"product_cat":[116,131],"product_tag":[],"class_list":{"0":"post-41290","1":"product","2":"type-product","3":"status-publish","4":"has-post-thumbnail","6":"product_brand-walters-angu-it","7":"product_cat-dipinti","8":"product_cat-scenografico","9":"product_shipping_class-ships-in-a-tube","11":"first","12":"instock","13":"featured","14":"purchasable","15":"product-type-simple"},"acf":[],"yoast_head":"<!-- This site is optimized with the Yoast SEO plugin v27.3 - https:\/\/yoast.com\/product\/yoast-seo-wordpress\/ -->\n<title>Fish III - Angu Walters - Artnuances Gallery<\/title>\n<meta name=\"description\" content=\"Fish III. Questo pezzo \u00e8 un tuffo profondo nell&#039;esplorazione mistica, serena ma vivida che invita gli spettatori a contemplare le profondit\u00e0 invisibili dell&#039;esistenza.\" \/>\n<meta name=\"robots\" content=\"index, follow, max-snippet:-1, max-image-preview:large, max-video-preview:-1\" \/>\n<link rel=\"canonical\" href=\"https:\/\/artnuances.com\/it\/artworks\/fish-iii\/\" \/>\n<meta property=\"og:locale\" content=\"it_IT\" \/>\n<meta property=\"og:type\" content=\"article\" \/>\n<meta property=\"og:title\" content=\"Fish III - Angu Walters - Artnuances Gallery\" \/>\n<meta property=\"og:description\" content=\"Fish III. Questo pezzo \u00e8 un tuffo profondo nell&#039;esplorazione mistica, serena ma vivida che invita gli spettatori a contemplare le profondit\u00e0 invisibili dell&#039;esistenza.\" \/>\n<meta property=\"og:url\" content=\"https:\/\/artnuances.com\/it\/artworks\/fish-iii\/\" \/>\n<meta property=\"og:site_name\" content=\"Artnuances - Art gallery online\" \/>\n<meta property=\"article:publisher\" content=\"https:\/\/www.facebook.com\/studioartnuances\/\" \/>\n<meta property=\"article:modified_time\" content=\"2024-01-30T15:17:57+00:00\" \/>\n<meta property=\"og:image\" content=\"https:\/\/artnuances.com\/wp-content\/uploads\/2024\/01\/fishes-3-many-blue-fish-an.jpg\" \/>\n\t<meta property=\"og:image:width\" content=\"2020\" \/>\n\t<meta property=\"og:image:height\" content=\"1545\" \/>\n\t<meta property=\"og:image:type\" content=\"image\/jpeg\" \/>\n<meta name=\"twitter:card\" content=\"summary_large_image\" \/>\n<script type=\"application\/ld+json\" class=\"yoast-schema-graph\">{\"@context\":\"https:\\\/\\\/schema.org\",\"@graph\":[{\"@type\":\"WebPage\",\"@id\":\"https:\\\/\\\/artnuances.com\\\/it\\\/artworks\\\/fish-iii\\\/\",\"url\":\"https:\\\/\\\/artnuances.com\\\/it\\\/artworks\\\/fish-iii\\\/\",\"name\":\"Fish III - Angu Walters - Artnuances Gallery\",\"isPartOf\":{\"@id\":\"https:\\\/\\\/artnuances.com\\\/it\\\/#website\"},\"primaryImageOfPage\":{\"@id\":\"https:\\\/\\\/artnuances.com\\\/it\\\/artworks\\\/fish-iii\\\/#primaryimage\"},\"image\":{\"@id\":\"https:\\\/\\\/artnuances.com\\\/it\\\/artworks\\\/fish-iii\\\/#primaryimage\"},\"thumbnailUrl\":\"https:\\\/\\\/artnuances.com\\\/wp-content\\\/uploads\\\/2024\\\/01\\\/fishes-3-many-blue-fish-an.jpg\",\"datePublished\":\"2024-01-30T15:11:38+00:00\",\"dateModified\":\"2024-01-30T15:17:57+00:00\",\"description\":\"Fish III. Questo pezzo \u00e8 un tuffo profondo nell'esplorazione mistica, serena ma vivida che invita gli spettatori a contemplare le profondit\u00e0 invisibili dell'esistenza.\",\"breadcrumb\":{\"@id\":\"https:\\\/\\\/artnuances.com\\\/it\\\/artworks\\\/fish-iii\\\/#breadcrumb\"},\"inLanguage\":\"it-IT\",\"potentialAction\":[{\"@type\":\"ReadAction\",\"target\":[\"https:\\\/\\\/artnuances.com\\\/it\\\/artworks\\\/fish-iii\\\/\"]}]},{\"@type\":\"ImageObject\",\"inLanguage\":\"it-IT\",\"@id\":\"https:\\\/\\\/artnuances.com\\\/it\\\/artworks\\\/fish-iii\\\/#primaryimage\",\"url\":\"https:\\\/\\\/artnuances.com\\\/wp-content\\\/uploads\\\/2024\\\/01\\\/fishes-3-many-blue-fish-an.jpg\",\"contentUrl\":\"https:\\\/\\\/artnuances.com\\\/wp-content\\\/uploads\\\/2024\\\/01\\\/fishes-3-many-blue-fish-an.jpg\",\"width\":2020,\"height\":1545,\"caption\":\"Fish III\"},{\"@type\":\"BreadcrumbList\",\"@id\":\"https:\\\/\\\/artnuances.com\\\/it\\\/artworks\\\/fish-iii\\\/#breadcrumb\",\"itemListElement\":[{\"@type\":\"ListItem\",\"position\":1,\"name\":\"Home\",\"item\":\"https:\\\/\\\/artnuances.com\\\/it\\\/\"},{\"@type\":\"ListItem\",\"position\":2,\"name\":\"Shop online\",\"item\":\"https:\\\/\\\/artnuances.com\\\/it\\\/shop-online-galleria-darte-artnuances\\\/\"},{\"@type\":\"ListItem\",\"position\":3,\"name\":\"Fish III\"}]},{\"@type\":\"WebSite\",\"@id\":\"https:\\\/\\\/artnuances.com\\\/it\\\/#website\",\"url\":\"https:\\\/\\\/artnuances.com\\\/it\\\/\",\"name\":\"Artnuances - Art gallery online\",\"description\":\"Artnuances Gallery\",\"publisher\":{\"@id\":\"https:\\\/\\\/artnuances.com\\\/it\\\/#organization\"},\"potentialAction\":[{\"@type\":\"SearchAction\",\"target\":{\"@type\":\"EntryPoint\",\"urlTemplate\":\"https:\\\/\\\/artnuances.com\\\/it\\\/?s={search_term_string}\"},\"query-input\":{\"@type\":\"PropertyValueSpecification\",\"valueRequired\":true,\"valueName\":\"search_term_string\"}}],\"inLanguage\":\"it-IT\"},{\"@type\":\"Organization\",\"@id\":\"https:\\\/\\\/artnuances.com\\\/it\\\/#organization\",\"name\":\"Studio Artnuances LTD\",\"url\":\"https:\\\/\\\/artnuances.com\\\/it\\\/\",\"logo\":{\"@type\":\"ImageObject\",\"inLanguage\":\"it-IT\",\"@id\":\"https:\\\/\\\/artnuances.com\\\/it\\\/#\\\/schema\\\/logo\\\/image\\\/\",\"url\":\"https:\\\/\\\/artnuances.com\\\/wp-content\\\/uploads\\\/2019\\\/09\\\/artnuanse.png\",\"contentUrl\":\"https:\\\/\\\/artnuances.com\\\/wp-content\\\/uploads\\\/2019\\\/09\\\/artnuanse.png\",\"width\":622,\"height\":622,\"caption\":\"Studio Artnuances LTD\"},\"image\":{\"@id\":\"https:\\\/\\\/artnuances.com\\\/it\\\/#\\\/schema\\\/logo\\\/image\\\/\"},\"sameAs\":[\"https:\\\/\\\/www.facebook.com\\\/studioartnuances\\\/\",\"https:\\\/\\\/www.instagram.com\\\/studioartnuances\\\/\",\"https:\\\/\\\/www.youtube.com\\\/channel\\\/UCoU2Nb_B-2BOiDcO292sggg\"]}]}<\/script>\n<!-- \/ Yoast SEO plugin. -->","yoast_head_json":{"title":"Fish III - Angu Walters - Artnuances Gallery","description":"Fish III. Questo pezzo \u00e8 un tuffo profondo nell'esplorazione mistica, serena ma vivida che invita gli spettatori a contemplare le profondit\u00e0 invisibili dell'esistenza.","robots":{"index":"index","follow":"follow","max-snippet":"max-snippet:-1","max-image-preview":"max-image-preview:large","max-video-preview":"max-video-preview:-1"},"canonical":"https:\/\/artnuances.com\/it\/artworks\/fish-iii\/","og_locale":"it_IT","og_type":"article","og_title":"Fish III - Angu Walters - Artnuances Gallery","og_description":"Fish III. Questo pezzo \u00e8 un tuffo profondo nell'esplorazione mistica, serena ma vivida che invita gli spettatori a contemplare le profondit\u00e0 invisibili dell'esistenza.","og_url":"https:\/\/artnuances.com\/it\/artworks\/fish-iii\/","og_site_name":"Artnuances - Art gallery online","article_publisher":"https:\/\/www.facebook.com\/studioartnuances\/","article_modified_time":"2024-01-30T15:17:57+00:00","og_image":[{"width":2020,"height":1545,"url":"https:\/\/artnuances.com\/wp-content\/uploads\/2024\/01\/fishes-3-many-blue-fish-an.jpg","type":"image\/jpeg"}],"twitter_card":"summary_large_image","schema":{"@context":"https:\/\/schema.org","@graph":[{"@type":"WebPage","@id":"https:\/\/artnuances.com\/it\/artworks\/fish-iii\/","url":"https:\/\/artnuances.com\/it\/artworks\/fish-iii\/","name":"Fish III - Angu Walters - Artnuances Gallery","isPartOf":{"@id":"https:\/\/artnuances.com\/it\/#website"},"primaryImageOfPage":{"@id":"https:\/\/artnuances.com\/it\/artworks\/fish-iii\/#primaryimage"},"image":{"@id":"https:\/\/artnuances.com\/it\/artworks\/fish-iii\/#primaryimage"},"thumbnailUrl":"https:\/\/artnuances.com\/wp-content\/uploads\/2024\/01\/fishes-3-many-blue-fish-an.jpg","datePublished":"2024-01-30T15:11:38+00:00","dateModified":"2024-01-30T15:17:57+00:00","description":"Fish III. Questo pezzo \u00e8 un tuffo profondo nell'esplorazione mistica, serena ma vivida che invita gli spettatori a contemplare le profondit\u00e0 invisibili dell'esistenza.","breadcrumb":{"@id":"https:\/\/artnuances.com\/it\/artworks\/fish-iii\/#breadcrumb"},"inLanguage":"it-IT","potentialAction":[{"@type":"ReadAction","target":["https:\/\/artnuances.com\/it\/artworks\/fish-iii\/"]}]},{"@type":"ImageObject","inLanguage":"it-IT","@id":"https:\/\/artnuances.com\/it\/artworks\/fish-iii\/#primaryimage","url":"https:\/\/artnuances.com\/wp-content\/uploads\/2024\/01\/fishes-3-many-blue-fish-an.jpg","contentUrl":"https:\/\/artnuances.com\/wp-content\/uploads\/2024\/01\/fishes-3-many-blue-fish-an.jpg","width":2020,"height":1545,"caption":"Fish III"},{"@type":"BreadcrumbList","@id":"https:\/\/artnuances.com\/it\/artworks\/fish-iii\/#breadcrumb","itemListElement":[{"@type":"ListItem","position":1,"name":"Home","item":"https:\/\/artnuances.com\/it\/"},{"@type":"ListItem","position":2,"name":"Shop online","item":"https:\/\/artnuances.com\/it\/shop-online-galleria-darte-artnuances\/"},{"@type":"ListItem","position":3,"name":"Fish III"}]},{"@type":"WebSite","@id":"https:\/\/artnuances.com\/it\/#website","url":"https:\/\/artnuances.com\/it\/","name":"Artnuances - Art gallery online","description":"Artnuances Gallery","publisher":{"@id":"https:\/\/artnuances.com\/it\/#organization"},"potentialAction":[{"@type":"SearchAction","target":{"@type":"EntryPoint","urlTemplate":"https:\/\/artnuances.com\/it\/?s={search_term_string}"},"query-input":{"@type":"PropertyValueSpecification","valueRequired":true,"valueName":"search_term_string"}}],"inLanguage":"it-IT"},{"@type":"Organization","@id":"https:\/\/artnuances.com\/it\/#organization","name":"Studio Artnuances LTD","url":"https:\/\/artnuances.com\/it\/","logo":{"@type":"ImageObject","inLanguage":"it-IT","@id":"https:\/\/artnuances.com\/it\/#\/schema\/logo\/image\/","url":"https:\/\/artnuances.com\/wp-content\/uploads\/2019\/09\/artnuanse.png","contentUrl":"https:\/\/artnuances.com\/wp-content\/uploads\/2019\/09\/artnuanse.png","width":622,"height":622,"caption":"Studio Artnuances LTD"},"image":{"@id":"https:\/\/artnuances.com\/it\/#\/schema\/logo\/image\/"},"sameAs":["https:\/\/www.facebook.com\/studioartnuances\/","https:\/\/www.instagram.com\/studioartnuances\/","https:\/\/www.youtube.com\/channel\/UCoU2Nb_B-2BOiDcO292sggg"]}]}},"_links":{"self":[{"href":"https:\/\/artnuances.com\/it\/wp-json\/wp\/v2\/product\/41290","targetHints":{"allow":["GET"]}}],"collection":[{"href":"https:\/\/artnuances.com\/it\/wp-json\/wp\/v2\/product"}],"about":[{"href":"https:\/\/artnuances.com\/it\/wp-json\/wp\/v2\/types\/product"}],"replies":[{"embeddable":true,"href":"https:\/\/artnuances.com\/it\/wp-json\/wp\/v2\/comments?post=41290"}],"wp:featuredmedia":[{"embeddable":true,"href":"https:\/\/artnuances.com\/it\/wp-json\/wp\/v2\/media\/41294"}],"wp:attachment":[{"href":"https:\/\/artnuances.com\/it\/wp-json\/wp\/v2\/media?parent=41290"}],"wp:term":[{"taxonomy":"product_brand","embeddable":true,"href":"https:\/\/artnuances.com\/it\/wp-json\/wp\/v2\/product_brand?post=41290"},{"taxonomy":"product_cat","embeddable":true,"href":"https:\/\/artnuances.com\/it\/wp-json\/wp\/v2\/product_cat?post=41290"},{"taxonomy":"product_tag","embeddable":true,"href":"https:\/\/artnuances.com\/it\/wp-json\/wp\/v2\/product_tag?post=41290"}],"curies":[{"name":"wp","href":"https:\/\/api.w.org\/{rel}","templated":true}]}}