{"id":40752,"date":"2023-10-10T14:44:57","date_gmt":"2023-10-10T14:45:01","guid":{"rendered":"https:\/\/www.artnuances-com-717041.hostingersite.com\/?post_type=product&#038;p=40752"},"modified":"2023-11-06T10:13:34","modified_gmt":"2023-11-06T10:13:34","slug":"spiritualita-violata","status":"publish","type":"product","link":"https:\/\/artnuances.com\/it\/artworks\/spiritualita-violata\/","title":{"rendered":"Spiritualit\u00e0 violata"},"content":{"rendered":"<section class=\"l-section wpb_row height_large\"><div class=\"l-section-h i-cf\"><div class=\"g-cols vc_row via_flex valign_top type_default stacking_default\"><div class=\"vc_col-sm-12 wpb_column vc_column_container\"><div class=\"vc_column-inner\"><div class=\"wpb_wrapper\"><div class=\"w-video align_none ratio_16x9 has_iframe\"><div class=\"w-video-h\"><iframe title=\"Youtube video player\" src=\"\/\/www.youtube.com\/embed\/uiukIzdzQqs?autoplay=0&controls=1&origin=https:\/\/artnuances.com\/it\/&loop=0&mute=0\" allowfullscreen=\"1\" loading=\"lazy\"><\/iframe><\/div><\/div><\/div><\/div><\/div><\/div><\/div><\/section><section class=\"l-section wpb_row height_large\"><div class=\"l-section-h i-cf\"><div class=\"g-cols vc_row via_flex valign_top type_default stacking_default\"><div class=\"vc_col-sm-12 wpb_column vc_column_container\"><div class=\"vc_column-inner\"><div class=\"wpb_wrapper\"><div class=\"wpb_text_column\"><div class=\"wpb_wrapper\"><h1><strong><em>Spiritualit\u00e0 violata, <\/em>\u00e8 un&#8217;opera di <a href=\"https:\/\/artnuances.com\/it\/authors\/fausto-maria-franchi\/\">Fausto Maria Franchi<\/a>.<\/strong><\/h1>\n<h3>Spiritualit\u00e0 violata. Il Maestro Franchi, ci meraviglia con questa sua nuova opera. E&#8217; il frutto di una riflessione profonda, fatta da un artista che ha sempre cercato il lato giocoso e il fascino del nuovo. I volti e le mani che escono da questa specie di libro, sono appunto, la tensione, la rabbia di chi vede spazzata via la propria serenit\u00e0 a causa dell&#8217;intromissione nella propria spiritualit\u00e0. Un opera densa di significato ed al contempo stilisticamente unica.<\/h3>\n<\/div><\/div><\/div><\/div><\/div><\/div><\/div><\/section>\n","protected":false},"excerpt":{"rendered":"Spiritualit\u00e0 violata, \u00e8 un&#8217;opera di Fausto Maria Franchi. Spiritualit\u00e0 violata. Il Maestro Franchi, ci meraviglia con questa sua nuova opera. E&#8217; il frutto di una riflessione profonda, fatta da un artista che ha sempre cercato il lato giocoso e il fascino del nuovo. I volti e le mani che escono da questa specie di libro,...","protected":false},"featured_media":40754,"comment_status":"closed","ping_status":"closed","template":"","meta":{"_acf_changed":false},"product_brand":[141],"product_cat":[117,133],"product_tag":[],"class_list":{"0":"post-40752","1":"product","2":"type-product","3":"status-publish","4":"has-post-thumbnail","6":"product_brand-fausto-maria-franchi","7":"product_cat-astratto","8":"product_cat-scultura","9":"product_shipping_class-spedizione-in-cassa-di-legno","11":"first","12":"instock","13":"featured","14":"purchasable","15":"product-type-simple"},"acf":[],"yoast_head":"<!-- This site is optimized with the Yoast SEO plugin v27.3 - https:\/\/yoast.com\/product\/yoast-seo-wordpress\/ -->\n<title>Spiritualit\u00e0 violata - Fausto Maria Franchi - Artnuances Gallery<\/title>\n<meta name=\"description\" content=\"Spiritualit\u00e0 violata. Il Maestro Franchi ci stupisce con questo suo nuovo lavoro. \u00c8 il frutto di una profonda riflessione, fatta da un artista che da sempre...\" \/>\n<meta name=\"robots\" content=\"index, follow, max-snippet:-1, max-image-preview:large, max-video-preview:-1\" \/>\n<link rel=\"canonical\" href=\"https:\/\/artnuances.com\/it\/artworks\/spiritualita-violata\/\" \/>\n<meta property=\"og:locale\" content=\"it_IT\" \/>\n<meta property=\"og:type\" content=\"article\" \/>\n<meta property=\"og:title\" content=\"Spiritualit\u00e0 violata - Fausto Maria Franchi - Artnuances Gallery\" \/>\n<meta property=\"og:description\" content=\"Spiritualit\u00e0 violata. Il Maestro Franchi ci stupisce con questo suo nuovo lavoro. \u00c8 il frutto di una profonda riflessione, fatta da un artista che da sempre...\" \/>\n<meta property=\"og:url\" content=\"https:\/\/artnuances.com\/it\/artworks\/spiritualita-violata\/\" \/>\n<meta property=\"og:site_name\" content=\"Artnuances - Art gallery online\" \/>\n<meta property=\"article:publisher\" content=\"https:\/\/www.facebook.com\/studioartnuances\/\" \/>\n<meta property=\"article:modified_time\" content=\"2023-11-06T10:13:34+00:00\" \/>\n<meta property=\"og:image\" content=\"https:\/\/artnuances.com\/wp-content\/uploads\/2023\/10\/Fausto-383-an.jpg\" \/>\n\t<meta property=\"og:image:width\" content=\"2020\" \/>\n\t<meta property=\"og:image:height\" content=\"1520\" \/>\n\t<meta property=\"og:image:type\" content=\"image\/jpeg\" \/>\n<meta name=\"twitter:card\" content=\"summary_large_image\" \/>\n<meta name=\"twitter:label1\" content=\"Tempo di lettura stimato\" \/>\n\t<meta name=\"twitter:data1\" content=\"1 minuto\" \/>\n<script type=\"application\/ld+json\" class=\"yoast-schema-graph\">{\"@context\":\"https:\\\/\\\/schema.org\",\"@graph\":[{\"@type\":\"WebPage\",\"@id\":\"https:\\\/\\\/artnuances.com\\\/it\\\/artworks\\\/spiritualita-violata\\\/\",\"url\":\"https:\\\/\\\/artnuances.com\\\/it\\\/artworks\\\/spiritualita-violata\\\/\",\"name\":\"Spiritualit\u00e0 violata - Fausto Maria Franchi - Artnuances Gallery\",\"isPartOf\":{\"@id\":\"https:\\\/\\\/artnuances.com\\\/it\\\/#website\"},\"primaryImageOfPage\":{\"@id\":\"https:\\\/\\\/artnuances.com\\\/it\\\/artworks\\\/spiritualita-violata\\\/#primaryimage\"},\"image\":{\"@id\":\"https:\\\/\\\/artnuances.com\\\/it\\\/artworks\\\/spiritualita-violata\\\/#primaryimage\"},\"thumbnailUrl\":\"https:\\\/\\\/artnuances.com\\\/wp-content\\\/uploads\\\/2023\\\/10\\\/Fausto-383-an.jpg\",\"datePublished\":\"2023-10-10T14:45:01+00:00\",\"dateModified\":\"2023-11-06T10:13:34+00:00\",\"description\":\"Spiritualit\u00e0 violata. Il Maestro Franchi ci stupisce con questo suo nuovo lavoro. \u00c8 il frutto di una profonda riflessione, fatta da un artista che da sempre...\",\"breadcrumb\":{\"@id\":\"https:\\\/\\\/artnuances.com\\\/it\\\/artworks\\\/spiritualita-violata\\\/#breadcrumb\"},\"inLanguage\":\"it-IT\",\"potentialAction\":[{\"@type\":\"ReadAction\",\"target\":[\"https:\\\/\\\/artnuances.com\\\/it\\\/artworks\\\/spiritualita-violata\\\/\"]}]},{\"@type\":\"ImageObject\",\"inLanguage\":\"it-IT\",\"@id\":\"https:\\\/\\\/artnuances.com\\\/it\\\/artworks\\\/spiritualita-violata\\\/#primaryimage\",\"url\":\"https:\\\/\\\/artnuances.com\\\/wp-content\\\/uploads\\\/2023\\\/10\\\/Fausto-383-an.jpg\",\"contentUrl\":\"https:\\\/\\\/artnuances.com\\\/wp-content\\\/uploads\\\/2023\\\/10\\\/Fausto-383-an.jpg\",\"width\":2020,\"height\":1520,\"caption\":\"Spiritualit\u00e0 violata\"},{\"@type\":\"BreadcrumbList\",\"@id\":\"https:\\\/\\\/artnuances.com\\\/it\\\/artworks\\\/spiritualita-violata\\\/#breadcrumb\",\"itemListElement\":[{\"@type\":\"ListItem\",\"position\":1,\"name\":\"Home\",\"item\":\"https:\\\/\\\/artnuances.com\\\/it\\\/\"},{\"@type\":\"ListItem\",\"position\":2,\"name\":\"Shop online\",\"item\":\"https:\\\/\\\/artnuances.com\\\/it\\\/shop-online-galleria-darte-artnuances\\\/\"},{\"@type\":\"ListItem\",\"position\":3,\"name\":\"Spiritualit\u00e0 violata\"}]},{\"@type\":\"WebSite\",\"@id\":\"https:\\\/\\\/artnuances.com\\\/it\\\/#website\",\"url\":\"https:\\\/\\\/artnuances.com\\\/it\\\/\",\"name\":\"Artnuances - Art gallery online\",\"description\":\"Artnuances Gallery\",\"publisher\":{\"@id\":\"https:\\\/\\\/artnuances.com\\\/it\\\/#organization\"},\"potentialAction\":[{\"@type\":\"SearchAction\",\"target\":{\"@type\":\"EntryPoint\",\"urlTemplate\":\"https:\\\/\\\/artnuances.com\\\/it\\\/?s={search_term_string}\"},\"query-input\":{\"@type\":\"PropertyValueSpecification\",\"valueRequired\":true,\"valueName\":\"search_term_string\"}}],\"inLanguage\":\"it-IT\"},{\"@type\":\"Organization\",\"@id\":\"https:\\\/\\\/artnuances.com\\\/it\\\/#organization\",\"name\":\"Studio Artnuances LTD\",\"url\":\"https:\\\/\\\/artnuances.com\\\/it\\\/\",\"logo\":{\"@type\":\"ImageObject\",\"inLanguage\":\"it-IT\",\"@id\":\"https:\\\/\\\/artnuances.com\\\/it\\\/#\\\/schema\\\/logo\\\/image\\\/\",\"url\":\"https:\\\/\\\/artnuances.com\\\/wp-content\\\/uploads\\\/2019\\\/09\\\/artnuanse.png\",\"contentUrl\":\"https:\\\/\\\/artnuances.com\\\/wp-content\\\/uploads\\\/2019\\\/09\\\/artnuanse.png\",\"width\":622,\"height\":622,\"caption\":\"Studio Artnuances LTD\"},\"image\":{\"@id\":\"https:\\\/\\\/artnuances.com\\\/it\\\/#\\\/schema\\\/logo\\\/image\\\/\"},\"sameAs\":[\"https:\\\/\\\/www.facebook.com\\\/studioartnuances\\\/\",\"https:\\\/\\\/www.instagram.com\\\/studioartnuances\\\/\",\"https:\\\/\\\/www.youtube.com\\\/channel\\\/UCoU2Nb_B-2BOiDcO292sggg\"]}]}<\/script>\n<!-- \/ Yoast SEO plugin. -->","yoast_head_json":{"title":"Spiritualit\u00e0 violata - Fausto Maria Franchi - Artnuances Gallery","description":"Spiritualit\u00e0 violata. Il Maestro Franchi ci stupisce con questo suo nuovo lavoro. \u00c8 il frutto di una profonda riflessione, fatta da un artista che da sempre...","robots":{"index":"index","follow":"follow","max-snippet":"max-snippet:-1","max-image-preview":"max-image-preview:large","max-video-preview":"max-video-preview:-1"},"canonical":"https:\/\/artnuances.com\/it\/artworks\/spiritualita-violata\/","og_locale":"it_IT","og_type":"article","og_title":"Spiritualit\u00e0 violata - Fausto Maria Franchi - Artnuances Gallery","og_description":"Spiritualit\u00e0 violata. Il Maestro Franchi ci stupisce con questo suo nuovo lavoro. \u00c8 il frutto di una profonda riflessione, fatta da un artista che da sempre...","og_url":"https:\/\/artnuances.com\/it\/artworks\/spiritualita-violata\/","og_site_name":"Artnuances - Art gallery online","article_publisher":"https:\/\/www.facebook.com\/studioartnuances\/","article_modified_time":"2023-11-06T10:13:34+00:00","og_image":[{"width":2020,"height":1520,"url":"https:\/\/artnuances.com\/wp-content\/uploads\/2023\/10\/Fausto-383-an.jpg","type":"image\/jpeg"}],"twitter_card":"summary_large_image","twitter_misc":{"Tempo di lettura stimato":"1 minuto"},"schema":{"@context":"https:\/\/schema.org","@graph":[{"@type":"WebPage","@id":"https:\/\/artnuances.com\/it\/artworks\/spiritualita-violata\/","url":"https:\/\/artnuances.com\/it\/artworks\/spiritualita-violata\/","name":"Spiritualit\u00e0 violata - Fausto Maria Franchi - Artnuances Gallery","isPartOf":{"@id":"https:\/\/artnuances.com\/it\/#website"},"primaryImageOfPage":{"@id":"https:\/\/artnuances.com\/it\/artworks\/spiritualita-violata\/#primaryimage"},"image":{"@id":"https:\/\/artnuances.com\/it\/artworks\/spiritualita-violata\/#primaryimage"},"thumbnailUrl":"https:\/\/artnuances.com\/wp-content\/uploads\/2023\/10\/Fausto-383-an.jpg","datePublished":"2023-10-10T14:45:01+00:00","dateModified":"2023-11-06T10:13:34+00:00","description":"Spiritualit\u00e0 violata. Il Maestro Franchi ci stupisce con questo suo nuovo lavoro. \u00c8 il frutto di una profonda riflessione, fatta da un artista che da sempre...","breadcrumb":{"@id":"https:\/\/artnuances.com\/it\/artworks\/spiritualita-violata\/#breadcrumb"},"inLanguage":"it-IT","potentialAction":[{"@type":"ReadAction","target":["https:\/\/artnuances.com\/it\/artworks\/spiritualita-violata\/"]}]},{"@type":"ImageObject","inLanguage":"it-IT","@id":"https:\/\/artnuances.com\/it\/artworks\/spiritualita-violata\/#primaryimage","url":"https:\/\/artnuances.com\/wp-content\/uploads\/2023\/10\/Fausto-383-an.jpg","contentUrl":"https:\/\/artnuances.com\/wp-content\/uploads\/2023\/10\/Fausto-383-an.jpg","width":2020,"height":1520,"caption":"Spiritualit\u00e0 violata"},{"@type":"BreadcrumbList","@id":"https:\/\/artnuances.com\/it\/artworks\/spiritualita-violata\/#breadcrumb","itemListElement":[{"@type":"ListItem","position":1,"name":"Home","item":"https:\/\/artnuances.com\/it\/"},{"@type":"ListItem","position":2,"name":"Shop online","item":"https:\/\/artnuances.com\/it\/shop-online-galleria-darte-artnuances\/"},{"@type":"ListItem","position":3,"name":"Spiritualit\u00e0 violata"}]},{"@type":"WebSite","@id":"https:\/\/artnuances.com\/it\/#website","url":"https:\/\/artnuances.com\/it\/","name":"Artnuances - Art gallery online","description":"Artnuances Gallery","publisher":{"@id":"https:\/\/artnuances.com\/it\/#organization"},"potentialAction":[{"@type":"SearchAction","target":{"@type":"EntryPoint","urlTemplate":"https:\/\/artnuances.com\/it\/?s={search_term_string}"},"query-input":{"@type":"PropertyValueSpecification","valueRequired":true,"valueName":"search_term_string"}}],"inLanguage":"it-IT"},{"@type":"Organization","@id":"https:\/\/artnuances.com\/it\/#organization","name":"Studio Artnuances LTD","url":"https:\/\/artnuances.com\/it\/","logo":{"@type":"ImageObject","inLanguage":"it-IT","@id":"https:\/\/artnuances.com\/it\/#\/schema\/logo\/image\/","url":"https:\/\/artnuances.com\/wp-content\/uploads\/2019\/09\/artnuanse.png","contentUrl":"https:\/\/artnuances.com\/wp-content\/uploads\/2019\/09\/artnuanse.png","width":622,"height":622,"caption":"Studio Artnuances LTD"},"image":{"@id":"https:\/\/artnuances.com\/it\/#\/schema\/logo\/image\/"},"sameAs":["https:\/\/www.facebook.com\/studioartnuances\/","https:\/\/www.instagram.com\/studioartnuances\/","https:\/\/www.youtube.com\/channel\/UCoU2Nb_B-2BOiDcO292sggg"]}]}},"_links":{"self":[{"href":"https:\/\/artnuances.com\/it\/wp-json\/wp\/v2\/product\/40752","targetHints":{"allow":["GET"]}}],"collection":[{"href":"https:\/\/artnuances.com\/it\/wp-json\/wp\/v2\/product"}],"about":[{"href":"https:\/\/artnuances.com\/it\/wp-json\/wp\/v2\/types\/product"}],"replies":[{"embeddable":true,"href":"https:\/\/artnuances.com\/it\/wp-json\/wp\/v2\/comments?post=40752"}],"wp:featuredmedia":[{"embeddable":true,"href":"https:\/\/artnuances.com\/it\/wp-json\/wp\/v2\/media\/40754"}],"wp:attachment":[{"href":"https:\/\/artnuances.com\/it\/wp-json\/wp\/v2\/media?parent=40752"}],"wp:term":[{"taxonomy":"product_brand","embeddable":true,"href":"https:\/\/artnuances.com\/it\/wp-json\/wp\/v2\/product_brand?post=40752"},{"taxonomy":"product_cat","embeddable":true,"href":"https:\/\/artnuances.com\/it\/wp-json\/wp\/v2\/product_cat?post=40752"},{"taxonomy":"product_tag","embeddable":true,"href":"https:\/\/artnuances.com\/it\/wp-json\/wp\/v2\/product_tag?post=40752"}],"curies":[{"name":"wp","href":"https:\/\/api.w.org\/{rel}","templated":true}]}}