{"id":40164,"date":"2023-08-17T14:52:50","date_gmt":"2023-08-17T14:52:50","guid":{"rendered":"https:\/\/www.artnuances-com-717041.hostingersite.com\/?post_type=product&#038;p=40164"},"modified":"2023-08-17T15:05:36","modified_gmt":"2023-08-17T15:05:36","slug":"the-dying-swan-ballet","status":"publish","type":"product","link":"https:\/\/artnuances.com\/it\/artworks\/the-dying-swan-ballet\/","title":{"rendered":"The Dying Swan Ballet"},"content":{"rendered":"<section class=\"l-section wpb_row height_large\"><div class=\"l-section-h i-cf\"><div class=\"g-cols vc_row via_flex valign_top type_default stacking_default\"><div class=\"vc_col-sm-12 wpb_column vc_column_container\"><div class=\"vc_column-inner\"><div class=\"wpb_wrapper\"><div class=\"wpb_text_column\"><div class=\"wpb_wrapper\"><h1><strong>The Dying Swan Ballet \u00e8 una scultura di<\/strong><strong>\u00a0<\/strong><strong><a href=\"https:\/\/artnuances.com\/authors\/liubka-kirilova\/\" target=\"_blank\" rel=\"noopener noreferrer\">Liubka Kirilova.<\/a><\/strong><\/h1>\n<h3>The Dying Swan Ballet. Forse tra le espressioni artistiche nella danza classica, la Morte del Cigno \u00e8 tra le pi\u00f9 conosciute. In particolare il momento in cui il cigno muore \u00e8 dove le pi\u00f9 grandi ballerine del mondo hanno ottenuto la loro consacrazione a star. E&#8217; un momento triste dello spettacolo, ma al contempo \u00e8 di un eleganza, di una sensualit\u00e0 estrema. Liubka \u00e8 riuscita nell&#8217;intento di bloccare l&#8217;istante. Favoloso!<\/h3>\n<\/div><\/div><\/div><\/div><\/div><\/div><\/div><\/section>\n","protected":false},"excerpt":{"rendered":"The Dying Swan Ballet \u00e8 una scultura di\u00a0Liubka Kirilova. The Dying Swan Ballet. Forse tra le espressioni artistiche nella danza classica, la Morte del Cigno \u00e8 tra le pi\u00f9 conosciute. In particolare il momento in cui il cigno muore \u00e8 dove le pi\u00f9 grandi ballerine del mondo hanno ottenuto la loro consacrazione a star. E&#8217;...","protected":false},"featured_media":40146,"comment_status":"closed","ping_status":"closed","template":"","meta":{"_acf_changed":false},"product_brand":[145],"product_cat":[133],"product_tag":[],"class_list":{"0":"post-40164","1":"product","2":"type-product","3":"status-publish","4":"has-post-thumbnail","6":"product_brand-liubka-kirilova-it","7":"product_cat-scultura","8":"product_shipping_class-spedizione-in-cassa-di-legno","10":"first","11":"instock","12":"featured","13":"purchasable","14":"product-type-simple"},"acf":[],"yoast_head":"<!-- This site is optimized with the Yoast SEO plugin v27.3 - https:\/\/yoast.com\/product\/yoast-seo-wordpress\/ -->\n<title>The Dying Swan Ballet - Liubka Kirilova - Artnuances Gallery<\/title>\n<meta name=\"description\" content=\"The Dying Swan Ballet. Forse tra le espressioni artistiche nella danza classica, la Morte del Cigno \u00e8 tra le pi\u00f9 conosciute\" \/>\n<meta name=\"robots\" content=\"index, follow, max-snippet:-1, max-image-preview:large, max-video-preview:-1\" \/>\n<link rel=\"canonical\" href=\"https:\/\/artnuances.com\/it\/artworks\/the-dying-swan-ballet\/\" \/>\n<meta property=\"og:locale\" content=\"it_IT\" \/>\n<meta property=\"og:type\" content=\"article\" \/>\n<meta property=\"og:title\" content=\"The Dying Swan Ballet - Liubka Kirilova - Artnuances Gallery\" \/>\n<meta property=\"og:description\" content=\"The Dying Swan Ballet. Forse tra le espressioni artistiche nella danza classica, la Morte del Cigno \u00e8 tra le pi\u00f9 conosciute\" \/>\n<meta property=\"og:url\" content=\"https:\/\/artnuances.com\/it\/artworks\/the-dying-swan-ballet\/\" \/>\n<meta property=\"og:site_name\" content=\"Artnuances - Art gallery online\" \/>\n<meta property=\"article:publisher\" content=\"https:\/\/www.facebook.com\/studioartnuances\/\" \/>\n<meta property=\"article:modified_time\" content=\"2023-08-17T15:05:36+00:00\" \/>\n<meta property=\"og:image\" content=\"https:\/\/artnuances.com\/wp-content\/uploads\/2023\/08\/The-Dying-Swan-Ballet-an.jpg\" \/>\n\t<meta property=\"og:image:width\" content=\"2020\" \/>\n\t<meta property=\"og:image:height\" content=\"1417\" \/>\n\t<meta property=\"og:image:type\" content=\"image\/jpeg\" \/>\n<meta name=\"twitter:card\" content=\"summary_large_image\" \/>\n<script type=\"application\/ld+json\" class=\"yoast-schema-graph\">{\"@context\":\"https:\\\/\\\/schema.org\",\"@graph\":[{\"@type\":\"WebPage\",\"@id\":\"https:\\\/\\\/artnuances.com\\\/it\\\/artworks\\\/the-dying-swan-ballet\\\/\",\"url\":\"https:\\\/\\\/artnuances.com\\\/it\\\/artworks\\\/the-dying-swan-ballet\\\/\",\"name\":\"The Dying Swan Ballet - Liubka Kirilova - Artnuances Gallery\",\"isPartOf\":{\"@id\":\"https:\\\/\\\/artnuances.com\\\/it\\\/#website\"},\"primaryImageOfPage\":{\"@id\":\"https:\\\/\\\/artnuances.com\\\/it\\\/artworks\\\/the-dying-swan-ballet\\\/#primaryimage\"},\"image\":{\"@id\":\"https:\\\/\\\/artnuances.com\\\/it\\\/artworks\\\/the-dying-swan-ballet\\\/#primaryimage\"},\"thumbnailUrl\":\"https:\\\/\\\/artnuances.com\\\/wp-content\\\/uploads\\\/2023\\\/08\\\/The-Dying-Swan-Ballet-an.jpg\",\"datePublished\":\"2023-08-17T14:52:50+00:00\",\"dateModified\":\"2023-08-17T15:05:36+00:00\",\"description\":\"The Dying Swan Ballet. Forse tra le espressioni artistiche nella danza classica, la Morte del Cigno \u00e8 tra le pi\u00f9 conosciute\",\"breadcrumb\":{\"@id\":\"https:\\\/\\\/artnuances.com\\\/it\\\/artworks\\\/the-dying-swan-ballet\\\/#breadcrumb\"},\"inLanguage\":\"it-IT\",\"potentialAction\":[{\"@type\":\"ReadAction\",\"target\":[\"https:\\\/\\\/artnuances.com\\\/it\\\/artworks\\\/the-dying-swan-ballet\\\/\"]}]},{\"@type\":\"ImageObject\",\"inLanguage\":\"it-IT\",\"@id\":\"https:\\\/\\\/artnuances.com\\\/it\\\/artworks\\\/the-dying-swan-ballet\\\/#primaryimage\",\"url\":\"https:\\\/\\\/artnuances.com\\\/wp-content\\\/uploads\\\/2023\\\/08\\\/The-Dying-Swan-Ballet-an.jpg\",\"contentUrl\":\"https:\\\/\\\/artnuances.com\\\/wp-content\\\/uploads\\\/2023\\\/08\\\/The-Dying-Swan-Ballet-an.jpg\",\"width\":2020,\"height\":1417,\"caption\":\"The Dying Swan Ballet\"},{\"@type\":\"BreadcrumbList\",\"@id\":\"https:\\\/\\\/artnuances.com\\\/it\\\/artworks\\\/the-dying-swan-ballet\\\/#breadcrumb\",\"itemListElement\":[{\"@type\":\"ListItem\",\"position\":1,\"name\":\"Home\",\"item\":\"https:\\\/\\\/artnuances.com\\\/it\\\/\"},{\"@type\":\"ListItem\",\"position\":2,\"name\":\"Shop online\",\"item\":\"https:\\\/\\\/artnuances.com\\\/it\\\/shop-online-galleria-darte-artnuances\\\/\"},{\"@type\":\"ListItem\",\"position\":3,\"name\":\"The Dying Swan Ballet\"}]},{\"@type\":\"WebSite\",\"@id\":\"https:\\\/\\\/artnuances.com\\\/it\\\/#website\",\"url\":\"https:\\\/\\\/artnuances.com\\\/it\\\/\",\"name\":\"Artnuances - Art gallery online\",\"description\":\"Artnuances Gallery\",\"publisher\":{\"@id\":\"https:\\\/\\\/artnuances.com\\\/it\\\/#organization\"},\"potentialAction\":[{\"@type\":\"SearchAction\",\"target\":{\"@type\":\"EntryPoint\",\"urlTemplate\":\"https:\\\/\\\/artnuances.com\\\/it\\\/?s={search_term_string}\"},\"query-input\":{\"@type\":\"PropertyValueSpecification\",\"valueRequired\":true,\"valueName\":\"search_term_string\"}}],\"inLanguage\":\"it-IT\"},{\"@type\":\"Organization\",\"@id\":\"https:\\\/\\\/artnuances.com\\\/it\\\/#organization\",\"name\":\"Studio Artnuances LTD\",\"url\":\"https:\\\/\\\/artnuances.com\\\/it\\\/\",\"logo\":{\"@type\":\"ImageObject\",\"inLanguage\":\"it-IT\",\"@id\":\"https:\\\/\\\/artnuances.com\\\/it\\\/#\\\/schema\\\/logo\\\/image\\\/\",\"url\":\"https:\\\/\\\/artnuances.com\\\/wp-content\\\/uploads\\\/2019\\\/09\\\/artnuanse.png\",\"contentUrl\":\"https:\\\/\\\/artnuances.com\\\/wp-content\\\/uploads\\\/2019\\\/09\\\/artnuanse.png\",\"width\":622,\"height\":622,\"caption\":\"Studio Artnuances LTD\"},\"image\":{\"@id\":\"https:\\\/\\\/artnuances.com\\\/it\\\/#\\\/schema\\\/logo\\\/image\\\/\"},\"sameAs\":[\"https:\\\/\\\/www.facebook.com\\\/studioartnuances\\\/\",\"https:\\\/\\\/www.instagram.com\\\/studioartnuances\\\/\",\"https:\\\/\\\/www.youtube.com\\\/channel\\\/UCoU2Nb_B-2BOiDcO292sggg\"]}]}<\/script>\n<!-- \/ Yoast SEO plugin. -->","yoast_head_json":{"title":"The Dying Swan Ballet - Liubka Kirilova - Artnuances Gallery","description":"The Dying Swan Ballet. Forse tra le espressioni artistiche nella danza classica, la Morte del Cigno \u00e8 tra le pi\u00f9 conosciute","robots":{"index":"index","follow":"follow","max-snippet":"max-snippet:-1","max-image-preview":"max-image-preview:large","max-video-preview":"max-video-preview:-1"},"canonical":"https:\/\/artnuances.com\/it\/artworks\/the-dying-swan-ballet\/","og_locale":"it_IT","og_type":"article","og_title":"The Dying Swan Ballet - Liubka Kirilova - Artnuances Gallery","og_description":"The Dying Swan Ballet. Forse tra le espressioni artistiche nella danza classica, la Morte del Cigno \u00e8 tra le pi\u00f9 conosciute","og_url":"https:\/\/artnuances.com\/it\/artworks\/the-dying-swan-ballet\/","og_site_name":"Artnuances - Art gallery online","article_publisher":"https:\/\/www.facebook.com\/studioartnuances\/","article_modified_time":"2023-08-17T15:05:36+00:00","og_image":[{"width":2020,"height":1417,"url":"https:\/\/artnuances.com\/wp-content\/uploads\/2023\/08\/The-Dying-Swan-Ballet-an.jpg","type":"image\/jpeg"}],"twitter_card":"summary_large_image","schema":{"@context":"https:\/\/schema.org","@graph":[{"@type":"WebPage","@id":"https:\/\/artnuances.com\/it\/artworks\/the-dying-swan-ballet\/","url":"https:\/\/artnuances.com\/it\/artworks\/the-dying-swan-ballet\/","name":"The Dying Swan Ballet - Liubka Kirilova - Artnuances Gallery","isPartOf":{"@id":"https:\/\/artnuances.com\/it\/#website"},"primaryImageOfPage":{"@id":"https:\/\/artnuances.com\/it\/artworks\/the-dying-swan-ballet\/#primaryimage"},"image":{"@id":"https:\/\/artnuances.com\/it\/artworks\/the-dying-swan-ballet\/#primaryimage"},"thumbnailUrl":"https:\/\/artnuances.com\/wp-content\/uploads\/2023\/08\/The-Dying-Swan-Ballet-an.jpg","datePublished":"2023-08-17T14:52:50+00:00","dateModified":"2023-08-17T15:05:36+00:00","description":"The Dying Swan Ballet. Forse tra le espressioni artistiche nella danza classica, la Morte del Cigno \u00e8 tra le pi\u00f9 conosciute","breadcrumb":{"@id":"https:\/\/artnuances.com\/it\/artworks\/the-dying-swan-ballet\/#breadcrumb"},"inLanguage":"it-IT","potentialAction":[{"@type":"ReadAction","target":["https:\/\/artnuances.com\/it\/artworks\/the-dying-swan-ballet\/"]}]},{"@type":"ImageObject","inLanguage":"it-IT","@id":"https:\/\/artnuances.com\/it\/artworks\/the-dying-swan-ballet\/#primaryimage","url":"https:\/\/artnuances.com\/wp-content\/uploads\/2023\/08\/The-Dying-Swan-Ballet-an.jpg","contentUrl":"https:\/\/artnuances.com\/wp-content\/uploads\/2023\/08\/The-Dying-Swan-Ballet-an.jpg","width":2020,"height":1417,"caption":"The Dying Swan Ballet"},{"@type":"BreadcrumbList","@id":"https:\/\/artnuances.com\/it\/artworks\/the-dying-swan-ballet\/#breadcrumb","itemListElement":[{"@type":"ListItem","position":1,"name":"Home","item":"https:\/\/artnuances.com\/it\/"},{"@type":"ListItem","position":2,"name":"Shop online","item":"https:\/\/artnuances.com\/it\/shop-online-galleria-darte-artnuances\/"},{"@type":"ListItem","position":3,"name":"The Dying Swan Ballet"}]},{"@type":"WebSite","@id":"https:\/\/artnuances.com\/it\/#website","url":"https:\/\/artnuances.com\/it\/","name":"Artnuances - Art gallery online","description":"Artnuances Gallery","publisher":{"@id":"https:\/\/artnuances.com\/it\/#organization"},"potentialAction":[{"@type":"SearchAction","target":{"@type":"EntryPoint","urlTemplate":"https:\/\/artnuances.com\/it\/?s={search_term_string}"},"query-input":{"@type":"PropertyValueSpecification","valueRequired":true,"valueName":"search_term_string"}}],"inLanguage":"it-IT"},{"@type":"Organization","@id":"https:\/\/artnuances.com\/it\/#organization","name":"Studio Artnuances LTD","url":"https:\/\/artnuances.com\/it\/","logo":{"@type":"ImageObject","inLanguage":"it-IT","@id":"https:\/\/artnuances.com\/it\/#\/schema\/logo\/image\/","url":"https:\/\/artnuances.com\/wp-content\/uploads\/2019\/09\/artnuanse.png","contentUrl":"https:\/\/artnuances.com\/wp-content\/uploads\/2019\/09\/artnuanse.png","width":622,"height":622,"caption":"Studio Artnuances LTD"},"image":{"@id":"https:\/\/artnuances.com\/it\/#\/schema\/logo\/image\/"},"sameAs":["https:\/\/www.facebook.com\/studioartnuances\/","https:\/\/www.instagram.com\/studioartnuances\/","https:\/\/www.youtube.com\/channel\/UCoU2Nb_B-2BOiDcO292sggg"]}]}},"_links":{"self":[{"href":"https:\/\/artnuances.com\/it\/wp-json\/wp\/v2\/product\/40164","targetHints":{"allow":["GET"]}}],"collection":[{"href":"https:\/\/artnuances.com\/it\/wp-json\/wp\/v2\/product"}],"about":[{"href":"https:\/\/artnuances.com\/it\/wp-json\/wp\/v2\/types\/product"}],"replies":[{"embeddable":true,"href":"https:\/\/artnuances.com\/it\/wp-json\/wp\/v2\/comments?post=40164"}],"wp:featuredmedia":[{"embeddable":true,"href":"https:\/\/artnuances.com\/it\/wp-json\/wp\/v2\/media\/40146"}],"wp:attachment":[{"href":"https:\/\/artnuances.com\/it\/wp-json\/wp\/v2\/media?parent=40164"}],"wp:term":[{"taxonomy":"product_brand","embeddable":true,"href":"https:\/\/artnuances.com\/it\/wp-json\/wp\/v2\/product_brand?post=40164"},{"taxonomy":"product_cat","embeddable":true,"href":"https:\/\/artnuances.com\/it\/wp-json\/wp\/v2\/product_cat?post=40164"},{"taxonomy":"product_tag","embeddable":true,"href":"https:\/\/artnuances.com\/it\/wp-json\/wp\/v2\/product_tag?post=40164"}],"curies":[{"name":"wp","href":"https:\/\/api.w.org\/{rel}","templated":true}]}}