{"id":39127,"date":"2023-05-09T08:28:09","date_gmt":"2023-05-09T08:28:09","guid":{"rendered":"https:\/\/www.artnuances-com-717041.hostingersite.com\/?post_type=product&#038;p=39127"},"modified":"2023-05-09T08:41:15","modified_gmt":"2023-05-09T08:41:15","slug":"sun-with-glaciers","status":"publish","type":"product","link":"https:\/\/artnuances.com\/it\/artworks\/sun-with-glaciers\/","title":{"rendered":"Sun with Glaciers"},"content":{"rendered":"<section class=\"l-section wpb_row height_large\"><div class=\"l-section-h i-cf\"><div class=\"g-cols vc_row via_flex valign_top type_default stacking_default\"><div class=\"vc_col-sm-12 wpb_column vc_column_container\"><div class=\"vc_column-inner\"><div class=\"wpb_wrapper\"><div class=\"wpb_text_column\"><div class=\"wpb_wrapper\"><h1><strong><em>Sun with Glaciers<\/em> \u00e8 un&#8217;opera di <\/strong><strong><a href=\"\/?product_brand=surendra-sarat\">Surendra Narayan Saraf<\/a>.<\/strong><\/h1>\n<h3>Sun with Glaciers. La natura spesso ci offre dei contrasti, che fatichiamo a comprendere. Questo ritratto da Surendra ne \u00e8 un esempio. Il massimo del caldo con il suo opposto. Un incontro che normalmente vede il ghiaccio soccombere, in realt\u00e0 \u00e8 un incontro che la natura fa quotidianamente a certe latitudini. Purtroppo in questi ultimi anni questo incontro si sta trasformando sempre pi\u00f9 in uno scontro e l&#8217;uomo ne subir\u00e0 le conseguenze.<\/h3>\n<h3><\/h3>\n<\/div><\/div><\/div><\/div><\/div><\/div><\/div><\/section>\n","protected":false},"excerpt":{"rendered":"Sun with Glaciers \u00e8 un&#8217;opera di Surendra Narayan Saraf. Sun with Glaciers. La natura spesso ci offre dei contrasti, che fatichiamo a comprendere. Questo ritratto da Surendra ne \u00e8 un esempio. Il massimo del caldo con il suo opposto. Un incontro che normalmente vede il ghiaccio soccombere, in realt\u00e0 \u00e8 un incontro che la natura...","protected":false},"featured_media":39129,"comment_status":"closed","ping_status":"closed","template":"","meta":{"_acf_changed":false},"product_brand":[207],"product_cat":[116,128,131],"product_tag":[],"class_list":{"0":"post-39127","1":"product","2":"type-product","3":"status-publish","4":"has-post-thumbnail","6":"product_brand-surendra-saraf-it","7":"product_cat-dipinti","8":"product_cat-natura","9":"product_cat-scenografico","10":"product_shipping_class-tube-it","12":"first","13":"instock","14":"featured","15":"purchasable","16":"product-type-simple"},"acf":[],"yoast_head":"<!-- This site is optimized with the Yoast SEO plugin v27.3 - https:\/\/yoast.com\/product\/yoast-seo-wordpress\/ -->\n<title>Sun with Glaciers - Surendra Saraf - Artnuances Gallery<\/title>\n<meta name=\"description\" content=\"Sun with Glaciers. La natura spesso ci offre contrasti, che facciamo fatica a comprendere. Questo ritratto di Surendra ne \u00e8 un esempio. Massimo calore con...\" \/>\n<meta name=\"robots\" content=\"index, follow, max-snippet:-1, max-image-preview:large, max-video-preview:-1\" \/>\n<link rel=\"canonical\" href=\"https:\/\/artnuances.com\/it\/artworks\/sun-with-glaciers\/\" \/>\n<meta property=\"og:locale\" content=\"it_IT\" \/>\n<meta property=\"og:type\" content=\"article\" \/>\n<meta property=\"og:title\" content=\"Sun with Glaciers - Surendra Saraf - Artnuances Gallery\" \/>\n<meta property=\"og:description\" content=\"Sun with Glaciers. La natura spesso ci offre contrasti, che facciamo fatica a comprendere. Questo ritratto di Surendra ne \u00e8 un esempio. Massimo calore con...\" \/>\n<meta property=\"og:url\" content=\"https:\/\/artnuances.com\/it\/artworks\/sun-with-glaciers\/\" \/>\n<meta property=\"og:site_name\" content=\"Artnuances - Art gallery online\" \/>\n<meta property=\"article:publisher\" content=\"https:\/\/www.facebook.com\/studioartnuances\/\" \/>\n<meta property=\"article:modified_time\" content=\"2023-05-09T08:41:15+00:00\" \/>\n<meta property=\"og:image\" content=\"https:\/\/artnuances.com\/wp-content\/uploads\/2023\/05\/sun-with-Glaciers-an.jpg\" \/>\n\t<meta property=\"og:image:width\" content=\"2020\" \/>\n\t<meta property=\"og:image:height\" content=\"2502\" \/>\n\t<meta property=\"og:image:type\" content=\"image\/jpeg\" \/>\n<meta name=\"twitter:card\" content=\"summary_large_image\" \/>\n<script type=\"application\/ld+json\" class=\"yoast-schema-graph\">{\"@context\":\"https:\\\/\\\/schema.org\",\"@graph\":[{\"@type\":\"WebPage\",\"@id\":\"https:\\\/\\\/artnuances.com\\\/it\\\/artworks\\\/sun-with-glaciers\\\/\",\"url\":\"https:\\\/\\\/artnuances.com\\\/it\\\/artworks\\\/sun-with-glaciers\\\/\",\"name\":\"Sun with Glaciers - Surendra Saraf - Artnuances Gallery\",\"isPartOf\":{\"@id\":\"https:\\\/\\\/artnuances.com\\\/it\\\/#website\"},\"primaryImageOfPage\":{\"@id\":\"https:\\\/\\\/artnuances.com\\\/it\\\/artworks\\\/sun-with-glaciers\\\/#primaryimage\"},\"image\":{\"@id\":\"https:\\\/\\\/artnuances.com\\\/it\\\/artworks\\\/sun-with-glaciers\\\/#primaryimage\"},\"thumbnailUrl\":\"https:\\\/\\\/artnuances.com\\\/wp-content\\\/uploads\\\/2023\\\/05\\\/sun-with-Glaciers-an.jpg\",\"datePublished\":\"2023-05-09T08:28:09+00:00\",\"dateModified\":\"2023-05-09T08:41:15+00:00\",\"description\":\"Sun with Glaciers. La natura spesso ci offre contrasti, che facciamo fatica a comprendere. Questo ritratto di Surendra ne \u00e8 un esempio. Massimo calore con...\",\"breadcrumb\":{\"@id\":\"https:\\\/\\\/artnuances.com\\\/it\\\/artworks\\\/sun-with-glaciers\\\/#breadcrumb\"},\"inLanguage\":\"it-IT\",\"potentialAction\":[{\"@type\":\"ReadAction\",\"target\":[\"https:\\\/\\\/artnuances.com\\\/it\\\/artworks\\\/sun-with-glaciers\\\/\"]}]},{\"@type\":\"ImageObject\",\"inLanguage\":\"it-IT\",\"@id\":\"https:\\\/\\\/artnuances.com\\\/it\\\/artworks\\\/sun-with-glaciers\\\/#primaryimage\",\"url\":\"https:\\\/\\\/artnuances.com\\\/wp-content\\\/uploads\\\/2023\\\/05\\\/sun-with-Glaciers-an.jpg\",\"contentUrl\":\"https:\\\/\\\/artnuances.com\\\/wp-content\\\/uploads\\\/2023\\\/05\\\/sun-with-Glaciers-an.jpg\",\"width\":2020,\"height\":2502},{\"@type\":\"BreadcrumbList\",\"@id\":\"https:\\\/\\\/artnuances.com\\\/it\\\/artworks\\\/sun-with-glaciers\\\/#breadcrumb\",\"itemListElement\":[{\"@type\":\"ListItem\",\"position\":1,\"name\":\"Home\",\"item\":\"https:\\\/\\\/artnuances.com\\\/it\\\/\"},{\"@type\":\"ListItem\",\"position\":2,\"name\":\"Shop online\",\"item\":\"https:\\\/\\\/artnuances.com\\\/it\\\/shop-online-galleria-darte-artnuances\\\/\"},{\"@type\":\"ListItem\",\"position\":3,\"name\":\"Sun with Glaciers\"}]},{\"@type\":\"WebSite\",\"@id\":\"https:\\\/\\\/artnuances.com\\\/it\\\/#website\",\"url\":\"https:\\\/\\\/artnuances.com\\\/it\\\/\",\"name\":\"Artnuances - Art gallery online\",\"description\":\"Artnuances Gallery\",\"publisher\":{\"@id\":\"https:\\\/\\\/artnuances.com\\\/it\\\/#organization\"},\"potentialAction\":[{\"@type\":\"SearchAction\",\"target\":{\"@type\":\"EntryPoint\",\"urlTemplate\":\"https:\\\/\\\/artnuances.com\\\/it\\\/?s={search_term_string}\"},\"query-input\":{\"@type\":\"PropertyValueSpecification\",\"valueRequired\":true,\"valueName\":\"search_term_string\"}}],\"inLanguage\":\"it-IT\"},{\"@type\":\"Organization\",\"@id\":\"https:\\\/\\\/artnuances.com\\\/it\\\/#organization\",\"name\":\"Studio Artnuances LTD\",\"url\":\"https:\\\/\\\/artnuances.com\\\/it\\\/\",\"logo\":{\"@type\":\"ImageObject\",\"inLanguage\":\"it-IT\",\"@id\":\"https:\\\/\\\/artnuances.com\\\/it\\\/#\\\/schema\\\/logo\\\/image\\\/\",\"url\":\"https:\\\/\\\/artnuances.com\\\/wp-content\\\/uploads\\\/2019\\\/09\\\/artnuanse.png\",\"contentUrl\":\"https:\\\/\\\/artnuances.com\\\/wp-content\\\/uploads\\\/2019\\\/09\\\/artnuanse.png\",\"width\":622,\"height\":622,\"caption\":\"Studio Artnuances LTD\"},\"image\":{\"@id\":\"https:\\\/\\\/artnuances.com\\\/it\\\/#\\\/schema\\\/logo\\\/image\\\/\"},\"sameAs\":[\"https:\\\/\\\/www.facebook.com\\\/studioartnuances\\\/\",\"https:\\\/\\\/www.instagram.com\\\/studioartnuances\\\/\",\"https:\\\/\\\/www.youtube.com\\\/channel\\\/UCoU2Nb_B-2BOiDcO292sggg\"]}]}<\/script>\n<!-- \/ Yoast SEO plugin. -->","yoast_head_json":{"title":"Sun with Glaciers - Surendra Saraf - Artnuances Gallery","description":"Sun with Glaciers. La natura spesso ci offre contrasti, che facciamo fatica a comprendere. Questo ritratto di Surendra ne \u00e8 un esempio. Massimo calore con...","robots":{"index":"index","follow":"follow","max-snippet":"max-snippet:-1","max-image-preview":"max-image-preview:large","max-video-preview":"max-video-preview:-1"},"canonical":"https:\/\/artnuances.com\/it\/artworks\/sun-with-glaciers\/","og_locale":"it_IT","og_type":"article","og_title":"Sun with Glaciers - Surendra Saraf - Artnuances Gallery","og_description":"Sun with Glaciers. La natura spesso ci offre contrasti, che facciamo fatica a comprendere. Questo ritratto di Surendra ne \u00e8 un esempio. Massimo calore con...","og_url":"https:\/\/artnuances.com\/it\/artworks\/sun-with-glaciers\/","og_site_name":"Artnuances - Art gallery online","article_publisher":"https:\/\/www.facebook.com\/studioartnuances\/","article_modified_time":"2023-05-09T08:41:15+00:00","og_image":[{"width":2020,"height":2502,"url":"https:\/\/artnuances.com\/wp-content\/uploads\/2023\/05\/sun-with-Glaciers-an.jpg","type":"image\/jpeg"}],"twitter_card":"summary_large_image","schema":{"@context":"https:\/\/schema.org","@graph":[{"@type":"WebPage","@id":"https:\/\/artnuances.com\/it\/artworks\/sun-with-glaciers\/","url":"https:\/\/artnuances.com\/it\/artworks\/sun-with-glaciers\/","name":"Sun with Glaciers - Surendra Saraf - Artnuances Gallery","isPartOf":{"@id":"https:\/\/artnuances.com\/it\/#website"},"primaryImageOfPage":{"@id":"https:\/\/artnuances.com\/it\/artworks\/sun-with-glaciers\/#primaryimage"},"image":{"@id":"https:\/\/artnuances.com\/it\/artworks\/sun-with-glaciers\/#primaryimage"},"thumbnailUrl":"https:\/\/artnuances.com\/wp-content\/uploads\/2023\/05\/sun-with-Glaciers-an.jpg","datePublished":"2023-05-09T08:28:09+00:00","dateModified":"2023-05-09T08:41:15+00:00","description":"Sun with Glaciers. La natura spesso ci offre contrasti, che facciamo fatica a comprendere. Questo ritratto di Surendra ne \u00e8 un esempio. Massimo calore con...","breadcrumb":{"@id":"https:\/\/artnuances.com\/it\/artworks\/sun-with-glaciers\/#breadcrumb"},"inLanguage":"it-IT","potentialAction":[{"@type":"ReadAction","target":["https:\/\/artnuances.com\/it\/artworks\/sun-with-glaciers\/"]}]},{"@type":"ImageObject","inLanguage":"it-IT","@id":"https:\/\/artnuances.com\/it\/artworks\/sun-with-glaciers\/#primaryimage","url":"https:\/\/artnuances.com\/wp-content\/uploads\/2023\/05\/sun-with-Glaciers-an.jpg","contentUrl":"https:\/\/artnuances.com\/wp-content\/uploads\/2023\/05\/sun-with-Glaciers-an.jpg","width":2020,"height":2502},{"@type":"BreadcrumbList","@id":"https:\/\/artnuances.com\/it\/artworks\/sun-with-glaciers\/#breadcrumb","itemListElement":[{"@type":"ListItem","position":1,"name":"Home","item":"https:\/\/artnuances.com\/it\/"},{"@type":"ListItem","position":2,"name":"Shop online","item":"https:\/\/artnuances.com\/it\/shop-online-galleria-darte-artnuances\/"},{"@type":"ListItem","position":3,"name":"Sun with Glaciers"}]},{"@type":"WebSite","@id":"https:\/\/artnuances.com\/it\/#website","url":"https:\/\/artnuances.com\/it\/","name":"Artnuances - Art gallery online","description":"Artnuances Gallery","publisher":{"@id":"https:\/\/artnuances.com\/it\/#organization"},"potentialAction":[{"@type":"SearchAction","target":{"@type":"EntryPoint","urlTemplate":"https:\/\/artnuances.com\/it\/?s={search_term_string}"},"query-input":{"@type":"PropertyValueSpecification","valueRequired":true,"valueName":"search_term_string"}}],"inLanguage":"it-IT"},{"@type":"Organization","@id":"https:\/\/artnuances.com\/it\/#organization","name":"Studio Artnuances LTD","url":"https:\/\/artnuances.com\/it\/","logo":{"@type":"ImageObject","inLanguage":"it-IT","@id":"https:\/\/artnuances.com\/it\/#\/schema\/logo\/image\/","url":"https:\/\/artnuances.com\/wp-content\/uploads\/2019\/09\/artnuanse.png","contentUrl":"https:\/\/artnuances.com\/wp-content\/uploads\/2019\/09\/artnuanse.png","width":622,"height":622,"caption":"Studio Artnuances LTD"},"image":{"@id":"https:\/\/artnuances.com\/it\/#\/schema\/logo\/image\/"},"sameAs":["https:\/\/www.facebook.com\/studioartnuances\/","https:\/\/www.instagram.com\/studioartnuances\/","https:\/\/www.youtube.com\/channel\/UCoU2Nb_B-2BOiDcO292sggg"]}]}},"_links":{"self":[{"href":"https:\/\/artnuances.com\/it\/wp-json\/wp\/v2\/product\/39127","targetHints":{"allow":["GET"]}}],"collection":[{"href":"https:\/\/artnuances.com\/it\/wp-json\/wp\/v2\/product"}],"about":[{"href":"https:\/\/artnuances.com\/it\/wp-json\/wp\/v2\/types\/product"}],"replies":[{"embeddable":true,"href":"https:\/\/artnuances.com\/it\/wp-json\/wp\/v2\/comments?post=39127"}],"wp:featuredmedia":[{"embeddable":true,"href":"https:\/\/artnuances.com\/it\/wp-json\/wp\/v2\/media\/39129"}],"wp:attachment":[{"href":"https:\/\/artnuances.com\/it\/wp-json\/wp\/v2\/media?parent=39127"}],"wp:term":[{"taxonomy":"product_brand","embeddable":true,"href":"https:\/\/artnuances.com\/it\/wp-json\/wp\/v2\/product_brand?post=39127"},{"taxonomy":"product_cat","embeddable":true,"href":"https:\/\/artnuances.com\/it\/wp-json\/wp\/v2\/product_cat?post=39127"},{"taxonomy":"product_tag","embeddable":true,"href":"https:\/\/artnuances.com\/it\/wp-json\/wp\/v2\/product_tag?post=39127"}],"curies":[{"name":"wp","href":"https:\/\/api.w.org\/{rel}","templated":true}]}}