{"id":37343,"date":"2023-02-23T17:10:56","date_gmt":"2023-02-23T17:10:57","guid":{"rendered":"https:\/\/www.artnuances-com-717041.hostingersite.com\/?post_type=product&#038;p=37343"},"modified":"2023-05-29T08:49:41","modified_gmt":"2023-05-29T08:49:41","slug":"consideration","status":"publish","type":"product","link":"https:\/\/artnuances.com\/it\/artworks\/consideration\/","title":{"rendered":"Consideration"},"content":{"rendered":"<section class=\"l-section wpb_row height_large\"><div class=\"l-section-h i-cf\"><div class=\"g-cols vc_row via_flex valign_top type_default stacking_default\"><div class=\"vc_col-sm-12 wpb_column vc_column_container\"><div class=\"vc_column-inner\"><div class=\"wpb_wrapper\"><div class=\"wpb_text_column\"><div class=\"wpb_wrapper\"><h1><em><strong>Consideration, <\/strong><\/em><strong>\u00e8 una scultura di <\/strong><strong><a href=\"https:\/\/artnuances.com\/it\/authors\/liubka-kirilova-it\/\" target=\"_blank\" rel=\"noopener noreferrer\">Liubka Kirilova.<\/a><\/strong><\/h1>\n<h3>Consideration. Alla nostra Galleria, quello che ha colpito della capacit\u00e0 artistica di Liubka Kirilova, \u00e8 la sua capacit\u00e0 di immortalare momenti di vita, dandogli sempre un&#8217;aurea serena. La donna che siede, non esprime preoccupazione, ma serenit\u00e0. Tranquillamente riflette e si rilassa, le sue braccia distese sulle sue ginocchia, la testa leggermente reclinata, i piedi che sfiorano il pavimento. Calma, pace.<\/h3>\n<\/div><\/div><\/div><\/div><\/div><\/div><\/div><\/section>\n","protected":false},"excerpt":{"rendered":"Consideration, \u00e8 una scultura di Liubka Kirilova. Consideration. Alla nostra Galleria, quello che ha colpito della capacit\u00e0 artistica di Liubka Kirilova, \u00e8 la sua capacit\u00e0 di immortalare momenti di vita, dandogli sempre un&#8217;aurea serena. La donna che siede, non esprime preoccupazione, ma serenit\u00e0. Tranquillamente riflette e si rilassa, le sue braccia distese sulle sue ginocchia,...","protected":false},"featured_media":37331,"comment_status":"closed","ping_status":"closed","template":"","meta":{"_acf_changed":false},"product_brand":[145],"product_cat":[133],"product_tag":[],"class_list":{"0":"post-37343","1":"product","2":"type-product","3":"status-publish","4":"has-post-thumbnail","6":"product_brand-liubka-kirilova-it","7":"product_cat-scultura","8":"product_shipping_class-spedizione-in-cassa-di-legno","10":"first","11":"instock","12":"featured","13":"purchasable","14":"product-type-simple"},"acf":[],"yoast_head":"<!-- This site is optimized with the Yoast SEO plugin v27.3 - https:\/\/yoast.com\/product\/yoast-seo-wordpress\/ -->\n<title>Consideration - Liubka Kirilova - Artnuances Gallery<\/title>\n<meta name=\"description\" content=\"Considerazione. Presso la nostra Galleria, ci\u00f2 che ha colpito la capacit\u00e0 artistica di Liubka Kirilova \u00e8 la sua capacit\u00e0 di immortalare momenti della sua vita, donandole sempre un&#039;aria serena..\" \/>\n<meta name=\"robots\" content=\"index, follow, max-snippet:-1, max-image-preview:large, max-video-preview:-1\" \/>\n<link rel=\"canonical\" href=\"https:\/\/artnuances.com\/it\/artworks\/consideration\/\" \/>\n<meta property=\"og:locale\" content=\"it_IT\" \/>\n<meta property=\"og:type\" content=\"article\" \/>\n<meta property=\"og:title\" content=\"Consideration - Liubka Kirilova - Artnuances Gallery\" \/>\n<meta property=\"og:description\" content=\"Considerazione. Presso la nostra Galleria, ci\u00f2 che ha colpito la capacit\u00e0 artistica di Liubka Kirilova \u00e8 la sua capacit\u00e0 di immortalare momenti della sua vita, donandole sempre un&#039;aria serena..\" \/>\n<meta property=\"og:url\" content=\"https:\/\/artnuances.com\/it\/artworks\/consideration\/\" \/>\n<meta property=\"og:site_name\" content=\"Artnuances - Art gallery online\" \/>\n<meta property=\"article:publisher\" content=\"https:\/\/www.facebook.com\/studioartnuances\/\" \/>\n<meta property=\"article:modified_time\" content=\"2023-05-29T08:49:41+00:00\" \/>\n<meta property=\"og:image\" content=\"https:\/\/artnuances.com\/wp-content\/uploads\/2023\/02\/DSC02764-an-scaled.jpg\" \/>\n\t<meta property=\"og:image:width\" content=\"1950\" \/>\n\t<meta property=\"og:image:height\" content=\"2560\" \/>\n\t<meta property=\"og:image:type\" content=\"image\/jpeg\" \/>\n<meta name=\"twitter:card\" content=\"summary_large_image\" \/>\n<script type=\"application\/ld+json\" class=\"yoast-schema-graph\">{\"@context\":\"https:\\\/\\\/schema.org\",\"@graph\":[{\"@type\":\"WebPage\",\"@id\":\"https:\\\/\\\/artnuances.com\\\/it\\\/artworks\\\/consideration\\\/\",\"url\":\"https:\\\/\\\/artnuances.com\\\/it\\\/artworks\\\/consideration\\\/\",\"name\":\"Consideration - Liubka Kirilova - Artnuances Gallery\",\"isPartOf\":{\"@id\":\"https:\\\/\\\/artnuances.com\\\/it\\\/#website\"},\"primaryImageOfPage\":{\"@id\":\"https:\\\/\\\/artnuances.com\\\/it\\\/artworks\\\/consideration\\\/#primaryimage\"},\"image\":{\"@id\":\"https:\\\/\\\/artnuances.com\\\/it\\\/artworks\\\/consideration\\\/#primaryimage\"},\"thumbnailUrl\":\"https:\\\/\\\/artnuances.com\\\/wp-content\\\/uploads\\\/2023\\\/02\\\/DSC02764-an-scaled.jpg\",\"datePublished\":\"2023-02-23T17:10:57+00:00\",\"dateModified\":\"2023-05-29T08:49:41+00:00\",\"description\":\"Considerazione. Presso la nostra Galleria, ci\u00f2 che ha colpito la capacit\u00e0 artistica di Liubka Kirilova \u00e8 la sua capacit\u00e0 di immortalare momenti della sua vita, donandole sempre un'aria serena..\",\"breadcrumb\":{\"@id\":\"https:\\\/\\\/artnuances.com\\\/it\\\/artworks\\\/consideration\\\/#breadcrumb\"},\"inLanguage\":\"it-IT\",\"potentialAction\":[{\"@type\":\"ReadAction\",\"target\":[\"https:\\\/\\\/artnuances.com\\\/it\\\/artworks\\\/consideration\\\/\"]}]},{\"@type\":\"ImageObject\",\"inLanguage\":\"it-IT\",\"@id\":\"https:\\\/\\\/artnuances.com\\\/it\\\/artworks\\\/consideration\\\/#primaryimage\",\"url\":\"https:\\\/\\\/artnuances.com\\\/wp-content\\\/uploads\\\/2023\\\/02\\\/DSC02764-an-scaled.jpg\",\"contentUrl\":\"https:\\\/\\\/artnuances.com\\\/wp-content\\\/uploads\\\/2023\\\/02\\\/DSC02764-an-scaled.jpg\",\"width\":1950,\"height\":2560,\"caption\":\"Consideration\"},{\"@type\":\"BreadcrumbList\",\"@id\":\"https:\\\/\\\/artnuances.com\\\/it\\\/artworks\\\/consideration\\\/#breadcrumb\",\"itemListElement\":[{\"@type\":\"ListItem\",\"position\":1,\"name\":\"Home\",\"item\":\"https:\\\/\\\/artnuances.com\\\/it\\\/\"},{\"@type\":\"ListItem\",\"position\":2,\"name\":\"Shop online\",\"item\":\"https:\\\/\\\/artnuances.com\\\/it\\\/shop-online-galleria-darte-artnuances\\\/\"},{\"@type\":\"ListItem\",\"position\":3,\"name\":\"Consideration\"}]},{\"@type\":\"WebSite\",\"@id\":\"https:\\\/\\\/artnuances.com\\\/it\\\/#website\",\"url\":\"https:\\\/\\\/artnuances.com\\\/it\\\/\",\"name\":\"Artnuances - Art gallery online\",\"description\":\"Artnuances Gallery\",\"publisher\":{\"@id\":\"https:\\\/\\\/artnuances.com\\\/it\\\/#organization\"},\"potentialAction\":[{\"@type\":\"SearchAction\",\"target\":{\"@type\":\"EntryPoint\",\"urlTemplate\":\"https:\\\/\\\/artnuances.com\\\/it\\\/?s={search_term_string}\"},\"query-input\":{\"@type\":\"PropertyValueSpecification\",\"valueRequired\":true,\"valueName\":\"search_term_string\"}}],\"inLanguage\":\"it-IT\"},{\"@type\":\"Organization\",\"@id\":\"https:\\\/\\\/artnuances.com\\\/it\\\/#organization\",\"name\":\"Studio Artnuances LTD\",\"url\":\"https:\\\/\\\/artnuances.com\\\/it\\\/\",\"logo\":{\"@type\":\"ImageObject\",\"inLanguage\":\"it-IT\",\"@id\":\"https:\\\/\\\/artnuances.com\\\/it\\\/#\\\/schema\\\/logo\\\/image\\\/\",\"url\":\"https:\\\/\\\/artnuances.com\\\/wp-content\\\/uploads\\\/2019\\\/09\\\/artnuanse.png\",\"contentUrl\":\"https:\\\/\\\/artnuances.com\\\/wp-content\\\/uploads\\\/2019\\\/09\\\/artnuanse.png\",\"width\":622,\"height\":622,\"caption\":\"Studio Artnuances LTD\"},\"image\":{\"@id\":\"https:\\\/\\\/artnuances.com\\\/it\\\/#\\\/schema\\\/logo\\\/image\\\/\"},\"sameAs\":[\"https:\\\/\\\/www.facebook.com\\\/studioartnuances\\\/\",\"https:\\\/\\\/www.instagram.com\\\/studioartnuances\\\/\",\"https:\\\/\\\/www.youtube.com\\\/channel\\\/UCoU2Nb_B-2BOiDcO292sggg\"]}]}<\/script>\n<!-- \/ Yoast SEO plugin. -->","yoast_head_json":{"title":"Consideration - Liubka Kirilova - Artnuances Gallery","description":"Considerazione. Presso la nostra Galleria, ci\u00f2 che ha colpito la capacit\u00e0 artistica di Liubka Kirilova \u00e8 la sua capacit\u00e0 di immortalare momenti della sua vita, donandole sempre un'aria serena..","robots":{"index":"index","follow":"follow","max-snippet":"max-snippet:-1","max-image-preview":"max-image-preview:large","max-video-preview":"max-video-preview:-1"},"canonical":"https:\/\/artnuances.com\/it\/artworks\/consideration\/","og_locale":"it_IT","og_type":"article","og_title":"Consideration - Liubka Kirilova - Artnuances Gallery","og_description":"Considerazione. Presso la nostra Galleria, ci\u00f2 che ha colpito la capacit\u00e0 artistica di Liubka Kirilova \u00e8 la sua capacit\u00e0 di immortalare momenti della sua vita, donandole sempre un'aria serena..","og_url":"https:\/\/artnuances.com\/it\/artworks\/consideration\/","og_site_name":"Artnuances - Art gallery online","article_publisher":"https:\/\/www.facebook.com\/studioartnuances\/","article_modified_time":"2023-05-29T08:49:41+00:00","og_image":[{"width":1950,"height":2560,"url":"https:\/\/artnuances.com\/wp-content\/uploads\/2023\/02\/DSC02764-an-scaled.jpg","type":"image\/jpeg"}],"twitter_card":"summary_large_image","schema":{"@context":"https:\/\/schema.org","@graph":[{"@type":"WebPage","@id":"https:\/\/artnuances.com\/it\/artworks\/consideration\/","url":"https:\/\/artnuances.com\/it\/artworks\/consideration\/","name":"Consideration - Liubka Kirilova - Artnuances Gallery","isPartOf":{"@id":"https:\/\/artnuances.com\/it\/#website"},"primaryImageOfPage":{"@id":"https:\/\/artnuances.com\/it\/artworks\/consideration\/#primaryimage"},"image":{"@id":"https:\/\/artnuances.com\/it\/artworks\/consideration\/#primaryimage"},"thumbnailUrl":"https:\/\/artnuances.com\/wp-content\/uploads\/2023\/02\/DSC02764-an-scaled.jpg","datePublished":"2023-02-23T17:10:57+00:00","dateModified":"2023-05-29T08:49:41+00:00","description":"Considerazione. Presso la nostra Galleria, ci\u00f2 che ha colpito la capacit\u00e0 artistica di Liubka Kirilova \u00e8 la sua capacit\u00e0 di immortalare momenti della sua vita, donandole sempre un'aria serena..","breadcrumb":{"@id":"https:\/\/artnuances.com\/it\/artworks\/consideration\/#breadcrumb"},"inLanguage":"it-IT","potentialAction":[{"@type":"ReadAction","target":["https:\/\/artnuances.com\/it\/artworks\/consideration\/"]}]},{"@type":"ImageObject","inLanguage":"it-IT","@id":"https:\/\/artnuances.com\/it\/artworks\/consideration\/#primaryimage","url":"https:\/\/artnuances.com\/wp-content\/uploads\/2023\/02\/DSC02764-an-scaled.jpg","contentUrl":"https:\/\/artnuances.com\/wp-content\/uploads\/2023\/02\/DSC02764-an-scaled.jpg","width":1950,"height":2560,"caption":"Consideration"},{"@type":"BreadcrumbList","@id":"https:\/\/artnuances.com\/it\/artworks\/consideration\/#breadcrumb","itemListElement":[{"@type":"ListItem","position":1,"name":"Home","item":"https:\/\/artnuances.com\/it\/"},{"@type":"ListItem","position":2,"name":"Shop online","item":"https:\/\/artnuances.com\/it\/shop-online-galleria-darte-artnuances\/"},{"@type":"ListItem","position":3,"name":"Consideration"}]},{"@type":"WebSite","@id":"https:\/\/artnuances.com\/it\/#website","url":"https:\/\/artnuances.com\/it\/","name":"Artnuances - Art gallery online","description":"Artnuances Gallery","publisher":{"@id":"https:\/\/artnuances.com\/it\/#organization"},"potentialAction":[{"@type":"SearchAction","target":{"@type":"EntryPoint","urlTemplate":"https:\/\/artnuances.com\/it\/?s={search_term_string}"},"query-input":{"@type":"PropertyValueSpecification","valueRequired":true,"valueName":"search_term_string"}}],"inLanguage":"it-IT"},{"@type":"Organization","@id":"https:\/\/artnuances.com\/it\/#organization","name":"Studio Artnuances LTD","url":"https:\/\/artnuances.com\/it\/","logo":{"@type":"ImageObject","inLanguage":"it-IT","@id":"https:\/\/artnuances.com\/it\/#\/schema\/logo\/image\/","url":"https:\/\/artnuances.com\/wp-content\/uploads\/2019\/09\/artnuanse.png","contentUrl":"https:\/\/artnuances.com\/wp-content\/uploads\/2019\/09\/artnuanse.png","width":622,"height":622,"caption":"Studio Artnuances LTD"},"image":{"@id":"https:\/\/artnuances.com\/it\/#\/schema\/logo\/image\/"},"sameAs":["https:\/\/www.facebook.com\/studioartnuances\/","https:\/\/www.instagram.com\/studioartnuances\/","https:\/\/www.youtube.com\/channel\/UCoU2Nb_B-2BOiDcO292sggg"]}]}},"_links":{"self":[{"href":"https:\/\/artnuances.com\/it\/wp-json\/wp\/v2\/product\/37343","targetHints":{"allow":["GET"]}}],"collection":[{"href":"https:\/\/artnuances.com\/it\/wp-json\/wp\/v2\/product"}],"about":[{"href":"https:\/\/artnuances.com\/it\/wp-json\/wp\/v2\/types\/product"}],"replies":[{"embeddable":true,"href":"https:\/\/artnuances.com\/it\/wp-json\/wp\/v2\/comments?post=37343"}],"wp:featuredmedia":[{"embeddable":true,"href":"https:\/\/artnuances.com\/it\/wp-json\/wp\/v2\/media\/37331"}],"wp:attachment":[{"href":"https:\/\/artnuances.com\/it\/wp-json\/wp\/v2\/media?parent=37343"}],"wp:term":[{"taxonomy":"product_brand","embeddable":true,"href":"https:\/\/artnuances.com\/it\/wp-json\/wp\/v2\/product_brand?post=37343"},{"taxonomy":"product_cat","embeddable":true,"href":"https:\/\/artnuances.com\/it\/wp-json\/wp\/v2\/product_cat?post=37343"},{"taxonomy":"product_tag","embeddable":true,"href":"https:\/\/artnuances.com\/it\/wp-json\/wp\/v2\/product_tag?post=37343"}],"curies":[{"name":"wp","href":"https:\/\/api.w.org\/{rel}","templated":true}]}}