{"id":36447,"date":"2022-10-31T15:04:59","date_gmt":"2022-10-31T15:04:58","guid":{"rendered":"https:\/\/www.artnuances-com-717041.hostingersite.com\/?post_type=product&#038;p=36447"},"modified":"2024-10-21T09:20:27","modified_gmt":"2024-10-21T09:20:27","slug":"la-citta-dellamore","status":"publish","type":"product","link":"https:\/\/artnuances.com\/it\/artworks\/la-citta-dellamore\/","title":{"rendered":"La citt\u00e0 dell&#8217;amore"},"content":{"rendered":"<section class=\"l-section wpb_row height_large\"><div class=\"l-section-h i-cf\"><div class=\"g-cols vc_row via_flex valign_top type_default stacking_default\"><div class=\"vc_col-sm-12 wpb_column vc_column_container\"><div class=\"vc_column-inner\"><div class=\"wpb_wrapper\"><div class=\"wpb_text_column\"><div class=\"wpb_wrapper\"><h1><strong><em>La citt\u00e0 dell&#8217;amore,<\/em> \u00e8 un&#8217;opera di <a href=\"https:\/\/artnuances.com\/it\/authors\/natalia-vinogradova-it\/\">Natalia Vinogradova<\/a>.<\/strong><\/h1>\n<h3>La citt\u00e0 dell&#8217;amore. Lo stile di Natalia \u00e8 inconfondibile. Con la sua tecnica che sembra un antico affresco, sviluppa sempre temi molto romantici, onirici.<br \/>\nUna citt\u00e0 sospesa tra le nuvole esattamente come ci si sente quando si \u00e8 innamorati. Cupole, archi e due figure che si baciano teneramente.<\/h3>\n<h3><\/h3>\n<\/div><\/div><\/div><\/div><\/div><\/div><\/div><\/section><section class=\"l-section wpb_row height_large\"><div class=\"l-section-h i-cf\"><div class=\"g-cols vc_row via_flex valign_top type_default stacking_default\"><div class=\"vc_col-sm-12 wpb_column vc_column_container\"><div class=\"vc_column-inner\"><div class=\"wpb_wrapper\"><div class=\"w-video align_none ratio_16x9\"><div class=\"w-video-h\"><iframe loading=\"lazy\" title=\"Natalia Vinogradova Painter\" width=\"480\" height=\"360\" src=\"https:\/\/www.youtube.com\/embed\/XEWS9htAGBw?feature=oembed\" frameborder=\"0\" allow=\"accelerometer; autoplay; clipboard-write; encrypted-media; gyroscope; picture-in-picture\" allowfullscreen><\/iframe><\/div><\/div><\/div><\/div><\/div><\/div><\/div><\/section>\n","protected":false},"excerpt":{"rendered":"La citt\u00e0 dell&#8217;amore, \u00e8 un&#8217;opera di Natalia Vinogradova. La citt\u00e0 dell&#8217;amore. Lo stile di Natalia \u00e8 inconfondibile. Con la sua tecnica che sembra un antico affresco, sviluppa sempre temi molto romantici, onirici. Una citt\u00e0 sospesa tra le nuvole esattamente come ci si sente quando si \u00e8 innamorati. Cupole, archi e due figure che si baciano...","protected":false},"featured_media":36450,"comment_status":"closed","ping_status":"closed","template":"","meta":{"_acf_changed":false},"product_brand":[255],"product_cat":[116,131],"product_tag":[],"class_list":{"0":"post-36447","1":"product","2":"type-product","3":"status-publish","4":"has-post-thumbnail","6":"product_brand-natalia-vinogradova-it","7":"product_cat-dipinti","8":"product_cat-scenografico","9":"product_shipping_class-ships-in-a-tube","11":"first","12":"instock","13":"sale","14":"featured","15":"purchasable","16":"product-type-simple"},"acf":[],"yoast_head":"<!-- This site is optimized with the Yoast SEO plugin v27.3 - https:\/\/yoast.com\/product\/yoast-seo-wordpress\/ -->\n<title>La citt\u00e0 dell&#039;amore - Natalia Vinogradova - Artnuances Gallery<\/title>\n<meta name=\"description\" content=\"La citt\u00e0 dell&#039;amore. La citt\u00e0 dell&#039;amore. Lo stile di Natalia \u00e8 inconfondibile. Con la sua tecnica che sembra un antico affresco\" \/>\n<meta name=\"robots\" content=\"index, follow, max-snippet:-1, max-image-preview:large, max-video-preview:-1\" \/>\n<link rel=\"canonical\" href=\"https:\/\/artnuances.com\/it\/artworks\/la-citta-dellamore\/\" \/>\n<meta property=\"og:locale\" content=\"it_IT\" \/>\n<meta property=\"og:type\" content=\"article\" \/>\n<meta property=\"og:title\" content=\"La citt\u00e0 dell&#039;amore - Natalia Vinogradova - Artnuances Gallery\" \/>\n<meta property=\"og:description\" content=\"La citt\u00e0 dell&#039;amore. La citt\u00e0 dell&#039;amore. Lo stile di Natalia \u00e8 inconfondibile. Con la sua tecnica che sembra un antico affresco\" \/>\n<meta property=\"og:url\" content=\"https:\/\/artnuances.com\/it\/artworks\/la-citta-dellamore\/\" \/>\n<meta property=\"og:site_name\" content=\"Artnuances - Art gallery online\" \/>\n<meta property=\"article:publisher\" content=\"https:\/\/www.facebook.com\/studioartnuances\/\" \/>\n<meta property=\"article:modified_time\" content=\"2024-10-21T09:20:27+00:00\" \/>\n<meta property=\"og:image\" content=\"https:\/\/artnuances.com\/wp-content\/uploads\/2022\/10\/citto-dellamore-an-scaled.jpg\" \/>\n\t<meta property=\"og:image:width\" content=\"1870\" \/>\n\t<meta property=\"og:image:height\" content=\"2560\" \/>\n\t<meta property=\"og:image:type\" content=\"image\/jpeg\" \/>\n<meta name=\"twitter:card\" content=\"summary_large_image\" \/>\n<script type=\"application\/ld+json\" class=\"yoast-schema-graph\">{\"@context\":\"https:\\\/\\\/schema.org\",\"@graph\":[{\"@type\":\"WebPage\",\"@id\":\"https:\\\/\\\/artnuances.com\\\/it\\\/artworks\\\/la-citta-dellamore\\\/\",\"url\":\"https:\\\/\\\/artnuances.com\\\/it\\\/artworks\\\/la-citta-dellamore\\\/\",\"name\":\"La citt\u00e0 dell'amore - Natalia Vinogradova - Artnuances Gallery\",\"isPartOf\":{\"@id\":\"https:\\\/\\\/artnuances.com\\\/it\\\/#website\"},\"primaryImageOfPage\":{\"@id\":\"https:\\\/\\\/artnuances.com\\\/it\\\/artworks\\\/la-citta-dellamore\\\/#primaryimage\"},\"image\":{\"@id\":\"https:\\\/\\\/artnuances.com\\\/it\\\/artworks\\\/la-citta-dellamore\\\/#primaryimage\"},\"thumbnailUrl\":\"https:\\\/\\\/artnuances.com\\\/wp-content\\\/uploads\\\/2022\\\/10\\\/citto-dellamore-an-scaled.jpg\",\"datePublished\":\"2022-10-31T15:04:58+00:00\",\"dateModified\":\"2024-10-21T09:20:27+00:00\",\"description\":\"La citt\u00e0 dell'amore. La citt\u00e0 dell'amore. Lo stile di Natalia \u00e8 inconfondibile. Con la sua tecnica che sembra un antico affresco\",\"breadcrumb\":{\"@id\":\"https:\\\/\\\/artnuances.com\\\/it\\\/artworks\\\/la-citta-dellamore\\\/#breadcrumb\"},\"inLanguage\":\"it-IT\",\"potentialAction\":[{\"@type\":\"ReadAction\",\"target\":[\"https:\\\/\\\/artnuances.com\\\/it\\\/artworks\\\/la-citta-dellamore\\\/\"]}]},{\"@type\":\"ImageObject\",\"inLanguage\":\"it-IT\",\"@id\":\"https:\\\/\\\/artnuances.com\\\/it\\\/artworks\\\/la-citta-dellamore\\\/#primaryimage\",\"url\":\"https:\\\/\\\/artnuances.com\\\/wp-content\\\/uploads\\\/2022\\\/10\\\/citto-dellamore-an-scaled.jpg\",\"contentUrl\":\"https:\\\/\\\/artnuances.com\\\/wp-content\\\/uploads\\\/2022\\\/10\\\/citto-dellamore-an-scaled.jpg\",\"width\":1870,\"height\":2560},{\"@type\":\"BreadcrumbList\",\"@id\":\"https:\\\/\\\/artnuances.com\\\/it\\\/artworks\\\/la-citta-dellamore\\\/#breadcrumb\",\"itemListElement\":[{\"@type\":\"ListItem\",\"position\":1,\"name\":\"Home\",\"item\":\"https:\\\/\\\/artnuances.com\\\/it\\\/\"},{\"@type\":\"ListItem\",\"position\":2,\"name\":\"Shop online\",\"item\":\"https:\\\/\\\/artnuances.com\\\/it\\\/shop-online-galleria-darte-artnuances\\\/\"},{\"@type\":\"ListItem\",\"position\":3,\"name\":\"La citt\u00e0 dell&#8217;amore\"}]},{\"@type\":\"WebSite\",\"@id\":\"https:\\\/\\\/artnuances.com\\\/it\\\/#website\",\"url\":\"https:\\\/\\\/artnuances.com\\\/it\\\/\",\"name\":\"Artnuances - Art gallery online\",\"description\":\"Artnuances Gallery\",\"publisher\":{\"@id\":\"https:\\\/\\\/artnuances.com\\\/it\\\/#organization\"},\"potentialAction\":[{\"@type\":\"SearchAction\",\"target\":{\"@type\":\"EntryPoint\",\"urlTemplate\":\"https:\\\/\\\/artnuances.com\\\/it\\\/?s={search_term_string}\"},\"query-input\":{\"@type\":\"PropertyValueSpecification\",\"valueRequired\":true,\"valueName\":\"search_term_string\"}}],\"inLanguage\":\"it-IT\"},{\"@type\":\"Organization\",\"@id\":\"https:\\\/\\\/artnuances.com\\\/it\\\/#organization\",\"name\":\"Studio Artnuances LTD\",\"url\":\"https:\\\/\\\/artnuances.com\\\/it\\\/\",\"logo\":{\"@type\":\"ImageObject\",\"inLanguage\":\"it-IT\",\"@id\":\"https:\\\/\\\/artnuances.com\\\/it\\\/#\\\/schema\\\/logo\\\/image\\\/\",\"url\":\"https:\\\/\\\/artnuances.com\\\/wp-content\\\/uploads\\\/2019\\\/09\\\/artnuanse.png\",\"contentUrl\":\"https:\\\/\\\/artnuances.com\\\/wp-content\\\/uploads\\\/2019\\\/09\\\/artnuanse.png\",\"width\":622,\"height\":622,\"caption\":\"Studio Artnuances LTD\"},\"image\":{\"@id\":\"https:\\\/\\\/artnuances.com\\\/it\\\/#\\\/schema\\\/logo\\\/image\\\/\"},\"sameAs\":[\"https:\\\/\\\/www.facebook.com\\\/studioartnuances\\\/\",\"https:\\\/\\\/www.instagram.com\\\/studioartnuances\\\/\",\"https:\\\/\\\/www.youtube.com\\\/channel\\\/UCoU2Nb_B-2BOiDcO292sggg\"]}]}<\/script>\n<!-- \/ Yoast SEO plugin. -->","yoast_head_json":{"title":"La citt\u00e0 dell'amore - Natalia Vinogradova - Artnuances Gallery","description":"La citt\u00e0 dell'amore. La citt\u00e0 dell'amore. Lo stile di Natalia \u00e8 inconfondibile. Con la sua tecnica che sembra un antico affresco","robots":{"index":"index","follow":"follow","max-snippet":"max-snippet:-1","max-image-preview":"max-image-preview:large","max-video-preview":"max-video-preview:-1"},"canonical":"https:\/\/artnuances.com\/it\/artworks\/la-citta-dellamore\/","og_locale":"it_IT","og_type":"article","og_title":"La citt\u00e0 dell'amore - Natalia Vinogradova - Artnuances Gallery","og_description":"La citt\u00e0 dell'amore. La citt\u00e0 dell'amore. Lo stile di Natalia \u00e8 inconfondibile. Con la sua tecnica che sembra un antico affresco","og_url":"https:\/\/artnuances.com\/it\/artworks\/la-citta-dellamore\/","og_site_name":"Artnuances - Art gallery online","article_publisher":"https:\/\/www.facebook.com\/studioartnuances\/","article_modified_time":"2024-10-21T09:20:27+00:00","og_image":[{"width":1870,"height":2560,"url":"https:\/\/artnuances.com\/wp-content\/uploads\/2022\/10\/citto-dellamore-an-scaled.jpg","type":"image\/jpeg"}],"twitter_card":"summary_large_image","schema":{"@context":"https:\/\/schema.org","@graph":[{"@type":"WebPage","@id":"https:\/\/artnuances.com\/it\/artworks\/la-citta-dellamore\/","url":"https:\/\/artnuances.com\/it\/artworks\/la-citta-dellamore\/","name":"La citt\u00e0 dell'amore - Natalia Vinogradova - Artnuances Gallery","isPartOf":{"@id":"https:\/\/artnuances.com\/it\/#website"},"primaryImageOfPage":{"@id":"https:\/\/artnuances.com\/it\/artworks\/la-citta-dellamore\/#primaryimage"},"image":{"@id":"https:\/\/artnuances.com\/it\/artworks\/la-citta-dellamore\/#primaryimage"},"thumbnailUrl":"https:\/\/artnuances.com\/wp-content\/uploads\/2022\/10\/citto-dellamore-an-scaled.jpg","datePublished":"2022-10-31T15:04:58+00:00","dateModified":"2024-10-21T09:20:27+00:00","description":"La citt\u00e0 dell'amore. La citt\u00e0 dell'amore. Lo stile di Natalia \u00e8 inconfondibile. Con la sua tecnica che sembra un antico affresco","breadcrumb":{"@id":"https:\/\/artnuances.com\/it\/artworks\/la-citta-dellamore\/#breadcrumb"},"inLanguage":"it-IT","potentialAction":[{"@type":"ReadAction","target":["https:\/\/artnuances.com\/it\/artworks\/la-citta-dellamore\/"]}]},{"@type":"ImageObject","inLanguage":"it-IT","@id":"https:\/\/artnuances.com\/it\/artworks\/la-citta-dellamore\/#primaryimage","url":"https:\/\/artnuances.com\/wp-content\/uploads\/2022\/10\/citto-dellamore-an-scaled.jpg","contentUrl":"https:\/\/artnuances.com\/wp-content\/uploads\/2022\/10\/citto-dellamore-an-scaled.jpg","width":1870,"height":2560},{"@type":"BreadcrumbList","@id":"https:\/\/artnuances.com\/it\/artworks\/la-citta-dellamore\/#breadcrumb","itemListElement":[{"@type":"ListItem","position":1,"name":"Home","item":"https:\/\/artnuances.com\/it\/"},{"@type":"ListItem","position":2,"name":"Shop online","item":"https:\/\/artnuances.com\/it\/shop-online-galleria-darte-artnuances\/"},{"@type":"ListItem","position":3,"name":"La citt\u00e0 dell&#8217;amore"}]},{"@type":"WebSite","@id":"https:\/\/artnuances.com\/it\/#website","url":"https:\/\/artnuances.com\/it\/","name":"Artnuances - Art gallery online","description":"Artnuances Gallery","publisher":{"@id":"https:\/\/artnuances.com\/it\/#organization"},"potentialAction":[{"@type":"SearchAction","target":{"@type":"EntryPoint","urlTemplate":"https:\/\/artnuances.com\/it\/?s={search_term_string}"},"query-input":{"@type":"PropertyValueSpecification","valueRequired":true,"valueName":"search_term_string"}}],"inLanguage":"it-IT"},{"@type":"Organization","@id":"https:\/\/artnuances.com\/it\/#organization","name":"Studio Artnuances LTD","url":"https:\/\/artnuances.com\/it\/","logo":{"@type":"ImageObject","inLanguage":"it-IT","@id":"https:\/\/artnuances.com\/it\/#\/schema\/logo\/image\/","url":"https:\/\/artnuances.com\/wp-content\/uploads\/2019\/09\/artnuanse.png","contentUrl":"https:\/\/artnuances.com\/wp-content\/uploads\/2019\/09\/artnuanse.png","width":622,"height":622,"caption":"Studio Artnuances LTD"},"image":{"@id":"https:\/\/artnuances.com\/it\/#\/schema\/logo\/image\/"},"sameAs":["https:\/\/www.facebook.com\/studioartnuances\/","https:\/\/www.instagram.com\/studioartnuances\/","https:\/\/www.youtube.com\/channel\/UCoU2Nb_B-2BOiDcO292sggg"]}]}},"_links":{"self":[{"href":"https:\/\/artnuances.com\/it\/wp-json\/wp\/v2\/product\/36447","targetHints":{"allow":["GET"]}}],"collection":[{"href":"https:\/\/artnuances.com\/it\/wp-json\/wp\/v2\/product"}],"about":[{"href":"https:\/\/artnuances.com\/it\/wp-json\/wp\/v2\/types\/product"}],"replies":[{"embeddable":true,"href":"https:\/\/artnuances.com\/it\/wp-json\/wp\/v2\/comments?post=36447"}],"wp:featuredmedia":[{"embeddable":true,"href":"https:\/\/artnuances.com\/it\/wp-json\/wp\/v2\/media\/36450"}],"wp:attachment":[{"href":"https:\/\/artnuances.com\/it\/wp-json\/wp\/v2\/media?parent=36447"}],"wp:term":[{"taxonomy":"product_brand","embeddable":true,"href":"https:\/\/artnuances.com\/it\/wp-json\/wp\/v2\/product_brand?post=36447"},{"taxonomy":"product_cat","embeddable":true,"href":"https:\/\/artnuances.com\/it\/wp-json\/wp\/v2\/product_cat?post=36447"},{"taxonomy":"product_tag","embeddable":true,"href":"https:\/\/artnuances.com\/it\/wp-json\/wp\/v2\/product_tag?post=36447"}],"curies":[{"name":"wp","href":"https:\/\/api.w.org\/{rel}","templated":true}]}}