{"id":36396,"date":"2022-10-10T14:11:57","date_gmt":"2022-10-10T14:11:58","guid":{"rendered":"https:\/\/www.artnuances-com-717041.hostingersite.com\/?post_type=product&#038;p=36396"},"modified":"2022-10-10T15:20:58","modified_gmt":"2022-10-10T15:20:58","slug":"within-you-without-you","status":"publish","type":"product","link":"https:\/\/artnuances.com\/it\/artworks\/within-you-without-you\/","title":{"rendered":"Within You Without You"},"content":{"rendered":"<section class=\"l-section wpb_row height_large\"><div class=\"l-section-h i-cf\"><div class=\"g-cols vc_row via_flex valign_top type_default stacking_default\"><div class=\"vc_col-sm-12 wpb_column vc_column_container\"><div class=\"vc_column-inner\"><div class=\"wpb_wrapper\"><div class=\"wpb_text_column\"><div class=\"wpb_wrapper\"><h1><strong><em>Within You Without You, <\/em>\u00e8 un lavoro di <a href=\"https:\/\/artnuances.com\/it\/authors\/marie-reine-levrat-it\/\">Marie Reine Levrat Ascolese<\/a>.<\/strong><\/h1>\n<h3>Within You Without You. Questa \u00e8 la seconda composizione di George Harrison nello stile della musica classica indiana, dopo Love You To. Questa canzone \u00e8 stata ispirata dal suo soggiorno di sei settimane in India con il suo mentore e insegnante di sitar, Ravi Shankar, nel settembre-ottobre 1966. Registrata a Londra senza il contributo degli altri Beatles, la canzone contiene vari strumenti tradizionali indiani come il sitar, dilruba e tabla. \u00c8 stato registrato da Harrison con i membri dell&#8217;Asian Music Circle.<br \/>\nGrazie all&#8217;enorme successo dell&#8217;album in tutto il mondo, Within You Without You ha introdotto una nuova generazione di pubblico occidentale alla musica indiana e ha contribuito all&#8217;apice della popolarit\u00e0 del genere a livello internazionale.<\/h3>\n<\/div><\/div><\/div><\/div><\/div><\/div><\/div><\/section><section class=\"l-section wpb_row height_large\"><div class=\"l-section-h i-cf\"><div class=\"g-cols vc_row via_flex valign_top type_default stacking_default\"><div class=\"vc_col-sm-12 wpb_column vc_column_container\"><div class=\"vc_column-inner\"><div class=\"wpb_wrapper\"><\/div><\/div><\/div><\/div><\/div><\/section>\n","protected":false},"excerpt":{"rendered":"Within You Without You, \u00e8 un lavoro di Marie Reine Levrat Ascolese. Within You Without You. Questa \u00e8 la seconda composizione di George Harrison nello stile della musica classica indiana, dopo Love You To. Questa canzone \u00e8 stata ispirata dal suo soggiorno di sei settimane in India con il suo mentore e insegnante di sitar,...","protected":false},"featured_media":36307,"comment_status":"closed","ping_status":"closed","template":"","meta":{"_acf_changed":false},"product_brand":[266],"product_cat":[116,127],"product_tag":[],"class_list":{"0":"post-36396","1":"product","2":"type-product","3":"status-publish","4":"has-post-thumbnail","6":"product_brand-marie-reine-levrat-it","7":"product_cat-dipinti","8":"product_cat-immaginario","9":"product_shipping_class-tube-it","11":"first","12":"instock","13":"featured","14":"purchasable","15":"product-type-simple"},"acf":[],"yoast_head":"<!-- This site is optimized with the Yoast SEO plugin v27.3 - https:\/\/yoast.com\/product\/yoast-seo-wordpress\/ -->\n<title>Within You Without You - Marie Reine Levrat - Artnuances Gallery<\/title>\n<meta name=\"description\" content=\"Within You Without You. Questa \u00e8 la seconda composizione di George Harrison nello stile della musica classica indiana, dopo Love You To, ed \u00e8 stata ispirata dal suo...\" \/>\n<meta name=\"robots\" content=\"index, follow, max-snippet:-1, max-image-preview:large, max-video-preview:-1\" \/>\n<link rel=\"canonical\" href=\"https:\/\/artnuances.com\/it\/artworks\/within-you-without-you\/\" \/>\n<meta property=\"og:locale\" content=\"it_IT\" \/>\n<meta property=\"og:type\" content=\"article\" \/>\n<meta property=\"og:title\" content=\"Within You Without You - Marie Reine Levrat - Artnuances Gallery\" \/>\n<meta property=\"og:description\" content=\"Within You Without You. Questa \u00e8 la seconda composizione di George Harrison nello stile della musica classica indiana, dopo Love You To, ed \u00e8 stata ispirata dal suo...\" \/>\n<meta property=\"og:url\" content=\"https:\/\/artnuances.com\/it\/artworks\/within-you-without-you\/\" \/>\n<meta property=\"og:site_name\" content=\"Artnuances - Art gallery online\" \/>\n<meta property=\"article:publisher\" content=\"https:\/\/www.facebook.com\/studioartnuances\/\" \/>\n<meta property=\"article:modified_time\" content=\"2022-10-10T15:20:58+00:00\" \/>\n<meta property=\"og:image\" content=\"https:\/\/artnuances.com\/wp-content\/uploads\/2022\/10\/WITHIN-YOU-WITHOUT-YOU-2-an.jpg\" \/>\n\t<meta property=\"og:image:width\" content=\"2020\" \/>\n\t<meta property=\"og:image:height\" content=\"1363\" \/>\n\t<meta property=\"og:image:type\" content=\"image\/jpeg\" \/>\n<meta name=\"twitter:card\" content=\"summary_large_image\" \/>\n<meta name=\"twitter:label1\" content=\"Tempo di lettura stimato\" \/>\n\t<meta name=\"twitter:data1\" content=\"1 minuto\" \/>\n<script type=\"application\/ld+json\" class=\"yoast-schema-graph\">{\"@context\":\"https:\\\/\\\/schema.org\",\"@graph\":[{\"@type\":\"WebPage\",\"@id\":\"https:\\\/\\\/artnuances.com\\\/it\\\/artworks\\\/within-you-without-you\\\/\",\"url\":\"https:\\\/\\\/artnuances.com\\\/it\\\/artworks\\\/within-you-without-you\\\/\",\"name\":\"Within You Without You - Marie Reine Levrat - Artnuances Gallery\",\"isPartOf\":{\"@id\":\"https:\\\/\\\/artnuances.com\\\/it\\\/#website\"},\"primaryImageOfPage\":{\"@id\":\"https:\\\/\\\/artnuances.com\\\/it\\\/artworks\\\/within-you-without-you\\\/#primaryimage\"},\"image\":{\"@id\":\"https:\\\/\\\/artnuances.com\\\/it\\\/artworks\\\/within-you-without-you\\\/#primaryimage\"},\"thumbnailUrl\":\"https:\\\/\\\/artnuances.com\\\/wp-content\\\/uploads\\\/2022\\\/10\\\/WITHIN-YOU-WITHOUT-YOU-2-an.jpg\",\"datePublished\":\"2022-10-10T14:11:58+00:00\",\"dateModified\":\"2022-10-10T15:20:58+00:00\",\"description\":\"Within You Without You. Questa \u00e8 la seconda composizione di George Harrison nello stile della musica classica indiana, dopo Love You To, ed \u00e8 stata ispirata dal suo...\",\"breadcrumb\":{\"@id\":\"https:\\\/\\\/artnuances.com\\\/it\\\/artworks\\\/within-you-without-you\\\/#breadcrumb\"},\"inLanguage\":\"it-IT\",\"potentialAction\":[{\"@type\":\"ReadAction\",\"target\":[\"https:\\\/\\\/artnuances.com\\\/it\\\/artworks\\\/within-you-without-you\\\/\"]}]},{\"@type\":\"ImageObject\",\"inLanguage\":\"it-IT\",\"@id\":\"https:\\\/\\\/artnuances.com\\\/it\\\/artworks\\\/within-you-without-you\\\/#primaryimage\",\"url\":\"https:\\\/\\\/artnuances.com\\\/wp-content\\\/uploads\\\/2022\\\/10\\\/WITHIN-YOU-WITHOUT-YOU-2-an.jpg\",\"contentUrl\":\"https:\\\/\\\/artnuances.com\\\/wp-content\\\/uploads\\\/2022\\\/10\\\/WITHIN-YOU-WITHOUT-YOU-2-an.jpg\",\"width\":2020,\"height\":1363,\"caption\":\"WITHIN YOU WITHOUT YOU\"},{\"@type\":\"BreadcrumbList\",\"@id\":\"https:\\\/\\\/artnuances.com\\\/it\\\/artworks\\\/within-you-without-you\\\/#breadcrumb\",\"itemListElement\":[{\"@type\":\"ListItem\",\"position\":1,\"name\":\"Home\",\"item\":\"https:\\\/\\\/artnuances.com\\\/it\\\/\"},{\"@type\":\"ListItem\",\"position\":2,\"name\":\"Shop online\",\"item\":\"https:\\\/\\\/artnuances.com\\\/it\\\/shop-online-galleria-darte-artnuances\\\/\"},{\"@type\":\"ListItem\",\"position\":3,\"name\":\"Within You Without You\"}]},{\"@type\":\"WebSite\",\"@id\":\"https:\\\/\\\/artnuances.com\\\/it\\\/#website\",\"url\":\"https:\\\/\\\/artnuances.com\\\/it\\\/\",\"name\":\"Artnuances - Art gallery online\",\"description\":\"Artnuances Gallery\",\"publisher\":{\"@id\":\"https:\\\/\\\/artnuances.com\\\/it\\\/#organization\"},\"potentialAction\":[{\"@type\":\"SearchAction\",\"target\":{\"@type\":\"EntryPoint\",\"urlTemplate\":\"https:\\\/\\\/artnuances.com\\\/it\\\/?s={search_term_string}\"},\"query-input\":{\"@type\":\"PropertyValueSpecification\",\"valueRequired\":true,\"valueName\":\"search_term_string\"}}],\"inLanguage\":\"it-IT\"},{\"@type\":\"Organization\",\"@id\":\"https:\\\/\\\/artnuances.com\\\/it\\\/#organization\",\"name\":\"Studio Artnuances LTD\",\"url\":\"https:\\\/\\\/artnuances.com\\\/it\\\/\",\"logo\":{\"@type\":\"ImageObject\",\"inLanguage\":\"it-IT\",\"@id\":\"https:\\\/\\\/artnuances.com\\\/it\\\/#\\\/schema\\\/logo\\\/image\\\/\",\"url\":\"https:\\\/\\\/artnuances.com\\\/wp-content\\\/uploads\\\/2019\\\/09\\\/artnuanse.png\",\"contentUrl\":\"https:\\\/\\\/artnuances.com\\\/wp-content\\\/uploads\\\/2019\\\/09\\\/artnuanse.png\",\"width\":622,\"height\":622,\"caption\":\"Studio Artnuances LTD\"},\"image\":{\"@id\":\"https:\\\/\\\/artnuances.com\\\/it\\\/#\\\/schema\\\/logo\\\/image\\\/\"},\"sameAs\":[\"https:\\\/\\\/www.facebook.com\\\/studioartnuances\\\/\",\"https:\\\/\\\/www.instagram.com\\\/studioartnuances\\\/\",\"https:\\\/\\\/www.youtube.com\\\/channel\\\/UCoU2Nb_B-2BOiDcO292sggg\"]}]}<\/script>\n<!-- \/ Yoast SEO plugin. -->","yoast_head_json":{"title":"Within You Without You - Marie Reine Levrat - Artnuances Gallery","description":"Within You Without You. Questa \u00e8 la seconda composizione di George Harrison nello stile della musica classica indiana, dopo Love You To, ed \u00e8 stata ispirata dal suo...","robots":{"index":"index","follow":"follow","max-snippet":"max-snippet:-1","max-image-preview":"max-image-preview:large","max-video-preview":"max-video-preview:-1"},"canonical":"https:\/\/artnuances.com\/it\/artworks\/within-you-without-you\/","og_locale":"it_IT","og_type":"article","og_title":"Within You Without You - Marie Reine Levrat - Artnuances Gallery","og_description":"Within You Without You. Questa \u00e8 la seconda composizione di George Harrison nello stile della musica classica indiana, dopo Love You To, ed \u00e8 stata ispirata dal suo...","og_url":"https:\/\/artnuances.com\/it\/artworks\/within-you-without-you\/","og_site_name":"Artnuances - Art gallery online","article_publisher":"https:\/\/www.facebook.com\/studioartnuances\/","article_modified_time":"2022-10-10T15:20:58+00:00","og_image":[{"width":2020,"height":1363,"url":"https:\/\/artnuances.com\/wp-content\/uploads\/2022\/10\/WITHIN-YOU-WITHOUT-YOU-2-an.jpg","type":"image\/jpeg"}],"twitter_card":"summary_large_image","twitter_misc":{"Tempo di lettura stimato":"1 minuto"},"schema":{"@context":"https:\/\/schema.org","@graph":[{"@type":"WebPage","@id":"https:\/\/artnuances.com\/it\/artworks\/within-you-without-you\/","url":"https:\/\/artnuances.com\/it\/artworks\/within-you-without-you\/","name":"Within You Without You - Marie Reine Levrat - Artnuances Gallery","isPartOf":{"@id":"https:\/\/artnuances.com\/it\/#website"},"primaryImageOfPage":{"@id":"https:\/\/artnuances.com\/it\/artworks\/within-you-without-you\/#primaryimage"},"image":{"@id":"https:\/\/artnuances.com\/it\/artworks\/within-you-without-you\/#primaryimage"},"thumbnailUrl":"https:\/\/artnuances.com\/wp-content\/uploads\/2022\/10\/WITHIN-YOU-WITHOUT-YOU-2-an.jpg","datePublished":"2022-10-10T14:11:58+00:00","dateModified":"2022-10-10T15:20:58+00:00","description":"Within You Without You. Questa \u00e8 la seconda composizione di George Harrison nello stile della musica classica indiana, dopo Love You To, ed \u00e8 stata ispirata dal suo...","breadcrumb":{"@id":"https:\/\/artnuances.com\/it\/artworks\/within-you-without-you\/#breadcrumb"},"inLanguage":"it-IT","potentialAction":[{"@type":"ReadAction","target":["https:\/\/artnuances.com\/it\/artworks\/within-you-without-you\/"]}]},{"@type":"ImageObject","inLanguage":"it-IT","@id":"https:\/\/artnuances.com\/it\/artworks\/within-you-without-you\/#primaryimage","url":"https:\/\/artnuances.com\/wp-content\/uploads\/2022\/10\/WITHIN-YOU-WITHOUT-YOU-2-an.jpg","contentUrl":"https:\/\/artnuances.com\/wp-content\/uploads\/2022\/10\/WITHIN-YOU-WITHOUT-YOU-2-an.jpg","width":2020,"height":1363,"caption":"WITHIN YOU WITHOUT YOU"},{"@type":"BreadcrumbList","@id":"https:\/\/artnuances.com\/it\/artworks\/within-you-without-you\/#breadcrumb","itemListElement":[{"@type":"ListItem","position":1,"name":"Home","item":"https:\/\/artnuances.com\/it\/"},{"@type":"ListItem","position":2,"name":"Shop online","item":"https:\/\/artnuances.com\/it\/shop-online-galleria-darte-artnuances\/"},{"@type":"ListItem","position":3,"name":"Within You Without You"}]},{"@type":"WebSite","@id":"https:\/\/artnuances.com\/it\/#website","url":"https:\/\/artnuances.com\/it\/","name":"Artnuances - Art gallery online","description":"Artnuances Gallery","publisher":{"@id":"https:\/\/artnuances.com\/it\/#organization"},"potentialAction":[{"@type":"SearchAction","target":{"@type":"EntryPoint","urlTemplate":"https:\/\/artnuances.com\/it\/?s={search_term_string}"},"query-input":{"@type":"PropertyValueSpecification","valueRequired":true,"valueName":"search_term_string"}}],"inLanguage":"it-IT"},{"@type":"Organization","@id":"https:\/\/artnuances.com\/it\/#organization","name":"Studio Artnuances LTD","url":"https:\/\/artnuances.com\/it\/","logo":{"@type":"ImageObject","inLanguage":"it-IT","@id":"https:\/\/artnuances.com\/it\/#\/schema\/logo\/image\/","url":"https:\/\/artnuances.com\/wp-content\/uploads\/2019\/09\/artnuanse.png","contentUrl":"https:\/\/artnuances.com\/wp-content\/uploads\/2019\/09\/artnuanse.png","width":622,"height":622,"caption":"Studio Artnuances LTD"},"image":{"@id":"https:\/\/artnuances.com\/it\/#\/schema\/logo\/image\/"},"sameAs":["https:\/\/www.facebook.com\/studioartnuances\/","https:\/\/www.instagram.com\/studioartnuances\/","https:\/\/www.youtube.com\/channel\/UCoU2Nb_B-2BOiDcO292sggg"]}]}},"_links":{"self":[{"href":"https:\/\/artnuances.com\/it\/wp-json\/wp\/v2\/product\/36396","targetHints":{"allow":["GET"]}}],"collection":[{"href":"https:\/\/artnuances.com\/it\/wp-json\/wp\/v2\/product"}],"about":[{"href":"https:\/\/artnuances.com\/it\/wp-json\/wp\/v2\/types\/product"}],"replies":[{"embeddable":true,"href":"https:\/\/artnuances.com\/it\/wp-json\/wp\/v2\/comments?post=36396"}],"wp:featuredmedia":[{"embeddable":true,"href":"https:\/\/artnuances.com\/it\/wp-json\/wp\/v2\/media\/36307"}],"wp:attachment":[{"href":"https:\/\/artnuances.com\/it\/wp-json\/wp\/v2\/media?parent=36396"}],"wp:term":[{"taxonomy":"product_brand","embeddable":true,"href":"https:\/\/artnuances.com\/it\/wp-json\/wp\/v2\/product_brand?post=36396"},{"taxonomy":"product_cat","embeddable":true,"href":"https:\/\/artnuances.com\/it\/wp-json\/wp\/v2\/product_cat?post=36396"},{"taxonomy":"product_tag","embeddable":true,"href":"https:\/\/artnuances.com\/it\/wp-json\/wp\/v2\/product_tag?post=36396"}],"curies":[{"name":"wp","href":"https:\/\/api.w.org\/{rel}","templated":true}]}}