{"id":36221,"date":"2022-09-20T10:31:22","date_gmt":"2022-09-20T10:31:22","guid":{"rendered":"https:\/\/www.artnuances-com-717041.hostingersite.com\/?post_type=product&#038;p=36221"},"modified":"2023-05-23T15:03:06","modified_gmt":"2023-05-23T15:03:06","slug":"the-last-drop","status":"publish","type":"product","link":"https:\/\/artnuances.com\/it\/artworks\/the-last-drop\/","title":{"rendered":"The last drop"},"content":{"rendered":"<section class=\"l-section wpb_row height_large\"><div class=\"l-section-h i-cf\"><div class=\"g-cols vc_row via_flex valign_top type_default stacking_default\"><div class=\"vc_col-sm-12 wpb_column vc_column_container\"><div class=\"vc_column-inner\"><div class=\"wpb_wrapper\"><div class=\"wpb_text_column\"><div class=\"wpb_wrapper\"><h1><strong><em>The last drop <\/em>\u00e8 un lavoro di <a href=\"https:\/\/artnuances.com\/it\/authors\/nola-bouza-it\/\">Nola Bouza<\/a>.<\/strong><\/h1>\n<h3>L&#8217;ultima goccia. L&#8217;ultima goccia \u00e8 come l&#8217;ultimo respiro, l&#8217;ultimo momento in cui il cambiamento \u00e8 imminente. Non c&#8217;\u00e8 pi\u00f9 tempo, quello che \u00e8 stato ed \u00e8 passato. Il futuro \u00e8 entrato. Il momento in cui il cuore deve smettere di essere di pietra per ritrovare la sua elasticit\u00e0 e aprirsi a nuovi orizzonti.<\/h3>\n<h3><\/h3>\n<\/div><\/div><\/div><\/div><\/div><\/div><\/div><\/section><section class=\"l-section wpb_row height_large\"><div class=\"l-section-h i-cf\"><div class=\"g-cols vc_row via_flex valign_top type_default stacking_default\"><div class=\"vc_col-sm-12 wpb_column vc_column_container\"><div class=\"vc_column-inner\"><div class=\"wpb_wrapper\"><\/div><\/div><\/div><\/div><\/div><\/section>\n","protected":false},"excerpt":{"rendered":"The last drop \u00e8 un lavoro di Nola Bouza. L&#8217;ultima goccia. L&#8217;ultima goccia \u00e8 come l&#8217;ultimo respiro, l&#8217;ultimo momento in cui il cambiamento \u00e8 imminente. Non c&#8217;\u00e8 pi\u00f9 tempo, quello che \u00e8 stato ed \u00e8 passato. Il futuro \u00e8 entrato. Il momento in cui il cuore deve smettere di essere di pietra per ritrovare la...","protected":false},"featured_media":36195,"comment_status":"closed","ping_status":"closed","template":"","meta":{"_acf_changed":false},"product_brand":[268],"product_cat":[116,128],"product_tag":[],"class_list":{"0":"post-36221","1":"product","2":"type-product","3":"status-publish","4":"has-post-thumbnail","6":"product_brand-nola-bouza-it","7":"product_cat-dipinti","8":"product_cat-natura","9":"product_shipping_class-spedizione-in-scatola","11":"first","12":"instock","13":"featured","14":"purchasable","15":"product-type-simple"},"acf":[],"yoast_head":"<!-- This site is optimized with the Yoast SEO plugin v27.3 - https:\/\/yoast.com\/product\/yoast-seo-wordpress\/ -->\n<title>The last drop - Nola Bouza - Artnuances Gallery<\/title>\n<meta name=\"description\" content=\"The last drop. The laL&#039;ultima goccia. L&#039;ultima goccia \u00e8 come l&#039;ultimo respiro, l&#039;ultimo momento in cui il cambiamento \u00e8 imminente.st straw is like the last breath, the last moment when change is imminent. There is no more time, what has been and has passed.\" \/>\n<meta name=\"robots\" content=\"index, follow, max-snippet:-1, max-image-preview:large, max-video-preview:-1\" \/>\n<link rel=\"canonical\" href=\"https:\/\/artnuances.com\/it\/artworks\/the-last-drop\/\" \/>\n<meta property=\"og:locale\" content=\"it_IT\" \/>\n<meta property=\"og:type\" content=\"article\" \/>\n<meta property=\"og:title\" content=\"The last drop - Nola Bouza - Artnuances Gallery\" \/>\n<meta property=\"og:description\" content=\"The last drop. The laL&#039;ultima goccia. L&#039;ultima goccia \u00e8 come l&#039;ultimo respiro, l&#039;ultimo momento in cui il cambiamento \u00e8 imminente.st straw is like the last breath, the last moment when change is imminent. There is no more time, what has been and has passed.\" \/>\n<meta property=\"og:url\" content=\"https:\/\/artnuances.com\/it\/artworks\/the-last-drop\/\" \/>\n<meta property=\"og:site_name\" content=\"Artnuances - Art gallery online\" \/>\n<meta property=\"article:publisher\" content=\"https:\/\/www.facebook.com\/studioartnuances\/\" \/>\n<meta property=\"article:modified_time\" content=\"2023-05-23T15:03:06+00:00\" \/>\n<meta property=\"og:image\" content=\"https:\/\/artnuances.com\/wp-content\/uploads\/2022\/09\/La-ultima-gota-1-an-scaled.jpg\" \/>\n\t<meta property=\"og:image:width\" content=\"1933\" \/>\n\t<meta property=\"og:image:height\" content=\"2560\" \/>\n\t<meta property=\"og:image:type\" content=\"image\/jpeg\" \/>\n<meta name=\"twitter:card\" content=\"summary_large_image\" \/>\n<script type=\"application\/ld+json\" class=\"yoast-schema-graph\">{\"@context\":\"https:\\\/\\\/schema.org\",\"@graph\":[{\"@type\":\"WebPage\",\"@id\":\"https:\\\/\\\/artnuances.com\\\/it\\\/artworks\\\/the-last-drop\\\/\",\"url\":\"https:\\\/\\\/artnuances.com\\\/it\\\/artworks\\\/the-last-drop\\\/\",\"name\":\"The last drop - Nola Bouza - Artnuances Gallery\",\"isPartOf\":{\"@id\":\"https:\\\/\\\/artnuances.com\\\/it\\\/#website\"},\"primaryImageOfPage\":{\"@id\":\"https:\\\/\\\/artnuances.com\\\/it\\\/artworks\\\/the-last-drop\\\/#primaryimage\"},\"image\":{\"@id\":\"https:\\\/\\\/artnuances.com\\\/it\\\/artworks\\\/the-last-drop\\\/#primaryimage\"},\"thumbnailUrl\":\"https:\\\/\\\/artnuances.com\\\/wp-content\\\/uploads\\\/2022\\\/09\\\/La-ultima-gota-1-an-scaled.jpg\",\"datePublished\":\"2022-09-20T10:31:22+00:00\",\"dateModified\":\"2023-05-23T15:03:06+00:00\",\"description\":\"The last drop. The laL'ultima goccia. L'ultima goccia \u00e8 come l'ultimo respiro, l'ultimo momento in cui il cambiamento \u00e8 imminente.st straw is like the last breath, the last moment when change is imminent. There is no more time, what has been and has passed.\",\"breadcrumb\":{\"@id\":\"https:\\\/\\\/artnuances.com\\\/it\\\/artworks\\\/the-last-drop\\\/#breadcrumb\"},\"inLanguage\":\"it-IT\",\"potentialAction\":[{\"@type\":\"ReadAction\",\"target\":[\"https:\\\/\\\/artnuances.com\\\/it\\\/artworks\\\/the-last-drop\\\/\"]}]},{\"@type\":\"ImageObject\",\"inLanguage\":\"it-IT\",\"@id\":\"https:\\\/\\\/artnuances.com\\\/it\\\/artworks\\\/the-last-drop\\\/#primaryimage\",\"url\":\"https:\\\/\\\/artnuances.com\\\/wp-content\\\/uploads\\\/2022\\\/09\\\/La-ultima-gota-1-an-scaled.jpg\",\"contentUrl\":\"https:\\\/\\\/artnuances.com\\\/wp-content\\\/uploads\\\/2022\\\/09\\\/La-ultima-gota-1-an-scaled.jpg\",\"width\":1933,\"height\":2560,\"caption\":\"The last drop\"},{\"@type\":\"BreadcrumbList\",\"@id\":\"https:\\\/\\\/artnuances.com\\\/it\\\/artworks\\\/the-last-drop\\\/#breadcrumb\",\"itemListElement\":[{\"@type\":\"ListItem\",\"position\":1,\"name\":\"Home\",\"item\":\"https:\\\/\\\/artnuances.com\\\/it\\\/\"},{\"@type\":\"ListItem\",\"position\":2,\"name\":\"Shop online\",\"item\":\"https:\\\/\\\/artnuances.com\\\/it\\\/shop-online-galleria-darte-artnuances\\\/\"},{\"@type\":\"ListItem\",\"position\":3,\"name\":\"The last drop\"}]},{\"@type\":\"WebSite\",\"@id\":\"https:\\\/\\\/artnuances.com\\\/it\\\/#website\",\"url\":\"https:\\\/\\\/artnuances.com\\\/it\\\/\",\"name\":\"Artnuances - Art gallery online\",\"description\":\"Artnuances Gallery\",\"publisher\":{\"@id\":\"https:\\\/\\\/artnuances.com\\\/it\\\/#organization\"},\"potentialAction\":[{\"@type\":\"SearchAction\",\"target\":{\"@type\":\"EntryPoint\",\"urlTemplate\":\"https:\\\/\\\/artnuances.com\\\/it\\\/?s={search_term_string}\"},\"query-input\":{\"@type\":\"PropertyValueSpecification\",\"valueRequired\":true,\"valueName\":\"search_term_string\"}}],\"inLanguage\":\"it-IT\"},{\"@type\":\"Organization\",\"@id\":\"https:\\\/\\\/artnuances.com\\\/it\\\/#organization\",\"name\":\"Studio Artnuances LTD\",\"url\":\"https:\\\/\\\/artnuances.com\\\/it\\\/\",\"logo\":{\"@type\":\"ImageObject\",\"inLanguage\":\"it-IT\",\"@id\":\"https:\\\/\\\/artnuances.com\\\/it\\\/#\\\/schema\\\/logo\\\/image\\\/\",\"url\":\"https:\\\/\\\/artnuances.com\\\/wp-content\\\/uploads\\\/2019\\\/09\\\/artnuanse.png\",\"contentUrl\":\"https:\\\/\\\/artnuances.com\\\/wp-content\\\/uploads\\\/2019\\\/09\\\/artnuanse.png\",\"width\":622,\"height\":622,\"caption\":\"Studio Artnuances LTD\"},\"image\":{\"@id\":\"https:\\\/\\\/artnuances.com\\\/it\\\/#\\\/schema\\\/logo\\\/image\\\/\"},\"sameAs\":[\"https:\\\/\\\/www.facebook.com\\\/studioartnuances\\\/\",\"https:\\\/\\\/www.instagram.com\\\/studioartnuances\\\/\",\"https:\\\/\\\/www.youtube.com\\\/channel\\\/UCoU2Nb_B-2BOiDcO292sggg\"]}]}<\/script>\n<!-- \/ Yoast SEO plugin. -->","yoast_head_json":{"title":"The last drop - Nola Bouza - Artnuances Gallery","description":"The last drop. The laL'ultima goccia. L'ultima goccia \u00e8 come l'ultimo respiro, l'ultimo momento in cui il cambiamento \u00e8 imminente.st straw is like the last breath, the last moment when change is imminent. There is no more time, what has been and has passed.","robots":{"index":"index","follow":"follow","max-snippet":"max-snippet:-1","max-image-preview":"max-image-preview:large","max-video-preview":"max-video-preview:-1"},"canonical":"https:\/\/artnuances.com\/it\/artworks\/the-last-drop\/","og_locale":"it_IT","og_type":"article","og_title":"The last drop - Nola Bouza - Artnuances Gallery","og_description":"The last drop. The laL'ultima goccia. L'ultima goccia \u00e8 come l'ultimo respiro, l'ultimo momento in cui il cambiamento \u00e8 imminente.st straw is like the last breath, the last moment when change is imminent. There is no more time, what has been and has passed.","og_url":"https:\/\/artnuances.com\/it\/artworks\/the-last-drop\/","og_site_name":"Artnuances - Art gallery online","article_publisher":"https:\/\/www.facebook.com\/studioartnuances\/","article_modified_time":"2023-05-23T15:03:06+00:00","og_image":[{"width":1933,"height":2560,"url":"https:\/\/artnuances.com\/wp-content\/uploads\/2022\/09\/La-ultima-gota-1-an-scaled.jpg","type":"image\/jpeg"}],"twitter_card":"summary_large_image","schema":{"@context":"https:\/\/schema.org","@graph":[{"@type":"WebPage","@id":"https:\/\/artnuances.com\/it\/artworks\/the-last-drop\/","url":"https:\/\/artnuances.com\/it\/artworks\/the-last-drop\/","name":"The last drop - Nola Bouza - Artnuances Gallery","isPartOf":{"@id":"https:\/\/artnuances.com\/it\/#website"},"primaryImageOfPage":{"@id":"https:\/\/artnuances.com\/it\/artworks\/the-last-drop\/#primaryimage"},"image":{"@id":"https:\/\/artnuances.com\/it\/artworks\/the-last-drop\/#primaryimage"},"thumbnailUrl":"https:\/\/artnuances.com\/wp-content\/uploads\/2022\/09\/La-ultima-gota-1-an-scaled.jpg","datePublished":"2022-09-20T10:31:22+00:00","dateModified":"2023-05-23T15:03:06+00:00","description":"The last drop. The laL'ultima goccia. L'ultima goccia \u00e8 come l'ultimo respiro, l'ultimo momento in cui il cambiamento \u00e8 imminente.st straw is like the last breath, the last moment when change is imminent. There is no more time, what has been and has passed.","breadcrumb":{"@id":"https:\/\/artnuances.com\/it\/artworks\/the-last-drop\/#breadcrumb"},"inLanguage":"it-IT","potentialAction":[{"@type":"ReadAction","target":["https:\/\/artnuances.com\/it\/artworks\/the-last-drop\/"]}]},{"@type":"ImageObject","inLanguage":"it-IT","@id":"https:\/\/artnuances.com\/it\/artworks\/the-last-drop\/#primaryimage","url":"https:\/\/artnuances.com\/wp-content\/uploads\/2022\/09\/La-ultima-gota-1-an-scaled.jpg","contentUrl":"https:\/\/artnuances.com\/wp-content\/uploads\/2022\/09\/La-ultima-gota-1-an-scaled.jpg","width":1933,"height":2560,"caption":"The last drop"},{"@type":"BreadcrumbList","@id":"https:\/\/artnuances.com\/it\/artworks\/the-last-drop\/#breadcrumb","itemListElement":[{"@type":"ListItem","position":1,"name":"Home","item":"https:\/\/artnuances.com\/it\/"},{"@type":"ListItem","position":2,"name":"Shop online","item":"https:\/\/artnuances.com\/it\/shop-online-galleria-darte-artnuances\/"},{"@type":"ListItem","position":3,"name":"The last drop"}]},{"@type":"WebSite","@id":"https:\/\/artnuances.com\/it\/#website","url":"https:\/\/artnuances.com\/it\/","name":"Artnuances - Art gallery online","description":"Artnuances Gallery","publisher":{"@id":"https:\/\/artnuances.com\/it\/#organization"},"potentialAction":[{"@type":"SearchAction","target":{"@type":"EntryPoint","urlTemplate":"https:\/\/artnuances.com\/it\/?s={search_term_string}"},"query-input":{"@type":"PropertyValueSpecification","valueRequired":true,"valueName":"search_term_string"}}],"inLanguage":"it-IT"},{"@type":"Organization","@id":"https:\/\/artnuances.com\/it\/#organization","name":"Studio Artnuances LTD","url":"https:\/\/artnuances.com\/it\/","logo":{"@type":"ImageObject","inLanguage":"it-IT","@id":"https:\/\/artnuances.com\/it\/#\/schema\/logo\/image\/","url":"https:\/\/artnuances.com\/wp-content\/uploads\/2019\/09\/artnuanse.png","contentUrl":"https:\/\/artnuances.com\/wp-content\/uploads\/2019\/09\/artnuanse.png","width":622,"height":622,"caption":"Studio Artnuances LTD"},"image":{"@id":"https:\/\/artnuances.com\/it\/#\/schema\/logo\/image\/"},"sameAs":["https:\/\/www.facebook.com\/studioartnuances\/","https:\/\/www.instagram.com\/studioartnuances\/","https:\/\/www.youtube.com\/channel\/UCoU2Nb_B-2BOiDcO292sggg"]}]}},"_links":{"self":[{"href":"https:\/\/artnuances.com\/it\/wp-json\/wp\/v2\/product\/36221","targetHints":{"allow":["GET"]}}],"collection":[{"href":"https:\/\/artnuances.com\/it\/wp-json\/wp\/v2\/product"}],"about":[{"href":"https:\/\/artnuances.com\/it\/wp-json\/wp\/v2\/types\/product"}],"replies":[{"embeddable":true,"href":"https:\/\/artnuances.com\/it\/wp-json\/wp\/v2\/comments?post=36221"}],"wp:featuredmedia":[{"embeddable":true,"href":"https:\/\/artnuances.com\/it\/wp-json\/wp\/v2\/media\/36195"}],"wp:attachment":[{"href":"https:\/\/artnuances.com\/it\/wp-json\/wp\/v2\/media?parent=36221"}],"wp:term":[{"taxonomy":"product_brand","embeddable":true,"href":"https:\/\/artnuances.com\/it\/wp-json\/wp\/v2\/product_brand?post=36221"},{"taxonomy":"product_cat","embeddable":true,"href":"https:\/\/artnuances.com\/it\/wp-json\/wp\/v2\/product_cat?post=36221"},{"taxonomy":"product_tag","embeddable":true,"href":"https:\/\/artnuances.com\/it\/wp-json\/wp\/v2\/product_tag?post=36221"}],"curies":[{"name":"wp","href":"https:\/\/api.w.org\/{rel}","templated":true}]}}