{"id":35878,"date":"2022-08-29T08:46:12","date_gmt":"2022-08-29T08:46:12","guid":{"rendered":"https:\/\/www.artnuances-com-717041.hostingersite.com\/?post_type=product&#038;p=35878"},"modified":"2022-08-29T09:19:08","modified_gmt":"2022-08-29T09:19:08","slug":"wes-montgomery","status":"publish","type":"product","link":"https:\/\/artnuances.com\/it\/artworks\/wes-montgomery\/","title":{"rendered":"Wes Montgomery"},"content":{"rendered":"<section class=\"l-section wpb_row height_large\"><div class=\"l-section-h i-cf\"><div class=\"g-cols vc_row via_flex valign_top type_default stacking_default\"><div class=\"vc_col-sm-12 wpb_column vc_column_container\"><div class=\"vc_column-inner\"><div class=\"wpb_wrapper\"><div class=\"wpb_text_column\"><div class=\"wpb_wrapper\"><h1><strong><em>Wes Montgomery, <\/em>\u00e8 un lavoro di <a href=\"https:\/\/artnuances.com\/it\/authors\/marie-reine-levrat-it\/\">Marie Reine Levrat Ascolese<\/a><\/strong><strong style=\"font-size: 16px;\">.<\/strong><\/h1>\n<h3 style=\"font-family: Georgia, 'Times New Roman', 'Bitstream Charter', Times, serif;\">Wes Montgomery. \u00c8 universalmente riconosciuto come uno dei pi\u00f9 grandi chitarristi della storia del jazz, capace di seguire ed evolvere la traccia lasciata dai grandi pionieri dello strumento, come Django Reinhardt e Charlie Christian. Fu solo per caso che la sua vita pass\u00f2 da lavoratore a musicista. Ma presto la sua stella brill\u00f2 nel firmamento del Jazz e questo lo rese uno dei personaggi immortalati da Marie Reine nei suoi dipinti.<\/h3>\n<\/div><\/div><\/div><\/div><\/div><\/div><\/div><\/section><section class=\"l-section wpb_row height_large\"><div class=\"l-section-h i-cf\"><div class=\"g-cols vc_row via_flex valign_top type_default stacking_default\"><div class=\"vc_col-sm-12 wpb_column vc_column_container\"><div class=\"vc_column-inner\"><div class=\"wpb_wrapper\"><\/div><\/div><\/div><\/div><\/div><\/section>\n","protected":false},"excerpt":{"rendered":"Wes Montgomery, \u00e8 un lavoro di Marie Reine Levrat Ascolese. Wes Montgomery. \u00c8 universalmente riconosciuto come uno dei pi\u00f9 grandi chitarristi della storia del jazz, capace di seguire ed evolvere la traccia lasciata dai grandi pionieri dello strumento, come Django Reinhardt e Charlie Christian. Fu solo per caso che la sua vita pass\u00f2 da lavoratore...","protected":false},"featured_media":35842,"comment_status":"closed","ping_status":"closed","template":"","meta":{"_acf_changed":false},"product_brand":[266],"product_cat":[116,253,129],"product_tag":[],"class_list":{"0":"post-35878","1":"product","2":"type-product","3":"status-publish","4":"has-post-thumbnail","6":"product_brand-marie-reine-levrat-it","7":"product_cat-dipinti","8":"product_cat-jazz-color-jazz-it-2","9":"product_cat-ritratto","10":"product_shipping_class-tube-it","12":"first","13":"instock","14":"featured","15":"purchasable","16":"product-type-simple"},"acf":[],"yoast_head":"<!-- This site is optimized with the Yoast SEO plugin v27.3 - https:\/\/yoast.com\/product\/yoast-seo-wordpress\/ -->\n<title>Wes Montgomery - Marie Reine Levrat - Artnuances Gallery<\/title>\n<meta name=\"description\" content=\"Wes Montgomery. \u00c8 universalmente riconosciuto come uno dei pi\u00f9 grandi chitarristi della storia del jazz, capace di seguire ed evolvere la traccia lasciata da..\" \/>\n<meta name=\"robots\" content=\"index, follow, max-snippet:-1, max-image-preview:large, max-video-preview:-1\" \/>\n<link rel=\"canonical\" href=\"https:\/\/artnuances.com\/it\/artworks\/wes-montgomery\/\" \/>\n<meta property=\"og:locale\" content=\"it_IT\" \/>\n<meta property=\"og:type\" content=\"article\" \/>\n<meta property=\"og:title\" content=\"Wes Montgomery - Marie Reine Levrat - Artnuances Gallery\" \/>\n<meta property=\"og:description\" content=\"Wes Montgomery. \u00c8 universalmente riconosciuto come uno dei pi\u00f9 grandi chitarristi della storia del jazz, capace di seguire ed evolvere la traccia lasciata da..\" \/>\n<meta property=\"og:url\" content=\"https:\/\/artnuances.com\/it\/artworks\/wes-montgomery\/\" \/>\n<meta property=\"og:site_name\" content=\"Artnuances - Art gallery online\" \/>\n<meta property=\"article:publisher\" content=\"https:\/\/www.facebook.com\/studioartnuances\/\" \/>\n<meta property=\"article:modified_time\" content=\"2022-08-29T09:19:08+00:00\" \/>\n<meta property=\"og:image\" content=\"https:\/\/artnuances.com\/wp-content\/uploads\/2022\/08\/TRD_0606e-an-scaled.jpg\" \/>\n\t<meta property=\"og:image:width\" content=\"1938\" \/>\n\t<meta property=\"og:image:height\" content=\"2560\" \/>\n\t<meta property=\"og:image:type\" content=\"image\/jpeg\" \/>\n<meta name=\"twitter:card\" content=\"summary_large_image\" \/>\n<meta name=\"twitter:label1\" content=\"Tempo di lettura stimato\" \/>\n\t<meta name=\"twitter:data1\" content=\"1 minuto\" \/>\n<script type=\"application\/ld+json\" class=\"yoast-schema-graph\">{\"@context\":\"https:\\\/\\\/schema.org\",\"@graph\":[{\"@type\":\"WebPage\",\"@id\":\"https:\\\/\\\/artnuances.com\\\/it\\\/artworks\\\/wes-montgomery\\\/\",\"url\":\"https:\\\/\\\/artnuances.com\\\/it\\\/artworks\\\/wes-montgomery\\\/\",\"name\":\"Wes Montgomery - Marie Reine Levrat - Artnuances Gallery\",\"isPartOf\":{\"@id\":\"https:\\\/\\\/artnuances.com\\\/it\\\/#website\"},\"primaryImageOfPage\":{\"@id\":\"https:\\\/\\\/artnuances.com\\\/it\\\/artworks\\\/wes-montgomery\\\/#primaryimage\"},\"image\":{\"@id\":\"https:\\\/\\\/artnuances.com\\\/it\\\/artworks\\\/wes-montgomery\\\/#primaryimage\"},\"thumbnailUrl\":\"https:\\\/\\\/artnuances.com\\\/wp-content\\\/uploads\\\/2022\\\/08\\\/TRD_0606e-an-scaled.jpg\",\"datePublished\":\"2022-08-29T08:46:12+00:00\",\"dateModified\":\"2022-08-29T09:19:08+00:00\",\"description\":\"Wes Montgomery. \u00c8 universalmente riconosciuto come uno dei pi\u00f9 grandi chitarristi della storia del jazz, capace di seguire ed evolvere la traccia lasciata da..\",\"breadcrumb\":{\"@id\":\"https:\\\/\\\/artnuances.com\\\/it\\\/artworks\\\/wes-montgomery\\\/#breadcrumb\"},\"inLanguage\":\"it-IT\",\"potentialAction\":[{\"@type\":\"ReadAction\",\"target\":[\"https:\\\/\\\/artnuances.com\\\/it\\\/artworks\\\/wes-montgomery\\\/\"]}]},{\"@type\":\"ImageObject\",\"inLanguage\":\"it-IT\",\"@id\":\"https:\\\/\\\/artnuances.com\\\/it\\\/artworks\\\/wes-montgomery\\\/#primaryimage\",\"url\":\"https:\\\/\\\/artnuances.com\\\/wp-content\\\/uploads\\\/2022\\\/08\\\/TRD_0606e-an-scaled.jpg\",\"contentUrl\":\"https:\\\/\\\/artnuances.com\\\/wp-content\\\/uploads\\\/2022\\\/08\\\/TRD_0606e-an-scaled.jpg\",\"width\":1938,\"height\":2560,\"caption\":\"Wes Montgomery\"},{\"@type\":\"BreadcrumbList\",\"@id\":\"https:\\\/\\\/artnuances.com\\\/it\\\/artworks\\\/wes-montgomery\\\/#breadcrumb\",\"itemListElement\":[{\"@type\":\"ListItem\",\"position\":1,\"name\":\"Home\",\"item\":\"https:\\\/\\\/artnuances.com\\\/it\\\/\"},{\"@type\":\"ListItem\",\"position\":2,\"name\":\"Shop online\",\"item\":\"https:\\\/\\\/artnuances.com\\\/it\\\/shop-online-galleria-darte-artnuances\\\/\"},{\"@type\":\"ListItem\",\"position\":3,\"name\":\"Wes Montgomery\"}]},{\"@type\":\"WebSite\",\"@id\":\"https:\\\/\\\/artnuances.com\\\/it\\\/#website\",\"url\":\"https:\\\/\\\/artnuances.com\\\/it\\\/\",\"name\":\"Artnuances - Art gallery online\",\"description\":\"Artnuances Gallery\",\"publisher\":{\"@id\":\"https:\\\/\\\/artnuances.com\\\/it\\\/#organization\"},\"potentialAction\":[{\"@type\":\"SearchAction\",\"target\":{\"@type\":\"EntryPoint\",\"urlTemplate\":\"https:\\\/\\\/artnuances.com\\\/it\\\/?s={search_term_string}\"},\"query-input\":{\"@type\":\"PropertyValueSpecification\",\"valueRequired\":true,\"valueName\":\"search_term_string\"}}],\"inLanguage\":\"it-IT\"},{\"@type\":\"Organization\",\"@id\":\"https:\\\/\\\/artnuances.com\\\/it\\\/#organization\",\"name\":\"Studio Artnuances LTD\",\"url\":\"https:\\\/\\\/artnuances.com\\\/it\\\/\",\"logo\":{\"@type\":\"ImageObject\",\"inLanguage\":\"it-IT\",\"@id\":\"https:\\\/\\\/artnuances.com\\\/it\\\/#\\\/schema\\\/logo\\\/image\\\/\",\"url\":\"https:\\\/\\\/artnuances.com\\\/wp-content\\\/uploads\\\/2019\\\/09\\\/artnuanse.png\",\"contentUrl\":\"https:\\\/\\\/artnuances.com\\\/wp-content\\\/uploads\\\/2019\\\/09\\\/artnuanse.png\",\"width\":622,\"height\":622,\"caption\":\"Studio Artnuances LTD\"},\"image\":{\"@id\":\"https:\\\/\\\/artnuances.com\\\/it\\\/#\\\/schema\\\/logo\\\/image\\\/\"},\"sameAs\":[\"https:\\\/\\\/www.facebook.com\\\/studioartnuances\\\/\",\"https:\\\/\\\/www.instagram.com\\\/studioartnuances\\\/\",\"https:\\\/\\\/www.youtube.com\\\/channel\\\/UCoU2Nb_B-2BOiDcO292sggg\"]}]}<\/script>\n<!-- \/ Yoast SEO plugin. -->","yoast_head_json":{"title":"Wes Montgomery - Marie Reine Levrat - Artnuances Gallery","description":"Wes Montgomery. \u00c8 universalmente riconosciuto come uno dei pi\u00f9 grandi chitarristi della storia del jazz, capace di seguire ed evolvere la traccia lasciata da..","robots":{"index":"index","follow":"follow","max-snippet":"max-snippet:-1","max-image-preview":"max-image-preview:large","max-video-preview":"max-video-preview:-1"},"canonical":"https:\/\/artnuances.com\/it\/artworks\/wes-montgomery\/","og_locale":"it_IT","og_type":"article","og_title":"Wes Montgomery - Marie Reine Levrat - Artnuances Gallery","og_description":"Wes Montgomery. \u00c8 universalmente riconosciuto come uno dei pi\u00f9 grandi chitarristi della storia del jazz, capace di seguire ed evolvere la traccia lasciata da..","og_url":"https:\/\/artnuances.com\/it\/artworks\/wes-montgomery\/","og_site_name":"Artnuances - Art gallery online","article_publisher":"https:\/\/www.facebook.com\/studioartnuances\/","article_modified_time":"2022-08-29T09:19:08+00:00","og_image":[{"width":1938,"height":2560,"url":"https:\/\/artnuances.com\/wp-content\/uploads\/2022\/08\/TRD_0606e-an-scaled.jpg","type":"image\/jpeg"}],"twitter_card":"summary_large_image","twitter_misc":{"Tempo di lettura stimato":"1 minuto"},"schema":{"@context":"https:\/\/schema.org","@graph":[{"@type":"WebPage","@id":"https:\/\/artnuances.com\/it\/artworks\/wes-montgomery\/","url":"https:\/\/artnuances.com\/it\/artworks\/wes-montgomery\/","name":"Wes Montgomery - Marie Reine Levrat - Artnuances Gallery","isPartOf":{"@id":"https:\/\/artnuances.com\/it\/#website"},"primaryImageOfPage":{"@id":"https:\/\/artnuances.com\/it\/artworks\/wes-montgomery\/#primaryimage"},"image":{"@id":"https:\/\/artnuances.com\/it\/artworks\/wes-montgomery\/#primaryimage"},"thumbnailUrl":"https:\/\/artnuances.com\/wp-content\/uploads\/2022\/08\/TRD_0606e-an-scaled.jpg","datePublished":"2022-08-29T08:46:12+00:00","dateModified":"2022-08-29T09:19:08+00:00","description":"Wes Montgomery. \u00c8 universalmente riconosciuto come uno dei pi\u00f9 grandi chitarristi della storia del jazz, capace di seguire ed evolvere la traccia lasciata da..","breadcrumb":{"@id":"https:\/\/artnuances.com\/it\/artworks\/wes-montgomery\/#breadcrumb"},"inLanguage":"it-IT","potentialAction":[{"@type":"ReadAction","target":["https:\/\/artnuances.com\/it\/artworks\/wes-montgomery\/"]}]},{"@type":"ImageObject","inLanguage":"it-IT","@id":"https:\/\/artnuances.com\/it\/artworks\/wes-montgomery\/#primaryimage","url":"https:\/\/artnuances.com\/wp-content\/uploads\/2022\/08\/TRD_0606e-an-scaled.jpg","contentUrl":"https:\/\/artnuances.com\/wp-content\/uploads\/2022\/08\/TRD_0606e-an-scaled.jpg","width":1938,"height":2560,"caption":"Wes Montgomery"},{"@type":"BreadcrumbList","@id":"https:\/\/artnuances.com\/it\/artworks\/wes-montgomery\/#breadcrumb","itemListElement":[{"@type":"ListItem","position":1,"name":"Home","item":"https:\/\/artnuances.com\/it\/"},{"@type":"ListItem","position":2,"name":"Shop online","item":"https:\/\/artnuances.com\/it\/shop-online-galleria-darte-artnuances\/"},{"@type":"ListItem","position":3,"name":"Wes Montgomery"}]},{"@type":"WebSite","@id":"https:\/\/artnuances.com\/it\/#website","url":"https:\/\/artnuances.com\/it\/","name":"Artnuances - Art gallery online","description":"Artnuances Gallery","publisher":{"@id":"https:\/\/artnuances.com\/it\/#organization"},"potentialAction":[{"@type":"SearchAction","target":{"@type":"EntryPoint","urlTemplate":"https:\/\/artnuances.com\/it\/?s={search_term_string}"},"query-input":{"@type":"PropertyValueSpecification","valueRequired":true,"valueName":"search_term_string"}}],"inLanguage":"it-IT"},{"@type":"Organization","@id":"https:\/\/artnuances.com\/it\/#organization","name":"Studio Artnuances LTD","url":"https:\/\/artnuances.com\/it\/","logo":{"@type":"ImageObject","inLanguage":"it-IT","@id":"https:\/\/artnuances.com\/it\/#\/schema\/logo\/image\/","url":"https:\/\/artnuances.com\/wp-content\/uploads\/2019\/09\/artnuanse.png","contentUrl":"https:\/\/artnuances.com\/wp-content\/uploads\/2019\/09\/artnuanse.png","width":622,"height":622,"caption":"Studio Artnuances LTD"},"image":{"@id":"https:\/\/artnuances.com\/it\/#\/schema\/logo\/image\/"},"sameAs":["https:\/\/www.facebook.com\/studioartnuances\/","https:\/\/www.instagram.com\/studioartnuances\/","https:\/\/www.youtube.com\/channel\/UCoU2Nb_B-2BOiDcO292sggg"]}]}},"_links":{"self":[{"href":"https:\/\/artnuances.com\/it\/wp-json\/wp\/v2\/product\/35878","targetHints":{"allow":["GET"]}}],"collection":[{"href":"https:\/\/artnuances.com\/it\/wp-json\/wp\/v2\/product"}],"about":[{"href":"https:\/\/artnuances.com\/it\/wp-json\/wp\/v2\/types\/product"}],"replies":[{"embeddable":true,"href":"https:\/\/artnuances.com\/it\/wp-json\/wp\/v2\/comments?post=35878"}],"wp:featuredmedia":[{"embeddable":true,"href":"https:\/\/artnuances.com\/it\/wp-json\/wp\/v2\/media\/35842"}],"wp:attachment":[{"href":"https:\/\/artnuances.com\/it\/wp-json\/wp\/v2\/media?parent=35878"}],"wp:term":[{"taxonomy":"product_brand","embeddable":true,"href":"https:\/\/artnuances.com\/it\/wp-json\/wp\/v2\/product_brand?post=35878"},{"taxonomy":"product_cat","embeddable":true,"href":"https:\/\/artnuances.com\/it\/wp-json\/wp\/v2\/product_cat?post=35878"},{"taxonomy":"product_tag","embeddable":true,"href":"https:\/\/artnuances.com\/it\/wp-json\/wp\/v2\/product_tag?post=35878"}],"curies":[{"name":"wp","href":"https:\/\/api.w.org\/{rel}","templated":true}]}}