{"id":34933,"date":"2022-06-08T15:52:33","date_gmt":"2022-06-08T15:52:33","guid":{"rendered":"https:\/\/www.artnuances-com-717041.hostingersite.com\/?post_type=product&#038;p=34933"},"modified":"2022-06-13T08:01:55","modified_gmt":"2022-06-13T08:01:55","slug":"biodiversity-2-2","status":"publish","type":"product","link":"https:\/\/artnuances.com\/it\/artworks\/biodiversity-2-2\/","title":{"rendered":"Biodiversity 2"},"content":{"rendered":"<section class=\"l-section wpb_row height_large\"><div class=\"l-section-h i-cf\"><div class=\"g-cols vc_row via_flex valign_top type_default stacking_default\"><div class=\"vc_col-sm-12 wpb_column vc_column_container\"><div class=\"vc_column-inner\"><div class=\"wpb_wrapper\"><div class=\"wpb_text_column\"><div class=\"wpb_wrapper\"><h1><strong><em>Biodiversity 2, <\/em>\u00e8 un lavoro di <a href=\"https:\/\/artnuances.com\/it\/authors\/dominique-mc-kenzie-it\/\">Dominique Mc Kenzie<\/a>.<\/strong><\/h1>\n<h3>Biodiversit\u00e0 2. Dominique Mc Kenzie, presenta al pubblico una nuova serie di opere dedicate alla Biodiversit\u00e0. \u00c8 un tema assolutamente moderno sia nell&#8217;esecuzione artistica che nelle sue implicazioni scientifiche e culturali. Il mondo \u00e8 biodiversit\u00e0 e senza di essa non ci sarebbe il pianeta come lo vediamo oggi. L&#8217;uomo dimentica spesso che \u00e8 un fattore cruciale per la sua stessa esistenza. I colori che si intrecciano, spuntando di volta in volta sono una lettura perfetta della realt\u00e0, perch\u00e9 la biodiversit\u00e0 non \u00e8 diversit\u00e0 totale, ma evoluzione e quindi mantenimento di alcuni elementi che legano esseri solo apparentemente diversi.<\/h3>\n<h3><\/h3>\n<\/div><\/div><\/div><\/div><\/div><\/div><\/div><\/section>\n","protected":false},"excerpt":{"rendered":"Biodiversity 2, \u00e8 un lavoro di Dominique Mc Kenzie. Biodiversit\u00e0 2. Dominique Mc Kenzie, presenta al pubblico una nuova serie di opere dedicate alla Biodiversit\u00e0. \u00c8 un tema assolutamente moderno sia nell&#8217;esecuzione artistica che nelle sue implicazioni scientifiche e culturali. Il mondo \u00e8 biodiversit\u00e0 e senza di essa non ci sarebbe il pianeta come lo...","protected":false},"featured_media":34923,"comment_status":"closed","ping_status":"closed","template":"","meta":{"_acf_changed":false},"product_brand":[],"product_cat":[],"product_tag":[],"class_list":{"0":"post-34933","1":"product","2":"type-product","3":"status-publish","4":"has-post-thumbnail","7":"first","8":"instock","9":"featured","10":"taxable","11":"shipping-taxable","12":"purchasable","13":"product-type-simple"},"acf":[],"yoast_head":"<!-- This site is optimized with the Yoast SEO plugin v27.3 - https:\/\/yoast.com\/product\/yoast-seo-wordpress\/ -->\n<title>Biodiversity 2 - Dominique Mc Kenzie - Artnuances Gallery<\/title>\n<meta name=\"description\" content=\"Biodiversit\u00e0 2. Dominique Mc Kenzie, presenta al pubblico una nuova serie di opere dedicate alla Biodiversit\u00e0. \u00c8 un tema assolutamente moderno sia nell&#039;esecuzione artistica\" \/>\n<meta name=\"robots\" content=\"index, follow, max-snippet:-1, max-image-preview:large, max-video-preview:-1\" \/>\n<link rel=\"canonical\" href=\"https:\/\/artnuances.com\/it\/artworks\/biodiversity-2-2\/\" \/>\n<meta property=\"og:locale\" content=\"it_IT\" \/>\n<meta property=\"og:type\" content=\"article\" \/>\n<meta property=\"og:title\" content=\"Biodiversity 2 - Dominique Mc Kenzie - Artnuances Gallery\" \/>\n<meta property=\"og:description\" content=\"Biodiversit\u00e0 2. Dominique Mc Kenzie, presenta al pubblico una nuova serie di opere dedicate alla Biodiversit\u00e0. \u00c8 un tema assolutamente moderno sia nell&#039;esecuzione artistica\" \/>\n<meta property=\"og:url\" content=\"https:\/\/artnuances.com\/it\/artworks\/biodiversity-2-2\/\" \/>\n<meta property=\"og:site_name\" content=\"Artnuances - Art gallery online\" \/>\n<meta property=\"article:publisher\" content=\"https:\/\/www.facebook.com\/studioartnuances\/\" \/>\n<meta property=\"article:modified_time\" content=\"2022-06-13T08:01:55+00:00\" \/>\n<meta property=\"og:image\" content=\"https:\/\/artnuances.com\/wp-content\/uploads\/2022\/06\/Biodiversity-2-an.jpeg\" \/>\n\t<meta property=\"og:image:width\" content=\"2020\" \/>\n\t<meta property=\"og:image:height\" content=\"2026\" \/>\n\t<meta property=\"og:image:type\" content=\"image\/jpeg\" \/>\n<meta name=\"twitter:card\" content=\"summary_large_image\" \/>\n<meta name=\"twitter:label1\" content=\"Tempo di lettura stimato\" \/>\n\t<meta name=\"twitter:data1\" content=\"1 minuto\" \/>\n<script type=\"application\/ld+json\" class=\"yoast-schema-graph\">{\"@context\":\"https:\\\/\\\/schema.org\",\"@graph\":[{\"@type\":\"WebPage\",\"@id\":\"https:\\\/\\\/artnuances.com\\\/it\\\/artworks\\\/biodiversity-2-2\\\/\",\"url\":\"https:\\\/\\\/artnuances.com\\\/it\\\/artworks\\\/biodiversity-2-2\\\/\",\"name\":\"Biodiversity 2 - Dominique Mc Kenzie - Artnuances Gallery\",\"isPartOf\":{\"@id\":\"https:\\\/\\\/artnuances.com\\\/it\\\/#website\"},\"primaryImageOfPage\":{\"@id\":\"https:\\\/\\\/artnuances.com\\\/it\\\/artworks\\\/biodiversity-2-2\\\/#primaryimage\"},\"image\":{\"@id\":\"https:\\\/\\\/artnuances.com\\\/it\\\/artworks\\\/biodiversity-2-2\\\/#primaryimage\"},\"thumbnailUrl\":\"https:\\\/\\\/artnuances.com\\\/wp-content\\\/uploads\\\/2022\\\/06\\\/Biodiversity-2-an.jpeg\",\"datePublished\":\"2022-06-08T15:52:33+00:00\",\"dateModified\":\"2022-06-13T08:01:55+00:00\",\"description\":\"Biodiversit\u00e0 2. Dominique Mc Kenzie, presenta al pubblico una nuova serie di opere dedicate alla Biodiversit\u00e0. \u00c8 un tema assolutamente moderno sia nell'esecuzione artistica\",\"breadcrumb\":{\"@id\":\"https:\\\/\\\/artnuances.com\\\/it\\\/artworks\\\/biodiversity-2-2\\\/#breadcrumb\"},\"inLanguage\":\"it-IT\",\"potentialAction\":[{\"@type\":\"ReadAction\",\"target\":[\"https:\\\/\\\/artnuances.com\\\/it\\\/artworks\\\/biodiversity-2-2\\\/\"]}]},{\"@type\":\"ImageObject\",\"inLanguage\":\"it-IT\",\"@id\":\"https:\\\/\\\/artnuances.com\\\/it\\\/artworks\\\/biodiversity-2-2\\\/#primaryimage\",\"url\":\"https:\\\/\\\/artnuances.com\\\/wp-content\\\/uploads\\\/2022\\\/06\\\/Biodiversity-2-an.jpeg\",\"contentUrl\":\"https:\\\/\\\/artnuances.com\\\/wp-content\\\/uploads\\\/2022\\\/06\\\/Biodiversity-2-an.jpeg\",\"width\":2020,\"height\":2026,\"caption\":\"Biodiversity 2\"},{\"@type\":\"BreadcrumbList\",\"@id\":\"https:\\\/\\\/artnuances.com\\\/it\\\/artworks\\\/biodiversity-2-2\\\/#breadcrumb\",\"itemListElement\":[{\"@type\":\"ListItem\",\"position\":1,\"name\":\"Home\",\"item\":\"https:\\\/\\\/artnuances.com\\\/it\\\/\"},{\"@type\":\"ListItem\",\"position\":2,\"name\":\"Shop online\",\"item\":\"https:\\\/\\\/artnuances.com\\\/it\\\/shop-online-galleria-darte-artnuances\\\/\"},{\"@type\":\"ListItem\",\"position\":3,\"name\":\"Biodiversity 2\"}]},{\"@type\":\"WebSite\",\"@id\":\"https:\\\/\\\/artnuances.com\\\/it\\\/#website\",\"url\":\"https:\\\/\\\/artnuances.com\\\/it\\\/\",\"name\":\"Artnuances - Art gallery online\",\"description\":\"Artnuances Gallery\",\"publisher\":{\"@id\":\"https:\\\/\\\/artnuances.com\\\/it\\\/#organization\"},\"potentialAction\":[{\"@type\":\"SearchAction\",\"target\":{\"@type\":\"EntryPoint\",\"urlTemplate\":\"https:\\\/\\\/artnuances.com\\\/it\\\/?s={search_term_string}\"},\"query-input\":{\"@type\":\"PropertyValueSpecification\",\"valueRequired\":true,\"valueName\":\"search_term_string\"}}],\"inLanguage\":\"it-IT\"},{\"@type\":\"Organization\",\"@id\":\"https:\\\/\\\/artnuances.com\\\/it\\\/#organization\",\"name\":\"Studio Artnuances LTD\",\"url\":\"https:\\\/\\\/artnuances.com\\\/it\\\/\",\"logo\":{\"@type\":\"ImageObject\",\"inLanguage\":\"it-IT\",\"@id\":\"https:\\\/\\\/artnuances.com\\\/it\\\/#\\\/schema\\\/logo\\\/image\\\/\",\"url\":\"https:\\\/\\\/artnuances.com\\\/wp-content\\\/uploads\\\/2019\\\/09\\\/artnuanse.png\",\"contentUrl\":\"https:\\\/\\\/artnuances.com\\\/wp-content\\\/uploads\\\/2019\\\/09\\\/artnuanse.png\",\"width\":622,\"height\":622,\"caption\":\"Studio Artnuances LTD\"},\"image\":{\"@id\":\"https:\\\/\\\/artnuances.com\\\/it\\\/#\\\/schema\\\/logo\\\/image\\\/\"},\"sameAs\":[\"https:\\\/\\\/www.facebook.com\\\/studioartnuances\\\/\",\"https:\\\/\\\/www.instagram.com\\\/studioartnuances\\\/\",\"https:\\\/\\\/www.youtube.com\\\/channel\\\/UCoU2Nb_B-2BOiDcO292sggg\"]}]}<\/script>\n<!-- \/ Yoast SEO plugin. -->","yoast_head_json":{"title":"Biodiversity 2 - Dominique Mc Kenzie - Artnuances Gallery","description":"Biodiversit\u00e0 2. Dominique Mc Kenzie, presenta al pubblico una nuova serie di opere dedicate alla Biodiversit\u00e0. \u00c8 un tema assolutamente moderno sia nell'esecuzione artistica","robots":{"index":"index","follow":"follow","max-snippet":"max-snippet:-1","max-image-preview":"max-image-preview:large","max-video-preview":"max-video-preview:-1"},"canonical":"https:\/\/artnuances.com\/it\/artworks\/biodiversity-2-2\/","og_locale":"it_IT","og_type":"article","og_title":"Biodiversity 2 - Dominique Mc Kenzie - Artnuances Gallery","og_description":"Biodiversit\u00e0 2. Dominique Mc Kenzie, presenta al pubblico una nuova serie di opere dedicate alla Biodiversit\u00e0. \u00c8 un tema assolutamente moderno sia nell'esecuzione artistica","og_url":"https:\/\/artnuances.com\/it\/artworks\/biodiversity-2-2\/","og_site_name":"Artnuances - Art gallery online","article_publisher":"https:\/\/www.facebook.com\/studioartnuances\/","article_modified_time":"2022-06-13T08:01:55+00:00","og_image":[{"width":2020,"height":2026,"url":"https:\/\/artnuances.com\/wp-content\/uploads\/2022\/06\/Biodiversity-2-an.jpeg","type":"image\/jpeg"}],"twitter_card":"summary_large_image","twitter_misc":{"Tempo di lettura stimato":"1 minuto"},"schema":{"@context":"https:\/\/schema.org","@graph":[{"@type":"WebPage","@id":"https:\/\/artnuances.com\/it\/artworks\/biodiversity-2-2\/","url":"https:\/\/artnuances.com\/it\/artworks\/biodiversity-2-2\/","name":"Biodiversity 2 - Dominique Mc Kenzie - Artnuances Gallery","isPartOf":{"@id":"https:\/\/artnuances.com\/it\/#website"},"primaryImageOfPage":{"@id":"https:\/\/artnuances.com\/it\/artworks\/biodiversity-2-2\/#primaryimage"},"image":{"@id":"https:\/\/artnuances.com\/it\/artworks\/biodiversity-2-2\/#primaryimage"},"thumbnailUrl":"https:\/\/artnuances.com\/wp-content\/uploads\/2022\/06\/Biodiversity-2-an.jpeg","datePublished":"2022-06-08T15:52:33+00:00","dateModified":"2022-06-13T08:01:55+00:00","description":"Biodiversit\u00e0 2. Dominique Mc Kenzie, presenta al pubblico una nuova serie di opere dedicate alla Biodiversit\u00e0. \u00c8 un tema assolutamente moderno sia nell'esecuzione artistica","breadcrumb":{"@id":"https:\/\/artnuances.com\/it\/artworks\/biodiversity-2-2\/#breadcrumb"},"inLanguage":"it-IT","potentialAction":[{"@type":"ReadAction","target":["https:\/\/artnuances.com\/it\/artworks\/biodiversity-2-2\/"]}]},{"@type":"ImageObject","inLanguage":"it-IT","@id":"https:\/\/artnuances.com\/it\/artworks\/biodiversity-2-2\/#primaryimage","url":"https:\/\/artnuances.com\/wp-content\/uploads\/2022\/06\/Biodiversity-2-an.jpeg","contentUrl":"https:\/\/artnuances.com\/wp-content\/uploads\/2022\/06\/Biodiversity-2-an.jpeg","width":2020,"height":2026,"caption":"Biodiversity 2"},{"@type":"BreadcrumbList","@id":"https:\/\/artnuances.com\/it\/artworks\/biodiversity-2-2\/#breadcrumb","itemListElement":[{"@type":"ListItem","position":1,"name":"Home","item":"https:\/\/artnuances.com\/it\/"},{"@type":"ListItem","position":2,"name":"Shop online","item":"https:\/\/artnuances.com\/it\/shop-online-galleria-darte-artnuances\/"},{"@type":"ListItem","position":3,"name":"Biodiversity 2"}]},{"@type":"WebSite","@id":"https:\/\/artnuances.com\/it\/#website","url":"https:\/\/artnuances.com\/it\/","name":"Artnuances - Art gallery online","description":"Artnuances Gallery","publisher":{"@id":"https:\/\/artnuances.com\/it\/#organization"},"potentialAction":[{"@type":"SearchAction","target":{"@type":"EntryPoint","urlTemplate":"https:\/\/artnuances.com\/it\/?s={search_term_string}"},"query-input":{"@type":"PropertyValueSpecification","valueRequired":true,"valueName":"search_term_string"}}],"inLanguage":"it-IT"},{"@type":"Organization","@id":"https:\/\/artnuances.com\/it\/#organization","name":"Studio Artnuances LTD","url":"https:\/\/artnuances.com\/it\/","logo":{"@type":"ImageObject","inLanguage":"it-IT","@id":"https:\/\/artnuances.com\/it\/#\/schema\/logo\/image\/","url":"https:\/\/artnuances.com\/wp-content\/uploads\/2019\/09\/artnuanse.png","contentUrl":"https:\/\/artnuances.com\/wp-content\/uploads\/2019\/09\/artnuanse.png","width":622,"height":622,"caption":"Studio Artnuances LTD"},"image":{"@id":"https:\/\/artnuances.com\/it\/#\/schema\/logo\/image\/"},"sameAs":["https:\/\/www.facebook.com\/studioartnuances\/","https:\/\/www.instagram.com\/studioartnuances\/","https:\/\/www.youtube.com\/channel\/UCoU2Nb_B-2BOiDcO292sggg"]}]}},"_links":{"self":[{"href":"https:\/\/artnuances.com\/it\/wp-json\/wp\/v2\/product\/34933","targetHints":{"allow":["GET"]}}],"collection":[{"href":"https:\/\/artnuances.com\/it\/wp-json\/wp\/v2\/product"}],"about":[{"href":"https:\/\/artnuances.com\/it\/wp-json\/wp\/v2\/types\/product"}],"replies":[{"embeddable":true,"href":"https:\/\/artnuances.com\/it\/wp-json\/wp\/v2\/comments?post=34933"}],"wp:featuredmedia":[{"embeddable":true,"href":"https:\/\/artnuances.com\/it\/wp-json\/wp\/v2\/media\/34923"}],"wp:attachment":[{"href":"https:\/\/artnuances.com\/it\/wp-json\/wp\/v2\/media?parent=34933"}],"wp:term":[{"taxonomy":"product_brand","embeddable":true,"href":"https:\/\/artnuances.com\/it\/wp-json\/wp\/v2\/product_brand?post=34933"},{"taxonomy":"product_cat","embeddable":true,"href":"https:\/\/artnuances.com\/it\/wp-json\/wp\/v2\/product_cat?post=34933"},{"taxonomy":"product_tag","embeddable":true,"href":"https:\/\/artnuances.com\/it\/wp-json\/wp\/v2\/product_tag?post=34933"}],"curies":[{"name":"wp","href":"https:\/\/api.w.org\/{rel}","templated":true}]}}