{"id":34229,"date":"2022-04-09T09:47:29","date_gmt":"2022-04-09T09:47:29","guid":{"rendered":"https:\/\/www.artnuances-com-717041.hostingersite.com\/?post_type=product&#038;p=34229"},"modified":"2023-12-06T10:22:41","modified_gmt":"2023-12-06T10:22:41","slug":"femme-tatouee","status":"publish","type":"product","link":"https:\/\/artnuances.com\/it\/artworks\/femme-tatouee\/","title":{"rendered":"fFemme tatou\u00e9e"},"content":{"rendered":"<section class=\"l-section wpb_row height_large\"><div class=\"l-section-h i-cf\"><div class=\"g-cols vc_row via_flex valign_top type_default stacking_default\"><div class=\"vc_col-sm-12 wpb_column vc_column_container\"><div class=\"vc_column-inner\"><div class=\"wpb_wrapper\"><div class=\"wpb_text_column\"><div class=\"wpb_wrapper\"><h1><strong><em>Femme tatou\u00e9e,<\/em> \u00e8 un lavoro di <a href=\"https:\/\/artnuances.com\/it\/authors\/frederic-durieu-nathalin-erin-it\/\">Frederic Durieu &amp; Nathalie Erin<\/a>.<\/strong><\/h1>\n<h3>Femme tatou\u00e9e. Potremmo anche descriverla come la donna in fiore. La creativit\u00e0 artistica, vede il corpo femminile come un grande campo fiorito, dove svolazzano le farfalle. La realt\u00e0 aumentata fa il resto. Il risultato \u00e8 spettacolare ed armonioso.<\/h3>\n<h3>App. ARTivive<\/h3>\n<\/div><\/div><\/div><\/div><\/div><\/div><\/div><\/section>\n","protected":false},"excerpt":{"rendered":"Femme tatou\u00e9e, \u00e8 un lavoro di Frederic Durieu &amp; Nathalie Erin. Femme tatou\u00e9e. Potremmo anche descriverla come la donna in fiore. La creativit\u00e0 artistica, vede il corpo femminile come un grande campo fiorito, dove svolazzano le farfalle. La realt\u00e0 aumentata fa il resto. Il risultato \u00e8 spettacolare ed armonioso. App. ARTivive","protected":false},"featured_media":34034,"comment_status":"closed","ping_status":"closed","template":"","meta":{"_acf_changed":false},"product_brand":[246],"product_cat":[247,123],"product_tag":[],"class_list":{"0":"post-34229","1":"product","2":"type-product","3":"status-publish","4":"has-post-thumbnail","6":"product_brand-frederic-durieu-nathalin-erin-it","7":"product_cat-augmented-reality-it","8":"product_cat-digital-art-it-2","9":"product_shipping_class-spedizione-in-scatola","11":"first","12":"instock","13":"featured","14":"purchasable","15":"product-type-simple"},"acf":[],"yoast_head":"<!-- This site is optimized with the Yoast SEO plugin v27.3 - https:\/\/yoast.com\/product\/yoast-seo-wordpress\/ -->\n<title>fFemme tatou\u00e9e - Frederic Durieu &amp; Nathalie Erin - Artnuances Gallery<\/title>\n<meta name=\"description\" content=\"Femme tatou\u00e9e. Potremmo anche descriverla come la donna in fiore. La creativit\u00e0 artistica, vede il corpo femminile come un grande campo fiorito\" \/>\n<meta name=\"robots\" content=\"index, follow, max-snippet:-1, max-image-preview:large, max-video-preview:-1\" \/>\n<link rel=\"canonical\" href=\"https:\/\/artnuances.com\/it\/artworks\/femme-tatouee\/\" \/>\n<meta property=\"og:locale\" content=\"it_IT\" \/>\n<meta property=\"og:type\" content=\"article\" \/>\n<meta property=\"og:title\" content=\"fFemme tatou\u00e9e - Frederic Durieu &amp; Nathalie Erin - Artnuances Gallery\" \/>\n<meta property=\"og:description\" content=\"Femme tatou\u00e9e. Potremmo anche descriverla come la donna in fiore. La creativit\u00e0 artistica, vede il corpo femminile come un grande campo fiorito\" \/>\n<meta property=\"og:url\" content=\"https:\/\/artnuances.com\/it\/artworks\/femme-tatouee\/\" \/>\n<meta property=\"og:site_name\" content=\"Artnuances - Art gallery online\" \/>\n<meta property=\"article:publisher\" content=\"https:\/\/www.facebook.com\/studioartnuances\/\" \/>\n<meta property=\"article:modified_time\" content=\"2023-12-06T10:22:41+00:00\" \/>\n<meta property=\"og:image\" content=\"https:\/\/artnuances.com\/wp-content\/uploads\/2022\/04\/femme-tatouee-an.jpg\" \/>\n\t<meta property=\"og:image:width\" content=\"2020\" \/>\n\t<meta property=\"og:image:height\" content=\"2020\" \/>\n\t<meta property=\"og:image:type\" content=\"image\/jpeg\" \/>\n<meta name=\"twitter:card\" content=\"summary_large_image\" \/>\n<script type=\"application\/ld+json\" class=\"yoast-schema-graph\">{\"@context\":\"https:\\\/\\\/schema.org\",\"@graph\":[{\"@type\":\"WebPage\",\"@id\":\"https:\\\/\\\/artnuances.com\\\/it\\\/artworks\\\/femme-tatouee\\\/\",\"url\":\"https:\\\/\\\/artnuances.com\\\/it\\\/artworks\\\/femme-tatouee\\\/\",\"name\":\"fFemme tatou\u00e9e - Frederic Durieu & Nathalie Erin - Artnuances Gallery\",\"isPartOf\":{\"@id\":\"https:\\\/\\\/artnuances.com\\\/it\\\/#website\"},\"primaryImageOfPage\":{\"@id\":\"https:\\\/\\\/artnuances.com\\\/it\\\/artworks\\\/femme-tatouee\\\/#primaryimage\"},\"image\":{\"@id\":\"https:\\\/\\\/artnuances.com\\\/it\\\/artworks\\\/femme-tatouee\\\/#primaryimage\"},\"thumbnailUrl\":\"https:\\\/\\\/artnuances.com\\\/wp-content\\\/uploads\\\/2022\\\/04\\\/femme-tatouee-an.jpg\",\"datePublished\":\"2022-04-09T09:47:29+00:00\",\"dateModified\":\"2023-12-06T10:22:41+00:00\",\"description\":\"Femme tatou\u00e9e. Potremmo anche descriverla come la donna in fiore. La creativit\u00e0 artistica, vede il corpo femminile come un grande campo fiorito\",\"breadcrumb\":{\"@id\":\"https:\\\/\\\/artnuances.com\\\/it\\\/artworks\\\/femme-tatouee\\\/#breadcrumb\"},\"inLanguage\":\"it-IT\",\"potentialAction\":[{\"@type\":\"ReadAction\",\"target\":[\"https:\\\/\\\/artnuances.com\\\/it\\\/artworks\\\/femme-tatouee\\\/\"]}]},{\"@type\":\"ImageObject\",\"inLanguage\":\"it-IT\",\"@id\":\"https:\\\/\\\/artnuances.com\\\/it\\\/artworks\\\/femme-tatouee\\\/#primaryimage\",\"url\":\"https:\\\/\\\/artnuances.com\\\/wp-content\\\/uploads\\\/2022\\\/04\\\/femme-tatouee-an.jpg\",\"contentUrl\":\"https:\\\/\\\/artnuances.com\\\/wp-content\\\/uploads\\\/2022\\\/04\\\/femme-tatouee-an.jpg\",\"width\":2020,\"height\":2020,\"caption\":\"femme tatou\u00e9e\"},{\"@type\":\"BreadcrumbList\",\"@id\":\"https:\\\/\\\/artnuances.com\\\/it\\\/artworks\\\/femme-tatouee\\\/#breadcrumb\",\"itemListElement\":[{\"@type\":\"ListItem\",\"position\":1,\"name\":\"Home\",\"item\":\"https:\\\/\\\/artnuances.com\\\/it\\\/\"},{\"@type\":\"ListItem\",\"position\":2,\"name\":\"Shop online\",\"item\":\"https:\\\/\\\/artnuances.com\\\/it\\\/shop-online-galleria-darte-artnuances\\\/\"},{\"@type\":\"ListItem\",\"position\":3,\"name\":\"fFemme tatou\u00e9e\"}]},{\"@type\":\"WebSite\",\"@id\":\"https:\\\/\\\/artnuances.com\\\/it\\\/#website\",\"url\":\"https:\\\/\\\/artnuances.com\\\/it\\\/\",\"name\":\"Artnuances - Art gallery online\",\"description\":\"Artnuances Gallery\",\"publisher\":{\"@id\":\"https:\\\/\\\/artnuances.com\\\/it\\\/#organization\"},\"potentialAction\":[{\"@type\":\"SearchAction\",\"target\":{\"@type\":\"EntryPoint\",\"urlTemplate\":\"https:\\\/\\\/artnuances.com\\\/it\\\/?s={search_term_string}\"},\"query-input\":{\"@type\":\"PropertyValueSpecification\",\"valueRequired\":true,\"valueName\":\"search_term_string\"}}],\"inLanguage\":\"it-IT\"},{\"@type\":\"Organization\",\"@id\":\"https:\\\/\\\/artnuances.com\\\/it\\\/#organization\",\"name\":\"Studio Artnuances LTD\",\"url\":\"https:\\\/\\\/artnuances.com\\\/it\\\/\",\"logo\":{\"@type\":\"ImageObject\",\"inLanguage\":\"it-IT\",\"@id\":\"https:\\\/\\\/artnuances.com\\\/it\\\/#\\\/schema\\\/logo\\\/image\\\/\",\"url\":\"https:\\\/\\\/artnuances.com\\\/wp-content\\\/uploads\\\/2019\\\/09\\\/artnuanse.png\",\"contentUrl\":\"https:\\\/\\\/artnuances.com\\\/wp-content\\\/uploads\\\/2019\\\/09\\\/artnuanse.png\",\"width\":622,\"height\":622,\"caption\":\"Studio Artnuances LTD\"},\"image\":{\"@id\":\"https:\\\/\\\/artnuances.com\\\/it\\\/#\\\/schema\\\/logo\\\/image\\\/\"},\"sameAs\":[\"https:\\\/\\\/www.facebook.com\\\/studioartnuances\\\/\",\"https:\\\/\\\/www.instagram.com\\\/studioartnuances\\\/\",\"https:\\\/\\\/www.youtube.com\\\/channel\\\/UCoU2Nb_B-2BOiDcO292sggg\"]}]}<\/script>\n<!-- \/ Yoast SEO plugin. -->","yoast_head_json":{"title":"fFemme tatou\u00e9e - Frederic Durieu & Nathalie Erin - Artnuances Gallery","description":"Femme tatou\u00e9e. Potremmo anche descriverla come la donna in fiore. La creativit\u00e0 artistica, vede il corpo femminile come un grande campo fiorito","robots":{"index":"index","follow":"follow","max-snippet":"max-snippet:-1","max-image-preview":"max-image-preview:large","max-video-preview":"max-video-preview:-1"},"canonical":"https:\/\/artnuances.com\/it\/artworks\/femme-tatouee\/","og_locale":"it_IT","og_type":"article","og_title":"fFemme tatou\u00e9e - Frederic Durieu & Nathalie Erin - Artnuances Gallery","og_description":"Femme tatou\u00e9e. Potremmo anche descriverla come la donna in fiore. La creativit\u00e0 artistica, vede il corpo femminile come un grande campo fiorito","og_url":"https:\/\/artnuances.com\/it\/artworks\/femme-tatouee\/","og_site_name":"Artnuances - Art gallery online","article_publisher":"https:\/\/www.facebook.com\/studioartnuances\/","article_modified_time":"2023-12-06T10:22:41+00:00","og_image":[{"width":2020,"height":2020,"url":"https:\/\/artnuances.com\/wp-content\/uploads\/2022\/04\/femme-tatouee-an.jpg","type":"image\/jpeg"}],"twitter_card":"summary_large_image","schema":{"@context":"https:\/\/schema.org","@graph":[{"@type":"WebPage","@id":"https:\/\/artnuances.com\/it\/artworks\/femme-tatouee\/","url":"https:\/\/artnuances.com\/it\/artworks\/femme-tatouee\/","name":"fFemme tatou\u00e9e - Frederic Durieu & Nathalie Erin - Artnuances Gallery","isPartOf":{"@id":"https:\/\/artnuances.com\/it\/#website"},"primaryImageOfPage":{"@id":"https:\/\/artnuances.com\/it\/artworks\/femme-tatouee\/#primaryimage"},"image":{"@id":"https:\/\/artnuances.com\/it\/artworks\/femme-tatouee\/#primaryimage"},"thumbnailUrl":"https:\/\/artnuances.com\/wp-content\/uploads\/2022\/04\/femme-tatouee-an.jpg","datePublished":"2022-04-09T09:47:29+00:00","dateModified":"2023-12-06T10:22:41+00:00","description":"Femme tatou\u00e9e. Potremmo anche descriverla come la donna in fiore. La creativit\u00e0 artistica, vede il corpo femminile come un grande campo fiorito","breadcrumb":{"@id":"https:\/\/artnuances.com\/it\/artworks\/femme-tatouee\/#breadcrumb"},"inLanguage":"it-IT","potentialAction":[{"@type":"ReadAction","target":["https:\/\/artnuances.com\/it\/artworks\/femme-tatouee\/"]}]},{"@type":"ImageObject","inLanguage":"it-IT","@id":"https:\/\/artnuances.com\/it\/artworks\/femme-tatouee\/#primaryimage","url":"https:\/\/artnuances.com\/wp-content\/uploads\/2022\/04\/femme-tatouee-an.jpg","contentUrl":"https:\/\/artnuances.com\/wp-content\/uploads\/2022\/04\/femme-tatouee-an.jpg","width":2020,"height":2020,"caption":"femme tatou\u00e9e"},{"@type":"BreadcrumbList","@id":"https:\/\/artnuances.com\/it\/artworks\/femme-tatouee\/#breadcrumb","itemListElement":[{"@type":"ListItem","position":1,"name":"Home","item":"https:\/\/artnuances.com\/it\/"},{"@type":"ListItem","position":2,"name":"Shop online","item":"https:\/\/artnuances.com\/it\/shop-online-galleria-darte-artnuances\/"},{"@type":"ListItem","position":3,"name":"fFemme tatou\u00e9e"}]},{"@type":"WebSite","@id":"https:\/\/artnuances.com\/it\/#website","url":"https:\/\/artnuances.com\/it\/","name":"Artnuances - Art gallery online","description":"Artnuances Gallery","publisher":{"@id":"https:\/\/artnuances.com\/it\/#organization"},"potentialAction":[{"@type":"SearchAction","target":{"@type":"EntryPoint","urlTemplate":"https:\/\/artnuances.com\/it\/?s={search_term_string}"},"query-input":{"@type":"PropertyValueSpecification","valueRequired":true,"valueName":"search_term_string"}}],"inLanguage":"it-IT"},{"@type":"Organization","@id":"https:\/\/artnuances.com\/it\/#organization","name":"Studio Artnuances LTD","url":"https:\/\/artnuances.com\/it\/","logo":{"@type":"ImageObject","inLanguage":"it-IT","@id":"https:\/\/artnuances.com\/it\/#\/schema\/logo\/image\/","url":"https:\/\/artnuances.com\/wp-content\/uploads\/2019\/09\/artnuanse.png","contentUrl":"https:\/\/artnuances.com\/wp-content\/uploads\/2019\/09\/artnuanse.png","width":622,"height":622,"caption":"Studio Artnuances LTD"},"image":{"@id":"https:\/\/artnuances.com\/it\/#\/schema\/logo\/image\/"},"sameAs":["https:\/\/www.facebook.com\/studioartnuances\/","https:\/\/www.instagram.com\/studioartnuances\/","https:\/\/www.youtube.com\/channel\/UCoU2Nb_B-2BOiDcO292sggg"]}]}},"_links":{"self":[{"href":"https:\/\/artnuances.com\/it\/wp-json\/wp\/v2\/product\/34229","targetHints":{"allow":["GET"]}}],"collection":[{"href":"https:\/\/artnuances.com\/it\/wp-json\/wp\/v2\/product"}],"about":[{"href":"https:\/\/artnuances.com\/it\/wp-json\/wp\/v2\/types\/product"}],"replies":[{"embeddable":true,"href":"https:\/\/artnuances.com\/it\/wp-json\/wp\/v2\/comments?post=34229"}],"wp:featuredmedia":[{"embeddable":true,"href":"https:\/\/artnuances.com\/it\/wp-json\/wp\/v2\/media\/34034"}],"wp:attachment":[{"href":"https:\/\/artnuances.com\/it\/wp-json\/wp\/v2\/media?parent=34229"}],"wp:term":[{"taxonomy":"product_brand","embeddable":true,"href":"https:\/\/artnuances.com\/it\/wp-json\/wp\/v2\/product_brand?post=34229"},{"taxonomy":"product_cat","embeddable":true,"href":"https:\/\/artnuances.com\/it\/wp-json\/wp\/v2\/product_cat?post=34229"},{"taxonomy":"product_tag","embeddable":true,"href":"https:\/\/artnuances.com\/it\/wp-json\/wp\/v2\/product_tag?post=34229"}],"curies":[{"name":"wp","href":"https:\/\/api.w.org\/{rel}","templated":true}]}}