{"id":34166,"date":"2022-04-06T14:20:06","date_gmt":"2022-04-06T14:20:07","guid":{"rendered":"https:\/\/www.artnuances-com-717041.hostingersite.com\/?post_type=product&#038;p=34166"},"modified":"2023-12-06T10:42:33","modified_gmt":"2023-12-06T10:42:33","slug":"les-trois-graces","status":"publish","type":"product","link":"https:\/\/artnuances.com\/it\/artworks\/les-trois-graces\/","title":{"rendered":"Les Trois Gr\u00e2ces"},"content":{"rendered":"<section class=\"l-section wpb_row height_large\"><div class=\"l-section-h i-cf\"><div class=\"g-cols vc_row via_flex valign_top type_default stacking_default\"><div class=\"vc_col-sm-12 wpb_column vc_column_container\"><div class=\"vc_column-inner\"><div class=\"wpb_wrapper\"><div class=\"wpb_text_column\"><div class=\"wpb_wrapper\"><h1><strong><em>Les Trois Gr\u00e2ces,<\/em> \u00e8 un lavoro di <a href=\"https:\/\/artnuances.com\/it\/authors\/frederic-durieu-nathalin-erin-it\/\">Frederic Durieu &amp; Nathalie Erin<\/a>.<\/strong><\/h1>\n<h3>Les Trois Gr\u00e2ces. Prendendo spunto dall&#8217;opera del Canova, Frederic e Nathalie hanno elaborato questa opera dove l&#8217;elemento base \u00e8 il fiore. Questa serie di opere, dove l&#8217;elemento base \u00e8 un fiore, ma pu\u00f2 essere un qualsiasi altro oggetto, sfrutta il condizionamento che il cervello subisce nell&#8217;elaborazione delle immagini. La mente si concentra sull&#8217;intera immagine e solo successivamente si rende conto di come \u00e8 costituita e questo \u00e8 l&#8217;effetto sorpresa, che gli artisti ci riservano.<\/h3>\n<h3>This series of works, where the basic element is a flower, but can be any other object, exploits the conditioning that the brain undergoes in the processing of images. The mind focuses on the whole image and only later does it realize how it is made up and this is the surprise effect that the artists reserve for us.<\/h3>\n<\/div><\/div><\/div><\/div><\/div><\/div><\/div><\/section>\n","protected":false},"excerpt":{"rendered":"Les Trois Gr\u00e2ces, \u00e8 un lavoro di Frederic Durieu &amp; Nathalie Erin. Les Trois Gr\u00e2ces. Prendendo spunto dall&#8217;opera del Canova, Frederic e Nathalie hanno elaborato questa opera dove l&#8217;elemento base \u00e8 il fiore. Questa serie di opere, dove l&#8217;elemento base \u00e8 un fiore, ma pu\u00f2 essere un qualsiasi altro oggetto, sfrutta il condizionamento che il...","protected":false},"featured_media":34091,"comment_status":"closed","ping_status":"closed","template":"","meta":{"_acf_changed":false},"product_brand":[246],"product_cat":[123],"product_tag":[],"class_list":{"0":"post-34166","1":"product","2":"type-product","3":"status-publish","4":"has-post-thumbnail","6":"product_brand-frederic-durieu-nathalin-erin-it","7":"product_cat-digital-art-it-2","8":"product_shipping_class-spedizione-in-scatola","10":"first","11":"instock","12":"featured","13":"purchasable","14":"product-type-simple"},"acf":[],"yoast_head":"<!-- This site is optimized with the Yoast SEO plugin v27.3 - https:\/\/yoast.com\/product\/yoast-seo-wordpress\/ -->\n<title>Les Trois Gr\u00e2ces - Frederic Durieu &amp; Nathalie Erin - Artnuances Gallery<\/title>\n<meta name=\"description\" content=\"Les Trois Gr\u00e2ces. Prendendo spunto dall&#039;opera del Canova, Frederic e Nathalie hanno elaborato questa opera dove l&#039;elemento base \u00e8 il fiore.\" \/>\n<meta name=\"robots\" content=\"index, follow, max-snippet:-1, max-image-preview:large, max-video-preview:-1\" \/>\n<link rel=\"canonical\" href=\"https:\/\/artnuances.com\/it\/artworks\/les-trois-graces\/\" \/>\n<meta property=\"og:locale\" content=\"it_IT\" \/>\n<meta property=\"og:type\" content=\"article\" \/>\n<meta property=\"og:title\" content=\"Les Trois Gr\u00e2ces - Frederic Durieu &amp; Nathalie Erin - Artnuances Gallery\" \/>\n<meta property=\"og:description\" content=\"Les Trois Gr\u00e2ces. Prendendo spunto dall&#039;opera del Canova, Frederic e Nathalie hanno elaborato questa opera dove l&#039;elemento base \u00e8 il fiore.\" \/>\n<meta property=\"og:url\" content=\"https:\/\/artnuances.com\/it\/artworks\/les-trois-graces\/\" \/>\n<meta property=\"og:site_name\" content=\"Artnuances - Art gallery online\" \/>\n<meta property=\"article:publisher\" content=\"https:\/\/www.facebook.com\/studioartnuances\/\" \/>\n<meta property=\"article:modified_time\" content=\"2023-12-06T10:42:33+00:00\" \/>\n<meta property=\"og:image\" content=\"https:\/\/artnuances.com\/wp-content\/uploads\/2022\/04\/Les-Trois-Graces-an.jpg\" \/>\n\t<meta property=\"og:image:width\" content=\"2020\" \/>\n\t<meta property=\"og:image:height\" content=\"2020\" \/>\n\t<meta property=\"og:image:type\" content=\"image\/jpeg\" \/>\n<meta name=\"twitter:card\" content=\"summary_large_image\" \/>\n<meta name=\"twitter:label1\" content=\"Tempo di lettura stimato\" \/>\n\t<meta name=\"twitter:data1\" content=\"1 minuto\" \/>\n<script type=\"application\/ld+json\" class=\"yoast-schema-graph\">{\"@context\":\"https:\\\/\\\/schema.org\",\"@graph\":[{\"@type\":\"WebPage\",\"@id\":\"https:\\\/\\\/artnuances.com\\\/it\\\/artworks\\\/les-trois-graces\\\/\",\"url\":\"https:\\\/\\\/artnuances.com\\\/it\\\/artworks\\\/les-trois-graces\\\/\",\"name\":\"Les Trois Gr\u00e2ces - Frederic Durieu & Nathalie Erin - Artnuances Gallery\",\"isPartOf\":{\"@id\":\"https:\\\/\\\/artnuances.com\\\/it\\\/#website\"},\"primaryImageOfPage\":{\"@id\":\"https:\\\/\\\/artnuances.com\\\/it\\\/artworks\\\/les-trois-graces\\\/#primaryimage\"},\"image\":{\"@id\":\"https:\\\/\\\/artnuances.com\\\/it\\\/artworks\\\/les-trois-graces\\\/#primaryimage\"},\"thumbnailUrl\":\"https:\\\/\\\/artnuances.com\\\/wp-content\\\/uploads\\\/2022\\\/04\\\/Les-Trois-Graces-an.jpg\",\"datePublished\":\"2022-04-06T14:20:07+00:00\",\"dateModified\":\"2023-12-06T10:42:33+00:00\",\"description\":\"Les Trois Gr\u00e2ces. Prendendo spunto dall'opera del Canova, Frederic e Nathalie hanno elaborato questa opera dove l'elemento base \u00e8 il fiore.\",\"breadcrumb\":{\"@id\":\"https:\\\/\\\/artnuances.com\\\/it\\\/artworks\\\/les-trois-graces\\\/#breadcrumb\"},\"inLanguage\":\"it-IT\",\"potentialAction\":[{\"@type\":\"ReadAction\",\"target\":[\"https:\\\/\\\/artnuances.com\\\/it\\\/artworks\\\/les-trois-graces\\\/\"]}]},{\"@type\":\"ImageObject\",\"inLanguage\":\"it-IT\",\"@id\":\"https:\\\/\\\/artnuances.com\\\/it\\\/artworks\\\/les-trois-graces\\\/#primaryimage\",\"url\":\"https:\\\/\\\/artnuances.com\\\/wp-content\\\/uploads\\\/2022\\\/04\\\/Les-Trois-Graces-an.jpg\",\"contentUrl\":\"https:\\\/\\\/artnuances.com\\\/wp-content\\\/uploads\\\/2022\\\/04\\\/Les-Trois-Graces-an.jpg\",\"width\":2020,\"height\":2020,\"caption\":\"Les Trois Gr\u00e2ces\"},{\"@type\":\"BreadcrumbList\",\"@id\":\"https:\\\/\\\/artnuances.com\\\/it\\\/artworks\\\/les-trois-graces\\\/#breadcrumb\",\"itemListElement\":[{\"@type\":\"ListItem\",\"position\":1,\"name\":\"Home\",\"item\":\"https:\\\/\\\/artnuances.com\\\/it\\\/\"},{\"@type\":\"ListItem\",\"position\":2,\"name\":\"Shop online\",\"item\":\"https:\\\/\\\/artnuances.com\\\/it\\\/shop-online-galleria-darte-artnuances\\\/\"},{\"@type\":\"ListItem\",\"position\":3,\"name\":\"Les Trois Gr\u00e2ces\"}]},{\"@type\":\"WebSite\",\"@id\":\"https:\\\/\\\/artnuances.com\\\/it\\\/#website\",\"url\":\"https:\\\/\\\/artnuances.com\\\/it\\\/\",\"name\":\"Artnuances - Art gallery online\",\"description\":\"Artnuances Gallery\",\"publisher\":{\"@id\":\"https:\\\/\\\/artnuances.com\\\/it\\\/#organization\"},\"potentialAction\":[{\"@type\":\"SearchAction\",\"target\":{\"@type\":\"EntryPoint\",\"urlTemplate\":\"https:\\\/\\\/artnuances.com\\\/it\\\/?s={search_term_string}\"},\"query-input\":{\"@type\":\"PropertyValueSpecification\",\"valueRequired\":true,\"valueName\":\"search_term_string\"}}],\"inLanguage\":\"it-IT\"},{\"@type\":\"Organization\",\"@id\":\"https:\\\/\\\/artnuances.com\\\/it\\\/#organization\",\"name\":\"Studio Artnuances LTD\",\"url\":\"https:\\\/\\\/artnuances.com\\\/it\\\/\",\"logo\":{\"@type\":\"ImageObject\",\"inLanguage\":\"it-IT\",\"@id\":\"https:\\\/\\\/artnuances.com\\\/it\\\/#\\\/schema\\\/logo\\\/image\\\/\",\"url\":\"https:\\\/\\\/artnuances.com\\\/wp-content\\\/uploads\\\/2019\\\/09\\\/artnuanse.png\",\"contentUrl\":\"https:\\\/\\\/artnuances.com\\\/wp-content\\\/uploads\\\/2019\\\/09\\\/artnuanse.png\",\"width\":622,\"height\":622,\"caption\":\"Studio Artnuances LTD\"},\"image\":{\"@id\":\"https:\\\/\\\/artnuances.com\\\/it\\\/#\\\/schema\\\/logo\\\/image\\\/\"},\"sameAs\":[\"https:\\\/\\\/www.facebook.com\\\/studioartnuances\\\/\",\"https:\\\/\\\/www.instagram.com\\\/studioartnuances\\\/\",\"https:\\\/\\\/www.youtube.com\\\/channel\\\/UCoU2Nb_B-2BOiDcO292sggg\"]}]}<\/script>\n<!-- \/ Yoast SEO plugin. -->","yoast_head_json":{"title":"Les Trois Gr\u00e2ces - Frederic Durieu & Nathalie Erin - Artnuances Gallery","description":"Les Trois Gr\u00e2ces. Prendendo spunto dall'opera del Canova, Frederic e Nathalie hanno elaborato questa opera dove l'elemento base \u00e8 il fiore.","robots":{"index":"index","follow":"follow","max-snippet":"max-snippet:-1","max-image-preview":"max-image-preview:large","max-video-preview":"max-video-preview:-1"},"canonical":"https:\/\/artnuances.com\/it\/artworks\/les-trois-graces\/","og_locale":"it_IT","og_type":"article","og_title":"Les Trois Gr\u00e2ces - Frederic Durieu & Nathalie Erin - Artnuances Gallery","og_description":"Les Trois Gr\u00e2ces. Prendendo spunto dall'opera del Canova, Frederic e Nathalie hanno elaborato questa opera dove l'elemento base \u00e8 il fiore.","og_url":"https:\/\/artnuances.com\/it\/artworks\/les-trois-graces\/","og_site_name":"Artnuances - Art gallery online","article_publisher":"https:\/\/www.facebook.com\/studioartnuances\/","article_modified_time":"2023-12-06T10:42:33+00:00","og_image":[{"width":2020,"height":2020,"url":"https:\/\/artnuances.com\/wp-content\/uploads\/2022\/04\/Les-Trois-Graces-an.jpg","type":"image\/jpeg"}],"twitter_card":"summary_large_image","twitter_misc":{"Tempo di lettura stimato":"1 minuto"},"schema":{"@context":"https:\/\/schema.org","@graph":[{"@type":"WebPage","@id":"https:\/\/artnuances.com\/it\/artworks\/les-trois-graces\/","url":"https:\/\/artnuances.com\/it\/artworks\/les-trois-graces\/","name":"Les Trois Gr\u00e2ces - Frederic Durieu & Nathalie Erin - Artnuances Gallery","isPartOf":{"@id":"https:\/\/artnuances.com\/it\/#website"},"primaryImageOfPage":{"@id":"https:\/\/artnuances.com\/it\/artworks\/les-trois-graces\/#primaryimage"},"image":{"@id":"https:\/\/artnuances.com\/it\/artworks\/les-trois-graces\/#primaryimage"},"thumbnailUrl":"https:\/\/artnuances.com\/wp-content\/uploads\/2022\/04\/Les-Trois-Graces-an.jpg","datePublished":"2022-04-06T14:20:07+00:00","dateModified":"2023-12-06T10:42:33+00:00","description":"Les Trois Gr\u00e2ces. Prendendo spunto dall'opera del Canova, Frederic e Nathalie hanno elaborato questa opera dove l'elemento base \u00e8 il fiore.","breadcrumb":{"@id":"https:\/\/artnuances.com\/it\/artworks\/les-trois-graces\/#breadcrumb"},"inLanguage":"it-IT","potentialAction":[{"@type":"ReadAction","target":["https:\/\/artnuances.com\/it\/artworks\/les-trois-graces\/"]}]},{"@type":"ImageObject","inLanguage":"it-IT","@id":"https:\/\/artnuances.com\/it\/artworks\/les-trois-graces\/#primaryimage","url":"https:\/\/artnuances.com\/wp-content\/uploads\/2022\/04\/Les-Trois-Graces-an.jpg","contentUrl":"https:\/\/artnuances.com\/wp-content\/uploads\/2022\/04\/Les-Trois-Graces-an.jpg","width":2020,"height":2020,"caption":"Les Trois Gr\u00e2ces"},{"@type":"BreadcrumbList","@id":"https:\/\/artnuances.com\/it\/artworks\/les-trois-graces\/#breadcrumb","itemListElement":[{"@type":"ListItem","position":1,"name":"Home","item":"https:\/\/artnuances.com\/it\/"},{"@type":"ListItem","position":2,"name":"Shop online","item":"https:\/\/artnuances.com\/it\/shop-online-galleria-darte-artnuances\/"},{"@type":"ListItem","position":3,"name":"Les Trois Gr\u00e2ces"}]},{"@type":"WebSite","@id":"https:\/\/artnuances.com\/it\/#website","url":"https:\/\/artnuances.com\/it\/","name":"Artnuances - Art gallery online","description":"Artnuances Gallery","publisher":{"@id":"https:\/\/artnuances.com\/it\/#organization"},"potentialAction":[{"@type":"SearchAction","target":{"@type":"EntryPoint","urlTemplate":"https:\/\/artnuances.com\/it\/?s={search_term_string}"},"query-input":{"@type":"PropertyValueSpecification","valueRequired":true,"valueName":"search_term_string"}}],"inLanguage":"it-IT"},{"@type":"Organization","@id":"https:\/\/artnuances.com\/it\/#organization","name":"Studio Artnuances LTD","url":"https:\/\/artnuances.com\/it\/","logo":{"@type":"ImageObject","inLanguage":"it-IT","@id":"https:\/\/artnuances.com\/it\/#\/schema\/logo\/image\/","url":"https:\/\/artnuances.com\/wp-content\/uploads\/2019\/09\/artnuanse.png","contentUrl":"https:\/\/artnuances.com\/wp-content\/uploads\/2019\/09\/artnuanse.png","width":622,"height":622,"caption":"Studio Artnuances LTD"},"image":{"@id":"https:\/\/artnuances.com\/it\/#\/schema\/logo\/image\/"},"sameAs":["https:\/\/www.facebook.com\/studioartnuances\/","https:\/\/www.instagram.com\/studioartnuances\/","https:\/\/www.youtube.com\/channel\/UCoU2Nb_B-2BOiDcO292sggg"]}]}},"_links":{"self":[{"href":"https:\/\/artnuances.com\/it\/wp-json\/wp\/v2\/product\/34166","targetHints":{"allow":["GET"]}}],"collection":[{"href":"https:\/\/artnuances.com\/it\/wp-json\/wp\/v2\/product"}],"about":[{"href":"https:\/\/artnuances.com\/it\/wp-json\/wp\/v2\/types\/product"}],"replies":[{"embeddable":true,"href":"https:\/\/artnuances.com\/it\/wp-json\/wp\/v2\/comments?post=34166"}],"wp:featuredmedia":[{"embeddable":true,"href":"https:\/\/artnuances.com\/it\/wp-json\/wp\/v2\/media\/34091"}],"wp:attachment":[{"href":"https:\/\/artnuances.com\/it\/wp-json\/wp\/v2\/media?parent=34166"}],"wp:term":[{"taxonomy":"product_brand","embeddable":true,"href":"https:\/\/artnuances.com\/it\/wp-json\/wp\/v2\/product_brand?post=34166"},{"taxonomy":"product_cat","embeddable":true,"href":"https:\/\/artnuances.com\/it\/wp-json\/wp\/v2\/product_cat?post=34166"},{"taxonomy":"product_tag","embeddable":true,"href":"https:\/\/artnuances.com\/it\/wp-json\/wp\/v2\/product_tag?post=34166"}],"curies":[{"name":"wp","href":"https:\/\/api.w.org\/{rel}","templated":true}]}}