{"id":34162,"date":"2022-04-06T10:03:01","date_gmt":"2022-04-06T10:03:02","guid":{"rendered":"https:\/\/www.artnuances-com-717041.hostingersite.com\/?post_type=product&#038;p=34162"},"modified":"2023-12-06T10:43:50","modified_gmt":"2023-12-06T10:43:50","slug":"woman-out-of-line","status":"publish","type":"product","link":"https:\/\/artnuances.com\/it\/artworks\/woman-out-of-line\/","title":{"rendered":"Woman Out of Line 1"},"content":{"rendered":"<section class=\"l-section wpb_row height_large\"><div class=\"l-section-h i-cf\"><div class=\"g-cols vc_row via_flex valign_top type_default stacking_default\"><div class=\"vc_col-sm-12 wpb_column vc_column_container\"><div class=\"vc_column-inner\"><div class=\"wpb_wrapper\"><div class=\"wpb_text_column\"><div class=\"wpb_wrapper\"><h1><strong><em>Woman Out of Line 1,<\/em> \u00e8 un lavoro di <a href=\"https:\/\/artnuances.com\/it\/authors\/frederic-durieu-nathalin-erin-it\/\">Frederic Durieu &amp; Nathalie Erin<\/a>.<\/strong><\/h1>\n<h3>Woman Out of Line 1. Il tema del rispetto della donna. \u00e8 caro a Frederic e Nathalie. Le loro creazioni hanno il preciso scopo di attirare lo sguardo del visitatore attraverso l&#8217;esecuzione tecnica, ma per condurlo sul piano dell&#8217;analisi del contenuto dell&#8217;opera stessa. Guardare la donna fuori delle linee, significa appunto, non fermarsi all&#8217;esteriorit\u00e0. La donna l&#8217;altra met\u00e0 del cielo \u00e8 imprescindibile nella nostra umanit\u00e0.<\/h3>\n<\/div><\/div><\/div><\/div><\/div><\/div><\/div><\/section>\n","protected":false},"excerpt":{"rendered":"Woman Out of Line 1, \u00e8 un lavoro di Frederic Durieu &amp; Nathalie Erin. Woman Out of Line 1. Il tema del rispetto della donna. \u00e8 caro a Frederic e Nathalie. Le loro creazioni hanno il preciso scopo di attirare lo sguardo del visitatore attraverso l&#8217;esecuzione tecnica, ma per condurlo sul piano dell&#8217;analisi del contenuto...","protected":false},"featured_media":34079,"comment_status":"closed","ping_status":"closed","template":"","meta":{"_acf_changed":false},"product_brand":[246],"product_cat":[123],"product_tag":[],"class_list":{"0":"post-34162","1":"product","2":"type-product","3":"status-publish","4":"has-post-thumbnail","6":"product_brand-frederic-durieu-nathalin-erin-it","7":"product_cat-digital-art-it-2","8":"product_shipping_class-spedizione-in-scatola","10":"first","11":"instock","12":"featured","13":"purchasable","14":"product-type-simple"},"acf":[],"yoast_head":"<!-- This site is optimized with the Yoast SEO plugin v27.3 - https:\/\/yoast.com\/product\/yoast-seo-wordpress\/ -->\n<title>Woman Out of Line 1 - Frederic Durieu &amp; Nathalie Erin - Artnuances Gallery<\/title>\n<meta name=\"description\" content=\"Woman Out of Line 1. Il tema del rispetto della donna. \u00e8 caro a Frederic e Nathalie. Le loro creazioni hanno il preciso scopo di\" \/>\n<meta name=\"robots\" content=\"index, follow, max-snippet:-1, max-image-preview:large, max-video-preview:-1\" \/>\n<link rel=\"canonical\" href=\"https:\/\/artnuances.com\/it\/artworks\/woman-out-of-line\/\" \/>\n<meta property=\"og:locale\" content=\"it_IT\" \/>\n<meta property=\"og:type\" content=\"article\" \/>\n<meta property=\"og:title\" content=\"Woman Out of Line 1 - Frederic Durieu &amp; Nathalie Erin - Artnuances Gallery\" \/>\n<meta property=\"og:description\" content=\"Woman Out of Line 1. Il tema del rispetto della donna. \u00e8 caro a Frederic e Nathalie. Le loro creazioni hanno il preciso scopo di\" \/>\n<meta property=\"og:url\" content=\"https:\/\/artnuances.com\/it\/artworks\/woman-out-of-line\/\" \/>\n<meta property=\"og:site_name\" content=\"Artnuances - Art gallery online\" \/>\n<meta property=\"article:publisher\" content=\"https:\/\/www.facebook.com\/studioartnuances\/\" \/>\n<meta property=\"article:modified_time\" content=\"2023-12-06T10:43:50+00:00\" \/>\n<meta property=\"og:image\" content=\"https:\/\/artnuances.com\/wp-content\/uploads\/2022\/04\/Woman-Out-of-Line-1-an-1.jpg\" \/>\n\t<meta property=\"og:image:width\" content=\"2020\" \/>\n\t<meta property=\"og:image:height\" content=\"2020\" \/>\n\t<meta property=\"og:image:type\" content=\"image\/jpeg\" \/>\n<meta name=\"twitter:card\" content=\"summary_large_image\" \/>\n<script type=\"application\/ld+json\" class=\"yoast-schema-graph\">{\"@context\":\"https:\\\/\\\/schema.org\",\"@graph\":[{\"@type\":\"WebPage\",\"@id\":\"https:\\\/\\\/artnuances.com\\\/it\\\/artworks\\\/woman-out-of-line\\\/\",\"url\":\"https:\\\/\\\/artnuances.com\\\/it\\\/artworks\\\/woman-out-of-line\\\/\",\"name\":\"Woman Out of Line 1 - Frederic Durieu & Nathalie Erin - Artnuances Gallery\",\"isPartOf\":{\"@id\":\"https:\\\/\\\/artnuances.com\\\/it\\\/#website\"},\"primaryImageOfPage\":{\"@id\":\"https:\\\/\\\/artnuances.com\\\/it\\\/artworks\\\/woman-out-of-line\\\/#primaryimage\"},\"image\":{\"@id\":\"https:\\\/\\\/artnuances.com\\\/it\\\/artworks\\\/woman-out-of-line\\\/#primaryimage\"},\"thumbnailUrl\":\"https:\\\/\\\/artnuances.com\\\/wp-content\\\/uploads\\\/2022\\\/04\\\/Woman-Out-of-Line-1-an-1.jpg\",\"datePublished\":\"2022-04-06T10:03:02+00:00\",\"dateModified\":\"2023-12-06T10:43:50+00:00\",\"description\":\"Woman Out of Line 1. Il tema del rispetto della donna. \u00e8 caro a Frederic e Nathalie. Le loro creazioni hanno il preciso scopo di\",\"breadcrumb\":{\"@id\":\"https:\\\/\\\/artnuances.com\\\/it\\\/artworks\\\/woman-out-of-line\\\/#breadcrumb\"},\"inLanguage\":\"it-IT\",\"potentialAction\":[{\"@type\":\"ReadAction\",\"target\":[\"https:\\\/\\\/artnuances.com\\\/it\\\/artworks\\\/woman-out-of-line\\\/\"]}]},{\"@type\":\"ImageObject\",\"inLanguage\":\"it-IT\",\"@id\":\"https:\\\/\\\/artnuances.com\\\/it\\\/artworks\\\/woman-out-of-line\\\/#primaryimage\",\"url\":\"https:\\\/\\\/artnuances.com\\\/wp-content\\\/uploads\\\/2022\\\/04\\\/Woman-Out-of-Line-1-an-1.jpg\",\"contentUrl\":\"https:\\\/\\\/artnuances.com\\\/wp-content\\\/uploads\\\/2022\\\/04\\\/Woman-Out-of-Line-1-an-1.jpg\",\"width\":2020,\"height\":2020,\"caption\":\"Woman Out of Line 1\"},{\"@type\":\"BreadcrumbList\",\"@id\":\"https:\\\/\\\/artnuances.com\\\/it\\\/artworks\\\/woman-out-of-line\\\/#breadcrumb\",\"itemListElement\":[{\"@type\":\"ListItem\",\"position\":1,\"name\":\"Home\",\"item\":\"https:\\\/\\\/artnuances.com\\\/it\\\/\"},{\"@type\":\"ListItem\",\"position\":2,\"name\":\"Shop online\",\"item\":\"https:\\\/\\\/artnuances.com\\\/it\\\/shop-online-galleria-darte-artnuances\\\/\"},{\"@type\":\"ListItem\",\"position\":3,\"name\":\"Woman Out of Line 1\"}]},{\"@type\":\"WebSite\",\"@id\":\"https:\\\/\\\/artnuances.com\\\/it\\\/#website\",\"url\":\"https:\\\/\\\/artnuances.com\\\/it\\\/\",\"name\":\"Artnuances - Art gallery online\",\"description\":\"Artnuances Gallery\",\"publisher\":{\"@id\":\"https:\\\/\\\/artnuances.com\\\/it\\\/#organization\"},\"potentialAction\":[{\"@type\":\"SearchAction\",\"target\":{\"@type\":\"EntryPoint\",\"urlTemplate\":\"https:\\\/\\\/artnuances.com\\\/it\\\/?s={search_term_string}\"},\"query-input\":{\"@type\":\"PropertyValueSpecification\",\"valueRequired\":true,\"valueName\":\"search_term_string\"}}],\"inLanguage\":\"it-IT\"},{\"@type\":\"Organization\",\"@id\":\"https:\\\/\\\/artnuances.com\\\/it\\\/#organization\",\"name\":\"Studio Artnuances LTD\",\"url\":\"https:\\\/\\\/artnuances.com\\\/it\\\/\",\"logo\":{\"@type\":\"ImageObject\",\"inLanguage\":\"it-IT\",\"@id\":\"https:\\\/\\\/artnuances.com\\\/it\\\/#\\\/schema\\\/logo\\\/image\\\/\",\"url\":\"https:\\\/\\\/artnuances.com\\\/wp-content\\\/uploads\\\/2019\\\/09\\\/artnuanse.png\",\"contentUrl\":\"https:\\\/\\\/artnuances.com\\\/wp-content\\\/uploads\\\/2019\\\/09\\\/artnuanse.png\",\"width\":622,\"height\":622,\"caption\":\"Studio Artnuances LTD\"},\"image\":{\"@id\":\"https:\\\/\\\/artnuances.com\\\/it\\\/#\\\/schema\\\/logo\\\/image\\\/\"},\"sameAs\":[\"https:\\\/\\\/www.facebook.com\\\/studioartnuances\\\/\",\"https:\\\/\\\/www.instagram.com\\\/studioartnuances\\\/\",\"https:\\\/\\\/www.youtube.com\\\/channel\\\/UCoU2Nb_B-2BOiDcO292sggg\"]}]}<\/script>\n<!-- \/ Yoast SEO plugin. -->","yoast_head_json":{"title":"Woman Out of Line 1 - Frederic Durieu & Nathalie Erin - Artnuances Gallery","description":"Woman Out of Line 1. Il tema del rispetto della donna. \u00e8 caro a Frederic e Nathalie. Le loro creazioni hanno il preciso scopo di","robots":{"index":"index","follow":"follow","max-snippet":"max-snippet:-1","max-image-preview":"max-image-preview:large","max-video-preview":"max-video-preview:-1"},"canonical":"https:\/\/artnuances.com\/it\/artworks\/woman-out-of-line\/","og_locale":"it_IT","og_type":"article","og_title":"Woman Out of Line 1 - Frederic Durieu & Nathalie Erin - Artnuances Gallery","og_description":"Woman Out of Line 1. Il tema del rispetto della donna. \u00e8 caro a Frederic e Nathalie. Le loro creazioni hanno il preciso scopo di","og_url":"https:\/\/artnuances.com\/it\/artworks\/woman-out-of-line\/","og_site_name":"Artnuances - Art gallery online","article_publisher":"https:\/\/www.facebook.com\/studioartnuances\/","article_modified_time":"2023-12-06T10:43:50+00:00","og_image":[{"width":2020,"height":2020,"url":"https:\/\/artnuances.com\/wp-content\/uploads\/2022\/04\/Woman-Out-of-Line-1-an-1.jpg","type":"image\/jpeg"}],"twitter_card":"summary_large_image","schema":{"@context":"https:\/\/schema.org","@graph":[{"@type":"WebPage","@id":"https:\/\/artnuances.com\/it\/artworks\/woman-out-of-line\/","url":"https:\/\/artnuances.com\/it\/artworks\/woman-out-of-line\/","name":"Woman Out of Line 1 - Frederic Durieu & Nathalie Erin - Artnuances Gallery","isPartOf":{"@id":"https:\/\/artnuances.com\/it\/#website"},"primaryImageOfPage":{"@id":"https:\/\/artnuances.com\/it\/artworks\/woman-out-of-line\/#primaryimage"},"image":{"@id":"https:\/\/artnuances.com\/it\/artworks\/woman-out-of-line\/#primaryimage"},"thumbnailUrl":"https:\/\/artnuances.com\/wp-content\/uploads\/2022\/04\/Woman-Out-of-Line-1-an-1.jpg","datePublished":"2022-04-06T10:03:02+00:00","dateModified":"2023-12-06T10:43:50+00:00","description":"Woman Out of Line 1. Il tema del rispetto della donna. \u00e8 caro a Frederic e Nathalie. Le loro creazioni hanno il preciso scopo di","breadcrumb":{"@id":"https:\/\/artnuances.com\/it\/artworks\/woman-out-of-line\/#breadcrumb"},"inLanguage":"it-IT","potentialAction":[{"@type":"ReadAction","target":["https:\/\/artnuances.com\/it\/artworks\/woman-out-of-line\/"]}]},{"@type":"ImageObject","inLanguage":"it-IT","@id":"https:\/\/artnuances.com\/it\/artworks\/woman-out-of-line\/#primaryimage","url":"https:\/\/artnuances.com\/wp-content\/uploads\/2022\/04\/Woman-Out-of-Line-1-an-1.jpg","contentUrl":"https:\/\/artnuances.com\/wp-content\/uploads\/2022\/04\/Woman-Out-of-Line-1-an-1.jpg","width":2020,"height":2020,"caption":"Woman Out of Line 1"},{"@type":"BreadcrumbList","@id":"https:\/\/artnuances.com\/it\/artworks\/woman-out-of-line\/#breadcrumb","itemListElement":[{"@type":"ListItem","position":1,"name":"Home","item":"https:\/\/artnuances.com\/it\/"},{"@type":"ListItem","position":2,"name":"Shop online","item":"https:\/\/artnuances.com\/it\/shop-online-galleria-darte-artnuances\/"},{"@type":"ListItem","position":3,"name":"Woman Out of Line 1"}]},{"@type":"WebSite","@id":"https:\/\/artnuances.com\/it\/#website","url":"https:\/\/artnuances.com\/it\/","name":"Artnuances - Art gallery online","description":"Artnuances Gallery","publisher":{"@id":"https:\/\/artnuances.com\/it\/#organization"},"potentialAction":[{"@type":"SearchAction","target":{"@type":"EntryPoint","urlTemplate":"https:\/\/artnuances.com\/it\/?s={search_term_string}"},"query-input":{"@type":"PropertyValueSpecification","valueRequired":true,"valueName":"search_term_string"}}],"inLanguage":"it-IT"},{"@type":"Organization","@id":"https:\/\/artnuances.com\/it\/#organization","name":"Studio Artnuances LTD","url":"https:\/\/artnuances.com\/it\/","logo":{"@type":"ImageObject","inLanguage":"it-IT","@id":"https:\/\/artnuances.com\/it\/#\/schema\/logo\/image\/","url":"https:\/\/artnuances.com\/wp-content\/uploads\/2019\/09\/artnuanse.png","contentUrl":"https:\/\/artnuances.com\/wp-content\/uploads\/2019\/09\/artnuanse.png","width":622,"height":622,"caption":"Studio Artnuances LTD"},"image":{"@id":"https:\/\/artnuances.com\/it\/#\/schema\/logo\/image\/"},"sameAs":["https:\/\/www.facebook.com\/studioartnuances\/","https:\/\/www.instagram.com\/studioartnuances\/","https:\/\/www.youtube.com\/channel\/UCoU2Nb_B-2BOiDcO292sggg"]}]}},"_links":{"self":[{"href":"https:\/\/artnuances.com\/it\/wp-json\/wp\/v2\/product\/34162","targetHints":{"allow":["GET"]}}],"collection":[{"href":"https:\/\/artnuances.com\/it\/wp-json\/wp\/v2\/product"}],"about":[{"href":"https:\/\/artnuances.com\/it\/wp-json\/wp\/v2\/types\/product"}],"replies":[{"embeddable":true,"href":"https:\/\/artnuances.com\/it\/wp-json\/wp\/v2\/comments?post=34162"}],"wp:featuredmedia":[{"embeddable":true,"href":"https:\/\/artnuances.com\/it\/wp-json\/wp\/v2\/media\/34079"}],"wp:attachment":[{"href":"https:\/\/artnuances.com\/it\/wp-json\/wp\/v2\/media?parent=34162"}],"wp:term":[{"taxonomy":"product_brand","embeddable":true,"href":"https:\/\/artnuances.com\/it\/wp-json\/wp\/v2\/product_brand?post=34162"},{"taxonomy":"product_cat","embeddable":true,"href":"https:\/\/artnuances.com\/it\/wp-json\/wp\/v2\/product_cat?post=34162"},{"taxonomy":"product_tag","embeddable":true,"href":"https:\/\/artnuances.com\/it\/wp-json\/wp\/v2\/product_tag?post=34162"}],"curies":[{"name":"wp","href":"https:\/\/api.w.org\/{rel}","templated":true}]}}