{"id":34159,"date":"2022-04-06T09:50:11","date_gmt":"2022-04-06T09:50:12","guid":{"rendered":"https:\/\/www.artnuances-com-717041.hostingersite.com\/?post_type=product&#038;p=34159"},"modified":"2023-12-06T10:44:30","modified_gmt":"2023-12-06T10:44:30","slug":"regard-out-of-lines","status":"publish","type":"product","link":"https:\/\/artnuances.com\/it\/artworks\/regard-out-of-lines\/","title":{"rendered":"Regard out of lines"},"content":{"rendered":"<section class=\"l-section wpb_row height_large\"><div class=\"l-section-h i-cf\"><div class=\"g-cols vc_row via_flex valign_top type_default stacking_default\"><div class=\"vc_col-sm-12 wpb_column vc_column_container\"><div class=\"vc_column-inner\"><div class=\"wpb_wrapper\"><div class=\"wpb_text_column\"><div class=\"wpb_wrapper\"><h1><strong><em>Regard out of lines,<\/em> \u00e8 un lavoro di <a href=\"https:\/\/artnuances.com\/it\/authors\/frederic-durieu-nathalin-erin-it\/\">Frederic Durieu &amp; Nathalie Erin.<\/a><\/strong><\/h1>\n<h3>Regard out of lines. L&#8217;arte digitale, sa trasmettere idee e valori esattamente come le altre espressioni artistiche. Non \u00e8 il computer che crea, ma la mente dell&#8217;uomo. I due artisti in questo lavoro ci vogliono comunicare due cose. La prima tecnica, ossia che ogni immagine pu\u00f2 essere costruita anche usando un solo elemento geometrico, come qui \u00e8 la linea. La seconda \u00e8 psicologica: guardare oltre, nel senso di uscire dalle categorie umane prestabilite artificiosamente e osservare l&#8217;essere umano nella sua splendida variet\u00e0.<\/h3>\n<\/div><\/div><\/div><\/div><\/div><\/div><\/div><\/section>\n","protected":false},"excerpt":{"rendered":"Regard out of lines, \u00e8 un lavoro di Frederic Durieu &amp; Nathalie Erin. Regard out of lines. L&#8217;arte digitale, sa trasmettere idee e valori esattamente come le altre espressioni artistiche. Non \u00e8 il computer che crea, ma la mente dell&#8217;uomo. I due artisti in questo lavoro ci vogliono comunicare due cose. La prima tecnica, ossia...","protected":false},"featured_media":34075,"comment_status":"closed","ping_status":"closed","template":"","meta":{"_acf_changed":false},"product_brand":[246],"product_cat":[123],"product_tag":[],"class_list":{"0":"post-34159","1":"product","2":"type-product","3":"status-publish","4":"has-post-thumbnail","6":"product_brand-frederic-durieu-nathalin-erin-it","7":"product_cat-digital-art-it-2","8":"product_shipping_class-spedizione-in-scatola","10":"first","11":"instock","12":"featured","13":"purchasable","14":"product-type-simple"},"acf":[],"yoast_head":"<!-- This site is optimized with the Yoast SEO plugin v27.3 - https:\/\/yoast.com\/product\/yoast-seo-wordpress\/ -->\n<title>Regard out of lines - Frederic Durieu &amp; Nathalie Erin - Artnuances Gallery<\/title>\n<meta name=\"description\" content=\"Regard out of lines. L&#039;arte digitale, sa trasmettere idee e valori esattamente come le altre espressioni artistiche\" \/>\n<meta name=\"robots\" content=\"index, follow, max-snippet:-1, max-image-preview:large, max-video-preview:-1\" \/>\n<link rel=\"canonical\" href=\"https:\/\/artnuances.com\/it\/artworks\/regard-out-of-lines\/\" \/>\n<meta property=\"og:locale\" content=\"it_IT\" \/>\n<meta property=\"og:type\" content=\"article\" \/>\n<meta property=\"og:title\" content=\"Regard out of lines - Frederic Durieu &amp; Nathalie Erin - Artnuances Gallery\" \/>\n<meta property=\"og:description\" content=\"Regard out of lines. L&#039;arte digitale, sa trasmettere idee e valori esattamente come le altre espressioni artistiche\" \/>\n<meta property=\"og:url\" content=\"https:\/\/artnuances.com\/it\/artworks\/regard-out-of-lines\/\" \/>\n<meta property=\"og:site_name\" content=\"Artnuances - Art gallery online\" \/>\n<meta property=\"article:publisher\" content=\"https:\/\/www.facebook.com\/studioartnuances\/\" \/>\n<meta property=\"article:modified_time\" content=\"2023-12-06T10:44:30+00:00\" \/>\n<meta property=\"og:image\" content=\"https:\/\/artnuances.com\/wp-content\/uploads\/2022\/04\/Regard-out-of-lines-an-1.jpg\" \/>\n\t<meta property=\"og:image:width\" content=\"2020\" \/>\n\t<meta property=\"og:image:height\" content=\"2020\" \/>\n\t<meta property=\"og:image:type\" content=\"image\/jpeg\" \/>\n<meta name=\"twitter:card\" content=\"summary_large_image\" \/>\n<meta name=\"twitter:label1\" content=\"Tempo di lettura stimato\" \/>\n\t<meta name=\"twitter:data1\" content=\"1 minuto\" \/>\n<script type=\"application\/ld+json\" class=\"yoast-schema-graph\">{\"@context\":\"https:\\\/\\\/schema.org\",\"@graph\":[{\"@type\":\"WebPage\",\"@id\":\"https:\\\/\\\/artnuances.com\\\/it\\\/artworks\\\/regard-out-of-lines\\\/\",\"url\":\"https:\\\/\\\/artnuances.com\\\/it\\\/artworks\\\/regard-out-of-lines\\\/\",\"name\":\"Regard out of lines - Frederic Durieu & Nathalie Erin - Artnuances Gallery\",\"isPartOf\":{\"@id\":\"https:\\\/\\\/artnuances.com\\\/it\\\/#website\"},\"primaryImageOfPage\":{\"@id\":\"https:\\\/\\\/artnuances.com\\\/it\\\/artworks\\\/regard-out-of-lines\\\/#primaryimage\"},\"image\":{\"@id\":\"https:\\\/\\\/artnuances.com\\\/it\\\/artworks\\\/regard-out-of-lines\\\/#primaryimage\"},\"thumbnailUrl\":\"https:\\\/\\\/artnuances.com\\\/wp-content\\\/uploads\\\/2022\\\/04\\\/Regard-out-of-lines-an-1.jpg\",\"datePublished\":\"2022-04-06T09:50:12+00:00\",\"dateModified\":\"2023-12-06T10:44:30+00:00\",\"description\":\"Regard out of lines. L'arte digitale, sa trasmettere idee e valori esattamente come le altre espressioni artistiche\",\"breadcrumb\":{\"@id\":\"https:\\\/\\\/artnuances.com\\\/it\\\/artworks\\\/regard-out-of-lines\\\/#breadcrumb\"},\"inLanguage\":\"it-IT\",\"potentialAction\":[{\"@type\":\"ReadAction\",\"target\":[\"https:\\\/\\\/artnuances.com\\\/it\\\/artworks\\\/regard-out-of-lines\\\/\"]}]},{\"@type\":\"ImageObject\",\"inLanguage\":\"it-IT\",\"@id\":\"https:\\\/\\\/artnuances.com\\\/it\\\/artworks\\\/regard-out-of-lines\\\/#primaryimage\",\"url\":\"https:\\\/\\\/artnuances.com\\\/wp-content\\\/uploads\\\/2022\\\/04\\\/Regard-out-of-lines-an-1.jpg\",\"contentUrl\":\"https:\\\/\\\/artnuances.com\\\/wp-content\\\/uploads\\\/2022\\\/04\\\/Regard-out-of-lines-an-1.jpg\",\"width\":2020,\"height\":2020,\"caption\":\"Regard out of lines\"},{\"@type\":\"BreadcrumbList\",\"@id\":\"https:\\\/\\\/artnuances.com\\\/it\\\/artworks\\\/regard-out-of-lines\\\/#breadcrumb\",\"itemListElement\":[{\"@type\":\"ListItem\",\"position\":1,\"name\":\"Home\",\"item\":\"https:\\\/\\\/artnuances.com\\\/it\\\/\"},{\"@type\":\"ListItem\",\"position\":2,\"name\":\"Shop online\",\"item\":\"https:\\\/\\\/artnuances.com\\\/it\\\/shop-online-galleria-darte-artnuances\\\/\"},{\"@type\":\"ListItem\",\"position\":3,\"name\":\"Regard out of lines\"}]},{\"@type\":\"WebSite\",\"@id\":\"https:\\\/\\\/artnuances.com\\\/it\\\/#website\",\"url\":\"https:\\\/\\\/artnuances.com\\\/it\\\/\",\"name\":\"Artnuances - Art gallery online\",\"description\":\"Artnuances Gallery\",\"publisher\":{\"@id\":\"https:\\\/\\\/artnuances.com\\\/it\\\/#organization\"},\"potentialAction\":[{\"@type\":\"SearchAction\",\"target\":{\"@type\":\"EntryPoint\",\"urlTemplate\":\"https:\\\/\\\/artnuances.com\\\/it\\\/?s={search_term_string}\"},\"query-input\":{\"@type\":\"PropertyValueSpecification\",\"valueRequired\":true,\"valueName\":\"search_term_string\"}}],\"inLanguage\":\"it-IT\"},{\"@type\":\"Organization\",\"@id\":\"https:\\\/\\\/artnuances.com\\\/it\\\/#organization\",\"name\":\"Studio Artnuances LTD\",\"url\":\"https:\\\/\\\/artnuances.com\\\/it\\\/\",\"logo\":{\"@type\":\"ImageObject\",\"inLanguage\":\"it-IT\",\"@id\":\"https:\\\/\\\/artnuances.com\\\/it\\\/#\\\/schema\\\/logo\\\/image\\\/\",\"url\":\"https:\\\/\\\/artnuances.com\\\/wp-content\\\/uploads\\\/2019\\\/09\\\/artnuanse.png\",\"contentUrl\":\"https:\\\/\\\/artnuances.com\\\/wp-content\\\/uploads\\\/2019\\\/09\\\/artnuanse.png\",\"width\":622,\"height\":622,\"caption\":\"Studio Artnuances LTD\"},\"image\":{\"@id\":\"https:\\\/\\\/artnuances.com\\\/it\\\/#\\\/schema\\\/logo\\\/image\\\/\"},\"sameAs\":[\"https:\\\/\\\/www.facebook.com\\\/studioartnuances\\\/\",\"https:\\\/\\\/www.instagram.com\\\/studioartnuances\\\/\",\"https:\\\/\\\/www.youtube.com\\\/channel\\\/UCoU2Nb_B-2BOiDcO292sggg\"]}]}<\/script>\n<!-- \/ Yoast SEO plugin. -->","yoast_head_json":{"title":"Regard out of lines - Frederic Durieu & Nathalie Erin - Artnuances Gallery","description":"Regard out of lines. L'arte digitale, sa trasmettere idee e valori esattamente come le altre espressioni artistiche","robots":{"index":"index","follow":"follow","max-snippet":"max-snippet:-1","max-image-preview":"max-image-preview:large","max-video-preview":"max-video-preview:-1"},"canonical":"https:\/\/artnuances.com\/it\/artworks\/regard-out-of-lines\/","og_locale":"it_IT","og_type":"article","og_title":"Regard out of lines - Frederic Durieu & Nathalie Erin - Artnuances Gallery","og_description":"Regard out of lines. L'arte digitale, sa trasmettere idee e valori esattamente come le altre espressioni artistiche","og_url":"https:\/\/artnuances.com\/it\/artworks\/regard-out-of-lines\/","og_site_name":"Artnuances - Art gallery online","article_publisher":"https:\/\/www.facebook.com\/studioartnuances\/","article_modified_time":"2023-12-06T10:44:30+00:00","og_image":[{"width":2020,"height":2020,"url":"https:\/\/artnuances.com\/wp-content\/uploads\/2022\/04\/Regard-out-of-lines-an-1.jpg","type":"image\/jpeg"}],"twitter_card":"summary_large_image","twitter_misc":{"Tempo di lettura stimato":"1 minuto"},"schema":{"@context":"https:\/\/schema.org","@graph":[{"@type":"WebPage","@id":"https:\/\/artnuances.com\/it\/artworks\/regard-out-of-lines\/","url":"https:\/\/artnuances.com\/it\/artworks\/regard-out-of-lines\/","name":"Regard out of lines - Frederic Durieu & Nathalie Erin - Artnuances Gallery","isPartOf":{"@id":"https:\/\/artnuances.com\/it\/#website"},"primaryImageOfPage":{"@id":"https:\/\/artnuances.com\/it\/artworks\/regard-out-of-lines\/#primaryimage"},"image":{"@id":"https:\/\/artnuances.com\/it\/artworks\/regard-out-of-lines\/#primaryimage"},"thumbnailUrl":"https:\/\/artnuances.com\/wp-content\/uploads\/2022\/04\/Regard-out-of-lines-an-1.jpg","datePublished":"2022-04-06T09:50:12+00:00","dateModified":"2023-12-06T10:44:30+00:00","description":"Regard out of lines. L'arte digitale, sa trasmettere idee e valori esattamente come le altre espressioni artistiche","breadcrumb":{"@id":"https:\/\/artnuances.com\/it\/artworks\/regard-out-of-lines\/#breadcrumb"},"inLanguage":"it-IT","potentialAction":[{"@type":"ReadAction","target":["https:\/\/artnuances.com\/it\/artworks\/regard-out-of-lines\/"]}]},{"@type":"ImageObject","inLanguage":"it-IT","@id":"https:\/\/artnuances.com\/it\/artworks\/regard-out-of-lines\/#primaryimage","url":"https:\/\/artnuances.com\/wp-content\/uploads\/2022\/04\/Regard-out-of-lines-an-1.jpg","contentUrl":"https:\/\/artnuances.com\/wp-content\/uploads\/2022\/04\/Regard-out-of-lines-an-1.jpg","width":2020,"height":2020,"caption":"Regard out of lines"},{"@type":"BreadcrumbList","@id":"https:\/\/artnuances.com\/it\/artworks\/regard-out-of-lines\/#breadcrumb","itemListElement":[{"@type":"ListItem","position":1,"name":"Home","item":"https:\/\/artnuances.com\/it\/"},{"@type":"ListItem","position":2,"name":"Shop online","item":"https:\/\/artnuances.com\/it\/shop-online-galleria-darte-artnuances\/"},{"@type":"ListItem","position":3,"name":"Regard out of lines"}]},{"@type":"WebSite","@id":"https:\/\/artnuances.com\/it\/#website","url":"https:\/\/artnuances.com\/it\/","name":"Artnuances - Art gallery online","description":"Artnuances Gallery","publisher":{"@id":"https:\/\/artnuances.com\/it\/#organization"},"potentialAction":[{"@type":"SearchAction","target":{"@type":"EntryPoint","urlTemplate":"https:\/\/artnuances.com\/it\/?s={search_term_string}"},"query-input":{"@type":"PropertyValueSpecification","valueRequired":true,"valueName":"search_term_string"}}],"inLanguage":"it-IT"},{"@type":"Organization","@id":"https:\/\/artnuances.com\/it\/#organization","name":"Studio Artnuances LTD","url":"https:\/\/artnuances.com\/it\/","logo":{"@type":"ImageObject","inLanguage":"it-IT","@id":"https:\/\/artnuances.com\/it\/#\/schema\/logo\/image\/","url":"https:\/\/artnuances.com\/wp-content\/uploads\/2019\/09\/artnuanse.png","contentUrl":"https:\/\/artnuances.com\/wp-content\/uploads\/2019\/09\/artnuanse.png","width":622,"height":622,"caption":"Studio Artnuances LTD"},"image":{"@id":"https:\/\/artnuances.com\/it\/#\/schema\/logo\/image\/"},"sameAs":["https:\/\/www.facebook.com\/studioartnuances\/","https:\/\/www.instagram.com\/studioartnuances\/","https:\/\/www.youtube.com\/channel\/UCoU2Nb_B-2BOiDcO292sggg"]}]}},"_links":{"self":[{"href":"https:\/\/artnuances.com\/it\/wp-json\/wp\/v2\/product\/34159","targetHints":{"allow":["GET"]}}],"collection":[{"href":"https:\/\/artnuances.com\/it\/wp-json\/wp\/v2\/product"}],"about":[{"href":"https:\/\/artnuances.com\/it\/wp-json\/wp\/v2\/types\/product"}],"replies":[{"embeddable":true,"href":"https:\/\/artnuances.com\/it\/wp-json\/wp\/v2\/comments?post=34159"}],"wp:featuredmedia":[{"embeddable":true,"href":"https:\/\/artnuances.com\/it\/wp-json\/wp\/v2\/media\/34075"}],"wp:attachment":[{"href":"https:\/\/artnuances.com\/it\/wp-json\/wp\/v2\/media?parent=34159"}],"wp:term":[{"taxonomy":"product_brand","embeddable":true,"href":"https:\/\/artnuances.com\/it\/wp-json\/wp\/v2\/product_brand?post=34159"},{"taxonomy":"product_cat","embeddable":true,"href":"https:\/\/artnuances.com\/it\/wp-json\/wp\/v2\/product_cat?post=34159"},{"taxonomy":"product_tag","embeddable":true,"href":"https:\/\/artnuances.com\/it\/wp-json\/wp\/v2\/product_tag?post=34159"}],"curies":[{"name":"wp","href":"https:\/\/api.w.org\/{rel}","templated":true}]}}