{"id":33799,"date":"2022-03-26T15:46:27","date_gmt":"2022-03-26T15:46:27","guid":{"rendered":"https:\/\/www.artnuances-com-717041.hostingersite.com\/?post_type=product&#038;p=33799"},"modified":"2023-09-18T13:26:55","modified_gmt":"2023-09-18T13:26:55","slug":"city-cafe","status":"publish","type":"product","link":"https:\/\/artnuances.com\/it\/artworks\/city-cafe\/","title":{"rendered":"City Caf\u00e9"},"content":{"rendered":"<section class=\"l-section wpb_row height_large\"><div class=\"l-section-h i-cf\"><div class=\"g-cols vc_row via_flex valign_top type_default stacking_default\"><div class=\"vc_col-sm-12 wpb_column vc_column_container\"><div class=\"vc_column-inner\"><div class=\"wpb_wrapper\"><div class=\"wpb_text_column\"><div class=\"wpb_wrapper\"><h1><strong><em>City Caf\u00e9<\/em>, \u00e8 un lavoro di <a href=\"https:\/\/artnuances.com\/it\/authors\/lee-balan-it\/\">Lee Balan<\/a>.<\/strong><\/h1>\n<h3>City Caf\u00e9. \u00c8 un&#8217;opera del maestro Lee Balan della serie City. La visione futuristica di un mondo multidimensionali. Un centro commerciale frequentato da persone impalpabili. Ombre che si stagliano in un ambiente dalle linee sovrapposte, dove tutto \u00e8 chiaro, ma al contempo tutto \u00e8 irreale.<\/h3>\n<\/div><\/div><\/div><\/div><\/div><\/div><\/div><\/section>\n","protected":false},"excerpt":{"rendered":"City Caf\u00e9, \u00e8 un lavoro di Lee Balan. City Caf\u00e9. \u00c8 un&#8217;opera del maestro Lee Balan della serie City. La visione futuristica di un mondo multidimensionali. Un centro commerciale frequentato da persone impalpabili. Ombre che si stagliano in un ambiente dalle linee sovrapposte, dove tutto \u00e8 chiaro, ma al contempo tutto \u00e8 irreale.","protected":false},"featured_media":33741,"comment_status":"closed","ping_status":"closed","template":"","meta":{"_acf_changed":false},"product_brand":[240],"product_cat":[123],"product_tag":[],"class_list":{"0":"post-33799","1":"product","2":"type-product","3":"status-publish","4":"has-post-thumbnail","6":"product_brand-lee-balan-it","7":"product_cat-digital-art-it-2","8":"product_shipping_class-tube-it","10":"first","11":"instock","12":"featured","13":"purchasable","14":"product-type-simple"},"acf":[],"yoast_head":"<!-- This site is optimized with the Yoast SEO plugin v27.3 - https:\/\/yoast.com\/product\/yoast-seo-wordpress\/ -->\n<title>City Caf\u00e9 - Lee Balan - Artnuances - Art gallery online<\/title>\n<meta name=\"description\" content=\"City Caf\u00e9. \u00c8 un&#039;opera del maestro Lee Balan della serie City. La visione futuristica di un mondo multidimensionali.\" \/>\n<meta name=\"robots\" content=\"index, follow, max-snippet:-1, max-image-preview:large, max-video-preview:-1\" \/>\n<link rel=\"canonical\" href=\"https:\/\/artnuances.com\/it\/artworks\/city-cafe\/\" \/>\n<meta property=\"og:locale\" content=\"it_IT\" \/>\n<meta property=\"og:type\" content=\"article\" \/>\n<meta property=\"og:title\" content=\"City Caf\u00e9 - Lee Balan - Artnuances - Art gallery online\" \/>\n<meta property=\"og:description\" content=\"City Caf\u00e9. \u00c8 un&#039;opera del maestro Lee Balan della serie City. La visione futuristica di un mondo multidimensionali.\" \/>\n<meta property=\"og:url\" content=\"https:\/\/artnuances.com\/it\/artworks\/city-cafe\/\" \/>\n<meta property=\"og:site_name\" content=\"Artnuances - Art gallery online\" \/>\n<meta property=\"article:publisher\" content=\"https:\/\/www.facebook.com\/studioartnuances\/\" \/>\n<meta property=\"article:modified_time\" content=\"2023-09-18T13:26:55+00:00\" \/>\n<meta property=\"og:image\" content=\"https:\/\/artnuances.com\/wp-content\/uploads\/2022\/03\/City-Cafean.jpg\" \/>\n\t<meta property=\"og:image:width\" content=\"2020\" \/>\n\t<meta property=\"og:image:height\" content=\"1353\" \/>\n\t<meta property=\"og:image:type\" content=\"image\/jpeg\" \/>\n<meta name=\"twitter:card\" content=\"summary_large_image\" \/>\n<script type=\"application\/ld+json\" class=\"yoast-schema-graph\">{\"@context\":\"https:\\\/\\\/schema.org\",\"@graph\":[{\"@type\":\"WebPage\",\"@id\":\"https:\\\/\\\/artnuances.com\\\/it\\\/artworks\\\/city-cafe\\\/\",\"url\":\"https:\\\/\\\/artnuances.com\\\/it\\\/artworks\\\/city-cafe\\\/\",\"name\":\"City Caf\u00e9 - Lee Balan - Artnuances - Art gallery online\",\"isPartOf\":{\"@id\":\"https:\\\/\\\/artnuances.com\\\/it\\\/#website\"},\"primaryImageOfPage\":{\"@id\":\"https:\\\/\\\/artnuances.com\\\/it\\\/artworks\\\/city-cafe\\\/#primaryimage\"},\"image\":{\"@id\":\"https:\\\/\\\/artnuances.com\\\/it\\\/artworks\\\/city-cafe\\\/#primaryimage\"},\"thumbnailUrl\":\"https:\\\/\\\/artnuances.com\\\/wp-content\\\/uploads\\\/2022\\\/03\\\/City-Cafean.jpg\",\"datePublished\":\"2022-03-26T15:46:27+00:00\",\"dateModified\":\"2023-09-18T13:26:55+00:00\",\"description\":\"City Caf\u00e9. \u00c8 un'opera del maestro Lee Balan della serie City. La visione futuristica di un mondo multidimensionali.\",\"breadcrumb\":{\"@id\":\"https:\\\/\\\/artnuances.com\\\/it\\\/artworks\\\/city-cafe\\\/#breadcrumb\"},\"inLanguage\":\"it-IT\",\"potentialAction\":[{\"@type\":\"ReadAction\",\"target\":[\"https:\\\/\\\/artnuances.com\\\/it\\\/artworks\\\/city-cafe\\\/\"]}]},{\"@type\":\"ImageObject\",\"inLanguage\":\"it-IT\",\"@id\":\"https:\\\/\\\/artnuances.com\\\/it\\\/artworks\\\/city-cafe\\\/#primaryimage\",\"url\":\"https:\\\/\\\/artnuances.com\\\/wp-content\\\/uploads\\\/2022\\\/03\\\/City-Cafean.jpg\",\"contentUrl\":\"https:\\\/\\\/artnuances.com\\\/wp-content\\\/uploads\\\/2022\\\/03\\\/City-Cafean.jpg\",\"width\":2020,\"height\":1353,\"caption\":\"City Caf\u00e9\"},{\"@type\":\"BreadcrumbList\",\"@id\":\"https:\\\/\\\/artnuances.com\\\/it\\\/artworks\\\/city-cafe\\\/#breadcrumb\",\"itemListElement\":[{\"@type\":\"ListItem\",\"position\":1,\"name\":\"Home\",\"item\":\"https:\\\/\\\/artnuances.com\\\/it\\\/\"},{\"@type\":\"ListItem\",\"position\":2,\"name\":\"Shop online\",\"item\":\"https:\\\/\\\/artnuances.com\\\/it\\\/shop-online-galleria-darte-artnuances\\\/\"},{\"@type\":\"ListItem\",\"position\":3,\"name\":\"City Caf\u00e9\"}]},{\"@type\":\"WebSite\",\"@id\":\"https:\\\/\\\/artnuances.com\\\/it\\\/#website\",\"url\":\"https:\\\/\\\/artnuances.com\\\/it\\\/\",\"name\":\"Artnuances - Art gallery online\",\"description\":\"Artnuances Gallery\",\"publisher\":{\"@id\":\"https:\\\/\\\/artnuances.com\\\/it\\\/#organization\"},\"potentialAction\":[{\"@type\":\"SearchAction\",\"target\":{\"@type\":\"EntryPoint\",\"urlTemplate\":\"https:\\\/\\\/artnuances.com\\\/it\\\/?s={search_term_string}\"},\"query-input\":{\"@type\":\"PropertyValueSpecification\",\"valueRequired\":true,\"valueName\":\"search_term_string\"}}],\"inLanguage\":\"it-IT\"},{\"@type\":\"Organization\",\"@id\":\"https:\\\/\\\/artnuances.com\\\/it\\\/#organization\",\"name\":\"Studio Artnuances LTD\",\"url\":\"https:\\\/\\\/artnuances.com\\\/it\\\/\",\"logo\":{\"@type\":\"ImageObject\",\"inLanguage\":\"it-IT\",\"@id\":\"https:\\\/\\\/artnuances.com\\\/it\\\/#\\\/schema\\\/logo\\\/image\\\/\",\"url\":\"https:\\\/\\\/artnuances.com\\\/wp-content\\\/uploads\\\/2019\\\/09\\\/artnuanse.png\",\"contentUrl\":\"https:\\\/\\\/artnuances.com\\\/wp-content\\\/uploads\\\/2019\\\/09\\\/artnuanse.png\",\"width\":622,\"height\":622,\"caption\":\"Studio Artnuances LTD\"},\"image\":{\"@id\":\"https:\\\/\\\/artnuances.com\\\/it\\\/#\\\/schema\\\/logo\\\/image\\\/\"},\"sameAs\":[\"https:\\\/\\\/www.facebook.com\\\/studioartnuances\\\/\",\"https:\\\/\\\/www.instagram.com\\\/studioartnuances\\\/\",\"https:\\\/\\\/www.youtube.com\\\/channel\\\/UCoU2Nb_B-2BOiDcO292sggg\"]}]}<\/script>\n<!-- \/ Yoast SEO plugin. -->","yoast_head_json":{"title":"City Caf\u00e9 - Lee Balan - Artnuances - Art gallery online","description":"City Caf\u00e9. \u00c8 un'opera del maestro Lee Balan della serie City. La visione futuristica di un mondo multidimensionali.","robots":{"index":"index","follow":"follow","max-snippet":"max-snippet:-1","max-image-preview":"max-image-preview:large","max-video-preview":"max-video-preview:-1"},"canonical":"https:\/\/artnuances.com\/it\/artworks\/city-cafe\/","og_locale":"it_IT","og_type":"article","og_title":"City Caf\u00e9 - Lee Balan - Artnuances - Art gallery online","og_description":"City Caf\u00e9. \u00c8 un'opera del maestro Lee Balan della serie City. La visione futuristica di un mondo multidimensionali.","og_url":"https:\/\/artnuances.com\/it\/artworks\/city-cafe\/","og_site_name":"Artnuances - Art gallery online","article_publisher":"https:\/\/www.facebook.com\/studioartnuances\/","article_modified_time":"2023-09-18T13:26:55+00:00","og_image":[{"width":2020,"height":1353,"url":"https:\/\/artnuances.com\/wp-content\/uploads\/2022\/03\/City-Cafean.jpg","type":"image\/jpeg"}],"twitter_card":"summary_large_image","schema":{"@context":"https:\/\/schema.org","@graph":[{"@type":"WebPage","@id":"https:\/\/artnuances.com\/it\/artworks\/city-cafe\/","url":"https:\/\/artnuances.com\/it\/artworks\/city-cafe\/","name":"City Caf\u00e9 - Lee Balan - Artnuances - Art gallery online","isPartOf":{"@id":"https:\/\/artnuances.com\/it\/#website"},"primaryImageOfPage":{"@id":"https:\/\/artnuances.com\/it\/artworks\/city-cafe\/#primaryimage"},"image":{"@id":"https:\/\/artnuances.com\/it\/artworks\/city-cafe\/#primaryimage"},"thumbnailUrl":"https:\/\/artnuances.com\/wp-content\/uploads\/2022\/03\/City-Cafean.jpg","datePublished":"2022-03-26T15:46:27+00:00","dateModified":"2023-09-18T13:26:55+00:00","description":"City Caf\u00e9. \u00c8 un'opera del maestro Lee Balan della serie City. La visione futuristica di un mondo multidimensionali.","breadcrumb":{"@id":"https:\/\/artnuances.com\/it\/artworks\/city-cafe\/#breadcrumb"},"inLanguage":"it-IT","potentialAction":[{"@type":"ReadAction","target":["https:\/\/artnuances.com\/it\/artworks\/city-cafe\/"]}]},{"@type":"ImageObject","inLanguage":"it-IT","@id":"https:\/\/artnuances.com\/it\/artworks\/city-cafe\/#primaryimage","url":"https:\/\/artnuances.com\/wp-content\/uploads\/2022\/03\/City-Cafean.jpg","contentUrl":"https:\/\/artnuances.com\/wp-content\/uploads\/2022\/03\/City-Cafean.jpg","width":2020,"height":1353,"caption":"City Caf\u00e9"},{"@type":"BreadcrumbList","@id":"https:\/\/artnuances.com\/it\/artworks\/city-cafe\/#breadcrumb","itemListElement":[{"@type":"ListItem","position":1,"name":"Home","item":"https:\/\/artnuances.com\/it\/"},{"@type":"ListItem","position":2,"name":"Shop online","item":"https:\/\/artnuances.com\/it\/shop-online-galleria-darte-artnuances\/"},{"@type":"ListItem","position":3,"name":"City Caf\u00e9"}]},{"@type":"WebSite","@id":"https:\/\/artnuances.com\/it\/#website","url":"https:\/\/artnuances.com\/it\/","name":"Artnuances - Art gallery online","description":"Artnuances Gallery","publisher":{"@id":"https:\/\/artnuances.com\/it\/#organization"},"potentialAction":[{"@type":"SearchAction","target":{"@type":"EntryPoint","urlTemplate":"https:\/\/artnuances.com\/it\/?s={search_term_string}"},"query-input":{"@type":"PropertyValueSpecification","valueRequired":true,"valueName":"search_term_string"}}],"inLanguage":"it-IT"},{"@type":"Organization","@id":"https:\/\/artnuances.com\/it\/#organization","name":"Studio Artnuances LTD","url":"https:\/\/artnuances.com\/it\/","logo":{"@type":"ImageObject","inLanguage":"it-IT","@id":"https:\/\/artnuances.com\/it\/#\/schema\/logo\/image\/","url":"https:\/\/artnuances.com\/wp-content\/uploads\/2019\/09\/artnuanse.png","contentUrl":"https:\/\/artnuances.com\/wp-content\/uploads\/2019\/09\/artnuanse.png","width":622,"height":622,"caption":"Studio Artnuances LTD"},"image":{"@id":"https:\/\/artnuances.com\/it\/#\/schema\/logo\/image\/"},"sameAs":["https:\/\/www.facebook.com\/studioartnuances\/","https:\/\/www.instagram.com\/studioartnuances\/","https:\/\/www.youtube.com\/channel\/UCoU2Nb_B-2BOiDcO292sggg"]}]}},"_links":{"self":[{"href":"https:\/\/artnuances.com\/it\/wp-json\/wp\/v2\/product\/33799","targetHints":{"allow":["GET"]}}],"collection":[{"href":"https:\/\/artnuances.com\/it\/wp-json\/wp\/v2\/product"}],"about":[{"href":"https:\/\/artnuances.com\/it\/wp-json\/wp\/v2\/types\/product"}],"replies":[{"embeddable":true,"href":"https:\/\/artnuances.com\/it\/wp-json\/wp\/v2\/comments?post=33799"}],"wp:featuredmedia":[{"embeddable":true,"href":"https:\/\/artnuances.com\/it\/wp-json\/wp\/v2\/media\/33741"}],"wp:attachment":[{"href":"https:\/\/artnuances.com\/it\/wp-json\/wp\/v2\/media?parent=33799"}],"wp:term":[{"taxonomy":"product_brand","embeddable":true,"href":"https:\/\/artnuances.com\/it\/wp-json\/wp\/v2\/product_brand?post=33799"},{"taxonomy":"product_cat","embeddable":true,"href":"https:\/\/artnuances.com\/it\/wp-json\/wp\/v2\/product_cat?post=33799"},{"taxonomy":"product_tag","embeddable":true,"href":"https:\/\/artnuances.com\/it\/wp-json\/wp\/v2\/product_tag?post=33799"}],"curies":[{"name":"wp","href":"https:\/\/api.w.org\/{rel}","templated":true}]}}