{"id":33613,"date":"2022-03-10T10:14:43","date_gmt":"2022-03-10T10:14:43","guid":{"rendered":"https:\/\/www.artnuances-com-717041.hostingersite.com\/?post_type=product&#038;p=33613"},"modified":"2023-04-04T15:29:39","modified_gmt":"2023-04-04T15:29:39","slug":"cartongioco-10","status":"publish","type":"product","link":"https:\/\/artnuances.com\/it\/artworks\/cartongioco-10\/","title":{"rendered":"Cartongioco 10"},"content":{"rendered":"<section class=\"l-section wpb_row height_large\"><div class=\"l-section-h i-cf\"><div class=\"g-cols vc_row via_flex valign_top type_default stacking_default\"><div class=\"vc_col-sm-12 wpb_column vc_column_container\"><div class=\"vc_column-inner\"><div class=\"wpb_wrapper\"><div class=\"w-video align_none ratio_16x9 has_iframe\"><div class=\"w-video-h\"><iframe title=\"Youtube video player\" src=\"\/\/www.youtube.com\/embed\/uiukIzdzQqs?autoplay=0&controls=1&origin=https:\/\/artnuances.com\/it\/&loop=0&mute=0\" allowfullscreen=\"1\" loading=\"lazy\"><\/iframe><\/div><\/div><\/div><\/div><\/div><\/div><\/div><\/section><section class=\"l-section wpb_row height_large\"><div class=\"l-section-h i-cf\"><div class=\"g-cols vc_row via_flex valign_top type_default stacking_default\"><div class=\"vc_col-sm-12 wpb_column vc_column_container\"><div class=\"vc_column-inner\"><div class=\"wpb_wrapper\"><div class=\"wpb_text_column\"><div class=\"wpb_wrapper\"><h1><strong><em>Cartongioco 10, <\/em><\/strong>\u00e8 un lavoro della \u201cCollezione Cartongioco\u201d di <strong><em><a href=\"https:\/\/artnuances.com\/it\/authors\/fausto-maria-franchi\/\">Fausto Maria Franchi<\/a><\/em><\/strong><\/h1>\n<h3>Cartongioco 10. Le forme si sviluppano in un contesto multicolore, sogni in libert\u00e0. Il maestro Franchi, con le sue forme disarticolate e i suoi colori picassiani, sviluppa sulla tela quelli che lui stesso definisce &#8220;cartongiochi&#8221;. Taluni sembrano grafiti rupestri di antiche popolazioni, ricordi ancestrali. Non vi \u00e8 una specifica tematica, lo spettatore \u00e8 libero di fantasticare. L&#8217;artista \u00e8 un eterno fanciullo, e come tale spinge la sua creativit\u00e0 a sviluppare forme in un contesto scevro da preconcetti e pregiudizi. E&#8217; un continuo mettersi in gioco tra forme e colore.<\/h3>\n<\/div><\/div><\/div><\/div><\/div><\/div><\/div><\/section>\n","protected":false},"excerpt":{"rendered":"Cartongioco 10, \u00e8 un lavoro della \u201cCollezione Cartongioco\u201d di Fausto Maria Franchi Cartongioco 10. Le forme si sviluppano in un contesto multicolore, sogni in libert\u00e0. Il maestro Franchi, con le sue forme disarticolate e i suoi colori picassiani, sviluppa sulla tela quelli che lui stesso definisce &#8220;cartongiochi&#8221;. Taluni sembrano grafiti rupestri di antiche popolazioni, ricordi...","protected":false},"featured_media":33553,"comment_status":"closed","ping_status":"closed","template":"","meta":{"_acf_changed":false},"product_brand":[141],"product_cat":[117,116],"product_tag":[],"class_list":{"0":"post-33613","1":"product","2":"type-product","3":"status-publish","4":"has-post-thumbnail","6":"product_brand-fausto-maria-franchi","7":"product_cat-astratto","8":"product_cat-dipinti","10":"first","11":"instock","12":"featured","13":"purchasable","14":"product-type-simple"},"acf":[],"yoast_head":"<!-- This site is optimized with the Yoast SEO plugin v27.3 - https:\/\/yoast.com\/product\/yoast-seo-wordpress\/ -->\n<title>Cartongioco 10 - Fausto Maria Franchi - Artnuances - Art gallery online<\/title>\n<meta name=\"description\" content=\"Cartongioco 10. Le forme si sviluppano in un contesto multicolore, sogni in libert\u00e0. Il maestro Franchi, con le sue forme disarticolate e i suoi colori picassiani,\" \/>\n<meta name=\"robots\" content=\"index, follow, max-snippet:-1, max-image-preview:large, max-video-preview:-1\" \/>\n<link rel=\"canonical\" href=\"https:\/\/artnuances.com\/it\/artworks\/cartongioco-10\/\" \/>\n<meta property=\"og:locale\" content=\"it_IT\" \/>\n<meta property=\"og:type\" content=\"article\" \/>\n<meta property=\"og:title\" content=\"Cartongioco 10 - Fausto Maria Franchi - Artnuances - Art gallery online\" \/>\n<meta property=\"og:description\" content=\"Cartongioco 10. Le forme si sviluppano in un contesto multicolore, sogni in libert\u00e0. Il maestro Franchi, con le sue forme disarticolate e i suoi colori picassiani,\" \/>\n<meta property=\"og:url\" content=\"https:\/\/artnuances.com\/it\/artworks\/cartongioco-10\/\" \/>\n<meta property=\"og:site_name\" content=\"Artnuances - Art gallery online\" \/>\n<meta property=\"article:publisher\" content=\"https:\/\/www.facebook.com\/studioartnuances\/\" \/>\n<meta property=\"article:modified_time\" content=\"2023-04-04T15:29:39+00:00\" \/>\n<meta property=\"og:image\" content=\"https:\/\/artnuances.com\/wp-content\/uploads\/2022\/03\/Fausto-309-an-scaled.jpg\" \/>\n\t<meta property=\"og:image:width\" content=\"1649\" \/>\n\t<meta property=\"og:image:height\" content=\"2560\" \/>\n\t<meta property=\"og:image:type\" content=\"image\/jpeg\" \/>\n<meta name=\"twitter:card\" content=\"summary_large_image\" \/>\n<meta name=\"twitter:label1\" content=\"Tempo di lettura stimato\" \/>\n\t<meta name=\"twitter:data1\" content=\"1 minuto\" \/>\n<script type=\"application\/ld+json\" class=\"yoast-schema-graph\">{\"@context\":\"https:\\\/\\\/schema.org\",\"@graph\":[{\"@type\":\"WebPage\",\"@id\":\"https:\\\/\\\/artnuances.com\\\/it\\\/artworks\\\/cartongioco-10\\\/\",\"url\":\"https:\\\/\\\/artnuances.com\\\/it\\\/artworks\\\/cartongioco-10\\\/\",\"name\":\"Cartongioco 10 - Fausto Maria Franchi - Artnuances - Art gallery online\",\"isPartOf\":{\"@id\":\"https:\\\/\\\/artnuances.com\\\/it\\\/#website\"},\"primaryImageOfPage\":{\"@id\":\"https:\\\/\\\/artnuances.com\\\/it\\\/artworks\\\/cartongioco-10\\\/#primaryimage\"},\"image\":{\"@id\":\"https:\\\/\\\/artnuances.com\\\/it\\\/artworks\\\/cartongioco-10\\\/#primaryimage\"},\"thumbnailUrl\":\"https:\\\/\\\/artnuances.com\\\/wp-content\\\/uploads\\\/2022\\\/03\\\/Fausto-309-an-scaled.jpg\",\"datePublished\":\"2022-03-10T10:14:43+00:00\",\"dateModified\":\"2023-04-04T15:29:39+00:00\",\"description\":\"Cartongioco 10. Le forme si sviluppano in un contesto multicolore, sogni in libert\u00e0. Il maestro Franchi, con le sue forme disarticolate e i suoi colori picassiani,\",\"breadcrumb\":{\"@id\":\"https:\\\/\\\/artnuances.com\\\/it\\\/artworks\\\/cartongioco-10\\\/#breadcrumb\"},\"inLanguage\":\"it-IT\",\"potentialAction\":[{\"@type\":\"ReadAction\",\"target\":[\"https:\\\/\\\/artnuances.com\\\/it\\\/artworks\\\/cartongioco-10\\\/\"]}]},{\"@type\":\"ImageObject\",\"inLanguage\":\"it-IT\",\"@id\":\"https:\\\/\\\/artnuances.com\\\/it\\\/artworks\\\/cartongioco-10\\\/#primaryimage\",\"url\":\"https:\\\/\\\/artnuances.com\\\/wp-content\\\/uploads\\\/2022\\\/03\\\/Fausto-309-an-scaled.jpg\",\"contentUrl\":\"https:\\\/\\\/artnuances.com\\\/wp-content\\\/uploads\\\/2022\\\/03\\\/Fausto-309-an-scaled.jpg\",\"width\":1649,\"height\":2560,\"caption\":\"cartongioco 10\"},{\"@type\":\"BreadcrumbList\",\"@id\":\"https:\\\/\\\/artnuances.com\\\/it\\\/artworks\\\/cartongioco-10\\\/#breadcrumb\",\"itemListElement\":[{\"@type\":\"ListItem\",\"position\":1,\"name\":\"Home\",\"item\":\"https:\\\/\\\/artnuances.com\\\/it\\\/\"},{\"@type\":\"ListItem\",\"position\":2,\"name\":\"Shop online\",\"item\":\"https:\\\/\\\/artnuances.com\\\/it\\\/shop-online-galleria-darte-artnuances\\\/\"},{\"@type\":\"ListItem\",\"position\":3,\"name\":\"Cartongioco 10\"}]},{\"@type\":\"WebSite\",\"@id\":\"https:\\\/\\\/artnuances.com\\\/it\\\/#website\",\"url\":\"https:\\\/\\\/artnuances.com\\\/it\\\/\",\"name\":\"Artnuances - Art gallery online\",\"description\":\"Artnuances Gallery\",\"publisher\":{\"@id\":\"https:\\\/\\\/artnuances.com\\\/it\\\/#organization\"},\"potentialAction\":[{\"@type\":\"SearchAction\",\"target\":{\"@type\":\"EntryPoint\",\"urlTemplate\":\"https:\\\/\\\/artnuances.com\\\/it\\\/?s={search_term_string}\"},\"query-input\":{\"@type\":\"PropertyValueSpecification\",\"valueRequired\":true,\"valueName\":\"search_term_string\"}}],\"inLanguage\":\"it-IT\"},{\"@type\":\"Organization\",\"@id\":\"https:\\\/\\\/artnuances.com\\\/it\\\/#organization\",\"name\":\"Studio Artnuances LTD\",\"url\":\"https:\\\/\\\/artnuances.com\\\/it\\\/\",\"logo\":{\"@type\":\"ImageObject\",\"inLanguage\":\"it-IT\",\"@id\":\"https:\\\/\\\/artnuances.com\\\/it\\\/#\\\/schema\\\/logo\\\/image\\\/\",\"url\":\"https:\\\/\\\/artnuances.com\\\/wp-content\\\/uploads\\\/2019\\\/09\\\/artnuanse.png\",\"contentUrl\":\"https:\\\/\\\/artnuances.com\\\/wp-content\\\/uploads\\\/2019\\\/09\\\/artnuanse.png\",\"width\":622,\"height\":622,\"caption\":\"Studio Artnuances LTD\"},\"image\":{\"@id\":\"https:\\\/\\\/artnuances.com\\\/it\\\/#\\\/schema\\\/logo\\\/image\\\/\"},\"sameAs\":[\"https:\\\/\\\/www.facebook.com\\\/studioartnuances\\\/\",\"https:\\\/\\\/www.instagram.com\\\/studioartnuances\\\/\",\"https:\\\/\\\/www.youtube.com\\\/channel\\\/UCoU2Nb_B-2BOiDcO292sggg\"]}]}<\/script>\n<!-- \/ Yoast SEO plugin. -->","yoast_head_json":{"title":"Cartongioco 10 - Fausto Maria Franchi - Artnuances - Art gallery online","description":"Cartongioco 10. Le forme si sviluppano in un contesto multicolore, sogni in libert\u00e0. Il maestro Franchi, con le sue forme disarticolate e i suoi colori picassiani,","robots":{"index":"index","follow":"follow","max-snippet":"max-snippet:-1","max-image-preview":"max-image-preview:large","max-video-preview":"max-video-preview:-1"},"canonical":"https:\/\/artnuances.com\/it\/artworks\/cartongioco-10\/","og_locale":"it_IT","og_type":"article","og_title":"Cartongioco 10 - Fausto Maria Franchi - Artnuances - Art gallery online","og_description":"Cartongioco 10. Le forme si sviluppano in un contesto multicolore, sogni in libert\u00e0. Il maestro Franchi, con le sue forme disarticolate e i suoi colori picassiani,","og_url":"https:\/\/artnuances.com\/it\/artworks\/cartongioco-10\/","og_site_name":"Artnuances - Art gallery online","article_publisher":"https:\/\/www.facebook.com\/studioartnuances\/","article_modified_time":"2023-04-04T15:29:39+00:00","og_image":[{"width":1649,"height":2560,"url":"https:\/\/artnuances.com\/wp-content\/uploads\/2022\/03\/Fausto-309-an-scaled.jpg","type":"image\/jpeg"}],"twitter_card":"summary_large_image","twitter_misc":{"Tempo di lettura stimato":"1 minuto"},"schema":{"@context":"https:\/\/schema.org","@graph":[{"@type":"WebPage","@id":"https:\/\/artnuances.com\/it\/artworks\/cartongioco-10\/","url":"https:\/\/artnuances.com\/it\/artworks\/cartongioco-10\/","name":"Cartongioco 10 - Fausto Maria Franchi - Artnuances - Art gallery online","isPartOf":{"@id":"https:\/\/artnuances.com\/it\/#website"},"primaryImageOfPage":{"@id":"https:\/\/artnuances.com\/it\/artworks\/cartongioco-10\/#primaryimage"},"image":{"@id":"https:\/\/artnuances.com\/it\/artworks\/cartongioco-10\/#primaryimage"},"thumbnailUrl":"https:\/\/artnuances.com\/wp-content\/uploads\/2022\/03\/Fausto-309-an-scaled.jpg","datePublished":"2022-03-10T10:14:43+00:00","dateModified":"2023-04-04T15:29:39+00:00","description":"Cartongioco 10. Le forme si sviluppano in un contesto multicolore, sogni in libert\u00e0. Il maestro Franchi, con le sue forme disarticolate e i suoi colori picassiani,","breadcrumb":{"@id":"https:\/\/artnuances.com\/it\/artworks\/cartongioco-10\/#breadcrumb"},"inLanguage":"it-IT","potentialAction":[{"@type":"ReadAction","target":["https:\/\/artnuances.com\/it\/artworks\/cartongioco-10\/"]}]},{"@type":"ImageObject","inLanguage":"it-IT","@id":"https:\/\/artnuances.com\/it\/artworks\/cartongioco-10\/#primaryimage","url":"https:\/\/artnuances.com\/wp-content\/uploads\/2022\/03\/Fausto-309-an-scaled.jpg","contentUrl":"https:\/\/artnuances.com\/wp-content\/uploads\/2022\/03\/Fausto-309-an-scaled.jpg","width":1649,"height":2560,"caption":"cartongioco 10"},{"@type":"BreadcrumbList","@id":"https:\/\/artnuances.com\/it\/artworks\/cartongioco-10\/#breadcrumb","itemListElement":[{"@type":"ListItem","position":1,"name":"Home","item":"https:\/\/artnuances.com\/it\/"},{"@type":"ListItem","position":2,"name":"Shop online","item":"https:\/\/artnuances.com\/it\/shop-online-galleria-darte-artnuances\/"},{"@type":"ListItem","position":3,"name":"Cartongioco 10"}]},{"@type":"WebSite","@id":"https:\/\/artnuances.com\/it\/#website","url":"https:\/\/artnuances.com\/it\/","name":"Artnuances - Art gallery online","description":"Artnuances Gallery","publisher":{"@id":"https:\/\/artnuances.com\/it\/#organization"},"potentialAction":[{"@type":"SearchAction","target":{"@type":"EntryPoint","urlTemplate":"https:\/\/artnuances.com\/it\/?s={search_term_string}"},"query-input":{"@type":"PropertyValueSpecification","valueRequired":true,"valueName":"search_term_string"}}],"inLanguage":"it-IT"},{"@type":"Organization","@id":"https:\/\/artnuances.com\/it\/#organization","name":"Studio Artnuances LTD","url":"https:\/\/artnuances.com\/it\/","logo":{"@type":"ImageObject","inLanguage":"it-IT","@id":"https:\/\/artnuances.com\/it\/#\/schema\/logo\/image\/","url":"https:\/\/artnuances.com\/wp-content\/uploads\/2019\/09\/artnuanse.png","contentUrl":"https:\/\/artnuances.com\/wp-content\/uploads\/2019\/09\/artnuanse.png","width":622,"height":622,"caption":"Studio Artnuances LTD"},"image":{"@id":"https:\/\/artnuances.com\/it\/#\/schema\/logo\/image\/"},"sameAs":["https:\/\/www.facebook.com\/studioartnuances\/","https:\/\/www.instagram.com\/studioartnuances\/","https:\/\/www.youtube.com\/channel\/UCoU2Nb_B-2BOiDcO292sggg"]}]}},"_links":{"self":[{"href":"https:\/\/artnuances.com\/it\/wp-json\/wp\/v2\/product\/33613","targetHints":{"allow":["GET"]}}],"collection":[{"href":"https:\/\/artnuances.com\/it\/wp-json\/wp\/v2\/product"}],"about":[{"href":"https:\/\/artnuances.com\/it\/wp-json\/wp\/v2\/types\/product"}],"replies":[{"embeddable":true,"href":"https:\/\/artnuances.com\/it\/wp-json\/wp\/v2\/comments?post=33613"}],"wp:featuredmedia":[{"embeddable":true,"href":"https:\/\/artnuances.com\/it\/wp-json\/wp\/v2\/media\/33553"}],"wp:attachment":[{"href":"https:\/\/artnuances.com\/it\/wp-json\/wp\/v2\/media?parent=33613"}],"wp:term":[{"taxonomy":"product_brand","embeddable":true,"href":"https:\/\/artnuances.com\/it\/wp-json\/wp\/v2\/product_brand?post=33613"},{"taxonomy":"product_cat","embeddable":true,"href":"https:\/\/artnuances.com\/it\/wp-json\/wp\/v2\/product_cat?post=33613"},{"taxonomy":"product_tag","embeddable":true,"href":"https:\/\/artnuances.com\/it\/wp-json\/wp\/v2\/product_tag?post=33613"}],"curies":[{"name":"wp","href":"https:\/\/api.w.org\/{rel}","templated":true}]}}