{"id":33293,"date":"2022-02-09T07:41:10","date_gmt":"2022-02-09T07:41:11","guid":{"rendered":"https:\/\/www.artnuances-com-717041.hostingersite.com\/?post_type=product&#038;p=33293"},"modified":"2023-08-10T15:27:44","modified_gmt":"2023-08-10T15:27:44","slug":"maria-2","status":"publish","type":"product","link":"https:\/\/artnuances.com\/it\/artworks\/maria-2\/","title":{"rendered":"Maria 2"},"content":{"rendered":"<section class=\"l-section wpb_row height_large\"><div class=\"l-section-h i-cf\"><div class=\"g-cols vc_row via_flex valign_top type_default stacking_default\"><div class=\"vc_col-sm-12 wpb_column vc_column_container\"><div class=\"vc_column-inner\"><div class=\"wpb_wrapper\"><div class=\"wpb_text_column\"><div class=\"wpb_wrapper\"><h1><em><strong>Maria 2, \u00e8 un lavoro di <a href=\"\/?product_brand=jaroslav-leonets\">Yaroslav Leonets<\/a>.<\/strong><\/em><\/h1>\n<h3>Maria 2. Un opera che appartiene alla serie dei ritratti familiari. Yaroslav nella sua continua sperimentazione artistica che spazia dalla pittura alla scultura, \u00e8 alla ricerca dell&#8217;essenza delle cose e delle persone. L&#8217;esempio proposto \u00e8 uno dei pi\u00f9 cari nella produzione di questo giovane artista. L&#8217;eleganza della figura femminile, la posa elegante ed al contempo semplice, \u00e8 scelta per evitare che l&#8217;attenzione si fermi esclusivamente sull&#8217;apparenza. Il volto reclinato con gli occhi chiusi, quasi a rappresentare un atteggiamento riflessivo della stessa modella.<\/h3>\n<h3><\/h3>\n<\/div><\/div><\/div><\/div><\/div><\/div><\/div><\/section>\n","protected":false},"excerpt":{"rendered":"Maria 2, \u00e8 un lavoro di Yaroslav Leonets. Maria 2. Un opera che appartiene alla serie dei ritratti familiari. Yaroslav nella sua continua sperimentazione artistica che spazia dalla pittura alla scultura, \u00e8 alla ricerca dell&#8217;essenza delle cose e delle persone. L&#8217;esempio proposto \u00e8 uno dei pi\u00f9 cari nella produzione di questo giovane artista. L&#8217;eleganza della...","protected":false},"featured_media":33273,"comment_status":"closed","ping_status":"closed","template":"","meta":{"_acf_changed":false},"product_brand":[237],"product_cat":[116,129],"product_tag":[],"class_list":{"0":"post-33293","1":"product","2":"type-product","3":"status-publish","4":"has-post-thumbnail","6":"product_brand-yaroslav-leonets-it","7":"product_cat-dipinti","8":"product_cat-ritratto","9":"product_shipping_class-tube-it","11":"first","12":"instock","13":"featured","14":"purchasable","15":"product-type-simple"},"acf":[],"yoast_head":"<!-- This site is optimized with the Yoast SEO plugin v27.3 - https:\/\/yoast.com\/product\/yoast-seo-wordpress\/ -->\n<title>Maria 2 - Yaroslav Leonets - Artnuances - Art gallery online<\/title>\n<meta name=\"description\" content=\"Maria 2. Un opera che appartiene alla serie dei ritratti familiari. Yaroslav nella sua continua sperimentazione artistica che spazia dalla pittura alla scultura\" \/>\n<meta name=\"robots\" content=\"index, follow, max-snippet:-1, max-image-preview:large, max-video-preview:-1\" \/>\n<link rel=\"canonical\" href=\"https:\/\/artnuances.com\/it\/artworks\/maria-2\/\" \/>\n<meta property=\"og:locale\" content=\"it_IT\" \/>\n<meta property=\"og:type\" content=\"article\" \/>\n<meta property=\"og:title\" content=\"Maria 2 - Yaroslav Leonets - Artnuances - Art gallery online\" \/>\n<meta property=\"og:description\" content=\"Maria 2. Un opera che appartiene alla serie dei ritratti familiari. Yaroslav nella sua continua sperimentazione artistica che spazia dalla pittura alla scultura\" \/>\n<meta property=\"og:url\" content=\"https:\/\/artnuances.com\/it\/artworks\/maria-2\/\" \/>\n<meta property=\"og:site_name\" content=\"Artnuances - Art gallery online\" \/>\n<meta property=\"article:publisher\" content=\"https:\/\/www.facebook.com\/studioartnuances\/\" \/>\n<meta property=\"article:modified_time\" content=\"2023-08-10T15:27:44+00:00\" \/>\n<meta property=\"og:image\" content=\"https:\/\/artnuances.com\/wp-content\/uploads\/2022\/02\/Maria-2-an.jpg\" \/>\n\t<meta property=\"og:image:width\" content=\"2020\" \/>\n\t<meta property=\"og:image:height\" content=\"2241\" \/>\n\t<meta property=\"og:image:type\" content=\"image\/jpeg\" \/>\n<meta name=\"twitter:card\" content=\"summary_large_image\" \/>\n<script type=\"application\/ld+json\" class=\"yoast-schema-graph\">{\"@context\":\"https:\\\/\\\/schema.org\",\"@graph\":[{\"@type\":\"WebPage\",\"@id\":\"https:\\\/\\\/artnuances.com\\\/it\\\/artworks\\\/maria-2\\\/\",\"url\":\"https:\\\/\\\/artnuances.com\\\/it\\\/artworks\\\/maria-2\\\/\",\"name\":\"Maria 2 - Yaroslav Leonets - Artnuances - Art gallery online\",\"isPartOf\":{\"@id\":\"https:\\\/\\\/artnuances.com\\\/it\\\/#website\"},\"primaryImageOfPage\":{\"@id\":\"https:\\\/\\\/artnuances.com\\\/it\\\/artworks\\\/maria-2\\\/#primaryimage\"},\"image\":{\"@id\":\"https:\\\/\\\/artnuances.com\\\/it\\\/artworks\\\/maria-2\\\/#primaryimage\"},\"thumbnailUrl\":\"https:\\\/\\\/artnuances.com\\\/wp-content\\\/uploads\\\/2022\\\/02\\\/Maria-2-an.jpg\",\"datePublished\":\"2022-02-09T07:41:11+00:00\",\"dateModified\":\"2023-08-10T15:27:44+00:00\",\"description\":\"Maria 2. Un opera che appartiene alla serie dei ritratti familiari. Yaroslav nella sua continua sperimentazione artistica che spazia dalla pittura alla scultura\",\"breadcrumb\":{\"@id\":\"https:\\\/\\\/artnuances.com\\\/it\\\/artworks\\\/maria-2\\\/#breadcrumb\"},\"inLanguage\":\"it-IT\",\"potentialAction\":[{\"@type\":\"ReadAction\",\"target\":[\"https:\\\/\\\/artnuances.com\\\/it\\\/artworks\\\/maria-2\\\/\"]}]},{\"@type\":\"ImageObject\",\"inLanguage\":\"it-IT\",\"@id\":\"https:\\\/\\\/artnuances.com\\\/it\\\/artworks\\\/maria-2\\\/#primaryimage\",\"url\":\"https:\\\/\\\/artnuances.com\\\/wp-content\\\/uploads\\\/2022\\\/02\\\/Maria-2-an.jpg\",\"contentUrl\":\"https:\\\/\\\/artnuances.com\\\/wp-content\\\/uploads\\\/2022\\\/02\\\/Maria-2-an.jpg\",\"width\":2020,\"height\":2241,\"caption\":\"Maria 2\"},{\"@type\":\"BreadcrumbList\",\"@id\":\"https:\\\/\\\/artnuances.com\\\/it\\\/artworks\\\/maria-2\\\/#breadcrumb\",\"itemListElement\":[{\"@type\":\"ListItem\",\"position\":1,\"name\":\"Home\",\"item\":\"https:\\\/\\\/artnuances.com\\\/it\\\/\"},{\"@type\":\"ListItem\",\"position\":2,\"name\":\"Shop online\",\"item\":\"https:\\\/\\\/artnuances.com\\\/it\\\/shop-online-galleria-darte-artnuances\\\/\"},{\"@type\":\"ListItem\",\"position\":3,\"name\":\"Maria 2\"}]},{\"@type\":\"WebSite\",\"@id\":\"https:\\\/\\\/artnuances.com\\\/it\\\/#website\",\"url\":\"https:\\\/\\\/artnuances.com\\\/it\\\/\",\"name\":\"Artnuances - Art gallery online\",\"description\":\"Artnuances Gallery\",\"publisher\":{\"@id\":\"https:\\\/\\\/artnuances.com\\\/it\\\/#organization\"},\"potentialAction\":[{\"@type\":\"SearchAction\",\"target\":{\"@type\":\"EntryPoint\",\"urlTemplate\":\"https:\\\/\\\/artnuances.com\\\/it\\\/?s={search_term_string}\"},\"query-input\":{\"@type\":\"PropertyValueSpecification\",\"valueRequired\":true,\"valueName\":\"search_term_string\"}}],\"inLanguage\":\"it-IT\"},{\"@type\":\"Organization\",\"@id\":\"https:\\\/\\\/artnuances.com\\\/it\\\/#organization\",\"name\":\"Studio Artnuances LTD\",\"url\":\"https:\\\/\\\/artnuances.com\\\/it\\\/\",\"logo\":{\"@type\":\"ImageObject\",\"inLanguage\":\"it-IT\",\"@id\":\"https:\\\/\\\/artnuances.com\\\/it\\\/#\\\/schema\\\/logo\\\/image\\\/\",\"url\":\"https:\\\/\\\/artnuances.com\\\/wp-content\\\/uploads\\\/2019\\\/09\\\/artnuanse.png\",\"contentUrl\":\"https:\\\/\\\/artnuances.com\\\/wp-content\\\/uploads\\\/2019\\\/09\\\/artnuanse.png\",\"width\":622,\"height\":622,\"caption\":\"Studio Artnuances LTD\"},\"image\":{\"@id\":\"https:\\\/\\\/artnuances.com\\\/it\\\/#\\\/schema\\\/logo\\\/image\\\/\"},\"sameAs\":[\"https:\\\/\\\/www.facebook.com\\\/studioartnuances\\\/\",\"https:\\\/\\\/www.instagram.com\\\/studioartnuances\\\/\",\"https:\\\/\\\/www.youtube.com\\\/channel\\\/UCoU2Nb_B-2BOiDcO292sggg\"]}]}<\/script>\n<!-- \/ Yoast SEO plugin. -->","yoast_head_json":{"title":"Maria 2 - Yaroslav Leonets - Artnuances - Art gallery online","description":"Maria 2. Un opera che appartiene alla serie dei ritratti familiari. Yaroslav nella sua continua sperimentazione artistica che spazia dalla pittura alla scultura","robots":{"index":"index","follow":"follow","max-snippet":"max-snippet:-1","max-image-preview":"max-image-preview:large","max-video-preview":"max-video-preview:-1"},"canonical":"https:\/\/artnuances.com\/it\/artworks\/maria-2\/","og_locale":"it_IT","og_type":"article","og_title":"Maria 2 - Yaroslav Leonets - Artnuances - Art gallery online","og_description":"Maria 2. Un opera che appartiene alla serie dei ritratti familiari. Yaroslav nella sua continua sperimentazione artistica che spazia dalla pittura alla scultura","og_url":"https:\/\/artnuances.com\/it\/artworks\/maria-2\/","og_site_name":"Artnuances - Art gallery online","article_publisher":"https:\/\/www.facebook.com\/studioartnuances\/","article_modified_time":"2023-08-10T15:27:44+00:00","og_image":[{"width":2020,"height":2241,"url":"https:\/\/artnuances.com\/wp-content\/uploads\/2022\/02\/Maria-2-an.jpg","type":"image\/jpeg"}],"twitter_card":"summary_large_image","schema":{"@context":"https:\/\/schema.org","@graph":[{"@type":"WebPage","@id":"https:\/\/artnuances.com\/it\/artworks\/maria-2\/","url":"https:\/\/artnuances.com\/it\/artworks\/maria-2\/","name":"Maria 2 - Yaroslav Leonets - Artnuances - Art gallery online","isPartOf":{"@id":"https:\/\/artnuances.com\/it\/#website"},"primaryImageOfPage":{"@id":"https:\/\/artnuances.com\/it\/artworks\/maria-2\/#primaryimage"},"image":{"@id":"https:\/\/artnuances.com\/it\/artworks\/maria-2\/#primaryimage"},"thumbnailUrl":"https:\/\/artnuances.com\/wp-content\/uploads\/2022\/02\/Maria-2-an.jpg","datePublished":"2022-02-09T07:41:11+00:00","dateModified":"2023-08-10T15:27:44+00:00","description":"Maria 2. Un opera che appartiene alla serie dei ritratti familiari. Yaroslav nella sua continua sperimentazione artistica che spazia dalla pittura alla scultura","breadcrumb":{"@id":"https:\/\/artnuances.com\/it\/artworks\/maria-2\/#breadcrumb"},"inLanguage":"it-IT","potentialAction":[{"@type":"ReadAction","target":["https:\/\/artnuances.com\/it\/artworks\/maria-2\/"]}]},{"@type":"ImageObject","inLanguage":"it-IT","@id":"https:\/\/artnuances.com\/it\/artworks\/maria-2\/#primaryimage","url":"https:\/\/artnuances.com\/wp-content\/uploads\/2022\/02\/Maria-2-an.jpg","contentUrl":"https:\/\/artnuances.com\/wp-content\/uploads\/2022\/02\/Maria-2-an.jpg","width":2020,"height":2241,"caption":"Maria 2"},{"@type":"BreadcrumbList","@id":"https:\/\/artnuances.com\/it\/artworks\/maria-2\/#breadcrumb","itemListElement":[{"@type":"ListItem","position":1,"name":"Home","item":"https:\/\/artnuances.com\/it\/"},{"@type":"ListItem","position":2,"name":"Shop online","item":"https:\/\/artnuances.com\/it\/shop-online-galleria-darte-artnuances\/"},{"@type":"ListItem","position":3,"name":"Maria 2"}]},{"@type":"WebSite","@id":"https:\/\/artnuances.com\/it\/#website","url":"https:\/\/artnuances.com\/it\/","name":"Artnuances - Art gallery online","description":"Artnuances Gallery","publisher":{"@id":"https:\/\/artnuances.com\/it\/#organization"},"potentialAction":[{"@type":"SearchAction","target":{"@type":"EntryPoint","urlTemplate":"https:\/\/artnuances.com\/it\/?s={search_term_string}"},"query-input":{"@type":"PropertyValueSpecification","valueRequired":true,"valueName":"search_term_string"}}],"inLanguage":"it-IT"},{"@type":"Organization","@id":"https:\/\/artnuances.com\/it\/#organization","name":"Studio Artnuances LTD","url":"https:\/\/artnuances.com\/it\/","logo":{"@type":"ImageObject","inLanguage":"it-IT","@id":"https:\/\/artnuances.com\/it\/#\/schema\/logo\/image\/","url":"https:\/\/artnuances.com\/wp-content\/uploads\/2019\/09\/artnuanse.png","contentUrl":"https:\/\/artnuances.com\/wp-content\/uploads\/2019\/09\/artnuanse.png","width":622,"height":622,"caption":"Studio Artnuances LTD"},"image":{"@id":"https:\/\/artnuances.com\/it\/#\/schema\/logo\/image\/"},"sameAs":["https:\/\/www.facebook.com\/studioartnuances\/","https:\/\/www.instagram.com\/studioartnuances\/","https:\/\/www.youtube.com\/channel\/UCoU2Nb_B-2BOiDcO292sggg"]}]}},"_links":{"self":[{"href":"https:\/\/artnuances.com\/it\/wp-json\/wp\/v2\/product\/33293","targetHints":{"allow":["GET"]}}],"collection":[{"href":"https:\/\/artnuances.com\/it\/wp-json\/wp\/v2\/product"}],"about":[{"href":"https:\/\/artnuances.com\/it\/wp-json\/wp\/v2\/types\/product"}],"replies":[{"embeddable":true,"href":"https:\/\/artnuances.com\/it\/wp-json\/wp\/v2\/comments?post=33293"}],"wp:featuredmedia":[{"embeddable":true,"href":"https:\/\/artnuances.com\/it\/wp-json\/wp\/v2\/media\/33273"}],"wp:attachment":[{"href":"https:\/\/artnuances.com\/it\/wp-json\/wp\/v2\/media?parent=33293"}],"wp:term":[{"taxonomy":"product_brand","embeddable":true,"href":"https:\/\/artnuances.com\/it\/wp-json\/wp\/v2\/product_brand?post=33293"},{"taxonomy":"product_cat","embeddable":true,"href":"https:\/\/artnuances.com\/it\/wp-json\/wp\/v2\/product_cat?post=33293"},{"taxonomy":"product_tag","embeddable":true,"href":"https:\/\/artnuances.com\/it\/wp-json\/wp\/v2\/product_tag?post=33293"}],"curies":[{"name":"wp","href":"https:\/\/api.w.org\/{rel}","templated":true}]}}