{"id":33204,"date":"2022-02-08T08:28:53","date_gmt":"2022-02-08T08:28:53","guid":{"rendered":"https:\/\/www.artnuances-com-717041.hostingersite.com\/?post_type=product&#038;p=33204"},"modified":"2023-08-10T15:52:20","modified_gmt":"2023-08-10T15:52:20","slug":"stillife-plants","status":"publish","type":"product","link":"https:\/\/artnuances.com\/it\/artworks\/stillife-plants\/","title":{"rendered":"Stilllife plants"},"content":{"rendered":"<section class=\"l-section wpb_row height_large\"><div class=\"l-section-h i-cf\"><div class=\"g-cols vc_row via_flex valign_top type_default stacking_default\"><div class=\"vc_col-sm-12 wpb_column vc_column_container\"><div class=\"vc_column-inner\"><div class=\"wpb_wrapper\"><div class=\"wpb_text_column\"><div class=\"wpb_wrapper\"><h1><em><strong>Stillife plants, \u00e8 un lavoro di <a href=\"\/?product_brand=jaroslav-leonets\">Yaroslav Leonets<\/a>.<\/strong><\/em><\/h1>\n<h3>Stilllife plants. Le piante sono come gli esseri umani e ogni foglia \u00e8 come un braccio o una gamba in un corpo a tutti gli effetti. Sono vivi come noi. Insomma, siamo molto simili. C&#8217;\u00e8 qualcosa di veramente prezioso nelle piante. Qualcosa di irrisolto ed eterno. Nascosto in loro \u00e8 il grande potere della vita, che spesso dimentichiamo. In questa serie di nature morte vegetali, mi riferisco a concetti come: il cambiamento del mondo e la distorsione della realt\u00e0, o semplicemente come cambia la visione di una persona della vita quotidiana. Qui in questa serie c&#8217;\u00e8 un riferimento ad aforismi e detti popolari che ci descrivono vividamente. Ogni opera \u00e8 un riflesso dei miei sentimenti soggettivi, che esploro attraverso racconti e saggezza popolare.<\/h3>\n<h3><\/h3>\n<\/div><\/div><\/div><\/div><\/div><\/div><\/div><\/section>\n","protected":false},"excerpt":{"rendered":"Stillife plants, \u00e8 un lavoro di Yaroslav Leonets. Stilllife plants. Le piante sono come gli esseri umani e ogni foglia \u00e8 come un braccio o una gamba in un corpo a tutti gli effetti. Sono vivi come noi. Insomma, siamo molto simili. C&#8217;\u00e8 qualcosa di veramente prezioso nelle piante. Qualcosa di irrisolto ed eterno. Nascosto...","protected":false},"featured_media":33200,"comment_status":"closed","ping_status":"closed","template":"","meta":{"_acf_changed":false},"product_brand":[237],"product_cat":[116,132],"product_tag":[],"class_list":{"0":"post-33204","1":"product","2":"type-product","3":"status-publish","4":"has-post-thumbnail","6":"product_brand-yaroslav-leonets-it","7":"product_cat-dipinti","8":"product_cat-still-life-it","9":"product_shipping_class-tube-it","11":"first","12":"instock","13":"featured","14":"purchasable","15":"product-type-simple"},"acf":[],"yoast_head":"<!-- This site is optimized with the Yoast SEO plugin v27.3 - https:\/\/yoast.com\/product\/yoast-seo-wordpress\/ -->\n<title>Stilllife plants - Yaroslav Leonets - Artnuances - Art gallery online<\/title>\n<meta name=\"description\" content=\"Stilife plants. Le piante sono come gli esseri umani e ogni foglia \u00e8 come un braccio o una gamba in un corpo a tutti gli effetti. Sono vivi come noi.\" \/>\n<meta name=\"robots\" content=\"index, follow, max-snippet:-1, max-image-preview:large, max-video-preview:-1\" \/>\n<link rel=\"canonical\" href=\"https:\/\/artnuances.com\/it\/artworks\/stillife-plants\/\" \/>\n<meta property=\"og:locale\" content=\"it_IT\" \/>\n<meta property=\"og:type\" content=\"article\" \/>\n<meta property=\"og:title\" content=\"Stilllife plants - Yaroslav Leonets - Artnuances - Art gallery online\" \/>\n<meta property=\"og:description\" content=\"Stilife plants. Le piante sono come gli esseri umani e ogni foglia \u00e8 come un braccio o una gamba in un corpo a tutti gli effetti. Sono vivi come noi.\" \/>\n<meta property=\"og:url\" content=\"https:\/\/artnuances.com\/it\/artworks\/stillife-plants\/\" \/>\n<meta property=\"og:site_name\" content=\"Artnuances - Art gallery online\" \/>\n<meta property=\"article:publisher\" content=\"https:\/\/www.facebook.com\/studioartnuances\/\" \/>\n<meta property=\"article:modified_time\" content=\"2023-08-10T15:52:20+00:00\" \/>\n<meta property=\"og:image\" content=\"https:\/\/artnuances.com\/wp-content\/uploads\/2022\/02\/Stillife-Plants-an-scaled.jpg\" \/>\n\t<meta property=\"og:image:width\" content=\"1857\" \/>\n\t<meta property=\"og:image:height\" content=\"2560\" \/>\n\t<meta property=\"og:image:type\" content=\"image\/jpeg\" \/>\n<meta name=\"twitter:card\" content=\"summary_large_image\" \/>\n<meta name=\"twitter:label1\" content=\"Tempo di lettura stimato\" \/>\n\t<meta name=\"twitter:data1\" content=\"1 minuto\" \/>\n<script type=\"application\/ld+json\" class=\"yoast-schema-graph\">{\"@context\":\"https:\\\/\\\/schema.org\",\"@graph\":[{\"@type\":\"WebPage\",\"@id\":\"https:\\\/\\\/artnuances.com\\\/it\\\/artworks\\\/stillife-plants\\\/\",\"url\":\"https:\\\/\\\/artnuances.com\\\/it\\\/artworks\\\/stillife-plants\\\/\",\"name\":\"Stilllife plants - Yaroslav Leonets - Artnuances - Art gallery online\",\"isPartOf\":{\"@id\":\"https:\\\/\\\/artnuances.com\\\/it\\\/#website\"},\"primaryImageOfPage\":{\"@id\":\"https:\\\/\\\/artnuances.com\\\/it\\\/artworks\\\/stillife-plants\\\/#primaryimage\"},\"image\":{\"@id\":\"https:\\\/\\\/artnuances.com\\\/it\\\/artworks\\\/stillife-plants\\\/#primaryimage\"},\"thumbnailUrl\":\"https:\\\/\\\/artnuances.com\\\/wp-content\\\/uploads\\\/2022\\\/02\\\/Stillife-Plants-an-scaled.jpg\",\"datePublished\":\"2022-02-08T08:28:53+00:00\",\"dateModified\":\"2023-08-10T15:52:20+00:00\",\"description\":\"Stilife plants. Le piante sono come gli esseri umani e ogni foglia \u00e8 come un braccio o una gamba in un corpo a tutti gli effetti. Sono vivi come noi.\",\"breadcrumb\":{\"@id\":\"https:\\\/\\\/artnuances.com\\\/it\\\/artworks\\\/stillife-plants\\\/#breadcrumb\"},\"inLanguage\":\"it-IT\",\"potentialAction\":[{\"@type\":\"ReadAction\",\"target\":[\"https:\\\/\\\/artnuances.com\\\/it\\\/artworks\\\/stillife-plants\\\/\"]}]},{\"@type\":\"ImageObject\",\"inLanguage\":\"it-IT\",\"@id\":\"https:\\\/\\\/artnuances.com\\\/it\\\/artworks\\\/stillife-plants\\\/#primaryimage\",\"url\":\"https:\\\/\\\/artnuances.com\\\/wp-content\\\/uploads\\\/2022\\\/02\\\/Stillife-Plants-an-scaled.jpg\",\"contentUrl\":\"https:\\\/\\\/artnuances.com\\\/wp-content\\\/uploads\\\/2022\\\/02\\\/Stillife-Plants-an-scaled.jpg\",\"width\":1857,\"height\":2560,\"caption\":\"stillife plants\"},{\"@type\":\"BreadcrumbList\",\"@id\":\"https:\\\/\\\/artnuances.com\\\/it\\\/artworks\\\/stillife-plants\\\/#breadcrumb\",\"itemListElement\":[{\"@type\":\"ListItem\",\"position\":1,\"name\":\"Home\",\"item\":\"https:\\\/\\\/artnuances.com\\\/it\\\/\"},{\"@type\":\"ListItem\",\"position\":2,\"name\":\"Shop online\",\"item\":\"https:\\\/\\\/artnuances.com\\\/it\\\/shop-online-galleria-darte-artnuances\\\/\"},{\"@type\":\"ListItem\",\"position\":3,\"name\":\"Stilllife plants\"}]},{\"@type\":\"WebSite\",\"@id\":\"https:\\\/\\\/artnuances.com\\\/it\\\/#website\",\"url\":\"https:\\\/\\\/artnuances.com\\\/it\\\/\",\"name\":\"Artnuances - Art gallery online\",\"description\":\"Artnuances Gallery\",\"publisher\":{\"@id\":\"https:\\\/\\\/artnuances.com\\\/it\\\/#organization\"},\"potentialAction\":[{\"@type\":\"SearchAction\",\"target\":{\"@type\":\"EntryPoint\",\"urlTemplate\":\"https:\\\/\\\/artnuances.com\\\/it\\\/?s={search_term_string}\"},\"query-input\":{\"@type\":\"PropertyValueSpecification\",\"valueRequired\":true,\"valueName\":\"search_term_string\"}}],\"inLanguage\":\"it-IT\"},{\"@type\":\"Organization\",\"@id\":\"https:\\\/\\\/artnuances.com\\\/it\\\/#organization\",\"name\":\"Studio Artnuances LTD\",\"url\":\"https:\\\/\\\/artnuances.com\\\/it\\\/\",\"logo\":{\"@type\":\"ImageObject\",\"inLanguage\":\"it-IT\",\"@id\":\"https:\\\/\\\/artnuances.com\\\/it\\\/#\\\/schema\\\/logo\\\/image\\\/\",\"url\":\"https:\\\/\\\/artnuances.com\\\/wp-content\\\/uploads\\\/2019\\\/09\\\/artnuanse.png\",\"contentUrl\":\"https:\\\/\\\/artnuances.com\\\/wp-content\\\/uploads\\\/2019\\\/09\\\/artnuanse.png\",\"width\":622,\"height\":622,\"caption\":\"Studio Artnuances LTD\"},\"image\":{\"@id\":\"https:\\\/\\\/artnuances.com\\\/it\\\/#\\\/schema\\\/logo\\\/image\\\/\"},\"sameAs\":[\"https:\\\/\\\/www.facebook.com\\\/studioartnuances\\\/\",\"https:\\\/\\\/www.instagram.com\\\/studioartnuances\\\/\",\"https:\\\/\\\/www.youtube.com\\\/channel\\\/UCoU2Nb_B-2BOiDcO292sggg\"]}]}<\/script>\n<!-- \/ Yoast SEO plugin. -->","yoast_head_json":{"title":"Stilllife plants - Yaroslav Leonets - Artnuances - Art gallery online","description":"Stilife plants. Le piante sono come gli esseri umani e ogni foglia \u00e8 come un braccio o una gamba in un corpo a tutti gli effetti. Sono vivi come noi.","robots":{"index":"index","follow":"follow","max-snippet":"max-snippet:-1","max-image-preview":"max-image-preview:large","max-video-preview":"max-video-preview:-1"},"canonical":"https:\/\/artnuances.com\/it\/artworks\/stillife-plants\/","og_locale":"it_IT","og_type":"article","og_title":"Stilllife plants - Yaroslav Leonets - Artnuances - Art gallery online","og_description":"Stilife plants. Le piante sono come gli esseri umani e ogni foglia \u00e8 come un braccio o una gamba in un corpo a tutti gli effetti. Sono vivi come noi.","og_url":"https:\/\/artnuances.com\/it\/artworks\/stillife-plants\/","og_site_name":"Artnuances - Art gallery online","article_publisher":"https:\/\/www.facebook.com\/studioartnuances\/","article_modified_time":"2023-08-10T15:52:20+00:00","og_image":[{"width":1857,"height":2560,"url":"https:\/\/artnuances.com\/wp-content\/uploads\/2022\/02\/Stillife-Plants-an-scaled.jpg","type":"image\/jpeg"}],"twitter_card":"summary_large_image","twitter_misc":{"Tempo di lettura stimato":"1 minuto"},"schema":{"@context":"https:\/\/schema.org","@graph":[{"@type":"WebPage","@id":"https:\/\/artnuances.com\/it\/artworks\/stillife-plants\/","url":"https:\/\/artnuances.com\/it\/artworks\/stillife-plants\/","name":"Stilllife plants - Yaroslav Leonets - Artnuances - Art gallery online","isPartOf":{"@id":"https:\/\/artnuances.com\/it\/#website"},"primaryImageOfPage":{"@id":"https:\/\/artnuances.com\/it\/artworks\/stillife-plants\/#primaryimage"},"image":{"@id":"https:\/\/artnuances.com\/it\/artworks\/stillife-plants\/#primaryimage"},"thumbnailUrl":"https:\/\/artnuances.com\/wp-content\/uploads\/2022\/02\/Stillife-Plants-an-scaled.jpg","datePublished":"2022-02-08T08:28:53+00:00","dateModified":"2023-08-10T15:52:20+00:00","description":"Stilife plants. Le piante sono come gli esseri umani e ogni foglia \u00e8 come un braccio o una gamba in un corpo a tutti gli effetti. Sono vivi come noi.","breadcrumb":{"@id":"https:\/\/artnuances.com\/it\/artworks\/stillife-plants\/#breadcrumb"},"inLanguage":"it-IT","potentialAction":[{"@type":"ReadAction","target":["https:\/\/artnuances.com\/it\/artworks\/stillife-plants\/"]}]},{"@type":"ImageObject","inLanguage":"it-IT","@id":"https:\/\/artnuances.com\/it\/artworks\/stillife-plants\/#primaryimage","url":"https:\/\/artnuances.com\/wp-content\/uploads\/2022\/02\/Stillife-Plants-an-scaled.jpg","contentUrl":"https:\/\/artnuances.com\/wp-content\/uploads\/2022\/02\/Stillife-Plants-an-scaled.jpg","width":1857,"height":2560,"caption":"stillife plants"},{"@type":"BreadcrumbList","@id":"https:\/\/artnuances.com\/it\/artworks\/stillife-plants\/#breadcrumb","itemListElement":[{"@type":"ListItem","position":1,"name":"Home","item":"https:\/\/artnuances.com\/it\/"},{"@type":"ListItem","position":2,"name":"Shop online","item":"https:\/\/artnuances.com\/it\/shop-online-galleria-darte-artnuances\/"},{"@type":"ListItem","position":3,"name":"Stilllife plants"}]},{"@type":"WebSite","@id":"https:\/\/artnuances.com\/it\/#website","url":"https:\/\/artnuances.com\/it\/","name":"Artnuances - Art gallery online","description":"Artnuances Gallery","publisher":{"@id":"https:\/\/artnuances.com\/it\/#organization"},"potentialAction":[{"@type":"SearchAction","target":{"@type":"EntryPoint","urlTemplate":"https:\/\/artnuances.com\/it\/?s={search_term_string}"},"query-input":{"@type":"PropertyValueSpecification","valueRequired":true,"valueName":"search_term_string"}}],"inLanguage":"it-IT"},{"@type":"Organization","@id":"https:\/\/artnuances.com\/it\/#organization","name":"Studio Artnuances LTD","url":"https:\/\/artnuances.com\/it\/","logo":{"@type":"ImageObject","inLanguage":"it-IT","@id":"https:\/\/artnuances.com\/it\/#\/schema\/logo\/image\/","url":"https:\/\/artnuances.com\/wp-content\/uploads\/2019\/09\/artnuanse.png","contentUrl":"https:\/\/artnuances.com\/wp-content\/uploads\/2019\/09\/artnuanse.png","width":622,"height":622,"caption":"Studio Artnuances LTD"},"image":{"@id":"https:\/\/artnuances.com\/it\/#\/schema\/logo\/image\/"},"sameAs":["https:\/\/www.facebook.com\/studioartnuances\/","https:\/\/www.instagram.com\/studioartnuances\/","https:\/\/www.youtube.com\/channel\/UCoU2Nb_B-2BOiDcO292sggg"]}]}},"_links":{"self":[{"href":"https:\/\/artnuances.com\/it\/wp-json\/wp\/v2\/product\/33204","targetHints":{"allow":["GET"]}}],"collection":[{"href":"https:\/\/artnuances.com\/it\/wp-json\/wp\/v2\/product"}],"about":[{"href":"https:\/\/artnuances.com\/it\/wp-json\/wp\/v2\/types\/product"}],"replies":[{"embeddable":true,"href":"https:\/\/artnuances.com\/it\/wp-json\/wp\/v2\/comments?post=33204"}],"wp:featuredmedia":[{"embeddable":true,"href":"https:\/\/artnuances.com\/it\/wp-json\/wp\/v2\/media\/33200"}],"wp:attachment":[{"href":"https:\/\/artnuances.com\/it\/wp-json\/wp\/v2\/media?parent=33204"}],"wp:term":[{"taxonomy":"product_brand","embeddable":true,"href":"https:\/\/artnuances.com\/it\/wp-json\/wp\/v2\/product_brand?post=33204"},{"taxonomy":"product_cat","embeddable":true,"href":"https:\/\/artnuances.com\/it\/wp-json\/wp\/v2\/product_cat?post=33204"},{"taxonomy":"product_tag","embeddable":true,"href":"https:\/\/artnuances.com\/it\/wp-json\/wp\/v2\/product_tag?post=33204"}],"curies":[{"name":"wp","href":"https:\/\/api.w.org\/{rel}","templated":true}]}}