{"id":33006,"date":"2021-12-02T14:27:21","date_gmt":"2021-12-02T14:27:22","guid":{"rendered":"https:\/\/www.artnuances-com-717041.hostingersite.com\/?post_type=product&#038;p=33006"},"modified":"2023-04-14T14:27:56","modified_gmt":"2023-04-14T14:27:56","slug":"crowned","status":"publish","type":"product","link":"https:\/\/artnuances.com\/it\/artworks\/crowned\/","title":{"rendered":"Crowned"},"content":{"rendered":"<section class=\"l-section wpb_row height_large\"><div class=\"l-section-h i-cf\"><div class=\"g-cols vc_row via_flex valign_top type_default stacking_default\"><div class=\"vc_col-sm-12 wpb_column vc_column_container\"><div class=\"vc_column-inner\"><div class=\"wpb_wrapper\"><div class=\"wpb_text_column\"><div class=\"wpb_wrapper\"><h1><strong>Crowned, \u00e8 un lavoro di <a href=\"https:\/\/artnuances.com\/it\/authors\/erika-litteral-it\/\">Erika Litteral<\/a>.<\/strong><\/h1>\n<h3>Ho preso una svolta comica, ma oscura, su una creatura che indossa una corona. \u00c8 ridere del grande occhio fluttuante che osserva tutto il regno della creatura. L&#8217;animale, per\u00f2, ha la meglio. Ha molti luoghi per vedere molte cose intorno a lui. Tutti noi stiamo comunicando con altre persone nella nostra vita. Gli occhi rappresentano la responsabilit\u00e0 e l&#8217;integrit\u00e0 che dovremmo avere tutti dentro di noi. Dobbiamo scegliere se usarli o meno. Sta a ognuno di noi prendere le proprie decisioni.<\/h3>\n<h3><\/h3>\n<\/div><\/div><\/div><\/div><\/div><\/div><\/div><\/section>\n","protected":false},"excerpt":{"rendered":"Crowned, \u00e8 un lavoro di Erika Litteral. Ho preso una svolta comica, ma oscura, su una creatura che indossa una corona. \u00c8 ridere del grande occhio fluttuante che osserva tutto il regno della creatura. L&#8217;animale, per\u00f2, ha la meglio. Ha molti luoghi per vedere molte cose intorno a lui. Tutti noi stiamo comunicando con altre...","protected":false},"featured_media":32977,"comment_status":"closed","ping_status":"closed","template":"","meta":{"_acf_changed":false},"product_brand":[235],"product_cat":[121,123],"product_tag":[],"class_list":{"0":"post-33006","1":"product","2":"type-product","3":"status-publish","4":"has-post-thumbnail","6":"product_brand-erika-litteral-it","7":"product_cat-collage","8":"product_cat-digital-art-it-2","9":"product_shipping_class-tube-it","11":"first","12":"instock","13":"featured","14":"purchasable","15":"product-type-simple"},"acf":[],"yoast_head":"<!-- This site is optimized with the Yoast SEO plugin v27.3 - https:\/\/yoast.com\/product\/yoast-seo-wordpress\/ -->\n<title>Crowned - Erika Litteral - Artnuances - Art gallery online<\/title>\n<meta name=\"description\" content=\"Crowned. Ho preso una svolta comica ma oscura su una creatura che indossa una corona. \u00c8 ridere del grande occhio fluttuante che osserva...\" \/>\n<meta name=\"robots\" content=\"index, follow, max-snippet:-1, max-image-preview:large, max-video-preview:-1\" \/>\n<link rel=\"canonical\" href=\"https:\/\/artnuances.com\/it\/artworks\/crowned\/\" \/>\n<meta property=\"og:locale\" content=\"it_IT\" \/>\n<meta property=\"og:type\" content=\"article\" \/>\n<meta property=\"og:title\" content=\"Crowned - Erika Litteral - Artnuances - Art gallery online\" \/>\n<meta property=\"og:description\" content=\"Crowned. Ho preso una svolta comica ma oscura su una creatura che indossa una corona. \u00c8 ridere del grande occhio fluttuante che osserva...\" \/>\n<meta property=\"og:url\" content=\"https:\/\/artnuances.com\/it\/artworks\/crowned\/\" \/>\n<meta property=\"og:site_name\" content=\"Artnuances - Art gallery online\" \/>\n<meta property=\"article:publisher\" content=\"https:\/\/www.facebook.com\/studioartnuances\/\" \/>\n<meta property=\"article:modified_time\" content=\"2023-04-14T14:27:56+00:00\" \/>\n<meta property=\"og:image\" content=\"https:\/\/artnuances.com\/wp-content\/uploads\/2021\/12\/crowned-an.jpg\" \/>\n\t<meta property=\"og:image:width\" content=\"2020\" \/>\n\t<meta property=\"og:image:height\" content=\"2020\" \/>\n\t<meta property=\"og:image:type\" content=\"image\/jpeg\" \/>\n<meta name=\"twitter:card\" content=\"summary_large_image\" \/>\n<meta name=\"twitter:label1\" content=\"Tempo di lettura stimato\" \/>\n\t<meta name=\"twitter:data1\" content=\"1 minuto\" \/>\n<script type=\"application\/ld+json\" class=\"yoast-schema-graph\">{\"@context\":\"https:\\\/\\\/schema.org\",\"@graph\":[{\"@type\":\"WebPage\",\"@id\":\"https:\\\/\\\/artnuances.com\\\/it\\\/artworks\\\/crowned\\\/\",\"url\":\"https:\\\/\\\/artnuances.com\\\/it\\\/artworks\\\/crowned\\\/\",\"name\":\"Crowned - Erika Litteral - Artnuances - Art gallery online\",\"isPartOf\":{\"@id\":\"https:\\\/\\\/artnuances.com\\\/it\\\/#website\"},\"primaryImageOfPage\":{\"@id\":\"https:\\\/\\\/artnuances.com\\\/it\\\/artworks\\\/crowned\\\/#primaryimage\"},\"image\":{\"@id\":\"https:\\\/\\\/artnuances.com\\\/it\\\/artworks\\\/crowned\\\/#primaryimage\"},\"thumbnailUrl\":\"https:\\\/\\\/artnuances.com\\\/wp-content\\\/uploads\\\/2021\\\/12\\\/crowned-an.jpg\",\"datePublished\":\"2021-12-02T14:27:22+00:00\",\"dateModified\":\"2023-04-14T14:27:56+00:00\",\"description\":\"Crowned. Ho preso una svolta comica ma oscura su una creatura che indossa una corona. \u00c8 ridere del grande occhio fluttuante che osserva...\",\"breadcrumb\":{\"@id\":\"https:\\\/\\\/artnuances.com\\\/it\\\/artworks\\\/crowned\\\/#breadcrumb\"},\"inLanguage\":\"it-IT\",\"potentialAction\":[{\"@type\":\"ReadAction\",\"target\":[\"https:\\\/\\\/artnuances.com\\\/it\\\/artworks\\\/crowned\\\/\"]}]},{\"@type\":\"ImageObject\",\"inLanguage\":\"it-IT\",\"@id\":\"https:\\\/\\\/artnuances.com\\\/it\\\/artworks\\\/crowned\\\/#primaryimage\",\"url\":\"https:\\\/\\\/artnuances.com\\\/wp-content\\\/uploads\\\/2021\\\/12\\\/crowned-an.jpg\",\"contentUrl\":\"https:\\\/\\\/artnuances.com\\\/wp-content\\\/uploads\\\/2021\\\/12\\\/crowned-an.jpg\",\"width\":2020,\"height\":2020,\"caption\":\"Crowned\"},{\"@type\":\"BreadcrumbList\",\"@id\":\"https:\\\/\\\/artnuances.com\\\/it\\\/artworks\\\/crowned\\\/#breadcrumb\",\"itemListElement\":[{\"@type\":\"ListItem\",\"position\":1,\"name\":\"Home\",\"item\":\"https:\\\/\\\/artnuances.com\\\/it\\\/\"},{\"@type\":\"ListItem\",\"position\":2,\"name\":\"Shop online\",\"item\":\"https:\\\/\\\/artnuances.com\\\/it\\\/shop-online-galleria-darte-artnuances\\\/\"},{\"@type\":\"ListItem\",\"position\":3,\"name\":\"Crowned\"}]},{\"@type\":\"WebSite\",\"@id\":\"https:\\\/\\\/artnuances.com\\\/it\\\/#website\",\"url\":\"https:\\\/\\\/artnuances.com\\\/it\\\/\",\"name\":\"Artnuances - Art gallery online\",\"description\":\"Artnuances Gallery\",\"publisher\":{\"@id\":\"https:\\\/\\\/artnuances.com\\\/it\\\/#organization\"},\"potentialAction\":[{\"@type\":\"SearchAction\",\"target\":{\"@type\":\"EntryPoint\",\"urlTemplate\":\"https:\\\/\\\/artnuances.com\\\/it\\\/?s={search_term_string}\"},\"query-input\":{\"@type\":\"PropertyValueSpecification\",\"valueRequired\":true,\"valueName\":\"search_term_string\"}}],\"inLanguage\":\"it-IT\"},{\"@type\":\"Organization\",\"@id\":\"https:\\\/\\\/artnuances.com\\\/it\\\/#organization\",\"name\":\"Studio Artnuances LTD\",\"url\":\"https:\\\/\\\/artnuances.com\\\/it\\\/\",\"logo\":{\"@type\":\"ImageObject\",\"inLanguage\":\"it-IT\",\"@id\":\"https:\\\/\\\/artnuances.com\\\/it\\\/#\\\/schema\\\/logo\\\/image\\\/\",\"url\":\"https:\\\/\\\/artnuances.com\\\/wp-content\\\/uploads\\\/2019\\\/09\\\/artnuanse.png\",\"contentUrl\":\"https:\\\/\\\/artnuances.com\\\/wp-content\\\/uploads\\\/2019\\\/09\\\/artnuanse.png\",\"width\":622,\"height\":622,\"caption\":\"Studio Artnuances LTD\"},\"image\":{\"@id\":\"https:\\\/\\\/artnuances.com\\\/it\\\/#\\\/schema\\\/logo\\\/image\\\/\"},\"sameAs\":[\"https:\\\/\\\/www.facebook.com\\\/studioartnuances\\\/\",\"https:\\\/\\\/www.instagram.com\\\/studioartnuances\\\/\",\"https:\\\/\\\/www.youtube.com\\\/channel\\\/UCoU2Nb_B-2BOiDcO292sggg\"]}]}<\/script>\n<!-- \/ Yoast SEO plugin. -->","yoast_head_json":{"title":"Crowned - Erika Litteral - Artnuances - Art gallery online","description":"Crowned. Ho preso una svolta comica ma oscura su una creatura che indossa una corona. \u00c8 ridere del grande occhio fluttuante che osserva...","robots":{"index":"index","follow":"follow","max-snippet":"max-snippet:-1","max-image-preview":"max-image-preview:large","max-video-preview":"max-video-preview:-1"},"canonical":"https:\/\/artnuances.com\/it\/artworks\/crowned\/","og_locale":"it_IT","og_type":"article","og_title":"Crowned - Erika Litteral - Artnuances - Art gallery online","og_description":"Crowned. Ho preso una svolta comica ma oscura su una creatura che indossa una corona. \u00c8 ridere del grande occhio fluttuante che osserva...","og_url":"https:\/\/artnuances.com\/it\/artworks\/crowned\/","og_site_name":"Artnuances - Art gallery online","article_publisher":"https:\/\/www.facebook.com\/studioartnuances\/","article_modified_time":"2023-04-14T14:27:56+00:00","og_image":[{"width":2020,"height":2020,"url":"https:\/\/artnuances.com\/wp-content\/uploads\/2021\/12\/crowned-an.jpg","type":"image\/jpeg"}],"twitter_card":"summary_large_image","twitter_misc":{"Tempo di lettura stimato":"1 minuto"},"schema":{"@context":"https:\/\/schema.org","@graph":[{"@type":"WebPage","@id":"https:\/\/artnuances.com\/it\/artworks\/crowned\/","url":"https:\/\/artnuances.com\/it\/artworks\/crowned\/","name":"Crowned - Erika Litteral - Artnuances - Art gallery online","isPartOf":{"@id":"https:\/\/artnuances.com\/it\/#website"},"primaryImageOfPage":{"@id":"https:\/\/artnuances.com\/it\/artworks\/crowned\/#primaryimage"},"image":{"@id":"https:\/\/artnuances.com\/it\/artworks\/crowned\/#primaryimage"},"thumbnailUrl":"https:\/\/artnuances.com\/wp-content\/uploads\/2021\/12\/crowned-an.jpg","datePublished":"2021-12-02T14:27:22+00:00","dateModified":"2023-04-14T14:27:56+00:00","description":"Crowned. Ho preso una svolta comica ma oscura su una creatura che indossa una corona. \u00c8 ridere del grande occhio fluttuante che osserva...","breadcrumb":{"@id":"https:\/\/artnuances.com\/it\/artworks\/crowned\/#breadcrumb"},"inLanguage":"it-IT","potentialAction":[{"@type":"ReadAction","target":["https:\/\/artnuances.com\/it\/artworks\/crowned\/"]}]},{"@type":"ImageObject","inLanguage":"it-IT","@id":"https:\/\/artnuances.com\/it\/artworks\/crowned\/#primaryimage","url":"https:\/\/artnuances.com\/wp-content\/uploads\/2021\/12\/crowned-an.jpg","contentUrl":"https:\/\/artnuances.com\/wp-content\/uploads\/2021\/12\/crowned-an.jpg","width":2020,"height":2020,"caption":"Crowned"},{"@type":"BreadcrumbList","@id":"https:\/\/artnuances.com\/it\/artworks\/crowned\/#breadcrumb","itemListElement":[{"@type":"ListItem","position":1,"name":"Home","item":"https:\/\/artnuances.com\/it\/"},{"@type":"ListItem","position":2,"name":"Shop online","item":"https:\/\/artnuances.com\/it\/shop-online-galleria-darte-artnuances\/"},{"@type":"ListItem","position":3,"name":"Crowned"}]},{"@type":"WebSite","@id":"https:\/\/artnuances.com\/it\/#website","url":"https:\/\/artnuances.com\/it\/","name":"Artnuances - Art gallery online","description":"Artnuances Gallery","publisher":{"@id":"https:\/\/artnuances.com\/it\/#organization"},"potentialAction":[{"@type":"SearchAction","target":{"@type":"EntryPoint","urlTemplate":"https:\/\/artnuances.com\/it\/?s={search_term_string}"},"query-input":{"@type":"PropertyValueSpecification","valueRequired":true,"valueName":"search_term_string"}}],"inLanguage":"it-IT"},{"@type":"Organization","@id":"https:\/\/artnuances.com\/it\/#organization","name":"Studio Artnuances LTD","url":"https:\/\/artnuances.com\/it\/","logo":{"@type":"ImageObject","inLanguage":"it-IT","@id":"https:\/\/artnuances.com\/it\/#\/schema\/logo\/image\/","url":"https:\/\/artnuances.com\/wp-content\/uploads\/2019\/09\/artnuanse.png","contentUrl":"https:\/\/artnuances.com\/wp-content\/uploads\/2019\/09\/artnuanse.png","width":622,"height":622,"caption":"Studio Artnuances LTD"},"image":{"@id":"https:\/\/artnuances.com\/it\/#\/schema\/logo\/image\/"},"sameAs":["https:\/\/www.facebook.com\/studioartnuances\/","https:\/\/www.instagram.com\/studioartnuances\/","https:\/\/www.youtube.com\/channel\/UCoU2Nb_B-2BOiDcO292sggg"]}]}},"_links":{"self":[{"href":"https:\/\/artnuances.com\/it\/wp-json\/wp\/v2\/product\/33006","targetHints":{"allow":["GET"]}}],"collection":[{"href":"https:\/\/artnuances.com\/it\/wp-json\/wp\/v2\/product"}],"about":[{"href":"https:\/\/artnuances.com\/it\/wp-json\/wp\/v2\/types\/product"}],"replies":[{"embeddable":true,"href":"https:\/\/artnuances.com\/it\/wp-json\/wp\/v2\/comments?post=33006"}],"wp:featuredmedia":[{"embeddable":true,"href":"https:\/\/artnuances.com\/it\/wp-json\/wp\/v2\/media\/32977"}],"wp:attachment":[{"href":"https:\/\/artnuances.com\/it\/wp-json\/wp\/v2\/media?parent=33006"}],"wp:term":[{"taxonomy":"product_brand","embeddable":true,"href":"https:\/\/artnuances.com\/it\/wp-json\/wp\/v2\/product_brand?post=33006"},{"taxonomy":"product_cat","embeddable":true,"href":"https:\/\/artnuances.com\/it\/wp-json\/wp\/v2\/product_cat?post=33006"},{"taxonomy":"product_tag","embeddable":true,"href":"https:\/\/artnuances.com\/it\/wp-json\/wp\/v2\/product_tag?post=33006"}],"curies":[{"name":"wp","href":"https:\/\/api.w.org\/{rel}","templated":true}]}}