{"id":32421,"date":"2021-09-14T07:33:15","date_gmt":"2021-09-14T07:33:15","guid":{"rendered":"https:\/\/www.artnuances-com-717041.hostingersite.com\/?post_type=product&#038;p=32421"},"modified":"2023-05-08T07:42:29","modified_gmt":"2023-05-08T07:42:29","slug":"illusion","status":"publish","type":"product","link":"https:\/\/artnuances.com\/it\/artworks\/illusion\/","title":{"rendered":"Illusion"},"content":{"rendered":"<section class=\"l-section wpb_row height_large\"><div class=\"l-section-h i-cf\"><div class=\"g-cols vc_row via_flex valign_top type_default stacking_default\"><div class=\"vc_col-sm-12 wpb_column vc_column_container\"><div class=\"vc_column-inner\"><div class=\"wpb_wrapper\"><div class=\"wpb_text_column\"><div class=\"wpb_wrapper\"><h1><em><strong>Illusion, \u00e8 un lavoro di <a href=\"\/?product_brand=surendra-sarat\">Surendra Narayan Saraf<\/a>.<\/strong><\/em><\/h1>\n<h3>Illusion. In questo acquerello Surendra mostra un altro suo aspetto artistico, che ne mette in luce tutte le sue capacit\u00e0. Questo profilo di donna in parte solo accennato \u00e8 un saggio delle capacit\u00e0 artistiche di Surendra. Con poche pennellate ha saputo imprimere al volto un atteggiamento enigmatico, ma al contempo affascinate.<\/h3>\n<h3><\/h3>\n<\/div><\/div><\/div><\/div><\/div><\/div><\/div><\/section>\n","protected":false},"excerpt":{"rendered":"Illusion, \u00e8 un lavoro di Surendra Narayan Saraf. Illusion. In questo acquerello Surendra mostra un altro suo aspetto artistico, che ne mette in luce tutte le sue capacit\u00e0. Questo profilo di donna in parte solo accennato \u00e8 un saggio delle capacit\u00e0 artistiche di Surendra. Con poche pennellate ha saputo imprimere al volto un atteggiamento enigmatico,...","protected":false},"featured_media":32394,"comment_status":"closed","ping_status":"closed","template":"","meta":{"_acf_changed":false},"product_brand":[207],"product_cat":[117,116],"product_tag":[],"class_list":{"0":"post-32421","1":"product","2":"type-product","3":"status-publish","4":"has-post-thumbnail","6":"product_brand-surendra-saraf-it","7":"product_cat-astratto","8":"product_cat-dipinti","9":"product_shipping_class-spedizione-in-scatola","11":"first","12":"instock","13":"featured","14":"purchasable","15":"product-type-simple"},"acf":[],"yoast_head":"<!-- This site is optimized with the Yoast SEO plugin v27.3 - https:\/\/yoast.com\/product\/yoast-seo-wordpress\/ -->\n<title>Illusion - Surendra Saraf- Artnuances - Art gallery online<\/title>\n<meta name=\"description\" content=\"Illusion. Questo profilo di donna parzialmente accennato \u00e8 una prova delle capacit\u00e0 artistiche di Surendra. Con poche pennellate \u00e8 riuscita a stupire un...\" \/>\n<meta name=\"robots\" content=\"index, follow, max-snippet:-1, max-image-preview:large, max-video-preview:-1\" \/>\n<link rel=\"canonical\" href=\"https:\/\/artnuances.com\/it\/artworks\/illusion\/\" \/>\n<meta property=\"og:locale\" content=\"it_IT\" \/>\n<meta property=\"og:type\" content=\"article\" \/>\n<meta property=\"og:title\" content=\"Illusion - Surendra Saraf- Artnuances - Art gallery online\" \/>\n<meta property=\"og:description\" content=\"Illusion. Questo profilo di donna parzialmente accennato \u00e8 una prova delle capacit\u00e0 artistiche di Surendra. Con poche pennellate \u00e8 riuscita a stupire un...\" \/>\n<meta property=\"og:url\" content=\"https:\/\/artnuances.com\/it\/artworks\/illusion\/\" \/>\n<meta property=\"og:site_name\" content=\"Artnuances - Art gallery online\" \/>\n<meta property=\"article:publisher\" content=\"https:\/\/www.facebook.com\/studioartnuances\/\" \/>\n<meta property=\"article:modified_time\" content=\"2023-05-08T07:42:29+00:00\" \/>\n<meta property=\"og:image\" content=\"https:\/\/artnuances.com\/wp-content\/uploads\/2021\/09\/10-illusion-an-scaled.jpeg\" \/>\n\t<meta property=\"og:image:width\" content=\"1639\" \/>\n\t<meta property=\"og:image:height\" content=\"2560\" \/>\n\t<meta property=\"og:image:type\" content=\"image\/jpeg\" \/>\n<meta name=\"twitter:card\" content=\"summary_large_image\" \/>\n<script type=\"application\/ld+json\" class=\"yoast-schema-graph\">{\"@context\":\"https:\\\/\\\/schema.org\",\"@graph\":[{\"@type\":\"WebPage\",\"@id\":\"https:\\\/\\\/artnuances.com\\\/it\\\/artworks\\\/illusion\\\/\",\"url\":\"https:\\\/\\\/artnuances.com\\\/it\\\/artworks\\\/illusion\\\/\",\"name\":\"Illusion - Surendra Saraf- Artnuances - Art gallery online\",\"isPartOf\":{\"@id\":\"https:\\\/\\\/artnuances.com\\\/it\\\/#website\"},\"primaryImageOfPage\":{\"@id\":\"https:\\\/\\\/artnuances.com\\\/it\\\/artworks\\\/illusion\\\/#primaryimage\"},\"image\":{\"@id\":\"https:\\\/\\\/artnuances.com\\\/it\\\/artworks\\\/illusion\\\/#primaryimage\"},\"thumbnailUrl\":\"https:\\\/\\\/artnuances.com\\\/wp-content\\\/uploads\\\/2021\\\/09\\\/10-illusion-an-scaled.jpeg\",\"datePublished\":\"2021-09-14T07:33:15+00:00\",\"dateModified\":\"2023-05-08T07:42:29+00:00\",\"description\":\"Illusion. Questo profilo di donna parzialmente accennato \u00e8 una prova delle capacit\u00e0 artistiche di Surendra. Con poche pennellate \u00e8 riuscita a stupire un...\",\"breadcrumb\":{\"@id\":\"https:\\\/\\\/artnuances.com\\\/it\\\/artworks\\\/illusion\\\/#breadcrumb\"},\"inLanguage\":\"it-IT\",\"potentialAction\":[{\"@type\":\"ReadAction\",\"target\":[\"https:\\\/\\\/artnuances.com\\\/it\\\/artworks\\\/illusion\\\/\"]}]},{\"@type\":\"ImageObject\",\"inLanguage\":\"it-IT\",\"@id\":\"https:\\\/\\\/artnuances.com\\\/it\\\/artworks\\\/illusion\\\/#primaryimage\",\"url\":\"https:\\\/\\\/artnuances.com\\\/wp-content\\\/uploads\\\/2021\\\/09\\\/10-illusion-an-scaled.jpeg\",\"contentUrl\":\"https:\\\/\\\/artnuances.com\\\/wp-content\\\/uploads\\\/2021\\\/09\\\/10-illusion-an-scaled.jpeg\",\"width\":1639,\"height\":2560,\"caption\":\"Illusion\"},{\"@type\":\"BreadcrumbList\",\"@id\":\"https:\\\/\\\/artnuances.com\\\/it\\\/artworks\\\/illusion\\\/#breadcrumb\",\"itemListElement\":[{\"@type\":\"ListItem\",\"position\":1,\"name\":\"Home\",\"item\":\"https:\\\/\\\/artnuances.com\\\/it\\\/\"},{\"@type\":\"ListItem\",\"position\":2,\"name\":\"Shop online\",\"item\":\"https:\\\/\\\/artnuances.com\\\/it\\\/shop-online-galleria-darte-artnuances\\\/\"},{\"@type\":\"ListItem\",\"position\":3,\"name\":\"Illusion\"}]},{\"@type\":\"WebSite\",\"@id\":\"https:\\\/\\\/artnuances.com\\\/it\\\/#website\",\"url\":\"https:\\\/\\\/artnuances.com\\\/it\\\/\",\"name\":\"Artnuances - Art gallery online\",\"description\":\"Artnuances Gallery\",\"publisher\":{\"@id\":\"https:\\\/\\\/artnuances.com\\\/it\\\/#organization\"},\"potentialAction\":[{\"@type\":\"SearchAction\",\"target\":{\"@type\":\"EntryPoint\",\"urlTemplate\":\"https:\\\/\\\/artnuances.com\\\/it\\\/?s={search_term_string}\"},\"query-input\":{\"@type\":\"PropertyValueSpecification\",\"valueRequired\":true,\"valueName\":\"search_term_string\"}}],\"inLanguage\":\"it-IT\"},{\"@type\":\"Organization\",\"@id\":\"https:\\\/\\\/artnuances.com\\\/it\\\/#organization\",\"name\":\"Studio Artnuances LTD\",\"url\":\"https:\\\/\\\/artnuances.com\\\/it\\\/\",\"logo\":{\"@type\":\"ImageObject\",\"inLanguage\":\"it-IT\",\"@id\":\"https:\\\/\\\/artnuances.com\\\/it\\\/#\\\/schema\\\/logo\\\/image\\\/\",\"url\":\"https:\\\/\\\/artnuances.com\\\/wp-content\\\/uploads\\\/2019\\\/09\\\/artnuanse.png\",\"contentUrl\":\"https:\\\/\\\/artnuances.com\\\/wp-content\\\/uploads\\\/2019\\\/09\\\/artnuanse.png\",\"width\":622,\"height\":622,\"caption\":\"Studio Artnuances LTD\"},\"image\":{\"@id\":\"https:\\\/\\\/artnuances.com\\\/it\\\/#\\\/schema\\\/logo\\\/image\\\/\"},\"sameAs\":[\"https:\\\/\\\/www.facebook.com\\\/studioartnuances\\\/\",\"https:\\\/\\\/www.instagram.com\\\/studioartnuances\\\/\",\"https:\\\/\\\/www.youtube.com\\\/channel\\\/UCoU2Nb_B-2BOiDcO292sggg\"]}]}<\/script>\n<!-- \/ Yoast SEO plugin. -->","yoast_head_json":{"title":"Illusion - Surendra Saraf- Artnuances - Art gallery online","description":"Illusion. Questo profilo di donna parzialmente accennato \u00e8 una prova delle capacit\u00e0 artistiche di Surendra. Con poche pennellate \u00e8 riuscita a stupire un...","robots":{"index":"index","follow":"follow","max-snippet":"max-snippet:-1","max-image-preview":"max-image-preview:large","max-video-preview":"max-video-preview:-1"},"canonical":"https:\/\/artnuances.com\/it\/artworks\/illusion\/","og_locale":"it_IT","og_type":"article","og_title":"Illusion - Surendra Saraf- Artnuances - Art gallery online","og_description":"Illusion. Questo profilo di donna parzialmente accennato \u00e8 una prova delle capacit\u00e0 artistiche di Surendra. Con poche pennellate \u00e8 riuscita a stupire un...","og_url":"https:\/\/artnuances.com\/it\/artworks\/illusion\/","og_site_name":"Artnuances - Art gallery online","article_publisher":"https:\/\/www.facebook.com\/studioartnuances\/","article_modified_time":"2023-05-08T07:42:29+00:00","og_image":[{"width":1639,"height":2560,"url":"https:\/\/artnuances.com\/wp-content\/uploads\/2021\/09\/10-illusion-an-scaled.jpeg","type":"image\/jpeg"}],"twitter_card":"summary_large_image","schema":{"@context":"https:\/\/schema.org","@graph":[{"@type":"WebPage","@id":"https:\/\/artnuances.com\/it\/artworks\/illusion\/","url":"https:\/\/artnuances.com\/it\/artworks\/illusion\/","name":"Illusion - Surendra Saraf- Artnuances - Art gallery online","isPartOf":{"@id":"https:\/\/artnuances.com\/it\/#website"},"primaryImageOfPage":{"@id":"https:\/\/artnuances.com\/it\/artworks\/illusion\/#primaryimage"},"image":{"@id":"https:\/\/artnuances.com\/it\/artworks\/illusion\/#primaryimage"},"thumbnailUrl":"https:\/\/artnuances.com\/wp-content\/uploads\/2021\/09\/10-illusion-an-scaled.jpeg","datePublished":"2021-09-14T07:33:15+00:00","dateModified":"2023-05-08T07:42:29+00:00","description":"Illusion. Questo profilo di donna parzialmente accennato \u00e8 una prova delle capacit\u00e0 artistiche di Surendra. Con poche pennellate \u00e8 riuscita a stupire un...","breadcrumb":{"@id":"https:\/\/artnuances.com\/it\/artworks\/illusion\/#breadcrumb"},"inLanguage":"it-IT","potentialAction":[{"@type":"ReadAction","target":["https:\/\/artnuances.com\/it\/artworks\/illusion\/"]}]},{"@type":"ImageObject","inLanguage":"it-IT","@id":"https:\/\/artnuances.com\/it\/artworks\/illusion\/#primaryimage","url":"https:\/\/artnuances.com\/wp-content\/uploads\/2021\/09\/10-illusion-an-scaled.jpeg","contentUrl":"https:\/\/artnuances.com\/wp-content\/uploads\/2021\/09\/10-illusion-an-scaled.jpeg","width":1639,"height":2560,"caption":"Illusion"},{"@type":"BreadcrumbList","@id":"https:\/\/artnuances.com\/it\/artworks\/illusion\/#breadcrumb","itemListElement":[{"@type":"ListItem","position":1,"name":"Home","item":"https:\/\/artnuances.com\/it\/"},{"@type":"ListItem","position":2,"name":"Shop online","item":"https:\/\/artnuances.com\/it\/shop-online-galleria-darte-artnuances\/"},{"@type":"ListItem","position":3,"name":"Illusion"}]},{"@type":"WebSite","@id":"https:\/\/artnuances.com\/it\/#website","url":"https:\/\/artnuances.com\/it\/","name":"Artnuances - Art gallery online","description":"Artnuances Gallery","publisher":{"@id":"https:\/\/artnuances.com\/it\/#organization"},"potentialAction":[{"@type":"SearchAction","target":{"@type":"EntryPoint","urlTemplate":"https:\/\/artnuances.com\/it\/?s={search_term_string}"},"query-input":{"@type":"PropertyValueSpecification","valueRequired":true,"valueName":"search_term_string"}}],"inLanguage":"it-IT"},{"@type":"Organization","@id":"https:\/\/artnuances.com\/it\/#organization","name":"Studio Artnuances LTD","url":"https:\/\/artnuances.com\/it\/","logo":{"@type":"ImageObject","inLanguage":"it-IT","@id":"https:\/\/artnuances.com\/it\/#\/schema\/logo\/image\/","url":"https:\/\/artnuances.com\/wp-content\/uploads\/2019\/09\/artnuanse.png","contentUrl":"https:\/\/artnuances.com\/wp-content\/uploads\/2019\/09\/artnuanse.png","width":622,"height":622,"caption":"Studio Artnuances LTD"},"image":{"@id":"https:\/\/artnuances.com\/it\/#\/schema\/logo\/image\/"},"sameAs":["https:\/\/www.facebook.com\/studioartnuances\/","https:\/\/www.instagram.com\/studioartnuances\/","https:\/\/www.youtube.com\/channel\/UCoU2Nb_B-2BOiDcO292sggg"]}]}},"_links":{"self":[{"href":"https:\/\/artnuances.com\/it\/wp-json\/wp\/v2\/product\/32421","targetHints":{"allow":["GET"]}}],"collection":[{"href":"https:\/\/artnuances.com\/it\/wp-json\/wp\/v2\/product"}],"about":[{"href":"https:\/\/artnuances.com\/it\/wp-json\/wp\/v2\/types\/product"}],"replies":[{"embeddable":true,"href":"https:\/\/artnuances.com\/it\/wp-json\/wp\/v2\/comments?post=32421"}],"wp:featuredmedia":[{"embeddable":true,"href":"https:\/\/artnuances.com\/it\/wp-json\/wp\/v2\/media\/32394"}],"wp:attachment":[{"href":"https:\/\/artnuances.com\/it\/wp-json\/wp\/v2\/media?parent=32421"}],"wp:term":[{"taxonomy":"product_brand","embeddable":true,"href":"https:\/\/artnuances.com\/it\/wp-json\/wp\/v2\/product_brand?post=32421"},{"taxonomy":"product_cat","embeddable":true,"href":"https:\/\/artnuances.com\/it\/wp-json\/wp\/v2\/product_cat?post=32421"},{"taxonomy":"product_tag","embeddable":true,"href":"https:\/\/artnuances.com\/it\/wp-json\/wp\/v2\/product_tag?post=32421"}],"curies":[{"name":"wp","href":"https:\/\/api.w.org\/{rel}","templated":true}]}}