{"id":31642,"date":"2021-07-13T14:47:32","date_gmt":"2021-07-13T14:47:33","guid":{"rendered":"https:\/\/www.artnuances-com-717041.hostingersite.com\/?post_type=product&#038;p=31642"},"modified":"2023-04-04T10:06:26","modified_gmt":"2023-04-04T10:06:26","slug":"cleos-sphere-of-destiny","status":"publish","type":"product","link":"https:\/\/artnuances.com\/it\/artworks\/cleos-sphere-of-destiny\/","title":{"rendered":"Cleos Sphere of Destiny"},"content":{"rendered":"<h1><em><strong>Cleos Sphere of Destiny<\/strong><strong>, \u00e8 un lavoro di <a href=\"https:\/\/artnuances.com\/authors\/denis-barry\/\">Denis Barry<\/a>.<\/strong><\/em><\/h1>\n<h3>Cleos Sphere of Destiny. Sembra un effetto cinematografico. La magia che prende forma. Dal buio totale emerge una sfera da cui si sprigionano potenti incantesimi che a breve modificheranno il mondo. In realt\u00e0 la magia \u00e8 quella che Denis riesce a fare con i suoi computer, i suoi calcoli. \u00c8 fantastico, incantatore con i suoi giochi di luci e forme. Sembra di poter toccare questa sfera che si libra nell\u2019aria rilasciando intorno a s\u00e9 voluttuose scie di luce. In uno spazio senza tempo questa opera ha tutte le caratteristiche per arredare un ambiente sia moderno che classico, lasciando allo spettatore il gusto di volare con l\u2019immaginazione.<\/h3>\n","protected":false},"excerpt":{"rendered":"<p>Cleos Sphere of Destiny, \u00e8 un lavoro di Denis Barry. Cleos Sphere of Destiny. Sembra un effetto cinematografico. La magia che prende forma. Dal buio totale emerge una sfera da cui si sprigionano potenti incantesimi che a breve modificheranno il mondo. In realt\u00e0 la magia \u00e8 quella che Denis riesce a fare con i suoi&#8230;<\/p>\n","protected":false},"featured_media":31626,"comment_status":"closed","ping_status":"closed","template":"","meta":{"_acf_changed":false},"product_brand":[188],"product_cat":[117,123],"product_tag":[],"class_list":{"0":"post-31642","1":"product","2":"type-product","3":"status-publish","4":"has-post-thumbnail","6":"product_brand-denis-barry-it","7":"product_cat-astratto","8":"product_cat-digital-art-it-2","9":"product_shipping_class-tube-it","11":"first","12":"instock","13":"featured","14":"purchasable","15":"product-type-simple"},"acf":[],"yoast_head":"<!-- This site is optimized with the Yoast SEO plugin v27.3 - https:\/\/yoast.com\/product\/yoast-seo-wordpress\/ -->\n<title>Cleos Sphere of Destiny - Denis Barry- Studio Artnuances LTD<\/title>\n<meta name=\"description\" content=\"Cleos Sphere of Destiny. Sembra un effetto cinematografico. La magia che prende forma. Dal buio totale emerge una sfera da cui si sprigionano potenti\" \/>\n<meta name=\"robots\" content=\"index, follow, max-snippet:-1, max-image-preview:large, max-video-preview:-1\" \/>\n<link rel=\"canonical\" href=\"https:\/\/artnuances.com\/it\/artworks\/cleos-sphere-of-destiny\/\" \/>\n<meta property=\"og:locale\" content=\"it_IT\" \/>\n<meta property=\"og:type\" content=\"article\" \/>\n<meta property=\"og:title\" content=\"Cleos Sphere of Destiny - Denis Barry- Studio Artnuances LTD\" \/>\n<meta property=\"og:description\" content=\"Cleos Sphere of Destiny. Sembra un effetto cinematografico. La magia che prende forma. Dal buio totale emerge una sfera da cui si sprigionano potenti\" \/>\n<meta property=\"og:url\" content=\"https:\/\/artnuances.com\/it\/artworks\/cleos-sphere-of-destiny\/\" \/>\n<meta property=\"og:site_name\" content=\"Artnuances - Art gallery online\" \/>\n<meta property=\"article:publisher\" content=\"https:\/\/www.facebook.com\/studioartnuances\/\" \/>\n<meta property=\"article:modified_time\" content=\"2023-04-04T10:06:26+00:00\" \/>\n<meta property=\"og:image\" content=\"https:\/\/artnuances.com\/wp-content\/uploads\/2021\/07\/Cleos-Sphere-of-Destiny-an.jpg\" \/>\n\t<meta property=\"og:image:width\" content=\"2020\" \/>\n\t<meta property=\"og:image:height\" content=\"1258\" \/>\n\t<meta property=\"og:image:type\" content=\"image\/jpeg\" \/>\n<meta name=\"twitter:card\" content=\"summary_large_image\" \/>\n<meta name=\"twitter:label1\" content=\"Tempo di lettura stimato\" \/>\n\t<meta name=\"twitter:data1\" content=\"1 minuto\" \/>\n<script type=\"application\/ld+json\" class=\"yoast-schema-graph\">{\"@context\":\"https:\\\/\\\/schema.org\",\"@graph\":[{\"@type\":\"WebPage\",\"@id\":\"https:\\\/\\\/artnuances.com\\\/it\\\/artworks\\\/cleos-sphere-of-destiny\\\/\",\"url\":\"https:\\\/\\\/artnuances.com\\\/it\\\/artworks\\\/cleos-sphere-of-destiny\\\/\",\"name\":\"Cleos Sphere of Destiny - Denis Barry- Studio Artnuances LTD\",\"isPartOf\":{\"@id\":\"https:\\\/\\\/artnuances.com\\\/it\\\/#website\"},\"primaryImageOfPage\":{\"@id\":\"https:\\\/\\\/artnuances.com\\\/it\\\/artworks\\\/cleos-sphere-of-destiny\\\/#primaryimage\"},\"image\":{\"@id\":\"https:\\\/\\\/artnuances.com\\\/it\\\/artworks\\\/cleos-sphere-of-destiny\\\/#primaryimage\"},\"thumbnailUrl\":\"https:\\\/\\\/artnuances.com\\\/wp-content\\\/uploads\\\/2021\\\/07\\\/Cleos-Sphere-of-Destiny-an.jpg\",\"datePublished\":\"2021-07-13T14:47:33+00:00\",\"dateModified\":\"2023-04-04T10:06:26+00:00\",\"description\":\"Cleos Sphere of Destiny. Sembra un effetto cinematografico. La magia che prende forma. Dal buio totale emerge una sfera da cui si sprigionano potenti\",\"breadcrumb\":{\"@id\":\"https:\\\/\\\/artnuances.com\\\/it\\\/artworks\\\/cleos-sphere-of-destiny\\\/#breadcrumb\"},\"inLanguage\":\"it-IT\",\"potentialAction\":[{\"@type\":\"ReadAction\",\"target\":[\"https:\\\/\\\/artnuances.com\\\/it\\\/artworks\\\/cleos-sphere-of-destiny\\\/\"]}]},{\"@type\":\"ImageObject\",\"inLanguage\":\"it-IT\",\"@id\":\"https:\\\/\\\/artnuances.com\\\/it\\\/artworks\\\/cleos-sphere-of-destiny\\\/#primaryimage\",\"url\":\"https:\\\/\\\/artnuances.com\\\/wp-content\\\/uploads\\\/2021\\\/07\\\/Cleos-Sphere-of-Destiny-an.jpg\",\"contentUrl\":\"https:\\\/\\\/artnuances.com\\\/wp-content\\\/uploads\\\/2021\\\/07\\\/Cleos-Sphere-of-Destiny-an.jpg\",\"width\":2020,\"height\":1258,\"caption\":\"Cleos Sphere of Destiny\"},{\"@type\":\"BreadcrumbList\",\"@id\":\"https:\\\/\\\/artnuances.com\\\/it\\\/artworks\\\/cleos-sphere-of-destiny\\\/#breadcrumb\",\"itemListElement\":[{\"@type\":\"ListItem\",\"position\":1,\"name\":\"Home\",\"item\":\"https:\\\/\\\/artnuances.com\\\/it\\\/\"},{\"@type\":\"ListItem\",\"position\":2,\"name\":\"Shop online\",\"item\":\"https:\\\/\\\/artnuances.com\\\/it\\\/shop-online-galleria-darte-artnuances\\\/\"},{\"@type\":\"ListItem\",\"position\":3,\"name\":\"Cleos Sphere of Destiny\"}]},{\"@type\":\"WebSite\",\"@id\":\"https:\\\/\\\/artnuances.com\\\/it\\\/#website\",\"url\":\"https:\\\/\\\/artnuances.com\\\/it\\\/\",\"name\":\"Artnuances - Art gallery online\",\"description\":\"Artnuances Gallery\",\"publisher\":{\"@id\":\"https:\\\/\\\/artnuances.com\\\/it\\\/#organization\"},\"potentialAction\":[{\"@type\":\"SearchAction\",\"target\":{\"@type\":\"EntryPoint\",\"urlTemplate\":\"https:\\\/\\\/artnuances.com\\\/it\\\/?s={search_term_string}\"},\"query-input\":{\"@type\":\"PropertyValueSpecification\",\"valueRequired\":true,\"valueName\":\"search_term_string\"}}],\"inLanguage\":\"it-IT\"},{\"@type\":\"Organization\",\"@id\":\"https:\\\/\\\/artnuances.com\\\/it\\\/#organization\",\"name\":\"Studio Artnuances LTD\",\"url\":\"https:\\\/\\\/artnuances.com\\\/it\\\/\",\"logo\":{\"@type\":\"ImageObject\",\"inLanguage\":\"it-IT\",\"@id\":\"https:\\\/\\\/artnuances.com\\\/it\\\/#\\\/schema\\\/logo\\\/image\\\/\",\"url\":\"https:\\\/\\\/artnuances.com\\\/wp-content\\\/uploads\\\/2019\\\/09\\\/artnuanse.png\",\"contentUrl\":\"https:\\\/\\\/artnuances.com\\\/wp-content\\\/uploads\\\/2019\\\/09\\\/artnuanse.png\",\"width\":622,\"height\":622,\"caption\":\"Studio Artnuances LTD\"},\"image\":{\"@id\":\"https:\\\/\\\/artnuances.com\\\/it\\\/#\\\/schema\\\/logo\\\/image\\\/\"},\"sameAs\":[\"https:\\\/\\\/www.facebook.com\\\/studioartnuances\\\/\",\"https:\\\/\\\/www.instagram.com\\\/studioartnuances\\\/\",\"https:\\\/\\\/www.youtube.com\\\/channel\\\/UCoU2Nb_B-2BOiDcO292sggg\"]}]}<\/script>\n<!-- \/ Yoast SEO plugin. -->","yoast_head_json":{"title":"Cleos Sphere of Destiny - Denis Barry- Studio Artnuances LTD","description":"Cleos Sphere of Destiny. Sembra un effetto cinematografico. La magia che prende forma. Dal buio totale emerge una sfera da cui si sprigionano potenti","robots":{"index":"index","follow":"follow","max-snippet":"max-snippet:-1","max-image-preview":"max-image-preview:large","max-video-preview":"max-video-preview:-1"},"canonical":"https:\/\/artnuances.com\/it\/artworks\/cleos-sphere-of-destiny\/","og_locale":"it_IT","og_type":"article","og_title":"Cleos Sphere of Destiny - Denis Barry- Studio Artnuances LTD","og_description":"Cleos Sphere of Destiny. Sembra un effetto cinematografico. La magia che prende forma. Dal buio totale emerge una sfera da cui si sprigionano potenti","og_url":"https:\/\/artnuances.com\/it\/artworks\/cleos-sphere-of-destiny\/","og_site_name":"Artnuances - Art gallery online","article_publisher":"https:\/\/www.facebook.com\/studioartnuances\/","article_modified_time":"2023-04-04T10:06:26+00:00","og_image":[{"width":2020,"height":1258,"url":"https:\/\/artnuances.com\/wp-content\/uploads\/2021\/07\/Cleos-Sphere-of-Destiny-an.jpg","type":"image\/jpeg"}],"twitter_card":"summary_large_image","twitter_misc":{"Tempo di lettura stimato":"1 minuto"},"schema":{"@context":"https:\/\/schema.org","@graph":[{"@type":"WebPage","@id":"https:\/\/artnuances.com\/it\/artworks\/cleos-sphere-of-destiny\/","url":"https:\/\/artnuances.com\/it\/artworks\/cleos-sphere-of-destiny\/","name":"Cleos Sphere of Destiny - Denis Barry- Studio Artnuances LTD","isPartOf":{"@id":"https:\/\/artnuances.com\/it\/#website"},"primaryImageOfPage":{"@id":"https:\/\/artnuances.com\/it\/artworks\/cleos-sphere-of-destiny\/#primaryimage"},"image":{"@id":"https:\/\/artnuances.com\/it\/artworks\/cleos-sphere-of-destiny\/#primaryimage"},"thumbnailUrl":"https:\/\/artnuances.com\/wp-content\/uploads\/2021\/07\/Cleos-Sphere-of-Destiny-an.jpg","datePublished":"2021-07-13T14:47:33+00:00","dateModified":"2023-04-04T10:06:26+00:00","description":"Cleos Sphere of Destiny. Sembra un effetto cinematografico. La magia che prende forma. Dal buio totale emerge una sfera da cui si sprigionano potenti","breadcrumb":{"@id":"https:\/\/artnuances.com\/it\/artworks\/cleos-sphere-of-destiny\/#breadcrumb"},"inLanguage":"it-IT","potentialAction":[{"@type":"ReadAction","target":["https:\/\/artnuances.com\/it\/artworks\/cleos-sphere-of-destiny\/"]}]},{"@type":"ImageObject","inLanguage":"it-IT","@id":"https:\/\/artnuances.com\/it\/artworks\/cleos-sphere-of-destiny\/#primaryimage","url":"https:\/\/artnuances.com\/wp-content\/uploads\/2021\/07\/Cleos-Sphere-of-Destiny-an.jpg","contentUrl":"https:\/\/artnuances.com\/wp-content\/uploads\/2021\/07\/Cleos-Sphere-of-Destiny-an.jpg","width":2020,"height":1258,"caption":"Cleos Sphere of Destiny"},{"@type":"BreadcrumbList","@id":"https:\/\/artnuances.com\/it\/artworks\/cleos-sphere-of-destiny\/#breadcrumb","itemListElement":[{"@type":"ListItem","position":1,"name":"Home","item":"https:\/\/artnuances.com\/it\/"},{"@type":"ListItem","position":2,"name":"Shop online","item":"https:\/\/artnuances.com\/it\/shop-online-galleria-darte-artnuances\/"},{"@type":"ListItem","position":3,"name":"Cleos Sphere of Destiny"}]},{"@type":"WebSite","@id":"https:\/\/artnuances.com\/it\/#website","url":"https:\/\/artnuances.com\/it\/","name":"Artnuances - Art gallery online","description":"Artnuances Gallery","publisher":{"@id":"https:\/\/artnuances.com\/it\/#organization"},"potentialAction":[{"@type":"SearchAction","target":{"@type":"EntryPoint","urlTemplate":"https:\/\/artnuances.com\/it\/?s={search_term_string}"},"query-input":{"@type":"PropertyValueSpecification","valueRequired":true,"valueName":"search_term_string"}}],"inLanguage":"it-IT"},{"@type":"Organization","@id":"https:\/\/artnuances.com\/it\/#organization","name":"Studio Artnuances LTD","url":"https:\/\/artnuances.com\/it\/","logo":{"@type":"ImageObject","inLanguage":"it-IT","@id":"https:\/\/artnuances.com\/it\/#\/schema\/logo\/image\/","url":"https:\/\/artnuances.com\/wp-content\/uploads\/2019\/09\/artnuanse.png","contentUrl":"https:\/\/artnuances.com\/wp-content\/uploads\/2019\/09\/artnuanse.png","width":622,"height":622,"caption":"Studio Artnuances LTD"},"image":{"@id":"https:\/\/artnuances.com\/it\/#\/schema\/logo\/image\/"},"sameAs":["https:\/\/www.facebook.com\/studioartnuances\/","https:\/\/www.instagram.com\/studioartnuances\/","https:\/\/www.youtube.com\/channel\/UCoU2Nb_B-2BOiDcO292sggg"]}]}},"_links":{"self":[{"href":"https:\/\/artnuances.com\/it\/wp-json\/wp\/v2\/product\/31642","targetHints":{"allow":["GET"]}}],"collection":[{"href":"https:\/\/artnuances.com\/it\/wp-json\/wp\/v2\/product"}],"about":[{"href":"https:\/\/artnuances.com\/it\/wp-json\/wp\/v2\/types\/product"}],"replies":[{"embeddable":true,"href":"https:\/\/artnuances.com\/it\/wp-json\/wp\/v2\/comments?post=31642"}],"wp:featuredmedia":[{"embeddable":true,"href":"https:\/\/artnuances.com\/it\/wp-json\/wp\/v2\/media\/31626"}],"wp:attachment":[{"href":"https:\/\/artnuances.com\/it\/wp-json\/wp\/v2\/media?parent=31642"}],"wp:term":[{"taxonomy":"product_brand","embeddable":true,"href":"https:\/\/artnuances.com\/it\/wp-json\/wp\/v2\/product_brand?post=31642"},{"taxonomy":"product_cat","embeddable":true,"href":"https:\/\/artnuances.com\/it\/wp-json\/wp\/v2\/product_cat?post=31642"},{"taxonomy":"product_tag","embeddable":true,"href":"https:\/\/artnuances.com\/it\/wp-json\/wp\/v2\/product_tag?post=31642"}],"curies":[{"name":"wp","href":"https:\/\/api.w.org\/{rel}","templated":true}]}}