{"id":31530,"date":"2021-06-01T09:19:54","date_gmt":"2021-06-01T09:19:55","guid":{"rendered":"https:\/\/www.artnuances-com-717041.hostingersite.com\/?post_type=product&#038;p=31530"},"modified":"2023-03-31T10:17:24","modified_gmt":"2023-03-31T10:17:24","slug":"miles-davis","status":"publish","type":"product","link":"https:\/\/artnuances.com\/it\/artworks\/miles-davis\/","title":{"rendered":"Miles Davis"},"content":{"rendered":"<section class=\"l-section wpb_row height_large\"><div class=\"l-section-h i-cf\"><div class=\"g-cols vc_row via_flex valign_top type_default stacking_default\"><div class=\"vc_col-sm-12 wpb_column vc_column_container\"><div class=\"vc_column-inner\"><div class=\"wpb_wrapper\"><div class=\"wpb_text_column\"><div class=\"wpb_wrapper\"><h1><em><strong>Miles Davis, <\/strong><\/em><strong>\u00e8 un lavoro di <\/strong><strong><a href=\"https:\/\/artnuances.com\/it\/authors\/roman-nogin-it\/\">Roman Nogin<\/a>.<\/strong><\/h1>\n<h3>Roman, for some years he has been dedicating himself to the most congenial theme &#8220;jazz and the famous people&#8221; who have marked its history. This time he dedicated an opera to the great trumpeter Miles Davis (1926-1991).<br \/>\nMiles Dewey Davis III was an American jazz trumpeter and composer, considered one of the most influential, innovative and original musicians of the 20th century.<br \/>\nIt is useless to speak of the greatness of the jazz artist. Here, it is important to underline that with his unmistakable style Roman Nogin was able to project the features of the musician.\u00a0 In one of his typical gestures, while he recovered the time and breath during one of his numerous concerts.<br \/>\nThe beauty and uniqueness of Roman&#8217;s work is to build, as if it were a puzzle, a painting starting from monochromatic brushstrokes, that in succession give life to the entire scene.<br \/>\nRomano, da qualche anno si dedica al tema pi\u00f9 congeniale &#8220;il jazz e i personaggi famosi&#8221; che ne hanno segnato la storia. Questa volta ha dedicato un&#8217;opera al grande trombettista Miles Davis (1926-1991).<br \/>\nMiles Dewey Davis III \u00e8 stato un trombettista e compositore jazz americano, considerato uno dei musicisti pi\u00f9 influenti, innovativi e originali del 20\u00b0 secolo.<br \/>\nInutile parlare della grandezza dell&#8217;artista jazz. Qui \u00e8 importante sottolineare che con il suo stile inconfondibile Roman Nogin ha saputo proiettare le fattezze del musicista. In uno dei suoi gesti tipici, mentre recuperava il tempo e il respiro durante uno dei suoi numerosi concerti.<br \/>\nLa bellezza e l&#8217;unicit\u00e0 dell&#8217;opera di Roman \u00e8 costruire, come fosse un puzzle, un dipinto a partire da pennellate monocromatiche, che in successione danno vita all&#8217;intera scena.<br \/>\nL&#8217;effetto sfarfallio \u00e8 un&#8217;aggiunta a questa originalit\u00e0, come se l&#8217;immagine fosse vista attraverso un vetro smerigliato o un bicchiere pieno d&#8217;acqua. \u00c8 come trasformare le onde sonore in onde visive, un perfetto terremoto visivo.<\/h3>\n<\/div><\/div><\/div><\/div><\/div><\/div><\/div><\/section><section class=\"l-section wpb_row height_large\"><div class=\"l-section-h i-cf\"><div class=\"g-cols vc_row via_flex valign_top type_default stacking_default\"><div class=\"vc_col-sm-12 wpb_column vc_column_container\"><div class=\"vc_column-inner\"><div class=\"wpb_wrapper\"><div class=\"w-video align_none ratio_16x9 has_iframe\"><div class=\"w-video-h\"><iframe title=\"Youtube video player\" src=\"\/\/www.youtube.com\/embed\/30NHuqBuaXM?autoplay=0&controls=1&origin=https:\/\/artnuances.com\/it\/&loop=0&mute=0\" allowfullscreen=\"1\" loading=\"lazy\"><\/iframe><\/div><\/div><\/div><\/div><\/div><\/div><\/div><\/section>\n","protected":false},"excerpt":{"rendered":"<p><strong>Artist:<\/strong> Roman Nogin<br \/>\n<b>Title: <strong>Miles Davis <\/strong><\/b><\/p>\n<p><b><\/b><strong>Date:<\/strong> 2021<br \/>\n<strong>Medium: <\/strong>Oil on canvas<br \/>\n<strong>Dimensions:<\/strong> 150H x 90B<\/p>\n<p>&nbsp;<\/p>\n","protected":false},"featured_media":31518,"comment_status":"closed","ping_status":"closed","template":"","meta":{"_acf_changed":false},"product_brand":[150],"product_cat":[116,253,129],"product_tag":[],"class_list":{"0":"post-31530","1":"product","2":"type-product","3":"status-publish","4":"has-post-thumbnail","6":"product_brand-roman-nogin-it","7":"product_cat-dipinti","8":"product_cat-jazz-color-jazz-it-2","9":"product_cat-ritratto","10":"product_shipping_class-tube-it","12":"first","13":"instock","14":"featured","15":"purchasable","16":"product-type-simple"},"acf":[],"yoast_head":"<!-- This site is optimized with the Yoast SEO plugin v27.3 - https:\/\/yoast.com\/product\/yoast-seo-wordpress\/ -->\n<title>Miles Davis Roman Nogin - Artnuances Gallery<\/title>\n<meta name=\"description\" content=\"Roman, for some years he has been dedicating himself to the most congenial theme that is jazz and the famous people\" \/>\n<meta name=\"robots\" content=\"index, follow, max-snippet:-1, max-image-preview:large, max-video-preview:-1\" \/>\n<link rel=\"canonical\" href=\"https:\/\/artnuances.com\/it\/artworks\/miles-davis\/\" \/>\n<meta property=\"og:locale\" content=\"it_IT\" \/>\n<meta property=\"og:type\" content=\"article\" \/>\n<meta property=\"og:title\" content=\"Miles Davis Roman Nogin - Artnuances Gallery\" \/>\n<meta property=\"og:description\" content=\"Roman, for some years he has been dedicating himself to the most congenial theme that is jazz and the famous people\" \/>\n<meta property=\"og:url\" content=\"https:\/\/artnuances.com\/it\/artworks\/miles-davis\/\" \/>\n<meta property=\"og:site_name\" content=\"Artnuances - Art gallery online\" \/>\n<meta property=\"article:publisher\" content=\"https:\/\/www.facebook.com\/studioartnuances\/\" \/>\n<meta property=\"article:modified_time\" content=\"2023-03-31T10:17:24+00:00\" \/>\n<meta property=\"og:image\" content=\"https:\/\/artnuances.com\/wp-content\/uploads\/2021\/05\/MILAS-DAVIS_2021_150x90-an-scaled.jpg\" \/>\n\t<meta property=\"og:image:width\" content=\"1533\" \/>\n\t<meta property=\"og:image:height\" content=\"2560\" \/>\n\t<meta property=\"og:image:type\" content=\"image\/jpeg\" \/>\n<meta name=\"twitter:card\" content=\"summary_large_image\" \/>\n<meta name=\"twitter:label1\" content=\"Tempo di lettura stimato\" \/>\n\t<meta name=\"twitter:data1\" content=\"2 minuti\" \/>\n<script type=\"application\/ld+json\" class=\"yoast-schema-graph\">{\"@context\":\"https:\\\/\\\/schema.org\",\"@graph\":[{\"@type\":\"WebPage\",\"@id\":\"https:\\\/\\\/artnuances.com\\\/it\\\/artworks\\\/miles-davis\\\/\",\"url\":\"https:\\\/\\\/artnuances.com\\\/it\\\/artworks\\\/miles-davis\\\/\",\"name\":\"Miles Davis Roman Nogin - Artnuances Gallery\",\"isPartOf\":{\"@id\":\"https:\\\/\\\/artnuances.com\\\/it\\\/#website\"},\"primaryImageOfPage\":{\"@id\":\"https:\\\/\\\/artnuances.com\\\/it\\\/artworks\\\/miles-davis\\\/#primaryimage\"},\"image\":{\"@id\":\"https:\\\/\\\/artnuances.com\\\/it\\\/artworks\\\/miles-davis\\\/#primaryimage\"},\"thumbnailUrl\":\"https:\\\/\\\/artnuances.com\\\/wp-content\\\/uploads\\\/2021\\\/05\\\/MILAS-DAVIS_2021_150x90-an-scaled.jpg\",\"datePublished\":\"2021-06-01T09:19:55+00:00\",\"dateModified\":\"2023-03-31T10:17:24+00:00\",\"description\":\"Roman, for some years he has been dedicating himself to the most congenial theme that is jazz and the famous people\",\"breadcrumb\":{\"@id\":\"https:\\\/\\\/artnuances.com\\\/it\\\/artworks\\\/miles-davis\\\/#breadcrumb\"},\"inLanguage\":\"it-IT\",\"potentialAction\":[{\"@type\":\"ReadAction\",\"target\":[\"https:\\\/\\\/artnuances.com\\\/it\\\/artworks\\\/miles-davis\\\/\"]}]},{\"@type\":\"ImageObject\",\"inLanguage\":\"it-IT\",\"@id\":\"https:\\\/\\\/artnuances.com\\\/it\\\/artworks\\\/miles-davis\\\/#primaryimage\",\"url\":\"https:\\\/\\\/artnuances.com\\\/wp-content\\\/uploads\\\/2021\\\/05\\\/MILAS-DAVIS_2021_150x90-an-scaled.jpg\",\"contentUrl\":\"https:\\\/\\\/artnuances.com\\\/wp-content\\\/uploads\\\/2021\\\/05\\\/MILAS-DAVIS_2021_150x90-an-scaled.jpg\",\"width\":1533,\"height\":2560,\"caption\":\"Miles Davis\"},{\"@type\":\"BreadcrumbList\",\"@id\":\"https:\\\/\\\/artnuances.com\\\/it\\\/artworks\\\/miles-davis\\\/#breadcrumb\",\"itemListElement\":[{\"@type\":\"ListItem\",\"position\":1,\"name\":\"Home\",\"item\":\"https:\\\/\\\/artnuances.com\\\/it\\\/\"},{\"@type\":\"ListItem\",\"position\":2,\"name\":\"Shop online\",\"item\":\"https:\\\/\\\/artnuances.com\\\/it\\\/shop-online-galleria-darte-artnuances\\\/\"},{\"@type\":\"ListItem\",\"position\":3,\"name\":\"Miles Davis\"}]},{\"@type\":\"WebSite\",\"@id\":\"https:\\\/\\\/artnuances.com\\\/it\\\/#website\",\"url\":\"https:\\\/\\\/artnuances.com\\\/it\\\/\",\"name\":\"Artnuances - Art gallery online\",\"description\":\"Artnuances Gallery\",\"publisher\":{\"@id\":\"https:\\\/\\\/artnuances.com\\\/it\\\/#organization\"},\"potentialAction\":[{\"@type\":\"SearchAction\",\"target\":{\"@type\":\"EntryPoint\",\"urlTemplate\":\"https:\\\/\\\/artnuances.com\\\/it\\\/?s={search_term_string}\"},\"query-input\":{\"@type\":\"PropertyValueSpecification\",\"valueRequired\":true,\"valueName\":\"search_term_string\"}}],\"inLanguage\":\"it-IT\"},{\"@type\":\"Organization\",\"@id\":\"https:\\\/\\\/artnuances.com\\\/it\\\/#organization\",\"name\":\"Studio Artnuances LTD\",\"url\":\"https:\\\/\\\/artnuances.com\\\/it\\\/\",\"logo\":{\"@type\":\"ImageObject\",\"inLanguage\":\"it-IT\",\"@id\":\"https:\\\/\\\/artnuances.com\\\/it\\\/#\\\/schema\\\/logo\\\/image\\\/\",\"url\":\"https:\\\/\\\/artnuances.com\\\/wp-content\\\/uploads\\\/2019\\\/09\\\/artnuanse.png\",\"contentUrl\":\"https:\\\/\\\/artnuances.com\\\/wp-content\\\/uploads\\\/2019\\\/09\\\/artnuanse.png\",\"width\":622,\"height\":622,\"caption\":\"Studio Artnuances LTD\"},\"image\":{\"@id\":\"https:\\\/\\\/artnuances.com\\\/it\\\/#\\\/schema\\\/logo\\\/image\\\/\"},\"sameAs\":[\"https:\\\/\\\/www.facebook.com\\\/studioartnuances\\\/\",\"https:\\\/\\\/www.instagram.com\\\/studioartnuances\\\/\",\"https:\\\/\\\/www.youtube.com\\\/channel\\\/UCoU2Nb_B-2BOiDcO292sggg\"]}]}<\/script>\n<!-- \/ Yoast SEO plugin. -->","yoast_head_json":{"title":"Miles Davis Roman Nogin - Artnuances Gallery","description":"Roman, for some years he has been dedicating himself to the most congenial theme that is jazz and the famous people","robots":{"index":"index","follow":"follow","max-snippet":"max-snippet:-1","max-image-preview":"max-image-preview:large","max-video-preview":"max-video-preview:-1"},"canonical":"https:\/\/artnuances.com\/it\/artworks\/miles-davis\/","og_locale":"it_IT","og_type":"article","og_title":"Miles Davis Roman Nogin - Artnuances Gallery","og_description":"Roman, for some years he has been dedicating himself to the most congenial theme that is jazz and the famous people","og_url":"https:\/\/artnuances.com\/it\/artworks\/miles-davis\/","og_site_name":"Artnuances - Art gallery online","article_publisher":"https:\/\/www.facebook.com\/studioartnuances\/","article_modified_time":"2023-03-31T10:17:24+00:00","og_image":[{"width":1533,"height":2560,"url":"https:\/\/artnuances.com\/wp-content\/uploads\/2021\/05\/MILAS-DAVIS_2021_150x90-an-scaled.jpg","type":"image\/jpeg"}],"twitter_card":"summary_large_image","twitter_misc":{"Tempo di lettura stimato":"2 minuti"},"schema":{"@context":"https:\/\/schema.org","@graph":[{"@type":"WebPage","@id":"https:\/\/artnuances.com\/it\/artworks\/miles-davis\/","url":"https:\/\/artnuances.com\/it\/artworks\/miles-davis\/","name":"Miles Davis Roman Nogin - Artnuances Gallery","isPartOf":{"@id":"https:\/\/artnuances.com\/it\/#website"},"primaryImageOfPage":{"@id":"https:\/\/artnuances.com\/it\/artworks\/miles-davis\/#primaryimage"},"image":{"@id":"https:\/\/artnuances.com\/it\/artworks\/miles-davis\/#primaryimage"},"thumbnailUrl":"https:\/\/artnuances.com\/wp-content\/uploads\/2021\/05\/MILAS-DAVIS_2021_150x90-an-scaled.jpg","datePublished":"2021-06-01T09:19:55+00:00","dateModified":"2023-03-31T10:17:24+00:00","description":"Roman, for some years he has been dedicating himself to the most congenial theme that is jazz and the famous people","breadcrumb":{"@id":"https:\/\/artnuances.com\/it\/artworks\/miles-davis\/#breadcrumb"},"inLanguage":"it-IT","potentialAction":[{"@type":"ReadAction","target":["https:\/\/artnuances.com\/it\/artworks\/miles-davis\/"]}]},{"@type":"ImageObject","inLanguage":"it-IT","@id":"https:\/\/artnuances.com\/it\/artworks\/miles-davis\/#primaryimage","url":"https:\/\/artnuances.com\/wp-content\/uploads\/2021\/05\/MILAS-DAVIS_2021_150x90-an-scaled.jpg","contentUrl":"https:\/\/artnuances.com\/wp-content\/uploads\/2021\/05\/MILAS-DAVIS_2021_150x90-an-scaled.jpg","width":1533,"height":2560,"caption":"Miles Davis"},{"@type":"BreadcrumbList","@id":"https:\/\/artnuances.com\/it\/artworks\/miles-davis\/#breadcrumb","itemListElement":[{"@type":"ListItem","position":1,"name":"Home","item":"https:\/\/artnuances.com\/it\/"},{"@type":"ListItem","position":2,"name":"Shop online","item":"https:\/\/artnuances.com\/it\/shop-online-galleria-darte-artnuances\/"},{"@type":"ListItem","position":3,"name":"Miles Davis"}]},{"@type":"WebSite","@id":"https:\/\/artnuances.com\/it\/#website","url":"https:\/\/artnuances.com\/it\/","name":"Artnuances - Art gallery online","description":"Artnuances Gallery","publisher":{"@id":"https:\/\/artnuances.com\/it\/#organization"},"potentialAction":[{"@type":"SearchAction","target":{"@type":"EntryPoint","urlTemplate":"https:\/\/artnuances.com\/it\/?s={search_term_string}"},"query-input":{"@type":"PropertyValueSpecification","valueRequired":true,"valueName":"search_term_string"}}],"inLanguage":"it-IT"},{"@type":"Organization","@id":"https:\/\/artnuances.com\/it\/#organization","name":"Studio Artnuances LTD","url":"https:\/\/artnuances.com\/it\/","logo":{"@type":"ImageObject","inLanguage":"it-IT","@id":"https:\/\/artnuances.com\/it\/#\/schema\/logo\/image\/","url":"https:\/\/artnuances.com\/wp-content\/uploads\/2019\/09\/artnuanse.png","contentUrl":"https:\/\/artnuances.com\/wp-content\/uploads\/2019\/09\/artnuanse.png","width":622,"height":622,"caption":"Studio Artnuances LTD"},"image":{"@id":"https:\/\/artnuances.com\/it\/#\/schema\/logo\/image\/"},"sameAs":["https:\/\/www.facebook.com\/studioartnuances\/","https:\/\/www.instagram.com\/studioartnuances\/","https:\/\/www.youtube.com\/channel\/UCoU2Nb_B-2BOiDcO292sggg"]}]}},"_links":{"self":[{"href":"https:\/\/artnuances.com\/it\/wp-json\/wp\/v2\/product\/31530","targetHints":{"allow":["GET"]}}],"collection":[{"href":"https:\/\/artnuances.com\/it\/wp-json\/wp\/v2\/product"}],"about":[{"href":"https:\/\/artnuances.com\/it\/wp-json\/wp\/v2\/types\/product"}],"replies":[{"embeddable":true,"href":"https:\/\/artnuances.com\/it\/wp-json\/wp\/v2\/comments?post=31530"}],"wp:featuredmedia":[{"embeddable":true,"href":"https:\/\/artnuances.com\/it\/wp-json\/wp\/v2\/media\/31518"}],"wp:attachment":[{"href":"https:\/\/artnuances.com\/it\/wp-json\/wp\/v2\/media?parent=31530"}],"wp:term":[{"taxonomy":"product_brand","embeddable":true,"href":"https:\/\/artnuances.com\/it\/wp-json\/wp\/v2\/product_brand?post=31530"},{"taxonomy":"product_cat","embeddable":true,"href":"https:\/\/artnuances.com\/it\/wp-json\/wp\/v2\/product_cat?post=31530"},{"taxonomy":"product_tag","embeddable":true,"href":"https:\/\/artnuances.com\/it\/wp-json\/wp\/v2\/product_tag?post=31530"}],"curies":[{"name":"wp","href":"https:\/\/api.w.org\/{rel}","templated":true}]}}