{"id":31438,"date":"2021-05-20T09:58:41","date_gmt":"2021-05-20T09:58:41","guid":{"rendered":"https:\/\/www.artnuances-com-717041.hostingersite.com\/artworks\/serenity\/"},"modified":"2024-04-04T09:11:22","modified_gmt":"2024-04-04T09:11:22","slug":"serenity","status":"publish","type":"product","link":"https:\/\/artnuances.com\/it\/artworks\/serenity\/","title":{"rendered":"Serenity"},"content":{"rendered":"<section class=\"l-section wpb_row height_large\"><div class=\"l-section-h i-cf\"><div class=\"g-cols vc_row via_flex valign_top type_default stacking_default\"><div class=\"vc_col-sm-12 wpb_column vc_column_container\"><div class=\"vc_column-inner\"><div class=\"wpb_wrapper\"><div class=\"wpb_text_column\"><div class=\"wpb_wrapper\"><h1><strong>Serenity \u00e8 un&#8217;opera di <a href=\"https:\/\/artnuances.com\/it\/authors\/oleksandr-serdiuk-it\/\">Oleksandr Serdiuk<\/a>.<\/strong><\/h1>\n<h3>Serenity appartiene alla serie &#8220;Momenti del giorno&#8221;. La figura \u00e8 definita da tratti in tonalit\u00e0 scure, che le conferiscono un alone onirico. Il suo volto presenta alcuni elementi come gli occhi ed il naso che donano quello stato di tranquillit\u00e0 che d\u00e0 il titolo all&#8217;opera. Qui, come in altre opere di questo artista, il gesto \u00e8 l&#8217;elemento centrale su cui il visitatore deve attirare la sua attenzione: ne \u00e8 testimonianza il piatto colmo di frutta sorretto da mani ben marcate.<\/h3>\n<\/div><\/div><\/div><\/div><\/div><\/div><\/div><\/section>\n","protected":false},"excerpt":{"rendered":"Serenity \u00e8 un&#8217;opera di Oleksandr Serdiuk. Serenity appartiene alla serie &#8220;Momenti del giorno&#8221;. La figura \u00e8 definita da tratti in tonalit\u00e0 scure, che le conferiscono un alone onirico. Il suo volto presenta alcuni elementi come gli occhi ed il naso che donano quello stato di tranquillit\u00e0 che d\u00e0 il titolo all&#8217;opera. Qui, come in altre...","protected":false},"featured_media":31437,"comment_status":"closed","ping_status":"closed","template":"","meta":{"_acf_changed":false},"product_brand":[219],"product_cat":[116,129],"product_tag":[],"class_list":{"0":"post-31438","1":"product","2":"type-product","3":"status-publish","4":"has-post-thumbnail","6":"product_brand-oleksandr-serdiuk-it","7":"product_cat-dipinti","8":"product_cat-ritratto","10":"first","11":"instock","12":"featured","13":"purchasable","14":"product-type-simple"},"acf":[],"yoast_head":"<!-- This site is optimized with the Yoast SEO plugin v27.3 - https:\/\/yoast.com\/product\/yoast-seo-wordpress\/ -->\n<title>Serenity - Oleksandr Serdiuk- Artnuances - Art gallery online<\/title>\n<meta name=\"description\" content=\"Serenit\u00e0, appartiene alla serie dei momenti della giornata. Nello stile dell\u2019artista la figura \u00e8 definita da tratti scuri sfumati,\" \/>\n<meta name=\"robots\" content=\"index, follow, max-snippet:-1, max-image-preview:large, max-video-preview:-1\" \/>\n<link rel=\"canonical\" href=\"https:\/\/artnuances.com\/it\/artworks\/serenity\/\" \/>\n<meta property=\"og:locale\" content=\"it_IT\" \/>\n<meta property=\"og:type\" content=\"article\" \/>\n<meta property=\"og:title\" content=\"Serenity - Oleksandr Serdiuk- Artnuances - Art gallery online\" \/>\n<meta property=\"og:description\" content=\"Serenit\u00e0, appartiene alla serie dei momenti della giornata. Nello stile dell\u2019artista la figura \u00e8 definita da tratti scuri sfumati,\" \/>\n<meta property=\"og:url\" content=\"https:\/\/artnuances.com\/it\/artworks\/serenity\/\" \/>\n<meta property=\"og:site_name\" content=\"Artnuances - Art gallery online\" \/>\n<meta property=\"article:publisher\" content=\"https:\/\/www.facebook.com\/studioartnuances\/\" \/>\n<meta property=\"article:modified_time\" content=\"2024-04-04T09:11:22+00:00\" \/>\n<meta property=\"og:image\" content=\"https:\/\/artnuances.com\/wp-content\/uploads\/2021\/05\/Serenity-anb-scaled.jpg\" \/>\n\t<meta property=\"og:image:width\" content=\"1783\" \/>\n\t<meta property=\"og:image:height\" content=\"2560\" \/>\n\t<meta property=\"og:image:type\" content=\"image\/jpeg\" \/>\n<meta name=\"twitter:card\" content=\"summary_large_image\" \/>\n<meta name=\"twitter:label1\" content=\"Tempo di lettura stimato\" \/>\n\t<meta name=\"twitter:data1\" content=\"1 minuto\" \/>\n<script type=\"application\/ld+json\" class=\"yoast-schema-graph\">{\"@context\":\"https:\\\/\\\/schema.org\",\"@graph\":[{\"@type\":\"WebPage\",\"@id\":\"https:\\\/\\\/artnuances.com\\\/it\\\/artworks\\\/serenity\\\/\",\"url\":\"https:\\\/\\\/artnuances.com\\\/it\\\/artworks\\\/serenity\\\/\",\"name\":\"Serenity - Oleksandr Serdiuk- Artnuances - Art gallery online\",\"isPartOf\":{\"@id\":\"https:\\\/\\\/artnuances.com\\\/it\\\/#website\"},\"primaryImageOfPage\":{\"@id\":\"https:\\\/\\\/artnuances.com\\\/it\\\/artworks\\\/serenity\\\/#primaryimage\"},\"image\":{\"@id\":\"https:\\\/\\\/artnuances.com\\\/it\\\/artworks\\\/serenity\\\/#primaryimage\"},\"thumbnailUrl\":\"https:\\\/\\\/artnuances.com\\\/wp-content\\\/uploads\\\/2021\\\/05\\\/Serenity-anb-scaled.jpg\",\"datePublished\":\"2021-05-20T09:58:41+00:00\",\"dateModified\":\"2024-04-04T09:11:22+00:00\",\"description\":\"Serenit\u00e0, appartiene alla serie dei momenti della giornata. Nello stile dell\u2019artista la figura \u00e8 definita da tratti scuri sfumati,\",\"breadcrumb\":{\"@id\":\"https:\\\/\\\/artnuances.com\\\/it\\\/artworks\\\/serenity\\\/#breadcrumb\"},\"inLanguage\":\"it-IT\",\"potentialAction\":[{\"@type\":\"ReadAction\",\"target\":[\"https:\\\/\\\/artnuances.com\\\/it\\\/artworks\\\/serenity\\\/\"]}]},{\"@type\":\"ImageObject\",\"inLanguage\":\"it-IT\",\"@id\":\"https:\\\/\\\/artnuances.com\\\/it\\\/artworks\\\/serenity\\\/#primaryimage\",\"url\":\"https:\\\/\\\/artnuances.com\\\/wp-content\\\/uploads\\\/2021\\\/05\\\/Serenity-anb-scaled.jpg\",\"contentUrl\":\"https:\\\/\\\/artnuances.com\\\/wp-content\\\/uploads\\\/2021\\\/05\\\/Serenity-anb-scaled.jpg\",\"width\":1783,\"height\":2560,\"caption\":\"Serenity\"},{\"@type\":\"BreadcrumbList\",\"@id\":\"https:\\\/\\\/artnuances.com\\\/it\\\/artworks\\\/serenity\\\/#breadcrumb\",\"itemListElement\":[{\"@type\":\"ListItem\",\"position\":1,\"name\":\"Home\",\"item\":\"https:\\\/\\\/artnuances.com\\\/it\\\/\"},{\"@type\":\"ListItem\",\"position\":2,\"name\":\"Shop online\",\"item\":\"https:\\\/\\\/artnuances.com\\\/it\\\/shop-online-galleria-darte-artnuances\\\/\"},{\"@type\":\"ListItem\",\"position\":3,\"name\":\"Serenity\"}]},{\"@type\":\"WebSite\",\"@id\":\"https:\\\/\\\/artnuances.com\\\/it\\\/#website\",\"url\":\"https:\\\/\\\/artnuances.com\\\/it\\\/\",\"name\":\"Artnuances - Art gallery online\",\"description\":\"Artnuances Gallery\",\"publisher\":{\"@id\":\"https:\\\/\\\/artnuances.com\\\/it\\\/#organization\"},\"potentialAction\":[{\"@type\":\"SearchAction\",\"target\":{\"@type\":\"EntryPoint\",\"urlTemplate\":\"https:\\\/\\\/artnuances.com\\\/it\\\/?s={search_term_string}\"},\"query-input\":{\"@type\":\"PropertyValueSpecification\",\"valueRequired\":true,\"valueName\":\"search_term_string\"}}],\"inLanguage\":\"it-IT\"},{\"@type\":\"Organization\",\"@id\":\"https:\\\/\\\/artnuances.com\\\/it\\\/#organization\",\"name\":\"Studio Artnuances LTD\",\"url\":\"https:\\\/\\\/artnuances.com\\\/it\\\/\",\"logo\":{\"@type\":\"ImageObject\",\"inLanguage\":\"it-IT\",\"@id\":\"https:\\\/\\\/artnuances.com\\\/it\\\/#\\\/schema\\\/logo\\\/image\\\/\",\"url\":\"https:\\\/\\\/artnuances.com\\\/wp-content\\\/uploads\\\/2019\\\/09\\\/artnuanse.png\",\"contentUrl\":\"https:\\\/\\\/artnuances.com\\\/wp-content\\\/uploads\\\/2019\\\/09\\\/artnuanse.png\",\"width\":622,\"height\":622,\"caption\":\"Studio Artnuances LTD\"},\"image\":{\"@id\":\"https:\\\/\\\/artnuances.com\\\/it\\\/#\\\/schema\\\/logo\\\/image\\\/\"},\"sameAs\":[\"https:\\\/\\\/www.facebook.com\\\/studioartnuances\\\/\",\"https:\\\/\\\/www.instagram.com\\\/studioartnuances\\\/\",\"https:\\\/\\\/www.youtube.com\\\/channel\\\/UCoU2Nb_B-2BOiDcO292sggg\"]}]}<\/script>\n<!-- \/ Yoast SEO plugin. -->","yoast_head_json":{"title":"Serenity - Oleksandr Serdiuk- Artnuances - Art gallery online","description":"Serenit\u00e0, appartiene alla serie dei momenti della giornata. Nello stile dell\u2019artista la figura \u00e8 definita da tratti scuri sfumati,","robots":{"index":"index","follow":"follow","max-snippet":"max-snippet:-1","max-image-preview":"max-image-preview:large","max-video-preview":"max-video-preview:-1"},"canonical":"https:\/\/artnuances.com\/it\/artworks\/serenity\/","og_locale":"it_IT","og_type":"article","og_title":"Serenity - Oleksandr Serdiuk- Artnuances - Art gallery online","og_description":"Serenit\u00e0, appartiene alla serie dei momenti della giornata. Nello stile dell\u2019artista la figura \u00e8 definita da tratti scuri sfumati,","og_url":"https:\/\/artnuances.com\/it\/artworks\/serenity\/","og_site_name":"Artnuances - Art gallery online","article_publisher":"https:\/\/www.facebook.com\/studioartnuances\/","article_modified_time":"2024-04-04T09:11:22+00:00","og_image":[{"width":1783,"height":2560,"url":"https:\/\/artnuances.com\/wp-content\/uploads\/2021\/05\/Serenity-anb-scaled.jpg","type":"image\/jpeg"}],"twitter_card":"summary_large_image","twitter_misc":{"Tempo di lettura stimato":"1 minuto"},"schema":{"@context":"https:\/\/schema.org","@graph":[{"@type":"WebPage","@id":"https:\/\/artnuances.com\/it\/artworks\/serenity\/","url":"https:\/\/artnuances.com\/it\/artworks\/serenity\/","name":"Serenity - Oleksandr Serdiuk- Artnuances - Art gallery online","isPartOf":{"@id":"https:\/\/artnuances.com\/it\/#website"},"primaryImageOfPage":{"@id":"https:\/\/artnuances.com\/it\/artworks\/serenity\/#primaryimage"},"image":{"@id":"https:\/\/artnuances.com\/it\/artworks\/serenity\/#primaryimage"},"thumbnailUrl":"https:\/\/artnuances.com\/wp-content\/uploads\/2021\/05\/Serenity-anb-scaled.jpg","datePublished":"2021-05-20T09:58:41+00:00","dateModified":"2024-04-04T09:11:22+00:00","description":"Serenit\u00e0, appartiene alla serie dei momenti della giornata. Nello stile dell\u2019artista la figura \u00e8 definita da tratti scuri sfumati,","breadcrumb":{"@id":"https:\/\/artnuances.com\/it\/artworks\/serenity\/#breadcrumb"},"inLanguage":"it-IT","potentialAction":[{"@type":"ReadAction","target":["https:\/\/artnuances.com\/it\/artworks\/serenity\/"]}]},{"@type":"ImageObject","inLanguage":"it-IT","@id":"https:\/\/artnuances.com\/it\/artworks\/serenity\/#primaryimage","url":"https:\/\/artnuances.com\/wp-content\/uploads\/2021\/05\/Serenity-anb-scaled.jpg","contentUrl":"https:\/\/artnuances.com\/wp-content\/uploads\/2021\/05\/Serenity-anb-scaled.jpg","width":1783,"height":2560,"caption":"Serenity"},{"@type":"BreadcrumbList","@id":"https:\/\/artnuances.com\/it\/artworks\/serenity\/#breadcrumb","itemListElement":[{"@type":"ListItem","position":1,"name":"Home","item":"https:\/\/artnuances.com\/it\/"},{"@type":"ListItem","position":2,"name":"Shop online","item":"https:\/\/artnuances.com\/it\/shop-online-galleria-darte-artnuances\/"},{"@type":"ListItem","position":3,"name":"Serenity"}]},{"@type":"WebSite","@id":"https:\/\/artnuances.com\/it\/#website","url":"https:\/\/artnuances.com\/it\/","name":"Artnuances - Art gallery online","description":"Artnuances Gallery","publisher":{"@id":"https:\/\/artnuances.com\/it\/#organization"},"potentialAction":[{"@type":"SearchAction","target":{"@type":"EntryPoint","urlTemplate":"https:\/\/artnuances.com\/it\/?s={search_term_string}"},"query-input":{"@type":"PropertyValueSpecification","valueRequired":true,"valueName":"search_term_string"}}],"inLanguage":"it-IT"},{"@type":"Organization","@id":"https:\/\/artnuances.com\/it\/#organization","name":"Studio Artnuances LTD","url":"https:\/\/artnuances.com\/it\/","logo":{"@type":"ImageObject","inLanguage":"it-IT","@id":"https:\/\/artnuances.com\/it\/#\/schema\/logo\/image\/","url":"https:\/\/artnuances.com\/wp-content\/uploads\/2019\/09\/artnuanse.png","contentUrl":"https:\/\/artnuances.com\/wp-content\/uploads\/2019\/09\/artnuanse.png","width":622,"height":622,"caption":"Studio Artnuances LTD"},"image":{"@id":"https:\/\/artnuances.com\/it\/#\/schema\/logo\/image\/"},"sameAs":["https:\/\/www.facebook.com\/studioartnuances\/","https:\/\/www.instagram.com\/studioartnuances\/","https:\/\/www.youtube.com\/channel\/UCoU2Nb_B-2BOiDcO292sggg"]}]}},"_links":{"self":[{"href":"https:\/\/artnuances.com\/it\/wp-json\/wp\/v2\/product\/31438","targetHints":{"allow":["GET"]}}],"collection":[{"href":"https:\/\/artnuances.com\/it\/wp-json\/wp\/v2\/product"}],"about":[{"href":"https:\/\/artnuances.com\/it\/wp-json\/wp\/v2\/types\/product"}],"replies":[{"embeddable":true,"href":"https:\/\/artnuances.com\/it\/wp-json\/wp\/v2\/comments?post=31438"}],"wp:featuredmedia":[{"embeddable":true,"href":"https:\/\/artnuances.com\/it\/wp-json\/wp\/v2\/media\/31437"}],"wp:attachment":[{"href":"https:\/\/artnuances.com\/it\/wp-json\/wp\/v2\/media?parent=31438"}],"wp:term":[{"taxonomy":"product_brand","embeddable":true,"href":"https:\/\/artnuances.com\/it\/wp-json\/wp\/v2\/product_brand?post=31438"},{"taxonomy":"product_cat","embeddable":true,"href":"https:\/\/artnuances.com\/it\/wp-json\/wp\/v2\/product_cat?post=31438"},{"taxonomy":"product_tag","embeddable":true,"href":"https:\/\/artnuances.com\/it\/wp-json\/wp\/v2\/product_tag?post=31438"}],"curies":[{"name":"wp","href":"https:\/\/api.w.org\/{rel}","templated":true}]}}