{"id":30782,"date":"2021-03-16T17:08:19","date_gmt":"2021-03-16T17:08:20","guid":{"rendered":"https:\/\/www.artnuances-com-717041.hostingersite.com\/?post_type=product&#038;p=30782"},"modified":"2023-05-10T09:18:51","modified_gmt":"2023-05-10T09:18:51","slug":"addio","status":"publish","type":"product","link":"https:\/\/artnuances.com\/it\/artworks\/addio\/","title":{"rendered":"Addio"},"content":{"rendered":"<h1><em><strong>Addio, \u00e8 un lavoro di <a href=\"https:\/\/artnuances.com\/authors\/elena-prokhorova\/\">Elena Prokhorova<\/a><\/strong><\/em><\/h1>\n<h3>Un\u2019atmosfera triste pervade quest\u2019opera, la fanciulla sul ponte di una nave, mentre \u00e8 sferzata dal vento, osserva la citt\u00e0 che sta lasciando. Tutto lascia presagire come l\u2019artista, abbia voluto ritrarre il suo sentimento vissuto in un momento della sua vita. La citt\u00e0 \u00e8 tristemente vuota, nessuno che la saluta, anche se le tonalit\u00e0 sono fresche ed i gabbiani nel cielo, danno comunque un senso di tranquillit\u00e0. Rimane sospesa questa vena di tristezza.<\/h3>\n<h3><\/h3>\n","protected":false},"excerpt":{"rendered":"<p>&nbsp;<\/p>\n<p>&nbsp;<\/p>\n","protected":false},"featured_media":30751,"comment_status":"closed","ping_status":"closed","template":"","meta":{"_acf_changed":false},"product_brand":[215],"product_cat":[116,127],"product_tag":[],"class_list":{"0":"post-30782","1":"product","2":"type-product","3":"status-publish","4":"has-post-thumbnail","6":"product_brand-elena-prokhorova-it","7":"product_cat-dipinti","8":"product_cat-immaginario","10":"first","11":"instock","12":"featured","13":"purchasable","14":"product-type-simple"},"acf":[],"yoast_head":"<!-- This site is optimized with the Yoast SEO plugin v27.3 - https:\/\/yoast.com\/product\/yoast-seo-wordpress\/ -->\n<title>Addio - Elena Prokhorova- Artnuances Gallery<\/title>\n<meta name=\"description\" content=\"Addio. Un\u2019atmosfera triste pervade quest\u2019opera, la fanciulla sul ponte di una nave, mentre \u00e8 sferzata dal vento, osserva la citt\u00e0 che sta lasciando\" \/>\n<meta name=\"robots\" content=\"index, follow, max-snippet:-1, max-image-preview:large, max-video-preview:-1\" \/>\n<link rel=\"canonical\" href=\"https:\/\/artnuances.com\/it\/artworks\/addio\/\" \/>\n<meta property=\"og:locale\" content=\"it_IT\" \/>\n<meta property=\"og:type\" content=\"article\" \/>\n<meta property=\"og:title\" content=\"Addio - Elena Prokhorova- Artnuances Gallery\" \/>\n<meta property=\"og:description\" content=\"Addio. Un\u2019atmosfera triste pervade quest\u2019opera, la fanciulla sul ponte di una nave, mentre \u00e8 sferzata dal vento, osserva la citt\u00e0 che sta lasciando\" \/>\n<meta property=\"og:url\" content=\"https:\/\/artnuances.com\/it\/artworks\/addio\/\" \/>\n<meta property=\"og:site_name\" content=\"Artnuances - Art gallery online\" \/>\n<meta property=\"article:publisher\" content=\"https:\/\/www.facebook.com\/studioartnuances\/\" \/>\n<meta property=\"article:modified_time\" content=\"2023-05-10T09:18:51+00:00\" \/>\n<meta property=\"og:image\" content=\"https:\/\/artnuances.com\/wp-content\/uploads\/2021\/03\/adio-an-scaled.jpg\" \/>\n\t<meta property=\"og:image:width\" content=\"913\" \/>\n\t<meta property=\"og:image:height\" content=\"2560\" \/>\n\t<meta property=\"og:image:type\" content=\"image\/jpeg\" \/>\n<meta name=\"twitter:card\" content=\"summary_large_image\" \/>\n<script type=\"application\/ld+json\" class=\"yoast-schema-graph\">{\"@context\":\"https:\\\/\\\/schema.org\",\"@graph\":[{\"@type\":\"WebPage\",\"@id\":\"https:\\\/\\\/artnuances.com\\\/it\\\/artworks\\\/addio\\\/\",\"url\":\"https:\\\/\\\/artnuances.com\\\/it\\\/artworks\\\/addio\\\/\",\"name\":\"Addio - Elena Prokhorova- Artnuances Gallery\",\"isPartOf\":{\"@id\":\"https:\\\/\\\/artnuances.com\\\/it\\\/#website\"},\"primaryImageOfPage\":{\"@id\":\"https:\\\/\\\/artnuances.com\\\/it\\\/artworks\\\/addio\\\/#primaryimage\"},\"image\":{\"@id\":\"https:\\\/\\\/artnuances.com\\\/it\\\/artworks\\\/addio\\\/#primaryimage\"},\"thumbnailUrl\":\"https:\\\/\\\/artnuances.com\\\/wp-content\\\/uploads\\\/2021\\\/03\\\/adio-an-scaled.jpg\",\"datePublished\":\"2021-03-16T17:08:20+00:00\",\"dateModified\":\"2023-05-10T09:18:51+00:00\",\"description\":\"Addio. Un\u2019atmosfera triste pervade quest\u2019opera, la fanciulla sul ponte di una nave, mentre \u00e8 sferzata dal vento, osserva la citt\u00e0 che sta lasciando\",\"breadcrumb\":{\"@id\":\"https:\\\/\\\/artnuances.com\\\/it\\\/artworks\\\/addio\\\/#breadcrumb\"},\"inLanguage\":\"it-IT\",\"potentialAction\":[{\"@type\":\"ReadAction\",\"target\":[\"https:\\\/\\\/artnuances.com\\\/it\\\/artworks\\\/addio\\\/\"]}]},{\"@type\":\"ImageObject\",\"inLanguage\":\"it-IT\",\"@id\":\"https:\\\/\\\/artnuances.com\\\/it\\\/artworks\\\/addio\\\/#primaryimage\",\"url\":\"https:\\\/\\\/artnuances.com\\\/wp-content\\\/uploads\\\/2021\\\/03\\\/adio-an-scaled.jpg\",\"contentUrl\":\"https:\\\/\\\/artnuances.com\\\/wp-content\\\/uploads\\\/2021\\\/03\\\/adio-an-scaled.jpg\",\"width\":913,\"height\":2560,\"caption\":\"Adio\"},{\"@type\":\"BreadcrumbList\",\"@id\":\"https:\\\/\\\/artnuances.com\\\/it\\\/artworks\\\/addio\\\/#breadcrumb\",\"itemListElement\":[{\"@type\":\"ListItem\",\"position\":1,\"name\":\"Home\",\"item\":\"https:\\\/\\\/artnuances.com\\\/it\\\/\"},{\"@type\":\"ListItem\",\"position\":2,\"name\":\"Shop online\",\"item\":\"https:\\\/\\\/artnuances.com\\\/it\\\/shop-online-galleria-darte-artnuances\\\/\"},{\"@type\":\"ListItem\",\"position\":3,\"name\":\"Addio\"}]},{\"@type\":\"WebSite\",\"@id\":\"https:\\\/\\\/artnuances.com\\\/it\\\/#website\",\"url\":\"https:\\\/\\\/artnuances.com\\\/it\\\/\",\"name\":\"Artnuances - Art gallery online\",\"description\":\"Artnuances Gallery\",\"publisher\":{\"@id\":\"https:\\\/\\\/artnuances.com\\\/it\\\/#organization\"},\"potentialAction\":[{\"@type\":\"SearchAction\",\"target\":{\"@type\":\"EntryPoint\",\"urlTemplate\":\"https:\\\/\\\/artnuances.com\\\/it\\\/?s={search_term_string}\"},\"query-input\":{\"@type\":\"PropertyValueSpecification\",\"valueRequired\":true,\"valueName\":\"search_term_string\"}}],\"inLanguage\":\"it-IT\"},{\"@type\":\"Organization\",\"@id\":\"https:\\\/\\\/artnuances.com\\\/it\\\/#organization\",\"name\":\"Studio Artnuances LTD\",\"url\":\"https:\\\/\\\/artnuances.com\\\/it\\\/\",\"logo\":{\"@type\":\"ImageObject\",\"inLanguage\":\"it-IT\",\"@id\":\"https:\\\/\\\/artnuances.com\\\/it\\\/#\\\/schema\\\/logo\\\/image\\\/\",\"url\":\"https:\\\/\\\/artnuances.com\\\/wp-content\\\/uploads\\\/2019\\\/09\\\/artnuanse.png\",\"contentUrl\":\"https:\\\/\\\/artnuances.com\\\/wp-content\\\/uploads\\\/2019\\\/09\\\/artnuanse.png\",\"width\":622,\"height\":622,\"caption\":\"Studio Artnuances LTD\"},\"image\":{\"@id\":\"https:\\\/\\\/artnuances.com\\\/it\\\/#\\\/schema\\\/logo\\\/image\\\/\"},\"sameAs\":[\"https:\\\/\\\/www.facebook.com\\\/studioartnuances\\\/\",\"https:\\\/\\\/www.instagram.com\\\/studioartnuances\\\/\",\"https:\\\/\\\/www.youtube.com\\\/channel\\\/UCoU2Nb_B-2BOiDcO292sggg\"]}]}<\/script>\n<!-- \/ Yoast SEO plugin. -->","yoast_head_json":{"title":"Addio - Elena Prokhorova- Artnuances Gallery","description":"Addio. Un\u2019atmosfera triste pervade quest\u2019opera, la fanciulla sul ponte di una nave, mentre \u00e8 sferzata dal vento, osserva la citt\u00e0 che sta lasciando","robots":{"index":"index","follow":"follow","max-snippet":"max-snippet:-1","max-image-preview":"max-image-preview:large","max-video-preview":"max-video-preview:-1"},"canonical":"https:\/\/artnuances.com\/it\/artworks\/addio\/","og_locale":"it_IT","og_type":"article","og_title":"Addio - Elena Prokhorova- Artnuances Gallery","og_description":"Addio. Un\u2019atmosfera triste pervade quest\u2019opera, la fanciulla sul ponte di una nave, mentre \u00e8 sferzata dal vento, osserva la citt\u00e0 che sta lasciando","og_url":"https:\/\/artnuances.com\/it\/artworks\/addio\/","og_site_name":"Artnuances - Art gallery online","article_publisher":"https:\/\/www.facebook.com\/studioartnuances\/","article_modified_time":"2023-05-10T09:18:51+00:00","og_image":[{"width":913,"height":2560,"url":"https:\/\/artnuances.com\/wp-content\/uploads\/2021\/03\/adio-an-scaled.jpg","type":"image\/jpeg"}],"twitter_card":"summary_large_image","schema":{"@context":"https:\/\/schema.org","@graph":[{"@type":"WebPage","@id":"https:\/\/artnuances.com\/it\/artworks\/addio\/","url":"https:\/\/artnuances.com\/it\/artworks\/addio\/","name":"Addio - Elena Prokhorova- Artnuances Gallery","isPartOf":{"@id":"https:\/\/artnuances.com\/it\/#website"},"primaryImageOfPage":{"@id":"https:\/\/artnuances.com\/it\/artworks\/addio\/#primaryimage"},"image":{"@id":"https:\/\/artnuances.com\/it\/artworks\/addio\/#primaryimage"},"thumbnailUrl":"https:\/\/artnuances.com\/wp-content\/uploads\/2021\/03\/adio-an-scaled.jpg","datePublished":"2021-03-16T17:08:20+00:00","dateModified":"2023-05-10T09:18:51+00:00","description":"Addio. Un\u2019atmosfera triste pervade quest\u2019opera, la fanciulla sul ponte di una nave, mentre \u00e8 sferzata dal vento, osserva la citt\u00e0 che sta lasciando","breadcrumb":{"@id":"https:\/\/artnuances.com\/it\/artworks\/addio\/#breadcrumb"},"inLanguage":"it-IT","potentialAction":[{"@type":"ReadAction","target":["https:\/\/artnuances.com\/it\/artworks\/addio\/"]}]},{"@type":"ImageObject","inLanguage":"it-IT","@id":"https:\/\/artnuances.com\/it\/artworks\/addio\/#primaryimage","url":"https:\/\/artnuances.com\/wp-content\/uploads\/2021\/03\/adio-an-scaled.jpg","contentUrl":"https:\/\/artnuances.com\/wp-content\/uploads\/2021\/03\/adio-an-scaled.jpg","width":913,"height":2560,"caption":"Adio"},{"@type":"BreadcrumbList","@id":"https:\/\/artnuances.com\/it\/artworks\/addio\/#breadcrumb","itemListElement":[{"@type":"ListItem","position":1,"name":"Home","item":"https:\/\/artnuances.com\/it\/"},{"@type":"ListItem","position":2,"name":"Shop online","item":"https:\/\/artnuances.com\/it\/shop-online-galleria-darte-artnuances\/"},{"@type":"ListItem","position":3,"name":"Addio"}]},{"@type":"WebSite","@id":"https:\/\/artnuances.com\/it\/#website","url":"https:\/\/artnuances.com\/it\/","name":"Artnuances - Art gallery online","description":"Artnuances Gallery","publisher":{"@id":"https:\/\/artnuances.com\/it\/#organization"},"potentialAction":[{"@type":"SearchAction","target":{"@type":"EntryPoint","urlTemplate":"https:\/\/artnuances.com\/it\/?s={search_term_string}"},"query-input":{"@type":"PropertyValueSpecification","valueRequired":true,"valueName":"search_term_string"}}],"inLanguage":"it-IT"},{"@type":"Organization","@id":"https:\/\/artnuances.com\/it\/#organization","name":"Studio Artnuances LTD","url":"https:\/\/artnuances.com\/it\/","logo":{"@type":"ImageObject","inLanguage":"it-IT","@id":"https:\/\/artnuances.com\/it\/#\/schema\/logo\/image\/","url":"https:\/\/artnuances.com\/wp-content\/uploads\/2019\/09\/artnuanse.png","contentUrl":"https:\/\/artnuances.com\/wp-content\/uploads\/2019\/09\/artnuanse.png","width":622,"height":622,"caption":"Studio Artnuances LTD"},"image":{"@id":"https:\/\/artnuances.com\/it\/#\/schema\/logo\/image\/"},"sameAs":["https:\/\/www.facebook.com\/studioartnuances\/","https:\/\/www.instagram.com\/studioartnuances\/","https:\/\/www.youtube.com\/channel\/UCoU2Nb_B-2BOiDcO292sggg"]}]}},"_links":{"self":[{"href":"https:\/\/artnuances.com\/it\/wp-json\/wp\/v2\/product\/30782","targetHints":{"allow":["GET"]}}],"collection":[{"href":"https:\/\/artnuances.com\/it\/wp-json\/wp\/v2\/product"}],"about":[{"href":"https:\/\/artnuances.com\/it\/wp-json\/wp\/v2\/types\/product"}],"replies":[{"embeddable":true,"href":"https:\/\/artnuances.com\/it\/wp-json\/wp\/v2\/comments?post=30782"}],"wp:featuredmedia":[{"embeddable":true,"href":"https:\/\/artnuances.com\/it\/wp-json\/wp\/v2\/media\/30751"}],"wp:attachment":[{"href":"https:\/\/artnuances.com\/it\/wp-json\/wp\/v2\/media?parent=30782"}],"wp:term":[{"taxonomy":"product_brand","embeddable":true,"href":"https:\/\/artnuances.com\/it\/wp-json\/wp\/v2\/product_brand?post=30782"},{"taxonomy":"product_cat","embeddable":true,"href":"https:\/\/artnuances.com\/it\/wp-json\/wp\/v2\/product_cat?post=30782"},{"taxonomy":"product_tag","embeddable":true,"href":"https:\/\/artnuances.com\/it\/wp-json\/wp\/v2\/product_tag?post=30782"}],"curies":[{"name":"wp","href":"https:\/\/api.w.org\/{rel}","templated":true}]}}