{"id":30776,"date":"2021-03-16T15:04:33","date_gmt":"2021-03-16T15:04:34","guid":{"rendered":"https:\/\/www.artnuances-com-717041.hostingersite.com\/?post_type=product&#038;p=30776"},"modified":"2023-05-10T09:37:53","modified_gmt":"2023-05-10T09:37:53","slug":"moon-over-rome-elena-prokhorova","status":"publish","type":"product","link":"https:\/\/artnuances.com\/it\/artworks\/moon-over-rome-elena-prokhorova\/","title":{"rendered":"Moon over Rome"},"content":{"rendered":"<h1><em><strong>Moon over Rome, \u00e8 un lavoro di <a href=\"https:\/\/artnuances.com\/it\/authors\/elena-prokhorova-it\/\">Elena Prokhorova<\/a><\/strong><\/em><\/h1>\n<h3>Roma citt\u00e0 eterna. Non lo \u00e8 solo per la storia che l\u2019ha caratterizzata e l\u2019ha resa unica ed irripetibile in oltre 2000 anni di civilt\u00e0 dell\u2019uomo, ma \u00e8 da sempre stata fonte di ispirazione per artisti, poeti e scrittori. Moltissimi artisti anche stranieri, hanno dedicato centinaia di opere durante tutta la sua storia ed anche Elena ha voluto omaggiare con il suo stile questo luogo speciale.\u00a0 Le cupole in primo piano fanno da contraltare alla ben nota cupola della Basilica di San Pietro, centro della cristianit\u00e0 in occidente. Tutto \u00e8 avvolto da colori tenui, morbidi, dove la luce riflessa della luna si adagia sopra i tetti della citt\u00e0.<\/h3>\n<h3><\/h3>\n","protected":false},"excerpt":{"rendered":"<p>&nbsp;<\/p>\n<p>&nbsp;<\/p>\n","protected":false},"featured_media":30771,"comment_status":"closed","ping_status":"closed","template":"","meta":{"_acf_changed":false},"product_brand":[215],"product_cat":[116,131],"product_tag":[],"class_list":{"0":"post-30776","1":"product","2":"type-product","3":"status-publish","4":"has-post-thumbnail","6":"product_brand-elena-prokhorova-it","7":"product_cat-dipinti","8":"product_cat-scenografico","10":"first","11":"instock","12":"featured","13":"purchasable","14":"product-type-simple"},"acf":[],"yoast_head":"<!-- This site is optimized with the Yoast SEO plugin v27.3 - https:\/\/yoast.com\/product\/yoast-seo-wordpress\/ -->\n<title>Moon over Rome - Elena Prokhorova - Artnuances Gallery<\/title>\n<meta name=\"description\" content=\"Moon over Rome. Le cupole in primo piano contrastano con la celebre cupola della Basilica di San Pietro, centro della cristianit\u00e0\" \/>\n<meta name=\"robots\" content=\"index, follow, max-snippet:-1, max-image-preview:large, max-video-preview:-1\" \/>\n<link rel=\"canonical\" href=\"https:\/\/artnuances.com\/it\/artworks\/moon-over-rome-elena-prokhorova\/\" \/>\n<meta property=\"og:locale\" content=\"it_IT\" \/>\n<meta property=\"og:type\" content=\"article\" \/>\n<meta property=\"og:title\" content=\"Moon over Rome - Elena Prokhorova - Artnuances Gallery\" \/>\n<meta property=\"og:description\" content=\"Moon over Rome. Le cupole in primo piano contrastano con la celebre cupola della Basilica di San Pietro, centro della cristianit\u00e0\" \/>\n<meta property=\"og:url\" content=\"https:\/\/artnuances.com\/it\/artworks\/moon-over-rome-elena-prokhorova\/\" \/>\n<meta property=\"og:site_name\" content=\"Artnuances - Art gallery online\" \/>\n<meta property=\"article:publisher\" content=\"https:\/\/www.facebook.com\/studioartnuances\/\" \/>\n<meta property=\"article:modified_time\" content=\"2023-05-10T09:37:53+00:00\" \/>\n<meta property=\"og:image\" content=\"https:\/\/artnuances.com\/wp-content\/uploads\/2021\/03\/Moon-over-Rome-001-an.jpg\" \/>\n\t<meta property=\"og:image:width\" content=\"2020\" \/>\n\t<meta property=\"og:image:height\" content=\"1478\" \/>\n\t<meta property=\"og:image:type\" content=\"image\/jpeg\" \/>\n<meta name=\"twitter:card\" content=\"summary_large_image\" \/>\n<meta name=\"twitter:label1\" content=\"Tempo di lettura stimato\" \/>\n\t<meta name=\"twitter:data1\" content=\"1 minuto\" \/>\n<script type=\"application\/ld+json\" class=\"yoast-schema-graph\">{\"@context\":\"https:\\\/\\\/schema.org\",\"@graph\":[{\"@type\":\"WebPage\",\"@id\":\"https:\\\/\\\/artnuances.com\\\/it\\\/artworks\\\/moon-over-rome-elena-prokhorova\\\/\",\"url\":\"https:\\\/\\\/artnuances.com\\\/it\\\/artworks\\\/moon-over-rome-elena-prokhorova\\\/\",\"name\":\"Moon over Rome - Elena Prokhorova - Artnuances Gallery\",\"isPartOf\":{\"@id\":\"https:\\\/\\\/artnuances.com\\\/it\\\/#website\"},\"primaryImageOfPage\":{\"@id\":\"https:\\\/\\\/artnuances.com\\\/it\\\/artworks\\\/moon-over-rome-elena-prokhorova\\\/#primaryimage\"},\"image\":{\"@id\":\"https:\\\/\\\/artnuances.com\\\/it\\\/artworks\\\/moon-over-rome-elena-prokhorova\\\/#primaryimage\"},\"thumbnailUrl\":\"https:\\\/\\\/artnuances.com\\\/wp-content\\\/uploads\\\/2021\\\/03\\\/Moon-over-Rome-001-an.jpg\",\"datePublished\":\"2021-03-16T15:04:34+00:00\",\"dateModified\":\"2023-05-10T09:37:53+00:00\",\"description\":\"Moon over Rome. Le cupole in primo piano contrastano con la celebre cupola della Basilica di San Pietro, centro della cristianit\u00e0\",\"breadcrumb\":{\"@id\":\"https:\\\/\\\/artnuances.com\\\/it\\\/artworks\\\/moon-over-rome-elena-prokhorova\\\/#breadcrumb\"},\"inLanguage\":\"it-IT\",\"potentialAction\":[{\"@type\":\"ReadAction\",\"target\":[\"https:\\\/\\\/artnuances.com\\\/it\\\/artworks\\\/moon-over-rome-elena-prokhorova\\\/\"]}]},{\"@type\":\"ImageObject\",\"inLanguage\":\"it-IT\",\"@id\":\"https:\\\/\\\/artnuances.com\\\/it\\\/artworks\\\/moon-over-rome-elena-prokhorova\\\/#primaryimage\",\"url\":\"https:\\\/\\\/artnuances.com\\\/wp-content\\\/uploads\\\/2021\\\/03\\\/Moon-over-Rome-001-an.jpg\",\"contentUrl\":\"https:\\\/\\\/artnuances.com\\\/wp-content\\\/uploads\\\/2021\\\/03\\\/Moon-over-Rome-001-an.jpg\",\"width\":2020,\"height\":1478,\"caption\":\"Moon over Rome 001 an\"},{\"@type\":\"BreadcrumbList\",\"@id\":\"https:\\\/\\\/artnuances.com\\\/it\\\/artworks\\\/moon-over-rome-elena-prokhorova\\\/#breadcrumb\",\"itemListElement\":[{\"@type\":\"ListItem\",\"position\":1,\"name\":\"Home\",\"item\":\"https:\\\/\\\/artnuances.com\\\/it\\\/\"},{\"@type\":\"ListItem\",\"position\":2,\"name\":\"Shop online\",\"item\":\"https:\\\/\\\/artnuances.com\\\/it\\\/shop-online-galleria-darte-artnuances\\\/\"},{\"@type\":\"ListItem\",\"position\":3,\"name\":\"Moon over Rome\"}]},{\"@type\":\"WebSite\",\"@id\":\"https:\\\/\\\/artnuances.com\\\/it\\\/#website\",\"url\":\"https:\\\/\\\/artnuances.com\\\/it\\\/\",\"name\":\"Artnuances - Art gallery online\",\"description\":\"Artnuances Gallery\",\"publisher\":{\"@id\":\"https:\\\/\\\/artnuances.com\\\/it\\\/#organization\"},\"potentialAction\":[{\"@type\":\"SearchAction\",\"target\":{\"@type\":\"EntryPoint\",\"urlTemplate\":\"https:\\\/\\\/artnuances.com\\\/it\\\/?s={search_term_string}\"},\"query-input\":{\"@type\":\"PropertyValueSpecification\",\"valueRequired\":true,\"valueName\":\"search_term_string\"}}],\"inLanguage\":\"it-IT\"},{\"@type\":\"Organization\",\"@id\":\"https:\\\/\\\/artnuances.com\\\/it\\\/#organization\",\"name\":\"Studio Artnuances LTD\",\"url\":\"https:\\\/\\\/artnuances.com\\\/it\\\/\",\"logo\":{\"@type\":\"ImageObject\",\"inLanguage\":\"it-IT\",\"@id\":\"https:\\\/\\\/artnuances.com\\\/it\\\/#\\\/schema\\\/logo\\\/image\\\/\",\"url\":\"https:\\\/\\\/artnuances.com\\\/wp-content\\\/uploads\\\/2019\\\/09\\\/artnuanse.png\",\"contentUrl\":\"https:\\\/\\\/artnuances.com\\\/wp-content\\\/uploads\\\/2019\\\/09\\\/artnuanse.png\",\"width\":622,\"height\":622,\"caption\":\"Studio Artnuances LTD\"},\"image\":{\"@id\":\"https:\\\/\\\/artnuances.com\\\/it\\\/#\\\/schema\\\/logo\\\/image\\\/\"},\"sameAs\":[\"https:\\\/\\\/www.facebook.com\\\/studioartnuances\\\/\",\"https:\\\/\\\/www.instagram.com\\\/studioartnuances\\\/\",\"https:\\\/\\\/www.youtube.com\\\/channel\\\/UCoU2Nb_B-2BOiDcO292sggg\"]}]}<\/script>\n<!-- \/ Yoast SEO plugin. -->","yoast_head_json":{"title":"Moon over Rome - Elena Prokhorova - Artnuances Gallery","description":"Moon over Rome. Le cupole in primo piano contrastano con la celebre cupola della Basilica di San Pietro, centro della cristianit\u00e0","robots":{"index":"index","follow":"follow","max-snippet":"max-snippet:-1","max-image-preview":"max-image-preview:large","max-video-preview":"max-video-preview:-1"},"canonical":"https:\/\/artnuances.com\/it\/artworks\/moon-over-rome-elena-prokhorova\/","og_locale":"it_IT","og_type":"article","og_title":"Moon over Rome - Elena Prokhorova - Artnuances Gallery","og_description":"Moon over Rome. Le cupole in primo piano contrastano con la celebre cupola della Basilica di San Pietro, centro della cristianit\u00e0","og_url":"https:\/\/artnuances.com\/it\/artworks\/moon-over-rome-elena-prokhorova\/","og_site_name":"Artnuances - Art gallery online","article_publisher":"https:\/\/www.facebook.com\/studioartnuances\/","article_modified_time":"2023-05-10T09:37:53+00:00","og_image":[{"width":2020,"height":1478,"url":"https:\/\/artnuances.com\/wp-content\/uploads\/2021\/03\/Moon-over-Rome-001-an.jpg","type":"image\/jpeg"}],"twitter_card":"summary_large_image","twitter_misc":{"Tempo di lettura stimato":"1 minuto"},"schema":{"@context":"https:\/\/schema.org","@graph":[{"@type":"WebPage","@id":"https:\/\/artnuances.com\/it\/artworks\/moon-over-rome-elena-prokhorova\/","url":"https:\/\/artnuances.com\/it\/artworks\/moon-over-rome-elena-prokhorova\/","name":"Moon over Rome - Elena Prokhorova - Artnuances Gallery","isPartOf":{"@id":"https:\/\/artnuances.com\/it\/#website"},"primaryImageOfPage":{"@id":"https:\/\/artnuances.com\/it\/artworks\/moon-over-rome-elena-prokhorova\/#primaryimage"},"image":{"@id":"https:\/\/artnuances.com\/it\/artworks\/moon-over-rome-elena-prokhorova\/#primaryimage"},"thumbnailUrl":"https:\/\/artnuances.com\/wp-content\/uploads\/2021\/03\/Moon-over-Rome-001-an.jpg","datePublished":"2021-03-16T15:04:34+00:00","dateModified":"2023-05-10T09:37:53+00:00","description":"Moon over Rome. Le cupole in primo piano contrastano con la celebre cupola della Basilica di San Pietro, centro della cristianit\u00e0","breadcrumb":{"@id":"https:\/\/artnuances.com\/it\/artworks\/moon-over-rome-elena-prokhorova\/#breadcrumb"},"inLanguage":"it-IT","potentialAction":[{"@type":"ReadAction","target":["https:\/\/artnuances.com\/it\/artworks\/moon-over-rome-elena-prokhorova\/"]}]},{"@type":"ImageObject","inLanguage":"it-IT","@id":"https:\/\/artnuances.com\/it\/artworks\/moon-over-rome-elena-prokhorova\/#primaryimage","url":"https:\/\/artnuances.com\/wp-content\/uploads\/2021\/03\/Moon-over-Rome-001-an.jpg","contentUrl":"https:\/\/artnuances.com\/wp-content\/uploads\/2021\/03\/Moon-over-Rome-001-an.jpg","width":2020,"height":1478,"caption":"Moon over Rome 001 an"},{"@type":"BreadcrumbList","@id":"https:\/\/artnuances.com\/it\/artworks\/moon-over-rome-elena-prokhorova\/#breadcrumb","itemListElement":[{"@type":"ListItem","position":1,"name":"Home","item":"https:\/\/artnuances.com\/it\/"},{"@type":"ListItem","position":2,"name":"Shop online","item":"https:\/\/artnuances.com\/it\/shop-online-galleria-darte-artnuances\/"},{"@type":"ListItem","position":3,"name":"Moon over Rome"}]},{"@type":"WebSite","@id":"https:\/\/artnuances.com\/it\/#website","url":"https:\/\/artnuances.com\/it\/","name":"Artnuances - Art gallery online","description":"Artnuances Gallery","publisher":{"@id":"https:\/\/artnuances.com\/it\/#organization"},"potentialAction":[{"@type":"SearchAction","target":{"@type":"EntryPoint","urlTemplate":"https:\/\/artnuances.com\/it\/?s={search_term_string}"},"query-input":{"@type":"PropertyValueSpecification","valueRequired":true,"valueName":"search_term_string"}}],"inLanguage":"it-IT"},{"@type":"Organization","@id":"https:\/\/artnuances.com\/it\/#organization","name":"Studio Artnuances LTD","url":"https:\/\/artnuances.com\/it\/","logo":{"@type":"ImageObject","inLanguage":"it-IT","@id":"https:\/\/artnuances.com\/it\/#\/schema\/logo\/image\/","url":"https:\/\/artnuances.com\/wp-content\/uploads\/2019\/09\/artnuanse.png","contentUrl":"https:\/\/artnuances.com\/wp-content\/uploads\/2019\/09\/artnuanse.png","width":622,"height":622,"caption":"Studio Artnuances LTD"},"image":{"@id":"https:\/\/artnuances.com\/it\/#\/schema\/logo\/image\/"},"sameAs":["https:\/\/www.facebook.com\/studioartnuances\/","https:\/\/www.instagram.com\/studioartnuances\/","https:\/\/www.youtube.com\/channel\/UCoU2Nb_B-2BOiDcO292sggg"]}]}},"_links":{"self":[{"href":"https:\/\/artnuances.com\/it\/wp-json\/wp\/v2\/product\/30776","targetHints":{"allow":["GET"]}}],"collection":[{"href":"https:\/\/artnuances.com\/it\/wp-json\/wp\/v2\/product"}],"about":[{"href":"https:\/\/artnuances.com\/it\/wp-json\/wp\/v2\/types\/product"}],"replies":[{"embeddable":true,"href":"https:\/\/artnuances.com\/it\/wp-json\/wp\/v2\/comments?post=30776"}],"wp:featuredmedia":[{"embeddable":true,"href":"https:\/\/artnuances.com\/it\/wp-json\/wp\/v2\/media\/30771"}],"wp:attachment":[{"href":"https:\/\/artnuances.com\/it\/wp-json\/wp\/v2\/media?parent=30776"}],"wp:term":[{"taxonomy":"product_brand","embeddable":true,"href":"https:\/\/artnuances.com\/it\/wp-json\/wp\/v2\/product_brand?post=30776"},{"taxonomy":"product_cat","embeddable":true,"href":"https:\/\/artnuances.com\/it\/wp-json\/wp\/v2\/product_cat?post=30776"},{"taxonomy":"product_tag","embeddable":true,"href":"https:\/\/artnuances.com\/it\/wp-json\/wp\/v2\/product_tag?post=30776"}],"curies":[{"name":"wp","href":"https:\/\/api.w.org\/{rel}","templated":true}]}}