{"id":30652,"date":"2021-03-08T15:03:58","date_gmt":"2021-03-08T15:03:59","guid":{"rendered":"https:\/\/www.artnuances-com-717041.hostingersite.com\/?post_type=product&#038;p=30652"},"modified":"2023-05-19T09:23:42","modified_gmt":"2023-05-19T09:23:42","slug":"lighthouse-13-arundhati-pise","status":"publish","type":"product","link":"https:\/\/artnuances.com\/it\/artworks\/lighthouse-13-arundhati-pise\/","title":{"rendered":"LightHouse-13"},"content":{"rendered":"<section class=\"l-section wpb_row height_large\"><div class=\"l-section-h i-cf\"><div class=\"g-cols vc_row via_flex valign_top type_default stacking_default\"><div class=\"vc_col-sm-12 wpb_column vc_column_container\"><div class=\"vc_column-inner\"><div class=\"wpb_wrapper\"><div class=\"wpb_text_column\"><div class=\"wpb_wrapper\"><h1><em><strong>LightHouse-13, \u00e8 un lavoro di <a href=\"https:\/\/artnuances.com\/it\/authors\/arundhati-pise-it\/\">Arundhati Pise<\/a>.<\/strong><\/em><\/h1>\n<h3>Un faro, un mare gorgogliante, sotto di te, un cielo con lingue rosso fuoco sopra. Questo paesaggio \u00e8 una sintesi della filosofia artistica di Arundhati. L&#8217;uomo pu\u00f2 accettare solo ci\u00f2 che la natura dispone, ma pu\u00f2 anche apprezzare ci\u00f2 che la natura presenta. In questo dipinto c&#8217;\u00e8 l&#8217;ammirazione per un paesaggio dai colori forti, sottolineato dai passaggi di colore che con i suoi rilievi evidenziano le masse nuvolose, che risentono dei riflessi solari, nonch\u00e9 le onde spumeggianti di un mare profondo. Solo il faro di destra \u00e8 delineato e facilmente riconoscibile in questa grande esplosione di forme. Un eccellente esempio della tecnica e della sensibilit\u00e0 artistica di Arundhati.<\/h3>\n<\/div><\/div><\/div><\/div><\/div><\/div><\/div><\/section>\n","protected":false},"excerpt":{"rendered":"LightHouse-13, \u00e8 un lavoro di Arundhati Pise. Un faro, un mare gorgogliante, sotto di te, un cielo con lingue rosso fuoco sopra. Questo paesaggio \u00e8 una sintesi della filosofia artistica di Arundhati. L&#8217;uomo pu\u00f2 accettare solo ci\u00f2 che la natura dispone, ma pu\u00f2 anche apprezzare ci\u00f2 che la natura presenta. In questo dipinto c&#8217;\u00e8 l&#8217;ammirazione...","protected":false},"featured_media":30636,"comment_status":"closed","ping_status":"closed","template":"","meta":{"_acf_changed":false},"product_brand":[213],"product_cat":[116,128],"product_tag":[],"class_list":{"0":"post-30652","1":"product","2":"type-product","3":"status-publish","4":"has-post-thumbnail","6":"product_brand-arundhati-pise-it","7":"product_cat-dipinti","8":"product_cat-natura","9":"product_shipping_class-tube-it","11":"first","12":"instock","13":"featured","14":"taxable","15":"shipping-taxable","16":"purchasable","17":"product-type-simple"},"acf":[],"yoast_head":"<!-- This site is optimized with the Yoast SEO plugin v27.3 - https:\/\/yoast.com\/product\/yoast-seo-wordpress\/ -->\n<title>LightHouse-13 - Arundhati Pise - Artnuances - Art gallery online<\/title>\n<meta name=\"description\" content=\"Un faro, un mare gorgogliante, sotto di te, un cielo con lingue rosso fuoco sopra. Questo paesaggio \u00e8 una sintesi dell&#039;arte di Arundhati..\" \/>\n<meta name=\"robots\" content=\"index, follow, max-snippet:-1, max-image-preview:large, max-video-preview:-1\" \/>\n<link rel=\"canonical\" href=\"https:\/\/artnuances.com\/it\/artworks\/lighthouse-13-arundhati-pise\/\" \/>\n<meta property=\"og:locale\" content=\"it_IT\" \/>\n<meta property=\"og:type\" content=\"article\" \/>\n<meta property=\"og:title\" content=\"LightHouse-13 - Arundhati Pise - Artnuances - Art gallery online\" \/>\n<meta property=\"og:description\" content=\"Un faro, un mare gorgogliante, sotto di te, un cielo con lingue rosso fuoco sopra. Questo paesaggio \u00e8 una sintesi dell&#039;arte di Arundhati..\" \/>\n<meta property=\"og:url\" content=\"https:\/\/artnuances.com\/it\/artworks\/lighthouse-13-arundhati-pise\/\" \/>\n<meta property=\"og:site_name\" content=\"Artnuances - Art gallery online\" \/>\n<meta property=\"article:publisher\" content=\"https:\/\/www.facebook.com\/studioartnuances\/\" \/>\n<meta property=\"article:modified_time\" content=\"2023-05-19T09:23:42+00:00\" \/>\n<meta property=\"og:image\" content=\"https:\/\/artnuances.com\/wp-content\/uploads\/2021\/03\/LightHouse-13-an.jpg\" \/>\n\t<meta property=\"og:image:width\" content=\"2020\" \/>\n\t<meta property=\"og:image:height\" content=\"1995\" \/>\n\t<meta property=\"og:image:type\" content=\"image\/jpeg\" \/>\n<meta name=\"twitter:card\" content=\"summary_large_image\" \/>\n<meta name=\"twitter:label1\" content=\"Tempo di lettura stimato\" \/>\n\t<meta name=\"twitter:data1\" content=\"1 minuto\" \/>\n<script type=\"application\/ld+json\" class=\"yoast-schema-graph\">{\"@context\":\"https:\\\/\\\/schema.org\",\"@graph\":[{\"@type\":\"WebPage\",\"@id\":\"https:\\\/\\\/artnuances.com\\\/it\\\/artworks\\\/lighthouse-13-arundhati-pise\\\/\",\"url\":\"https:\\\/\\\/artnuances.com\\\/it\\\/artworks\\\/lighthouse-13-arundhati-pise\\\/\",\"name\":\"LightHouse-13 - Arundhati Pise - Artnuances - Art gallery online\",\"isPartOf\":{\"@id\":\"https:\\\/\\\/artnuances.com\\\/it\\\/#website\"},\"primaryImageOfPage\":{\"@id\":\"https:\\\/\\\/artnuances.com\\\/it\\\/artworks\\\/lighthouse-13-arundhati-pise\\\/#primaryimage\"},\"image\":{\"@id\":\"https:\\\/\\\/artnuances.com\\\/it\\\/artworks\\\/lighthouse-13-arundhati-pise\\\/#primaryimage\"},\"thumbnailUrl\":\"https:\\\/\\\/artnuances.com\\\/wp-content\\\/uploads\\\/2021\\\/03\\\/LightHouse-13-an.jpg\",\"datePublished\":\"2021-03-08T15:03:59+00:00\",\"dateModified\":\"2023-05-19T09:23:42+00:00\",\"description\":\"Un faro, un mare gorgogliante, sotto di te, un cielo con lingue rosso fuoco sopra. Questo paesaggio \u00e8 una sintesi dell'arte di Arundhati..\",\"breadcrumb\":{\"@id\":\"https:\\\/\\\/artnuances.com\\\/it\\\/artworks\\\/lighthouse-13-arundhati-pise\\\/#breadcrumb\"},\"inLanguage\":\"it-IT\",\"potentialAction\":[{\"@type\":\"ReadAction\",\"target\":[\"https:\\\/\\\/artnuances.com\\\/it\\\/artworks\\\/lighthouse-13-arundhati-pise\\\/\"]}]},{\"@type\":\"ImageObject\",\"inLanguage\":\"it-IT\",\"@id\":\"https:\\\/\\\/artnuances.com\\\/it\\\/artworks\\\/lighthouse-13-arundhati-pise\\\/#primaryimage\",\"url\":\"https:\\\/\\\/artnuances.com\\\/wp-content\\\/uploads\\\/2021\\\/03\\\/LightHouse-13-an.jpg\",\"contentUrl\":\"https:\\\/\\\/artnuances.com\\\/wp-content\\\/uploads\\\/2021\\\/03\\\/LightHouse-13-an.jpg\",\"width\":2020,\"height\":1995},{\"@type\":\"BreadcrumbList\",\"@id\":\"https:\\\/\\\/artnuances.com\\\/it\\\/artworks\\\/lighthouse-13-arundhati-pise\\\/#breadcrumb\",\"itemListElement\":[{\"@type\":\"ListItem\",\"position\":1,\"name\":\"Home\",\"item\":\"https:\\\/\\\/artnuances.com\\\/it\\\/\"},{\"@type\":\"ListItem\",\"position\":2,\"name\":\"Shop online\",\"item\":\"https:\\\/\\\/artnuances.com\\\/it\\\/shop-online-galleria-darte-artnuances\\\/\"},{\"@type\":\"ListItem\",\"position\":3,\"name\":\"LightHouse-13\"}]},{\"@type\":\"WebSite\",\"@id\":\"https:\\\/\\\/artnuances.com\\\/it\\\/#website\",\"url\":\"https:\\\/\\\/artnuances.com\\\/it\\\/\",\"name\":\"Artnuances - Art gallery online\",\"description\":\"Artnuances Gallery\",\"publisher\":{\"@id\":\"https:\\\/\\\/artnuances.com\\\/it\\\/#organization\"},\"potentialAction\":[{\"@type\":\"SearchAction\",\"target\":{\"@type\":\"EntryPoint\",\"urlTemplate\":\"https:\\\/\\\/artnuances.com\\\/it\\\/?s={search_term_string}\"},\"query-input\":{\"@type\":\"PropertyValueSpecification\",\"valueRequired\":true,\"valueName\":\"search_term_string\"}}],\"inLanguage\":\"it-IT\"},{\"@type\":\"Organization\",\"@id\":\"https:\\\/\\\/artnuances.com\\\/it\\\/#organization\",\"name\":\"Studio Artnuances LTD\",\"url\":\"https:\\\/\\\/artnuances.com\\\/it\\\/\",\"logo\":{\"@type\":\"ImageObject\",\"inLanguage\":\"it-IT\",\"@id\":\"https:\\\/\\\/artnuances.com\\\/it\\\/#\\\/schema\\\/logo\\\/image\\\/\",\"url\":\"https:\\\/\\\/artnuances.com\\\/wp-content\\\/uploads\\\/2019\\\/09\\\/artnuanse.png\",\"contentUrl\":\"https:\\\/\\\/artnuances.com\\\/wp-content\\\/uploads\\\/2019\\\/09\\\/artnuanse.png\",\"width\":622,\"height\":622,\"caption\":\"Studio Artnuances LTD\"},\"image\":{\"@id\":\"https:\\\/\\\/artnuances.com\\\/it\\\/#\\\/schema\\\/logo\\\/image\\\/\"},\"sameAs\":[\"https:\\\/\\\/www.facebook.com\\\/studioartnuances\\\/\",\"https:\\\/\\\/www.instagram.com\\\/studioartnuances\\\/\",\"https:\\\/\\\/www.youtube.com\\\/channel\\\/UCoU2Nb_B-2BOiDcO292sggg\"]}]}<\/script>\n<!-- \/ Yoast SEO plugin. -->","yoast_head_json":{"title":"LightHouse-13 - Arundhati Pise - Artnuances - Art gallery online","description":"Un faro, un mare gorgogliante, sotto di te, un cielo con lingue rosso fuoco sopra. Questo paesaggio \u00e8 una sintesi dell'arte di Arundhati..","robots":{"index":"index","follow":"follow","max-snippet":"max-snippet:-1","max-image-preview":"max-image-preview:large","max-video-preview":"max-video-preview:-1"},"canonical":"https:\/\/artnuances.com\/it\/artworks\/lighthouse-13-arundhati-pise\/","og_locale":"it_IT","og_type":"article","og_title":"LightHouse-13 - Arundhati Pise - Artnuances - Art gallery online","og_description":"Un faro, un mare gorgogliante, sotto di te, un cielo con lingue rosso fuoco sopra. Questo paesaggio \u00e8 una sintesi dell'arte di Arundhati..","og_url":"https:\/\/artnuances.com\/it\/artworks\/lighthouse-13-arundhati-pise\/","og_site_name":"Artnuances - Art gallery online","article_publisher":"https:\/\/www.facebook.com\/studioartnuances\/","article_modified_time":"2023-05-19T09:23:42+00:00","og_image":[{"width":2020,"height":1995,"url":"https:\/\/artnuances.com\/wp-content\/uploads\/2021\/03\/LightHouse-13-an.jpg","type":"image\/jpeg"}],"twitter_card":"summary_large_image","twitter_misc":{"Tempo di lettura stimato":"1 minuto"},"schema":{"@context":"https:\/\/schema.org","@graph":[{"@type":"WebPage","@id":"https:\/\/artnuances.com\/it\/artworks\/lighthouse-13-arundhati-pise\/","url":"https:\/\/artnuances.com\/it\/artworks\/lighthouse-13-arundhati-pise\/","name":"LightHouse-13 - Arundhati Pise - Artnuances - Art gallery online","isPartOf":{"@id":"https:\/\/artnuances.com\/it\/#website"},"primaryImageOfPage":{"@id":"https:\/\/artnuances.com\/it\/artworks\/lighthouse-13-arundhati-pise\/#primaryimage"},"image":{"@id":"https:\/\/artnuances.com\/it\/artworks\/lighthouse-13-arundhati-pise\/#primaryimage"},"thumbnailUrl":"https:\/\/artnuances.com\/wp-content\/uploads\/2021\/03\/LightHouse-13-an.jpg","datePublished":"2021-03-08T15:03:59+00:00","dateModified":"2023-05-19T09:23:42+00:00","description":"Un faro, un mare gorgogliante, sotto di te, un cielo con lingue rosso fuoco sopra. Questo paesaggio \u00e8 una sintesi dell'arte di Arundhati..","breadcrumb":{"@id":"https:\/\/artnuances.com\/it\/artworks\/lighthouse-13-arundhati-pise\/#breadcrumb"},"inLanguage":"it-IT","potentialAction":[{"@type":"ReadAction","target":["https:\/\/artnuances.com\/it\/artworks\/lighthouse-13-arundhati-pise\/"]}]},{"@type":"ImageObject","inLanguage":"it-IT","@id":"https:\/\/artnuances.com\/it\/artworks\/lighthouse-13-arundhati-pise\/#primaryimage","url":"https:\/\/artnuances.com\/wp-content\/uploads\/2021\/03\/LightHouse-13-an.jpg","contentUrl":"https:\/\/artnuances.com\/wp-content\/uploads\/2021\/03\/LightHouse-13-an.jpg","width":2020,"height":1995},{"@type":"BreadcrumbList","@id":"https:\/\/artnuances.com\/it\/artworks\/lighthouse-13-arundhati-pise\/#breadcrumb","itemListElement":[{"@type":"ListItem","position":1,"name":"Home","item":"https:\/\/artnuances.com\/it\/"},{"@type":"ListItem","position":2,"name":"Shop online","item":"https:\/\/artnuances.com\/it\/shop-online-galleria-darte-artnuances\/"},{"@type":"ListItem","position":3,"name":"LightHouse-13"}]},{"@type":"WebSite","@id":"https:\/\/artnuances.com\/it\/#website","url":"https:\/\/artnuances.com\/it\/","name":"Artnuances - Art gallery online","description":"Artnuances Gallery","publisher":{"@id":"https:\/\/artnuances.com\/it\/#organization"},"potentialAction":[{"@type":"SearchAction","target":{"@type":"EntryPoint","urlTemplate":"https:\/\/artnuances.com\/it\/?s={search_term_string}"},"query-input":{"@type":"PropertyValueSpecification","valueRequired":true,"valueName":"search_term_string"}}],"inLanguage":"it-IT"},{"@type":"Organization","@id":"https:\/\/artnuances.com\/it\/#organization","name":"Studio Artnuances LTD","url":"https:\/\/artnuances.com\/it\/","logo":{"@type":"ImageObject","inLanguage":"it-IT","@id":"https:\/\/artnuances.com\/it\/#\/schema\/logo\/image\/","url":"https:\/\/artnuances.com\/wp-content\/uploads\/2019\/09\/artnuanse.png","contentUrl":"https:\/\/artnuances.com\/wp-content\/uploads\/2019\/09\/artnuanse.png","width":622,"height":622,"caption":"Studio Artnuances LTD"},"image":{"@id":"https:\/\/artnuances.com\/it\/#\/schema\/logo\/image\/"},"sameAs":["https:\/\/www.facebook.com\/studioartnuances\/","https:\/\/www.instagram.com\/studioartnuances\/","https:\/\/www.youtube.com\/channel\/UCoU2Nb_B-2BOiDcO292sggg"]}]}},"_links":{"self":[{"href":"https:\/\/artnuances.com\/it\/wp-json\/wp\/v2\/product\/30652","targetHints":{"allow":["GET"]}}],"collection":[{"href":"https:\/\/artnuances.com\/it\/wp-json\/wp\/v2\/product"}],"about":[{"href":"https:\/\/artnuances.com\/it\/wp-json\/wp\/v2\/types\/product"}],"replies":[{"embeddable":true,"href":"https:\/\/artnuances.com\/it\/wp-json\/wp\/v2\/comments?post=30652"}],"wp:featuredmedia":[{"embeddable":true,"href":"https:\/\/artnuances.com\/it\/wp-json\/wp\/v2\/media\/30636"}],"wp:attachment":[{"href":"https:\/\/artnuances.com\/it\/wp-json\/wp\/v2\/media?parent=30652"}],"wp:term":[{"taxonomy":"product_brand","embeddable":true,"href":"https:\/\/artnuances.com\/it\/wp-json\/wp\/v2\/product_brand?post=30652"},{"taxonomy":"product_cat","embeddable":true,"href":"https:\/\/artnuances.com\/it\/wp-json\/wp\/v2\/product_cat?post=30652"},{"taxonomy":"product_tag","embeddable":true,"href":"https:\/\/artnuances.com\/it\/wp-json\/wp\/v2\/product_tag?post=30652"}],"curies":[{"name":"wp","href":"https:\/\/api.w.org\/{rel}","templated":true}]}}