{"id":30150,"date":"2021-02-10T16:14:34","date_gmt":"2021-02-10T16:14:34","guid":{"rendered":"https:\/\/www.artnuances-com-717041.hostingersite.com\/?post_type=product&#038;p=30150"},"modified":"2023-09-08T14:48:51","modified_gmt":"2023-09-08T14:48:51","slug":"endangered-species-2","status":"publish","type":"product","link":"https:\/\/artnuances.com\/it\/artworks\/endangered-species-2\/","title":{"rendered":"Endangered species 2"},"content":{"rendered":"<h1><em><strong>Endangered species 2 \u00e8 un lavoro di <a href=\"https:\/\/artnuances.com\/it\/authors\/onyinye-ezennia-zennia\/\">Zennia<\/a>.<\/strong><\/em><\/h1>\n<h3>Zennia ha dedicato molte delle sue opera alla situazione del nostro pianeta: inquinamento, specie in pericolo di estinzione, sofferenza degli esseri umani, in particolare donne e bambini. In questa sua opera ha volute significare come dal pianeta terra, scivolano via silenziosamente molte specie di animali, piante ed insetti, tra l\u2019indifferenza o la inconsapevolezza dell\u2019uomo che per\u00f2 ne \u00e8 la causa. Fili che scendono da un massa multicolore, strettamente intrecciata che indica come ad una specie che scompare, un\u2019altra inizia a soffrire perch\u00e8 in qualche forma ne dipende. Il problema delle specie in estinzione \u00e8 sempre pi\u00f9 vicino all\u2019uomo, perch\u00e8 non scompaiono solo le specie esotiche, ma anche quelle che aiutano l\u2019uomo nella sua stessa sopravvivenza, come ad esempio le api.<\/h3>\n<h3><\/h3>\n","protected":false},"excerpt":{"rendered":"<p>Endangered species 2 \u00e8 un lavoro di Zennia. Zennia ha dedicato molte delle sue opera alla situazione del nostro pianeta: inquinamento, specie in pericolo di estinzione, sofferenza degli esseri umani, in particolare donne e bambini. In questa sua opera ha volute significare come dal pianeta terra, scivolano via silenziosamente molte specie di animali, piante ed&#8230;<\/p>\n","protected":false},"featured_media":30109,"comment_status":"closed","ping_status":"closed","template":"","meta":{"_acf_changed":false},"product_brand":[209],"product_cat":[117,116],"product_tag":[],"class_list":{"0":"post-30150","1":"product","2":"type-product","3":"status-publish","4":"has-post-thumbnail","6":"product_brand-onyinye-ezennia-zennia","7":"product_cat-astratto","8":"product_cat-dipinti","10":"first","11":"instock","12":"featured","13":"purchasable","14":"product-type-simple"},"acf":[],"yoast_head":"<!-- This site is optimized with the Yoast SEO plugin v27.3 - https:\/\/yoast.com\/product\/yoast-seo-wordpress\/ -->\n<title>Endangered species 2 - Zennia - Artnuances Gallery<\/title>\n<meta name=\"description\" content=\"Zennia ha dedicato molte delle sue opera alla situazione del nostro pianeta: inquinamento, specie in pericolo di estinzione, sofferenza degli esseri umani\" \/>\n<meta name=\"robots\" content=\"index, follow, max-snippet:-1, max-image-preview:large, max-video-preview:-1\" \/>\n<link rel=\"canonical\" href=\"https:\/\/artnuances.com\/it\/artworks\/endangered-species-2\/\" \/>\n<meta property=\"og:locale\" content=\"it_IT\" \/>\n<meta property=\"og:type\" content=\"article\" \/>\n<meta property=\"og:title\" content=\"Endangered species 2 - Zennia - Artnuances Gallery\" \/>\n<meta property=\"og:description\" content=\"Zennia ha dedicato molte delle sue opera alla situazione del nostro pianeta: inquinamento, specie in pericolo di estinzione, sofferenza degli esseri umani\" \/>\n<meta property=\"og:url\" content=\"https:\/\/artnuances.com\/it\/artworks\/endangered-species-2\/\" \/>\n<meta property=\"og:site_name\" content=\"Artnuances - Art gallery online\" \/>\n<meta property=\"article:publisher\" content=\"https:\/\/www.facebook.com\/studioartnuances\/\" \/>\n<meta property=\"article:modified_time\" content=\"2023-09-08T14:48:51+00:00\" \/>\n<meta property=\"og:image\" content=\"https:\/\/artnuances.com\/wp-content\/uploads\/2021\/02\/Endangered-species-2-an-2-scaled.jpg\" \/>\n\t<meta property=\"og:image:width\" content=\"1925\" \/>\n\t<meta property=\"og:image:height\" content=\"2560\" \/>\n\t<meta property=\"og:image:type\" content=\"image\/jpeg\" \/>\n<meta name=\"twitter:card\" content=\"summary_large_image\" \/>\n<meta name=\"twitter:label1\" content=\"Tempo di lettura stimato\" \/>\n\t<meta name=\"twitter:data1\" content=\"1 minuto\" \/>\n<script type=\"application\/ld+json\" class=\"yoast-schema-graph\">{\"@context\":\"https:\\\/\\\/schema.org\",\"@graph\":[{\"@type\":\"WebPage\",\"@id\":\"https:\\\/\\\/artnuances.com\\\/it\\\/artworks\\\/endangered-species-2\\\/\",\"url\":\"https:\\\/\\\/artnuances.com\\\/it\\\/artworks\\\/endangered-species-2\\\/\",\"name\":\"Endangered species 2 - Zennia - Artnuances Gallery\",\"isPartOf\":{\"@id\":\"https:\\\/\\\/artnuances.com\\\/it\\\/#website\"},\"primaryImageOfPage\":{\"@id\":\"https:\\\/\\\/artnuances.com\\\/it\\\/artworks\\\/endangered-species-2\\\/#primaryimage\"},\"image\":{\"@id\":\"https:\\\/\\\/artnuances.com\\\/it\\\/artworks\\\/endangered-species-2\\\/#primaryimage\"},\"thumbnailUrl\":\"https:\\\/\\\/artnuances.com\\\/wp-content\\\/uploads\\\/2021\\\/02\\\/Endangered-species-2-an-2-scaled.jpg\",\"datePublished\":\"2021-02-10T16:14:34+00:00\",\"dateModified\":\"2023-09-08T14:48:51+00:00\",\"description\":\"Zennia ha dedicato molte delle sue opera alla situazione del nostro pianeta: inquinamento, specie in pericolo di estinzione, sofferenza degli esseri umani\",\"breadcrumb\":{\"@id\":\"https:\\\/\\\/artnuances.com\\\/it\\\/artworks\\\/endangered-species-2\\\/#breadcrumb\"},\"inLanguage\":\"it-IT\",\"potentialAction\":[{\"@type\":\"ReadAction\",\"target\":[\"https:\\\/\\\/artnuances.com\\\/it\\\/artworks\\\/endangered-species-2\\\/\"]}]},{\"@type\":\"ImageObject\",\"inLanguage\":\"it-IT\",\"@id\":\"https:\\\/\\\/artnuances.com\\\/it\\\/artworks\\\/endangered-species-2\\\/#primaryimage\",\"url\":\"https:\\\/\\\/artnuances.com\\\/wp-content\\\/uploads\\\/2021\\\/02\\\/Endangered-species-2-an-2-scaled.jpg\",\"contentUrl\":\"https:\\\/\\\/artnuances.com\\\/wp-content\\\/uploads\\\/2021\\\/02\\\/Endangered-species-2-an-2-scaled.jpg\",\"width\":1925,\"height\":2560,\"caption\":\"Endangered species 2\"},{\"@type\":\"BreadcrumbList\",\"@id\":\"https:\\\/\\\/artnuances.com\\\/it\\\/artworks\\\/endangered-species-2\\\/#breadcrumb\",\"itemListElement\":[{\"@type\":\"ListItem\",\"position\":1,\"name\":\"Home\",\"item\":\"https:\\\/\\\/artnuances.com\\\/it\\\/\"},{\"@type\":\"ListItem\",\"position\":2,\"name\":\"Shop online\",\"item\":\"https:\\\/\\\/artnuances.com\\\/it\\\/shop-online-galleria-darte-artnuances\\\/\"},{\"@type\":\"ListItem\",\"position\":3,\"name\":\"Endangered species 2\"}]},{\"@type\":\"WebSite\",\"@id\":\"https:\\\/\\\/artnuances.com\\\/it\\\/#website\",\"url\":\"https:\\\/\\\/artnuances.com\\\/it\\\/\",\"name\":\"Artnuances - Art gallery online\",\"description\":\"Artnuances Gallery\",\"publisher\":{\"@id\":\"https:\\\/\\\/artnuances.com\\\/it\\\/#organization\"},\"potentialAction\":[{\"@type\":\"SearchAction\",\"target\":{\"@type\":\"EntryPoint\",\"urlTemplate\":\"https:\\\/\\\/artnuances.com\\\/it\\\/?s={search_term_string}\"},\"query-input\":{\"@type\":\"PropertyValueSpecification\",\"valueRequired\":true,\"valueName\":\"search_term_string\"}}],\"inLanguage\":\"it-IT\"},{\"@type\":\"Organization\",\"@id\":\"https:\\\/\\\/artnuances.com\\\/it\\\/#organization\",\"name\":\"Studio Artnuances LTD\",\"url\":\"https:\\\/\\\/artnuances.com\\\/it\\\/\",\"logo\":{\"@type\":\"ImageObject\",\"inLanguage\":\"it-IT\",\"@id\":\"https:\\\/\\\/artnuances.com\\\/it\\\/#\\\/schema\\\/logo\\\/image\\\/\",\"url\":\"https:\\\/\\\/artnuances.com\\\/wp-content\\\/uploads\\\/2019\\\/09\\\/artnuanse.png\",\"contentUrl\":\"https:\\\/\\\/artnuances.com\\\/wp-content\\\/uploads\\\/2019\\\/09\\\/artnuanse.png\",\"width\":622,\"height\":622,\"caption\":\"Studio Artnuances LTD\"},\"image\":{\"@id\":\"https:\\\/\\\/artnuances.com\\\/it\\\/#\\\/schema\\\/logo\\\/image\\\/\"},\"sameAs\":[\"https:\\\/\\\/www.facebook.com\\\/studioartnuances\\\/\",\"https:\\\/\\\/www.instagram.com\\\/studioartnuances\\\/\",\"https:\\\/\\\/www.youtube.com\\\/channel\\\/UCoU2Nb_B-2BOiDcO292sggg\"]}]}<\/script>\n<!-- \/ Yoast SEO plugin. -->","yoast_head_json":{"title":"Endangered species 2 - Zennia - Artnuances Gallery","description":"Zennia ha dedicato molte delle sue opera alla situazione del nostro pianeta: inquinamento, specie in pericolo di estinzione, sofferenza degli esseri umani","robots":{"index":"index","follow":"follow","max-snippet":"max-snippet:-1","max-image-preview":"max-image-preview:large","max-video-preview":"max-video-preview:-1"},"canonical":"https:\/\/artnuances.com\/it\/artworks\/endangered-species-2\/","og_locale":"it_IT","og_type":"article","og_title":"Endangered species 2 - Zennia - Artnuances Gallery","og_description":"Zennia ha dedicato molte delle sue opera alla situazione del nostro pianeta: inquinamento, specie in pericolo di estinzione, sofferenza degli esseri umani","og_url":"https:\/\/artnuances.com\/it\/artworks\/endangered-species-2\/","og_site_name":"Artnuances - Art gallery online","article_publisher":"https:\/\/www.facebook.com\/studioartnuances\/","article_modified_time":"2023-09-08T14:48:51+00:00","og_image":[{"width":1925,"height":2560,"url":"https:\/\/artnuances.com\/wp-content\/uploads\/2021\/02\/Endangered-species-2-an-2-scaled.jpg","type":"image\/jpeg"}],"twitter_card":"summary_large_image","twitter_misc":{"Tempo di lettura stimato":"1 minuto"},"schema":{"@context":"https:\/\/schema.org","@graph":[{"@type":"WebPage","@id":"https:\/\/artnuances.com\/it\/artworks\/endangered-species-2\/","url":"https:\/\/artnuances.com\/it\/artworks\/endangered-species-2\/","name":"Endangered species 2 - Zennia - Artnuances Gallery","isPartOf":{"@id":"https:\/\/artnuances.com\/it\/#website"},"primaryImageOfPage":{"@id":"https:\/\/artnuances.com\/it\/artworks\/endangered-species-2\/#primaryimage"},"image":{"@id":"https:\/\/artnuances.com\/it\/artworks\/endangered-species-2\/#primaryimage"},"thumbnailUrl":"https:\/\/artnuances.com\/wp-content\/uploads\/2021\/02\/Endangered-species-2-an-2-scaled.jpg","datePublished":"2021-02-10T16:14:34+00:00","dateModified":"2023-09-08T14:48:51+00:00","description":"Zennia ha dedicato molte delle sue opera alla situazione del nostro pianeta: inquinamento, specie in pericolo di estinzione, sofferenza degli esseri umani","breadcrumb":{"@id":"https:\/\/artnuances.com\/it\/artworks\/endangered-species-2\/#breadcrumb"},"inLanguage":"it-IT","potentialAction":[{"@type":"ReadAction","target":["https:\/\/artnuances.com\/it\/artworks\/endangered-species-2\/"]}]},{"@type":"ImageObject","inLanguage":"it-IT","@id":"https:\/\/artnuances.com\/it\/artworks\/endangered-species-2\/#primaryimage","url":"https:\/\/artnuances.com\/wp-content\/uploads\/2021\/02\/Endangered-species-2-an-2-scaled.jpg","contentUrl":"https:\/\/artnuances.com\/wp-content\/uploads\/2021\/02\/Endangered-species-2-an-2-scaled.jpg","width":1925,"height":2560,"caption":"Endangered species 2"},{"@type":"BreadcrumbList","@id":"https:\/\/artnuances.com\/it\/artworks\/endangered-species-2\/#breadcrumb","itemListElement":[{"@type":"ListItem","position":1,"name":"Home","item":"https:\/\/artnuances.com\/it\/"},{"@type":"ListItem","position":2,"name":"Shop online","item":"https:\/\/artnuances.com\/it\/shop-online-galleria-darte-artnuances\/"},{"@type":"ListItem","position":3,"name":"Endangered species 2"}]},{"@type":"WebSite","@id":"https:\/\/artnuances.com\/it\/#website","url":"https:\/\/artnuances.com\/it\/","name":"Artnuances - Art gallery online","description":"Artnuances Gallery","publisher":{"@id":"https:\/\/artnuances.com\/it\/#organization"},"potentialAction":[{"@type":"SearchAction","target":{"@type":"EntryPoint","urlTemplate":"https:\/\/artnuances.com\/it\/?s={search_term_string}"},"query-input":{"@type":"PropertyValueSpecification","valueRequired":true,"valueName":"search_term_string"}}],"inLanguage":"it-IT"},{"@type":"Organization","@id":"https:\/\/artnuances.com\/it\/#organization","name":"Studio Artnuances LTD","url":"https:\/\/artnuances.com\/it\/","logo":{"@type":"ImageObject","inLanguage":"it-IT","@id":"https:\/\/artnuances.com\/it\/#\/schema\/logo\/image\/","url":"https:\/\/artnuances.com\/wp-content\/uploads\/2019\/09\/artnuanse.png","contentUrl":"https:\/\/artnuances.com\/wp-content\/uploads\/2019\/09\/artnuanse.png","width":622,"height":622,"caption":"Studio Artnuances LTD"},"image":{"@id":"https:\/\/artnuances.com\/it\/#\/schema\/logo\/image\/"},"sameAs":["https:\/\/www.facebook.com\/studioartnuances\/","https:\/\/www.instagram.com\/studioartnuances\/","https:\/\/www.youtube.com\/channel\/UCoU2Nb_B-2BOiDcO292sggg"]}]}},"_links":{"self":[{"href":"https:\/\/artnuances.com\/it\/wp-json\/wp\/v2\/product\/30150","targetHints":{"allow":["GET"]}}],"collection":[{"href":"https:\/\/artnuances.com\/it\/wp-json\/wp\/v2\/product"}],"about":[{"href":"https:\/\/artnuances.com\/it\/wp-json\/wp\/v2\/types\/product"}],"replies":[{"embeddable":true,"href":"https:\/\/artnuances.com\/it\/wp-json\/wp\/v2\/comments?post=30150"}],"wp:featuredmedia":[{"embeddable":true,"href":"https:\/\/artnuances.com\/it\/wp-json\/wp\/v2\/media\/30109"}],"wp:attachment":[{"href":"https:\/\/artnuances.com\/it\/wp-json\/wp\/v2\/media?parent=30150"}],"wp:term":[{"taxonomy":"product_brand","embeddable":true,"href":"https:\/\/artnuances.com\/it\/wp-json\/wp\/v2\/product_brand?post=30150"},{"taxonomy":"product_cat","embeddable":true,"href":"https:\/\/artnuances.com\/it\/wp-json\/wp\/v2\/product_cat?post=30150"},{"taxonomy":"product_tag","embeddable":true,"href":"https:\/\/artnuances.com\/it\/wp-json\/wp\/v2\/product_tag?post=30150"}],"curies":[{"name":"wp","href":"https:\/\/api.w.org\/{rel}","templated":true}]}}