{"id":30145,"date":"2021-02-10T15:38:38","date_gmt":"2021-02-10T15:38:38","guid":{"rendered":"https:\/\/www.artnuances-com-717041.hostingersite.com\/?post_type=product&#038;p=30145"},"modified":"2023-09-08T14:49:31","modified_gmt":"2023-09-08T14:49:31","slug":"different-colors-one-people","status":"publish","type":"product","link":"https:\/\/artnuances.com\/it\/artworks\/different-colors-one-people\/","title":{"rendered":"Different colors, one people"},"content":{"rendered":"<h1><em><strong>Different colors, one people <\/strong><\/em><strong>\u00e8 un lavoro di <\/strong><strong><a href=\"https:\/\/artnuances.com\/it\/authors\/onyinye-ezennia-zennia\/\">Zennia<\/a>.<\/strong><\/h1>\n<h3>Ad una artista sensibile alle tematiche umane, non poteva sfuggire il tema del razzismo. Qui raffigurato da fili multicolore che vengono da un unico punto e vanno nella direzione opposta, parallelamente, perch\u00e8 in realt\u00e0 nessuno \u00e8 al di sopra di nessuno. Viaggiamo uno accanto all\u2019altro, le vita pu\u00f2 riservare gioie e dolori, ma non \u00e8 per il colore della pelle, ma per dove si nasce e come si nasce. Anche la scienza ha confermato, che non esistono le razze negli uomini, siamo un po\u2019 di tutto. Ognuno di noi \u00e8 un mix di popoli e nessuno \u00e8 al di sopra o migliore. Fortunatamente le nuove generazioni stanno sempre pi\u00f9 prendendo coscienza di questa verit\u00e0, ma non bisogna abbassare la guardia, perch\u00e8 c\u2019\u00e8 ancora chi crede che il colore della pelle deve dare dei privilegi.<\/h3>\n","protected":false},"excerpt":{"rendered":"<p>Different colors, one people \u00e8 un lavoro di Zennia. Ad una artista sensibile alle tematiche umane, non poteva sfuggire il tema del razzismo. Qui raffigurato da fili multicolore che vengono da un unico punto e vanno nella direzione opposta, parallelamente, perch\u00e8 in realt\u00e0 nessuno \u00e8 al di sopra di nessuno. Viaggiamo uno accanto all\u2019altro, le&#8230;<\/p>\n","protected":false},"featured_media":30107,"comment_status":"closed","ping_status":"closed","template":"","meta":{"_acf_changed":false},"product_brand":[209],"product_cat":[117,116],"product_tag":[],"class_list":{"0":"post-30145","1":"product","2":"type-product","3":"status-publish","4":"has-post-thumbnail","6":"product_brand-onyinye-ezennia-zennia","7":"product_cat-astratto","8":"product_cat-dipinti","10":"first","11":"instock","12":"featured","13":"purchasable","14":"product-type-simple"},"acf":[],"yoast_head":"<!-- This site is optimized with the Yoast SEO plugin v27.3 - https:\/\/yoast.com\/product\/yoast-seo-wordpress\/ -->\n<title>Different colors, one people - Zennia - Artnuances Gallery<\/title>\n<meta name=\"description\" content=\"Ad una artista sensibile alle tematiche umane, non poteva sfuggire il tema del razzismo. Qui raffigurato da fili multicolore che vengono da un unico\" \/>\n<meta name=\"robots\" content=\"index, follow, max-snippet:-1, max-image-preview:large, max-video-preview:-1\" \/>\n<link rel=\"canonical\" href=\"https:\/\/artnuances.com\/it\/artworks\/different-colors-one-people\/\" \/>\n<meta property=\"og:locale\" content=\"it_IT\" \/>\n<meta property=\"og:type\" content=\"article\" \/>\n<meta property=\"og:title\" content=\"Different colors, one people - Zennia - Artnuances Gallery\" \/>\n<meta property=\"og:description\" content=\"Ad una artista sensibile alle tematiche umane, non poteva sfuggire il tema del razzismo. Qui raffigurato da fili multicolore che vengono da un unico\" \/>\n<meta property=\"og:url\" content=\"https:\/\/artnuances.com\/it\/artworks\/different-colors-one-people\/\" \/>\n<meta property=\"og:site_name\" content=\"Artnuances - Art gallery online\" \/>\n<meta property=\"article:publisher\" content=\"https:\/\/www.facebook.com\/studioartnuances\/\" \/>\n<meta property=\"article:modified_time\" content=\"2023-09-08T14:49:31+00:00\" \/>\n<meta property=\"og:image\" content=\"https:\/\/artnuances.com\/wp-content\/uploads\/2021\/02\/Different-Colours-One-People_Nails-and-string-on-board-an-2.jpg\" \/>\n\t<meta property=\"og:image:width\" content=\"2020\" \/>\n\t<meta property=\"og:image:height\" content=\"2397\" \/>\n\t<meta property=\"og:image:type\" content=\"image\/jpeg\" \/>\n<meta name=\"twitter:card\" content=\"summary_large_image\" \/>\n<meta name=\"twitter:label1\" content=\"Tempo di lettura stimato\" \/>\n\t<meta name=\"twitter:data1\" content=\"1 minuto\" \/>\n<script type=\"application\/ld+json\" class=\"yoast-schema-graph\">{\"@context\":\"https:\\\/\\\/schema.org\",\"@graph\":[{\"@type\":\"WebPage\",\"@id\":\"https:\\\/\\\/artnuances.com\\\/it\\\/artworks\\\/different-colors-one-people\\\/\",\"url\":\"https:\\\/\\\/artnuances.com\\\/it\\\/artworks\\\/different-colors-one-people\\\/\",\"name\":\"Different colors, one people - Zennia - Artnuances Gallery\",\"isPartOf\":{\"@id\":\"https:\\\/\\\/artnuances.com\\\/it\\\/#website\"},\"primaryImageOfPage\":{\"@id\":\"https:\\\/\\\/artnuances.com\\\/it\\\/artworks\\\/different-colors-one-people\\\/#primaryimage\"},\"image\":{\"@id\":\"https:\\\/\\\/artnuances.com\\\/it\\\/artworks\\\/different-colors-one-people\\\/#primaryimage\"},\"thumbnailUrl\":\"https:\\\/\\\/artnuances.com\\\/wp-content\\\/uploads\\\/2021\\\/02\\\/Different-Colours-One-People_Nails-and-string-on-board-an-2.jpg\",\"datePublished\":\"2021-02-10T15:38:38+00:00\",\"dateModified\":\"2023-09-08T14:49:31+00:00\",\"description\":\"Ad una artista sensibile alle tematiche umane, non poteva sfuggire il tema del razzismo. Qui raffigurato da fili multicolore che vengono da un unico\",\"breadcrumb\":{\"@id\":\"https:\\\/\\\/artnuances.com\\\/it\\\/artworks\\\/different-colors-one-people\\\/#breadcrumb\"},\"inLanguage\":\"it-IT\",\"potentialAction\":[{\"@type\":\"ReadAction\",\"target\":[\"https:\\\/\\\/artnuances.com\\\/it\\\/artworks\\\/different-colors-one-people\\\/\"]}]},{\"@type\":\"ImageObject\",\"inLanguage\":\"it-IT\",\"@id\":\"https:\\\/\\\/artnuances.com\\\/it\\\/artworks\\\/different-colors-one-people\\\/#primaryimage\",\"url\":\"https:\\\/\\\/artnuances.com\\\/wp-content\\\/uploads\\\/2021\\\/02\\\/Different-Colours-One-People_Nails-and-string-on-board-an-2.jpg\",\"contentUrl\":\"https:\\\/\\\/artnuances.com\\\/wp-content\\\/uploads\\\/2021\\\/02\\\/Different-Colours-One-People_Nails-and-string-on-board-an-2.jpg\",\"width\":2020,\"height\":2397,\"caption\":\"Different colors, one people\"},{\"@type\":\"BreadcrumbList\",\"@id\":\"https:\\\/\\\/artnuances.com\\\/it\\\/artworks\\\/different-colors-one-people\\\/#breadcrumb\",\"itemListElement\":[{\"@type\":\"ListItem\",\"position\":1,\"name\":\"Home\",\"item\":\"https:\\\/\\\/artnuances.com\\\/it\\\/\"},{\"@type\":\"ListItem\",\"position\":2,\"name\":\"Shop online\",\"item\":\"https:\\\/\\\/artnuances.com\\\/it\\\/shop-online-galleria-darte-artnuances\\\/\"},{\"@type\":\"ListItem\",\"position\":3,\"name\":\"Different colors, one people\"}]},{\"@type\":\"WebSite\",\"@id\":\"https:\\\/\\\/artnuances.com\\\/it\\\/#website\",\"url\":\"https:\\\/\\\/artnuances.com\\\/it\\\/\",\"name\":\"Artnuances - Art gallery online\",\"description\":\"Artnuances Gallery\",\"publisher\":{\"@id\":\"https:\\\/\\\/artnuances.com\\\/it\\\/#organization\"},\"potentialAction\":[{\"@type\":\"SearchAction\",\"target\":{\"@type\":\"EntryPoint\",\"urlTemplate\":\"https:\\\/\\\/artnuances.com\\\/it\\\/?s={search_term_string}\"},\"query-input\":{\"@type\":\"PropertyValueSpecification\",\"valueRequired\":true,\"valueName\":\"search_term_string\"}}],\"inLanguage\":\"it-IT\"},{\"@type\":\"Organization\",\"@id\":\"https:\\\/\\\/artnuances.com\\\/it\\\/#organization\",\"name\":\"Studio Artnuances LTD\",\"url\":\"https:\\\/\\\/artnuances.com\\\/it\\\/\",\"logo\":{\"@type\":\"ImageObject\",\"inLanguage\":\"it-IT\",\"@id\":\"https:\\\/\\\/artnuances.com\\\/it\\\/#\\\/schema\\\/logo\\\/image\\\/\",\"url\":\"https:\\\/\\\/artnuances.com\\\/wp-content\\\/uploads\\\/2019\\\/09\\\/artnuanse.png\",\"contentUrl\":\"https:\\\/\\\/artnuances.com\\\/wp-content\\\/uploads\\\/2019\\\/09\\\/artnuanse.png\",\"width\":622,\"height\":622,\"caption\":\"Studio Artnuances LTD\"},\"image\":{\"@id\":\"https:\\\/\\\/artnuances.com\\\/it\\\/#\\\/schema\\\/logo\\\/image\\\/\"},\"sameAs\":[\"https:\\\/\\\/www.facebook.com\\\/studioartnuances\\\/\",\"https:\\\/\\\/www.instagram.com\\\/studioartnuances\\\/\",\"https:\\\/\\\/www.youtube.com\\\/channel\\\/UCoU2Nb_B-2BOiDcO292sggg\"]}]}<\/script>\n<!-- \/ Yoast SEO plugin. -->","yoast_head_json":{"title":"Different colors, one people - Zennia - Artnuances Gallery","description":"Ad una artista sensibile alle tematiche umane, non poteva sfuggire il tema del razzismo. Qui raffigurato da fili multicolore che vengono da un unico","robots":{"index":"index","follow":"follow","max-snippet":"max-snippet:-1","max-image-preview":"max-image-preview:large","max-video-preview":"max-video-preview:-1"},"canonical":"https:\/\/artnuances.com\/it\/artworks\/different-colors-one-people\/","og_locale":"it_IT","og_type":"article","og_title":"Different colors, one people - Zennia - Artnuances Gallery","og_description":"Ad una artista sensibile alle tematiche umane, non poteva sfuggire il tema del razzismo. Qui raffigurato da fili multicolore che vengono da un unico","og_url":"https:\/\/artnuances.com\/it\/artworks\/different-colors-one-people\/","og_site_name":"Artnuances - Art gallery online","article_publisher":"https:\/\/www.facebook.com\/studioartnuances\/","article_modified_time":"2023-09-08T14:49:31+00:00","og_image":[{"width":2020,"height":2397,"url":"https:\/\/artnuances.com\/wp-content\/uploads\/2021\/02\/Different-Colours-One-People_Nails-and-string-on-board-an-2.jpg","type":"image\/jpeg"}],"twitter_card":"summary_large_image","twitter_misc":{"Tempo di lettura stimato":"1 minuto"},"schema":{"@context":"https:\/\/schema.org","@graph":[{"@type":"WebPage","@id":"https:\/\/artnuances.com\/it\/artworks\/different-colors-one-people\/","url":"https:\/\/artnuances.com\/it\/artworks\/different-colors-one-people\/","name":"Different colors, one people - Zennia - Artnuances Gallery","isPartOf":{"@id":"https:\/\/artnuances.com\/it\/#website"},"primaryImageOfPage":{"@id":"https:\/\/artnuances.com\/it\/artworks\/different-colors-one-people\/#primaryimage"},"image":{"@id":"https:\/\/artnuances.com\/it\/artworks\/different-colors-one-people\/#primaryimage"},"thumbnailUrl":"https:\/\/artnuances.com\/wp-content\/uploads\/2021\/02\/Different-Colours-One-People_Nails-and-string-on-board-an-2.jpg","datePublished":"2021-02-10T15:38:38+00:00","dateModified":"2023-09-08T14:49:31+00:00","description":"Ad una artista sensibile alle tematiche umane, non poteva sfuggire il tema del razzismo. Qui raffigurato da fili multicolore che vengono da un unico","breadcrumb":{"@id":"https:\/\/artnuances.com\/it\/artworks\/different-colors-one-people\/#breadcrumb"},"inLanguage":"it-IT","potentialAction":[{"@type":"ReadAction","target":["https:\/\/artnuances.com\/it\/artworks\/different-colors-one-people\/"]}]},{"@type":"ImageObject","inLanguage":"it-IT","@id":"https:\/\/artnuances.com\/it\/artworks\/different-colors-one-people\/#primaryimage","url":"https:\/\/artnuances.com\/wp-content\/uploads\/2021\/02\/Different-Colours-One-People_Nails-and-string-on-board-an-2.jpg","contentUrl":"https:\/\/artnuances.com\/wp-content\/uploads\/2021\/02\/Different-Colours-One-People_Nails-and-string-on-board-an-2.jpg","width":2020,"height":2397,"caption":"Different colors, one people"},{"@type":"BreadcrumbList","@id":"https:\/\/artnuances.com\/it\/artworks\/different-colors-one-people\/#breadcrumb","itemListElement":[{"@type":"ListItem","position":1,"name":"Home","item":"https:\/\/artnuances.com\/it\/"},{"@type":"ListItem","position":2,"name":"Shop online","item":"https:\/\/artnuances.com\/it\/shop-online-galleria-darte-artnuances\/"},{"@type":"ListItem","position":3,"name":"Different colors, one people"}]},{"@type":"WebSite","@id":"https:\/\/artnuances.com\/it\/#website","url":"https:\/\/artnuances.com\/it\/","name":"Artnuances - Art gallery online","description":"Artnuances Gallery","publisher":{"@id":"https:\/\/artnuances.com\/it\/#organization"},"potentialAction":[{"@type":"SearchAction","target":{"@type":"EntryPoint","urlTemplate":"https:\/\/artnuances.com\/it\/?s={search_term_string}"},"query-input":{"@type":"PropertyValueSpecification","valueRequired":true,"valueName":"search_term_string"}}],"inLanguage":"it-IT"},{"@type":"Organization","@id":"https:\/\/artnuances.com\/it\/#organization","name":"Studio Artnuances LTD","url":"https:\/\/artnuances.com\/it\/","logo":{"@type":"ImageObject","inLanguage":"it-IT","@id":"https:\/\/artnuances.com\/it\/#\/schema\/logo\/image\/","url":"https:\/\/artnuances.com\/wp-content\/uploads\/2019\/09\/artnuanse.png","contentUrl":"https:\/\/artnuances.com\/wp-content\/uploads\/2019\/09\/artnuanse.png","width":622,"height":622,"caption":"Studio Artnuances LTD"},"image":{"@id":"https:\/\/artnuances.com\/it\/#\/schema\/logo\/image\/"},"sameAs":["https:\/\/www.facebook.com\/studioartnuances\/","https:\/\/www.instagram.com\/studioartnuances\/","https:\/\/www.youtube.com\/channel\/UCoU2Nb_B-2BOiDcO292sggg"]}]}},"_links":{"self":[{"href":"https:\/\/artnuances.com\/it\/wp-json\/wp\/v2\/product\/30145","targetHints":{"allow":["GET"]}}],"collection":[{"href":"https:\/\/artnuances.com\/it\/wp-json\/wp\/v2\/product"}],"about":[{"href":"https:\/\/artnuances.com\/it\/wp-json\/wp\/v2\/types\/product"}],"replies":[{"embeddable":true,"href":"https:\/\/artnuances.com\/it\/wp-json\/wp\/v2\/comments?post=30145"}],"wp:featuredmedia":[{"embeddable":true,"href":"https:\/\/artnuances.com\/it\/wp-json\/wp\/v2\/media\/30107"}],"wp:attachment":[{"href":"https:\/\/artnuances.com\/it\/wp-json\/wp\/v2\/media?parent=30145"}],"wp:term":[{"taxonomy":"product_brand","embeddable":true,"href":"https:\/\/artnuances.com\/it\/wp-json\/wp\/v2\/product_brand?post=30145"},{"taxonomy":"product_cat","embeddable":true,"href":"https:\/\/artnuances.com\/it\/wp-json\/wp\/v2\/product_cat?post=30145"},{"taxonomy":"product_tag","embeddable":true,"href":"https:\/\/artnuances.com\/it\/wp-json\/wp\/v2\/product_tag?post=30145"}],"curies":[{"name":"wp","href":"https:\/\/api.w.org\/{rel}","templated":true}]}}