{"id":30139,"date":"2021-02-10T15:18:58","date_gmt":"2021-02-10T15:18:58","guid":{"rendered":"https:\/\/www.artnuances-com-717041.hostingersite.com\/?post_type=product&#038;p=30139"},"modified":"2023-09-08T14:39:20","modified_gmt":"2023-09-08T14:39:20","slug":"wonder-woman","status":"publish","type":"product","link":"https:\/\/artnuances.com\/it\/artworks\/wonder-woman\/","title":{"rendered":"Wonder woman"},"content":{"rendered":"<h1><em><strong>Wonder woman, <\/strong><\/em><strong>\u00e8 un lavoro di <\/strong><strong><a href=\"https:\/\/artnuances.com\/it\/authors\/onyinye-ezennia-zennia\/\">Zennia<\/a>.<\/strong><\/h1>\n<h3>Le fantasiose, quanto ricercate acconciature africane, sono un elemento importante della cultura estetica in quell continente. Le donne, ma anche gli uomini, hanno spesso lasciato parlare il loro corpo attraverso incisioni, acconciature o tatuaggi. La millenarai cultura di quei popoli si \u00e8 anche tramandata attraverso questi segni esteriori, che talvolta distinguono le varie popolazioni o le varie trib\u00f9. La donna non poteva che essere il simbolo meraviglioso di questa modalit\u00e0 di esteriorizzare il proprio essere e qui ne abbiamo un significativo esempio.<\/h3>\n","protected":false},"excerpt":{"rendered":"<p>Wonder woman, \u00e8 un lavoro di Zennia. Le fantasiose, quanto ricercate acconciature africane, sono un elemento importante della cultura estetica in quell continente. Le donne, ma anche gli uomini, hanno spesso lasciato parlare il loro corpo attraverso incisioni, acconciature o tatuaggi. La millenarai cultura di quei popoli si \u00e8 anche tramandata attraverso questi segni esteriori,&#8230;<\/p>\n","protected":false},"featured_media":30123,"comment_status":"closed","ping_status":"closed","template":"","meta":{"_acf_changed":false},"product_brand":[209],"product_cat":[117,116],"product_tag":[],"class_list":{"0":"post-30139","1":"product","2":"type-product","3":"status-publish","4":"has-post-thumbnail","6":"product_brand-onyinye-ezennia-zennia","7":"product_cat-astratto","8":"product_cat-dipinti","9":"product_shipping_class-spedizione-in-scatola","11":"first","12":"instock","13":"featured","14":"purchasable","15":"product-type-simple"},"acf":[],"yoast_head":"<!-- This site is optimized with the Yoast SEO plugin v27.3 - https:\/\/yoast.com\/product\/yoast-seo-wordpress\/ -->\n<title>Wonder woman - Zennia - Artnuances Gallery<\/title>\n<meta name=\"description\" content=\"Le fantasiose, quanto ricercate acconciature africane, sono un elemento importante della cultura estetica in quell continente.\" \/>\n<meta name=\"robots\" content=\"index, follow, max-snippet:-1, max-image-preview:large, max-video-preview:-1\" \/>\n<link rel=\"canonical\" href=\"https:\/\/artnuances.com\/it\/artworks\/wonder-woman\/\" \/>\n<meta property=\"og:locale\" content=\"it_IT\" \/>\n<meta property=\"og:type\" content=\"article\" \/>\n<meta property=\"og:title\" content=\"Wonder woman - Zennia - Artnuances Gallery\" \/>\n<meta property=\"og:description\" content=\"Le fantasiose, quanto ricercate acconciature africane, sono un elemento importante della cultura estetica in quell continente.\" \/>\n<meta property=\"og:url\" content=\"https:\/\/artnuances.com\/it\/artworks\/wonder-woman\/\" \/>\n<meta property=\"og:site_name\" content=\"Artnuances - Art gallery online\" \/>\n<meta property=\"article:publisher\" content=\"https:\/\/www.facebook.com\/studioartnuances\/\" \/>\n<meta property=\"article:modified_time\" content=\"2023-09-08T14:39:20+00:00\" \/>\n<meta property=\"og:image\" content=\"https:\/\/artnuances.com\/wp-content\/uploads\/2021\/02\/Wonder-woman-an-2.jpg\" \/>\n\t<meta property=\"og:image:width\" content=\"2020\" \/>\n\t<meta property=\"og:image:height\" content=\"2155\" \/>\n\t<meta property=\"og:image:type\" content=\"image\/jpeg\" \/>\n<meta name=\"twitter:card\" content=\"summary_large_image\" \/>\n<script type=\"application\/ld+json\" class=\"yoast-schema-graph\">{\"@context\":\"https:\\\/\\\/schema.org\",\"@graph\":[{\"@type\":\"WebPage\",\"@id\":\"https:\\\/\\\/artnuances.com\\\/it\\\/artworks\\\/wonder-woman\\\/\",\"url\":\"https:\\\/\\\/artnuances.com\\\/it\\\/artworks\\\/wonder-woman\\\/\",\"name\":\"Wonder woman - Zennia - Artnuances Gallery\",\"isPartOf\":{\"@id\":\"https:\\\/\\\/artnuances.com\\\/it\\\/#website\"},\"primaryImageOfPage\":{\"@id\":\"https:\\\/\\\/artnuances.com\\\/it\\\/artworks\\\/wonder-woman\\\/#primaryimage\"},\"image\":{\"@id\":\"https:\\\/\\\/artnuances.com\\\/it\\\/artworks\\\/wonder-woman\\\/#primaryimage\"},\"thumbnailUrl\":\"https:\\\/\\\/artnuances.com\\\/wp-content\\\/uploads\\\/2021\\\/02\\\/Wonder-woman-an-2.jpg\",\"datePublished\":\"2021-02-10T15:18:58+00:00\",\"dateModified\":\"2023-09-08T14:39:20+00:00\",\"description\":\"Le fantasiose, quanto ricercate acconciature africane, sono un elemento importante della cultura estetica in quell continente.\",\"breadcrumb\":{\"@id\":\"https:\\\/\\\/artnuances.com\\\/it\\\/artworks\\\/wonder-woman\\\/#breadcrumb\"},\"inLanguage\":\"it-IT\",\"potentialAction\":[{\"@type\":\"ReadAction\",\"target\":[\"https:\\\/\\\/artnuances.com\\\/it\\\/artworks\\\/wonder-woman\\\/\"]}]},{\"@type\":\"ImageObject\",\"inLanguage\":\"it-IT\",\"@id\":\"https:\\\/\\\/artnuances.com\\\/it\\\/artworks\\\/wonder-woman\\\/#primaryimage\",\"url\":\"https:\\\/\\\/artnuances.com\\\/wp-content\\\/uploads\\\/2021\\\/02\\\/Wonder-woman-an-2.jpg\",\"contentUrl\":\"https:\\\/\\\/artnuances.com\\\/wp-content\\\/uploads\\\/2021\\\/02\\\/Wonder-woman-an-2.jpg\",\"width\":2020,\"height\":2155,\"caption\":\"Wonder woman\"},{\"@type\":\"BreadcrumbList\",\"@id\":\"https:\\\/\\\/artnuances.com\\\/it\\\/artworks\\\/wonder-woman\\\/#breadcrumb\",\"itemListElement\":[{\"@type\":\"ListItem\",\"position\":1,\"name\":\"Home\",\"item\":\"https:\\\/\\\/artnuances.com\\\/it\\\/\"},{\"@type\":\"ListItem\",\"position\":2,\"name\":\"Shop online\",\"item\":\"https:\\\/\\\/artnuances.com\\\/it\\\/shop-online-galleria-darte-artnuances\\\/\"},{\"@type\":\"ListItem\",\"position\":3,\"name\":\"Wonder woman\"}]},{\"@type\":\"WebSite\",\"@id\":\"https:\\\/\\\/artnuances.com\\\/it\\\/#website\",\"url\":\"https:\\\/\\\/artnuances.com\\\/it\\\/\",\"name\":\"Artnuances - Art gallery online\",\"description\":\"Artnuances Gallery\",\"publisher\":{\"@id\":\"https:\\\/\\\/artnuances.com\\\/it\\\/#organization\"},\"potentialAction\":[{\"@type\":\"SearchAction\",\"target\":{\"@type\":\"EntryPoint\",\"urlTemplate\":\"https:\\\/\\\/artnuances.com\\\/it\\\/?s={search_term_string}\"},\"query-input\":{\"@type\":\"PropertyValueSpecification\",\"valueRequired\":true,\"valueName\":\"search_term_string\"}}],\"inLanguage\":\"it-IT\"},{\"@type\":\"Organization\",\"@id\":\"https:\\\/\\\/artnuances.com\\\/it\\\/#organization\",\"name\":\"Studio Artnuances LTD\",\"url\":\"https:\\\/\\\/artnuances.com\\\/it\\\/\",\"logo\":{\"@type\":\"ImageObject\",\"inLanguage\":\"it-IT\",\"@id\":\"https:\\\/\\\/artnuances.com\\\/it\\\/#\\\/schema\\\/logo\\\/image\\\/\",\"url\":\"https:\\\/\\\/artnuances.com\\\/wp-content\\\/uploads\\\/2019\\\/09\\\/artnuanse.png\",\"contentUrl\":\"https:\\\/\\\/artnuances.com\\\/wp-content\\\/uploads\\\/2019\\\/09\\\/artnuanse.png\",\"width\":622,\"height\":622,\"caption\":\"Studio Artnuances LTD\"},\"image\":{\"@id\":\"https:\\\/\\\/artnuances.com\\\/it\\\/#\\\/schema\\\/logo\\\/image\\\/\"},\"sameAs\":[\"https:\\\/\\\/www.facebook.com\\\/studioartnuances\\\/\",\"https:\\\/\\\/www.instagram.com\\\/studioartnuances\\\/\",\"https:\\\/\\\/www.youtube.com\\\/channel\\\/UCoU2Nb_B-2BOiDcO292sggg\"]}]}<\/script>\n<!-- \/ Yoast SEO plugin. -->","yoast_head_json":{"title":"Wonder woman - Zennia - Artnuances Gallery","description":"Le fantasiose, quanto ricercate acconciature africane, sono un elemento importante della cultura estetica in quell continente.","robots":{"index":"index","follow":"follow","max-snippet":"max-snippet:-1","max-image-preview":"max-image-preview:large","max-video-preview":"max-video-preview:-1"},"canonical":"https:\/\/artnuances.com\/it\/artworks\/wonder-woman\/","og_locale":"it_IT","og_type":"article","og_title":"Wonder woman - Zennia - Artnuances Gallery","og_description":"Le fantasiose, quanto ricercate acconciature africane, sono un elemento importante della cultura estetica in quell continente.","og_url":"https:\/\/artnuances.com\/it\/artworks\/wonder-woman\/","og_site_name":"Artnuances - Art gallery online","article_publisher":"https:\/\/www.facebook.com\/studioartnuances\/","article_modified_time":"2023-09-08T14:39:20+00:00","og_image":[{"width":2020,"height":2155,"url":"https:\/\/artnuances.com\/wp-content\/uploads\/2021\/02\/Wonder-woman-an-2.jpg","type":"image\/jpeg"}],"twitter_card":"summary_large_image","schema":{"@context":"https:\/\/schema.org","@graph":[{"@type":"WebPage","@id":"https:\/\/artnuances.com\/it\/artworks\/wonder-woman\/","url":"https:\/\/artnuances.com\/it\/artworks\/wonder-woman\/","name":"Wonder woman - Zennia - Artnuances Gallery","isPartOf":{"@id":"https:\/\/artnuances.com\/it\/#website"},"primaryImageOfPage":{"@id":"https:\/\/artnuances.com\/it\/artworks\/wonder-woman\/#primaryimage"},"image":{"@id":"https:\/\/artnuances.com\/it\/artworks\/wonder-woman\/#primaryimage"},"thumbnailUrl":"https:\/\/artnuances.com\/wp-content\/uploads\/2021\/02\/Wonder-woman-an-2.jpg","datePublished":"2021-02-10T15:18:58+00:00","dateModified":"2023-09-08T14:39:20+00:00","description":"Le fantasiose, quanto ricercate acconciature africane, sono un elemento importante della cultura estetica in quell continente.","breadcrumb":{"@id":"https:\/\/artnuances.com\/it\/artworks\/wonder-woman\/#breadcrumb"},"inLanguage":"it-IT","potentialAction":[{"@type":"ReadAction","target":["https:\/\/artnuances.com\/it\/artworks\/wonder-woman\/"]}]},{"@type":"ImageObject","inLanguage":"it-IT","@id":"https:\/\/artnuances.com\/it\/artworks\/wonder-woman\/#primaryimage","url":"https:\/\/artnuances.com\/wp-content\/uploads\/2021\/02\/Wonder-woman-an-2.jpg","contentUrl":"https:\/\/artnuances.com\/wp-content\/uploads\/2021\/02\/Wonder-woman-an-2.jpg","width":2020,"height":2155,"caption":"Wonder woman"},{"@type":"BreadcrumbList","@id":"https:\/\/artnuances.com\/it\/artworks\/wonder-woman\/#breadcrumb","itemListElement":[{"@type":"ListItem","position":1,"name":"Home","item":"https:\/\/artnuances.com\/it\/"},{"@type":"ListItem","position":2,"name":"Shop online","item":"https:\/\/artnuances.com\/it\/shop-online-galleria-darte-artnuances\/"},{"@type":"ListItem","position":3,"name":"Wonder woman"}]},{"@type":"WebSite","@id":"https:\/\/artnuances.com\/it\/#website","url":"https:\/\/artnuances.com\/it\/","name":"Artnuances - Art gallery online","description":"Artnuances Gallery","publisher":{"@id":"https:\/\/artnuances.com\/it\/#organization"},"potentialAction":[{"@type":"SearchAction","target":{"@type":"EntryPoint","urlTemplate":"https:\/\/artnuances.com\/it\/?s={search_term_string}"},"query-input":{"@type":"PropertyValueSpecification","valueRequired":true,"valueName":"search_term_string"}}],"inLanguage":"it-IT"},{"@type":"Organization","@id":"https:\/\/artnuances.com\/it\/#organization","name":"Studio Artnuances LTD","url":"https:\/\/artnuances.com\/it\/","logo":{"@type":"ImageObject","inLanguage":"it-IT","@id":"https:\/\/artnuances.com\/it\/#\/schema\/logo\/image\/","url":"https:\/\/artnuances.com\/wp-content\/uploads\/2019\/09\/artnuanse.png","contentUrl":"https:\/\/artnuances.com\/wp-content\/uploads\/2019\/09\/artnuanse.png","width":622,"height":622,"caption":"Studio Artnuances LTD"},"image":{"@id":"https:\/\/artnuances.com\/it\/#\/schema\/logo\/image\/"},"sameAs":["https:\/\/www.facebook.com\/studioartnuances\/","https:\/\/www.instagram.com\/studioartnuances\/","https:\/\/www.youtube.com\/channel\/UCoU2Nb_B-2BOiDcO292sggg"]}]}},"_links":{"self":[{"href":"https:\/\/artnuances.com\/it\/wp-json\/wp\/v2\/product\/30139","targetHints":{"allow":["GET"]}}],"collection":[{"href":"https:\/\/artnuances.com\/it\/wp-json\/wp\/v2\/product"}],"about":[{"href":"https:\/\/artnuances.com\/it\/wp-json\/wp\/v2\/types\/product"}],"replies":[{"embeddable":true,"href":"https:\/\/artnuances.com\/it\/wp-json\/wp\/v2\/comments?post=30139"}],"wp:featuredmedia":[{"embeddable":true,"href":"https:\/\/artnuances.com\/it\/wp-json\/wp\/v2\/media\/30123"}],"wp:attachment":[{"href":"https:\/\/artnuances.com\/it\/wp-json\/wp\/v2\/media?parent=30139"}],"wp:term":[{"taxonomy":"product_brand","embeddable":true,"href":"https:\/\/artnuances.com\/it\/wp-json\/wp\/v2\/product_brand?post=30139"},{"taxonomy":"product_cat","embeddable":true,"href":"https:\/\/artnuances.com\/it\/wp-json\/wp\/v2\/product_cat?post=30139"},{"taxonomy":"product_tag","embeddable":true,"href":"https:\/\/artnuances.com\/it\/wp-json\/wp\/v2\/product_tag?post=30139"}],"curies":[{"name":"wp","href":"https:\/\/api.w.org\/{rel}","templated":true}]}}