{"id":30135,"date":"2021-02-10T15:06:27","date_gmt":"2021-02-10T15:06:28","guid":{"rendered":"https:\/\/www.artnuances-com-717041.hostingersite.com\/?post_type=product&#038;p=30135"},"modified":"2023-09-08T14:38:37","modified_gmt":"2023-09-08T14:38:37","slug":"dialogue","status":"publish","type":"product","link":"https:\/\/artnuances.com\/it\/artworks\/dialogue\/","title":{"rendered":"Dialogue"},"content":{"rendered":"<h1><em><strong>Dialogue, <\/strong><\/em><strong>\u00e8 un lavoro di <\/strong><strong><a href=\"https:\/\/artnuances.com\/it\/authors\/onyinye-ezennia-zennia\/\">Zennia<\/a>.<\/strong><\/h1>\n<h3>Il dialogo \u00e8 il modo in cui gli esseri umani si scambiano idee, sentimenti, pensieri. Senza il dialogo fondamentalmente siamo persi. Con il dialogo si risolvono le dispute, sia fanno crescere le idee, si fa nascere un amore. Due donne che parlano \u00e8 il simbolo pi\u00f9 diretto di cosa \u00e8 il dialogo. E\u2019 attraverso il dialogo che la mamma trasmette le prime sensazioni al nascituro. Quindi il dialogo \u00e8 basilare in una societ\u00e0, perch\u00e8 \u00e8 con esso che si sviluppa e progredisce.<\/h3>\n","protected":false},"excerpt":{"rendered":"<p>Dialogue, \u00e8 un lavoro di Zennia. Il dialogo \u00e8 il modo in cui gli esseri umani si scambiano idee, sentimenti, pensieri. Senza il dialogo fondamentalmente siamo persi. Con il dialogo si risolvono le dispute, sia fanno crescere le idee, si fa nascere un amore. Due donne che parlano \u00e8 il simbolo pi\u00f9 diretto di cosa&#8230;<\/p>\n","protected":false},"featured_media":30105,"comment_status":"closed","ping_status":"closed","template":"","meta":{"_acf_changed":false},"product_brand":[209],"product_cat":[116,131],"product_tag":[],"class_list":{"0":"post-30135","1":"product","2":"type-product","3":"status-publish","4":"has-post-thumbnail","6":"product_brand-onyinye-ezennia-zennia","7":"product_cat-dipinti","8":"product_cat-scenografico","10":"first","11":"instock","12":"featured","13":"purchasable","14":"product-type-simple"},"acf":[],"yoast_head":"<!-- This site is optimized with the Yoast SEO plugin v27.3 - https:\/\/yoast.com\/product\/yoast-seo-wordpress\/ -->\n<title>Dialogue - Zennia - Artnuances Gallery<\/title>\n<meta name=\"description\" content=\"Il dialogo \u00e8 il modo in cui gli esseri umani si scambiano idee, sentimenti, pensieri. Senza il dialogo fondamentalmente siamo persi.\" \/>\n<meta name=\"robots\" content=\"index, follow, max-snippet:-1, max-image-preview:large, max-video-preview:-1\" \/>\n<link rel=\"canonical\" href=\"https:\/\/artnuances.com\/it\/artworks\/dialogue\/\" \/>\n<meta property=\"og:locale\" content=\"it_IT\" \/>\n<meta property=\"og:type\" content=\"article\" \/>\n<meta property=\"og:title\" content=\"Dialogue - Zennia - Artnuances Gallery\" \/>\n<meta property=\"og:description\" content=\"Il dialogo \u00e8 il modo in cui gli esseri umani si scambiano idee, sentimenti, pensieri. Senza il dialogo fondamentalmente siamo persi.\" \/>\n<meta property=\"og:url\" content=\"https:\/\/artnuances.com\/it\/artworks\/dialogue\/\" \/>\n<meta property=\"og:site_name\" content=\"Artnuances - Art gallery online\" \/>\n<meta property=\"article:publisher\" content=\"https:\/\/www.facebook.com\/studioartnuances\/\" \/>\n<meta property=\"article:modified_time\" content=\"2023-09-08T14:38:37+00:00\" \/>\n<meta property=\"og:image\" content=\"https:\/\/artnuances.com\/wp-content\/uploads\/2021\/02\/Dialogue_2020-an-2.jpg\" \/>\n\t<meta property=\"og:image:width\" content=\"2020\" \/>\n\t<meta property=\"og:image:height\" content=\"1701\" \/>\n\t<meta property=\"og:image:type\" content=\"image\/jpeg\" \/>\n<meta name=\"twitter:card\" content=\"summary_large_image\" \/>\n<script type=\"application\/ld+json\" class=\"yoast-schema-graph\">{\"@context\":\"https:\\\/\\\/schema.org\",\"@graph\":[{\"@type\":\"WebPage\",\"@id\":\"https:\\\/\\\/artnuances.com\\\/it\\\/artworks\\\/dialogue\\\/\",\"url\":\"https:\\\/\\\/artnuances.com\\\/it\\\/artworks\\\/dialogue\\\/\",\"name\":\"Dialogue - Zennia - Artnuances Gallery\",\"isPartOf\":{\"@id\":\"https:\\\/\\\/artnuances.com\\\/it\\\/#website\"},\"primaryImageOfPage\":{\"@id\":\"https:\\\/\\\/artnuances.com\\\/it\\\/artworks\\\/dialogue\\\/#primaryimage\"},\"image\":{\"@id\":\"https:\\\/\\\/artnuances.com\\\/it\\\/artworks\\\/dialogue\\\/#primaryimage\"},\"thumbnailUrl\":\"https:\\\/\\\/artnuances.com\\\/wp-content\\\/uploads\\\/2021\\\/02\\\/Dialogue_2020-an-2.jpg\",\"datePublished\":\"2021-02-10T15:06:28+00:00\",\"dateModified\":\"2023-09-08T14:38:37+00:00\",\"description\":\"Il dialogo \u00e8 il modo in cui gli esseri umani si scambiano idee, sentimenti, pensieri. Senza il dialogo fondamentalmente siamo persi.\",\"breadcrumb\":{\"@id\":\"https:\\\/\\\/artnuances.com\\\/it\\\/artworks\\\/dialogue\\\/#breadcrumb\"},\"inLanguage\":\"it-IT\",\"potentialAction\":[{\"@type\":\"ReadAction\",\"target\":[\"https:\\\/\\\/artnuances.com\\\/it\\\/artworks\\\/dialogue\\\/\"]}]},{\"@type\":\"ImageObject\",\"inLanguage\":\"it-IT\",\"@id\":\"https:\\\/\\\/artnuances.com\\\/it\\\/artworks\\\/dialogue\\\/#primaryimage\",\"url\":\"https:\\\/\\\/artnuances.com\\\/wp-content\\\/uploads\\\/2021\\\/02\\\/Dialogue_2020-an-2.jpg\",\"contentUrl\":\"https:\\\/\\\/artnuances.com\\\/wp-content\\\/uploads\\\/2021\\\/02\\\/Dialogue_2020-an-2.jpg\",\"width\":2020,\"height\":1701,\"caption\":\"Dialogue\"},{\"@type\":\"BreadcrumbList\",\"@id\":\"https:\\\/\\\/artnuances.com\\\/it\\\/artworks\\\/dialogue\\\/#breadcrumb\",\"itemListElement\":[{\"@type\":\"ListItem\",\"position\":1,\"name\":\"Home\",\"item\":\"https:\\\/\\\/artnuances.com\\\/it\\\/\"},{\"@type\":\"ListItem\",\"position\":2,\"name\":\"Shop online\",\"item\":\"https:\\\/\\\/artnuances.com\\\/it\\\/shop-online-galleria-darte-artnuances\\\/\"},{\"@type\":\"ListItem\",\"position\":3,\"name\":\"Dialogue\"}]},{\"@type\":\"WebSite\",\"@id\":\"https:\\\/\\\/artnuances.com\\\/it\\\/#website\",\"url\":\"https:\\\/\\\/artnuances.com\\\/it\\\/\",\"name\":\"Artnuances - Art gallery online\",\"description\":\"Artnuances Gallery\",\"publisher\":{\"@id\":\"https:\\\/\\\/artnuances.com\\\/it\\\/#organization\"},\"potentialAction\":[{\"@type\":\"SearchAction\",\"target\":{\"@type\":\"EntryPoint\",\"urlTemplate\":\"https:\\\/\\\/artnuances.com\\\/it\\\/?s={search_term_string}\"},\"query-input\":{\"@type\":\"PropertyValueSpecification\",\"valueRequired\":true,\"valueName\":\"search_term_string\"}}],\"inLanguage\":\"it-IT\"},{\"@type\":\"Organization\",\"@id\":\"https:\\\/\\\/artnuances.com\\\/it\\\/#organization\",\"name\":\"Studio Artnuances LTD\",\"url\":\"https:\\\/\\\/artnuances.com\\\/it\\\/\",\"logo\":{\"@type\":\"ImageObject\",\"inLanguage\":\"it-IT\",\"@id\":\"https:\\\/\\\/artnuances.com\\\/it\\\/#\\\/schema\\\/logo\\\/image\\\/\",\"url\":\"https:\\\/\\\/artnuances.com\\\/wp-content\\\/uploads\\\/2019\\\/09\\\/artnuanse.png\",\"contentUrl\":\"https:\\\/\\\/artnuances.com\\\/wp-content\\\/uploads\\\/2019\\\/09\\\/artnuanse.png\",\"width\":622,\"height\":622,\"caption\":\"Studio Artnuances LTD\"},\"image\":{\"@id\":\"https:\\\/\\\/artnuances.com\\\/it\\\/#\\\/schema\\\/logo\\\/image\\\/\"},\"sameAs\":[\"https:\\\/\\\/www.facebook.com\\\/studioartnuances\\\/\",\"https:\\\/\\\/www.instagram.com\\\/studioartnuances\\\/\",\"https:\\\/\\\/www.youtube.com\\\/channel\\\/UCoU2Nb_B-2BOiDcO292sggg\"]}]}<\/script>\n<!-- \/ Yoast SEO plugin. -->","yoast_head_json":{"title":"Dialogue - Zennia - Artnuances Gallery","description":"Il dialogo \u00e8 il modo in cui gli esseri umani si scambiano idee, sentimenti, pensieri. Senza il dialogo fondamentalmente siamo persi.","robots":{"index":"index","follow":"follow","max-snippet":"max-snippet:-1","max-image-preview":"max-image-preview:large","max-video-preview":"max-video-preview:-1"},"canonical":"https:\/\/artnuances.com\/it\/artworks\/dialogue\/","og_locale":"it_IT","og_type":"article","og_title":"Dialogue - Zennia - Artnuances Gallery","og_description":"Il dialogo \u00e8 il modo in cui gli esseri umani si scambiano idee, sentimenti, pensieri. Senza il dialogo fondamentalmente siamo persi.","og_url":"https:\/\/artnuances.com\/it\/artworks\/dialogue\/","og_site_name":"Artnuances - Art gallery online","article_publisher":"https:\/\/www.facebook.com\/studioartnuances\/","article_modified_time":"2023-09-08T14:38:37+00:00","og_image":[{"width":2020,"height":1701,"url":"https:\/\/artnuances.com\/wp-content\/uploads\/2021\/02\/Dialogue_2020-an-2.jpg","type":"image\/jpeg"}],"twitter_card":"summary_large_image","schema":{"@context":"https:\/\/schema.org","@graph":[{"@type":"WebPage","@id":"https:\/\/artnuances.com\/it\/artworks\/dialogue\/","url":"https:\/\/artnuances.com\/it\/artworks\/dialogue\/","name":"Dialogue - Zennia - Artnuances Gallery","isPartOf":{"@id":"https:\/\/artnuances.com\/it\/#website"},"primaryImageOfPage":{"@id":"https:\/\/artnuances.com\/it\/artworks\/dialogue\/#primaryimage"},"image":{"@id":"https:\/\/artnuances.com\/it\/artworks\/dialogue\/#primaryimage"},"thumbnailUrl":"https:\/\/artnuances.com\/wp-content\/uploads\/2021\/02\/Dialogue_2020-an-2.jpg","datePublished":"2021-02-10T15:06:28+00:00","dateModified":"2023-09-08T14:38:37+00:00","description":"Il dialogo \u00e8 il modo in cui gli esseri umani si scambiano idee, sentimenti, pensieri. Senza il dialogo fondamentalmente siamo persi.","breadcrumb":{"@id":"https:\/\/artnuances.com\/it\/artworks\/dialogue\/#breadcrumb"},"inLanguage":"it-IT","potentialAction":[{"@type":"ReadAction","target":["https:\/\/artnuances.com\/it\/artworks\/dialogue\/"]}]},{"@type":"ImageObject","inLanguage":"it-IT","@id":"https:\/\/artnuances.com\/it\/artworks\/dialogue\/#primaryimage","url":"https:\/\/artnuances.com\/wp-content\/uploads\/2021\/02\/Dialogue_2020-an-2.jpg","contentUrl":"https:\/\/artnuances.com\/wp-content\/uploads\/2021\/02\/Dialogue_2020-an-2.jpg","width":2020,"height":1701,"caption":"Dialogue"},{"@type":"BreadcrumbList","@id":"https:\/\/artnuances.com\/it\/artworks\/dialogue\/#breadcrumb","itemListElement":[{"@type":"ListItem","position":1,"name":"Home","item":"https:\/\/artnuances.com\/it\/"},{"@type":"ListItem","position":2,"name":"Shop online","item":"https:\/\/artnuances.com\/it\/shop-online-galleria-darte-artnuances\/"},{"@type":"ListItem","position":3,"name":"Dialogue"}]},{"@type":"WebSite","@id":"https:\/\/artnuances.com\/it\/#website","url":"https:\/\/artnuances.com\/it\/","name":"Artnuances - Art gallery online","description":"Artnuances Gallery","publisher":{"@id":"https:\/\/artnuances.com\/it\/#organization"},"potentialAction":[{"@type":"SearchAction","target":{"@type":"EntryPoint","urlTemplate":"https:\/\/artnuances.com\/it\/?s={search_term_string}"},"query-input":{"@type":"PropertyValueSpecification","valueRequired":true,"valueName":"search_term_string"}}],"inLanguage":"it-IT"},{"@type":"Organization","@id":"https:\/\/artnuances.com\/it\/#organization","name":"Studio Artnuances LTD","url":"https:\/\/artnuances.com\/it\/","logo":{"@type":"ImageObject","inLanguage":"it-IT","@id":"https:\/\/artnuances.com\/it\/#\/schema\/logo\/image\/","url":"https:\/\/artnuances.com\/wp-content\/uploads\/2019\/09\/artnuanse.png","contentUrl":"https:\/\/artnuances.com\/wp-content\/uploads\/2019\/09\/artnuanse.png","width":622,"height":622,"caption":"Studio Artnuances LTD"},"image":{"@id":"https:\/\/artnuances.com\/it\/#\/schema\/logo\/image\/"},"sameAs":["https:\/\/www.facebook.com\/studioartnuances\/","https:\/\/www.instagram.com\/studioartnuances\/","https:\/\/www.youtube.com\/channel\/UCoU2Nb_B-2BOiDcO292sggg"]}]}},"_links":{"self":[{"href":"https:\/\/artnuances.com\/it\/wp-json\/wp\/v2\/product\/30135","targetHints":{"allow":["GET"]}}],"collection":[{"href":"https:\/\/artnuances.com\/it\/wp-json\/wp\/v2\/product"}],"about":[{"href":"https:\/\/artnuances.com\/it\/wp-json\/wp\/v2\/types\/product"}],"replies":[{"embeddable":true,"href":"https:\/\/artnuances.com\/it\/wp-json\/wp\/v2\/comments?post=30135"}],"wp:featuredmedia":[{"embeddable":true,"href":"https:\/\/artnuances.com\/it\/wp-json\/wp\/v2\/media\/30105"}],"wp:attachment":[{"href":"https:\/\/artnuances.com\/it\/wp-json\/wp\/v2\/media?parent=30135"}],"wp:term":[{"taxonomy":"product_brand","embeddable":true,"href":"https:\/\/artnuances.com\/it\/wp-json\/wp\/v2\/product_brand?post=30135"},{"taxonomy":"product_cat","embeddable":true,"href":"https:\/\/artnuances.com\/it\/wp-json\/wp\/v2\/product_cat?post=30135"},{"taxonomy":"product_tag","embeddable":true,"href":"https:\/\/artnuances.com\/it\/wp-json\/wp\/v2\/product_tag?post=30135"}],"curies":[{"name":"wp","href":"https:\/\/api.w.org\/{rel}","templated":true}]}}