{"id":29596,"date":"2020-12-07T15:05:31","date_gmt":"2020-12-07T15:05:32","guid":{"rendered":"https:\/\/www.artnuances-com-717041.hostingersite.com\/?post_type=product&#038;p=29596"},"modified":"2023-05-29T14:17:07","modified_gmt":"2023-05-29T14:17:07","slug":"madonna-col-bambino-lorenzetti","status":"publish","type":"product","link":"https:\/\/artnuances.com\/it\/artworks\/madonna-col-bambino-lorenzetti\/","title":{"rendered":"Madonna col Bambino"},"content":{"rendered":"<section class=\"l-section wpb_row height_large\"><div class=\"l-section-h i-cf\"><div class=\"g-cols vc_row via_flex valign_top type_default stacking_default\"><div class=\"vc_col-sm-12 wpb_column vc_column_container\"><div class=\"vc_column-inner\"><div class=\"wpb_wrapper\"><div class=\"wpb_text_column\"><div class=\"wpb_wrapper\"><h1><em>Madonna col Bambino \u00e8 un opera di<\/em>\u00a0<a href=\"https:\/\/artnuances.com\/it\/authors\/claudia-ciotti-it\/\">Claudia Ciotti<\/a>.<\/h1>\n<h3>Claudia Ciotti qui ha realizzato una meravigliosa opera ispirata ad una simile eseguita da Pietro Lorenzetti (Siena, circa 1280\/85 &#8211; circa 1348) \u00e8 stato un pittore italiano del XIV secolo, uno dei maestri della scuola senese. Era il fratello maggiore di Ambrogio Lorenzetti. Dal 1310 al 1320 partecip\u00f2 al grande cantiere decorativo della Basilica Inferiore di Assisi, con Martini e altri pittori fiorentini della scuola giottesca; in particolare lavor\u00f2 nel transetto sud al servizio del cardinale Napoleone Orsini, affrescando scene della Passione di Cristo, nelle quali dimostr\u00f2 di aver sviluppato un linguaggio figurativo autonomo che sintetizzava l&#8217;arte senese e il linguaggio di Giotto. Lorenzetti si rec\u00f2 successivamente a Siena, dove nel 1329 dipinse la grande Pala del Carmine, gi\u00e0 nella chiesa del Carmine. La Madonna \u00e8 seduta in trono, in una solenne plasticit\u00e0 che ricorda la Madonna di Ognissanti di Giotto, soprattutto nelle tonalit\u00e0 corpose del volto. Nelle opere pi\u00f9 mature appare influenzato dal fratello Ambrogio Lorenzetti, dove il giottismo pi\u00f9 fiorentino si diluisce nella ricerca naturalistica e luministica. Verso il 1340 dipinse la pala della beata Umilt\u00e0, per una chiesa fiorentina, mentre da Pistoia (1340) viene la Madonna in trono con Bambino tra otto angeli.<br \/>\nOvviamente non si tratta di un semplice restyling, ma dell&#8217;abilit\u00e0 di un artigiano-artista che sa ripercorrere le meraviglie della storia dell&#8217;arte, attraverso tecniche di esecuzione assolutamente diverse. Qui non \u00e8 pi\u00f9 la pennellata su tela, ma quella su pietra refrattaria, che comporta innumerevoli difficolt\u00e0 esecutive e progettuali.<br \/>\nL&#8217;artista intende regalare a chi sa apprezzare questo genere artistico un&#8217;opera unica sia per qualit\u00e0 che per realizzazione.<br \/>\nTecnica: ceramica interamente dipinta a mano su lastra refrattaria, con ossidi ceramici e con finiture in oro zecchino lucido<\/h3>\n<\/div><\/div><\/div><\/div><\/div><\/div><\/div><\/section>\n","protected":false},"excerpt":{"rendered":"Madonna col Bambino \u00e8 un opera di\u00a0Claudia Ciotti. Claudia Ciotti qui ha realizzato una meravigliosa opera ispirata ad una simile eseguita da Pietro Lorenzetti (Siena, circa 1280\/85 &#8211; circa 1348) \u00e8 stato un pittore italiano del XIV secolo, uno dei maestri della scuola senese. Era il fratello maggiore di Ambrogio Lorenzetti. Dal 1310 al 1320...","protected":false},"featured_media":29577,"comment_status":"closed","ping_status":"closed","template":"","meta":{"_acf_changed":false},"product_brand":[137],"product_cat":[116,130],"product_tag":[],"class_list":{"0":"post-29596","1":"product","2":"type-product","3":"status-publish","4":"has-post-thumbnail","6":"product_brand-claudia-ciotti-it","7":"product_cat-dipinti","8":"product_cat-religioso","10":"first","11":"instock","12":"featured","13":"purchasable","14":"product-type-simple"},"acf":[],"yoast_head":"<!-- This site is optimized with the Yoast SEO plugin v27.3 - https:\/\/yoast.com\/product\/yoast-seo-wordpress\/ -->\n<title>Madonna col Bambino - Claudia Ciotti - Artnuances Gallery<\/title>\n<meta name=\"description\" content=\"Madonna and Child \u00e8 un&#039;opera d&#039;arte appartenente alla collezione di Claudia Ciotti. Si presenta nella versione classica ..\" \/>\n<meta name=\"robots\" content=\"index, follow, max-snippet:-1, max-image-preview:large, max-video-preview:-1\" \/>\n<link rel=\"canonical\" href=\"https:\/\/artnuances.com\/it\/artworks\/madonna-col-bambino-lorenzetti\/\" \/>\n<meta property=\"og:locale\" content=\"it_IT\" \/>\n<meta property=\"og:type\" content=\"article\" \/>\n<meta property=\"og:title\" content=\"Madonna col Bambino - Claudia Ciotti - Artnuances Gallery\" \/>\n<meta property=\"og:description\" content=\"Madonna and Child \u00e8 un&#039;opera d&#039;arte appartenente alla collezione di Claudia Ciotti. Si presenta nella versione classica ..\" \/>\n<meta property=\"og:url\" content=\"https:\/\/artnuances.com\/it\/artworks\/madonna-col-bambino-lorenzetti\/\" \/>\n<meta property=\"og:site_name\" content=\"Artnuances - Art gallery online\" \/>\n<meta property=\"article:publisher\" content=\"https:\/\/www.facebook.com\/studioartnuances\/\" \/>\n<meta property=\"article:modified_time\" content=\"2023-05-29T14:17:07+00:00\" \/>\n<meta property=\"og:image\" content=\"https:\/\/artnuances.com\/wp-content\/uploads\/2020\/12\/IMG_0542-an-scaled.jpg\" \/>\n\t<meta property=\"og:image:width\" content=\"1931\" \/>\n\t<meta property=\"og:image:height\" content=\"2560\" \/>\n\t<meta property=\"og:image:type\" content=\"image\/jpeg\" \/>\n<meta name=\"twitter:card\" content=\"summary_large_image\" \/>\n<meta name=\"twitter:label1\" content=\"Tempo di lettura stimato\" \/>\n\t<meta name=\"twitter:data1\" content=\"1 minuto\" \/>\n<script type=\"application\/ld+json\" class=\"yoast-schema-graph\">{\"@context\":\"https:\\\/\\\/schema.org\",\"@graph\":[{\"@type\":\"WebPage\",\"@id\":\"https:\\\/\\\/artnuances.com\\\/it\\\/artworks\\\/madonna-col-bambino-lorenzetti\\\/\",\"url\":\"https:\\\/\\\/artnuances.com\\\/it\\\/artworks\\\/madonna-col-bambino-lorenzetti\\\/\",\"name\":\"Madonna col Bambino - Claudia Ciotti - Artnuances Gallery\",\"isPartOf\":{\"@id\":\"https:\\\/\\\/artnuances.com\\\/it\\\/#website\"},\"primaryImageOfPage\":{\"@id\":\"https:\\\/\\\/artnuances.com\\\/it\\\/artworks\\\/madonna-col-bambino-lorenzetti\\\/#primaryimage\"},\"image\":{\"@id\":\"https:\\\/\\\/artnuances.com\\\/it\\\/artworks\\\/madonna-col-bambino-lorenzetti\\\/#primaryimage\"},\"thumbnailUrl\":\"https:\\\/\\\/artnuances.com\\\/wp-content\\\/uploads\\\/2020\\\/12\\\/IMG_0542-an-scaled.jpg\",\"datePublished\":\"2020-12-07T15:05:32+00:00\",\"dateModified\":\"2023-05-29T14:17:07+00:00\",\"description\":\"Madonna and Child \u00e8 un'opera d'arte appartenente alla collezione di Claudia Ciotti. Si presenta nella versione classica ..\",\"breadcrumb\":{\"@id\":\"https:\\\/\\\/artnuances.com\\\/it\\\/artworks\\\/madonna-col-bambino-lorenzetti\\\/#breadcrumb\"},\"inLanguage\":\"it-IT\",\"potentialAction\":[{\"@type\":\"ReadAction\",\"target\":[\"https:\\\/\\\/artnuances.com\\\/it\\\/artworks\\\/madonna-col-bambino-lorenzetti\\\/\"]}]},{\"@type\":\"ImageObject\",\"inLanguage\":\"it-IT\",\"@id\":\"https:\\\/\\\/artnuances.com\\\/it\\\/artworks\\\/madonna-col-bambino-lorenzetti\\\/#primaryimage\",\"url\":\"https:\\\/\\\/artnuances.com\\\/wp-content\\\/uploads\\\/2020\\\/12\\\/IMG_0542-an-scaled.jpg\",\"contentUrl\":\"https:\\\/\\\/artnuances.com\\\/wp-content\\\/uploads\\\/2020\\\/12\\\/IMG_0542-an-scaled.jpg\",\"width\":1931,\"height\":2560,\"caption\":\"Madonna and Child\"},{\"@type\":\"BreadcrumbList\",\"@id\":\"https:\\\/\\\/artnuances.com\\\/it\\\/artworks\\\/madonna-col-bambino-lorenzetti\\\/#breadcrumb\",\"itemListElement\":[{\"@type\":\"ListItem\",\"position\":1,\"name\":\"Home\",\"item\":\"https:\\\/\\\/artnuances.com\\\/it\\\/\"},{\"@type\":\"ListItem\",\"position\":2,\"name\":\"Shop online\",\"item\":\"https:\\\/\\\/artnuances.com\\\/it\\\/shop-online-galleria-darte-artnuances\\\/\"},{\"@type\":\"ListItem\",\"position\":3,\"name\":\"Madonna col Bambino\"}]},{\"@type\":\"WebSite\",\"@id\":\"https:\\\/\\\/artnuances.com\\\/it\\\/#website\",\"url\":\"https:\\\/\\\/artnuances.com\\\/it\\\/\",\"name\":\"Artnuances - Art gallery online\",\"description\":\"Artnuances Gallery\",\"publisher\":{\"@id\":\"https:\\\/\\\/artnuances.com\\\/it\\\/#organization\"},\"potentialAction\":[{\"@type\":\"SearchAction\",\"target\":{\"@type\":\"EntryPoint\",\"urlTemplate\":\"https:\\\/\\\/artnuances.com\\\/it\\\/?s={search_term_string}\"},\"query-input\":{\"@type\":\"PropertyValueSpecification\",\"valueRequired\":true,\"valueName\":\"search_term_string\"}}],\"inLanguage\":\"it-IT\"},{\"@type\":\"Organization\",\"@id\":\"https:\\\/\\\/artnuances.com\\\/it\\\/#organization\",\"name\":\"Studio Artnuances LTD\",\"url\":\"https:\\\/\\\/artnuances.com\\\/it\\\/\",\"logo\":{\"@type\":\"ImageObject\",\"inLanguage\":\"it-IT\",\"@id\":\"https:\\\/\\\/artnuances.com\\\/it\\\/#\\\/schema\\\/logo\\\/image\\\/\",\"url\":\"https:\\\/\\\/artnuances.com\\\/wp-content\\\/uploads\\\/2019\\\/09\\\/artnuanse.png\",\"contentUrl\":\"https:\\\/\\\/artnuances.com\\\/wp-content\\\/uploads\\\/2019\\\/09\\\/artnuanse.png\",\"width\":622,\"height\":622,\"caption\":\"Studio Artnuances LTD\"},\"image\":{\"@id\":\"https:\\\/\\\/artnuances.com\\\/it\\\/#\\\/schema\\\/logo\\\/image\\\/\"},\"sameAs\":[\"https:\\\/\\\/www.facebook.com\\\/studioartnuances\\\/\",\"https:\\\/\\\/www.instagram.com\\\/studioartnuances\\\/\",\"https:\\\/\\\/www.youtube.com\\\/channel\\\/UCoU2Nb_B-2BOiDcO292sggg\"]}]}<\/script>\n<!-- \/ Yoast SEO plugin. -->","yoast_head_json":{"title":"Madonna col Bambino - Claudia Ciotti - Artnuances Gallery","description":"Madonna and Child \u00e8 un'opera d'arte appartenente alla collezione di Claudia Ciotti. Si presenta nella versione classica ..","robots":{"index":"index","follow":"follow","max-snippet":"max-snippet:-1","max-image-preview":"max-image-preview:large","max-video-preview":"max-video-preview:-1"},"canonical":"https:\/\/artnuances.com\/it\/artworks\/madonna-col-bambino-lorenzetti\/","og_locale":"it_IT","og_type":"article","og_title":"Madonna col Bambino - Claudia Ciotti - Artnuances Gallery","og_description":"Madonna and Child \u00e8 un'opera d'arte appartenente alla collezione di Claudia Ciotti. Si presenta nella versione classica ..","og_url":"https:\/\/artnuances.com\/it\/artworks\/madonna-col-bambino-lorenzetti\/","og_site_name":"Artnuances - Art gallery online","article_publisher":"https:\/\/www.facebook.com\/studioartnuances\/","article_modified_time":"2023-05-29T14:17:07+00:00","og_image":[{"width":1931,"height":2560,"url":"https:\/\/artnuances.com\/wp-content\/uploads\/2020\/12\/IMG_0542-an-scaled.jpg","type":"image\/jpeg"}],"twitter_card":"summary_large_image","twitter_misc":{"Tempo di lettura stimato":"1 minuto"},"schema":{"@context":"https:\/\/schema.org","@graph":[{"@type":"WebPage","@id":"https:\/\/artnuances.com\/it\/artworks\/madonna-col-bambino-lorenzetti\/","url":"https:\/\/artnuances.com\/it\/artworks\/madonna-col-bambino-lorenzetti\/","name":"Madonna col Bambino - Claudia Ciotti - Artnuances Gallery","isPartOf":{"@id":"https:\/\/artnuances.com\/it\/#website"},"primaryImageOfPage":{"@id":"https:\/\/artnuances.com\/it\/artworks\/madonna-col-bambino-lorenzetti\/#primaryimage"},"image":{"@id":"https:\/\/artnuances.com\/it\/artworks\/madonna-col-bambino-lorenzetti\/#primaryimage"},"thumbnailUrl":"https:\/\/artnuances.com\/wp-content\/uploads\/2020\/12\/IMG_0542-an-scaled.jpg","datePublished":"2020-12-07T15:05:32+00:00","dateModified":"2023-05-29T14:17:07+00:00","description":"Madonna and Child \u00e8 un'opera d'arte appartenente alla collezione di Claudia Ciotti. Si presenta nella versione classica ..","breadcrumb":{"@id":"https:\/\/artnuances.com\/it\/artworks\/madonna-col-bambino-lorenzetti\/#breadcrumb"},"inLanguage":"it-IT","potentialAction":[{"@type":"ReadAction","target":["https:\/\/artnuances.com\/it\/artworks\/madonna-col-bambino-lorenzetti\/"]}]},{"@type":"ImageObject","inLanguage":"it-IT","@id":"https:\/\/artnuances.com\/it\/artworks\/madonna-col-bambino-lorenzetti\/#primaryimage","url":"https:\/\/artnuances.com\/wp-content\/uploads\/2020\/12\/IMG_0542-an-scaled.jpg","contentUrl":"https:\/\/artnuances.com\/wp-content\/uploads\/2020\/12\/IMG_0542-an-scaled.jpg","width":1931,"height":2560,"caption":"Madonna and Child"},{"@type":"BreadcrumbList","@id":"https:\/\/artnuances.com\/it\/artworks\/madonna-col-bambino-lorenzetti\/#breadcrumb","itemListElement":[{"@type":"ListItem","position":1,"name":"Home","item":"https:\/\/artnuances.com\/it\/"},{"@type":"ListItem","position":2,"name":"Shop online","item":"https:\/\/artnuances.com\/it\/shop-online-galleria-darte-artnuances\/"},{"@type":"ListItem","position":3,"name":"Madonna col Bambino"}]},{"@type":"WebSite","@id":"https:\/\/artnuances.com\/it\/#website","url":"https:\/\/artnuances.com\/it\/","name":"Artnuances - Art gallery online","description":"Artnuances Gallery","publisher":{"@id":"https:\/\/artnuances.com\/it\/#organization"},"potentialAction":[{"@type":"SearchAction","target":{"@type":"EntryPoint","urlTemplate":"https:\/\/artnuances.com\/it\/?s={search_term_string}"},"query-input":{"@type":"PropertyValueSpecification","valueRequired":true,"valueName":"search_term_string"}}],"inLanguage":"it-IT"},{"@type":"Organization","@id":"https:\/\/artnuances.com\/it\/#organization","name":"Studio Artnuances LTD","url":"https:\/\/artnuances.com\/it\/","logo":{"@type":"ImageObject","inLanguage":"it-IT","@id":"https:\/\/artnuances.com\/it\/#\/schema\/logo\/image\/","url":"https:\/\/artnuances.com\/wp-content\/uploads\/2019\/09\/artnuanse.png","contentUrl":"https:\/\/artnuances.com\/wp-content\/uploads\/2019\/09\/artnuanse.png","width":622,"height":622,"caption":"Studio Artnuances LTD"},"image":{"@id":"https:\/\/artnuances.com\/it\/#\/schema\/logo\/image\/"},"sameAs":["https:\/\/www.facebook.com\/studioartnuances\/","https:\/\/www.instagram.com\/studioartnuances\/","https:\/\/www.youtube.com\/channel\/UCoU2Nb_B-2BOiDcO292sggg"]}]}},"_links":{"self":[{"href":"https:\/\/artnuances.com\/it\/wp-json\/wp\/v2\/product\/29596","targetHints":{"allow":["GET"]}}],"collection":[{"href":"https:\/\/artnuances.com\/it\/wp-json\/wp\/v2\/product"}],"about":[{"href":"https:\/\/artnuances.com\/it\/wp-json\/wp\/v2\/types\/product"}],"replies":[{"embeddable":true,"href":"https:\/\/artnuances.com\/it\/wp-json\/wp\/v2\/comments?post=29596"}],"wp:featuredmedia":[{"embeddable":true,"href":"https:\/\/artnuances.com\/it\/wp-json\/wp\/v2\/media\/29577"}],"wp:attachment":[{"href":"https:\/\/artnuances.com\/it\/wp-json\/wp\/v2\/media?parent=29596"}],"wp:term":[{"taxonomy":"product_brand","embeddable":true,"href":"https:\/\/artnuances.com\/it\/wp-json\/wp\/v2\/product_brand?post=29596"},{"taxonomy":"product_cat","embeddable":true,"href":"https:\/\/artnuances.com\/it\/wp-json\/wp\/v2\/product_cat?post=29596"},{"taxonomy":"product_tag","embeddable":true,"href":"https:\/\/artnuances.com\/it\/wp-json\/wp\/v2\/product_tag?post=29596"}],"curies":[{"name":"wp","href":"https:\/\/api.w.org\/{rel}","templated":true}]}}