{"id":29585,"date":"2020-12-07T10:59:41","date_gmt":"2020-12-07T10:59:42","guid":{"rendered":"https:\/\/www.artnuances-com-717041.hostingersite.com\/?post_type=product&#038;p=29585"},"modified":"2023-05-29T14:18:08","modified_gmt":"2023-05-29T14:18:08","slug":"madonna-col-bambino-pinturicchio","status":"publish","type":"product","link":"https:\/\/artnuances.com\/it\/artworks\/madonna-col-bambino-pinturicchio\/","title":{"rendered":"Madonna col Bambino Pinturicchio"},"content":{"rendered":"<section class=\"l-section wpb_row height_large\"><div class=\"l-section-h i-cf\"><div class=\"g-cols vc_row via_flex valign_top type_default stacking_default\"><div class=\"vc_col-sm-12 wpb_column vc_column_container\"><div class=\"vc_column-inner\"><div class=\"wpb_wrapper\"><div class=\"wpb_text_column\"><div class=\"wpb_wrapper\"><h1><i>Madonna col Bambino \u00e8 un lavoro di<\/i>\u00a0<a href=\"https:\/\/artnuances.com\/it\/authors\/claudia-ciotti-it\/\">Claudia Ciotti<\/a>.<\/h1>\n<h3>Claudia Ciotti, qui ha realizzato una meravigliosa opera ispirata ad una simile eseguita da Bernardino di Betto Betti, meglio noto come Pinturicchio o Pintoricchio (Perugia, 1452 circa &#8211; Siena, 11 dicembre 1513), \u00e8 stata una pittrice italiana. Il soprannome di Pinturicchio (&#8220;piccolo Pintor&#8221;, cio\u00e8 &#8220;pittore&#8221;) deriva dalla sua corporatura piccola e lo fece lui stesso usandolo per firmare alcune opere. Giorgio Vasari ha descritto la sua biografia in Le Vite del 1568 (Bernardino Pinturicchio) citando nella parte finale anche Nicol\u00f2 Alunno di Foligno. Era un artista completo, in grado di padroneggiare l&#8217;arte della pittura su tavola, dell&#8217;affresco e della miniatura, lavorando per alcune delle personalit\u00e0 pi\u00f9 importanti del suo tempo. Fu uno dei grandi maestri della scuola umbra della seconda met\u00e0 del Quattrocento, con Pietro Perugino e il giovane Raffaello.<br \/>\nOvviamente non \u00e8 un semplice restyling, ma l&#8217;abilit\u00e0 di un artigiano-artista che sa ripercorrere le meraviglie della storia dell&#8217;arte, attraverso tecniche di esecuzione assolutamente diverse. Qui non \u00e8 pi\u00f9 la pennellata su tela, ma quella su pietra refrattaria, che comporta innumerevoli difficolt\u00e0 esecutive e progettuali.<br \/>\nL&#8217;artista intende dare a chi sa apprezzare questo genere artistico un&#8217;opera unica sia per qualit\u00e0 che per realizzazione.<br \/>\nTecnica: ceramica interamente dipinta a mano su piastra refrattaria, con ossidi ceramici e con finiture in oro zecchino opaco e lucido<\/h3>\n<\/div><\/div><\/div><\/div><\/div><\/div><\/div><\/section>\n","protected":false},"excerpt":{"rendered":"Madonna col Bambino \u00e8 un lavoro di\u00a0Claudia Ciotti. Claudia Ciotti, qui ha realizzato una meravigliosa opera ispirata ad una simile eseguita da Bernardino di Betto Betti, meglio noto come Pinturicchio o Pintoricchio (Perugia, 1452 circa &#8211; Siena, 11 dicembre 1513), \u00e8 stata una pittrice italiana. Il soprannome di Pinturicchio (&#8220;piccolo Pintor&#8221;, cio\u00e8 &#8220;pittore&#8221;) deriva dalla...","protected":false},"featured_media":29573,"comment_status":"closed","ping_status":"closed","template":"","meta":{"_acf_changed":false},"product_brand":[137],"product_cat":[116,130],"product_tag":[],"class_list":{"0":"post-29585","1":"product","2":"type-product","3":"status-publish","4":"has-post-thumbnail","6":"product_brand-claudia-ciotti-it","7":"product_cat-dipinti","8":"product_cat-religioso","10":"first","11":"instock","12":"featured","13":"purchasable","14":"product-type-simple"},"acf":[],"yoast_head":"<!-- This site is optimized with the Yoast SEO plugin v27.3 - https:\/\/yoast.com\/product\/yoast-seo-wordpress\/ -->\n<title>Madonna col Bambino Pinturicchio - Claudia Ciotti - Artnuances - Art gallery online<\/title>\n<meta name=\"description\" content=\"Madonna and Child \u00e8 un&#039;opera d&#039;arte appartenente alla collezione di Claudia Ciotti. Si presenta nella versione classica ..\" \/>\n<meta name=\"robots\" content=\"index, follow, max-snippet:-1, max-image-preview:large, max-video-preview:-1\" \/>\n<link rel=\"canonical\" href=\"https:\/\/artnuances.com\/it\/artworks\/madonna-col-bambino-pinturicchio\/\" \/>\n<meta property=\"og:locale\" content=\"it_IT\" \/>\n<meta property=\"og:type\" content=\"article\" \/>\n<meta property=\"og:title\" content=\"Madonna col Bambino Pinturicchio - Claudia Ciotti - Artnuances - Art gallery online\" \/>\n<meta property=\"og:description\" content=\"Madonna and Child \u00e8 un&#039;opera d&#039;arte appartenente alla collezione di Claudia Ciotti. Si presenta nella versione classica ..\" \/>\n<meta property=\"og:url\" content=\"https:\/\/artnuances.com\/it\/artworks\/madonna-col-bambino-pinturicchio\/\" \/>\n<meta property=\"og:site_name\" content=\"Artnuances - Art gallery online\" \/>\n<meta property=\"article:publisher\" content=\"https:\/\/www.facebook.com\/studioartnuances\/\" \/>\n<meta property=\"article:modified_time\" content=\"2023-05-29T14:18:08+00:00\" \/>\n<meta property=\"og:image\" content=\"https:\/\/artnuances.com\/wp-content\/uploads\/2020\/12\/IMG_0012-an-scaled.jpg\" \/>\n\t<meta property=\"og:image:width\" content=\"1981\" \/>\n\t<meta property=\"og:image:height\" content=\"2560\" \/>\n\t<meta property=\"og:image:type\" content=\"image\/jpeg\" \/>\n<meta name=\"twitter:card\" content=\"summary_large_image\" \/>\n<meta name=\"twitter:label1\" content=\"Tempo di lettura stimato\" \/>\n\t<meta name=\"twitter:data1\" content=\"1 minuto\" \/>\n<script type=\"application\/ld+json\" class=\"yoast-schema-graph\">{\"@context\":\"https:\\\/\\\/schema.org\",\"@graph\":[{\"@type\":\"WebPage\",\"@id\":\"https:\\\/\\\/artnuances.com\\\/it\\\/artworks\\\/madonna-col-bambino-pinturicchio\\\/\",\"url\":\"https:\\\/\\\/artnuances.com\\\/it\\\/artworks\\\/madonna-col-bambino-pinturicchio\\\/\",\"name\":\"Madonna col Bambino Pinturicchio - Claudia Ciotti - Artnuances - Art gallery online\",\"isPartOf\":{\"@id\":\"https:\\\/\\\/artnuances.com\\\/it\\\/#website\"},\"primaryImageOfPage\":{\"@id\":\"https:\\\/\\\/artnuances.com\\\/it\\\/artworks\\\/madonna-col-bambino-pinturicchio\\\/#primaryimage\"},\"image\":{\"@id\":\"https:\\\/\\\/artnuances.com\\\/it\\\/artworks\\\/madonna-col-bambino-pinturicchio\\\/#primaryimage\"},\"thumbnailUrl\":\"https:\\\/\\\/artnuances.com\\\/wp-content\\\/uploads\\\/2020\\\/12\\\/IMG_0012-an-scaled.jpg\",\"datePublished\":\"2020-12-07T10:59:42+00:00\",\"dateModified\":\"2023-05-29T14:18:08+00:00\",\"description\":\"Madonna and Child \u00e8 un'opera d'arte appartenente alla collezione di Claudia Ciotti. Si presenta nella versione classica ..\",\"breadcrumb\":{\"@id\":\"https:\\\/\\\/artnuances.com\\\/it\\\/artworks\\\/madonna-col-bambino-pinturicchio\\\/#breadcrumb\"},\"inLanguage\":\"it-IT\",\"potentialAction\":[{\"@type\":\"ReadAction\",\"target\":[\"https:\\\/\\\/artnuances.com\\\/it\\\/artworks\\\/madonna-col-bambino-pinturicchio\\\/\"]}]},{\"@type\":\"ImageObject\",\"inLanguage\":\"it-IT\",\"@id\":\"https:\\\/\\\/artnuances.com\\\/it\\\/artworks\\\/madonna-col-bambino-pinturicchio\\\/#primaryimage\",\"url\":\"https:\\\/\\\/artnuances.com\\\/wp-content\\\/uploads\\\/2020\\\/12\\\/IMG_0012-an-scaled.jpg\",\"contentUrl\":\"https:\\\/\\\/artnuances.com\\\/wp-content\\\/uploads\\\/2020\\\/12\\\/IMG_0012-an-scaled.jpg\",\"width\":1981,\"height\":2560,\"caption\":\"Madonna col Bambino del Pinturicchio\"},{\"@type\":\"BreadcrumbList\",\"@id\":\"https:\\\/\\\/artnuances.com\\\/it\\\/artworks\\\/madonna-col-bambino-pinturicchio\\\/#breadcrumb\",\"itemListElement\":[{\"@type\":\"ListItem\",\"position\":1,\"name\":\"Home\",\"item\":\"https:\\\/\\\/artnuances.com\\\/it\\\/\"},{\"@type\":\"ListItem\",\"position\":2,\"name\":\"Shop online\",\"item\":\"https:\\\/\\\/artnuances.com\\\/it\\\/shop-online-galleria-darte-artnuances\\\/\"},{\"@type\":\"ListItem\",\"position\":3,\"name\":\"Madonna col Bambino Pinturicchio\"}]},{\"@type\":\"WebSite\",\"@id\":\"https:\\\/\\\/artnuances.com\\\/it\\\/#website\",\"url\":\"https:\\\/\\\/artnuances.com\\\/it\\\/\",\"name\":\"Artnuances - Art gallery online\",\"description\":\"Artnuances Gallery\",\"publisher\":{\"@id\":\"https:\\\/\\\/artnuances.com\\\/it\\\/#organization\"},\"potentialAction\":[{\"@type\":\"SearchAction\",\"target\":{\"@type\":\"EntryPoint\",\"urlTemplate\":\"https:\\\/\\\/artnuances.com\\\/it\\\/?s={search_term_string}\"},\"query-input\":{\"@type\":\"PropertyValueSpecification\",\"valueRequired\":true,\"valueName\":\"search_term_string\"}}],\"inLanguage\":\"it-IT\"},{\"@type\":\"Organization\",\"@id\":\"https:\\\/\\\/artnuances.com\\\/it\\\/#organization\",\"name\":\"Studio Artnuances LTD\",\"url\":\"https:\\\/\\\/artnuances.com\\\/it\\\/\",\"logo\":{\"@type\":\"ImageObject\",\"inLanguage\":\"it-IT\",\"@id\":\"https:\\\/\\\/artnuances.com\\\/it\\\/#\\\/schema\\\/logo\\\/image\\\/\",\"url\":\"https:\\\/\\\/artnuances.com\\\/wp-content\\\/uploads\\\/2019\\\/09\\\/artnuanse.png\",\"contentUrl\":\"https:\\\/\\\/artnuances.com\\\/wp-content\\\/uploads\\\/2019\\\/09\\\/artnuanse.png\",\"width\":622,\"height\":622,\"caption\":\"Studio Artnuances LTD\"},\"image\":{\"@id\":\"https:\\\/\\\/artnuances.com\\\/it\\\/#\\\/schema\\\/logo\\\/image\\\/\"},\"sameAs\":[\"https:\\\/\\\/www.facebook.com\\\/studioartnuances\\\/\",\"https:\\\/\\\/www.instagram.com\\\/studioartnuances\\\/\",\"https:\\\/\\\/www.youtube.com\\\/channel\\\/UCoU2Nb_B-2BOiDcO292sggg\"]}]}<\/script>\n<!-- \/ Yoast SEO plugin. -->","yoast_head_json":{"title":"Madonna col Bambino Pinturicchio - Claudia Ciotti - Artnuances - Art gallery online","description":"Madonna and Child \u00e8 un'opera d'arte appartenente alla collezione di Claudia Ciotti. Si presenta nella versione classica ..","robots":{"index":"index","follow":"follow","max-snippet":"max-snippet:-1","max-image-preview":"max-image-preview:large","max-video-preview":"max-video-preview:-1"},"canonical":"https:\/\/artnuances.com\/it\/artworks\/madonna-col-bambino-pinturicchio\/","og_locale":"it_IT","og_type":"article","og_title":"Madonna col Bambino Pinturicchio - Claudia Ciotti - Artnuances - Art gallery online","og_description":"Madonna and Child \u00e8 un'opera d'arte appartenente alla collezione di Claudia Ciotti. Si presenta nella versione classica ..","og_url":"https:\/\/artnuances.com\/it\/artworks\/madonna-col-bambino-pinturicchio\/","og_site_name":"Artnuances - Art gallery online","article_publisher":"https:\/\/www.facebook.com\/studioartnuances\/","article_modified_time":"2023-05-29T14:18:08+00:00","og_image":[{"width":1981,"height":2560,"url":"https:\/\/artnuances.com\/wp-content\/uploads\/2020\/12\/IMG_0012-an-scaled.jpg","type":"image\/jpeg"}],"twitter_card":"summary_large_image","twitter_misc":{"Tempo di lettura stimato":"1 minuto"},"schema":{"@context":"https:\/\/schema.org","@graph":[{"@type":"WebPage","@id":"https:\/\/artnuances.com\/it\/artworks\/madonna-col-bambino-pinturicchio\/","url":"https:\/\/artnuances.com\/it\/artworks\/madonna-col-bambino-pinturicchio\/","name":"Madonna col Bambino Pinturicchio - Claudia Ciotti - Artnuances - Art gallery online","isPartOf":{"@id":"https:\/\/artnuances.com\/it\/#website"},"primaryImageOfPage":{"@id":"https:\/\/artnuances.com\/it\/artworks\/madonna-col-bambino-pinturicchio\/#primaryimage"},"image":{"@id":"https:\/\/artnuances.com\/it\/artworks\/madonna-col-bambino-pinturicchio\/#primaryimage"},"thumbnailUrl":"https:\/\/artnuances.com\/wp-content\/uploads\/2020\/12\/IMG_0012-an-scaled.jpg","datePublished":"2020-12-07T10:59:42+00:00","dateModified":"2023-05-29T14:18:08+00:00","description":"Madonna and Child \u00e8 un'opera d'arte appartenente alla collezione di Claudia Ciotti. Si presenta nella versione classica ..","breadcrumb":{"@id":"https:\/\/artnuances.com\/it\/artworks\/madonna-col-bambino-pinturicchio\/#breadcrumb"},"inLanguage":"it-IT","potentialAction":[{"@type":"ReadAction","target":["https:\/\/artnuances.com\/it\/artworks\/madonna-col-bambino-pinturicchio\/"]}]},{"@type":"ImageObject","inLanguage":"it-IT","@id":"https:\/\/artnuances.com\/it\/artworks\/madonna-col-bambino-pinturicchio\/#primaryimage","url":"https:\/\/artnuances.com\/wp-content\/uploads\/2020\/12\/IMG_0012-an-scaled.jpg","contentUrl":"https:\/\/artnuances.com\/wp-content\/uploads\/2020\/12\/IMG_0012-an-scaled.jpg","width":1981,"height":2560,"caption":"Madonna col Bambino del Pinturicchio"},{"@type":"BreadcrumbList","@id":"https:\/\/artnuances.com\/it\/artworks\/madonna-col-bambino-pinturicchio\/#breadcrumb","itemListElement":[{"@type":"ListItem","position":1,"name":"Home","item":"https:\/\/artnuances.com\/it\/"},{"@type":"ListItem","position":2,"name":"Shop online","item":"https:\/\/artnuances.com\/it\/shop-online-galleria-darte-artnuances\/"},{"@type":"ListItem","position":3,"name":"Madonna col Bambino Pinturicchio"}]},{"@type":"WebSite","@id":"https:\/\/artnuances.com\/it\/#website","url":"https:\/\/artnuances.com\/it\/","name":"Artnuances - Art gallery online","description":"Artnuances Gallery","publisher":{"@id":"https:\/\/artnuances.com\/it\/#organization"},"potentialAction":[{"@type":"SearchAction","target":{"@type":"EntryPoint","urlTemplate":"https:\/\/artnuances.com\/it\/?s={search_term_string}"},"query-input":{"@type":"PropertyValueSpecification","valueRequired":true,"valueName":"search_term_string"}}],"inLanguage":"it-IT"},{"@type":"Organization","@id":"https:\/\/artnuances.com\/it\/#organization","name":"Studio Artnuances LTD","url":"https:\/\/artnuances.com\/it\/","logo":{"@type":"ImageObject","inLanguage":"it-IT","@id":"https:\/\/artnuances.com\/it\/#\/schema\/logo\/image\/","url":"https:\/\/artnuances.com\/wp-content\/uploads\/2019\/09\/artnuanse.png","contentUrl":"https:\/\/artnuances.com\/wp-content\/uploads\/2019\/09\/artnuanse.png","width":622,"height":622,"caption":"Studio Artnuances LTD"},"image":{"@id":"https:\/\/artnuances.com\/it\/#\/schema\/logo\/image\/"},"sameAs":["https:\/\/www.facebook.com\/studioartnuances\/","https:\/\/www.instagram.com\/studioartnuances\/","https:\/\/www.youtube.com\/channel\/UCoU2Nb_B-2BOiDcO292sggg"]}]}},"_links":{"self":[{"href":"https:\/\/artnuances.com\/it\/wp-json\/wp\/v2\/product\/29585","targetHints":{"allow":["GET"]}}],"collection":[{"href":"https:\/\/artnuances.com\/it\/wp-json\/wp\/v2\/product"}],"about":[{"href":"https:\/\/artnuances.com\/it\/wp-json\/wp\/v2\/types\/product"}],"replies":[{"embeddable":true,"href":"https:\/\/artnuances.com\/it\/wp-json\/wp\/v2\/comments?post=29585"}],"wp:featuredmedia":[{"embeddable":true,"href":"https:\/\/artnuances.com\/it\/wp-json\/wp\/v2\/media\/29573"}],"wp:attachment":[{"href":"https:\/\/artnuances.com\/it\/wp-json\/wp\/v2\/media?parent=29585"}],"wp:term":[{"taxonomy":"product_brand","embeddable":true,"href":"https:\/\/artnuances.com\/it\/wp-json\/wp\/v2\/product_brand?post=29585"},{"taxonomy":"product_cat","embeddable":true,"href":"https:\/\/artnuances.com\/it\/wp-json\/wp\/v2\/product_cat?post=29585"},{"taxonomy":"product_tag","embeddable":true,"href":"https:\/\/artnuances.com\/it\/wp-json\/wp\/v2\/product_tag?post=29585"}],"curies":[{"name":"wp","href":"https:\/\/api.w.org\/{rel}","templated":true}]}}