{"id":29583,"date":"2020-12-07T10:41:53","date_gmt":"2020-12-07T10:41:54","guid":{"rendered":"https:\/\/www.artnuances-com-717041.hostingersite.com\/?post_type=product&#038;p=29583"},"modified":"2023-05-29T14:18:49","modified_gmt":"2023-05-29T14:18:49","slug":"madonna-umilta-2","status":"publish","type":"product","link":"https:\/\/artnuances.com\/it\/artworks\/madonna-umilta-2\/","title":{"rendered":"Madonna dell&#8217;umilt\u00e0"},"content":{"rendered":"<section class=\"l-section wpb_row height_large\"><div class=\"l-section-h i-cf\"><div class=\"g-cols vc_row via_flex valign_top type_default stacking_default\"><div class=\"vc_col-sm-12 wpb_column vc_column_container\"><div class=\"vc_column-inner\"><div class=\"wpb_wrapper\"><div class=\"wpb_text_column\"><div class=\"wpb_wrapper\"><h1><em>Madonna dell&#8217;Umilt\u00e0 <\/em>\u00e8 un lavoro di <a href=\"https:\/\/artnuances.com\/it\/authors\/claudia-ciotti-it\/\">Claudia Ciotti<\/a>.<\/h1>\n<h3>Claudia Ciotti, qui ha realizzato una meravigliosa opera ispirata ad una simile eseguita da Benozzo Gozzoli, Benozzo di Lese di Sandro (Scandicci, 1411 [1] &#8211; Pistoia, 4 ottobre 1488), era un pittore italiano. Ovviamente non si tratta di un semplice restyling, ma dell&#8217;abilit\u00e0 di un artigiano-artista che sa ripercorrere le meraviglie della storia dell&#8217;arte, attraverso tecniche di esecuzione assolutamente diverse. Qui non \u00e8 pi\u00f9 la pennellata su tela, ma quella su pietra refrattaria, che comporta innumerevoli difficolt\u00e0 esecutive e progettuali.<br \/>\nL&#8217;artista intende dare a chi sa apprezzare questo genere artistico un&#8217;opera unica sia per qualit\u00e0 che per realizzazione.<br \/>\nTecnica: ceramica interamente dipinta a mano su piastra refrattaria, con ossidi ceramici e con finiture in oro zecchino lucido<\/h3>\n<\/div><\/div><\/div><\/div><\/div><\/div><\/div><\/section>\n","protected":false},"excerpt":{"rendered":"Madonna dell&#8217;Umilt\u00e0 \u00e8 un lavoro di Claudia Ciotti. Claudia Ciotti, qui ha realizzato una meravigliosa opera ispirata ad una simile eseguita da Benozzo Gozzoli, Benozzo di Lese di Sandro (Scandicci, 1411 [1] &#8211; Pistoia, 4 ottobre 1488), era un pittore italiano. Ovviamente non si tratta di un semplice restyling, ma dell&#8217;abilit\u00e0 di un artigiano-artista che...","protected":false},"featured_media":29571,"comment_status":"closed","ping_status":"closed","template":"","meta":{"_acf_changed":false},"product_brand":[137],"product_cat":[116,130],"product_tag":[],"class_list":{"0":"post-29583","1":"product","2":"type-product","3":"status-publish","4":"has-post-thumbnail","6":"product_brand-claudia-ciotti-it","7":"product_cat-dipinti","8":"product_cat-religioso","10":"first","11":"instock","12":"featured","13":"purchasable","14":"product-type-simple"},"acf":[],"yoast_head":"<!-- This site is optimized with the Yoast SEO plugin v27.3 - https:\/\/yoast.com\/product\/yoast-seo-wordpress\/ -->\n<title>Madonna dell&#039;umilt\u00e0 - Claudia Ciotti - Artnuances Gallery<\/title>\n<meta name=\"description\" content=\"Madonna dell&#039;Umilt\u00e0 \u00e8 un&#039;opera d&#039;arte appartenente alla collezione di Claudia Ciotti. Si presenta nella versione classica ..\" \/>\n<meta name=\"robots\" content=\"index, follow, max-snippet:-1, max-image-preview:large, max-video-preview:-1\" \/>\n<link rel=\"canonical\" href=\"https:\/\/artnuances.com\/it\/artworks\/madonna-umilta-2\/\" \/>\n<meta property=\"og:locale\" content=\"it_IT\" \/>\n<meta property=\"og:type\" content=\"article\" \/>\n<meta property=\"og:title\" content=\"Madonna dell&#039;umilt\u00e0 - Claudia Ciotti - Artnuances Gallery\" \/>\n<meta property=\"og:description\" content=\"Madonna dell&#039;Umilt\u00e0 \u00e8 un&#039;opera d&#039;arte appartenente alla collezione di Claudia Ciotti. Si presenta nella versione classica ..\" \/>\n<meta property=\"og:url\" content=\"https:\/\/artnuances.com\/it\/artworks\/madonna-umilta-2\/\" \/>\n<meta property=\"og:site_name\" content=\"Artnuances - Art gallery online\" \/>\n<meta property=\"article:publisher\" content=\"https:\/\/www.facebook.com\/studioartnuances\/\" \/>\n<meta property=\"article:modified_time\" content=\"2023-05-29T14:18:49+00:00\" \/>\n<meta property=\"og:image\" content=\"https:\/\/artnuances.com\/wp-content\/uploads\/2020\/12\/DSCF0326-an-scaled.jpg\" \/>\n\t<meta property=\"og:image:width\" content=\"1678\" \/>\n\t<meta property=\"og:image:height\" content=\"2560\" \/>\n\t<meta property=\"og:image:type\" content=\"image\/jpeg\" \/>\n<meta name=\"twitter:card\" content=\"summary_large_image\" \/>\n<meta name=\"twitter:label1\" content=\"Tempo di lettura stimato\" \/>\n\t<meta name=\"twitter:data1\" content=\"1 minuto\" \/>\n<script type=\"application\/ld+json\" class=\"yoast-schema-graph\">{\"@context\":\"https:\\\/\\\/schema.org\",\"@graph\":[{\"@type\":\"WebPage\",\"@id\":\"https:\\\/\\\/artnuances.com\\\/it\\\/artworks\\\/madonna-umilta-2\\\/\",\"url\":\"https:\\\/\\\/artnuances.com\\\/it\\\/artworks\\\/madonna-umilta-2\\\/\",\"name\":\"Madonna dell'umilt\u00e0 - Claudia Ciotti - Artnuances Gallery\",\"isPartOf\":{\"@id\":\"https:\\\/\\\/artnuances.com\\\/it\\\/#website\"},\"primaryImageOfPage\":{\"@id\":\"https:\\\/\\\/artnuances.com\\\/it\\\/artworks\\\/madonna-umilta-2\\\/#primaryimage\"},\"image\":{\"@id\":\"https:\\\/\\\/artnuances.com\\\/it\\\/artworks\\\/madonna-umilta-2\\\/#primaryimage\"},\"thumbnailUrl\":\"https:\\\/\\\/artnuances.com\\\/wp-content\\\/uploads\\\/2020\\\/12\\\/DSCF0326-an-scaled.jpg\",\"datePublished\":\"2020-12-07T10:41:54+00:00\",\"dateModified\":\"2023-05-29T14:18:49+00:00\",\"description\":\"Madonna dell'Umilt\u00e0 \u00e8 un'opera d'arte appartenente alla collezione di Claudia Ciotti. Si presenta nella versione classica ..\",\"breadcrumb\":{\"@id\":\"https:\\\/\\\/artnuances.com\\\/it\\\/artworks\\\/madonna-umilta-2\\\/#breadcrumb\"},\"inLanguage\":\"it-IT\",\"potentialAction\":[{\"@type\":\"ReadAction\",\"target\":[\"https:\\\/\\\/artnuances.com\\\/it\\\/artworks\\\/madonna-umilta-2\\\/\"]}]},{\"@type\":\"ImageObject\",\"inLanguage\":\"it-IT\",\"@id\":\"https:\\\/\\\/artnuances.com\\\/it\\\/artworks\\\/madonna-umilta-2\\\/#primaryimage\",\"url\":\"https:\\\/\\\/artnuances.com\\\/wp-content\\\/uploads\\\/2020\\\/12\\\/DSCF0326-an-scaled.jpg\",\"contentUrl\":\"https:\\\/\\\/artnuances.com\\\/wp-content\\\/uploads\\\/2020\\\/12\\\/DSCF0326-an-scaled.jpg\",\"width\":1678,\"height\":2560,\"caption\":\"Madonna dell\u2019Umilt\u00e0\"},{\"@type\":\"BreadcrumbList\",\"@id\":\"https:\\\/\\\/artnuances.com\\\/it\\\/artworks\\\/madonna-umilta-2\\\/#breadcrumb\",\"itemListElement\":[{\"@type\":\"ListItem\",\"position\":1,\"name\":\"Home\",\"item\":\"https:\\\/\\\/artnuances.com\\\/it\\\/\"},{\"@type\":\"ListItem\",\"position\":2,\"name\":\"Shop online\",\"item\":\"https:\\\/\\\/artnuances.com\\\/it\\\/shop-online-galleria-darte-artnuances\\\/\"},{\"@type\":\"ListItem\",\"position\":3,\"name\":\"Madonna dell&#8217;umilt\u00e0\"}]},{\"@type\":\"WebSite\",\"@id\":\"https:\\\/\\\/artnuances.com\\\/it\\\/#website\",\"url\":\"https:\\\/\\\/artnuances.com\\\/it\\\/\",\"name\":\"Artnuances - Art gallery online\",\"description\":\"Artnuances Gallery\",\"publisher\":{\"@id\":\"https:\\\/\\\/artnuances.com\\\/it\\\/#organization\"},\"potentialAction\":[{\"@type\":\"SearchAction\",\"target\":{\"@type\":\"EntryPoint\",\"urlTemplate\":\"https:\\\/\\\/artnuances.com\\\/it\\\/?s={search_term_string}\"},\"query-input\":{\"@type\":\"PropertyValueSpecification\",\"valueRequired\":true,\"valueName\":\"search_term_string\"}}],\"inLanguage\":\"it-IT\"},{\"@type\":\"Organization\",\"@id\":\"https:\\\/\\\/artnuances.com\\\/it\\\/#organization\",\"name\":\"Studio Artnuances LTD\",\"url\":\"https:\\\/\\\/artnuances.com\\\/it\\\/\",\"logo\":{\"@type\":\"ImageObject\",\"inLanguage\":\"it-IT\",\"@id\":\"https:\\\/\\\/artnuances.com\\\/it\\\/#\\\/schema\\\/logo\\\/image\\\/\",\"url\":\"https:\\\/\\\/artnuances.com\\\/wp-content\\\/uploads\\\/2019\\\/09\\\/artnuanse.png\",\"contentUrl\":\"https:\\\/\\\/artnuances.com\\\/wp-content\\\/uploads\\\/2019\\\/09\\\/artnuanse.png\",\"width\":622,\"height\":622,\"caption\":\"Studio Artnuances LTD\"},\"image\":{\"@id\":\"https:\\\/\\\/artnuances.com\\\/it\\\/#\\\/schema\\\/logo\\\/image\\\/\"},\"sameAs\":[\"https:\\\/\\\/www.facebook.com\\\/studioartnuances\\\/\",\"https:\\\/\\\/www.instagram.com\\\/studioartnuances\\\/\",\"https:\\\/\\\/www.youtube.com\\\/channel\\\/UCoU2Nb_B-2BOiDcO292sggg\"]}]}<\/script>\n<!-- \/ Yoast SEO plugin. -->","yoast_head_json":{"title":"Madonna dell'umilt\u00e0 - Claudia Ciotti - Artnuances Gallery","description":"Madonna dell'Umilt\u00e0 \u00e8 un'opera d'arte appartenente alla collezione di Claudia Ciotti. Si presenta nella versione classica ..","robots":{"index":"index","follow":"follow","max-snippet":"max-snippet:-1","max-image-preview":"max-image-preview:large","max-video-preview":"max-video-preview:-1"},"canonical":"https:\/\/artnuances.com\/it\/artworks\/madonna-umilta-2\/","og_locale":"it_IT","og_type":"article","og_title":"Madonna dell'umilt\u00e0 - Claudia Ciotti - Artnuances Gallery","og_description":"Madonna dell'Umilt\u00e0 \u00e8 un'opera d'arte appartenente alla collezione di Claudia Ciotti. Si presenta nella versione classica ..","og_url":"https:\/\/artnuances.com\/it\/artworks\/madonna-umilta-2\/","og_site_name":"Artnuances - Art gallery online","article_publisher":"https:\/\/www.facebook.com\/studioartnuances\/","article_modified_time":"2023-05-29T14:18:49+00:00","og_image":[{"width":1678,"height":2560,"url":"https:\/\/artnuances.com\/wp-content\/uploads\/2020\/12\/DSCF0326-an-scaled.jpg","type":"image\/jpeg"}],"twitter_card":"summary_large_image","twitter_misc":{"Tempo di lettura stimato":"1 minuto"},"schema":{"@context":"https:\/\/schema.org","@graph":[{"@type":"WebPage","@id":"https:\/\/artnuances.com\/it\/artworks\/madonna-umilta-2\/","url":"https:\/\/artnuances.com\/it\/artworks\/madonna-umilta-2\/","name":"Madonna dell'umilt\u00e0 - Claudia Ciotti - Artnuances Gallery","isPartOf":{"@id":"https:\/\/artnuances.com\/it\/#website"},"primaryImageOfPage":{"@id":"https:\/\/artnuances.com\/it\/artworks\/madonna-umilta-2\/#primaryimage"},"image":{"@id":"https:\/\/artnuances.com\/it\/artworks\/madonna-umilta-2\/#primaryimage"},"thumbnailUrl":"https:\/\/artnuances.com\/wp-content\/uploads\/2020\/12\/DSCF0326-an-scaled.jpg","datePublished":"2020-12-07T10:41:54+00:00","dateModified":"2023-05-29T14:18:49+00:00","description":"Madonna dell'Umilt\u00e0 \u00e8 un'opera d'arte appartenente alla collezione di Claudia Ciotti. Si presenta nella versione classica ..","breadcrumb":{"@id":"https:\/\/artnuances.com\/it\/artworks\/madonna-umilta-2\/#breadcrumb"},"inLanguage":"it-IT","potentialAction":[{"@type":"ReadAction","target":["https:\/\/artnuances.com\/it\/artworks\/madonna-umilta-2\/"]}]},{"@type":"ImageObject","inLanguage":"it-IT","@id":"https:\/\/artnuances.com\/it\/artworks\/madonna-umilta-2\/#primaryimage","url":"https:\/\/artnuances.com\/wp-content\/uploads\/2020\/12\/DSCF0326-an-scaled.jpg","contentUrl":"https:\/\/artnuances.com\/wp-content\/uploads\/2020\/12\/DSCF0326-an-scaled.jpg","width":1678,"height":2560,"caption":"Madonna dell\u2019Umilt\u00e0"},{"@type":"BreadcrumbList","@id":"https:\/\/artnuances.com\/it\/artworks\/madonna-umilta-2\/#breadcrumb","itemListElement":[{"@type":"ListItem","position":1,"name":"Home","item":"https:\/\/artnuances.com\/it\/"},{"@type":"ListItem","position":2,"name":"Shop online","item":"https:\/\/artnuances.com\/it\/shop-online-galleria-darte-artnuances\/"},{"@type":"ListItem","position":3,"name":"Madonna dell&#8217;umilt\u00e0"}]},{"@type":"WebSite","@id":"https:\/\/artnuances.com\/it\/#website","url":"https:\/\/artnuances.com\/it\/","name":"Artnuances - Art gallery online","description":"Artnuances Gallery","publisher":{"@id":"https:\/\/artnuances.com\/it\/#organization"},"potentialAction":[{"@type":"SearchAction","target":{"@type":"EntryPoint","urlTemplate":"https:\/\/artnuances.com\/it\/?s={search_term_string}"},"query-input":{"@type":"PropertyValueSpecification","valueRequired":true,"valueName":"search_term_string"}}],"inLanguage":"it-IT"},{"@type":"Organization","@id":"https:\/\/artnuances.com\/it\/#organization","name":"Studio Artnuances LTD","url":"https:\/\/artnuances.com\/it\/","logo":{"@type":"ImageObject","inLanguage":"it-IT","@id":"https:\/\/artnuances.com\/it\/#\/schema\/logo\/image\/","url":"https:\/\/artnuances.com\/wp-content\/uploads\/2019\/09\/artnuanse.png","contentUrl":"https:\/\/artnuances.com\/wp-content\/uploads\/2019\/09\/artnuanse.png","width":622,"height":622,"caption":"Studio Artnuances LTD"},"image":{"@id":"https:\/\/artnuances.com\/it\/#\/schema\/logo\/image\/"},"sameAs":["https:\/\/www.facebook.com\/studioartnuances\/","https:\/\/www.instagram.com\/studioartnuances\/","https:\/\/www.youtube.com\/channel\/UCoU2Nb_B-2BOiDcO292sggg"]}]}},"_links":{"self":[{"href":"https:\/\/artnuances.com\/it\/wp-json\/wp\/v2\/product\/29583","targetHints":{"allow":["GET"]}}],"collection":[{"href":"https:\/\/artnuances.com\/it\/wp-json\/wp\/v2\/product"}],"about":[{"href":"https:\/\/artnuances.com\/it\/wp-json\/wp\/v2\/types\/product"}],"replies":[{"embeddable":true,"href":"https:\/\/artnuances.com\/it\/wp-json\/wp\/v2\/comments?post=29583"}],"wp:featuredmedia":[{"embeddable":true,"href":"https:\/\/artnuances.com\/it\/wp-json\/wp\/v2\/media\/29571"}],"wp:attachment":[{"href":"https:\/\/artnuances.com\/it\/wp-json\/wp\/v2\/media?parent=29583"}],"wp:term":[{"taxonomy":"product_brand","embeddable":true,"href":"https:\/\/artnuances.com\/it\/wp-json\/wp\/v2\/product_brand?post=29583"},{"taxonomy":"product_cat","embeddable":true,"href":"https:\/\/artnuances.com\/it\/wp-json\/wp\/v2\/product_cat?post=29583"},{"taxonomy":"product_tag","embeddable":true,"href":"https:\/\/artnuances.com\/it\/wp-json\/wp\/v2\/product_tag?post=29583"}],"curies":[{"name":"wp","href":"https:\/\/api.w.org\/{rel}","templated":true}]}}