{"id":29553,"date":"2020-12-04T17:08:25","date_gmt":"2020-12-04T17:08:26","guid":{"rendered":"https:\/\/www.artnuances-com-717041.hostingersite.com\/?post_type=product&#038;p=29553"},"modified":"2023-04-06T09:28:29","modified_gmt":"2023-04-06T09:28:29","slug":"la-decisione","status":"publish","type":"product","link":"https:\/\/artnuances.com\/it\/artworks\/la-decisione\/","title":{"rendered":"La decisione"},"content":{"rendered":"<section class=\"l-section wpb_row us_custom_36724591 height_large\"><div class=\"l-section-h i-cf\"><div class=\"g-cols vc_row via_flex valign_top type_default stacking_default\"><div class=\"vc_col-sm-3 wpb_column vc_column_container\"><div class=\"vc_column-inner\"><div class=\"wpb_wrapper\"><\/div><\/div><\/div><div class=\"vc_col-sm-6 wpb_column vc_column_container\"><div class=\"vc_column-inner\"><div class=\"wpb_wrapper\"><div class=\"w-video us_custom_9a0095a3 align_center ratio_16x9 has_iframe\"><div class=\"w-video-h\"><iframe title=\"Youtube video player\" src=\"\/\/www.youtube.com\/embed\/uy7y9J3KfEc?autoplay=0&controls=1&origin=https:\/\/artnuances.com\/it\/&loop=0&mute=0\" allowfullscreen=\"1\" loading=\"lazy\"><\/iframe><\/div><\/div><\/div><\/div><\/div><div class=\"vc_col-sm-3 wpb_column vc_column_container\"><div class=\"vc_column-inner\"><div class=\"wpb_wrapper\"><\/div><\/div><\/div><\/div><\/div><\/section><section class=\"l-section wpb_row height_large\"><div class=\"l-section-h i-cf\"><div class=\"g-cols vc_row via_flex valign_top type_default stacking_default\"><div class=\"vc_col-sm-12 wpb_column vc_column_container\"><div class=\"vc_column-inner\"><div class=\"wpb_wrapper\"><div class=\"w-separator size_medium\"><\/div><div class=\"wpb_text_column\"><div class=\"wpb_wrapper\"><h1><em><strong>La decisione Elena e Paride, <\/strong><\/em><strong>\u00e8 un lavoro di <\/strong><strong><a href=\"https:\/\/artnuances.com\/it\/authors\/walter-capezzali-it\/\">Walter Capezzali<\/a><\/strong><\/h1>\n<h3>La decisione Elena e Paride, \u00e8 un&#8217;altra opera di Walter Capezzali ispirata alla mitologia dell&#8217;antica Grecia. \u00c8 notte, buia e tempestosa, fuori dal palazzo di Menelao a Sparta. Grande scalone, su cui regna indecifrabile la luna di bronzo. \u00c8 ora che Elena lasci tutto e scappi con Paris verso l&#8217;ignoto. In realt\u00e0 la sconosciuta \u00e8 a met\u00e0 della scalinata, con le sue cameriere vestite di rosso Valentino. In un angolo la mela \u00e8 gi\u00e0 stata raccolta e assaggiata. Paris Batman emerge appena dalle ombre in attesa. Elena, la bella, leggiadra Elena, \u00e8 in primo piano, assorta, vestita del suo abito migliore. Teneri petali di rosa piovono su di lei dall&#8217;alto.<\/h3>\n<h3><\/h3>\n<p>.<\/p>\n<\/div><\/div><\/div><\/div><\/div><\/div><\/div><\/section>\n","protected":false},"excerpt":{"rendered":"<p><strong>Artist:<\/strong> Walter Capezzali<em> (Italy)<\/em><br \/>\n<strong>Title: La decisione Elena e Paride<\/strong><br \/>\n<strong>Date:<\/strong><br \/>\n<strong>Medium:<\/strong><br \/>\n<strong>Dimensions:<\/strong><\/p>\n","protected":false},"featured_media":29527,"comment_status":"closed","ping_status":"closed","template":"","meta":{"_acf_changed":false},"product_brand":[153],"product_cat":[121],"product_tag":[],"class_list":{"0":"post-29553","1":"product","2":"type-product","3":"status-publish","4":"has-post-thumbnail","6":"product_brand-walter-capezzali-it","7":"product_cat-collage","9":"first","10":"instock","11":"featured","12":"purchasable","13":"product-type-simple"},"acf":[],"yoast_head":"<!-- This site is optimized with the Yoast SEO plugin v27.3 - https:\/\/yoast.com\/product\/yoast-seo-wordpress\/ -->\n<title>La decisione - Walter Capezzali - Artnuances - Art gallery online<\/title>\n<meta name=\"description\" content=\"\u00c8 tempo che Elena lasci tutto e scappi con Paride verso l&#039;ignoto. In realt\u00e0, l&#039;ignoto \u00e8 a met\u00e0 della scalinata, ...\" \/>\n<meta name=\"robots\" content=\"index, follow, max-snippet:-1, max-image-preview:large, max-video-preview:-1\" \/>\n<link rel=\"canonical\" href=\"https:\/\/artnuances.com\/it\/artworks\/la-decisione\/\" \/>\n<meta property=\"og:locale\" content=\"it_IT\" \/>\n<meta property=\"og:type\" content=\"article\" \/>\n<meta property=\"og:title\" content=\"La decisione - Walter Capezzali - Artnuances - Art gallery online\" \/>\n<meta property=\"og:description\" content=\"\u00c8 tempo che Elena lasci tutto e scappi con Paride verso l&#039;ignoto. In realt\u00e0, l&#039;ignoto \u00e8 a met\u00e0 della scalinata, ...\" \/>\n<meta property=\"og:url\" content=\"https:\/\/artnuances.com\/it\/artworks\/la-decisione\/\" \/>\n<meta property=\"og:site_name\" content=\"Artnuances - Art gallery online\" \/>\n<meta property=\"article:publisher\" content=\"https:\/\/www.facebook.com\/studioartnuances\/\" \/>\n<meta property=\"article:modified_time\" content=\"2023-04-06T09:28:29+00:00\" \/>\n<meta property=\"og:image\" content=\"https:\/\/artnuances.com\/wp-content\/uploads\/2020\/12\/IMG_5490-an.jpg\" \/>\n\t<meta property=\"og:image:width\" content=\"2020\" \/>\n\t<meta property=\"og:image:height\" content=\"1376\" \/>\n\t<meta property=\"og:image:type\" content=\"image\/jpeg\" \/>\n<meta name=\"twitter:card\" content=\"summary_large_image\" \/>\n<meta name=\"twitter:label1\" content=\"Tempo di lettura stimato\" \/>\n\t<meta name=\"twitter:data1\" content=\"1 minuto\" \/>\n<script type=\"application\/ld+json\" class=\"yoast-schema-graph\">{\"@context\":\"https:\\\/\\\/schema.org\",\"@graph\":[{\"@type\":\"WebPage\",\"@id\":\"https:\\\/\\\/artnuances.com\\\/it\\\/artworks\\\/la-decisione\\\/\",\"url\":\"https:\\\/\\\/artnuances.com\\\/it\\\/artworks\\\/la-decisione\\\/\",\"name\":\"La decisione - Walter Capezzali - Artnuances - Art gallery online\",\"isPartOf\":{\"@id\":\"https:\\\/\\\/artnuances.com\\\/it\\\/#website\"},\"primaryImageOfPage\":{\"@id\":\"https:\\\/\\\/artnuances.com\\\/it\\\/artworks\\\/la-decisione\\\/#primaryimage\"},\"image\":{\"@id\":\"https:\\\/\\\/artnuances.com\\\/it\\\/artworks\\\/la-decisione\\\/#primaryimage\"},\"thumbnailUrl\":\"https:\\\/\\\/artnuances.com\\\/wp-content\\\/uploads\\\/2020\\\/12\\\/IMG_5490-an.jpg\",\"datePublished\":\"2020-12-04T17:08:26+00:00\",\"dateModified\":\"2023-04-06T09:28:29+00:00\",\"description\":\"\u00c8 tempo che Elena lasci tutto e scappi con Paride verso l'ignoto. In realt\u00e0, l'ignoto \u00e8 a met\u00e0 della scalinata, ...\",\"breadcrumb\":{\"@id\":\"https:\\\/\\\/artnuances.com\\\/it\\\/artworks\\\/la-decisione\\\/#breadcrumb\"},\"inLanguage\":\"it-IT\",\"potentialAction\":[{\"@type\":\"ReadAction\",\"target\":[\"https:\\\/\\\/artnuances.com\\\/it\\\/artworks\\\/la-decisione\\\/\"]}]},{\"@type\":\"ImageObject\",\"inLanguage\":\"it-IT\",\"@id\":\"https:\\\/\\\/artnuances.com\\\/it\\\/artworks\\\/la-decisione\\\/#primaryimage\",\"url\":\"https:\\\/\\\/artnuances.com\\\/wp-content\\\/uploads\\\/2020\\\/12\\\/IMG_5490-an.jpg\",\"contentUrl\":\"https:\\\/\\\/artnuances.com\\\/wp-content\\\/uploads\\\/2020\\\/12\\\/IMG_5490-an.jpg\",\"width\":2020,\"height\":1376,\"caption\":\"la decisione elena e paride\"},{\"@type\":\"BreadcrumbList\",\"@id\":\"https:\\\/\\\/artnuances.com\\\/it\\\/artworks\\\/la-decisione\\\/#breadcrumb\",\"itemListElement\":[{\"@type\":\"ListItem\",\"position\":1,\"name\":\"Home\",\"item\":\"https:\\\/\\\/artnuances.com\\\/it\\\/\"},{\"@type\":\"ListItem\",\"position\":2,\"name\":\"Shop online\",\"item\":\"https:\\\/\\\/artnuances.com\\\/it\\\/shop-online-galleria-darte-artnuances\\\/\"},{\"@type\":\"ListItem\",\"position\":3,\"name\":\"La decisione\"}]},{\"@type\":\"WebSite\",\"@id\":\"https:\\\/\\\/artnuances.com\\\/it\\\/#website\",\"url\":\"https:\\\/\\\/artnuances.com\\\/it\\\/\",\"name\":\"Artnuances - Art gallery online\",\"description\":\"Artnuances Gallery\",\"publisher\":{\"@id\":\"https:\\\/\\\/artnuances.com\\\/it\\\/#organization\"},\"potentialAction\":[{\"@type\":\"SearchAction\",\"target\":{\"@type\":\"EntryPoint\",\"urlTemplate\":\"https:\\\/\\\/artnuances.com\\\/it\\\/?s={search_term_string}\"},\"query-input\":{\"@type\":\"PropertyValueSpecification\",\"valueRequired\":true,\"valueName\":\"search_term_string\"}}],\"inLanguage\":\"it-IT\"},{\"@type\":\"Organization\",\"@id\":\"https:\\\/\\\/artnuances.com\\\/it\\\/#organization\",\"name\":\"Studio Artnuances LTD\",\"url\":\"https:\\\/\\\/artnuances.com\\\/it\\\/\",\"logo\":{\"@type\":\"ImageObject\",\"inLanguage\":\"it-IT\",\"@id\":\"https:\\\/\\\/artnuances.com\\\/it\\\/#\\\/schema\\\/logo\\\/image\\\/\",\"url\":\"https:\\\/\\\/artnuances.com\\\/wp-content\\\/uploads\\\/2019\\\/09\\\/artnuanse.png\",\"contentUrl\":\"https:\\\/\\\/artnuances.com\\\/wp-content\\\/uploads\\\/2019\\\/09\\\/artnuanse.png\",\"width\":622,\"height\":622,\"caption\":\"Studio Artnuances LTD\"},\"image\":{\"@id\":\"https:\\\/\\\/artnuances.com\\\/it\\\/#\\\/schema\\\/logo\\\/image\\\/\"},\"sameAs\":[\"https:\\\/\\\/www.facebook.com\\\/studioartnuances\\\/\",\"https:\\\/\\\/www.instagram.com\\\/studioartnuances\\\/\",\"https:\\\/\\\/www.youtube.com\\\/channel\\\/UCoU2Nb_B-2BOiDcO292sggg\"]}]}<\/script>\n<!-- \/ Yoast SEO plugin. -->","yoast_head_json":{"title":"La decisione - Walter Capezzali - Artnuances - Art gallery online","description":"\u00c8 tempo che Elena lasci tutto e scappi con Paride verso l'ignoto. In realt\u00e0, l'ignoto \u00e8 a met\u00e0 della scalinata, ...","robots":{"index":"index","follow":"follow","max-snippet":"max-snippet:-1","max-image-preview":"max-image-preview:large","max-video-preview":"max-video-preview:-1"},"canonical":"https:\/\/artnuances.com\/it\/artworks\/la-decisione\/","og_locale":"it_IT","og_type":"article","og_title":"La decisione - Walter Capezzali - Artnuances - Art gallery online","og_description":"\u00c8 tempo che Elena lasci tutto e scappi con Paride verso l'ignoto. In realt\u00e0, l'ignoto \u00e8 a met\u00e0 della scalinata, ...","og_url":"https:\/\/artnuances.com\/it\/artworks\/la-decisione\/","og_site_name":"Artnuances - Art gallery online","article_publisher":"https:\/\/www.facebook.com\/studioartnuances\/","article_modified_time":"2023-04-06T09:28:29+00:00","og_image":[{"width":2020,"height":1376,"url":"https:\/\/artnuances.com\/wp-content\/uploads\/2020\/12\/IMG_5490-an.jpg","type":"image\/jpeg"}],"twitter_card":"summary_large_image","twitter_misc":{"Tempo di lettura stimato":"1 minuto"},"schema":{"@context":"https:\/\/schema.org","@graph":[{"@type":"WebPage","@id":"https:\/\/artnuances.com\/it\/artworks\/la-decisione\/","url":"https:\/\/artnuances.com\/it\/artworks\/la-decisione\/","name":"La decisione - Walter Capezzali - Artnuances - Art gallery online","isPartOf":{"@id":"https:\/\/artnuances.com\/it\/#website"},"primaryImageOfPage":{"@id":"https:\/\/artnuances.com\/it\/artworks\/la-decisione\/#primaryimage"},"image":{"@id":"https:\/\/artnuances.com\/it\/artworks\/la-decisione\/#primaryimage"},"thumbnailUrl":"https:\/\/artnuances.com\/wp-content\/uploads\/2020\/12\/IMG_5490-an.jpg","datePublished":"2020-12-04T17:08:26+00:00","dateModified":"2023-04-06T09:28:29+00:00","description":"\u00c8 tempo che Elena lasci tutto e scappi con Paride verso l'ignoto. In realt\u00e0, l'ignoto \u00e8 a met\u00e0 della scalinata, ...","breadcrumb":{"@id":"https:\/\/artnuances.com\/it\/artworks\/la-decisione\/#breadcrumb"},"inLanguage":"it-IT","potentialAction":[{"@type":"ReadAction","target":["https:\/\/artnuances.com\/it\/artworks\/la-decisione\/"]}]},{"@type":"ImageObject","inLanguage":"it-IT","@id":"https:\/\/artnuances.com\/it\/artworks\/la-decisione\/#primaryimage","url":"https:\/\/artnuances.com\/wp-content\/uploads\/2020\/12\/IMG_5490-an.jpg","contentUrl":"https:\/\/artnuances.com\/wp-content\/uploads\/2020\/12\/IMG_5490-an.jpg","width":2020,"height":1376,"caption":"la decisione elena e paride"},{"@type":"BreadcrumbList","@id":"https:\/\/artnuances.com\/it\/artworks\/la-decisione\/#breadcrumb","itemListElement":[{"@type":"ListItem","position":1,"name":"Home","item":"https:\/\/artnuances.com\/it\/"},{"@type":"ListItem","position":2,"name":"Shop online","item":"https:\/\/artnuances.com\/it\/shop-online-galleria-darte-artnuances\/"},{"@type":"ListItem","position":3,"name":"La decisione"}]},{"@type":"WebSite","@id":"https:\/\/artnuances.com\/it\/#website","url":"https:\/\/artnuances.com\/it\/","name":"Artnuances - Art gallery online","description":"Artnuances Gallery","publisher":{"@id":"https:\/\/artnuances.com\/it\/#organization"},"potentialAction":[{"@type":"SearchAction","target":{"@type":"EntryPoint","urlTemplate":"https:\/\/artnuances.com\/it\/?s={search_term_string}"},"query-input":{"@type":"PropertyValueSpecification","valueRequired":true,"valueName":"search_term_string"}}],"inLanguage":"it-IT"},{"@type":"Organization","@id":"https:\/\/artnuances.com\/it\/#organization","name":"Studio Artnuances LTD","url":"https:\/\/artnuances.com\/it\/","logo":{"@type":"ImageObject","inLanguage":"it-IT","@id":"https:\/\/artnuances.com\/it\/#\/schema\/logo\/image\/","url":"https:\/\/artnuances.com\/wp-content\/uploads\/2019\/09\/artnuanse.png","contentUrl":"https:\/\/artnuances.com\/wp-content\/uploads\/2019\/09\/artnuanse.png","width":622,"height":622,"caption":"Studio Artnuances LTD"},"image":{"@id":"https:\/\/artnuances.com\/it\/#\/schema\/logo\/image\/"},"sameAs":["https:\/\/www.facebook.com\/studioartnuances\/","https:\/\/www.instagram.com\/studioartnuances\/","https:\/\/www.youtube.com\/channel\/UCoU2Nb_B-2BOiDcO292sggg"]}]}},"_links":{"self":[{"href":"https:\/\/artnuances.com\/it\/wp-json\/wp\/v2\/product\/29553","targetHints":{"allow":["GET"]}}],"collection":[{"href":"https:\/\/artnuances.com\/it\/wp-json\/wp\/v2\/product"}],"about":[{"href":"https:\/\/artnuances.com\/it\/wp-json\/wp\/v2\/types\/product"}],"replies":[{"embeddable":true,"href":"https:\/\/artnuances.com\/it\/wp-json\/wp\/v2\/comments?post=29553"}],"wp:featuredmedia":[{"embeddable":true,"href":"https:\/\/artnuances.com\/it\/wp-json\/wp\/v2\/media\/29527"}],"wp:attachment":[{"href":"https:\/\/artnuances.com\/it\/wp-json\/wp\/v2\/media?parent=29553"}],"wp:term":[{"taxonomy":"product_brand","embeddable":true,"href":"https:\/\/artnuances.com\/it\/wp-json\/wp\/v2\/product_brand?post=29553"},{"taxonomy":"product_cat","embeddable":true,"href":"https:\/\/artnuances.com\/it\/wp-json\/wp\/v2\/product_cat?post=29553"},{"taxonomy":"product_tag","embeddable":true,"href":"https:\/\/artnuances.com\/it\/wp-json\/wp\/v2\/product_tag?post=29553"}],"curies":[{"name":"wp","href":"https:\/\/api.w.org\/{rel}","templated":true}]}}