{"id":28979,"date":"2019-10-21T09:02:30","date_gmt":"2019-10-21T09:02:30","guid":{"rendered":"https:\/\/www.artnuances-com-717041.hostingersite.com\/artworks\/senza-categoria\/destello-marcela-ramirez-aza\/"},"modified":"2023-04-05T16:23:56","modified_gmt":"2023-04-05T16:23:56","slug":"destello-marcela-ramirez-aza","status":"publish","type":"product","link":"https:\/\/artnuances.com\/it\/artworks\/destello-marcela-ramirez-aza\/","title":{"rendered":"Destello"},"content":{"rendered":"<section class=\"l-section wpb_row us_custom_36724591 height_large\"><div class=\"l-section-h i-cf\"><div class=\"g-cols vc_row via_flex valign_top type_default stacking_default\"><div class=\"vc_col-sm-12 wpb_column vc_column_container\"><div class=\"vc_column-inner\"><div class=\"wpb_wrapper\"><div class=\"w-video us_custom_5e0f964e align_center ratio_16x9 has_iframe\"><div class=\"w-video-h\"><iframe title=\"Youtube video player\" src=\"\/\/www.youtube.com\/embed\/CbRtrCO80PQ?autoplay=0&controls=1&origin=https:\/\/artnuances.com\/it\/&loop=0&mute=0\" allowfullscreen=\"1\" loading=\"lazy\"><\/iframe><\/div><\/div><\/div><\/div><\/div><\/div><\/div><\/section><section class=\"l-section wpb_row height_large\"><div class=\"l-section-h i-cf\"><div class=\"g-cols vc_row via_flex valign_top type_default stacking_default\"><div class=\"vc_col-sm-12 wpb_column vc_column_container\"><div class=\"vc_column-inner\"><div class=\"wpb_wrapper\"><div class=\"wpb_text_column\"><div class=\"wpb_wrapper\"><h1><em><strong>Destello \u00e8 un&#8217;opera d&#8217;arte della collezione di <a href=\"https:\/\/artnuances.com\/it\/authors\/marcela-ramirez-aza\/\">Marcela Ram\u00edrez-Aza.<\/a><\/strong><\/em><\/h1>\n<h3>Profondo, ma breve, risplendente di una forte luce.<br \/>\nIn spagnolo la parola &#8220;destello&#8221; significa &#8220;una luce profonda, ma breve, splendente&#8221;, come un lampo. Quindi, questo \u00e8 davvero ci\u00f2 che puoi vedere, puoi sentire, in questo lavoro. Un caleidoscopio di colori che, di volta in volta, si diffondono dal centro. Inizia anche con effetti tridimensionali. Dal bianco ottico, che sembra filtrare attraverso gli splendidi colori dello sfondo. Certo, questa \u00e8 un&#8217;immagine astratta, caratterizzata da una base da cui risplendono calma e serenit\u00e0. C&#8217;\u00e8 un uso molto esperto dei colori &#8220;freddi&#8221;. Il grigio, il blu intenso che si perde nel nero, il viola. Anche il giallo \u00e8 giallo ocra, e le improvvise pennellate di rosso sono in realt\u00e0 del \u201cpaonazzo\u201d, o \u201cpavonazzo\u201d (una specie di viola), il colore amato del Rinascimento italiano. Questo nome deriva etimologicamente dal latino \u201cpavonaceum\u201d (dalla coda di pavone), una specie di rosso violaceo, tendente al buio. Al termine: una perfetta scala di colori Liberty, che smorzano il dinamismo dell&#8217;opera in un&#8217;atmosfera di grande equilibrio e bellezza formale<\/h3>\n<\/div><\/div><\/div><\/div><\/div><\/div><\/div><\/section>\n","protected":false},"excerpt":{"rendered":"<p><strong>Artist:<\/strong> Marcela Ram\u00edrez-Aza <em>(Colombia)<\/em><br \/>\n<strong>Title:<\/strong> Destello<br \/>\n<strong>Date:<\/strong> &#8211;<br \/>\n<strong>Medium:<\/strong> Painting, Oil, Acrylic, mixed media<br \/>\n<strong>Dimensions:<\/strong> 50H x 70B x 2cm<\/p>\n","protected":false},"featured_media":24003,"comment_status":"closed","ping_status":"closed","template":"","meta":{"_acf_changed":false},"product_brand":[146],"product_cat":[117,116],"product_tag":[],"class_list":{"0":"post-28979","1":"product","2":"type-product","3":"status-publish","4":"has-post-thumbnail","6":"product_brand-marcela-ramirez-aza","7":"product_cat-astratto","8":"product_cat-dipinti","10":"first","11":"instock","12":"featured","13":"purchasable","14":"product-type-simple"},"acf":[],"yoast_head":"<!-- This site is optimized with the Yoast SEO plugin v27.3 - https:\/\/yoast.com\/product\/yoast-seo-wordpress\/ -->\n<title>Destello - Marcela Ramirez Aza - Artnuances Artnuances<\/title>\n<meta name=\"description\" content=\"&quot;Destello&quot; \u00e8 un&#039;opera d&#039;arte di Marcella Ramirez Aza. In spagnolo la parola &quot;destello&quot; significa &quot;una luce profonda, ma breve, splendente&quot;, come un lampo.\" \/>\n<meta name=\"robots\" content=\"index, follow, max-snippet:-1, max-image-preview:large, max-video-preview:-1\" \/>\n<link rel=\"canonical\" href=\"https:\/\/artnuances.com\/it\/artworks\/destello-marcela-ramirez-aza\/\" \/>\n<meta property=\"og:locale\" content=\"it_IT\" \/>\n<meta property=\"og:type\" content=\"article\" \/>\n<meta property=\"og:title\" content=\"Destello - Marcela Ramirez Aza - Artnuances Artnuances\" \/>\n<meta property=\"og:description\" content=\"&quot;Destello&quot; \u00e8 un&#039;opera d&#039;arte di Marcella Ramirez Aza. In spagnolo la parola &quot;destello&quot; significa &quot;una luce profonda, ma breve, splendente&quot;, come un lampo.\" \/>\n<meta property=\"og:url\" content=\"https:\/\/artnuances.com\/it\/artworks\/destello-marcela-ramirez-aza\/\" \/>\n<meta property=\"og:site_name\" content=\"Artnuances - Art gallery online\" \/>\n<meta property=\"article:publisher\" content=\"https:\/\/www.facebook.com\/studioartnuances\/\" \/>\n<meta property=\"article:modified_time\" content=\"2023-04-05T16:23:56+00:00\" \/>\n<meta property=\"og:image\" content=\"https:\/\/artnuances.com\/wp-content\/uploads\/2019\/10\/destello-marcella-ramirez-aza-4.jpg\" \/>\n\t<meta property=\"og:image:width\" content=\"2050\" \/>\n\t<meta property=\"og:image:height\" content=\"1469\" \/>\n\t<meta property=\"og:image:type\" content=\"image\/jpeg\" \/>\n<meta name=\"twitter:card\" content=\"summary_large_image\" \/>\n<meta name=\"twitter:label1\" content=\"Tempo di lettura stimato\" \/>\n\t<meta name=\"twitter:data1\" content=\"1 minuto\" \/>\n<script type=\"application\/ld+json\" class=\"yoast-schema-graph\">{\"@context\":\"https:\\\/\\\/schema.org\",\"@graph\":[{\"@type\":\"WebPage\",\"@id\":\"https:\\\/\\\/artnuances.com\\\/it\\\/artworks\\\/destello-marcela-ramirez-aza\\\/\",\"url\":\"https:\\\/\\\/artnuances.com\\\/it\\\/artworks\\\/destello-marcela-ramirez-aza\\\/\",\"name\":\"Destello - Marcela Ramirez Aza - Artnuances Artnuances\",\"isPartOf\":{\"@id\":\"https:\\\/\\\/artnuances.com\\\/it\\\/#website\"},\"primaryImageOfPage\":{\"@id\":\"https:\\\/\\\/artnuances.com\\\/it\\\/artworks\\\/destello-marcela-ramirez-aza\\\/#primaryimage\"},\"image\":{\"@id\":\"https:\\\/\\\/artnuances.com\\\/it\\\/artworks\\\/destello-marcela-ramirez-aza\\\/#primaryimage\"},\"thumbnailUrl\":\"https:\\\/\\\/artnuances.com\\\/wp-content\\\/uploads\\\/2019\\\/10\\\/destello-marcella-ramirez-aza-4.jpg\",\"datePublished\":\"2019-10-21T09:02:30+00:00\",\"dateModified\":\"2023-04-05T16:23:56+00:00\",\"description\":\"\\\"Destello\\\" \u00e8 un'opera d'arte di Marcella Ramirez Aza. In spagnolo la parola \\\"destello\\\" significa \\\"una luce profonda, ma breve, splendente\\\", come un lampo.\",\"breadcrumb\":{\"@id\":\"https:\\\/\\\/artnuances.com\\\/it\\\/artworks\\\/destello-marcela-ramirez-aza\\\/#breadcrumb\"},\"inLanguage\":\"it-IT\",\"potentialAction\":[{\"@type\":\"ReadAction\",\"target\":[\"https:\\\/\\\/artnuances.com\\\/it\\\/artworks\\\/destello-marcela-ramirez-aza\\\/\"]}]},{\"@type\":\"ImageObject\",\"inLanguage\":\"it-IT\",\"@id\":\"https:\\\/\\\/artnuances.com\\\/it\\\/artworks\\\/destello-marcela-ramirez-aza\\\/#primaryimage\",\"url\":\"https:\\\/\\\/artnuances.com\\\/wp-content\\\/uploads\\\/2019\\\/10\\\/destello-marcella-ramirez-aza-4.jpg\",\"contentUrl\":\"https:\\\/\\\/artnuances.com\\\/wp-content\\\/uploads\\\/2019\\\/10\\\/destello-marcella-ramirez-aza-4.jpg\",\"width\":2050,\"height\":1469,\"caption\":\"Destelo - Marcella Rmirez-aza\"},{\"@type\":\"BreadcrumbList\",\"@id\":\"https:\\\/\\\/artnuances.com\\\/it\\\/artworks\\\/destello-marcela-ramirez-aza\\\/#breadcrumb\",\"itemListElement\":[{\"@type\":\"ListItem\",\"position\":1,\"name\":\"Home\",\"item\":\"https:\\\/\\\/artnuances.com\\\/it\\\/\"},{\"@type\":\"ListItem\",\"position\":2,\"name\":\"Shop online\",\"item\":\"https:\\\/\\\/artnuances.com\\\/it\\\/shop-online-galleria-darte-artnuances\\\/\"},{\"@type\":\"ListItem\",\"position\":3,\"name\":\"Destello\"}]},{\"@type\":\"WebSite\",\"@id\":\"https:\\\/\\\/artnuances.com\\\/it\\\/#website\",\"url\":\"https:\\\/\\\/artnuances.com\\\/it\\\/\",\"name\":\"Artnuances - Art gallery online\",\"description\":\"Artnuances Gallery\",\"publisher\":{\"@id\":\"https:\\\/\\\/artnuances.com\\\/it\\\/#organization\"},\"potentialAction\":[{\"@type\":\"SearchAction\",\"target\":{\"@type\":\"EntryPoint\",\"urlTemplate\":\"https:\\\/\\\/artnuances.com\\\/it\\\/?s={search_term_string}\"},\"query-input\":{\"@type\":\"PropertyValueSpecification\",\"valueRequired\":true,\"valueName\":\"search_term_string\"}}],\"inLanguage\":\"it-IT\"},{\"@type\":\"Organization\",\"@id\":\"https:\\\/\\\/artnuances.com\\\/it\\\/#organization\",\"name\":\"Studio Artnuances LTD\",\"url\":\"https:\\\/\\\/artnuances.com\\\/it\\\/\",\"logo\":{\"@type\":\"ImageObject\",\"inLanguage\":\"it-IT\",\"@id\":\"https:\\\/\\\/artnuances.com\\\/it\\\/#\\\/schema\\\/logo\\\/image\\\/\",\"url\":\"https:\\\/\\\/artnuances.com\\\/wp-content\\\/uploads\\\/2019\\\/09\\\/artnuanse.png\",\"contentUrl\":\"https:\\\/\\\/artnuances.com\\\/wp-content\\\/uploads\\\/2019\\\/09\\\/artnuanse.png\",\"width\":622,\"height\":622,\"caption\":\"Studio Artnuances LTD\"},\"image\":{\"@id\":\"https:\\\/\\\/artnuances.com\\\/it\\\/#\\\/schema\\\/logo\\\/image\\\/\"},\"sameAs\":[\"https:\\\/\\\/www.facebook.com\\\/studioartnuances\\\/\",\"https:\\\/\\\/www.instagram.com\\\/studioartnuances\\\/\",\"https:\\\/\\\/www.youtube.com\\\/channel\\\/UCoU2Nb_B-2BOiDcO292sggg\"]}]}<\/script>\n<!-- \/ Yoast SEO plugin. -->","yoast_head_json":{"title":"Destello - Marcela Ramirez Aza - Artnuances Artnuances","description":"\"Destello\" \u00e8 un'opera d'arte di Marcella Ramirez Aza. In spagnolo la parola \"destello\" significa \"una luce profonda, ma breve, splendente\", come un lampo.","robots":{"index":"index","follow":"follow","max-snippet":"max-snippet:-1","max-image-preview":"max-image-preview:large","max-video-preview":"max-video-preview:-1"},"canonical":"https:\/\/artnuances.com\/it\/artworks\/destello-marcela-ramirez-aza\/","og_locale":"it_IT","og_type":"article","og_title":"Destello - Marcela Ramirez Aza - Artnuances Artnuances","og_description":"\"Destello\" \u00e8 un'opera d'arte di Marcella Ramirez Aza. In spagnolo la parola \"destello\" significa \"una luce profonda, ma breve, splendente\", come un lampo.","og_url":"https:\/\/artnuances.com\/it\/artworks\/destello-marcela-ramirez-aza\/","og_site_name":"Artnuances - Art gallery online","article_publisher":"https:\/\/www.facebook.com\/studioartnuances\/","article_modified_time":"2023-04-05T16:23:56+00:00","og_image":[{"width":2050,"height":1469,"url":"https:\/\/artnuances.com\/wp-content\/uploads\/2019\/10\/destello-marcella-ramirez-aza-4.jpg","type":"image\/jpeg"}],"twitter_card":"summary_large_image","twitter_misc":{"Tempo di lettura stimato":"1 minuto"},"schema":{"@context":"https:\/\/schema.org","@graph":[{"@type":"WebPage","@id":"https:\/\/artnuances.com\/it\/artworks\/destello-marcela-ramirez-aza\/","url":"https:\/\/artnuances.com\/it\/artworks\/destello-marcela-ramirez-aza\/","name":"Destello - Marcela Ramirez Aza - Artnuances Artnuances","isPartOf":{"@id":"https:\/\/artnuances.com\/it\/#website"},"primaryImageOfPage":{"@id":"https:\/\/artnuances.com\/it\/artworks\/destello-marcela-ramirez-aza\/#primaryimage"},"image":{"@id":"https:\/\/artnuances.com\/it\/artworks\/destello-marcela-ramirez-aza\/#primaryimage"},"thumbnailUrl":"https:\/\/artnuances.com\/wp-content\/uploads\/2019\/10\/destello-marcella-ramirez-aza-4.jpg","datePublished":"2019-10-21T09:02:30+00:00","dateModified":"2023-04-05T16:23:56+00:00","description":"\"Destello\" \u00e8 un'opera d'arte di Marcella Ramirez Aza. In spagnolo la parola \"destello\" significa \"una luce profonda, ma breve, splendente\", come un lampo.","breadcrumb":{"@id":"https:\/\/artnuances.com\/it\/artworks\/destello-marcela-ramirez-aza\/#breadcrumb"},"inLanguage":"it-IT","potentialAction":[{"@type":"ReadAction","target":["https:\/\/artnuances.com\/it\/artworks\/destello-marcela-ramirez-aza\/"]}]},{"@type":"ImageObject","inLanguage":"it-IT","@id":"https:\/\/artnuances.com\/it\/artworks\/destello-marcela-ramirez-aza\/#primaryimage","url":"https:\/\/artnuances.com\/wp-content\/uploads\/2019\/10\/destello-marcella-ramirez-aza-4.jpg","contentUrl":"https:\/\/artnuances.com\/wp-content\/uploads\/2019\/10\/destello-marcella-ramirez-aza-4.jpg","width":2050,"height":1469,"caption":"Destelo - Marcella Rmirez-aza"},{"@type":"BreadcrumbList","@id":"https:\/\/artnuances.com\/it\/artworks\/destello-marcela-ramirez-aza\/#breadcrumb","itemListElement":[{"@type":"ListItem","position":1,"name":"Home","item":"https:\/\/artnuances.com\/it\/"},{"@type":"ListItem","position":2,"name":"Shop online","item":"https:\/\/artnuances.com\/it\/shop-online-galleria-darte-artnuances\/"},{"@type":"ListItem","position":3,"name":"Destello"}]},{"@type":"WebSite","@id":"https:\/\/artnuances.com\/it\/#website","url":"https:\/\/artnuances.com\/it\/","name":"Artnuances - Art gallery online","description":"Artnuances Gallery","publisher":{"@id":"https:\/\/artnuances.com\/it\/#organization"},"potentialAction":[{"@type":"SearchAction","target":{"@type":"EntryPoint","urlTemplate":"https:\/\/artnuances.com\/it\/?s={search_term_string}"},"query-input":{"@type":"PropertyValueSpecification","valueRequired":true,"valueName":"search_term_string"}}],"inLanguage":"it-IT"},{"@type":"Organization","@id":"https:\/\/artnuances.com\/it\/#organization","name":"Studio Artnuances LTD","url":"https:\/\/artnuances.com\/it\/","logo":{"@type":"ImageObject","inLanguage":"it-IT","@id":"https:\/\/artnuances.com\/it\/#\/schema\/logo\/image\/","url":"https:\/\/artnuances.com\/wp-content\/uploads\/2019\/09\/artnuanse.png","contentUrl":"https:\/\/artnuances.com\/wp-content\/uploads\/2019\/09\/artnuanse.png","width":622,"height":622,"caption":"Studio Artnuances LTD"},"image":{"@id":"https:\/\/artnuances.com\/it\/#\/schema\/logo\/image\/"},"sameAs":["https:\/\/www.facebook.com\/studioartnuances\/","https:\/\/www.instagram.com\/studioartnuances\/","https:\/\/www.youtube.com\/channel\/UCoU2Nb_B-2BOiDcO292sggg"]}]}},"_links":{"self":[{"href":"https:\/\/artnuances.com\/it\/wp-json\/wp\/v2\/product\/28979","targetHints":{"allow":["GET"]}}],"collection":[{"href":"https:\/\/artnuances.com\/it\/wp-json\/wp\/v2\/product"}],"about":[{"href":"https:\/\/artnuances.com\/it\/wp-json\/wp\/v2\/types\/product"}],"replies":[{"embeddable":true,"href":"https:\/\/artnuances.com\/it\/wp-json\/wp\/v2\/comments?post=28979"}],"wp:featuredmedia":[{"embeddable":true,"href":"https:\/\/artnuances.com\/it\/wp-json\/wp\/v2\/media\/24003"}],"wp:attachment":[{"href":"https:\/\/artnuances.com\/it\/wp-json\/wp\/v2\/media?parent=28979"}],"wp:term":[{"taxonomy":"product_brand","embeddable":true,"href":"https:\/\/artnuances.com\/it\/wp-json\/wp\/v2\/product_brand?post=28979"},{"taxonomy":"product_cat","embeddable":true,"href":"https:\/\/artnuances.com\/it\/wp-json\/wp\/v2\/product_cat?post=28979"},{"taxonomy":"product_tag","embeddable":true,"href":"https:\/\/artnuances.com\/it\/wp-json\/wp\/v2\/product_tag?post=28979"}],"curies":[{"name":"wp","href":"https:\/\/api.w.org\/{rel}","templated":true}]}}