{"id":28966,"date":"2019-10-21T16:19:52","date_gmt":"2019-10-21T16:19:52","guid":{"rendered":"https:\/\/www.artnuances-com-717041.hostingersite.com\/artworks\/senza-categoria\/foggy-morning-santa-maria-della-salute\/"},"modified":"2023-04-28T09:55:27","modified_gmt":"2023-04-28T09:55:27","slug":"foggy-morning-santa-maria-della-salute","status":"publish","type":"product","link":"https:\/\/artnuances.com\/it\/artworks\/foggy-morning-santa-maria-della-salute\/","title":{"rendered":"Foggy morning Santa Maria della Salute"},"content":{"rendered":"<section class=\"l-section wpb_row height_large\"><div class=\"l-section-h i-cf\"><div class=\"g-cols vc_row via_flex valign_top type_default stacking_default\"><div class=\"vc_col-sm-12 wpb_column vc_column_container\"><div class=\"vc_column-inner\"><div class=\"wpb_wrapper\"><div class=\"wpb_text_column\"><div class=\"wpb_wrapper\"><h1><em><strong>Foggy morning Santa Maria della Salute, <\/strong><\/em><strong>\u00e8 un lavoro di <\/strong><strong><a href=\"https:\/\/artnuances.com\/it\/authors\/tatiana-zhezmer-it\/\">Tatiana Zhezmer<\/a>.<\/strong><\/h1>\n<h3>L&#8217;arte non \u00e8 mai fine a se stessa e non \u00e8 un&#8217;isola, anzi \u00e8 l&#8217;esatto contrario. Tatiana Zhezmer, ispirandosi al suo connazionale, poeta tra i grandi, premio Nobel Iosif Brodskij, ha voluto dedicare a Venezia una serie di opere. Come il grande poeta, Tatiana ha saputo far rivivere le sensazioni nebbiose che l&#8217;occhio prova quando vede Venezia. Una sensazione di suprema beatitudine, come la definisce Brodsky nel suo saggio &#8220;Fondamenta degli incurabili&#8221; dedicato a Venezia. Nel suo lavoro, Tatiana, riesce a fare una sorta di magia, le linee che definiscono i gabbiani in volo si trasformano nel profilo di &#8220;Santa Maria della Salute&#8221;. I colori acquerellati, sciolti e fusi, offrono la classica sensazione di una giornata di nebbia, dove solo gli elementi architettonici pi\u00f9 importanti riescono ad emergere ed essere riconosciuti. Ma la vera magia \u00e8 la tecnica con cui viene realizzata l&#8217;opera: l&#8217;arte digitale.<\/h3>\n<\/div><\/div><\/div><\/div><\/div><\/div><\/div><\/section>\n","protected":false},"excerpt":{"rendered":"<p><strong>Artist:<\/strong> Tatiana Zhezmer <em>(Russia)<\/em><br \/>\n<strong>Title:<\/strong> Foggy morning Santa Maria della Salute &#8211;<em>limited of 5<\/em><br \/>\n<strong>Date:<\/strong> 2018<br \/>\n<strong>Medium:<\/strong> print on canvas<br \/>\n<strong>Dimensions:<\/strong> 60H x 60B<\/p>\n","protected":false},"featured_media":24136,"comment_status":"closed","ping_status":"closed","template":"","meta":{"_acf_changed":false},"product_brand":[152],"product_cat":[123],"product_tag":[],"class_list":{"0":"post-28966","1":"product","2":"type-product","3":"status-publish","4":"has-post-thumbnail","6":"product_brand-tatiana-zhezmer-it","7":"product_cat-digital-art-it-2","9":"first","10":"instock","11":"featured","12":"purchasable","13":"product-type-simple"},"acf":[],"yoast_head":"<!-- This site is optimized with the Yoast SEO plugin v27.6 - https:\/\/yoast.com\/product\/yoast-seo-wordpress\/ -->\n<title>Foggy morning Santa Maria della Salute - Tatiana Zhezmer - Artnuances<\/title>\n<meta name=\"description\" content=\"L&#039;arte non \u00e8 un&#039;isola. L&#039;arte non \u00e8 mai fine a se stessa e non \u00e8 un&#039;isola, anzi \u00e8 l&#039;esatto contrario.\" \/>\n<meta name=\"robots\" content=\"index, follow, max-snippet:-1, max-image-preview:large, max-video-preview:-1\" \/>\n<link rel=\"canonical\" href=\"https:\/\/artnuances.com\/it\/artworks\/foggy-morning-santa-maria-della-salute\/\" \/>\n<meta property=\"og:locale\" content=\"it_IT\" \/>\n<meta property=\"og:type\" content=\"article\" \/>\n<meta property=\"og:title\" content=\"Foggy morning Santa Maria della Salute - Tatiana Zhezmer - Artnuances\" \/>\n<meta property=\"og:description\" content=\"L&#039;arte non \u00e8 un&#039;isola. L&#039;arte non \u00e8 mai fine a se stessa e non \u00e8 un&#039;isola, anzi \u00e8 l&#039;esatto contrario.\" \/>\n<meta property=\"og:url\" content=\"https:\/\/artnuances.com\/it\/artworks\/foggy-morning-santa-maria-della-salute\/\" \/>\n<meta property=\"og:site_name\" content=\"Artnuances - Art gallery online\" \/>\n<meta property=\"article:publisher\" content=\"https:\/\/www.facebook.com\/studioartnuances\/\" \/>\n<meta property=\"article:modified_time\" content=\"2023-04-28T09:55:27+00:00\" \/>\n<meta property=\"og:image\" content=\"https:\/\/artnuances.com\/wp-content\/uploads\/2019\/10\/foggy-morning-santa-maria-della-salute-tatiana-zhezmer.jpg\" \/>\n\t<meta property=\"og:image:width\" content=\"2000\" \/>\n\t<meta property=\"og:image:height\" content=\"2000\" \/>\n\t<meta property=\"og:image:type\" content=\"image\/jpeg\" \/>\n<meta name=\"twitter:card\" content=\"summary_large_image\" \/>\n<meta name=\"twitter:label1\" content=\"Tempo di lettura stimato\" \/>\n\t<meta name=\"twitter:data1\" content=\"1 minuto\" \/>\n<script type=\"application\/ld+json\" class=\"yoast-schema-graph\">{\"@context\":\"https:\\\/\\\/schema.org\",\"@graph\":[{\"@type\":\"WebPage\",\"@id\":\"https:\\\/\\\/artnuances.com\\\/it\\\/artworks\\\/foggy-morning-santa-maria-della-salute\\\/\",\"url\":\"https:\\\/\\\/artnuances.com\\\/it\\\/artworks\\\/foggy-morning-santa-maria-della-salute\\\/\",\"name\":\"Foggy morning Santa Maria della Salute - Tatiana Zhezmer - Artnuances\",\"isPartOf\":{\"@id\":\"https:\\\/\\\/artnuances.com\\\/it\\\/#website\"},\"primaryImageOfPage\":{\"@id\":\"https:\\\/\\\/artnuances.com\\\/it\\\/artworks\\\/foggy-morning-santa-maria-della-salute\\\/#primaryimage\"},\"image\":{\"@id\":\"https:\\\/\\\/artnuances.com\\\/it\\\/artworks\\\/foggy-morning-santa-maria-della-salute\\\/#primaryimage\"},\"thumbnailUrl\":\"https:\\\/\\\/artnuances.com\\\/wp-content\\\/uploads\\\/2019\\\/10\\\/foggy-morning-santa-maria-della-salute-tatiana-zhezmer.jpg\",\"datePublished\":\"2019-10-21T16:19:52+00:00\",\"dateModified\":\"2023-04-28T09:55:27+00:00\",\"description\":\"L'arte non \u00e8 un'isola. L'arte non \u00e8 mai fine a se stessa e non \u00e8 un'isola, anzi \u00e8 l'esatto contrario.\",\"breadcrumb\":{\"@id\":\"https:\\\/\\\/artnuances.com\\\/it\\\/artworks\\\/foggy-morning-santa-maria-della-salute\\\/#breadcrumb\"},\"inLanguage\":\"it-IT\",\"potentialAction\":[{\"@type\":\"ReadAction\",\"target\":[\"https:\\\/\\\/artnuances.com\\\/it\\\/artworks\\\/foggy-morning-santa-maria-della-salute\\\/\"]}]},{\"@type\":\"ImageObject\",\"inLanguage\":\"it-IT\",\"@id\":\"https:\\\/\\\/artnuances.com\\\/it\\\/artworks\\\/foggy-morning-santa-maria-della-salute\\\/#primaryimage\",\"url\":\"https:\\\/\\\/artnuances.com\\\/wp-content\\\/uploads\\\/2019\\\/10\\\/foggy-morning-santa-maria-della-salute-tatiana-zhezmer.jpg\",\"contentUrl\":\"https:\\\/\\\/artnuances.com\\\/wp-content\\\/uploads\\\/2019\\\/10\\\/foggy-morning-santa-maria-della-salute-tatiana-zhezmer.jpg\",\"width\":2000,\"height\":2000,\"caption\":\"Foggy morning Santa Maria della Salute - Tatiana Zhezmer\"},{\"@type\":\"BreadcrumbList\",\"@id\":\"https:\\\/\\\/artnuances.com\\\/it\\\/artworks\\\/foggy-morning-santa-maria-della-salute\\\/#breadcrumb\",\"itemListElement\":[{\"@type\":\"ListItem\",\"position\":1,\"name\":\"Home\",\"item\":\"https:\\\/\\\/artnuances.com\\\/it\\\/\"},{\"@type\":\"ListItem\",\"position\":2,\"name\":\"Shop online\",\"item\":\"https:\\\/\\\/artnuances.com\\\/it\\\/shop-online-galleria-darte-artnuances\\\/\"},{\"@type\":\"ListItem\",\"position\":3,\"name\":\"Foggy morning Santa Maria della Salute\"}]},{\"@type\":\"WebSite\",\"@id\":\"https:\\\/\\\/artnuances.com\\\/it\\\/#website\",\"url\":\"https:\\\/\\\/artnuances.com\\\/it\\\/\",\"name\":\"Artnuances - Art gallery online\",\"description\":\"Artnuances Gallery\",\"publisher\":{\"@id\":\"https:\\\/\\\/artnuances.com\\\/it\\\/#organization\"},\"potentialAction\":[{\"@type\":\"SearchAction\",\"target\":{\"@type\":\"EntryPoint\",\"urlTemplate\":\"https:\\\/\\\/artnuances.com\\\/it\\\/?s={search_term_string}\"},\"query-input\":{\"@type\":\"PropertyValueSpecification\",\"valueRequired\":true,\"valueName\":\"search_term_string\"}}],\"inLanguage\":\"it-IT\"},{\"@type\":\"Organization\",\"@id\":\"https:\\\/\\\/artnuances.com\\\/it\\\/#organization\",\"name\":\"Studio Artnuances LTD\",\"url\":\"https:\\\/\\\/artnuances.com\\\/it\\\/\",\"logo\":{\"@type\":\"ImageObject\",\"inLanguage\":\"it-IT\",\"@id\":\"https:\\\/\\\/artnuances.com\\\/it\\\/#\\\/schema\\\/logo\\\/image\\\/\",\"url\":\"https:\\\/\\\/artnuances.com\\\/wp-content\\\/uploads\\\/2019\\\/09\\\/artnuanse.png\",\"contentUrl\":\"https:\\\/\\\/artnuances.com\\\/wp-content\\\/uploads\\\/2019\\\/09\\\/artnuanse.png\",\"width\":622,\"height\":622,\"caption\":\"Studio Artnuances LTD\"},\"image\":{\"@id\":\"https:\\\/\\\/artnuances.com\\\/it\\\/#\\\/schema\\\/logo\\\/image\\\/\"},\"sameAs\":[\"https:\\\/\\\/www.facebook.com\\\/studioartnuances\\\/\",\"https:\\\/\\\/www.instagram.com\\\/studioartnuances\\\/\",\"https:\\\/\\\/www.youtube.com\\\/channel\\\/UCoU2Nb_B-2BOiDcO292sggg\"]}]}<\/script>\n<!-- \/ Yoast SEO plugin. -->","yoast_head_json":{"title":"Foggy morning Santa Maria della Salute - Tatiana Zhezmer - Artnuances","description":"L'arte non \u00e8 un'isola. L'arte non \u00e8 mai fine a se stessa e non \u00e8 un'isola, anzi \u00e8 l'esatto contrario.","robots":{"index":"index","follow":"follow","max-snippet":"max-snippet:-1","max-image-preview":"max-image-preview:large","max-video-preview":"max-video-preview:-1"},"canonical":"https:\/\/artnuances.com\/it\/artworks\/foggy-morning-santa-maria-della-salute\/","og_locale":"it_IT","og_type":"article","og_title":"Foggy morning Santa Maria della Salute - Tatiana Zhezmer - Artnuances","og_description":"L'arte non \u00e8 un'isola. L'arte non \u00e8 mai fine a se stessa e non \u00e8 un'isola, anzi \u00e8 l'esatto contrario.","og_url":"https:\/\/artnuances.com\/it\/artworks\/foggy-morning-santa-maria-della-salute\/","og_site_name":"Artnuances - Art gallery online","article_publisher":"https:\/\/www.facebook.com\/studioartnuances\/","article_modified_time":"2023-04-28T09:55:27+00:00","og_image":[{"width":2000,"height":2000,"url":"https:\/\/artnuances.com\/wp-content\/uploads\/2019\/10\/foggy-morning-santa-maria-della-salute-tatiana-zhezmer.jpg","type":"image\/jpeg"}],"twitter_card":"summary_large_image","twitter_misc":{"Tempo di lettura stimato":"1 minuto"},"schema":{"@context":"https:\/\/schema.org","@graph":[{"@type":"WebPage","@id":"https:\/\/artnuances.com\/it\/artworks\/foggy-morning-santa-maria-della-salute\/","url":"https:\/\/artnuances.com\/it\/artworks\/foggy-morning-santa-maria-della-salute\/","name":"Foggy morning Santa Maria della Salute - Tatiana Zhezmer - Artnuances","isPartOf":{"@id":"https:\/\/artnuances.com\/it\/#website"},"primaryImageOfPage":{"@id":"https:\/\/artnuances.com\/it\/artworks\/foggy-morning-santa-maria-della-salute\/#primaryimage"},"image":{"@id":"https:\/\/artnuances.com\/it\/artworks\/foggy-morning-santa-maria-della-salute\/#primaryimage"},"thumbnailUrl":"https:\/\/artnuances.com\/wp-content\/uploads\/2019\/10\/foggy-morning-santa-maria-della-salute-tatiana-zhezmer.jpg","datePublished":"2019-10-21T16:19:52+00:00","dateModified":"2023-04-28T09:55:27+00:00","description":"L'arte non \u00e8 un'isola. L'arte non \u00e8 mai fine a se stessa e non \u00e8 un'isola, anzi \u00e8 l'esatto contrario.","breadcrumb":{"@id":"https:\/\/artnuances.com\/it\/artworks\/foggy-morning-santa-maria-della-salute\/#breadcrumb"},"inLanguage":"it-IT","potentialAction":[{"@type":"ReadAction","target":["https:\/\/artnuances.com\/it\/artworks\/foggy-morning-santa-maria-della-salute\/"]}]},{"@type":"ImageObject","inLanguage":"it-IT","@id":"https:\/\/artnuances.com\/it\/artworks\/foggy-morning-santa-maria-della-salute\/#primaryimage","url":"https:\/\/artnuances.com\/wp-content\/uploads\/2019\/10\/foggy-morning-santa-maria-della-salute-tatiana-zhezmer.jpg","contentUrl":"https:\/\/artnuances.com\/wp-content\/uploads\/2019\/10\/foggy-morning-santa-maria-della-salute-tatiana-zhezmer.jpg","width":2000,"height":2000,"caption":"Foggy morning Santa Maria della Salute - Tatiana Zhezmer"},{"@type":"BreadcrumbList","@id":"https:\/\/artnuances.com\/it\/artworks\/foggy-morning-santa-maria-della-salute\/#breadcrumb","itemListElement":[{"@type":"ListItem","position":1,"name":"Home","item":"https:\/\/artnuances.com\/it\/"},{"@type":"ListItem","position":2,"name":"Shop online","item":"https:\/\/artnuances.com\/it\/shop-online-galleria-darte-artnuances\/"},{"@type":"ListItem","position":3,"name":"Foggy morning Santa Maria della Salute"}]},{"@type":"WebSite","@id":"https:\/\/artnuances.com\/it\/#website","url":"https:\/\/artnuances.com\/it\/","name":"Artnuances - Art gallery online","description":"Artnuances Gallery","publisher":{"@id":"https:\/\/artnuances.com\/it\/#organization"},"potentialAction":[{"@type":"SearchAction","target":{"@type":"EntryPoint","urlTemplate":"https:\/\/artnuances.com\/it\/?s={search_term_string}"},"query-input":{"@type":"PropertyValueSpecification","valueRequired":true,"valueName":"search_term_string"}}],"inLanguage":"it-IT"},{"@type":"Organization","@id":"https:\/\/artnuances.com\/it\/#organization","name":"Studio Artnuances LTD","url":"https:\/\/artnuances.com\/it\/","logo":{"@type":"ImageObject","inLanguage":"it-IT","@id":"https:\/\/artnuances.com\/it\/#\/schema\/logo\/image\/","url":"https:\/\/artnuances.com\/wp-content\/uploads\/2019\/09\/artnuanse.png","contentUrl":"https:\/\/artnuances.com\/wp-content\/uploads\/2019\/09\/artnuanse.png","width":622,"height":622,"caption":"Studio Artnuances LTD"},"image":{"@id":"https:\/\/artnuances.com\/it\/#\/schema\/logo\/image\/"},"sameAs":["https:\/\/www.facebook.com\/studioartnuances\/","https:\/\/www.instagram.com\/studioartnuances\/","https:\/\/www.youtube.com\/channel\/UCoU2Nb_B-2BOiDcO292sggg"]}]}},"_links":{"self":[{"href":"https:\/\/artnuances.com\/it\/wp-json\/wp\/v2\/product\/28966","targetHints":{"allow":["GET"]}}],"collection":[{"href":"https:\/\/artnuances.com\/it\/wp-json\/wp\/v2\/product"}],"about":[{"href":"https:\/\/artnuances.com\/it\/wp-json\/wp\/v2\/types\/product"}],"replies":[{"embeddable":true,"href":"https:\/\/artnuances.com\/it\/wp-json\/wp\/v2\/comments?post=28966"}],"wp:featuredmedia":[{"embeddable":true,"href":"https:\/\/artnuances.com\/it\/wp-json\/wp\/v2\/media\/24136"}],"wp:attachment":[{"href":"https:\/\/artnuances.com\/it\/wp-json\/wp\/v2\/media?parent=28966"}],"wp:term":[{"taxonomy":"product_brand","embeddable":true,"href":"https:\/\/artnuances.com\/it\/wp-json\/wp\/v2\/product_brand?post=28966"},{"taxonomy":"product_cat","embeddable":true,"href":"https:\/\/artnuances.com\/it\/wp-json\/wp\/v2\/product_cat?post=28966"},{"taxonomy":"product_tag","embeddable":true,"href":"https:\/\/artnuances.com\/it\/wp-json\/wp\/v2\/product_tag?post=28966"}],"curies":[{"name":"wp","href":"https:\/\/api.w.org\/{rel}","templated":true}]}}