{"id":28963,"date":"2019-10-21T16:26:10","date_gmt":"2019-10-21T16:26:10","guid":{"rendered":"https:\/\/www.artnuances-com-717041.hostingersite.com\/artworks\/senza-categoria\/autumn-tatiana-zhezmer\/"},"modified":"2023-04-28T09:53:28","modified_gmt":"2023-04-28T09:53:28","slug":"autumn-tatiana-zhezmer","status":"publish","type":"product","link":"https:\/\/artnuances.com\/it\/artworks\/autumn-tatiana-zhezmer\/","title":{"rendered":"Autumn"},"content":{"rendered":"<section class=\"l-section wpb_row height_large\"><div class=\"l-section-h i-cf\"><div class=\"g-cols vc_row via_flex valign_top type_default stacking_default\"><div class=\"vc_col-sm-12 wpb_column vc_column_container\"><div class=\"vc_column-inner\"><div class=\"wpb_wrapper\"><div class=\"wpb_text_column\"><div class=\"wpb_wrapper\"><h1><em><strong>Autumn, <\/strong><\/em><strong>\u00e8 un lavoro di <\/strong><strong><a href=\"https:\/\/artnuances.com\/it\/authors\/tatiana-zhezmer-it\/\">Tatiana Zhezmer<\/a>.<\/strong><\/h1>\n<h3>Sembra un acquerello, in realt\u00e0 \u00e8 arte digitale astratta. Le tecniche in uso da centinaia di anni vengono oggi riprese dalla moderna tecnologia che le fa proprie e le rilancia attraverso l&#8217;abilit\u00e0 di artisti come Tatiana Zhezmer. Si potrebbe pensare che la tecnologia possa sostituire la fantasia, il genio creativo che \u00e8 in ogni artista, ma ci si sbaglia. La tecnologia \u00e8 uno strumento che senza l&#8217;abilit\u00e0 dell&#8217;artista sarebbe una lettera morta. Ebbene Tatiana ha dato vita ad un altro suo lavoro, in chiave astratta, ma che ben descrive il periodo dell&#8217;anno a cui \u00e8 dedicato: l&#8217;Autunno. Colori sbiaditi sullo sfondo che riprendono quelli tipici della stagione, una sorta di canneto, che ricorda bene le piogge, il cambiamento. C&#8217;\u00e8 uno sfondo di dolce tristezza.<\/h3>\n<\/div><\/div><\/div><\/div><\/div><\/div><\/div><\/section>\n","protected":false},"excerpt":{"rendered":"<p><strong>Artist:<\/strong> Tatiana Zhezmer <em>(Russia)<\/em><br \/>\n<strong>Title:<\/strong> Autumn &#8211; <em>limited of 5<\/em><br \/>\n<strong>Date:<\/strong> 2018<br \/>\n<strong>Medium:<\/strong> print on canvas<br \/>\n<strong>Dimensions:<\/strong> 100H x 60B<\/p>\n","protected":false},"featured_media":24142,"comment_status":"closed","ping_status":"closed","template":"","meta":{"_acf_changed":false},"product_brand":[152],"product_cat":[123],"product_tag":[],"class_list":{"0":"post-28963","1":"product","2":"type-product","3":"status-publish","4":"has-post-thumbnail","6":"product_brand-tatiana-zhezmer-it","7":"product_cat-digital-art-it-2","9":"first","10":"instock","11":"featured","12":"purchasable","13":"product-type-simple"},"acf":[],"yoast_head":"<!-- This site is optimized with the Yoast SEO plugin v27.6 - https:\/\/yoast.com\/product\/yoast-seo-wordpress\/ -->\n<title>Autumn - Tatiana Zhezmer - Artnuances - Art gallery online<\/title>\n<meta name=\"description\" content=\"Colori sbiaditi. Si potrebbe pensare che la tecnologia possa sostituire la fantasia, il genio creativo che \u00e8 in ogni artista, ma ci si sbaglia.\" \/>\n<meta name=\"robots\" content=\"index, follow, max-snippet:-1, max-image-preview:large, max-video-preview:-1\" \/>\n<link rel=\"canonical\" href=\"https:\/\/artnuances.com\/it\/artworks\/autumn-tatiana-zhezmer\/\" \/>\n<meta property=\"og:locale\" content=\"it_IT\" \/>\n<meta property=\"og:type\" content=\"article\" \/>\n<meta property=\"og:title\" content=\"Autumn - Tatiana Zhezmer - Artnuances - Art gallery online\" \/>\n<meta property=\"og:description\" content=\"Colori sbiaditi. Si potrebbe pensare che la tecnologia possa sostituire la fantasia, il genio creativo che \u00e8 in ogni artista, ma ci si sbaglia.\" \/>\n<meta property=\"og:url\" content=\"https:\/\/artnuances.com\/it\/artworks\/autumn-tatiana-zhezmer\/\" \/>\n<meta property=\"og:site_name\" content=\"Artnuances - Art gallery online\" \/>\n<meta property=\"article:publisher\" content=\"https:\/\/www.facebook.com\/studioartnuances\/\" \/>\n<meta property=\"article:modified_time\" content=\"2023-04-28T09:53:28+00:00\" \/>\n<meta property=\"og:image\" content=\"https:\/\/artnuances.com\/wp-content\/uploads\/2019\/10\/autumn-tatiana-zhezmer.jpg\" \/>\n\t<meta property=\"og:image:width\" content=\"1125\" \/>\n\t<meta property=\"og:image:height\" content=\"2000\" \/>\n\t<meta property=\"og:image:type\" content=\"image\/jpeg\" \/>\n<meta name=\"twitter:card\" content=\"summary_large_image\" \/>\n<meta name=\"twitter:label1\" content=\"Tempo di lettura stimato\" \/>\n\t<meta name=\"twitter:data1\" content=\"1 minuto\" \/>\n<script type=\"application\/ld+json\" class=\"yoast-schema-graph\">{\"@context\":\"https:\\\/\\\/schema.org\",\"@graph\":[{\"@type\":\"WebPage\",\"@id\":\"https:\\\/\\\/artnuances.com\\\/it\\\/artworks\\\/autumn-tatiana-zhezmer\\\/\",\"url\":\"https:\\\/\\\/artnuances.com\\\/it\\\/artworks\\\/autumn-tatiana-zhezmer\\\/\",\"name\":\"Autumn - Tatiana Zhezmer - Artnuances - Art gallery online\",\"isPartOf\":{\"@id\":\"https:\\\/\\\/artnuances.com\\\/it\\\/#website\"},\"primaryImageOfPage\":{\"@id\":\"https:\\\/\\\/artnuances.com\\\/it\\\/artworks\\\/autumn-tatiana-zhezmer\\\/#primaryimage\"},\"image\":{\"@id\":\"https:\\\/\\\/artnuances.com\\\/it\\\/artworks\\\/autumn-tatiana-zhezmer\\\/#primaryimage\"},\"thumbnailUrl\":\"https:\\\/\\\/artnuances.com\\\/wp-content\\\/uploads\\\/2019\\\/10\\\/autumn-tatiana-zhezmer.jpg\",\"datePublished\":\"2019-10-21T16:26:10+00:00\",\"dateModified\":\"2023-04-28T09:53:28+00:00\",\"description\":\"Colori sbiaditi. Si potrebbe pensare che la tecnologia possa sostituire la fantasia, il genio creativo che \u00e8 in ogni artista, ma ci si sbaglia.\",\"breadcrumb\":{\"@id\":\"https:\\\/\\\/artnuances.com\\\/it\\\/artworks\\\/autumn-tatiana-zhezmer\\\/#breadcrumb\"},\"inLanguage\":\"it-IT\",\"potentialAction\":[{\"@type\":\"ReadAction\",\"target\":[\"https:\\\/\\\/artnuances.com\\\/it\\\/artworks\\\/autumn-tatiana-zhezmer\\\/\"]}]},{\"@type\":\"ImageObject\",\"inLanguage\":\"it-IT\",\"@id\":\"https:\\\/\\\/artnuances.com\\\/it\\\/artworks\\\/autumn-tatiana-zhezmer\\\/#primaryimage\",\"url\":\"https:\\\/\\\/artnuances.com\\\/wp-content\\\/uploads\\\/2019\\\/10\\\/autumn-tatiana-zhezmer.jpg\",\"contentUrl\":\"https:\\\/\\\/artnuances.com\\\/wp-content\\\/uploads\\\/2019\\\/10\\\/autumn-tatiana-zhezmer.jpg\",\"width\":1125,\"height\":2000,\"caption\":\"Autumn - Tatiana Zhezmer\"},{\"@type\":\"BreadcrumbList\",\"@id\":\"https:\\\/\\\/artnuances.com\\\/it\\\/artworks\\\/autumn-tatiana-zhezmer\\\/#breadcrumb\",\"itemListElement\":[{\"@type\":\"ListItem\",\"position\":1,\"name\":\"Home\",\"item\":\"https:\\\/\\\/artnuances.com\\\/it\\\/\"},{\"@type\":\"ListItem\",\"position\":2,\"name\":\"Shop online\",\"item\":\"https:\\\/\\\/artnuances.com\\\/it\\\/shop-online-galleria-darte-artnuances\\\/\"},{\"@type\":\"ListItem\",\"position\":3,\"name\":\"Autumn\"}]},{\"@type\":\"WebSite\",\"@id\":\"https:\\\/\\\/artnuances.com\\\/it\\\/#website\",\"url\":\"https:\\\/\\\/artnuances.com\\\/it\\\/\",\"name\":\"Artnuances - Art gallery online\",\"description\":\"Artnuances Gallery\",\"publisher\":{\"@id\":\"https:\\\/\\\/artnuances.com\\\/it\\\/#organization\"},\"potentialAction\":[{\"@type\":\"SearchAction\",\"target\":{\"@type\":\"EntryPoint\",\"urlTemplate\":\"https:\\\/\\\/artnuances.com\\\/it\\\/?s={search_term_string}\"},\"query-input\":{\"@type\":\"PropertyValueSpecification\",\"valueRequired\":true,\"valueName\":\"search_term_string\"}}],\"inLanguage\":\"it-IT\"},{\"@type\":\"Organization\",\"@id\":\"https:\\\/\\\/artnuances.com\\\/it\\\/#organization\",\"name\":\"Studio Artnuances LTD\",\"url\":\"https:\\\/\\\/artnuances.com\\\/it\\\/\",\"logo\":{\"@type\":\"ImageObject\",\"inLanguage\":\"it-IT\",\"@id\":\"https:\\\/\\\/artnuances.com\\\/it\\\/#\\\/schema\\\/logo\\\/image\\\/\",\"url\":\"https:\\\/\\\/artnuances.com\\\/wp-content\\\/uploads\\\/2019\\\/09\\\/artnuanse.png\",\"contentUrl\":\"https:\\\/\\\/artnuances.com\\\/wp-content\\\/uploads\\\/2019\\\/09\\\/artnuanse.png\",\"width\":622,\"height\":622,\"caption\":\"Studio Artnuances LTD\"},\"image\":{\"@id\":\"https:\\\/\\\/artnuances.com\\\/it\\\/#\\\/schema\\\/logo\\\/image\\\/\"},\"sameAs\":[\"https:\\\/\\\/www.facebook.com\\\/studioartnuances\\\/\",\"https:\\\/\\\/www.instagram.com\\\/studioartnuances\\\/\",\"https:\\\/\\\/www.youtube.com\\\/channel\\\/UCoU2Nb_B-2BOiDcO292sggg\"]}]}<\/script>\n<!-- \/ Yoast SEO plugin. -->","yoast_head_json":{"title":"Autumn - Tatiana Zhezmer - Artnuances - Art gallery online","description":"Colori sbiaditi. Si potrebbe pensare che la tecnologia possa sostituire la fantasia, il genio creativo che \u00e8 in ogni artista, ma ci si sbaglia.","robots":{"index":"index","follow":"follow","max-snippet":"max-snippet:-1","max-image-preview":"max-image-preview:large","max-video-preview":"max-video-preview:-1"},"canonical":"https:\/\/artnuances.com\/it\/artworks\/autumn-tatiana-zhezmer\/","og_locale":"it_IT","og_type":"article","og_title":"Autumn - Tatiana Zhezmer - Artnuances - Art gallery online","og_description":"Colori sbiaditi. Si potrebbe pensare che la tecnologia possa sostituire la fantasia, il genio creativo che \u00e8 in ogni artista, ma ci si sbaglia.","og_url":"https:\/\/artnuances.com\/it\/artworks\/autumn-tatiana-zhezmer\/","og_site_name":"Artnuances - Art gallery online","article_publisher":"https:\/\/www.facebook.com\/studioartnuances\/","article_modified_time":"2023-04-28T09:53:28+00:00","og_image":[{"width":1125,"height":2000,"url":"https:\/\/artnuances.com\/wp-content\/uploads\/2019\/10\/autumn-tatiana-zhezmer.jpg","type":"image\/jpeg"}],"twitter_card":"summary_large_image","twitter_misc":{"Tempo di lettura stimato":"1 minuto"},"schema":{"@context":"https:\/\/schema.org","@graph":[{"@type":"WebPage","@id":"https:\/\/artnuances.com\/it\/artworks\/autumn-tatiana-zhezmer\/","url":"https:\/\/artnuances.com\/it\/artworks\/autumn-tatiana-zhezmer\/","name":"Autumn - Tatiana Zhezmer - Artnuances - Art gallery online","isPartOf":{"@id":"https:\/\/artnuances.com\/it\/#website"},"primaryImageOfPage":{"@id":"https:\/\/artnuances.com\/it\/artworks\/autumn-tatiana-zhezmer\/#primaryimage"},"image":{"@id":"https:\/\/artnuances.com\/it\/artworks\/autumn-tatiana-zhezmer\/#primaryimage"},"thumbnailUrl":"https:\/\/artnuances.com\/wp-content\/uploads\/2019\/10\/autumn-tatiana-zhezmer.jpg","datePublished":"2019-10-21T16:26:10+00:00","dateModified":"2023-04-28T09:53:28+00:00","description":"Colori sbiaditi. Si potrebbe pensare che la tecnologia possa sostituire la fantasia, il genio creativo che \u00e8 in ogni artista, ma ci si sbaglia.","breadcrumb":{"@id":"https:\/\/artnuances.com\/it\/artworks\/autumn-tatiana-zhezmer\/#breadcrumb"},"inLanguage":"it-IT","potentialAction":[{"@type":"ReadAction","target":["https:\/\/artnuances.com\/it\/artworks\/autumn-tatiana-zhezmer\/"]}]},{"@type":"ImageObject","inLanguage":"it-IT","@id":"https:\/\/artnuances.com\/it\/artworks\/autumn-tatiana-zhezmer\/#primaryimage","url":"https:\/\/artnuances.com\/wp-content\/uploads\/2019\/10\/autumn-tatiana-zhezmer.jpg","contentUrl":"https:\/\/artnuances.com\/wp-content\/uploads\/2019\/10\/autumn-tatiana-zhezmer.jpg","width":1125,"height":2000,"caption":"Autumn - Tatiana Zhezmer"},{"@type":"BreadcrumbList","@id":"https:\/\/artnuances.com\/it\/artworks\/autumn-tatiana-zhezmer\/#breadcrumb","itemListElement":[{"@type":"ListItem","position":1,"name":"Home","item":"https:\/\/artnuances.com\/it\/"},{"@type":"ListItem","position":2,"name":"Shop online","item":"https:\/\/artnuances.com\/it\/shop-online-galleria-darte-artnuances\/"},{"@type":"ListItem","position":3,"name":"Autumn"}]},{"@type":"WebSite","@id":"https:\/\/artnuances.com\/it\/#website","url":"https:\/\/artnuances.com\/it\/","name":"Artnuances - Art gallery online","description":"Artnuances Gallery","publisher":{"@id":"https:\/\/artnuances.com\/it\/#organization"},"potentialAction":[{"@type":"SearchAction","target":{"@type":"EntryPoint","urlTemplate":"https:\/\/artnuances.com\/it\/?s={search_term_string}"},"query-input":{"@type":"PropertyValueSpecification","valueRequired":true,"valueName":"search_term_string"}}],"inLanguage":"it-IT"},{"@type":"Organization","@id":"https:\/\/artnuances.com\/it\/#organization","name":"Studio Artnuances LTD","url":"https:\/\/artnuances.com\/it\/","logo":{"@type":"ImageObject","inLanguage":"it-IT","@id":"https:\/\/artnuances.com\/it\/#\/schema\/logo\/image\/","url":"https:\/\/artnuances.com\/wp-content\/uploads\/2019\/09\/artnuanse.png","contentUrl":"https:\/\/artnuances.com\/wp-content\/uploads\/2019\/09\/artnuanse.png","width":622,"height":622,"caption":"Studio Artnuances LTD"},"image":{"@id":"https:\/\/artnuances.com\/it\/#\/schema\/logo\/image\/"},"sameAs":["https:\/\/www.facebook.com\/studioartnuances\/","https:\/\/www.instagram.com\/studioartnuances\/","https:\/\/www.youtube.com\/channel\/UCoU2Nb_B-2BOiDcO292sggg"]}]}},"_links":{"self":[{"href":"https:\/\/artnuances.com\/it\/wp-json\/wp\/v2\/product\/28963","targetHints":{"allow":["GET"]}}],"collection":[{"href":"https:\/\/artnuances.com\/it\/wp-json\/wp\/v2\/product"}],"about":[{"href":"https:\/\/artnuances.com\/it\/wp-json\/wp\/v2\/types\/product"}],"replies":[{"embeddable":true,"href":"https:\/\/artnuances.com\/it\/wp-json\/wp\/v2\/comments?post=28963"}],"wp:featuredmedia":[{"embeddable":true,"href":"https:\/\/artnuances.com\/it\/wp-json\/wp\/v2\/media\/24142"}],"wp:attachment":[{"href":"https:\/\/artnuances.com\/it\/wp-json\/wp\/v2\/media?parent=28963"}],"wp:term":[{"taxonomy":"product_brand","embeddable":true,"href":"https:\/\/artnuances.com\/it\/wp-json\/wp\/v2\/product_brand?post=28963"},{"taxonomy":"product_cat","embeddable":true,"href":"https:\/\/artnuances.com\/it\/wp-json\/wp\/v2\/product_cat?post=28963"},{"taxonomy":"product_tag","embeddable":true,"href":"https:\/\/artnuances.com\/it\/wp-json\/wp\/v2\/product_tag?post=28963"}],"curies":[{"name":"wp","href":"https:\/\/api.w.org\/{rel}","templated":true}]}}