{"id":28962,"date":"2019-10-21T16:31:04","date_gmt":"2019-10-21T16:31:04","guid":{"rendered":"https:\/\/www.artnuances-com-717041.hostingersite.com\/artworks\/senza-categoria\/forsythia-tatiana-zhezmer\/"},"modified":"2023-04-28T09:53:06","modified_gmt":"2023-04-28T09:53:06","slug":"forsythia-tatiana-zhezmer","status":"publish","type":"product","link":"https:\/\/artnuances.com\/it\/artworks\/forsythia-tatiana-zhezmer\/","title":{"rendered":"Forsythia"},"content":{"rendered":"<h1><em><strong>Forsythia, <\/strong><\/em><strong>\u00e8 un lavoro di <\/strong><strong><a href=\"https:\/\/artnuances.com\/it\/authors\/tatiana-zhezmer-it\/\">Tatiana Zhezmer.<\/a><\/strong><\/h1>\n<h3>Un bel tratto di colore. Questa artista \u00e8 entrata nel mondo Artnuances, proprio per la sua capacit\u00e0 di utilizzare la computer grafica o l&#8217;arte digitale, per creare dipinti. Spesso vediamo scene fantastiche o realt\u00e0 virtuali, che i computer riescono a ricreare con grande cura e grandi effetti, ma raramente vediamo artisti che si cimentano con questi strumenti, perch\u00e9 erroneamente li considerano senz&#8217;anima, freddi e impersonali. Tatiana, invece, riesce a dimostrare come il talento artistico possa esprimersi anche attraverso una penna digitale e un computer, realizzando opere che nulla hanno da invidiare a quelle realizzate con tecnica classica su tela. Nella serie dedicata a piante e fiori, c&#8217;\u00e8 quest&#8217;opera dedicata ad un fiore particolare la Forsythia. \u00c8 un arbusto che con le sue infiorescenze gialle offre una bellissima pennellata di colore. L&#8217;architetto russo ha voluto giocare con le forme dei suoi petali. Ha usato una sorta di evidenziatore virtuale, per creare una serie di figure, quasi una sorta di lampadina che si muove veloce nel buio e catturata da una pellicola sensibile, tracciando traiettorie impalpabili. \u00c8 una sorta di gioco nell&#8217;aria, trasferito su un disegno realizzato con grafica digitale.<\/h3>\n","protected":false},"excerpt":{"rendered":"<p><strong>Artist:<\/strong> Tatiana Zhezmer<em> (Russia)<\/em><br \/>\n<strong>Title:<\/strong> Forsythia &#8211;<em>limited of 5<\/em><br \/>\n<strong>Date:<\/strong> 2016<br \/>\n<strong>Medium:<\/strong> Print on canvas<br \/>\n<strong>Dimensions:<\/strong> 100H x 150B<\/p>\n","protected":false},"featured_media":24144,"comment_status":"closed","ping_status":"closed","template":"","meta":{"_acf_changed":false},"product_brand":[152],"product_cat":[123],"product_tag":[],"class_list":{"0":"post-28962","1":"product","2":"type-product","3":"status-publish","4":"has-post-thumbnail","6":"product_brand-tatiana-zhezmer-it","7":"product_cat-digital-art-it-2","8":"product_shipping_class-tube-it","10":"first","11":"instock","12":"featured","13":"purchasable","14":"product-type-simple"},"acf":[],"yoast_head":"<!-- This site is optimized with the Yoast SEO plugin v27.3 - https:\/\/yoast.com\/product\/yoast-seo-wordpress\/ -->\n<title>Forsythia - Tatiana Zhezmer - Artnuances - Art gallery online<\/title>\n<meta name=\"description\" content=\"una bella pennellata di colore. L&#039;architetto russo ha voluto giocare con le forme dei suoi petali. Ha usato una sorta di evidenziatore virtuale.\" \/>\n<meta name=\"robots\" content=\"index, follow, max-snippet:-1, max-image-preview:large, max-video-preview:-1\" \/>\n<link rel=\"canonical\" href=\"https:\/\/artnuances.com\/it\/artworks\/forsythia-tatiana-zhezmer\/\" \/>\n<meta property=\"og:locale\" content=\"it_IT\" \/>\n<meta property=\"og:type\" content=\"article\" \/>\n<meta property=\"og:title\" content=\"Forsythia - Tatiana Zhezmer - Artnuances - Art gallery online\" \/>\n<meta property=\"og:description\" content=\"una bella pennellata di colore. L&#039;architetto russo ha voluto giocare con le forme dei suoi petali. Ha usato una sorta di evidenziatore virtuale.\" \/>\n<meta property=\"og:url\" content=\"https:\/\/artnuances.com\/it\/artworks\/forsythia-tatiana-zhezmer\/\" \/>\n<meta property=\"og:site_name\" content=\"Artnuances - Art gallery online\" \/>\n<meta property=\"article:publisher\" content=\"https:\/\/www.facebook.com\/studioartnuances\/\" \/>\n<meta property=\"article:modified_time\" content=\"2023-04-28T09:53:06+00:00\" \/>\n<meta property=\"og:image\" content=\"https:\/\/artnuances.com\/wp-content\/uploads\/2019\/10\/forzicia-tatiana-zhezmer.jpg\" \/>\n\t<meta property=\"og:image:width\" content=\"2000\" \/>\n\t<meta property=\"og:image:height\" content=\"1333\" \/>\n\t<meta property=\"og:image:type\" content=\"image\/jpeg\" \/>\n<meta name=\"twitter:card\" content=\"summary_large_image\" \/>\n<meta name=\"twitter:label1\" content=\"Tempo di lettura stimato\" \/>\n\t<meta name=\"twitter:data1\" content=\"1 minuto\" \/>\n<script type=\"application\/ld+json\" class=\"yoast-schema-graph\">{\"@context\":\"https:\\\/\\\/schema.org\",\"@graph\":[{\"@type\":\"WebPage\",\"@id\":\"https:\\\/\\\/artnuances.com\\\/it\\\/artworks\\\/forsythia-tatiana-zhezmer\\\/\",\"url\":\"https:\\\/\\\/artnuances.com\\\/it\\\/artworks\\\/forsythia-tatiana-zhezmer\\\/\",\"name\":\"Forsythia - Tatiana Zhezmer - Artnuances - Art gallery online\",\"isPartOf\":{\"@id\":\"https:\\\/\\\/artnuances.com\\\/it\\\/#website\"},\"primaryImageOfPage\":{\"@id\":\"https:\\\/\\\/artnuances.com\\\/it\\\/artworks\\\/forsythia-tatiana-zhezmer\\\/#primaryimage\"},\"image\":{\"@id\":\"https:\\\/\\\/artnuances.com\\\/it\\\/artworks\\\/forsythia-tatiana-zhezmer\\\/#primaryimage\"},\"thumbnailUrl\":\"https:\\\/\\\/artnuances.com\\\/wp-content\\\/uploads\\\/2019\\\/10\\\/forzicia-tatiana-zhezmer.jpg\",\"datePublished\":\"2019-10-21T16:31:04+00:00\",\"dateModified\":\"2023-04-28T09:53:06+00:00\",\"description\":\"una bella pennellata di colore. L'architetto russo ha voluto giocare con le forme dei suoi petali. Ha usato una sorta di evidenziatore virtuale.\",\"breadcrumb\":{\"@id\":\"https:\\\/\\\/artnuances.com\\\/it\\\/artworks\\\/forsythia-tatiana-zhezmer\\\/#breadcrumb\"},\"inLanguage\":\"it-IT\",\"potentialAction\":[{\"@type\":\"ReadAction\",\"target\":[\"https:\\\/\\\/artnuances.com\\\/it\\\/artworks\\\/forsythia-tatiana-zhezmer\\\/\"]}]},{\"@type\":\"ImageObject\",\"inLanguage\":\"it-IT\",\"@id\":\"https:\\\/\\\/artnuances.com\\\/it\\\/artworks\\\/forsythia-tatiana-zhezmer\\\/#primaryimage\",\"url\":\"https:\\\/\\\/artnuances.com\\\/wp-content\\\/uploads\\\/2019\\\/10\\\/forzicia-tatiana-zhezmer.jpg\",\"contentUrl\":\"https:\\\/\\\/artnuances.com\\\/wp-content\\\/uploads\\\/2019\\\/10\\\/forzicia-tatiana-zhezmer.jpg\",\"width\":2000,\"height\":1333,\"caption\":\"Forzicia - Tatiana Zhezmer\"},{\"@type\":\"BreadcrumbList\",\"@id\":\"https:\\\/\\\/artnuances.com\\\/it\\\/artworks\\\/forsythia-tatiana-zhezmer\\\/#breadcrumb\",\"itemListElement\":[{\"@type\":\"ListItem\",\"position\":1,\"name\":\"Home\",\"item\":\"https:\\\/\\\/artnuances.com\\\/it\\\/\"},{\"@type\":\"ListItem\",\"position\":2,\"name\":\"Shop online\",\"item\":\"https:\\\/\\\/artnuances.com\\\/it\\\/shop-online-galleria-darte-artnuances\\\/\"},{\"@type\":\"ListItem\",\"position\":3,\"name\":\"Forsythia\"}]},{\"@type\":\"WebSite\",\"@id\":\"https:\\\/\\\/artnuances.com\\\/it\\\/#website\",\"url\":\"https:\\\/\\\/artnuances.com\\\/it\\\/\",\"name\":\"Artnuances - Art gallery online\",\"description\":\"Artnuances Gallery\",\"publisher\":{\"@id\":\"https:\\\/\\\/artnuances.com\\\/it\\\/#organization\"},\"potentialAction\":[{\"@type\":\"SearchAction\",\"target\":{\"@type\":\"EntryPoint\",\"urlTemplate\":\"https:\\\/\\\/artnuances.com\\\/it\\\/?s={search_term_string}\"},\"query-input\":{\"@type\":\"PropertyValueSpecification\",\"valueRequired\":true,\"valueName\":\"search_term_string\"}}],\"inLanguage\":\"it-IT\"},{\"@type\":\"Organization\",\"@id\":\"https:\\\/\\\/artnuances.com\\\/it\\\/#organization\",\"name\":\"Studio Artnuances LTD\",\"url\":\"https:\\\/\\\/artnuances.com\\\/it\\\/\",\"logo\":{\"@type\":\"ImageObject\",\"inLanguage\":\"it-IT\",\"@id\":\"https:\\\/\\\/artnuances.com\\\/it\\\/#\\\/schema\\\/logo\\\/image\\\/\",\"url\":\"https:\\\/\\\/artnuances.com\\\/wp-content\\\/uploads\\\/2019\\\/09\\\/artnuanse.png\",\"contentUrl\":\"https:\\\/\\\/artnuances.com\\\/wp-content\\\/uploads\\\/2019\\\/09\\\/artnuanse.png\",\"width\":622,\"height\":622,\"caption\":\"Studio Artnuances LTD\"},\"image\":{\"@id\":\"https:\\\/\\\/artnuances.com\\\/it\\\/#\\\/schema\\\/logo\\\/image\\\/\"},\"sameAs\":[\"https:\\\/\\\/www.facebook.com\\\/studioartnuances\\\/\",\"https:\\\/\\\/www.instagram.com\\\/studioartnuances\\\/\",\"https:\\\/\\\/www.youtube.com\\\/channel\\\/UCoU2Nb_B-2BOiDcO292sggg\"]}]}<\/script>\n<!-- \/ Yoast SEO plugin. -->","yoast_head_json":{"title":"Forsythia - Tatiana Zhezmer - Artnuances - Art gallery online","description":"una bella pennellata di colore. L'architetto russo ha voluto giocare con le forme dei suoi petali. Ha usato una sorta di evidenziatore virtuale.","robots":{"index":"index","follow":"follow","max-snippet":"max-snippet:-1","max-image-preview":"max-image-preview:large","max-video-preview":"max-video-preview:-1"},"canonical":"https:\/\/artnuances.com\/it\/artworks\/forsythia-tatiana-zhezmer\/","og_locale":"it_IT","og_type":"article","og_title":"Forsythia - Tatiana Zhezmer - Artnuances - Art gallery online","og_description":"una bella pennellata di colore. L'architetto russo ha voluto giocare con le forme dei suoi petali. Ha usato una sorta di evidenziatore virtuale.","og_url":"https:\/\/artnuances.com\/it\/artworks\/forsythia-tatiana-zhezmer\/","og_site_name":"Artnuances - Art gallery online","article_publisher":"https:\/\/www.facebook.com\/studioartnuances\/","article_modified_time":"2023-04-28T09:53:06+00:00","og_image":[{"width":2000,"height":1333,"url":"https:\/\/artnuances.com\/wp-content\/uploads\/2019\/10\/forzicia-tatiana-zhezmer.jpg","type":"image\/jpeg"}],"twitter_card":"summary_large_image","twitter_misc":{"Tempo di lettura stimato":"1 minuto"},"schema":{"@context":"https:\/\/schema.org","@graph":[{"@type":"WebPage","@id":"https:\/\/artnuances.com\/it\/artworks\/forsythia-tatiana-zhezmer\/","url":"https:\/\/artnuances.com\/it\/artworks\/forsythia-tatiana-zhezmer\/","name":"Forsythia - Tatiana Zhezmer - Artnuances - Art gallery online","isPartOf":{"@id":"https:\/\/artnuances.com\/it\/#website"},"primaryImageOfPage":{"@id":"https:\/\/artnuances.com\/it\/artworks\/forsythia-tatiana-zhezmer\/#primaryimage"},"image":{"@id":"https:\/\/artnuances.com\/it\/artworks\/forsythia-tatiana-zhezmer\/#primaryimage"},"thumbnailUrl":"https:\/\/artnuances.com\/wp-content\/uploads\/2019\/10\/forzicia-tatiana-zhezmer.jpg","datePublished":"2019-10-21T16:31:04+00:00","dateModified":"2023-04-28T09:53:06+00:00","description":"una bella pennellata di colore. L'architetto russo ha voluto giocare con le forme dei suoi petali. Ha usato una sorta di evidenziatore virtuale.","breadcrumb":{"@id":"https:\/\/artnuances.com\/it\/artworks\/forsythia-tatiana-zhezmer\/#breadcrumb"},"inLanguage":"it-IT","potentialAction":[{"@type":"ReadAction","target":["https:\/\/artnuances.com\/it\/artworks\/forsythia-tatiana-zhezmer\/"]}]},{"@type":"ImageObject","inLanguage":"it-IT","@id":"https:\/\/artnuances.com\/it\/artworks\/forsythia-tatiana-zhezmer\/#primaryimage","url":"https:\/\/artnuances.com\/wp-content\/uploads\/2019\/10\/forzicia-tatiana-zhezmer.jpg","contentUrl":"https:\/\/artnuances.com\/wp-content\/uploads\/2019\/10\/forzicia-tatiana-zhezmer.jpg","width":2000,"height":1333,"caption":"Forzicia - Tatiana Zhezmer"},{"@type":"BreadcrumbList","@id":"https:\/\/artnuances.com\/it\/artworks\/forsythia-tatiana-zhezmer\/#breadcrumb","itemListElement":[{"@type":"ListItem","position":1,"name":"Home","item":"https:\/\/artnuances.com\/it\/"},{"@type":"ListItem","position":2,"name":"Shop online","item":"https:\/\/artnuances.com\/it\/shop-online-galleria-darte-artnuances\/"},{"@type":"ListItem","position":3,"name":"Forsythia"}]},{"@type":"WebSite","@id":"https:\/\/artnuances.com\/it\/#website","url":"https:\/\/artnuances.com\/it\/","name":"Artnuances - Art gallery online","description":"Artnuances Gallery","publisher":{"@id":"https:\/\/artnuances.com\/it\/#organization"},"potentialAction":[{"@type":"SearchAction","target":{"@type":"EntryPoint","urlTemplate":"https:\/\/artnuances.com\/it\/?s={search_term_string}"},"query-input":{"@type":"PropertyValueSpecification","valueRequired":true,"valueName":"search_term_string"}}],"inLanguage":"it-IT"},{"@type":"Organization","@id":"https:\/\/artnuances.com\/it\/#organization","name":"Studio Artnuances LTD","url":"https:\/\/artnuances.com\/it\/","logo":{"@type":"ImageObject","inLanguage":"it-IT","@id":"https:\/\/artnuances.com\/it\/#\/schema\/logo\/image\/","url":"https:\/\/artnuances.com\/wp-content\/uploads\/2019\/09\/artnuanse.png","contentUrl":"https:\/\/artnuances.com\/wp-content\/uploads\/2019\/09\/artnuanse.png","width":622,"height":622,"caption":"Studio Artnuances LTD"},"image":{"@id":"https:\/\/artnuances.com\/it\/#\/schema\/logo\/image\/"},"sameAs":["https:\/\/www.facebook.com\/studioartnuances\/","https:\/\/www.instagram.com\/studioartnuances\/","https:\/\/www.youtube.com\/channel\/UCoU2Nb_B-2BOiDcO292sggg"]}]}},"_links":{"self":[{"href":"https:\/\/artnuances.com\/it\/wp-json\/wp\/v2\/product\/28962","targetHints":{"allow":["GET"]}}],"collection":[{"href":"https:\/\/artnuances.com\/it\/wp-json\/wp\/v2\/product"}],"about":[{"href":"https:\/\/artnuances.com\/it\/wp-json\/wp\/v2\/types\/product"}],"replies":[{"embeddable":true,"href":"https:\/\/artnuances.com\/it\/wp-json\/wp\/v2\/comments?post=28962"}],"wp:featuredmedia":[{"embeddable":true,"href":"https:\/\/artnuances.com\/it\/wp-json\/wp\/v2\/media\/24144"}],"wp:attachment":[{"href":"https:\/\/artnuances.com\/it\/wp-json\/wp\/v2\/media?parent=28962"}],"wp:term":[{"taxonomy":"product_brand","embeddable":true,"href":"https:\/\/artnuances.com\/it\/wp-json\/wp\/v2\/product_brand?post=28962"},{"taxonomy":"product_cat","embeddable":true,"href":"https:\/\/artnuances.com\/it\/wp-json\/wp\/v2\/product_cat?post=28962"},{"taxonomy":"product_tag","embeddable":true,"href":"https:\/\/artnuances.com\/it\/wp-json\/wp\/v2\/product_tag?post=28962"}],"curies":[{"name":"wp","href":"https:\/\/api.w.org\/{rel}","templated":true}]}}