{"id":28961,"date":"2019-10-21T16:35:24","date_gmt":"2019-10-21T16:35:24","guid":{"rendered":"https:\/\/www.artnuances-com-717041.hostingersite.com\/artworks\/senza-categoria\/grapes-tatiana-zhezmer\/"},"modified":"2023-04-28T09:52:45","modified_gmt":"2023-04-28T09:52:45","slug":"grapes-tatiana-zhezmer","status":"publish","type":"product","link":"https:\/\/artnuances.com\/it\/artworks\/grapes-tatiana-zhezmer\/","title":{"rendered":"Grapes"},"content":{"rendered":"<section class=\"l-section wpb_row height_large\"><div class=\"l-section-h i-cf\"><div class=\"g-cols vc_row via_flex valign_top type_default stacking_default\"><div class=\"vc_col-sm-12 wpb_column vc_column_container\"><div class=\"vc_column-inner\"><div class=\"wpb_wrapper\"><div class=\"wpb_text_column\"><div class=\"wpb_wrapper\"><h1><em><strong>Grapes <\/strong><\/em><strong>\u00e8 un lavoro di <\/strong><strong><a href=\"https:\/\/artnuances.com\/it\/authors\/tatiana-zhezmer-it\/\">Tatiana Zhezmer<\/a>.<\/strong><\/h1>\n<h3>Grapes. Un frutto praticamente universale. L&#8217;artista ha dedicato un&#8217;opera alla pianta della vite. Un sottile intreccio di linee che descrivono le foglie ei rami, nel periodo pi\u00f9 importante dell&#8217;anno, cio\u00e8 quando l&#8217;uva matura sta per essere raccolta. La particolarit\u00e0 dell&#8217;esecuzione sta nell&#8217;unire il disegno pulito della pianta ad uno sfondo in cui i colori tipici della pianta si fondono come se fossero visti attraverso una lente opaca. \u00c8 una realizzazione vivace, gioiosa, dove non ci si aspetterebbe che la tecnica fosse digitale. Ci\u00f2 che caratterizza l&#8217;arte di Tatiana \u00e8 proprio il suo modo di maneggiare il digitale come se fosse un pennello tra le mani.<\/h3>\n<\/div><\/div><\/div><\/div><\/div><\/div><\/div><\/section>\n","protected":false},"excerpt":{"rendered":"<p><strong>Artist:<\/strong> Tatiana Zhezmer <em>(Russia)<\/em><br \/>\n<strong>Title:<\/strong> Grapes<br \/>\n<strong>Date:<\/strong> 2015<br \/>\n<strong>Medium:<\/strong> Gabardine print<br \/>\n<strong>Dimensions:<\/strong> 100H x 150B<\/p>\n","protected":false},"featured_media":24146,"comment_status":"closed","ping_status":"closed","template":"","meta":{"_acf_changed":false},"product_brand":[152],"product_cat":[123],"product_tag":[],"class_list":{"0":"post-28961","1":"product","2":"type-product","3":"status-publish","4":"has-post-thumbnail","6":"product_brand-tatiana-zhezmer-it","7":"product_cat-digital-art-it-2","9":"first","10":"instock","11":"featured","12":"purchasable","13":"product-type-simple"},"acf":[],"yoast_head":"<!-- This site is optimized with the Yoast SEO plugin v27.4 - https:\/\/yoast.com\/product\/yoast-seo-wordpress\/ -->\n<title>Grapes - Tatiana Zhezmer - Artnuances - Art gallery online<\/title>\n<meta name=\"description\" content=\"alberi da frutto universali. L&#039;artista ha dedicato una delle sue opere a uno degli alberi da frutto pi\u00f9 universali: la vite.\" \/>\n<meta name=\"robots\" content=\"index, follow, max-snippet:-1, max-image-preview:large, max-video-preview:-1\" \/>\n<link rel=\"canonical\" href=\"https:\/\/artnuances.com\/it\/artworks\/grapes-tatiana-zhezmer\/\" \/>\n<meta property=\"og:locale\" content=\"it_IT\" \/>\n<meta property=\"og:type\" content=\"article\" \/>\n<meta property=\"og:title\" content=\"Grapes - Tatiana Zhezmer - Artnuances - Art gallery online\" \/>\n<meta property=\"og:description\" content=\"alberi da frutto universali. L&#039;artista ha dedicato una delle sue opere a uno degli alberi da frutto pi\u00f9 universali: la vite.\" \/>\n<meta property=\"og:url\" content=\"https:\/\/artnuances.com\/it\/artworks\/grapes-tatiana-zhezmer\/\" \/>\n<meta property=\"og:site_name\" content=\"Artnuances - Art gallery online\" \/>\n<meta property=\"article:publisher\" content=\"https:\/\/www.facebook.com\/studioartnuances\/\" \/>\n<meta property=\"article:modified_time\" content=\"2023-04-28T09:52:45+00:00\" \/>\n<meta property=\"og:image\" content=\"https:\/\/artnuances.com\/wp-content\/uploads\/2019\/10\/grapes-tatiana-zhezmer.jpg\" \/>\n\t<meta property=\"og:image:width\" content=\"2000\" \/>\n\t<meta property=\"og:image:height\" content=\"1333\" \/>\n\t<meta property=\"og:image:type\" content=\"image\/jpeg\" \/>\n<meta name=\"twitter:card\" content=\"summary_large_image\" \/>\n<meta name=\"twitter:label1\" content=\"Tempo di lettura stimato\" \/>\n\t<meta name=\"twitter:data1\" content=\"1 minuto\" \/>\n<script type=\"application\/ld+json\" class=\"yoast-schema-graph\">{\"@context\":\"https:\\\/\\\/schema.org\",\"@graph\":[{\"@type\":\"WebPage\",\"@id\":\"https:\\\/\\\/artnuances.com\\\/it\\\/artworks\\\/grapes-tatiana-zhezmer\\\/\",\"url\":\"https:\\\/\\\/artnuances.com\\\/it\\\/artworks\\\/grapes-tatiana-zhezmer\\\/\",\"name\":\"Grapes - Tatiana Zhezmer - Artnuances - Art gallery online\",\"isPartOf\":{\"@id\":\"https:\\\/\\\/artnuances.com\\\/it\\\/#website\"},\"primaryImageOfPage\":{\"@id\":\"https:\\\/\\\/artnuances.com\\\/it\\\/artworks\\\/grapes-tatiana-zhezmer\\\/#primaryimage\"},\"image\":{\"@id\":\"https:\\\/\\\/artnuances.com\\\/it\\\/artworks\\\/grapes-tatiana-zhezmer\\\/#primaryimage\"},\"thumbnailUrl\":\"https:\\\/\\\/artnuances.com\\\/wp-content\\\/uploads\\\/2019\\\/10\\\/grapes-tatiana-zhezmer.jpg\",\"datePublished\":\"2019-10-21T16:35:24+00:00\",\"dateModified\":\"2023-04-28T09:52:45+00:00\",\"description\":\"alberi da frutto universali. L'artista ha dedicato una delle sue opere a uno degli alberi da frutto pi\u00f9 universali: la vite.\",\"breadcrumb\":{\"@id\":\"https:\\\/\\\/artnuances.com\\\/it\\\/artworks\\\/grapes-tatiana-zhezmer\\\/#breadcrumb\"},\"inLanguage\":\"it-IT\",\"potentialAction\":[{\"@type\":\"ReadAction\",\"target\":[\"https:\\\/\\\/artnuances.com\\\/it\\\/artworks\\\/grapes-tatiana-zhezmer\\\/\"]}]},{\"@type\":\"ImageObject\",\"inLanguage\":\"it-IT\",\"@id\":\"https:\\\/\\\/artnuances.com\\\/it\\\/artworks\\\/grapes-tatiana-zhezmer\\\/#primaryimage\",\"url\":\"https:\\\/\\\/artnuances.com\\\/wp-content\\\/uploads\\\/2019\\\/10\\\/grapes-tatiana-zhezmer.jpg\",\"contentUrl\":\"https:\\\/\\\/artnuances.com\\\/wp-content\\\/uploads\\\/2019\\\/10\\\/grapes-tatiana-zhezmer.jpg\",\"width\":2000,\"height\":1333,\"caption\":\"Grapes- Tatiana Zhezmer\"},{\"@type\":\"BreadcrumbList\",\"@id\":\"https:\\\/\\\/artnuances.com\\\/it\\\/artworks\\\/grapes-tatiana-zhezmer\\\/#breadcrumb\",\"itemListElement\":[{\"@type\":\"ListItem\",\"position\":1,\"name\":\"Home\",\"item\":\"https:\\\/\\\/artnuances.com\\\/it\\\/\"},{\"@type\":\"ListItem\",\"position\":2,\"name\":\"Shop online\",\"item\":\"https:\\\/\\\/artnuances.com\\\/it\\\/shop-online-galleria-darte-artnuances\\\/\"},{\"@type\":\"ListItem\",\"position\":3,\"name\":\"Grapes\"}]},{\"@type\":\"WebSite\",\"@id\":\"https:\\\/\\\/artnuances.com\\\/it\\\/#website\",\"url\":\"https:\\\/\\\/artnuances.com\\\/it\\\/\",\"name\":\"Artnuances - Art gallery online\",\"description\":\"Artnuances Gallery\",\"publisher\":{\"@id\":\"https:\\\/\\\/artnuances.com\\\/it\\\/#organization\"},\"potentialAction\":[{\"@type\":\"SearchAction\",\"target\":{\"@type\":\"EntryPoint\",\"urlTemplate\":\"https:\\\/\\\/artnuances.com\\\/it\\\/?s={search_term_string}\"},\"query-input\":{\"@type\":\"PropertyValueSpecification\",\"valueRequired\":true,\"valueName\":\"search_term_string\"}}],\"inLanguage\":\"it-IT\"},{\"@type\":\"Organization\",\"@id\":\"https:\\\/\\\/artnuances.com\\\/it\\\/#organization\",\"name\":\"Studio Artnuances LTD\",\"url\":\"https:\\\/\\\/artnuances.com\\\/it\\\/\",\"logo\":{\"@type\":\"ImageObject\",\"inLanguage\":\"it-IT\",\"@id\":\"https:\\\/\\\/artnuances.com\\\/it\\\/#\\\/schema\\\/logo\\\/image\\\/\",\"url\":\"https:\\\/\\\/artnuances.com\\\/wp-content\\\/uploads\\\/2019\\\/09\\\/artnuanse.png\",\"contentUrl\":\"https:\\\/\\\/artnuances.com\\\/wp-content\\\/uploads\\\/2019\\\/09\\\/artnuanse.png\",\"width\":622,\"height\":622,\"caption\":\"Studio Artnuances LTD\"},\"image\":{\"@id\":\"https:\\\/\\\/artnuances.com\\\/it\\\/#\\\/schema\\\/logo\\\/image\\\/\"},\"sameAs\":[\"https:\\\/\\\/www.facebook.com\\\/studioartnuances\\\/\",\"https:\\\/\\\/www.instagram.com\\\/studioartnuances\\\/\",\"https:\\\/\\\/www.youtube.com\\\/channel\\\/UCoU2Nb_B-2BOiDcO292sggg\"]}]}<\/script>\n<!-- \/ Yoast SEO plugin. -->","yoast_head_json":{"title":"Grapes - Tatiana Zhezmer - Artnuances - Art gallery online","description":"alberi da frutto universali. L'artista ha dedicato una delle sue opere a uno degli alberi da frutto pi\u00f9 universali: la vite.","robots":{"index":"index","follow":"follow","max-snippet":"max-snippet:-1","max-image-preview":"max-image-preview:large","max-video-preview":"max-video-preview:-1"},"canonical":"https:\/\/artnuances.com\/it\/artworks\/grapes-tatiana-zhezmer\/","og_locale":"it_IT","og_type":"article","og_title":"Grapes - Tatiana Zhezmer - Artnuances - Art gallery online","og_description":"alberi da frutto universali. L'artista ha dedicato una delle sue opere a uno degli alberi da frutto pi\u00f9 universali: la vite.","og_url":"https:\/\/artnuances.com\/it\/artworks\/grapes-tatiana-zhezmer\/","og_site_name":"Artnuances - Art gallery online","article_publisher":"https:\/\/www.facebook.com\/studioartnuances\/","article_modified_time":"2023-04-28T09:52:45+00:00","og_image":[{"width":2000,"height":1333,"url":"https:\/\/artnuances.com\/wp-content\/uploads\/2019\/10\/grapes-tatiana-zhezmer.jpg","type":"image\/jpeg"}],"twitter_card":"summary_large_image","twitter_misc":{"Tempo di lettura stimato":"1 minuto"},"schema":{"@context":"https:\/\/schema.org","@graph":[{"@type":"WebPage","@id":"https:\/\/artnuances.com\/it\/artworks\/grapes-tatiana-zhezmer\/","url":"https:\/\/artnuances.com\/it\/artworks\/grapes-tatiana-zhezmer\/","name":"Grapes - Tatiana Zhezmer - Artnuances - Art gallery online","isPartOf":{"@id":"https:\/\/artnuances.com\/it\/#website"},"primaryImageOfPage":{"@id":"https:\/\/artnuances.com\/it\/artworks\/grapes-tatiana-zhezmer\/#primaryimage"},"image":{"@id":"https:\/\/artnuances.com\/it\/artworks\/grapes-tatiana-zhezmer\/#primaryimage"},"thumbnailUrl":"https:\/\/artnuances.com\/wp-content\/uploads\/2019\/10\/grapes-tatiana-zhezmer.jpg","datePublished":"2019-10-21T16:35:24+00:00","dateModified":"2023-04-28T09:52:45+00:00","description":"alberi da frutto universali. L'artista ha dedicato una delle sue opere a uno degli alberi da frutto pi\u00f9 universali: la vite.","breadcrumb":{"@id":"https:\/\/artnuances.com\/it\/artworks\/grapes-tatiana-zhezmer\/#breadcrumb"},"inLanguage":"it-IT","potentialAction":[{"@type":"ReadAction","target":["https:\/\/artnuances.com\/it\/artworks\/grapes-tatiana-zhezmer\/"]}]},{"@type":"ImageObject","inLanguage":"it-IT","@id":"https:\/\/artnuances.com\/it\/artworks\/grapes-tatiana-zhezmer\/#primaryimage","url":"https:\/\/artnuances.com\/wp-content\/uploads\/2019\/10\/grapes-tatiana-zhezmer.jpg","contentUrl":"https:\/\/artnuances.com\/wp-content\/uploads\/2019\/10\/grapes-tatiana-zhezmer.jpg","width":2000,"height":1333,"caption":"Grapes- Tatiana Zhezmer"},{"@type":"BreadcrumbList","@id":"https:\/\/artnuances.com\/it\/artworks\/grapes-tatiana-zhezmer\/#breadcrumb","itemListElement":[{"@type":"ListItem","position":1,"name":"Home","item":"https:\/\/artnuances.com\/it\/"},{"@type":"ListItem","position":2,"name":"Shop online","item":"https:\/\/artnuances.com\/it\/shop-online-galleria-darte-artnuances\/"},{"@type":"ListItem","position":3,"name":"Grapes"}]},{"@type":"WebSite","@id":"https:\/\/artnuances.com\/it\/#website","url":"https:\/\/artnuances.com\/it\/","name":"Artnuances - Art gallery online","description":"Artnuances Gallery","publisher":{"@id":"https:\/\/artnuances.com\/it\/#organization"},"potentialAction":[{"@type":"SearchAction","target":{"@type":"EntryPoint","urlTemplate":"https:\/\/artnuances.com\/it\/?s={search_term_string}"},"query-input":{"@type":"PropertyValueSpecification","valueRequired":true,"valueName":"search_term_string"}}],"inLanguage":"it-IT"},{"@type":"Organization","@id":"https:\/\/artnuances.com\/it\/#organization","name":"Studio Artnuances LTD","url":"https:\/\/artnuances.com\/it\/","logo":{"@type":"ImageObject","inLanguage":"it-IT","@id":"https:\/\/artnuances.com\/it\/#\/schema\/logo\/image\/","url":"https:\/\/artnuances.com\/wp-content\/uploads\/2019\/09\/artnuanse.png","contentUrl":"https:\/\/artnuances.com\/wp-content\/uploads\/2019\/09\/artnuanse.png","width":622,"height":622,"caption":"Studio Artnuances LTD"},"image":{"@id":"https:\/\/artnuances.com\/it\/#\/schema\/logo\/image\/"},"sameAs":["https:\/\/www.facebook.com\/studioartnuances\/","https:\/\/www.instagram.com\/studioartnuances\/","https:\/\/www.youtube.com\/channel\/UCoU2Nb_B-2BOiDcO292sggg"]}]}},"_links":{"self":[{"href":"https:\/\/artnuances.com\/it\/wp-json\/wp\/v2\/product\/28961","targetHints":{"allow":["GET"]}}],"collection":[{"href":"https:\/\/artnuances.com\/it\/wp-json\/wp\/v2\/product"}],"about":[{"href":"https:\/\/artnuances.com\/it\/wp-json\/wp\/v2\/types\/product"}],"replies":[{"embeddable":true,"href":"https:\/\/artnuances.com\/it\/wp-json\/wp\/v2\/comments?post=28961"}],"wp:featuredmedia":[{"embeddable":true,"href":"https:\/\/artnuances.com\/it\/wp-json\/wp\/v2\/media\/24146"}],"wp:attachment":[{"href":"https:\/\/artnuances.com\/it\/wp-json\/wp\/v2\/media?parent=28961"}],"wp:term":[{"taxonomy":"product_brand","embeddable":true,"href":"https:\/\/artnuances.com\/it\/wp-json\/wp\/v2\/product_brand?post=28961"},{"taxonomy":"product_cat","embeddable":true,"href":"https:\/\/artnuances.com\/it\/wp-json\/wp\/v2\/product_cat?post=28961"},{"taxonomy":"product_tag","embeddable":true,"href":"https:\/\/artnuances.com\/it\/wp-json\/wp\/v2\/product_tag?post=28961"}],"curies":[{"name":"wp","href":"https:\/\/api.w.org\/{rel}","templated":true}]}}