{"id":28932,"date":"2019-10-22T12:10:29","date_gmt":"2019-10-22T12:10:29","guid":{"rendered":"https:\/\/www.artnuances-com-717041.hostingersite.com\/artworks\/senza-categoria\/las-meninas-giovanni-crisostomo\/"},"modified":"2023-03-30T14:39:05","modified_gmt":"2023-03-30T14:39:05","slug":"las-meninas-giovanni-crisostomo","status":"publish","type":"product","link":"https:\/\/artnuances.com\/it\/artworks\/las-meninas-giovanni-crisostomo\/","title":{"rendered":"Las Meninas"},"content":{"rendered":"<section class=\"l-section wpb_row height_large\"><div class=\"l-section-h i-cf\"><div class=\"g-cols vc_row via_flex valign_top type_default stacking_default\"><div class=\"vc_col-sm-12 wpb_column vc_column_container\"><div class=\"vc_column-inner\"><div class=\"wpb_wrapper\"><div class=\"wpb_text_column\"><div class=\"wpb_wrapper\"><h1><em><strong>Las Meninas, <\/strong><\/em><strong>\u00e8 un lavoro di <\/strong><strong><a href=\"https:\/\/artnuances.com\/it\/authors\/crisostomo-giovanni\/\">Giovanni Crisostomo<\/a><\/strong><\/h1>\n<h3>Rivisitazione del celebre dipinto di Diego Velasquez &#8220;Las Meninas&#8221; del 1656. Se in originale, il Velasquez ritraeva l&#8217;Infanta Margarita, figlia della Regina di Spagna circondata dalla sua corte personale. Nell&#8217;opera di Crisostomo, con il suo tipico tratteggio e inserita in un&#8217;ellisse che funge da lente focale, emerge solo la figura del bambino e del cane da caccia e del suo nano di compagnia, facendo sparire il tutto in un collage di colori altri soggetti e elementi presenti nell&#8217;originale. Anche l&#8217;abito ricco diventa una sorta di tut\u00f9 da ballo. La vera particolarit\u00e0 \u00e8 che l&#8217;unico volto tratteggiato \u00e8 proprio quello del nano, mentre il resto scompare, quasi a voler rendere omaggio a quella figura un tempo usata come divertimento e ora riportata alla sua dignit\u00e0 di persona normale, rendendola addirittura centrale carattere.<\/h3>\n<h3>In his long professional experience, the artist has had the opportunity to attend great masters both in Italy and abroad, which have allowed him to perfect his art. His works have an unmistakable personality and style. His style takes inspiration from the currents of the great French painters of the second half of the 19th century and from the Futurism of the early 20th century. Two great schools to which contemporary art often turns. In the case of Giovanni Crisostomo, there is a fusion and an original evolution of these two artistic movements, which allows him to create with an unmistakable and original style and at the same time to enter into very different themes. His paintings recall the artistic windows of churches, where elements of various colors and shapes meet to create complex figures, a kind of large puzzle.<\/h3>\n<\/div><\/div><\/div><\/div><\/div><\/div><\/div><\/section>\n","protected":false},"excerpt":{"rendered":"<p><strong>Artist:<\/strong> Giovanni Crisostomo <em>(Italy)<\/em><br \/>\n<strong>Title:<\/strong> Las Meninas<br \/>\n<strong>Date:<\/strong> 1994<br \/>\n<strong>Medium:<\/strong> Oil painting on canvas<br \/>\n<strong>Dimensions:<\/strong> 205H x 154B<\/p>\n","protected":false},"featured_media":24173,"comment_status":"closed","ping_status":"closed","template":"","meta":{"_acf_changed":false},"product_brand":[138],"product_cat":[117,116],"product_tag":[],"class_list":{"0":"post-28932","1":"product","2":"type-product","3":"status-publish","4":"has-post-thumbnail","6":"product_brand-crisostomo-giovanni","7":"product_cat-astratto","8":"product_cat-dipinti","10":"first","11":"instock","12":"featured","13":"purchasable","14":"product-type-simple"},"acf":[],"yoast_head":"<!-- This site is optimized with the Yoast SEO plugin v27.3 - https:\/\/yoast.com\/product\/yoast-seo-wordpress\/ -->\n<title>Las Meninas - Giovanni Crisostomo - Artnuances - Art gallery online<\/title>\n<meta name=\"description\" content=\"neonato e il cane da caccia. ha ritratto l&#039;Infanta Margarita, figlia della Regina di Spagna circondata dalla sua corte personale.\" \/>\n<meta name=\"robots\" content=\"index, follow, max-snippet:-1, max-image-preview:large, max-video-preview:-1\" \/>\n<link rel=\"canonical\" href=\"https:\/\/artnuances.com\/it\/artworks\/las-meninas-giovanni-crisostomo\/\" \/>\n<meta property=\"og:locale\" content=\"it_IT\" \/>\n<meta property=\"og:type\" content=\"article\" \/>\n<meta property=\"og:title\" content=\"Las Meninas - Giovanni Crisostomo - Artnuances - Art gallery online\" \/>\n<meta property=\"og:description\" content=\"neonato e il cane da caccia. ha ritratto l&#039;Infanta Margarita, figlia della Regina di Spagna circondata dalla sua corte personale.\" \/>\n<meta property=\"og:url\" content=\"https:\/\/artnuances.com\/it\/artworks\/las-meninas-giovanni-crisostomo\/\" \/>\n<meta property=\"og:site_name\" content=\"Artnuances - Art gallery online\" \/>\n<meta property=\"article:publisher\" content=\"https:\/\/www.facebook.com\/studioartnuances\/\" \/>\n<meta property=\"article:modified_time\" content=\"2023-03-30T14:39:05+00:00\" \/>\n<meta property=\"og:image\" content=\"https:\/\/artnuances.com\/wp-content\/uploads\/2019\/10\/las-marinas-1-giovanni-crisostomo-ok.jpg\" \/>\n\t<meta property=\"og:image:width\" content=\"1558\" \/>\n\t<meta property=\"og:image:height\" content=\"2050\" \/>\n\t<meta property=\"og:image:type\" content=\"image\/jpeg\" \/>\n<meta name=\"twitter:card\" content=\"summary_large_image\" \/>\n<meta name=\"twitter:label1\" content=\"Tempo di lettura stimato\" \/>\n\t<meta name=\"twitter:data1\" content=\"1 minuto\" \/>\n<script type=\"application\/ld+json\" class=\"yoast-schema-graph\">{\"@context\":\"https:\\\/\\\/schema.org\",\"@graph\":[{\"@type\":\"WebPage\",\"@id\":\"https:\\\/\\\/artnuances.com\\\/it\\\/artworks\\\/las-meninas-giovanni-crisostomo\\\/\",\"url\":\"https:\\\/\\\/artnuances.com\\\/it\\\/artworks\\\/las-meninas-giovanni-crisostomo\\\/\",\"name\":\"Las Meninas - Giovanni Crisostomo - Artnuances - Art gallery online\",\"isPartOf\":{\"@id\":\"https:\\\/\\\/artnuances.com\\\/it\\\/#website\"},\"primaryImageOfPage\":{\"@id\":\"https:\\\/\\\/artnuances.com\\\/it\\\/artworks\\\/las-meninas-giovanni-crisostomo\\\/#primaryimage\"},\"image\":{\"@id\":\"https:\\\/\\\/artnuances.com\\\/it\\\/artworks\\\/las-meninas-giovanni-crisostomo\\\/#primaryimage\"},\"thumbnailUrl\":\"https:\\\/\\\/artnuances.com\\\/wp-content\\\/uploads\\\/2019\\\/10\\\/las-marinas-1-giovanni-crisostomo-ok.jpg\",\"datePublished\":\"2019-10-22T12:10:29+00:00\",\"dateModified\":\"2023-03-30T14:39:05+00:00\",\"description\":\"neonato e il cane da caccia. ha ritratto l'Infanta Margarita, figlia della Regina di Spagna circondata dalla sua corte personale.\",\"breadcrumb\":{\"@id\":\"https:\\\/\\\/artnuances.com\\\/it\\\/artworks\\\/las-meninas-giovanni-crisostomo\\\/#breadcrumb\"},\"inLanguage\":\"it-IT\",\"potentialAction\":[{\"@type\":\"ReadAction\",\"target\":[\"https:\\\/\\\/artnuances.com\\\/it\\\/artworks\\\/las-meninas-giovanni-crisostomo\\\/\"]}]},{\"@type\":\"ImageObject\",\"inLanguage\":\"it-IT\",\"@id\":\"https:\\\/\\\/artnuances.com\\\/it\\\/artworks\\\/las-meninas-giovanni-crisostomo\\\/#primaryimage\",\"url\":\"https:\\\/\\\/artnuances.com\\\/wp-content\\\/uploads\\\/2019\\\/10\\\/las-marinas-1-giovanni-crisostomo-ok.jpg\",\"contentUrl\":\"https:\\\/\\\/artnuances.com\\\/wp-content\\\/uploads\\\/2019\\\/10\\\/las-marinas-1-giovanni-crisostomo-ok.jpg\",\"width\":1558,\"height\":2050,\"caption\":\"Las Marinas - Giovanni Crisostomo\"},{\"@type\":\"BreadcrumbList\",\"@id\":\"https:\\\/\\\/artnuances.com\\\/it\\\/artworks\\\/las-meninas-giovanni-crisostomo\\\/#breadcrumb\",\"itemListElement\":[{\"@type\":\"ListItem\",\"position\":1,\"name\":\"Home\",\"item\":\"https:\\\/\\\/artnuances.com\\\/it\\\/\"},{\"@type\":\"ListItem\",\"position\":2,\"name\":\"Shop online\",\"item\":\"https:\\\/\\\/artnuances.com\\\/it\\\/shop-online-galleria-darte-artnuances\\\/\"},{\"@type\":\"ListItem\",\"position\":3,\"name\":\"Las Meninas\"}]},{\"@type\":\"WebSite\",\"@id\":\"https:\\\/\\\/artnuances.com\\\/it\\\/#website\",\"url\":\"https:\\\/\\\/artnuances.com\\\/it\\\/\",\"name\":\"Artnuances - Art gallery online\",\"description\":\"Artnuances Gallery\",\"publisher\":{\"@id\":\"https:\\\/\\\/artnuances.com\\\/it\\\/#organization\"},\"potentialAction\":[{\"@type\":\"SearchAction\",\"target\":{\"@type\":\"EntryPoint\",\"urlTemplate\":\"https:\\\/\\\/artnuances.com\\\/it\\\/?s={search_term_string}\"},\"query-input\":{\"@type\":\"PropertyValueSpecification\",\"valueRequired\":true,\"valueName\":\"search_term_string\"}}],\"inLanguage\":\"it-IT\"},{\"@type\":\"Organization\",\"@id\":\"https:\\\/\\\/artnuances.com\\\/it\\\/#organization\",\"name\":\"Studio Artnuances LTD\",\"url\":\"https:\\\/\\\/artnuances.com\\\/it\\\/\",\"logo\":{\"@type\":\"ImageObject\",\"inLanguage\":\"it-IT\",\"@id\":\"https:\\\/\\\/artnuances.com\\\/it\\\/#\\\/schema\\\/logo\\\/image\\\/\",\"url\":\"https:\\\/\\\/artnuances.com\\\/wp-content\\\/uploads\\\/2019\\\/09\\\/artnuanse.png\",\"contentUrl\":\"https:\\\/\\\/artnuances.com\\\/wp-content\\\/uploads\\\/2019\\\/09\\\/artnuanse.png\",\"width\":622,\"height\":622,\"caption\":\"Studio Artnuances LTD\"},\"image\":{\"@id\":\"https:\\\/\\\/artnuances.com\\\/it\\\/#\\\/schema\\\/logo\\\/image\\\/\"},\"sameAs\":[\"https:\\\/\\\/www.facebook.com\\\/studioartnuances\\\/\",\"https:\\\/\\\/www.instagram.com\\\/studioartnuances\\\/\",\"https:\\\/\\\/www.youtube.com\\\/channel\\\/UCoU2Nb_B-2BOiDcO292sggg\"]}]}<\/script>\n<!-- \/ Yoast SEO plugin. -->","yoast_head_json":{"title":"Las Meninas - Giovanni Crisostomo - Artnuances - Art gallery online","description":"neonato e il cane da caccia. ha ritratto l'Infanta Margarita, figlia della Regina di Spagna circondata dalla sua corte personale.","robots":{"index":"index","follow":"follow","max-snippet":"max-snippet:-1","max-image-preview":"max-image-preview:large","max-video-preview":"max-video-preview:-1"},"canonical":"https:\/\/artnuances.com\/it\/artworks\/las-meninas-giovanni-crisostomo\/","og_locale":"it_IT","og_type":"article","og_title":"Las Meninas - Giovanni Crisostomo - Artnuances - Art gallery online","og_description":"neonato e il cane da caccia. ha ritratto l'Infanta Margarita, figlia della Regina di Spagna circondata dalla sua corte personale.","og_url":"https:\/\/artnuances.com\/it\/artworks\/las-meninas-giovanni-crisostomo\/","og_site_name":"Artnuances - Art gallery online","article_publisher":"https:\/\/www.facebook.com\/studioartnuances\/","article_modified_time":"2023-03-30T14:39:05+00:00","og_image":[{"width":1558,"height":2050,"url":"https:\/\/artnuances.com\/wp-content\/uploads\/2019\/10\/las-marinas-1-giovanni-crisostomo-ok.jpg","type":"image\/jpeg"}],"twitter_card":"summary_large_image","twitter_misc":{"Tempo di lettura stimato":"1 minuto"},"schema":{"@context":"https:\/\/schema.org","@graph":[{"@type":"WebPage","@id":"https:\/\/artnuances.com\/it\/artworks\/las-meninas-giovanni-crisostomo\/","url":"https:\/\/artnuances.com\/it\/artworks\/las-meninas-giovanni-crisostomo\/","name":"Las Meninas - Giovanni Crisostomo - Artnuances - Art gallery online","isPartOf":{"@id":"https:\/\/artnuances.com\/it\/#website"},"primaryImageOfPage":{"@id":"https:\/\/artnuances.com\/it\/artworks\/las-meninas-giovanni-crisostomo\/#primaryimage"},"image":{"@id":"https:\/\/artnuances.com\/it\/artworks\/las-meninas-giovanni-crisostomo\/#primaryimage"},"thumbnailUrl":"https:\/\/artnuances.com\/wp-content\/uploads\/2019\/10\/las-marinas-1-giovanni-crisostomo-ok.jpg","datePublished":"2019-10-22T12:10:29+00:00","dateModified":"2023-03-30T14:39:05+00:00","description":"neonato e il cane da caccia. ha ritratto l'Infanta Margarita, figlia della Regina di Spagna circondata dalla sua corte personale.","breadcrumb":{"@id":"https:\/\/artnuances.com\/it\/artworks\/las-meninas-giovanni-crisostomo\/#breadcrumb"},"inLanguage":"it-IT","potentialAction":[{"@type":"ReadAction","target":["https:\/\/artnuances.com\/it\/artworks\/las-meninas-giovanni-crisostomo\/"]}]},{"@type":"ImageObject","inLanguage":"it-IT","@id":"https:\/\/artnuances.com\/it\/artworks\/las-meninas-giovanni-crisostomo\/#primaryimage","url":"https:\/\/artnuances.com\/wp-content\/uploads\/2019\/10\/las-marinas-1-giovanni-crisostomo-ok.jpg","contentUrl":"https:\/\/artnuances.com\/wp-content\/uploads\/2019\/10\/las-marinas-1-giovanni-crisostomo-ok.jpg","width":1558,"height":2050,"caption":"Las Marinas - Giovanni Crisostomo"},{"@type":"BreadcrumbList","@id":"https:\/\/artnuances.com\/it\/artworks\/las-meninas-giovanni-crisostomo\/#breadcrumb","itemListElement":[{"@type":"ListItem","position":1,"name":"Home","item":"https:\/\/artnuances.com\/it\/"},{"@type":"ListItem","position":2,"name":"Shop online","item":"https:\/\/artnuances.com\/it\/shop-online-galleria-darte-artnuances\/"},{"@type":"ListItem","position":3,"name":"Las Meninas"}]},{"@type":"WebSite","@id":"https:\/\/artnuances.com\/it\/#website","url":"https:\/\/artnuances.com\/it\/","name":"Artnuances - Art gallery online","description":"Artnuances Gallery","publisher":{"@id":"https:\/\/artnuances.com\/it\/#organization"},"potentialAction":[{"@type":"SearchAction","target":{"@type":"EntryPoint","urlTemplate":"https:\/\/artnuances.com\/it\/?s={search_term_string}"},"query-input":{"@type":"PropertyValueSpecification","valueRequired":true,"valueName":"search_term_string"}}],"inLanguage":"it-IT"},{"@type":"Organization","@id":"https:\/\/artnuances.com\/it\/#organization","name":"Studio Artnuances LTD","url":"https:\/\/artnuances.com\/it\/","logo":{"@type":"ImageObject","inLanguage":"it-IT","@id":"https:\/\/artnuances.com\/it\/#\/schema\/logo\/image\/","url":"https:\/\/artnuances.com\/wp-content\/uploads\/2019\/09\/artnuanse.png","contentUrl":"https:\/\/artnuances.com\/wp-content\/uploads\/2019\/09\/artnuanse.png","width":622,"height":622,"caption":"Studio Artnuances LTD"},"image":{"@id":"https:\/\/artnuances.com\/it\/#\/schema\/logo\/image\/"},"sameAs":["https:\/\/www.facebook.com\/studioartnuances\/","https:\/\/www.instagram.com\/studioartnuances\/","https:\/\/www.youtube.com\/channel\/UCoU2Nb_B-2BOiDcO292sggg"]}]}},"_links":{"self":[{"href":"https:\/\/artnuances.com\/it\/wp-json\/wp\/v2\/product\/28932","targetHints":{"allow":["GET"]}}],"collection":[{"href":"https:\/\/artnuances.com\/it\/wp-json\/wp\/v2\/product"}],"about":[{"href":"https:\/\/artnuances.com\/it\/wp-json\/wp\/v2\/types\/product"}],"replies":[{"embeddable":true,"href":"https:\/\/artnuances.com\/it\/wp-json\/wp\/v2\/comments?post=28932"}],"wp:featuredmedia":[{"embeddable":true,"href":"https:\/\/artnuances.com\/it\/wp-json\/wp\/v2\/media\/24173"}],"wp:attachment":[{"href":"https:\/\/artnuances.com\/it\/wp-json\/wp\/v2\/media?parent=28932"}],"wp:term":[{"taxonomy":"product_brand","embeddable":true,"href":"https:\/\/artnuances.com\/it\/wp-json\/wp\/v2\/product_brand?post=28932"},{"taxonomy":"product_cat","embeddable":true,"href":"https:\/\/artnuances.com\/it\/wp-json\/wp\/v2\/product_cat?post=28932"},{"taxonomy":"product_tag","embeddable":true,"href":"https:\/\/artnuances.com\/it\/wp-json\/wp\/v2\/product_tag?post=28932"}],"curies":[{"name":"wp","href":"https:\/\/api.w.org\/{rel}","templated":true}]}}