{"id":28931,"date":"2019-10-22T12:12:57","date_gmt":"2019-10-22T12:12:57","guid":{"rendered":"https:\/\/www.artnuances-com-717041.hostingersite.com\/artworks\/senza-categoria\/il-merlo-2-giovanni-crisostomo\/"},"modified":"2023-03-30T14:38:40","modified_gmt":"2023-03-30T14:38:40","slug":"il-merlo-2-giovanni-crisostomo","status":"publish","type":"product","link":"https:\/\/artnuances.com\/it\/artworks\/il-merlo-2-giovanni-crisostomo\/","title":{"rendered":"Il Merlo 2"},"content":{"rendered":"<section class=\"l-section wpb_row height_large\"><div class=\"l-section-h i-cf\"><div class=\"g-cols vc_row via_flex valign_top type_default stacking_default\"><div class=\"vc_col-sm-12 wpb_column vc_column_container\"><div class=\"vc_column-inner\"><div class=\"wpb_wrapper\"><div class=\"wpb_text_column\"><div class=\"wpb_wrapper\"><h1><em><strong>Il Merlo 2, <\/strong><\/em><strong>\u00e8 un lavoro di <\/strong><strong><a href=\"https:\/\/artnuances.com\/it\/authors\/crisostomo-giovanni\/\">Giovanni Crisostomo<\/a>.<\/strong><\/h1>\n<h3>Sfumature di verde. In questo lavoro Crisostomo Giovanni utilizza le tonalit\u00e0 di verde come predominanti. Il perimetro ellittico in cui \u00e8 compresa la scena principale, \u00e8 una sorta di lente focale, che rende chiaro ci\u00f2 che c&#8217;\u00e8 dentro e lascia tutti gli elementi che rimangono esclusi, sfocati, confusi. Questa sorta di perimetro focale \u00e8 interrotto dalla planare del merlo, che scende in un giardino composto da frammenti colorati, talvolta &#8220;evidenziati&#8221; una sorta di puzzle dalle forme irregolari.<\/h3>\n<h3>Nella sua lunga esperienza professionale, l&#8217;artista ha avuto modo di frequentare grandi maestri sia in Italia che all&#8217;estero, che gli hanno permesso di perfezionare la sua arte. Le sue opere hanno una personalit\u00e0 e uno stile inconfondibili. Il suo stile si ispira alle correnti dei grandi pittori francesi della seconda met\u00e0 dell&#8217;Ottocento e al Futurismo del primo Novecento. Due grandi scuole a cui spesso si rivolge l&#8217;arte contemporanea. Nel caso di Giovanni Crisostomo c&#8217;\u00e8 una fusione e un&#8217;evoluzione originale di questi due movimenti artistici, che gli consente di creare con uno stile inconfondibile e originale e allo stesso tempo di entrare in temi molto diversi. I suoi dipinti richiamano le vetrate artistiche delle chiese, dove elementi di vari colori e forme si incontrano per creare figure complesse, una sorta di grande puzzle.<\/h3>\n<\/div><\/div><\/div><\/div><\/div><\/div><\/div><\/section>\n","protected":false},"excerpt":{"rendered":"<p><strong>Artist:<\/strong> Giovanni Crisostomo <em>(Italy)<\/em><br \/>\n<strong>Title:<\/strong> Il Merlo (2)<br \/>\n<strong>Date:<\/strong> 1990<br \/>\n<strong>Medium:<\/strong> Oil painting on canvas<br \/>\n<strong>Dimensions:<\/strong> 150H x 200B<\/p>\n","protected":false},"featured_media":24171,"comment_status":"closed","ping_status":"closed","template":"","meta":{"_acf_changed":false},"product_brand":[138],"product_cat":[117],"product_tag":[],"class_list":{"0":"post-28931","1":"product","2":"type-product","3":"status-publish","4":"has-post-thumbnail","6":"product_brand-crisostomo-giovanni","7":"product_cat-astratto","9":"first","10":"instock","11":"featured","12":"purchasable","13":"product-type-simple"},"acf":[],"yoast_head":"<!-- This site is optimized with the Yoast SEO plugin v27.3 - https:\/\/yoast.com\/product\/yoast-seo-wordpress\/ -->\n<title>Il Merlo 2 - Giovanni Crisostomo - Artnuances - Art gallery online<\/title>\n<meta name=\"description\" content=\"Sfumature di verde. In questo lavoro Crisostomo Giovanni utilizza le tonalit\u00e0 di verde come predominanti.\" \/>\n<meta name=\"robots\" content=\"index, follow, max-snippet:-1, max-image-preview:large, max-video-preview:-1\" \/>\n<link rel=\"canonical\" href=\"https:\/\/artnuances.com\/it\/artworks\/il-merlo-2-giovanni-crisostomo\/\" \/>\n<meta property=\"og:locale\" content=\"it_IT\" \/>\n<meta property=\"og:type\" content=\"article\" \/>\n<meta property=\"og:title\" content=\"Il Merlo 2 - Giovanni Crisostomo - Artnuances - Art gallery online\" \/>\n<meta property=\"og:description\" content=\"Sfumature di verde. In questo lavoro Crisostomo Giovanni utilizza le tonalit\u00e0 di verde come predominanti.\" \/>\n<meta property=\"og:url\" content=\"https:\/\/artnuances.com\/it\/artworks\/il-merlo-2-giovanni-crisostomo\/\" \/>\n<meta property=\"og:site_name\" content=\"Artnuances - Art gallery online\" \/>\n<meta property=\"article:publisher\" content=\"https:\/\/www.facebook.com\/studioartnuances\/\" \/>\n<meta property=\"article:modified_time\" content=\"2023-03-30T14:38:40+00:00\" \/>\n<meta property=\"og:image\" content=\"https:\/\/artnuances.com\/wp-content\/uploads\/2019\/10\/il-merlo-2-giovanni-crisostomo-ok.jpg\" \/>\n\t<meta property=\"og:image:width\" content=\"2050\" \/>\n\t<meta property=\"og:image:height\" content=\"1456\" \/>\n\t<meta property=\"og:image:type\" content=\"image\/jpeg\" \/>\n<meta name=\"twitter:card\" content=\"summary_large_image\" \/>\n<meta name=\"twitter:label1\" content=\"Tempo di lettura stimato\" \/>\n\t<meta name=\"twitter:data1\" content=\"1 minuto\" \/>\n<script type=\"application\/ld+json\" class=\"yoast-schema-graph\">{\"@context\":\"https:\\\/\\\/schema.org\",\"@graph\":[{\"@type\":\"WebPage\",\"@id\":\"https:\\\/\\\/artnuances.com\\\/it\\\/artworks\\\/il-merlo-2-giovanni-crisostomo\\\/\",\"url\":\"https:\\\/\\\/artnuances.com\\\/it\\\/artworks\\\/il-merlo-2-giovanni-crisostomo\\\/\",\"name\":\"Il Merlo 2 - Giovanni Crisostomo - Artnuances - Art gallery online\",\"isPartOf\":{\"@id\":\"https:\\\/\\\/artnuances.com\\\/it\\\/#website\"},\"primaryImageOfPage\":{\"@id\":\"https:\\\/\\\/artnuances.com\\\/it\\\/artworks\\\/il-merlo-2-giovanni-crisostomo\\\/#primaryimage\"},\"image\":{\"@id\":\"https:\\\/\\\/artnuances.com\\\/it\\\/artworks\\\/il-merlo-2-giovanni-crisostomo\\\/#primaryimage\"},\"thumbnailUrl\":\"https:\\\/\\\/artnuances.com\\\/wp-content\\\/uploads\\\/2019\\\/10\\\/il-merlo-2-giovanni-crisostomo-ok.jpg\",\"datePublished\":\"2019-10-22T12:12:57+00:00\",\"dateModified\":\"2023-03-30T14:38:40+00:00\",\"description\":\"Sfumature di verde. In questo lavoro Crisostomo Giovanni utilizza le tonalit\u00e0 di verde come predominanti.\",\"breadcrumb\":{\"@id\":\"https:\\\/\\\/artnuances.com\\\/it\\\/artworks\\\/il-merlo-2-giovanni-crisostomo\\\/#breadcrumb\"},\"inLanguage\":\"it-IT\",\"potentialAction\":[{\"@type\":\"ReadAction\",\"target\":[\"https:\\\/\\\/artnuances.com\\\/it\\\/artworks\\\/il-merlo-2-giovanni-crisostomo\\\/\"]}]},{\"@type\":\"ImageObject\",\"inLanguage\":\"it-IT\",\"@id\":\"https:\\\/\\\/artnuances.com\\\/it\\\/artworks\\\/il-merlo-2-giovanni-crisostomo\\\/#primaryimage\",\"url\":\"https:\\\/\\\/artnuances.com\\\/wp-content\\\/uploads\\\/2019\\\/10\\\/il-merlo-2-giovanni-crisostomo-ok.jpg\",\"contentUrl\":\"https:\\\/\\\/artnuances.com\\\/wp-content\\\/uploads\\\/2019\\\/10\\\/il-merlo-2-giovanni-crisostomo-ok.jpg\",\"width\":2050,\"height\":1456,\"caption\":\"Il merlo 2 - Giovanni Crisostomo\"},{\"@type\":\"BreadcrumbList\",\"@id\":\"https:\\\/\\\/artnuances.com\\\/it\\\/artworks\\\/il-merlo-2-giovanni-crisostomo\\\/#breadcrumb\",\"itemListElement\":[{\"@type\":\"ListItem\",\"position\":1,\"name\":\"Home\",\"item\":\"https:\\\/\\\/artnuances.com\\\/it\\\/\"},{\"@type\":\"ListItem\",\"position\":2,\"name\":\"Shop online\",\"item\":\"https:\\\/\\\/artnuances.com\\\/it\\\/shop-online-galleria-darte-artnuances\\\/\"},{\"@type\":\"ListItem\",\"position\":3,\"name\":\"Il Merlo 2\"}]},{\"@type\":\"WebSite\",\"@id\":\"https:\\\/\\\/artnuances.com\\\/it\\\/#website\",\"url\":\"https:\\\/\\\/artnuances.com\\\/it\\\/\",\"name\":\"Artnuances - Art gallery online\",\"description\":\"Artnuances Gallery\",\"publisher\":{\"@id\":\"https:\\\/\\\/artnuances.com\\\/it\\\/#organization\"},\"potentialAction\":[{\"@type\":\"SearchAction\",\"target\":{\"@type\":\"EntryPoint\",\"urlTemplate\":\"https:\\\/\\\/artnuances.com\\\/it\\\/?s={search_term_string}\"},\"query-input\":{\"@type\":\"PropertyValueSpecification\",\"valueRequired\":true,\"valueName\":\"search_term_string\"}}],\"inLanguage\":\"it-IT\"},{\"@type\":\"Organization\",\"@id\":\"https:\\\/\\\/artnuances.com\\\/it\\\/#organization\",\"name\":\"Studio Artnuances LTD\",\"url\":\"https:\\\/\\\/artnuances.com\\\/it\\\/\",\"logo\":{\"@type\":\"ImageObject\",\"inLanguage\":\"it-IT\",\"@id\":\"https:\\\/\\\/artnuances.com\\\/it\\\/#\\\/schema\\\/logo\\\/image\\\/\",\"url\":\"https:\\\/\\\/artnuances.com\\\/wp-content\\\/uploads\\\/2019\\\/09\\\/artnuanse.png\",\"contentUrl\":\"https:\\\/\\\/artnuances.com\\\/wp-content\\\/uploads\\\/2019\\\/09\\\/artnuanse.png\",\"width\":622,\"height\":622,\"caption\":\"Studio Artnuances LTD\"},\"image\":{\"@id\":\"https:\\\/\\\/artnuances.com\\\/it\\\/#\\\/schema\\\/logo\\\/image\\\/\"},\"sameAs\":[\"https:\\\/\\\/www.facebook.com\\\/studioartnuances\\\/\",\"https:\\\/\\\/www.instagram.com\\\/studioartnuances\\\/\",\"https:\\\/\\\/www.youtube.com\\\/channel\\\/UCoU2Nb_B-2BOiDcO292sggg\"]}]}<\/script>\n<!-- \/ Yoast SEO plugin. -->","yoast_head_json":{"title":"Il Merlo 2 - Giovanni Crisostomo - Artnuances - Art gallery online","description":"Sfumature di verde. In questo lavoro Crisostomo Giovanni utilizza le tonalit\u00e0 di verde come predominanti.","robots":{"index":"index","follow":"follow","max-snippet":"max-snippet:-1","max-image-preview":"max-image-preview:large","max-video-preview":"max-video-preview:-1"},"canonical":"https:\/\/artnuances.com\/it\/artworks\/il-merlo-2-giovanni-crisostomo\/","og_locale":"it_IT","og_type":"article","og_title":"Il Merlo 2 - Giovanni Crisostomo - Artnuances - Art gallery online","og_description":"Sfumature di verde. In questo lavoro Crisostomo Giovanni utilizza le tonalit\u00e0 di verde come predominanti.","og_url":"https:\/\/artnuances.com\/it\/artworks\/il-merlo-2-giovanni-crisostomo\/","og_site_name":"Artnuances - Art gallery online","article_publisher":"https:\/\/www.facebook.com\/studioartnuances\/","article_modified_time":"2023-03-30T14:38:40+00:00","og_image":[{"width":2050,"height":1456,"url":"https:\/\/artnuances.com\/wp-content\/uploads\/2019\/10\/il-merlo-2-giovanni-crisostomo-ok.jpg","type":"image\/jpeg"}],"twitter_card":"summary_large_image","twitter_misc":{"Tempo di lettura stimato":"1 minuto"},"schema":{"@context":"https:\/\/schema.org","@graph":[{"@type":"WebPage","@id":"https:\/\/artnuances.com\/it\/artworks\/il-merlo-2-giovanni-crisostomo\/","url":"https:\/\/artnuances.com\/it\/artworks\/il-merlo-2-giovanni-crisostomo\/","name":"Il Merlo 2 - Giovanni Crisostomo - Artnuances - Art gallery online","isPartOf":{"@id":"https:\/\/artnuances.com\/it\/#website"},"primaryImageOfPage":{"@id":"https:\/\/artnuances.com\/it\/artworks\/il-merlo-2-giovanni-crisostomo\/#primaryimage"},"image":{"@id":"https:\/\/artnuances.com\/it\/artworks\/il-merlo-2-giovanni-crisostomo\/#primaryimage"},"thumbnailUrl":"https:\/\/artnuances.com\/wp-content\/uploads\/2019\/10\/il-merlo-2-giovanni-crisostomo-ok.jpg","datePublished":"2019-10-22T12:12:57+00:00","dateModified":"2023-03-30T14:38:40+00:00","description":"Sfumature di verde. In questo lavoro Crisostomo Giovanni utilizza le tonalit\u00e0 di verde come predominanti.","breadcrumb":{"@id":"https:\/\/artnuances.com\/it\/artworks\/il-merlo-2-giovanni-crisostomo\/#breadcrumb"},"inLanguage":"it-IT","potentialAction":[{"@type":"ReadAction","target":["https:\/\/artnuances.com\/it\/artworks\/il-merlo-2-giovanni-crisostomo\/"]}]},{"@type":"ImageObject","inLanguage":"it-IT","@id":"https:\/\/artnuances.com\/it\/artworks\/il-merlo-2-giovanni-crisostomo\/#primaryimage","url":"https:\/\/artnuances.com\/wp-content\/uploads\/2019\/10\/il-merlo-2-giovanni-crisostomo-ok.jpg","contentUrl":"https:\/\/artnuances.com\/wp-content\/uploads\/2019\/10\/il-merlo-2-giovanni-crisostomo-ok.jpg","width":2050,"height":1456,"caption":"Il merlo 2 - Giovanni Crisostomo"},{"@type":"BreadcrumbList","@id":"https:\/\/artnuances.com\/it\/artworks\/il-merlo-2-giovanni-crisostomo\/#breadcrumb","itemListElement":[{"@type":"ListItem","position":1,"name":"Home","item":"https:\/\/artnuances.com\/it\/"},{"@type":"ListItem","position":2,"name":"Shop online","item":"https:\/\/artnuances.com\/it\/shop-online-galleria-darte-artnuances\/"},{"@type":"ListItem","position":3,"name":"Il Merlo 2"}]},{"@type":"WebSite","@id":"https:\/\/artnuances.com\/it\/#website","url":"https:\/\/artnuances.com\/it\/","name":"Artnuances - Art gallery online","description":"Artnuances Gallery","publisher":{"@id":"https:\/\/artnuances.com\/it\/#organization"},"potentialAction":[{"@type":"SearchAction","target":{"@type":"EntryPoint","urlTemplate":"https:\/\/artnuances.com\/it\/?s={search_term_string}"},"query-input":{"@type":"PropertyValueSpecification","valueRequired":true,"valueName":"search_term_string"}}],"inLanguage":"it-IT"},{"@type":"Organization","@id":"https:\/\/artnuances.com\/it\/#organization","name":"Studio Artnuances LTD","url":"https:\/\/artnuances.com\/it\/","logo":{"@type":"ImageObject","inLanguage":"it-IT","@id":"https:\/\/artnuances.com\/it\/#\/schema\/logo\/image\/","url":"https:\/\/artnuances.com\/wp-content\/uploads\/2019\/09\/artnuanse.png","contentUrl":"https:\/\/artnuances.com\/wp-content\/uploads\/2019\/09\/artnuanse.png","width":622,"height":622,"caption":"Studio Artnuances LTD"},"image":{"@id":"https:\/\/artnuances.com\/it\/#\/schema\/logo\/image\/"},"sameAs":["https:\/\/www.facebook.com\/studioartnuances\/","https:\/\/www.instagram.com\/studioartnuances\/","https:\/\/www.youtube.com\/channel\/UCoU2Nb_B-2BOiDcO292sggg"]}]}},"_links":{"self":[{"href":"https:\/\/artnuances.com\/it\/wp-json\/wp\/v2\/product\/28931","targetHints":{"allow":["GET"]}}],"collection":[{"href":"https:\/\/artnuances.com\/it\/wp-json\/wp\/v2\/product"}],"about":[{"href":"https:\/\/artnuances.com\/it\/wp-json\/wp\/v2\/types\/product"}],"replies":[{"embeddable":true,"href":"https:\/\/artnuances.com\/it\/wp-json\/wp\/v2\/comments?post=28931"}],"wp:featuredmedia":[{"embeddable":true,"href":"https:\/\/artnuances.com\/it\/wp-json\/wp\/v2\/media\/24171"}],"wp:attachment":[{"href":"https:\/\/artnuances.com\/it\/wp-json\/wp\/v2\/media?parent=28931"}],"wp:term":[{"taxonomy":"product_brand","embeddable":true,"href":"https:\/\/artnuances.com\/it\/wp-json\/wp\/v2\/product_brand?post=28931"},{"taxonomy":"product_cat","embeddable":true,"href":"https:\/\/artnuances.com\/it\/wp-json\/wp\/v2\/product_cat?post=28931"},{"taxonomy":"product_tag","embeddable":true,"href":"https:\/\/artnuances.com\/it\/wp-json\/wp\/v2\/product_tag?post=28931"}],"curies":[{"name":"wp","href":"https:\/\/api.w.org\/{rel}","templated":true}]}}