{"id":28928,"date":"2019-10-22T12:17:50","date_gmt":"2019-10-22T12:17:50","guid":{"rendered":"https:\/\/www.artnuances-com-717041.hostingersite.com\/artworks\/senza-categoria\/innocenzo-x-giovanni-crisostomo\/"},"modified":"2023-03-30T14:36:26","modified_gmt":"2023-03-30T14:36:26","slug":"innocenzo-x-giovanni-crisostomo","status":"publish","type":"product","link":"https:\/\/artnuances.com\/it\/artworks\/innocenzo-x-giovanni-crisostomo\/","title":{"rendered":"Innocenzo X"},"content":{"rendered":"<section class=\"l-section wpb_row height_large\"><div class=\"l-section-h i-cf\"><div class=\"g-cols vc_row via_flex valign_top type_default stacking_default\"><div class=\"vc_col-sm-12 wpb_column vc_column_container\"><div class=\"vc_column-inner\"><div class=\"wpb_wrapper\"><div class=\"wpb_text_column\"><div class=\"wpb_wrapper\"><h1><strong><em>Innocenzo X, <\/em>\u00e8 un lavoro di <a href=\"https:\/\/artnuances.com\/it\/authors\/crisostomo-giovanni\/\">Giovanni Crisostomo<\/a>.<\/strong><\/h1>\n<h3>Velasquez e Papa. Un papa controverso, come spesso lo furono i papi che governarono la chiesa tra il 1500 e il 1600. L&#8217;artista, scattando una foto al quadro di Velasquez, ha deciso di dargli una rivisitazione in chiave moderna. Qui il suo volto \u00e8 semplicemente abbozzato. Anche i colori non sono quelli che tipicamente vestono un Papa. Il blu \u00e8 predominante negli abiti, mentre gli arredi sono pervasi da graffiti con elementi che spuntano ovunque. \u00c8 una lettura che rimanda al tipo astratto del periodo futurista di Severini, dei primi del &#8216;900. Le sue opere hanno una personalit\u00e0 e uno stile inconfondibili che si ispirano alle correnti dei grandi pittori francesi della seconda met\u00e0 dell&#8217;Ottocento e al Futurismo del primo Novecento. Nel caso di Giovanni c&#8217;\u00e8 una fusione e un&#8217;evoluzione originale di questi due movimenti artistici, che gli permettono di creare con uno stile inconfondibile e originale e allo stesso tempo di sviluppare temi molto eterogenei.<\/h3>\n<\/div><\/div><\/div><\/div><\/div><\/div><\/div><\/section>\n","protected":false},"excerpt":{"rendered":"<p><strong>Artist:<\/strong> Giovanni Crisostomo <em>(Italy)<\/em><br \/>\n<strong>Title:<\/strong> Innocenzo X<br \/>\n<strong>Date:<\/strong> 1994<br \/>\n<strong>Medium:<\/strong> Oil painting on canvas<br \/>\n<strong>Dimensions:<\/strong> 100H x 130B<\/p>\n","protected":false},"featured_media":24165,"comment_status":"closed","ping_status":"closed","template":"","meta":{"_acf_changed":false},"product_brand":[138],"product_cat":[116,131],"product_tag":[],"class_list":{"0":"post-28928","1":"product","2":"type-product","3":"status-publish","4":"has-post-thumbnail","6":"product_brand-crisostomo-giovanni","7":"product_cat-dipinti","8":"product_cat-scenografico","10":"first","11":"instock","12":"featured","13":"purchasable","14":"product-type-simple"},"acf":[],"yoast_head":"<!-- This site is optimized with the Yoast SEO plugin v27.3 - https:\/\/yoast.com\/product\/yoast-seo-wordpress\/ -->\n<title>Innocenzo X - Giovanni Crisostomo - Artnuances - Art gallery online<\/title>\n<meta name=\"description\" content=\"Velasquez e il papa. Papa controverso, come spesso lo furono i papi che governarono la chiesa tra il 1500 e il 1600.\" \/>\n<meta name=\"robots\" content=\"index, follow, max-snippet:-1, max-image-preview:large, max-video-preview:-1\" \/>\n<link rel=\"canonical\" href=\"https:\/\/artnuances.com\/it\/artworks\/innocenzo-x-giovanni-crisostomo\/\" \/>\n<meta property=\"og:locale\" content=\"it_IT\" \/>\n<meta property=\"og:type\" content=\"article\" \/>\n<meta property=\"og:title\" content=\"Innocenzo X - Giovanni Crisostomo - Artnuances - Art gallery online\" \/>\n<meta property=\"og:description\" content=\"Velasquez e il papa. Papa controverso, come spesso lo furono i papi che governarono la chiesa tra il 1500 e il 1600.\" \/>\n<meta property=\"og:url\" content=\"https:\/\/artnuances.com\/it\/artworks\/innocenzo-x-giovanni-crisostomo\/\" \/>\n<meta property=\"og:site_name\" content=\"Artnuances - Art gallery online\" \/>\n<meta property=\"article:publisher\" content=\"https:\/\/www.facebook.com\/studioartnuances\/\" \/>\n<meta property=\"article:modified_time\" content=\"2023-03-30T14:36:26+00:00\" \/>\n<meta property=\"og:image\" content=\"https:\/\/artnuances.com\/wp-content\/uploads\/2019\/10\/innocenzo-x-giovanni-crisostomo-ok-scaled.jpg\" \/>\n\t<meta property=\"og:image:width\" content=\"1978\" \/>\n\t<meta property=\"og:image:height\" content=\"2560\" \/>\n\t<meta property=\"og:image:type\" content=\"image\/jpeg\" \/>\n<meta name=\"twitter:card\" content=\"summary_large_image\" \/>\n<meta name=\"twitter:label1\" content=\"Tempo di lettura stimato\" \/>\n\t<meta name=\"twitter:data1\" content=\"1 minuto\" \/>\n<script type=\"application\/ld+json\" class=\"yoast-schema-graph\">{\"@context\":\"https:\\\/\\\/schema.org\",\"@graph\":[{\"@type\":\"WebPage\",\"@id\":\"https:\\\/\\\/artnuances.com\\\/it\\\/artworks\\\/innocenzo-x-giovanni-crisostomo\\\/\",\"url\":\"https:\\\/\\\/artnuances.com\\\/it\\\/artworks\\\/innocenzo-x-giovanni-crisostomo\\\/\",\"name\":\"Innocenzo X - Giovanni Crisostomo - Artnuances - Art gallery online\",\"isPartOf\":{\"@id\":\"https:\\\/\\\/artnuances.com\\\/it\\\/#website\"},\"primaryImageOfPage\":{\"@id\":\"https:\\\/\\\/artnuances.com\\\/it\\\/artworks\\\/innocenzo-x-giovanni-crisostomo\\\/#primaryimage\"},\"image\":{\"@id\":\"https:\\\/\\\/artnuances.com\\\/it\\\/artworks\\\/innocenzo-x-giovanni-crisostomo\\\/#primaryimage\"},\"thumbnailUrl\":\"https:\\\/\\\/artnuances.com\\\/wp-content\\\/uploads\\\/2019\\\/10\\\/innocenzo-x-giovanni-crisostomo-ok-scaled.jpg\",\"datePublished\":\"2019-10-22T12:17:50+00:00\",\"dateModified\":\"2023-03-30T14:36:26+00:00\",\"description\":\"Velasquez e il papa. Papa controverso, come spesso lo furono i papi che governarono la chiesa tra il 1500 e il 1600.\",\"breadcrumb\":{\"@id\":\"https:\\\/\\\/artnuances.com\\\/it\\\/artworks\\\/innocenzo-x-giovanni-crisostomo\\\/#breadcrumb\"},\"inLanguage\":\"it-IT\",\"potentialAction\":[{\"@type\":\"ReadAction\",\"target\":[\"https:\\\/\\\/artnuances.com\\\/it\\\/artworks\\\/innocenzo-x-giovanni-crisostomo\\\/\"]}]},{\"@type\":\"ImageObject\",\"inLanguage\":\"it-IT\",\"@id\":\"https:\\\/\\\/artnuances.com\\\/it\\\/artworks\\\/innocenzo-x-giovanni-crisostomo\\\/#primaryimage\",\"url\":\"https:\\\/\\\/artnuances.com\\\/wp-content\\\/uploads\\\/2019\\\/10\\\/innocenzo-x-giovanni-crisostomo-ok-scaled.jpg\",\"contentUrl\":\"https:\\\/\\\/artnuances.com\\\/wp-content\\\/uploads\\\/2019\\\/10\\\/innocenzo-x-giovanni-crisostomo-ok-scaled.jpg\",\"width\":1978,\"height\":2560,\"caption\":\"Innocenzo x - Giovanni Crisostomo\"},{\"@type\":\"BreadcrumbList\",\"@id\":\"https:\\\/\\\/artnuances.com\\\/it\\\/artworks\\\/innocenzo-x-giovanni-crisostomo\\\/#breadcrumb\",\"itemListElement\":[{\"@type\":\"ListItem\",\"position\":1,\"name\":\"Home\",\"item\":\"https:\\\/\\\/artnuances.com\\\/it\\\/\"},{\"@type\":\"ListItem\",\"position\":2,\"name\":\"Shop online\",\"item\":\"https:\\\/\\\/artnuances.com\\\/it\\\/shop-online-galleria-darte-artnuances\\\/\"},{\"@type\":\"ListItem\",\"position\":3,\"name\":\"Innocenzo X\"}]},{\"@type\":\"WebSite\",\"@id\":\"https:\\\/\\\/artnuances.com\\\/it\\\/#website\",\"url\":\"https:\\\/\\\/artnuances.com\\\/it\\\/\",\"name\":\"Artnuances - Art gallery online\",\"description\":\"Artnuances Gallery\",\"publisher\":{\"@id\":\"https:\\\/\\\/artnuances.com\\\/it\\\/#organization\"},\"potentialAction\":[{\"@type\":\"SearchAction\",\"target\":{\"@type\":\"EntryPoint\",\"urlTemplate\":\"https:\\\/\\\/artnuances.com\\\/it\\\/?s={search_term_string}\"},\"query-input\":{\"@type\":\"PropertyValueSpecification\",\"valueRequired\":true,\"valueName\":\"search_term_string\"}}],\"inLanguage\":\"it-IT\"},{\"@type\":\"Organization\",\"@id\":\"https:\\\/\\\/artnuances.com\\\/it\\\/#organization\",\"name\":\"Studio Artnuances LTD\",\"url\":\"https:\\\/\\\/artnuances.com\\\/it\\\/\",\"logo\":{\"@type\":\"ImageObject\",\"inLanguage\":\"it-IT\",\"@id\":\"https:\\\/\\\/artnuances.com\\\/it\\\/#\\\/schema\\\/logo\\\/image\\\/\",\"url\":\"https:\\\/\\\/artnuances.com\\\/wp-content\\\/uploads\\\/2019\\\/09\\\/artnuanse.png\",\"contentUrl\":\"https:\\\/\\\/artnuances.com\\\/wp-content\\\/uploads\\\/2019\\\/09\\\/artnuanse.png\",\"width\":622,\"height\":622,\"caption\":\"Studio Artnuances LTD\"},\"image\":{\"@id\":\"https:\\\/\\\/artnuances.com\\\/it\\\/#\\\/schema\\\/logo\\\/image\\\/\"},\"sameAs\":[\"https:\\\/\\\/www.facebook.com\\\/studioartnuances\\\/\",\"https:\\\/\\\/www.instagram.com\\\/studioartnuances\\\/\",\"https:\\\/\\\/www.youtube.com\\\/channel\\\/UCoU2Nb_B-2BOiDcO292sggg\"]}]}<\/script>\n<!-- \/ Yoast SEO plugin. -->","yoast_head_json":{"title":"Innocenzo X - Giovanni Crisostomo - Artnuances - Art gallery online","description":"Velasquez e il papa. Papa controverso, come spesso lo furono i papi che governarono la chiesa tra il 1500 e il 1600.","robots":{"index":"index","follow":"follow","max-snippet":"max-snippet:-1","max-image-preview":"max-image-preview:large","max-video-preview":"max-video-preview:-1"},"canonical":"https:\/\/artnuances.com\/it\/artworks\/innocenzo-x-giovanni-crisostomo\/","og_locale":"it_IT","og_type":"article","og_title":"Innocenzo X - Giovanni Crisostomo - Artnuances - Art gallery online","og_description":"Velasquez e il papa. Papa controverso, come spesso lo furono i papi che governarono la chiesa tra il 1500 e il 1600.","og_url":"https:\/\/artnuances.com\/it\/artworks\/innocenzo-x-giovanni-crisostomo\/","og_site_name":"Artnuances - Art gallery online","article_publisher":"https:\/\/www.facebook.com\/studioartnuances\/","article_modified_time":"2023-03-30T14:36:26+00:00","og_image":[{"width":1978,"height":2560,"url":"https:\/\/artnuances.com\/wp-content\/uploads\/2019\/10\/innocenzo-x-giovanni-crisostomo-ok-scaled.jpg","type":"image\/jpeg"}],"twitter_card":"summary_large_image","twitter_misc":{"Tempo di lettura stimato":"1 minuto"},"schema":{"@context":"https:\/\/schema.org","@graph":[{"@type":"WebPage","@id":"https:\/\/artnuances.com\/it\/artworks\/innocenzo-x-giovanni-crisostomo\/","url":"https:\/\/artnuances.com\/it\/artworks\/innocenzo-x-giovanni-crisostomo\/","name":"Innocenzo X - Giovanni Crisostomo - Artnuances - Art gallery online","isPartOf":{"@id":"https:\/\/artnuances.com\/it\/#website"},"primaryImageOfPage":{"@id":"https:\/\/artnuances.com\/it\/artworks\/innocenzo-x-giovanni-crisostomo\/#primaryimage"},"image":{"@id":"https:\/\/artnuances.com\/it\/artworks\/innocenzo-x-giovanni-crisostomo\/#primaryimage"},"thumbnailUrl":"https:\/\/artnuances.com\/wp-content\/uploads\/2019\/10\/innocenzo-x-giovanni-crisostomo-ok-scaled.jpg","datePublished":"2019-10-22T12:17:50+00:00","dateModified":"2023-03-30T14:36:26+00:00","description":"Velasquez e il papa. Papa controverso, come spesso lo furono i papi che governarono la chiesa tra il 1500 e il 1600.","breadcrumb":{"@id":"https:\/\/artnuances.com\/it\/artworks\/innocenzo-x-giovanni-crisostomo\/#breadcrumb"},"inLanguage":"it-IT","potentialAction":[{"@type":"ReadAction","target":["https:\/\/artnuances.com\/it\/artworks\/innocenzo-x-giovanni-crisostomo\/"]}]},{"@type":"ImageObject","inLanguage":"it-IT","@id":"https:\/\/artnuances.com\/it\/artworks\/innocenzo-x-giovanni-crisostomo\/#primaryimage","url":"https:\/\/artnuances.com\/wp-content\/uploads\/2019\/10\/innocenzo-x-giovanni-crisostomo-ok-scaled.jpg","contentUrl":"https:\/\/artnuances.com\/wp-content\/uploads\/2019\/10\/innocenzo-x-giovanni-crisostomo-ok-scaled.jpg","width":1978,"height":2560,"caption":"Innocenzo x - Giovanni Crisostomo"},{"@type":"BreadcrumbList","@id":"https:\/\/artnuances.com\/it\/artworks\/innocenzo-x-giovanni-crisostomo\/#breadcrumb","itemListElement":[{"@type":"ListItem","position":1,"name":"Home","item":"https:\/\/artnuances.com\/it\/"},{"@type":"ListItem","position":2,"name":"Shop online","item":"https:\/\/artnuances.com\/it\/shop-online-galleria-darte-artnuances\/"},{"@type":"ListItem","position":3,"name":"Innocenzo X"}]},{"@type":"WebSite","@id":"https:\/\/artnuances.com\/it\/#website","url":"https:\/\/artnuances.com\/it\/","name":"Artnuances - Art gallery online","description":"Artnuances Gallery","publisher":{"@id":"https:\/\/artnuances.com\/it\/#organization"},"potentialAction":[{"@type":"SearchAction","target":{"@type":"EntryPoint","urlTemplate":"https:\/\/artnuances.com\/it\/?s={search_term_string}"},"query-input":{"@type":"PropertyValueSpecification","valueRequired":true,"valueName":"search_term_string"}}],"inLanguage":"it-IT"},{"@type":"Organization","@id":"https:\/\/artnuances.com\/it\/#organization","name":"Studio Artnuances LTD","url":"https:\/\/artnuances.com\/it\/","logo":{"@type":"ImageObject","inLanguage":"it-IT","@id":"https:\/\/artnuances.com\/it\/#\/schema\/logo\/image\/","url":"https:\/\/artnuances.com\/wp-content\/uploads\/2019\/09\/artnuanse.png","contentUrl":"https:\/\/artnuances.com\/wp-content\/uploads\/2019\/09\/artnuanse.png","width":622,"height":622,"caption":"Studio Artnuances LTD"},"image":{"@id":"https:\/\/artnuances.com\/it\/#\/schema\/logo\/image\/"},"sameAs":["https:\/\/www.facebook.com\/studioartnuances\/","https:\/\/www.instagram.com\/studioartnuances\/","https:\/\/www.youtube.com\/channel\/UCoU2Nb_B-2BOiDcO292sggg"]}]}},"_links":{"self":[{"href":"https:\/\/artnuances.com\/it\/wp-json\/wp\/v2\/product\/28928","targetHints":{"allow":["GET"]}}],"collection":[{"href":"https:\/\/artnuances.com\/it\/wp-json\/wp\/v2\/product"}],"about":[{"href":"https:\/\/artnuances.com\/it\/wp-json\/wp\/v2\/types\/product"}],"replies":[{"embeddable":true,"href":"https:\/\/artnuances.com\/it\/wp-json\/wp\/v2\/comments?post=28928"}],"wp:featuredmedia":[{"embeddable":true,"href":"https:\/\/artnuances.com\/it\/wp-json\/wp\/v2\/media\/24165"}],"wp:attachment":[{"href":"https:\/\/artnuances.com\/it\/wp-json\/wp\/v2\/media?parent=28928"}],"wp:term":[{"taxonomy":"product_brand","embeddable":true,"href":"https:\/\/artnuances.com\/it\/wp-json\/wp\/v2\/product_brand?post=28928"},{"taxonomy":"product_cat","embeddable":true,"href":"https:\/\/artnuances.com\/it\/wp-json\/wp\/v2\/product_cat?post=28928"},{"taxonomy":"product_tag","embeddable":true,"href":"https:\/\/artnuances.com\/it\/wp-json\/wp\/v2\/product_tag?post=28928"}],"curies":[{"name":"wp","href":"https:\/\/api.w.org\/{rel}","templated":true}]}}