{"id":28927,"date":"2019-10-22T12:19:08","date_gmt":"2019-10-22T12:19:08","guid":{"rendered":"https:\/\/www.artnuances-com-717041.hostingersite.com\/artworks\/senza-categoria\/i-momenti-della-giornata\/"},"modified":"2023-05-29T14:24:38","modified_gmt":"2023-05-29T14:24:38","slug":"i-momenti-della-giornata","status":"publish","type":"product","link":"https:\/\/artnuances.com\/it\/artworks\/i-momenti-della-giornata\/","title":{"rendered":"I momenti della giornata"},"content":{"rendered":"<section class=\"l-section wpb_row height_large\"><div class=\"l-section-h i-cf\"><div class=\"g-cols vc_row via_flex valign_top type_default stacking_default\"><div class=\"vc_col-sm-12 wpb_column vc_column_container\"><div class=\"vc_column-inner\"><div class=\"wpb_wrapper\"><div class=\"wpb_text_column\"><div class=\"wpb_wrapper\"><h1><em><strong>I momenti della giornata, <\/strong><\/em><strong>\u00e8 un lavoro di <\/strong><strong><a href=\"\/?product_brand=claudia-ciotti-it-2\">Claudia Ciotti<\/a>.<\/strong><\/h1>\n<h3>I momenti della giornata sono un chiaro riferimento allo stile liberty. La sinuosit\u00e0 delle figure femminili, la bellezza dei volti, i dettagli degli elementi che le circondano, trasmettono un senso di piacevolezza del tutto originale. A guardarlo da lontano nessuno poteva immaginare la lavorazione della ceramica. In effetti, siamo tutti abituati a vedere lo stile Liberty nei dipinti di inizio Novecento. Ad esempio, tutti noi ricordiamo gli affreschi di Klimt a Vienna o nell&#8217;architettura europea di quel periodo. L&#8217;intento dell&#8217;artista era un omaggio all&#8217;importanza storica e artistica di quello stile nella cultura europea. Inoltre, la sua esperienza molto personale come ceramista rende le sue creazioni quasi uniche. Inoltre, la scelta dei soggetti \u00e8 straordinaria, per un artista contemporaneo. Qui la bellezza delle forme \u00e8 un valore indiscutibile. Nulla \u00e8 lasciato all&#8217;intuizione, tutto \u00e8 armoniosamente preciso.<\/h3>\n<\/div><\/div><\/div><\/div><\/div><\/div><\/div><\/section>\n","protected":false},"excerpt":{"rendered":"I momenti della giornata, \u00e8 un lavoro di Claudia Ciotti. I momenti della giornata sono un chiaro riferimento allo stile liberty. La sinuosit\u00e0 delle figure femminili, la bellezza dei volti, i dettagli degli elementi che le circondano, trasmettono un senso di piacevolezza del tutto originale. A guardarlo da lontano nessuno poteva immaginare la lavorazione della...","protected":false},"featured_media":24304,"comment_status":"closed","ping_status":"closed","template":"","meta":{"_acf_changed":false},"product_brand":[137],"product_cat":[116,131],"product_tag":[],"class_list":{"0":"post-28927","1":"product","2":"type-product","3":"status-publish","4":"has-post-thumbnail","6":"product_brand-claudia-ciotti-it","7":"product_cat-dipinti","8":"product_cat-scenografico","9":"product_shipping_class-spedizione-in-cassa-di-legno","11":"first","12":"instock","13":"featured","14":"purchasable","15":"product-type-simple"},"acf":[],"yoast_head":"<!-- This site is optimized with the Yoast SEO plugin v27.3 - https:\/\/yoast.com\/product\/yoast-seo-wordpress\/ -->\n<title>I momenti della giornata - Claudia Ciotti - Artnuances - Art gallery online<\/title>\n<meta name=\"description\" content=\"Il momento della giornata \u00e8 un chiaro riferimento allo stile liberty. La sinuosit\u00e0 delle figure femminili, la bellezza dei volti e i dettagli delle...\" \/>\n<meta name=\"robots\" content=\"index, follow, max-snippet:-1, max-image-preview:large, max-video-preview:-1\" \/>\n<link rel=\"canonical\" href=\"https:\/\/artnuances.com\/it\/artworks\/i-momenti-della-giornata\/\" \/>\n<meta property=\"og:locale\" content=\"it_IT\" \/>\n<meta property=\"og:type\" content=\"article\" \/>\n<meta property=\"og:title\" content=\"I momenti della giornata - Claudia Ciotti - Artnuances - Art gallery online\" \/>\n<meta property=\"og:description\" content=\"Il momento della giornata \u00e8 un chiaro riferimento allo stile liberty. La sinuosit\u00e0 delle figure femminili, la bellezza dei volti e i dettagli delle...\" \/>\n<meta property=\"og:url\" content=\"https:\/\/artnuances.com\/it\/artworks\/i-momenti-della-giornata\/\" \/>\n<meta property=\"og:site_name\" content=\"Artnuances - Art gallery online\" \/>\n<meta property=\"article:publisher\" content=\"https:\/\/www.facebook.com\/studioartnuances\/\" \/>\n<meta property=\"article:modified_time\" content=\"2023-05-29T14:24:38+00:00\" \/>\n<meta property=\"og:image\" content=\"https:\/\/artnuances.com\/wp-content\/uploads\/2019\/10\/mattino-mezzogiorno-sera-notte-claudia-ciotti.jpg\" \/>\n\t<meta property=\"og:image:width\" content=\"2000\" \/>\n\t<meta property=\"og:image:height\" content=\"1345\" \/>\n\t<meta property=\"og:image:type\" content=\"image\/jpeg\" \/>\n<meta name=\"twitter:card\" content=\"summary_large_image\" \/>\n<meta name=\"twitter:label1\" content=\"Tempo di lettura stimato\" \/>\n\t<meta name=\"twitter:data1\" content=\"1 minuto\" \/>\n<script type=\"application\/ld+json\" class=\"yoast-schema-graph\">{\"@context\":\"https:\\\/\\\/schema.org\",\"@graph\":[{\"@type\":\"WebPage\",\"@id\":\"https:\\\/\\\/artnuances.com\\\/it\\\/artworks\\\/i-momenti-della-giornata\\\/\",\"url\":\"https:\\\/\\\/artnuances.com\\\/it\\\/artworks\\\/i-momenti-della-giornata\\\/\",\"name\":\"I momenti della giornata - Claudia Ciotti - Artnuances - Art gallery online\",\"isPartOf\":{\"@id\":\"https:\\\/\\\/artnuances.com\\\/it\\\/#website\"},\"primaryImageOfPage\":{\"@id\":\"https:\\\/\\\/artnuances.com\\\/it\\\/artworks\\\/i-momenti-della-giornata\\\/#primaryimage\"},\"image\":{\"@id\":\"https:\\\/\\\/artnuances.com\\\/it\\\/artworks\\\/i-momenti-della-giornata\\\/#primaryimage\"},\"thumbnailUrl\":\"https:\\\/\\\/artnuances.com\\\/wp-content\\\/uploads\\\/2019\\\/10\\\/mattino-mezzogiorno-sera-notte-claudia-ciotti.jpg\",\"datePublished\":\"2019-10-22T12:19:08+00:00\",\"dateModified\":\"2023-05-29T14:24:38+00:00\",\"description\":\"Il momento della giornata \u00e8 un chiaro riferimento allo stile liberty. La sinuosit\u00e0 delle figure femminili, la bellezza dei volti e i dettagli delle...\",\"breadcrumb\":{\"@id\":\"https:\\\/\\\/artnuances.com\\\/it\\\/artworks\\\/i-momenti-della-giornata\\\/#breadcrumb\"},\"inLanguage\":\"it-IT\",\"potentialAction\":[{\"@type\":\"ReadAction\",\"target\":[\"https:\\\/\\\/artnuances.com\\\/it\\\/artworks\\\/i-momenti-della-giornata\\\/\"]}]},{\"@type\":\"ImageObject\",\"inLanguage\":\"it-IT\",\"@id\":\"https:\\\/\\\/artnuances.com\\\/it\\\/artworks\\\/i-momenti-della-giornata\\\/#primaryimage\",\"url\":\"https:\\\/\\\/artnuances.com\\\/wp-content\\\/uploads\\\/2019\\\/10\\\/mattino-mezzogiorno-sera-notte-claudia-ciotti.jpg\",\"contentUrl\":\"https:\\\/\\\/artnuances.com\\\/wp-content\\\/uploads\\\/2019\\\/10\\\/mattino-mezzogiorno-sera-notte-claudia-ciotti.jpg\",\"width\":2000,\"height\":1345,\"caption\":\"Mattino mezzogiorno sera notte - Claudia Ciotti\"},{\"@type\":\"BreadcrumbList\",\"@id\":\"https:\\\/\\\/artnuances.com\\\/it\\\/artworks\\\/i-momenti-della-giornata\\\/#breadcrumb\",\"itemListElement\":[{\"@type\":\"ListItem\",\"position\":1,\"name\":\"Home\",\"item\":\"https:\\\/\\\/artnuances.com\\\/it\\\/\"},{\"@type\":\"ListItem\",\"position\":2,\"name\":\"Shop online\",\"item\":\"https:\\\/\\\/artnuances.com\\\/it\\\/shop-online-galleria-darte-artnuances\\\/\"},{\"@type\":\"ListItem\",\"position\":3,\"name\":\"I momenti della giornata\"}]},{\"@type\":\"WebSite\",\"@id\":\"https:\\\/\\\/artnuances.com\\\/it\\\/#website\",\"url\":\"https:\\\/\\\/artnuances.com\\\/it\\\/\",\"name\":\"Artnuances - Art gallery online\",\"description\":\"Artnuances Gallery\",\"publisher\":{\"@id\":\"https:\\\/\\\/artnuances.com\\\/it\\\/#organization\"},\"potentialAction\":[{\"@type\":\"SearchAction\",\"target\":{\"@type\":\"EntryPoint\",\"urlTemplate\":\"https:\\\/\\\/artnuances.com\\\/it\\\/?s={search_term_string}\"},\"query-input\":{\"@type\":\"PropertyValueSpecification\",\"valueRequired\":true,\"valueName\":\"search_term_string\"}}],\"inLanguage\":\"it-IT\"},{\"@type\":\"Organization\",\"@id\":\"https:\\\/\\\/artnuances.com\\\/it\\\/#organization\",\"name\":\"Studio Artnuances LTD\",\"url\":\"https:\\\/\\\/artnuances.com\\\/it\\\/\",\"logo\":{\"@type\":\"ImageObject\",\"inLanguage\":\"it-IT\",\"@id\":\"https:\\\/\\\/artnuances.com\\\/it\\\/#\\\/schema\\\/logo\\\/image\\\/\",\"url\":\"https:\\\/\\\/artnuances.com\\\/wp-content\\\/uploads\\\/2019\\\/09\\\/artnuanse.png\",\"contentUrl\":\"https:\\\/\\\/artnuances.com\\\/wp-content\\\/uploads\\\/2019\\\/09\\\/artnuanse.png\",\"width\":622,\"height\":622,\"caption\":\"Studio Artnuances LTD\"},\"image\":{\"@id\":\"https:\\\/\\\/artnuances.com\\\/it\\\/#\\\/schema\\\/logo\\\/image\\\/\"},\"sameAs\":[\"https:\\\/\\\/www.facebook.com\\\/studioartnuances\\\/\",\"https:\\\/\\\/www.instagram.com\\\/studioartnuances\\\/\",\"https:\\\/\\\/www.youtube.com\\\/channel\\\/UCoU2Nb_B-2BOiDcO292sggg\"]}]}<\/script>\n<!-- \/ Yoast SEO plugin. -->","yoast_head_json":{"title":"I momenti della giornata - Claudia Ciotti - Artnuances - Art gallery online","description":"Il momento della giornata \u00e8 un chiaro riferimento allo stile liberty. La sinuosit\u00e0 delle figure femminili, la bellezza dei volti e i dettagli delle...","robots":{"index":"index","follow":"follow","max-snippet":"max-snippet:-1","max-image-preview":"max-image-preview:large","max-video-preview":"max-video-preview:-1"},"canonical":"https:\/\/artnuances.com\/it\/artworks\/i-momenti-della-giornata\/","og_locale":"it_IT","og_type":"article","og_title":"I momenti della giornata - Claudia Ciotti - Artnuances - Art gallery online","og_description":"Il momento della giornata \u00e8 un chiaro riferimento allo stile liberty. La sinuosit\u00e0 delle figure femminili, la bellezza dei volti e i dettagli delle...","og_url":"https:\/\/artnuances.com\/it\/artworks\/i-momenti-della-giornata\/","og_site_name":"Artnuances - Art gallery online","article_publisher":"https:\/\/www.facebook.com\/studioartnuances\/","article_modified_time":"2023-05-29T14:24:38+00:00","og_image":[{"width":2000,"height":1345,"url":"https:\/\/artnuances.com\/wp-content\/uploads\/2019\/10\/mattino-mezzogiorno-sera-notte-claudia-ciotti.jpg","type":"image\/jpeg"}],"twitter_card":"summary_large_image","twitter_misc":{"Tempo di lettura stimato":"1 minuto"},"schema":{"@context":"https:\/\/schema.org","@graph":[{"@type":"WebPage","@id":"https:\/\/artnuances.com\/it\/artworks\/i-momenti-della-giornata\/","url":"https:\/\/artnuances.com\/it\/artworks\/i-momenti-della-giornata\/","name":"I momenti della giornata - Claudia Ciotti - Artnuances - Art gallery online","isPartOf":{"@id":"https:\/\/artnuances.com\/it\/#website"},"primaryImageOfPage":{"@id":"https:\/\/artnuances.com\/it\/artworks\/i-momenti-della-giornata\/#primaryimage"},"image":{"@id":"https:\/\/artnuances.com\/it\/artworks\/i-momenti-della-giornata\/#primaryimage"},"thumbnailUrl":"https:\/\/artnuances.com\/wp-content\/uploads\/2019\/10\/mattino-mezzogiorno-sera-notte-claudia-ciotti.jpg","datePublished":"2019-10-22T12:19:08+00:00","dateModified":"2023-05-29T14:24:38+00:00","description":"Il momento della giornata \u00e8 un chiaro riferimento allo stile liberty. La sinuosit\u00e0 delle figure femminili, la bellezza dei volti e i dettagli delle...","breadcrumb":{"@id":"https:\/\/artnuances.com\/it\/artworks\/i-momenti-della-giornata\/#breadcrumb"},"inLanguage":"it-IT","potentialAction":[{"@type":"ReadAction","target":["https:\/\/artnuances.com\/it\/artworks\/i-momenti-della-giornata\/"]}]},{"@type":"ImageObject","inLanguage":"it-IT","@id":"https:\/\/artnuances.com\/it\/artworks\/i-momenti-della-giornata\/#primaryimage","url":"https:\/\/artnuances.com\/wp-content\/uploads\/2019\/10\/mattino-mezzogiorno-sera-notte-claudia-ciotti.jpg","contentUrl":"https:\/\/artnuances.com\/wp-content\/uploads\/2019\/10\/mattino-mezzogiorno-sera-notte-claudia-ciotti.jpg","width":2000,"height":1345,"caption":"Mattino mezzogiorno sera notte - Claudia Ciotti"},{"@type":"BreadcrumbList","@id":"https:\/\/artnuances.com\/it\/artworks\/i-momenti-della-giornata\/#breadcrumb","itemListElement":[{"@type":"ListItem","position":1,"name":"Home","item":"https:\/\/artnuances.com\/it\/"},{"@type":"ListItem","position":2,"name":"Shop online","item":"https:\/\/artnuances.com\/it\/shop-online-galleria-darte-artnuances\/"},{"@type":"ListItem","position":3,"name":"I momenti della giornata"}]},{"@type":"WebSite","@id":"https:\/\/artnuances.com\/it\/#website","url":"https:\/\/artnuances.com\/it\/","name":"Artnuances - Art gallery online","description":"Artnuances Gallery","publisher":{"@id":"https:\/\/artnuances.com\/it\/#organization"},"potentialAction":[{"@type":"SearchAction","target":{"@type":"EntryPoint","urlTemplate":"https:\/\/artnuances.com\/it\/?s={search_term_string}"},"query-input":{"@type":"PropertyValueSpecification","valueRequired":true,"valueName":"search_term_string"}}],"inLanguage":"it-IT"},{"@type":"Organization","@id":"https:\/\/artnuances.com\/it\/#organization","name":"Studio Artnuances LTD","url":"https:\/\/artnuances.com\/it\/","logo":{"@type":"ImageObject","inLanguage":"it-IT","@id":"https:\/\/artnuances.com\/it\/#\/schema\/logo\/image\/","url":"https:\/\/artnuances.com\/wp-content\/uploads\/2019\/09\/artnuanse.png","contentUrl":"https:\/\/artnuances.com\/wp-content\/uploads\/2019\/09\/artnuanse.png","width":622,"height":622,"caption":"Studio Artnuances LTD"},"image":{"@id":"https:\/\/artnuances.com\/it\/#\/schema\/logo\/image\/"},"sameAs":["https:\/\/www.facebook.com\/studioartnuances\/","https:\/\/www.instagram.com\/studioartnuances\/","https:\/\/www.youtube.com\/channel\/UCoU2Nb_B-2BOiDcO292sggg"]}]}},"_links":{"self":[{"href":"https:\/\/artnuances.com\/it\/wp-json\/wp\/v2\/product\/28927","targetHints":{"allow":["GET"]}}],"collection":[{"href":"https:\/\/artnuances.com\/it\/wp-json\/wp\/v2\/product"}],"about":[{"href":"https:\/\/artnuances.com\/it\/wp-json\/wp\/v2\/types\/product"}],"replies":[{"embeddable":true,"href":"https:\/\/artnuances.com\/it\/wp-json\/wp\/v2\/comments?post=28927"}],"wp:featuredmedia":[{"embeddable":true,"href":"https:\/\/artnuances.com\/it\/wp-json\/wp\/v2\/media\/24304"}],"wp:attachment":[{"href":"https:\/\/artnuances.com\/it\/wp-json\/wp\/v2\/media?parent=28927"}],"wp:term":[{"taxonomy":"product_brand","embeddable":true,"href":"https:\/\/artnuances.com\/it\/wp-json\/wp\/v2\/product_brand?post=28927"},{"taxonomy":"product_cat","embeddable":true,"href":"https:\/\/artnuances.com\/it\/wp-json\/wp\/v2\/product_cat?post=28927"},{"taxonomy":"product_tag","embeddable":true,"href":"https:\/\/artnuances.com\/it\/wp-json\/wp\/v2\/product_tag?post=28927"}],"curies":[{"name":"wp","href":"https:\/\/api.w.org\/{rel}","templated":true}]}}