{"id":28923,"date":"2019-10-22T12:36:50","date_gmt":"2019-10-22T12:36:50","guid":{"rendered":"https:\/\/www.artnuances-com-717041.hostingersite.com\/artworks\/senza-categoria\/angelo-annunciante-e-vergine-annunciata-2\/"},"modified":"2023-04-03T09:17:32","modified_gmt":"2023-04-03T09:17:32","slug":"angelo-annunciante-e-vergine-annunciata-2","status":"publish","type":"product","link":"https:\/\/artnuances.com\/it\/artworks\/angelo-annunciante-e-vergine-annunciata-2\/","title":{"rendered":"Angelo annunciante e Vergine annunciata"},"content":{"rendered":"<section class=\"l-section wpb_row height_large\"><div class=\"l-section-h i-cf\"><div class=\"g-cols vc_row via_flex valign_top type_default stacking_default\"><div class=\"vc_col-sm-12 wpb_column vc_column_container\"><div class=\"vc_column-inner\"><div class=\"wpb_wrapper\"><div class=\"wpb_text_column\"><div class=\"wpb_wrapper\"><h1><em><strong>\u00a0Angelo annunciante e Vergine annunciata, <\/strong><\/em><strong>\u00e8 un&#8217;opera di <\/strong><strong><a href=\"\/?product_brand=claudia-ciotti-it-2\">Claudia Ciotti.<\/a><\/strong><\/h1>\n<h3>Angelo Annunciante e Vergine Annunciata (Angelo Annunciante e Vergine Annunciata) \u00e8 un omaggio a Simone Martini. Nel XIV secolo realizz\u00f2 molti capolavori, tra cui &#8220;L&#8217;Angelo Annunciatore&#8221;, che ora appartiene alla collezione degli Uffizi di Firenze.<br \/>\nIn questo dittico Ciotti ripercorre le orme dei grandi maestri del passato ma, con indiscutibile originalit\u00e0. Il sapiente uso dei colori con l&#8217;aggiunta dell&#8217;oro, donano allo spettatore tutta l&#8217;intensit\u00e0 del particolare momento cristiano. La Madonna ascolta incredula, timorosa, le notizie dell&#8217;Angelo sulla sua futura maternit\u00e0. La maestria di Ciotti trasmette la dolcezza dei personaggi. La difficolt\u00e0 \u00e8 aumentata anche per via della superficie e della tecnica.<\/h3>\n<h3>La tecnica<\/h3>\n<h3>Ceramica smaltata interamente dipinta a mano su lastra refrattaria, con ossidi ceramici e finitura in oro opaco, oro lucido e platino.<br \/>\nL&#8217;opera \u00e8 inserita in una cornice di legno intagliata, realizzata artigianalmente con gesso e bolo armeno e rivestita completamente a mano con foglia oro paillettes.<\/h3>\n<\/div><\/div><\/div><\/div><\/div><\/div><\/div><\/section>\n","protected":false},"excerpt":{"rendered":"<p><strong>Artist:<\/strong> Claudia Ciotti <em>(Italy)<\/em><br \/>\n<strong>Title:<\/strong> Angelo Annunciante e Vergine Annunciata<br \/>\n<strong>Date:<\/strong> 2010<br \/>\n<strong>Medium:<\/strong> Overglaze ceramic painted entirely by hand on a refractory plate, with ceramic oxides and finishing in matte gold, glossy gold and platinum.<br \/>\nThe work is inserted in a carved wooden frame, handcrafted with plaster and Armenian bole and covered completely by hand with gold sequin leaf.<br \/>\n<strong>Dimensions:<\/strong> 65H x 42B x 5cm<\/p>\n","protected":false},"featured_media":24274,"comment_status":"closed","ping_status":"closed","template":"","meta":{"_acf_changed":false},"product_brand":[137],"product_cat":[116,130],"product_tag":[],"class_list":{"0":"post-28923","1":"product","2":"type-product","3":"status-publish","4":"has-post-thumbnail","6":"product_brand-claudia-ciotti-it","7":"product_cat-dipinti","8":"product_cat-religioso","10":"first","11":"instock","12":"featured","13":"purchasable","14":"product-type-simple"},"acf":[],"yoast_head":"<!-- This site is optimized with the Yoast SEO plugin v27.3 - https:\/\/yoast.com\/product\/yoast-seo-wordpress\/ -->\n<title>\u00a0Angelo annunciante e Vergine annunciata - Ciotti - Artnuances Galery<\/title>\n<meta name=\"description\" content=\"Annunciando l&#039;Angelo e la Vergine Annunciata \u00e8 un&#039;opera d&#039;arte appartenente alla collezione di Claudia Ciotti, ispirata a &quot;The Announcing Angel&quot; di Simone Martini.\" \/>\n<meta name=\"robots\" content=\"index, follow, max-snippet:-1, max-image-preview:large, max-video-preview:-1\" \/>\n<link rel=\"canonical\" href=\"https:\/\/artnuances.com\/it\/artworks\/angelo-annunciante-e-vergine-annunciata-2\/\" \/>\n<meta property=\"og:locale\" content=\"it_IT\" \/>\n<meta property=\"og:type\" content=\"article\" \/>\n<meta property=\"og:title\" content=\"\u00a0Angelo annunciante e Vergine annunciata - Ciotti - Artnuances Galery\" \/>\n<meta property=\"og:description\" content=\"Annunciando l&#039;Angelo e la Vergine Annunciata \u00e8 un&#039;opera d&#039;arte appartenente alla collezione di Claudia Ciotti, ispirata a &quot;The Announcing Angel&quot; di Simone Martini.\" \/>\n<meta property=\"og:url\" content=\"https:\/\/artnuances.com\/it\/artworks\/angelo-annunciante-e-vergine-annunciata-2\/\" \/>\n<meta property=\"og:site_name\" content=\"Artnuances - Art gallery online\" \/>\n<meta property=\"article:publisher\" content=\"https:\/\/www.facebook.com\/studioartnuances\/\" \/>\n<meta property=\"article:modified_time\" content=\"2023-04-03T09:17:32+00:00\" \/>\n<meta property=\"og:image\" content=\"https:\/\/artnuances.com\/wp-content\/uploads\/2019\/10\/vergine-annunciata-claudia-ciotti.jpg\" \/>\n\t<meta property=\"og:image:width\" content=\"2000\" \/>\n\t<meta property=\"og:image:height\" content=\"1438\" \/>\n\t<meta property=\"og:image:type\" content=\"image\/jpeg\" \/>\n<meta name=\"twitter:card\" content=\"summary_large_image\" \/>\n<meta name=\"twitter:label1\" content=\"Tempo di lettura stimato\" \/>\n\t<meta name=\"twitter:data1\" content=\"1 minuto\" \/>\n<script type=\"application\/ld+json\" class=\"yoast-schema-graph\">{\"@context\":\"https:\\\/\\\/schema.org\",\"@graph\":[{\"@type\":\"WebPage\",\"@id\":\"https:\\\/\\\/artnuances.com\\\/it\\\/artworks\\\/angelo-annunciante-e-vergine-annunciata-2\\\/\",\"url\":\"https:\\\/\\\/artnuances.com\\\/it\\\/artworks\\\/angelo-annunciante-e-vergine-annunciata-2\\\/\",\"name\":\"\u00a0Angelo annunciante e Vergine annunciata - Ciotti - Artnuances Galery\",\"isPartOf\":{\"@id\":\"https:\\\/\\\/artnuances.com\\\/it\\\/#website\"},\"primaryImageOfPage\":{\"@id\":\"https:\\\/\\\/artnuances.com\\\/it\\\/artworks\\\/angelo-annunciante-e-vergine-annunciata-2\\\/#primaryimage\"},\"image\":{\"@id\":\"https:\\\/\\\/artnuances.com\\\/it\\\/artworks\\\/angelo-annunciante-e-vergine-annunciata-2\\\/#primaryimage\"},\"thumbnailUrl\":\"https:\\\/\\\/artnuances.com\\\/wp-content\\\/uploads\\\/2019\\\/10\\\/vergine-annunciata-claudia-ciotti.jpg\",\"datePublished\":\"2019-10-22T12:36:50+00:00\",\"dateModified\":\"2023-04-03T09:17:32+00:00\",\"description\":\"Annunciando l'Angelo e la Vergine Annunciata \u00e8 un'opera d'arte appartenente alla collezione di Claudia Ciotti, ispirata a \\\"The Announcing Angel\\\" di Simone Martini.\",\"breadcrumb\":{\"@id\":\"https:\\\/\\\/artnuances.com\\\/it\\\/artworks\\\/angelo-annunciante-e-vergine-annunciata-2\\\/#breadcrumb\"},\"inLanguage\":\"it-IT\",\"potentialAction\":[{\"@type\":\"ReadAction\",\"target\":[\"https:\\\/\\\/artnuances.com\\\/it\\\/artworks\\\/angelo-annunciante-e-vergine-annunciata-2\\\/\"]}]},{\"@type\":\"ImageObject\",\"inLanguage\":\"it-IT\",\"@id\":\"https:\\\/\\\/artnuances.com\\\/it\\\/artworks\\\/angelo-annunciante-e-vergine-annunciata-2\\\/#primaryimage\",\"url\":\"https:\\\/\\\/artnuances.com\\\/wp-content\\\/uploads\\\/2019\\\/10\\\/vergine-annunciata-claudia-ciotti.jpg\",\"contentUrl\":\"https:\\\/\\\/artnuances.com\\\/wp-content\\\/uploads\\\/2019\\\/10\\\/vergine-annunciata-claudia-ciotti.jpg\",\"width\":2000,\"height\":1438,\"caption\":\"Vergine annunciata - Claudia Ciotti\"},{\"@type\":\"BreadcrumbList\",\"@id\":\"https:\\\/\\\/artnuances.com\\\/it\\\/artworks\\\/angelo-annunciante-e-vergine-annunciata-2\\\/#breadcrumb\",\"itemListElement\":[{\"@type\":\"ListItem\",\"position\":1,\"name\":\"Home\",\"item\":\"https:\\\/\\\/artnuances.com\\\/it\\\/\"},{\"@type\":\"ListItem\",\"position\":2,\"name\":\"Shop online\",\"item\":\"https:\\\/\\\/artnuances.com\\\/it\\\/shop-online-galleria-darte-artnuances\\\/\"},{\"@type\":\"ListItem\",\"position\":3,\"name\":\"Angelo annunciante e Vergine annunciata\"}]},{\"@type\":\"WebSite\",\"@id\":\"https:\\\/\\\/artnuances.com\\\/it\\\/#website\",\"url\":\"https:\\\/\\\/artnuances.com\\\/it\\\/\",\"name\":\"Artnuances - Art gallery online\",\"description\":\"Artnuances Gallery\",\"publisher\":{\"@id\":\"https:\\\/\\\/artnuances.com\\\/it\\\/#organization\"},\"potentialAction\":[{\"@type\":\"SearchAction\",\"target\":{\"@type\":\"EntryPoint\",\"urlTemplate\":\"https:\\\/\\\/artnuances.com\\\/it\\\/?s={search_term_string}\"},\"query-input\":{\"@type\":\"PropertyValueSpecification\",\"valueRequired\":true,\"valueName\":\"search_term_string\"}}],\"inLanguage\":\"it-IT\"},{\"@type\":\"Organization\",\"@id\":\"https:\\\/\\\/artnuances.com\\\/it\\\/#organization\",\"name\":\"Studio Artnuances LTD\",\"url\":\"https:\\\/\\\/artnuances.com\\\/it\\\/\",\"logo\":{\"@type\":\"ImageObject\",\"inLanguage\":\"it-IT\",\"@id\":\"https:\\\/\\\/artnuances.com\\\/it\\\/#\\\/schema\\\/logo\\\/image\\\/\",\"url\":\"https:\\\/\\\/artnuances.com\\\/wp-content\\\/uploads\\\/2019\\\/09\\\/artnuanse.png\",\"contentUrl\":\"https:\\\/\\\/artnuances.com\\\/wp-content\\\/uploads\\\/2019\\\/09\\\/artnuanse.png\",\"width\":622,\"height\":622,\"caption\":\"Studio Artnuances LTD\"},\"image\":{\"@id\":\"https:\\\/\\\/artnuances.com\\\/it\\\/#\\\/schema\\\/logo\\\/image\\\/\"},\"sameAs\":[\"https:\\\/\\\/www.facebook.com\\\/studioartnuances\\\/\",\"https:\\\/\\\/www.instagram.com\\\/studioartnuances\\\/\",\"https:\\\/\\\/www.youtube.com\\\/channel\\\/UCoU2Nb_B-2BOiDcO292sggg\"]}]}<\/script>\n<!-- \/ Yoast SEO plugin. -->","yoast_head_json":{"title":"\u00a0Angelo annunciante e Vergine annunciata - Ciotti - Artnuances Galery","description":"Annunciando l'Angelo e la Vergine Annunciata \u00e8 un'opera d'arte appartenente alla collezione di Claudia Ciotti, ispirata a \"The Announcing Angel\" di Simone Martini.","robots":{"index":"index","follow":"follow","max-snippet":"max-snippet:-1","max-image-preview":"max-image-preview:large","max-video-preview":"max-video-preview:-1"},"canonical":"https:\/\/artnuances.com\/it\/artworks\/angelo-annunciante-e-vergine-annunciata-2\/","og_locale":"it_IT","og_type":"article","og_title":"\u00a0Angelo annunciante e Vergine annunciata - Ciotti - Artnuances Galery","og_description":"Annunciando l'Angelo e la Vergine Annunciata \u00e8 un'opera d'arte appartenente alla collezione di Claudia Ciotti, ispirata a \"The Announcing Angel\" di Simone Martini.","og_url":"https:\/\/artnuances.com\/it\/artworks\/angelo-annunciante-e-vergine-annunciata-2\/","og_site_name":"Artnuances - Art gallery online","article_publisher":"https:\/\/www.facebook.com\/studioartnuances\/","article_modified_time":"2023-04-03T09:17:32+00:00","og_image":[{"width":2000,"height":1438,"url":"https:\/\/artnuances.com\/wp-content\/uploads\/2019\/10\/vergine-annunciata-claudia-ciotti.jpg","type":"image\/jpeg"}],"twitter_card":"summary_large_image","twitter_misc":{"Tempo di lettura stimato":"1 minuto"},"schema":{"@context":"https:\/\/schema.org","@graph":[{"@type":"WebPage","@id":"https:\/\/artnuances.com\/it\/artworks\/angelo-annunciante-e-vergine-annunciata-2\/","url":"https:\/\/artnuances.com\/it\/artworks\/angelo-annunciante-e-vergine-annunciata-2\/","name":"\u00a0Angelo annunciante e Vergine annunciata - Ciotti - Artnuances Galery","isPartOf":{"@id":"https:\/\/artnuances.com\/it\/#website"},"primaryImageOfPage":{"@id":"https:\/\/artnuances.com\/it\/artworks\/angelo-annunciante-e-vergine-annunciata-2\/#primaryimage"},"image":{"@id":"https:\/\/artnuances.com\/it\/artworks\/angelo-annunciante-e-vergine-annunciata-2\/#primaryimage"},"thumbnailUrl":"https:\/\/artnuances.com\/wp-content\/uploads\/2019\/10\/vergine-annunciata-claudia-ciotti.jpg","datePublished":"2019-10-22T12:36:50+00:00","dateModified":"2023-04-03T09:17:32+00:00","description":"Annunciando l'Angelo e la Vergine Annunciata \u00e8 un'opera d'arte appartenente alla collezione di Claudia Ciotti, ispirata a \"The Announcing Angel\" di Simone Martini.","breadcrumb":{"@id":"https:\/\/artnuances.com\/it\/artworks\/angelo-annunciante-e-vergine-annunciata-2\/#breadcrumb"},"inLanguage":"it-IT","potentialAction":[{"@type":"ReadAction","target":["https:\/\/artnuances.com\/it\/artworks\/angelo-annunciante-e-vergine-annunciata-2\/"]}]},{"@type":"ImageObject","inLanguage":"it-IT","@id":"https:\/\/artnuances.com\/it\/artworks\/angelo-annunciante-e-vergine-annunciata-2\/#primaryimage","url":"https:\/\/artnuances.com\/wp-content\/uploads\/2019\/10\/vergine-annunciata-claudia-ciotti.jpg","contentUrl":"https:\/\/artnuances.com\/wp-content\/uploads\/2019\/10\/vergine-annunciata-claudia-ciotti.jpg","width":2000,"height":1438,"caption":"Vergine annunciata - Claudia Ciotti"},{"@type":"BreadcrumbList","@id":"https:\/\/artnuances.com\/it\/artworks\/angelo-annunciante-e-vergine-annunciata-2\/#breadcrumb","itemListElement":[{"@type":"ListItem","position":1,"name":"Home","item":"https:\/\/artnuances.com\/it\/"},{"@type":"ListItem","position":2,"name":"Shop online","item":"https:\/\/artnuances.com\/it\/shop-online-galleria-darte-artnuances\/"},{"@type":"ListItem","position":3,"name":"Angelo annunciante e Vergine annunciata"}]},{"@type":"WebSite","@id":"https:\/\/artnuances.com\/it\/#website","url":"https:\/\/artnuances.com\/it\/","name":"Artnuances - Art gallery online","description":"Artnuances Gallery","publisher":{"@id":"https:\/\/artnuances.com\/it\/#organization"},"potentialAction":[{"@type":"SearchAction","target":{"@type":"EntryPoint","urlTemplate":"https:\/\/artnuances.com\/it\/?s={search_term_string}"},"query-input":{"@type":"PropertyValueSpecification","valueRequired":true,"valueName":"search_term_string"}}],"inLanguage":"it-IT"},{"@type":"Organization","@id":"https:\/\/artnuances.com\/it\/#organization","name":"Studio Artnuances LTD","url":"https:\/\/artnuances.com\/it\/","logo":{"@type":"ImageObject","inLanguage":"it-IT","@id":"https:\/\/artnuances.com\/it\/#\/schema\/logo\/image\/","url":"https:\/\/artnuances.com\/wp-content\/uploads\/2019\/09\/artnuanse.png","contentUrl":"https:\/\/artnuances.com\/wp-content\/uploads\/2019\/09\/artnuanse.png","width":622,"height":622,"caption":"Studio Artnuances LTD"},"image":{"@id":"https:\/\/artnuances.com\/it\/#\/schema\/logo\/image\/"},"sameAs":["https:\/\/www.facebook.com\/studioartnuances\/","https:\/\/www.instagram.com\/studioartnuances\/","https:\/\/www.youtube.com\/channel\/UCoU2Nb_B-2BOiDcO292sggg"]}]}},"_links":{"self":[{"href":"https:\/\/artnuances.com\/it\/wp-json\/wp\/v2\/product\/28923","targetHints":{"allow":["GET"]}}],"collection":[{"href":"https:\/\/artnuances.com\/it\/wp-json\/wp\/v2\/product"}],"about":[{"href":"https:\/\/artnuances.com\/it\/wp-json\/wp\/v2\/types\/product"}],"replies":[{"embeddable":true,"href":"https:\/\/artnuances.com\/it\/wp-json\/wp\/v2\/comments?post=28923"}],"wp:featuredmedia":[{"embeddable":true,"href":"https:\/\/artnuances.com\/it\/wp-json\/wp\/v2\/media\/24274"}],"wp:attachment":[{"href":"https:\/\/artnuances.com\/it\/wp-json\/wp\/v2\/media?parent=28923"}],"wp:term":[{"taxonomy":"product_brand","embeddable":true,"href":"https:\/\/artnuances.com\/it\/wp-json\/wp\/v2\/product_brand?post=28923"},{"taxonomy":"product_cat","embeddable":true,"href":"https:\/\/artnuances.com\/it\/wp-json\/wp\/v2\/product_cat?post=28923"},{"taxonomy":"product_tag","embeddable":true,"href":"https:\/\/artnuances.com\/it\/wp-json\/wp\/v2\/product_tag?post=28923"}],"curies":[{"name":"wp","href":"https:\/\/api.w.org\/{rel}","templated":true}]}}