{"id":28922,"date":"2019-10-22T12:40:15","date_gmt":"2019-10-22T12:40:15","guid":{"rendered":"https:\/\/www.artnuances-com-717041.hostingersite.com\/artworks\/senza-categoria\/angelo-annunciante-e-vergine-annunciata\/"},"modified":"2023-04-03T09:15:13","modified_gmt":"2023-04-03T09:15:13","slug":"angelo-annunciante-e-vergine-annunciata","status":"publish","type":"product","link":"https:\/\/artnuances.com\/it\/artworks\/angelo-annunciante-e-vergine-annunciata\/","title":{"rendered":"Angelo annunciante e Vergine annunciata"},"content":{"rendered":"<section class=\"l-section wpb_row height_large\"><div class=\"l-section-h i-cf\"><div class=\"g-cols vc_row via_flex valign_top type_default stacking_default\"><div class=\"vc_col-sm-12 wpb_column vc_column_container\"><div class=\"vc_column-inner\"><div class=\"wpb_wrapper\"><div class=\"wpb_text_column\"><div class=\"wpb_wrapper\"><h1><em><strong>Angelo annunciante e Vergine annunciata, <\/strong><\/em><strong>\u00e8 un&#8217;opera di <\/strong><strong><a href=\"\/?product_brand=claudia-ciotti-it-2\">Claudia Ciotti.<\/a><\/strong><\/h1>\n<h3>Claudia Ciotti ha una predilezione particolare per le opere dei grandi Maestri dei primi secoli del secondo millennio. Tra i maestri che la ispirarono troviamo Simone Martini (1284-1344), le cui opere sono esposte nei pi\u00f9 importanti musei del mondo. La Ciotti vuole dimostrare tutta la sua ammirazione riprendendo pose e soggetti dipinti da Martini. In questo caso, modifica e modella con la sua tecnica di ceramista. Quindi, l&#8217;opera d&#8217;arte non \u00e8 una copia, ma ha semplicemente preso ispirazione dai maestri. L&#8217;utilizzo della tecnica pittorica accanto alla perfetta conoscenza degli smalti ceramici \u00e8 l&#8217;elemento fondamentale. Ciotti si avvale della sua pluriennale esperienza in questi settori dell&#8217;arte.<\/h3>\n<h3>La cura del dettaglio \u00e8 ancor pi\u00f9 esaltata dalla difficolt\u00e0 della tecnica utilizzata. Infatti, quando il colore viene messo in forno, il suo risultato non pu\u00f2 pi\u00f9 essere modificato.<\/h3>\n<\/div><\/div><\/div><\/div><\/div><\/div><\/div><\/section>\n","protected":false},"excerpt":{"rendered":"<p><strong>Artist:<\/strong> Claudia Ciotti (Italy)<br \/>\n<strong>Title:<\/strong> Angelo Annunciante e Vergine Annunciata<br \/>\n<strong>Date:<\/strong> 2010<br \/>\n<strong>Medium:<\/strong> : Overglaze ceramic painted entirely by hand on a refractory plate, with ceramic oxides and finishing in matte gold, glossy gold and platinum.<br \/>\nThe work is inserted in a carved wooden frame, handcrafted with plaster and Armenian bole and covered completely by hand with gold sequin leaf.<br \/>\n<strong>Dimensions:<\/strong> 60H x 40B x 5 cm<\/p>\n","protected":false},"featured_media":24280,"comment_status":"closed","ping_status":"closed","template":"","meta":{"_acf_changed":false},"product_brand":[137],"product_cat":[116,130],"product_tag":[],"class_list":{"0":"post-28922","1":"product","2":"type-product","3":"status-publish","4":"has-post-thumbnail","6":"product_brand-claudia-ciotti-it","7":"product_cat-dipinti","8":"product_cat-religioso","10":"first","11":"instock","12":"featured","13":"purchasable","14":"product-type-simple"},"acf":[],"yoast_head":"<!-- This site is optimized with the Yoast SEO plugin v27.3 - https:\/\/yoast.com\/product\/yoast-seo-wordpress\/ -->\n<title>Angelo annunciante e Vergine annunciata - Claudia Ciotti - Artnuances<\/title>\n<meta name=\"description\" content=\"Announcing Angel and Virgin Annunciato \u00e8 un&#039;opera d&#039;arte appartenente alla collezione di Claudia Ciotti. L&#039;artista \u00e8 appassionato delle opere dei grandi Maestri.\" \/>\n<meta name=\"robots\" content=\"index, follow, max-snippet:-1, max-image-preview:large, max-video-preview:-1\" \/>\n<link rel=\"canonical\" href=\"https:\/\/artnuances.com\/it\/artworks\/angelo-annunciante-e-vergine-annunciata\/\" \/>\n<meta property=\"og:locale\" content=\"it_IT\" \/>\n<meta property=\"og:type\" content=\"article\" \/>\n<meta property=\"og:title\" content=\"Angelo annunciante e Vergine annunciata - Claudia Ciotti - Artnuances\" \/>\n<meta property=\"og:description\" content=\"Announcing Angel and Virgin Annunciato \u00e8 un&#039;opera d&#039;arte appartenente alla collezione di Claudia Ciotti. L&#039;artista \u00e8 appassionato delle opere dei grandi Maestri.\" \/>\n<meta property=\"og:url\" content=\"https:\/\/artnuances.com\/it\/artworks\/angelo-annunciante-e-vergine-annunciata\/\" \/>\n<meta property=\"og:site_name\" content=\"Artnuances - Art gallery online\" \/>\n<meta property=\"article:publisher\" content=\"https:\/\/www.facebook.com\/studioartnuances\/\" \/>\n<meta property=\"article:modified_time\" content=\"2023-04-03T09:15:13+00:00\" \/>\n<meta property=\"og:image\" content=\"https:\/\/artnuances.com\/wp-content\/uploads\/2019\/10\/angelo-annunciante-vergine-claudia-ciotti.jpg\" \/>\n\t<meta property=\"og:image:width\" content=\"2000\" \/>\n\t<meta property=\"og:image:height\" content=\"1398\" \/>\n\t<meta property=\"og:image:type\" content=\"image\/jpeg\" \/>\n<meta name=\"twitter:card\" content=\"summary_large_image\" \/>\n<meta name=\"twitter:label1\" content=\"Tempo di lettura stimato\" \/>\n\t<meta name=\"twitter:data1\" content=\"1 minuto\" \/>\n<script type=\"application\/ld+json\" class=\"yoast-schema-graph\">{\"@context\":\"https:\\\/\\\/schema.org\",\"@graph\":[{\"@type\":\"WebPage\",\"@id\":\"https:\\\/\\\/artnuances.com\\\/it\\\/artworks\\\/angelo-annunciante-e-vergine-annunciata\\\/\",\"url\":\"https:\\\/\\\/artnuances.com\\\/it\\\/artworks\\\/angelo-annunciante-e-vergine-annunciata\\\/\",\"name\":\"Angelo annunciante e Vergine annunciata - Claudia Ciotti - Artnuances\",\"isPartOf\":{\"@id\":\"https:\\\/\\\/artnuances.com\\\/it\\\/#website\"},\"primaryImageOfPage\":{\"@id\":\"https:\\\/\\\/artnuances.com\\\/it\\\/artworks\\\/angelo-annunciante-e-vergine-annunciata\\\/#primaryimage\"},\"image\":{\"@id\":\"https:\\\/\\\/artnuances.com\\\/it\\\/artworks\\\/angelo-annunciante-e-vergine-annunciata\\\/#primaryimage\"},\"thumbnailUrl\":\"https:\\\/\\\/artnuances.com\\\/wp-content\\\/uploads\\\/2019\\\/10\\\/angelo-annunciante-vergine-claudia-ciotti.jpg\",\"datePublished\":\"2019-10-22T12:40:15+00:00\",\"dateModified\":\"2023-04-03T09:15:13+00:00\",\"description\":\"Announcing Angel and Virgin Annunciato \u00e8 un'opera d'arte appartenente alla collezione di Claudia Ciotti. L'artista \u00e8 appassionato delle opere dei grandi Maestri.\",\"breadcrumb\":{\"@id\":\"https:\\\/\\\/artnuances.com\\\/it\\\/artworks\\\/angelo-annunciante-e-vergine-annunciata\\\/#breadcrumb\"},\"inLanguage\":\"it-IT\",\"potentialAction\":[{\"@type\":\"ReadAction\",\"target\":[\"https:\\\/\\\/artnuances.com\\\/it\\\/artworks\\\/angelo-annunciante-e-vergine-annunciata\\\/\"]}]},{\"@type\":\"ImageObject\",\"inLanguage\":\"it-IT\",\"@id\":\"https:\\\/\\\/artnuances.com\\\/it\\\/artworks\\\/angelo-annunciante-e-vergine-annunciata\\\/#primaryimage\",\"url\":\"https:\\\/\\\/artnuances.com\\\/wp-content\\\/uploads\\\/2019\\\/10\\\/angelo-annunciante-vergine-claudia-ciotti.jpg\",\"contentUrl\":\"https:\\\/\\\/artnuances.com\\\/wp-content\\\/uploads\\\/2019\\\/10\\\/angelo-annunciante-vergine-claudia-ciotti.jpg\",\"width\":2000,\"height\":1398,\"caption\":\"Angelo annunciante Vergine - Claudia Ciotti\"},{\"@type\":\"BreadcrumbList\",\"@id\":\"https:\\\/\\\/artnuances.com\\\/it\\\/artworks\\\/angelo-annunciante-e-vergine-annunciata\\\/#breadcrumb\",\"itemListElement\":[{\"@type\":\"ListItem\",\"position\":1,\"name\":\"Home\",\"item\":\"https:\\\/\\\/artnuances.com\\\/it\\\/\"},{\"@type\":\"ListItem\",\"position\":2,\"name\":\"Shop online\",\"item\":\"https:\\\/\\\/artnuances.com\\\/it\\\/shop-online-galleria-darte-artnuances\\\/\"},{\"@type\":\"ListItem\",\"position\":3,\"name\":\"Angelo annunciante e Vergine annunciata\"}]},{\"@type\":\"WebSite\",\"@id\":\"https:\\\/\\\/artnuances.com\\\/it\\\/#website\",\"url\":\"https:\\\/\\\/artnuances.com\\\/it\\\/\",\"name\":\"Artnuances - Art gallery online\",\"description\":\"Artnuances Gallery\",\"publisher\":{\"@id\":\"https:\\\/\\\/artnuances.com\\\/it\\\/#organization\"},\"potentialAction\":[{\"@type\":\"SearchAction\",\"target\":{\"@type\":\"EntryPoint\",\"urlTemplate\":\"https:\\\/\\\/artnuances.com\\\/it\\\/?s={search_term_string}\"},\"query-input\":{\"@type\":\"PropertyValueSpecification\",\"valueRequired\":true,\"valueName\":\"search_term_string\"}}],\"inLanguage\":\"it-IT\"},{\"@type\":\"Organization\",\"@id\":\"https:\\\/\\\/artnuances.com\\\/it\\\/#organization\",\"name\":\"Studio Artnuances LTD\",\"url\":\"https:\\\/\\\/artnuances.com\\\/it\\\/\",\"logo\":{\"@type\":\"ImageObject\",\"inLanguage\":\"it-IT\",\"@id\":\"https:\\\/\\\/artnuances.com\\\/it\\\/#\\\/schema\\\/logo\\\/image\\\/\",\"url\":\"https:\\\/\\\/artnuances.com\\\/wp-content\\\/uploads\\\/2019\\\/09\\\/artnuanse.png\",\"contentUrl\":\"https:\\\/\\\/artnuances.com\\\/wp-content\\\/uploads\\\/2019\\\/09\\\/artnuanse.png\",\"width\":622,\"height\":622,\"caption\":\"Studio Artnuances LTD\"},\"image\":{\"@id\":\"https:\\\/\\\/artnuances.com\\\/it\\\/#\\\/schema\\\/logo\\\/image\\\/\"},\"sameAs\":[\"https:\\\/\\\/www.facebook.com\\\/studioartnuances\\\/\",\"https:\\\/\\\/www.instagram.com\\\/studioartnuances\\\/\",\"https:\\\/\\\/www.youtube.com\\\/channel\\\/UCoU2Nb_B-2BOiDcO292sggg\"]}]}<\/script>\n<!-- \/ Yoast SEO plugin. -->","yoast_head_json":{"title":"Angelo annunciante e Vergine annunciata - Claudia Ciotti - Artnuances","description":"Announcing Angel and Virgin Annunciato \u00e8 un'opera d'arte appartenente alla collezione di Claudia Ciotti. L'artista \u00e8 appassionato delle opere dei grandi Maestri.","robots":{"index":"index","follow":"follow","max-snippet":"max-snippet:-1","max-image-preview":"max-image-preview:large","max-video-preview":"max-video-preview:-1"},"canonical":"https:\/\/artnuances.com\/it\/artworks\/angelo-annunciante-e-vergine-annunciata\/","og_locale":"it_IT","og_type":"article","og_title":"Angelo annunciante e Vergine annunciata - Claudia Ciotti - Artnuances","og_description":"Announcing Angel and Virgin Annunciato \u00e8 un'opera d'arte appartenente alla collezione di Claudia Ciotti. L'artista \u00e8 appassionato delle opere dei grandi Maestri.","og_url":"https:\/\/artnuances.com\/it\/artworks\/angelo-annunciante-e-vergine-annunciata\/","og_site_name":"Artnuances - Art gallery online","article_publisher":"https:\/\/www.facebook.com\/studioartnuances\/","article_modified_time":"2023-04-03T09:15:13+00:00","og_image":[{"width":2000,"height":1398,"url":"https:\/\/artnuances.com\/wp-content\/uploads\/2019\/10\/angelo-annunciante-vergine-claudia-ciotti.jpg","type":"image\/jpeg"}],"twitter_card":"summary_large_image","twitter_misc":{"Tempo di lettura stimato":"1 minuto"},"schema":{"@context":"https:\/\/schema.org","@graph":[{"@type":"WebPage","@id":"https:\/\/artnuances.com\/it\/artworks\/angelo-annunciante-e-vergine-annunciata\/","url":"https:\/\/artnuances.com\/it\/artworks\/angelo-annunciante-e-vergine-annunciata\/","name":"Angelo annunciante e Vergine annunciata - Claudia Ciotti - Artnuances","isPartOf":{"@id":"https:\/\/artnuances.com\/it\/#website"},"primaryImageOfPage":{"@id":"https:\/\/artnuances.com\/it\/artworks\/angelo-annunciante-e-vergine-annunciata\/#primaryimage"},"image":{"@id":"https:\/\/artnuances.com\/it\/artworks\/angelo-annunciante-e-vergine-annunciata\/#primaryimage"},"thumbnailUrl":"https:\/\/artnuances.com\/wp-content\/uploads\/2019\/10\/angelo-annunciante-vergine-claudia-ciotti.jpg","datePublished":"2019-10-22T12:40:15+00:00","dateModified":"2023-04-03T09:15:13+00:00","description":"Announcing Angel and Virgin Annunciato \u00e8 un'opera d'arte appartenente alla collezione di Claudia Ciotti. L'artista \u00e8 appassionato delle opere dei grandi Maestri.","breadcrumb":{"@id":"https:\/\/artnuances.com\/it\/artworks\/angelo-annunciante-e-vergine-annunciata\/#breadcrumb"},"inLanguage":"it-IT","potentialAction":[{"@type":"ReadAction","target":["https:\/\/artnuances.com\/it\/artworks\/angelo-annunciante-e-vergine-annunciata\/"]}]},{"@type":"ImageObject","inLanguage":"it-IT","@id":"https:\/\/artnuances.com\/it\/artworks\/angelo-annunciante-e-vergine-annunciata\/#primaryimage","url":"https:\/\/artnuances.com\/wp-content\/uploads\/2019\/10\/angelo-annunciante-vergine-claudia-ciotti.jpg","contentUrl":"https:\/\/artnuances.com\/wp-content\/uploads\/2019\/10\/angelo-annunciante-vergine-claudia-ciotti.jpg","width":2000,"height":1398,"caption":"Angelo annunciante Vergine - Claudia Ciotti"},{"@type":"BreadcrumbList","@id":"https:\/\/artnuances.com\/it\/artworks\/angelo-annunciante-e-vergine-annunciata\/#breadcrumb","itemListElement":[{"@type":"ListItem","position":1,"name":"Home","item":"https:\/\/artnuances.com\/it\/"},{"@type":"ListItem","position":2,"name":"Shop online","item":"https:\/\/artnuances.com\/it\/shop-online-galleria-darte-artnuances\/"},{"@type":"ListItem","position":3,"name":"Angelo annunciante e Vergine annunciata"}]},{"@type":"WebSite","@id":"https:\/\/artnuances.com\/it\/#website","url":"https:\/\/artnuances.com\/it\/","name":"Artnuances - Art gallery online","description":"Artnuances Gallery","publisher":{"@id":"https:\/\/artnuances.com\/it\/#organization"},"potentialAction":[{"@type":"SearchAction","target":{"@type":"EntryPoint","urlTemplate":"https:\/\/artnuances.com\/it\/?s={search_term_string}"},"query-input":{"@type":"PropertyValueSpecification","valueRequired":true,"valueName":"search_term_string"}}],"inLanguage":"it-IT"},{"@type":"Organization","@id":"https:\/\/artnuances.com\/it\/#organization","name":"Studio Artnuances LTD","url":"https:\/\/artnuances.com\/it\/","logo":{"@type":"ImageObject","inLanguage":"it-IT","@id":"https:\/\/artnuances.com\/it\/#\/schema\/logo\/image\/","url":"https:\/\/artnuances.com\/wp-content\/uploads\/2019\/09\/artnuanse.png","contentUrl":"https:\/\/artnuances.com\/wp-content\/uploads\/2019\/09\/artnuanse.png","width":622,"height":622,"caption":"Studio Artnuances LTD"},"image":{"@id":"https:\/\/artnuances.com\/it\/#\/schema\/logo\/image\/"},"sameAs":["https:\/\/www.facebook.com\/studioartnuances\/","https:\/\/www.instagram.com\/studioartnuances\/","https:\/\/www.youtube.com\/channel\/UCoU2Nb_B-2BOiDcO292sggg"]}]}},"_links":{"self":[{"href":"https:\/\/artnuances.com\/it\/wp-json\/wp\/v2\/product\/28922","targetHints":{"allow":["GET"]}}],"collection":[{"href":"https:\/\/artnuances.com\/it\/wp-json\/wp\/v2\/product"}],"about":[{"href":"https:\/\/artnuances.com\/it\/wp-json\/wp\/v2\/types\/product"}],"replies":[{"embeddable":true,"href":"https:\/\/artnuances.com\/it\/wp-json\/wp\/v2\/comments?post=28922"}],"wp:featuredmedia":[{"embeddable":true,"href":"https:\/\/artnuances.com\/it\/wp-json\/wp\/v2\/media\/24280"}],"wp:attachment":[{"href":"https:\/\/artnuances.com\/it\/wp-json\/wp\/v2\/media?parent=28922"}],"wp:term":[{"taxonomy":"product_brand","embeddable":true,"href":"https:\/\/artnuances.com\/it\/wp-json\/wp\/v2\/product_brand?post=28922"},{"taxonomy":"product_cat","embeddable":true,"href":"https:\/\/artnuances.com\/it\/wp-json\/wp\/v2\/product_cat?post=28922"},{"taxonomy":"product_tag","embeddable":true,"href":"https:\/\/artnuances.com\/it\/wp-json\/wp\/v2\/product_tag?post=28922"}],"curies":[{"name":"wp","href":"https:\/\/api.w.org\/{rel}","templated":true}]}}