{"id":28919,"date":"2019-10-22T12:45:42","date_gmt":"2019-10-22T12:45:42","guid":{"rendered":"https:\/\/www.artnuances-com-717041.hostingersite.com\/artworks\/senza-categoria\/larcangelo-san-michele\/"},"modified":"2023-05-29T14:20:45","modified_gmt":"2023-05-29T14:20:45","slug":"larcangelo-san-michele","status":"publish","type":"product","link":"https:\/\/artnuances.com\/it\/artworks\/larcangelo-san-michele\/","title":{"rendered":"L&#8217;Arcangelo San Michele"},"content":{"rendered":"<section class=\"l-section wpb_row height_large\"><div class=\"l-section-h i-cf\"><div class=\"g-cols vc_row via_flex valign_top type_default stacking_default\"><div class=\"vc_col-sm-12 wpb_column vc_column_container\"><div class=\"vc_column-inner\"><div class=\"wpb_wrapper\"><div class=\"wpb_text_column\"><div class=\"wpb_wrapper\"><h1><em><strong>San Michele Arcangelo,<\/strong><\/em><strong> \u00e8 un lavoro di <\/strong><strong><a href=\"\/?product_brand=claudia-ciotti-it-2\">Claudia Ciotti.<\/a><\/strong><\/h1>\n<h3>San Michele Arcangelo, appare in tutta la sua bellezza e plasticit\u00e0 della posa. \u00c8 nella classica versione trecentesca, quando schiaccia il diavolo.<br \/>\nLa tecnica \u00e8 la pittura su argilla refrattaria. L&#8217;uso sapiente degli smalti rende scintillante l&#8217;armatura. Inoltre il fondo oro zecchino lo valorizza ancora di pi\u00f9. Durante la realizzazione dell&#8217;Angelo, ci sono due comportamenti antitetici. Prima di tutto la leggerezza, con la quale tiene l&#8217;equilibrio, \u00e8 segno di valutazione delle anime degli uomini. Poi la forza con cui tiene schiacciato il diavolo per colpirlo con la lancia. Il suo viso nasconde tutte le emozioni, non mostra rabbia o desiderio di vendetta. Qui, l&#8217;artista trasferisce tutti questi aspetti all&#8217;osservatore. Mantiene la sua originalit\u00e0 esecutiva, senza copiare un&#8217;opera antica. Quindi il potere interpretativo \u00e8 alto e migliorato grazie alla sensibilit\u00e0 dell&#8217;artista. Vuole proporre opere che il pubblico contemporaneo pu\u00f2 trovare solo nei musei. Ma l\u00ec, a volte, sono quasi dimenticati.<\/h3>\n<h3>Tecnica<\/h3>\n<h3>Claudia Ciotti ha realizzato quest&#8217;opera su una ceramica smaltata dipinta interamente a mano. Il piano \u00e8 un piatto refrattario, con ossidi ceramici e finitura in oro opaco e lucido.L&#8217;opera \u00e8 in una cornice di legno intagliata, lavorata a mano con gesso e bolo armeno e ricoperta completamente a mano con foglia oro paillettes.<\/h3>\n<\/div><\/div><\/div><\/div><\/div><\/div><\/div><\/section>\n","protected":false},"excerpt":{"rendered":"San Michele Arcangelo, \u00e8 un lavoro di Claudia Ciotti. San Michele Arcangelo, appare in tutta la sua bellezza e plasticit\u00e0 della posa. \u00c8 nella classica versione trecentesca, quando schiaccia il diavolo. La tecnica \u00e8 la pittura su argilla refrattaria. L&#8217;uso sapiente degli smalti rende scintillante l&#8217;armatura. Inoltre il fondo oro zecchino lo valorizza ancora di...","protected":false},"featured_media":24292,"comment_status":"closed","ping_status":"closed","template":"","meta":{"_acf_changed":false},"product_brand":[137],"product_cat":[116,130],"product_tag":[],"class_list":{"0":"post-28919","1":"product","2":"type-product","3":"status-publish","4":"has-post-thumbnail","6":"product_brand-claudia-ciotti-it","7":"product_cat-dipinti","8":"product_cat-religioso","9":"product_shipping_class-spedizione-in-cassa-di-legno","11":"first","12":"instock","13":"featured","14":"purchasable","15":"product-type-simple"},"acf":[],"yoast_head":"<!-- This site is optimized with the Yoast SEO plugin v27.3 - https:\/\/yoast.com\/product\/yoast-seo-wordpress\/ -->\n<title>L&#039;Arcangelo San Michele - Claudia Ciotti - Artnuances Gallery<\/title>\n<meta name=\"description\" content=\"San Michele Arcangelo \u00e8 un&#039;opera d&#039;arte appartenente alla collezione di Claudia Ciotti. Viene presentato nella versione classica, in cui schiaccia il diavolo\" \/>\n<meta name=\"robots\" content=\"index, follow, max-snippet:-1, max-image-preview:large, max-video-preview:-1\" \/>\n<link rel=\"canonical\" href=\"https:\/\/artnuances.com\/it\/artworks\/larcangelo-san-michele\/\" \/>\n<meta property=\"og:locale\" content=\"it_IT\" \/>\n<meta property=\"og:type\" content=\"article\" \/>\n<meta property=\"og:title\" content=\"L&#039;Arcangelo San Michele - Claudia Ciotti - Artnuances Gallery\" \/>\n<meta property=\"og:description\" content=\"San Michele Arcangelo \u00e8 un&#039;opera d&#039;arte appartenente alla collezione di Claudia Ciotti. Viene presentato nella versione classica, in cui schiaccia il diavolo\" \/>\n<meta property=\"og:url\" content=\"https:\/\/artnuances.com\/it\/artworks\/larcangelo-san-michele\/\" \/>\n<meta property=\"og:site_name\" content=\"Artnuances - Art gallery online\" \/>\n<meta property=\"article:publisher\" content=\"https:\/\/www.facebook.com\/studioartnuances\/\" \/>\n<meta property=\"article:modified_time\" content=\"2023-05-29T14:20:45+00:00\" \/>\n<meta property=\"og:image\" content=\"https:\/\/artnuances.com\/wp-content\/uploads\/2019\/10\/san-michele-arcangelo-claudia-ciotti.jpg\" \/>\n\t<meta property=\"og:image:width\" content=\"723\" \/>\n\t<meta property=\"og:image:height\" content=\"2000\" \/>\n\t<meta property=\"og:image:type\" content=\"image\/jpeg\" \/>\n<meta name=\"twitter:card\" content=\"summary_large_image\" \/>\n<meta name=\"twitter:label1\" content=\"Tempo di lettura stimato\" \/>\n\t<meta name=\"twitter:data1\" content=\"1 minuto\" \/>\n<script type=\"application\/ld+json\" class=\"yoast-schema-graph\">{\"@context\":\"https:\\\/\\\/schema.org\",\"@graph\":[{\"@type\":\"WebPage\",\"@id\":\"https:\\\/\\\/artnuances.com\\\/it\\\/artworks\\\/larcangelo-san-michele\\\/\",\"url\":\"https:\\\/\\\/artnuances.com\\\/it\\\/artworks\\\/larcangelo-san-michele\\\/\",\"name\":\"L'Arcangelo San Michele - Claudia Ciotti - Artnuances Gallery\",\"isPartOf\":{\"@id\":\"https:\\\/\\\/artnuances.com\\\/it\\\/#website\"},\"primaryImageOfPage\":{\"@id\":\"https:\\\/\\\/artnuances.com\\\/it\\\/artworks\\\/larcangelo-san-michele\\\/#primaryimage\"},\"image\":{\"@id\":\"https:\\\/\\\/artnuances.com\\\/it\\\/artworks\\\/larcangelo-san-michele\\\/#primaryimage\"},\"thumbnailUrl\":\"https:\\\/\\\/artnuances.com\\\/wp-content\\\/uploads\\\/2019\\\/10\\\/san-michele-arcangelo-claudia-ciotti.jpg\",\"datePublished\":\"2019-10-22T12:45:42+00:00\",\"dateModified\":\"2023-05-29T14:20:45+00:00\",\"description\":\"San Michele Arcangelo \u00e8 un'opera d'arte appartenente alla collezione di Claudia Ciotti. Viene presentato nella versione classica, in cui schiaccia il diavolo\",\"breadcrumb\":{\"@id\":\"https:\\\/\\\/artnuances.com\\\/it\\\/artworks\\\/larcangelo-san-michele\\\/#breadcrumb\"},\"inLanguage\":\"it-IT\",\"potentialAction\":[{\"@type\":\"ReadAction\",\"target\":[\"https:\\\/\\\/artnuances.com\\\/it\\\/artworks\\\/larcangelo-san-michele\\\/\"]}]},{\"@type\":\"ImageObject\",\"inLanguage\":\"it-IT\",\"@id\":\"https:\\\/\\\/artnuances.com\\\/it\\\/artworks\\\/larcangelo-san-michele\\\/#primaryimage\",\"url\":\"https:\\\/\\\/artnuances.com\\\/wp-content\\\/uploads\\\/2019\\\/10\\\/san-michele-arcangelo-claudia-ciotti.jpg\",\"contentUrl\":\"https:\\\/\\\/artnuances.com\\\/wp-content\\\/uploads\\\/2019\\\/10\\\/san-michele-arcangelo-claudia-ciotti.jpg\",\"width\":723,\"height\":2000,\"caption\":\"San Michele Arcangelo - Claudia Ciotti\"},{\"@type\":\"BreadcrumbList\",\"@id\":\"https:\\\/\\\/artnuances.com\\\/it\\\/artworks\\\/larcangelo-san-michele\\\/#breadcrumb\",\"itemListElement\":[{\"@type\":\"ListItem\",\"position\":1,\"name\":\"Home\",\"item\":\"https:\\\/\\\/artnuances.com\\\/it\\\/\"},{\"@type\":\"ListItem\",\"position\":2,\"name\":\"Shop online\",\"item\":\"https:\\\/\\\/artnuances.com\\\/it\\\/shop-online-galleria-darte-artnuances\\\/\"},{\"@type\":\"ListItem\",\"position\":3,\"name\":\"L&#8217;Arcangelo San Michele\"}]},{\"@type\":\"WebSite\",\"@id\":\"https:\\\/\\\/artnuances.com\\\/it\\\/#website\",\"url\":\"https:\\\/\\\/artnuances.com\\\/it\\\/\",\"name\":\"Artnuances - Art gallery online\",\"description\":\"Artnuances Gallery\",\"publisher\":{\"@id\":\"https:\\\/\\\/artnuances.com\\\/it\\\/#organization\"},\"potentialAction\":[{\"@type\":\"SearchAction\",\"target\":{\"@type\":\"EntryPoint\",\"urlTemplate\":\"https:\\\/\\\/artnuances.com\\\/it\\\/?s={search_term_string}\"},\"query-input\":{\"@type\":\"PropertyValueSpecification\",\"valueRequired\":true,\"valueName\":\"search_term_string\"}}],\"inLanguage\":\"it-IT\"},{\"@type\":\"Organization\",\"@id\":\"https:\\\/\\\/artnuances.com\\\/it\\\/#organization\",\"name\":\"Studio Artnuances LTD\",\"url\":\"https:\\\/\\\/artnuances.com\\\/it\\\/\",\"logo\":{\"@type\":\"ImageObject\",\"inLanguage\":\"it-IT\",\"@id\":\"https:\\\/\\\/artnuances.com\\\/it\\\/#\\\/schema\\\/logo\\\/image\\\/\",\"url\":\"https:\\\/\\\/artnuances.com\\\/wp-content\\\/uploads\\\/2019\\\/09\\\/artnuanse.png\",\"contentUrl\":\"https:\\\/\\\/artnuances.com\\\/wp-content\\\/uploads\\\/2019\\\/09\\\/artnuanse.png\",\"width\":622,\"height\":622,\"caption\":\"Studio Artnuances LTD\"},\"image\":{\"@id\":\"https:\\\/\\\/artnuances.com\\\/it\\\/#\\\/schema\\\/logo\\\/image\\\/\"},\"sameAs\":[\"https:\\\/\\\/www.facebook.com\\\/studioartnuances\\\/\",\"https:\\\/\\\/www.instagram.com\\\/studioartnuances\\\/\",\"https:\\\/\\\/www.youtube.com\\\/channel\\\/UCoU2Nb_B-2BOiDcO292sggg\"]}]}<\/script>\n<!-- \/ Yoast SEO plugin. -->","yoast_head_json":{"title":"L'Arcangelo San Michele - Claudia Ciotti - Artnuances Gallery","description":"San Michele Arcangelo \u00e8 un'opera d'arte appartenente alla collezione di Claudia Ciotti. Viene presentato nella versione classica, in cui schiaccia il diavolo","robots":{"index":"index","follow":"follow","max-snippet":"max-snippet:-1","max-image-preview":"max-image-preview:large","max-video-preview":"max-video-preview:-1"},"canonical":"https:\/\/artnuances.com\/it\/artworks\/larcangelo-san-michele\/","og_locale":"it_IT","og_type":"article","og_title":"L'Arcangelo San Michele - Claudia Ciotti - Artnuances Gallery","og_description":"San Michele Arcangelo \u00e8 un'opera d'arte appartenente alla collezione di Claudia Ciotti. Viene presentato nella versione classica, in cui schiaccia il diavolo","og_url":"https:\/\/artnuances.com\/it\/artworks\/larcangelo-san-michele\/","og_site_name":"Artnuances - Art gallery online","article_publisher":"https:\/\/www.facebook.com\/studioartnuances\/","article_modified_time":"2023-05-29T14:20:45+00:00","og_image":[{"width":723,"height":2000,"url":"https:\/\/artnuances.com\/wp-content\/uploads\/2019\/10\/san-michele-arcangelo-claudia-ciotti.jpg","type":"image\/jpeg"}],"twitter_card":"summary_large_image","twitter_misc":{"Tempo di lettura stimato":"1 minuto"},"schema":{"@context":"https:\/\/schema.org","@graph":[{"@type":"WebPage","@id":"https:\/\/artnuances.com\/it\/artworks\/larcangelo-san-michele\/","url":"https:\/\/artnuances.com\/it\/artworks\/larcangelo-san-michele\/","name":"L'Arcangelo San Michele - Claudia Ciotti - Artnuances Gallery","isPartOf":{"@id":"https:\/\/artnuances.com\/it\/#website"},"primaryImageOfPage":{"@id":"https:\/\/artnuances.com\/it\/artworks\/larcangelo-san-michele\/#primaryimage"},"image":{"@id":"https:\/\/artnuances.com\/it\/artworks\/larcangelo-san-michele\/#primaryimage"},"thumbnailUrl":"https:\/\/artnuances.com\/wp-content\/uploads\/2019\/10\/san-michele-arcangelo-claudia-ciotti.jpg","datePublished":"2019-10-22T12:45:42+00:00","dateModified":"2023-05-29T14:20:45+00:00","description":"San Michele Arcangelo \u00e8 un'opera d'arte appartenente alla collezione di Claudia Ciotti. Viene presentato nella versione classica, in cui schiaccia il diavolo","breadcrumb":{"@id":"https:\/\/artnuances.com\/it\/artworks\/larcangelo-san-michele\/#breadcrumb"},"inLanguage":"it-IT","potentialAction":[{"@type":"ReadAction","target":["https:\/\/artnuances.com\/it\/artworks\/larcangelo-san-michele\/"]}]},{"@type":"ImageObject","inLanguage":"it-IT","@id":"https:\/\/artnuances.com\/it\/artworks\/larcangelo-san-michele\/#primaryimage","url":"https:\/\/artnuances.com\/wp-content\/uploads\/2019\/10\/san-michele-arcangelo-claudia-ciotti.jpg","contentUrl":"https:\/\/artnuances.com\/wp-content\/uploads\/2019\/10\/san-michele-arcangelo-claudia-ciotti.jpg","width":723,"height":2000,"caption":"San Michele Arcangelo - Claudia Ciotti"},{"@type":"BreadcrumbList","@id":"https:\/\/artnuances.com\/it\/artworks\/larcangelo-san-michele\/#breadcrumb","itemListElement":[{"@type":"ListItem","position":1,"name":"Home","item":"https:\/\/artnuances.com\/it\/"},{"@type":"ListItem","position":2,"name":"Shop online","item":"https:\/\/artnuances.com\/it\/shop-online-galleria-darte-artnuances\/"},{"@type":"ListItem","position":3,"name":"L&#8217;Arcangelo San Michele"}]},{"@type":"WebSite","@id":"https:\/\/artnuances.com\/it\/#website","url":"https:\/\/artnuances.com\/it\/","name":"Artnuances - Art gallery online","description":"Artnuances Gallery","publisher":{"@id":"https:\/\/artnuances.com\/it\/#organization"},"potentialAction":[{"@type":"SearchAction","target":{"@type":"EntryPoint","urlTemplate":"https:\/\/artnuances.com\/it\/?s={search_term_string}"},"query-input":{"@type":"PropertyValueSpecification","valueRequired":true,"valueName":"search_term_string"}}],"inLanguage":"it-IT"},{"@type":"Organization","@id":"https:\/\/artnuances.com\/it\/#organization","name":"Studio Artnuances LTD","url":"https:\/\/artnuances.com\/it\/","logo":{"@type":"ImageObject","inLanguage":"it-IT","@id":"https:\/\/artnuances.com\/it\/#\/schema\/logo\/image\/","url":"https:\/\/artnuances.com\/wp-content\/uploads\/2019\/09\/artnuanse.png","contentUrl":"https:\/\/artnuances.com\/wp-content\/uploads\/2019\/09\/artnuanse.png","width":622,"height":622,"caption":"Studio Artnuances LTD"},"image":{"@id":"https:\/\/artnuances.com\/it\/#\/schema\/logo\/image\/"},"sameAs":["https:\/\/www.facebook.com\/studioartnuances\/","https:\/\/www.instagram.com\/studioartnuances\/","https:\/\/www.youtube.com\/channel\/UCoU2Nb_B-2BOiDcO292sggg"]}]}},"_links":{"self":[{"href":"https:\/\/artnuances.com\/it\/wp-json\/wp\/v2\/product\/28919","targetHints":{"allow":["GET"]}}],"collection":[{"href":"https:\/\/artnuances.com\/it\/wp-json\/wp\/v2\/product"}],"about":[{"href":"https:\/\/artnuances.com\/it\/wp-json\/wp\/v2\/types\/product"}],"replies":[{"embeddable":true,"href":"https:\/\/artnuances.com\/it\/wp-json\/wp\/v2\/comments?post=28919"}],"wp:featuredmedia":[{"embeddable":true,"href":"https:\/\/artnuances.com\/it\/wp-json\/wp\/v2\/media\/24292"}],"wp:attachment":[{"href":"https:\/\/artnuances.com\/it\/wp-json\/wp\/v2\/media?parent=28919"}],"wp:term":[{"taxonomy":"product_brand","embeddable":true,"href":"https:\/\/artnuances.com\/it\/wp-json\/wp\/v2\/product_brand?post=28919"},{"taxonomy":"product_cat","embeddable":true,"href":"https:\/\/artnuances.com\/it\/wp-json\/wp\/v2\/product_cat?post=28919"},{"taxonomy":"product_tag","embeddable":true,"href":"https:\/\/artnuances.com\/it\/wp-json\/wp\/v2\/product_tag?post=28919"}],"curies":[{"name":"wp","href":"https:\/\/api.w.org\/{rel}","templated":true}]}}